{"id":18860,"date":"2025-06-14T11:53:49","date_gmt":"2025-06-14T08:53:49","guid":{"rendered":"https:\/\/skaitytaknyga.lt\/?post_type=product&#038;p=18860"},"modified":"2025-06-26T14:45:30","modified_gmt":"2025-06-26T11:45:30","slug":"piteris-penas-ir-vende","status":"publish","type":"product","link":"https:\/\/skaitytaknyga.lt\/en\/produktas\/piteris-penas-ir-vende\/","title":{"rendered":"Piteris Penas ir Vend\u0117"},"content":{"rendered":"<p>\u0160ioje knygoje, ai\u0161ku, pasakojama apie mane \u2013 pat\u012f \u0161auniausi\u0105 berniuk\u0173 vad\u0105. Juk tai a\u0161 atved\u017eiau juos visus \u012f Niekados \u0161al\u012f (j\u016bs irgi esat \u010dia lank\u0119si). Ir netgi suradau jiems mam\u0105! Juk tai a\u0161 kasdien prigalvoju pavojing\u0173 nuotyki\u0173. \u0160i sala, beje, kaip tik nuotykiams: joje \u0161laistosi ind\u0117nai, piratai ir laukiniai \u017ev\u0117rys, esama f\u0117j\u0173 ir netgi undini\u0173. Visus suvaldyti reikia ypatingo vikrumo. Bet tam \u010dia ir esu a\u0161!<\/p>\n<p>Didysis Piteris Penas<\/p>\n<p>Mielas skaitytojau, b\u016bk atsargus. Piterio Peno \u0161ypsenai atsispirti sunku, o ir i\u0161 Niekados \u0161alies nor\u0117t\u0173si niekados nesugr\u012f\u017eti, bet nepamir\u0161k ir kit\u0173 heroj\u0173. Pavyzd\u017eiui, mergait\u0117s Vend\u0117s, kuri tapo r\u016bpestinga mama septyniems berniukams. Ir f\u0117jos Din Dilin, kuri pavyd\u0117jo Vendei Piterio d\u0117mesio. Ir baisiojo kapitono Huko, kurio nemyl\u0117jo vaikai. O labiausiai \u2013 mamos ir t\u0117\u010dio bei ni\u016bfaundlend\u0117s Nanos, kurie atv\u0117r\u0119 lang\u0105 laukia, kada tu \u0161i\u0105 knyg\u0105 perskaitysi iki galo.<\/p>\n","protected":false},"excerpt":{"rendered":"<p>\u0160ioje knygoje, ai\u0161ku, pasakojama apie mane \u2013 pat\u012f \u0161auniausi\u0105 berniuk\u0173 vad\u0105. Juk tai a\u0161 atved\u017eiau juos visus \u012f Niekados \u0161al\u012f (j\u016bs irgi esat \u010dia lank\u0119si). Ir netgi suradau jiems mam\u0105! Juk tai a\u0161 kasdien prigalvoju pavojing\u0173 nuotyki\u0173. \u0160i sala, beje, kaip tik nuotykiams: joje \u0161laistosi ind\u0117nai, piratai ir laukiniai \u017ev\u0117rys, esama f\u0117j\u0173 ir netgi undini\u0173. Visus suvaldyti reikia ypatingo vikrumo. Bet tam \u010dia ir esu a\u0161! Didysis Piteris Penas Mielas skaitytojau, b\u016bk atsargus. Piterio Peno \u0161ypsenai atsispirti sunku, o ir i\u0161 Niekados \u0161alies nor\u0117t\u0173si niekados nesugr\u012f\u017eti, bet nepamir\u0161k ir kit\u0173 heroj\u0173. Pavyzd\u017eiui, mergait\u0117s Vend\u0117s, kuri tapo r\u016bpestinga mama septyniems berniukams. Ir f\u0117jos Din Dilin, kuri pavyd\u0117jo Vendei Piterio d\u0117mesio. Ir baisiojo kapitono Huko, kurio nemyl\u0117jo vaikai. O labiausiai \u2013 mamos ir t\u0117\u010dio bei ni\u016bfaundlend\u0117s Nanos, kurie atv\u0117r\u0119 lang\u0105 laukia, kada tu \u0161i\u0105 knyg\u0105 perskaitysi iki galo.<\/p>\n","protected":false},"featured_media":18867,"comment_status":"open","ping_status":"closed","template":"","meta":{"_acf_changed":false,"site-sidebar-layout":"default","site-content-layout":"","ast-site-content-layout":"default","site-content-style":"default","site-sidebar-style":"default","ast-global-header-display":"","ast-banner-title-visibility":"","ast-main-header-display":"","ast-hfb-above-header-display":"","ast-hfb-below-header-display":"","ast-hfb-mobile-header-display":"","site-post-title":"","ast-breadcrumbs-content":"","ast-featured-img":"","footer-sml-layout":"","ast-disable-related-posts":"","theme-transparent-header-meta":"","adv-header-id-meta":"","stick-header-meta":"","header-above-stick-meta":"","header-main-stick-meta":"","header-below-stick-meta":"","astra-migrate-meta-layouts":"default","ast-page-background-enabled":"default","ast-page-background-meta":{"desktop":{"background-color":"","background-image":"","background-repeat":"repeat","background-position":"center center","background-size":"auto","background-attachment":"scroll","background-type":"","background-media":"","overlay-type":"","overlay-color":"","overlay-opacity":"","overlay-gradient":""},"tablet":{"background-color":"","background-image":"","background-repeat":"repeat","background-position":"center center","background-size":"auto","background-attachment":"scroll","background-type":"","background-media":"","overlay-type":"","overlay-color":"","overlay-opacity":"","overlay-gradient":""},"mobile":{"background-color":"","background-image":"","background-repeat":"repeat","background-position":"center center","background-size":"auto","background-attachment":"scroll","background-type":"","background-media":"","overlay-type":"","overlay-color":"","overlay-opacity":"","overlay-gradient":""}},"ast-content-background-meta":{"desktop":{"background-color":"var(--ast-global-color-4)","background-image":"","background-repeat":"repeat","background-position":"center center","background-size":"auto","background-attachment":"scroll","background-type":"","background-media":"","overlay-type":"","overlay-color":"","overlay-opacity":"","overlay-gradient":""},"tablet":{"background-color":"var(--ast-global-color-4)","background-image":"","background-repeat":"repeat","background-position":"center center","background-size":"auto","background-attachment":"scroll","background-type":"","background-media":"","overlay-type":"","overlay-color":"","overlay-opacity":"","overlay-gradient":""},"mobile":{"background-color":"var(--ast-global-color-4)","background-image":"","background-repeat":"repeat","background-position":"center center","background-size":"auto","background-attachment":"scroll","background-type":"","background-media":"","overlay-type":"","overlay-color":"","overlay-opacity":"","overlay-gradient":""}}},"product_brand":[],"product_cat":[15],"product_tag":[1504,4995,5341,1451,3984,4996,1785],"class_list":{"0":"post-18860","1":"product","2":"type-product","3":"status-publish","4":"has-post-thumbnail","6":"product_cat-uncategorized","7":"product_tag-fantastika","8":"product_tag-fejos","9":"product_tag-j-m-barrie","10":"product_tag-nuotykiai","11":"product_tag-piratai","12":"product_tag-piteris-penas","13":"product_tag-vaikams","14":"desktop-align-left","15":"tablet-align-left","16":"mobile-align-left","18":"first","19":"instock","20":"shipping-taxable","21":"purchasable","22":"product-type-simple"},"acf":[],"yoast_head":"<!-- This site is optimized with the Yoast SEO plugin v27.0 - https:\/\/yoast.com\/product\/yoast-seo-wordpress\/ -->\n<title>Piteris Penas ir Vend\u0117<\/title>\n<meta name=\"description\" content=\"\u0160ioje knygoje, ai\u0161ku, pasakojama apie mane \u2013 pat\u012f \u0161auniausi\u0105 berniuk\u0173 vad\u0105. Juk tai a\u0161 atved\u017eiau juos visus \u012f Niekados \u0161al\u012f (j\u016bs irgi esat \u010dia lank\u0119si).\" \/>\n<meta name=\"robots\" content=\"index, follow, max-snippet:-1, max-image-preview:large, max-video-preview:-1\" \/>\n<link rel=\"canonical\" href=\"https:\/\/skaitytaknyga.lt\/en\/produktas\/piteris-penas-ir-vende\/\" \/>\n<meta property=\"og:locale\" content=\"en_GB\" \/>\n<meta property=\"og:locale:alternate\" content=\"lt_LT\" \/>\n<meta property=\"og:type\" content=\"article\" \/>\n<meta property=\"og:title\" content=\"Piteris Penas ir Vend\u0117\" \/>\n<meta property=\"og:description\" content=\"\u0160ioje knygoje, ai\u0161ku, pasakojama apie mane \u2013 pat\u012f \u0161auniausi\u0105 berniuk\u0173 vad\u0105. Juk tai a\u0161 atved\u017eiau juos visus \u012f Niekados \u0161al\u012f (j\u016bs irgi esat \u010dia lank\u0119si).\" \/>\n<meta property=\"og:url\" content=\"https:\/\/skaitytaknyga.lt\/en\/produktas\/piteris-penas-ir-vende\/\" \/>\n<meta property=\"og:site_name\" content=\"Skaitytaknyga\" \/>\n<meta property=\"article:publisher\" content=\"https:\/\/www.facebook.com\/skaitytaknyga\/\" \/>\n<meta property=\"article:modified_time\" content=\"2025-06-26T11:45:30+00:00\" \/>\n<meta property=\"og:image\" content=\"https:\/\/skaitytaknyga.lt\/wp-content\/uploads\/2025\/06\/Piteris-Penas-ir-Vende.webp\" \/>\n\t<meta property=\"og:image:width\" content=\"333\" \/>\n\t<meta property=\"og:image:height\" content=\"400\" \/>\n\t<meta property=\"og:image:type\" content=\"image\/webp\" \/>\n<meta name=\"twitter:card\" content=\"summary_large_image\" \/>\n<meta name=\"twitter:label1\" content=\"Estimated reading time\" \/>\n\t<meta name=\"twitter:data1\" content=\"1 minute\" \/>\n<script type=\"application\/ld+json\" class=\"yoast-schema-graph\">{\"@context\":\"https:\/\/schema.org\",\"@graph\":[{\"@type\":\"WebPage\",\"@id\":\"https:\/\/skaitytaknyga.lt\/produktas\/piteris-penas-ir-vende\/\",\"url\":\"https:\/\/skaitytaknyga.lt\/produktas\/piteris-penas-ir-vende\/\",\"name\":\"Piteris Penas ir Vend\u0117\",\"isPartOf\":{\"@id\":\"https:\/\/skaitytaknyga.lt\/#website\"},\"primaryImageOfPage\":{\"@id\":\"https:\/\/skaitytaknyga.lt\/produktas\/piteris-penas-ir-vende\/#primaryimage\"},\"image\":{\"@id\":\"https:\/\/skaitytaknyga.lt\/produktas\/piteris-penas-ir-vende\/#primaryimage\"},\"thumbnailUrl\":\"https:\/\/skaitytaknyga.lt\/wp-content\/uploads\/2025\/06\/Piteris-Penas-ir-Vende.webp\",\"datePublished\":\"2025-06-14T08:53:49+00:00\",\"dateModified\":\"2025-06-26T11:45:30+00:00\",\"description\":\"\u0160ioje knygoje, ai\u0161ku, pasakojama apie mane \u2013 pat\u012f \u0161auniausi\u0105 berniuk\u0173 vad\u0105. Juk tai a\u0161 atved\u017eiau juos visus \u012f Niekados \u0161al\u012f (j\u016bs irgi esat \u010dia lank\u0119si).\",\"breadcrumb\":{\"@id\":\"https:\/\/skaitytaknyga.lt\/produktas\/piteris-penas-ir-vende\/#breadcrumb\"},\"inLanguage\":\"en-GB\",\"potentialAction\":[{\"@type\":\"ReadAction\",\"target\":[\"https:\/\/skaitytaknyga.lt\/produktas\/piteris-penas-ir-vende\/\"]}]},{\"@type\":\"ImageObject\",\"inLanguage\":\"en-GB\",\"@id\":\"https:\/\/skaitytaknyga.lt\/produktas\/piteris-penas-ir-vende\/#primaryimage\",\"url\":\"https:\/\/skaitytaknyga.lt\/wp-content\/uploads\/2025\/06\/Piteris-Penas-ir-Vende.webp\",\"contentUrl\":\"https:\/\/skaitytaknyga.lt\/wp-content\/uploads\/2025\/06\/Piteris-Penas-ir-Vende.webp\",\"width\":333,\"height\":400},{\"@type\":\"BreadcrumbList\",\"@id\":\"https:\/\/skaitytaknyga.lt\/produktas\/piteris-penas-ir-vende\/#breadcrumb\",\"itemListElement\":[{\"@type\":\"ListItem\",\"position\":1,\"name\":\"Home\",\"item\":\"https:\/\/skaitytaknyga.lt\/\"},{\"@type\":\"ListItem\",\"position\":2,\"name\":\"Parduotuv\u0117\",\"item\":\"https:\/\/skaitytaknyga.lt\/knygu-parduotuve\/\"},{\"@type\":\"ListItem\",\"position\":3,\"name\":\"Piteris Penas ir Vend\u0117\"}]},{\"@type\":\"WebSite\",\"@id\":\"https:\/\/skaitytaknyga.lt\/#website\",\"url\":\"https:\/\/skaitytaknyga.lt\/\",\"name\":\"skaitytaknyga.lt\",\"description\":\"Skaitytaknyga.lt \u2013 tai ma\u017eas \u0161eimos verslas, kuris prasid\u0117jo nuo meil\u0117s knygoms ir siekio i\u0161gelb\u0117ti knygas nuo likimo prie konteinerio. Kas vienam nereikalingas daiktas \u2013 kitam lobis, o mes esame tarpininkai, kurie padeda abiems tapti laimingesniems ???? \u017dinome kaip nelengva i\u0161gyventi ma\u017eiems verslams, tad nuo \u0161iol, \u010dia rasite ir kit\u0173, ma\u017e\u0173 \u0161eim\u0173 versl\u0173, rank\u0173 darbo, dovan\u0173 sau ir artimiesiems.\",\"publisher\":{\"@id\":\"https:\/\/skaitytaknyga.lt\/#organization\"},\"potentialAction\":[{\"@type\":\"SearchAction\",\"target\":{\"@type\":\"EntryPoint\",\"urlTemplate\":\"https:\/\/skaitytaknyga.lt\/?s={search_term_string}\"},\"query-input\":{\"@type\":\"PropertyValueSpecification\",\"valueRequired\":true,\"valueName\":\"search_term_string\"}}],\"inLanguage\":\"en-GB\"},{\"@type\":\"Organization\",\"@id\":\"https:\/\/skaitytaknyga.lt\/#organization\",\"name\":\"skaitytaknyga.lt\",\"url\":\"https:\/\/skaitytaknyga.lt\/\",\"logo\":{\"@type\":\"ImageObject\",\"inLanguage\":\"en-GB\",\"@id\":\"https:\/\/skaitytaknyga.lt\/#\/schema\/logo\/image\/\",\"url\":\"https:\/\/skaitytaknyga.lt\/wp-content\/uploads\/2024\/05\/cropped-cropped-cropped-02_00843_jt3bggkj1j3HLc7SyY6rEUpg.jpeg\",\"contentUrl\":\"https:\/\/skaitytaknyga.lt\/wp-content\/uploads\/2024\/05\/cropped-cropped-cropped-02_00843_jt3bggkj1j3HLc7SyY6rEUpg.jpeg\",\"width\":1600,\"height\":1600,\"caption\":\"skaitytaknyga.lt\"},\"image\":{\"@id\":\"https:\/\/skaitytaknyga.lt\/#\/schema\/logo\/image\/\"},\"sameAs\":[\"https:\/\/www.facebook.com\/skaitytaknyga\/\"]}]}<\/script>\n<!-- \/ Yoast SEO plugin. -->","yoast_head_json":{"title":"Piteris Penas ir Vend\u0117","description":"\u0160ioje knygoje, ai\u0161ku, pasakojama apie mane \u2013 pat\u012f \u0161auniausi\u0105 berniuk\u0173 vad\u0105. Juk tai a\u0161 atved\u017eiau juos visus \u012f Niekados \u0161al\u012f (j\u016bs irgi esat \u010dia lank\u0119si).","robots":{"index":"index","follow":"follow","max-snippet":"max-snippet:-1","max-image-preview":"max-image-preview:large","max-video-preview":"max-video-preview:-1"},"canonical":"https:\/\/skaitytaknyga.lt\/en\/produktas\/piteris-penas-ir-vende\/","og_locale":"en_GB","og_type":"article","og_title":"[:lt]Piteris Penas ir Vend\u0117[:] - Skaitytaknyga","og_description":"\u0160ioje knygoje, ai\u0161ku, pasakojama apie mane \u2013 pat\u012f \u0161auniausi\u0105 berniuk\u0173 vad\u0105. Juk tai a\u0161 atved\u017eiau juos visus \u012f Niekados \u0161al\u012f (j\u016bs irgi esat \u010dia lank\u0119si).","og_url":"https:\/\/skaitytaknyga.lt\/en\/produktas\/piteris-penas-ir-vende\/","og_site_name":"Skaitytaknyga","article_publisher":"https:\/\/www.facebook.com\/skaitytaknyga\/","article_modified_time":"2025-06-26T11:45:30+00:00","og_image":[{"width":333,"height":400,"url":"https:\/\/skaitytaknyga.lt\/wp-content\/uploads\/2025\/06\/Piteris-Penas-ir-Vende.webp","type":"image\/webp"}],"twitter_card":"summary_large_image","twitter_misc":{"Estimated reading time":"1 minute"},"schema":{"@context":"https:\/\/schema.org","@graph":[{"@type":"WebPage","@id":"https:\/\/skaitytaknyga.lt\/produktas\/piteris-penas-ir-vende\/","url":"https:\/\/skaitytaknyga.lt\/produktas\/piteris-penas-ir-vende\/","name":"Piteris Penas ir Vend\u0117","isPartOf":{"@id":"https:\/\/skaitytaknyga.lt\/#website"},"primaryImageOfPage":{"@id":"https:\/\/skaitytaknyga.lt\/produktas\/piteris-penas-ir-vende\/#primaryimage"},"image":{"@id":"https:\/\/skaitytaknyga.lt\/produktas\/piteris-penas-ir-vende\/#primaryimage"},"thumbnailUrl":"https:\/\/skaitytaknyga.lt\/wp-content\/uploads\/2025\/06\/Piteris-Penas-ir-Vende.webp","datePublished":"2025-06-14T08:53:49+00:00","dateModified":"2025-06-26T11:45:30+00:00","description":"\u0160ioje knygoje, ai\u0161ku, pasakojama apie mane \u2013 pat\u012f \u0161auniausi\u0105 berniuk\u0173 vad\u0105. Juk tai a\u0161 atved\u017eiau juos visus \u012f Niekados \u0161al\u012f (j\u016bs irgi esat \u010dia lank\u0119si).","breadcrumb":{"@id":"https:\/\/skaitytaknyga.lt\/produktas\/piteris-penas-ir-vende\/#breadcrumb"},"inLanguage":"en-GB","potentialAction":[{"@type":"ReadAction","target":["https:\/\/skaitytaknyga.lt\/produktas\/piteris-penas-ir-vende\/"]}]},{"@type":"ImageObject","inLanguage":"en-GB","@id":"https:\/\/skaitytaknyga.lt\/produktas\/piteris-penas-ir-vende\/#primaryimage","url":"https:\/\/skaitytaknyga.lt\/wp-content\/uploads\/2025\/06\/Piteris-Penas-ir-Vende.webp","contentUrl":"https:\/\/skaitytaknyga.lt\/wp-content\/uploads\/2025\/06\/Piteris-Penas-ir-Vende.webp","width":333,"height":400},{"@type":"BreadcrumbList","@id":"https:\/\/skaitytaknyga.lt\/produktas\/piteris-penas-ir-vende\/#breadcrumb","itemListElement":[{"@type":"ListItem","position":1,"name":"Home","item":"https:\/\/skaitytaknyga.lt\/"},{"@type":"ListItem","position":2,"name":"Parduotuv\u0117","item":"https:\/\/skaitytaknyga.lt\/knygu-parduotuve\/"},{"@type":"ListItem","position":3,"name":"Piteris Penas ir Vend\u0117"}]},{"@type":"WebSite","@id":"https:\/\/skaitytaknyga.lt\/#website","url":"https:\/\/skaitytaknyga.lt\/","name":"skaitytaknyga.lt","description":"Skaitytaknyga.lt \u2013 tai ma\u017eas \u0161eimos verslas, kuris prasid\u0117jo nuo meil\u0117s knygoms ir siekio i\u0161gelb\u0117ti knygas nuo likimo prie konteinerio. Kas vienam nereikalingas daiktas \u2013 kitam lobis, o mes esame tarpininkai, kurie padeda abiems tapti laimingesniems ???? \u017dinome kaip nelengva i\u0161gyventi ma\u017eiems verslams, tad nuo \u0161iol, \u010dia rasite ir kit\u0173, ma\u017e\u0173 \u0161eim\u0173 versl\u0173, rank\u0173 darbo, dovan\u0173 sau ir artimiesiems.","publisher":{"@id":"https:\/\/skaitytaknyga.lt\/#organization"},"potentialAction":[{"@type":"SearchAction","target":{"@type":"EntryPoint","urlTemplate":"https:\/\/skaitytaknyga.lt\/?s={search_term_string}"},"query-input":{"@type":"PropertyValueSpecification","valueRequired":true,"valueName":"search_term_string"}}],"inLanguage":"en-GB"},{"@type":"Organization","@id":"https:\/\/skaitytaknyga.lt\/#organization","name":"skaitytaknyga.lt","url":"https:\/\/skaitytaknyga.lt\/","logo":{"@type":"ImageObject","inLanguage":"en-GB","@id":"https:\/\/skaitytaknyga.lt\/#\/schema\/logo\/image\/","url":"https:\/\/skaitytaknyga.lt\/wp-content\/uploads\/2024\/05\/cropped-cropped-cropped-02_00843_jt3bggkj1j3HLc7SyY6rEUpg.jpeg","contentUrl":"https:\/\/skaitytaknyga.lt\/wp-content\/uploads\/2024\/05\/cropped-cropped-cropped-02_00843_jt3bggkj1j3HLc7SyY6rEUpg.jpeg","width":1600,"height":1600,"caption":"skaitytaknyga.lt"},"image":{"@id":"https:\/\/skaitytaknyga.lt\/#\/schema\/logo\/image\/"},"sameAs":["https:\/\/www.facebook.com\/skaitytaknyga\/"]}]}},"_links":{"self":[{"href":"https:\/\/skaitytaknyga.lt\/en\/wp-json\/wp\/v2\/product\/18860","targetHints":{"allow":["GET"]}}],"collection":[{"href":"https:\/\/skaitytaknyga.lt\/en\/wp-json\/wp\/v2\/product"}],"about":[{"href":"https:\/\/skaitytaknyga.lt\/en\/wp-json\/wp\/v2\/types\/product"}],"replies":[{"embeddable":true,"href":"https:\/\/skaitytaknyga.lt\/en\/wp-json\/wp\/v2\/comments?post=18860"}],"wp:featuredmedia":[{"embeddable":true,"href":"https:\/\/skaitytaknyga.lt\/en\/wp-json\/wp\/v2\/media\/18867"}],"wp:attachment":[{"href":"https:\/\/skaitytaknyga.lt\/en\/wp-json\/wp\/v2\/media?parent=18860"}],"wp:term":[{"taxonomy":"product_brand","embeddable":true,"href":"https:\/\/skaitytaknyga.lt\/en\/wp-json\/wp\/v2\/product_brand?post=18860"},{"taxonomy":"product_cat","embeddable":true,"href":"https:\/\/skaitytaknyga.lt\/en\/wp-json\/wp\/v2\/product_cat?post=18860"},{"taxonomy":"product_tag","embeddable":true,"href":"https:\/\/skaitytaknyga.lt\/en\/wp-json\/wp\/v2\/product_tag?post=18860"}],"curies":[{"name":"wp","href":"https:\/\/api.w.org\/{rel}","templated":true}]}}