{"id":18859,"date":"2025-06-14T11:53:49","date_gmt":"2025-06-14T08:53:49","guid":{"rendered":"https:\/\/skaitytaknyga.lt\/?post_type=product&#038;p=18859"},"modified":"2025-06-26T14:45:30","modified_gmt":"2025-06-26T11:45:30","slug":"enciklopedija-noriu-zinoti","status":"publish","type":"product","link":"https:\/\/skaitytaknyga.lt\/en\/produktas\/enciklopedija-noriu-zinoti\/","title":{"rendered":"Enciklopedija \u201eNoriu \u017einoti\u201c"},"content":{"rendered":"<p>Gausiai iliustruota enciklopedija \u201eNoriu \u017einoti\u201c parodys visk\u0105, apie k\u0105 kitose tik ra\u0161oma.<\/p>\n<p>I\u0161siai\u0161kink, kokia Tutanchamono kapo paslaptis, kaip susidaro cunamis bei viesulas, kaip vyksta \u017eem\u0117s dreb\u0117jimas ir kas verda Saul\u0117s branduolin\u0117je krosnyje.<br \/>\nPamatyk \u017evaig\u017ed\u0117s gimim\u0105, tiranozauro anatomij\u0105 ir m\u016bs\u0173 DNR vijas.<br \/>\nKeliauk atgal \u012f tuos laikus, kai buvo statoma Did\u017eioji kin\u0173 siena, Partenono \u0161ventykla senov\u0117s Graikijoje ir vyko pasauliniai karai.<br \/>\nTyrin\u0117k i\u0161 kosmoso sklindan\u010dius signalus, nematom\u0105 magnetin\u012f j\u0117gos lauk\u0105 ir chemines reakcijas fejerverkuose.<br \/>\nVos atsivert\u0119s enciklopedij\u0105 \u201eNoriu \u017einoti\u201c i\u0161si\u017eiosi i\u0161 nuostabos \u2013 tikras nuotraukas primenantys kompiuteriu sukurti realisti\u0161ki pie\u0161iniai atskleis priblo\u0161kian\u010di\u0173 detali\u0173 apie nereg\u0117t\u0105 kosmin\u0119 erdv\u0119, \u017dem\u0119, gamt\u0105, \u017emogaus k\u016bn\u0105, moksl\u0105 ir istorij\u0105.<\/p>\n<p>Daugyb\u0117 stulbinan\u010di\u0173 fakt\u0173, gausyb\u0117 kokybi\u0161k\u0173 iliustracij\u0173 net ir sud\u0117tingiausi\u0105 \u0161ios enciklopedijos informacij\u0105 leis suprasti ir \u012fsiminti vos \u017evilgtel\u0117jus. Knyga bus \u012fdomi visai \u0161eimai.<\/p>\n","protected":false},"excerpt":{"rendered":"<p>Gausiai iliustruota enciklopedija \u201eNoriu \u017einoti\u201c parodys visk\u0105, apie k\u0105 kitose tik ra\u0161oma. I\u0161siai\u0161kink, kokia Tutanchamono kapo paslaptis, kaip susidaro cunamis bei viesulas, kaip vyksta \u017eem\u0117s dreb\u0117jimas ir kas verda Saul\u0117s branduolin\u0117je krosnyje. Pamatyk \u017evaig\u017ed\u0117s gimim\u0105, tiranozauro anatomij\u0105 ir m\u016bs\u0173 DNR vijas. Keliauk atgal \u012f tuos laikus, kai buvo statoma Did\u017eioji kin\u0173 siena, Partenono \u0161ventykla senov\u0117s Graikijoje ir vyko pasauliniai karai. Tyrin\u0117k i\u0161 kosmoso sklindan\u010dius signalus, nematom\u0105 magnetin\u012f j\u0117gos lauk\u0105 ir chemines reakcijas fejerverkuose. Vos atsivert\u0119s enciklopedij\u0105 \u201eNoriu \u017einoti\u201c i\u0161si\u017eiosi i\u0161 nuostabos \u2013 tikras nuotraukas primenantys kompiuteriu sukurti realisti\u0161ki pie\u0161iniai atskleis priblo\u0161kian\u010di\u0173 detali\u0173 apie nereg\u0117t\u0105 kosmin\u0119 erdv\u0119, \u017dem\u0119, gamt\u0105, \u017emogaus k\u016bn\u0105, moksl\u0105 ir istorij\u0105. Daugyb\u0117 stulbinan\u010di\u0173 fakt\u0173, gausyb\u0117 kokybi\u0161k\u0173 iliustracij\u0173 net ir sud\u0117tingiausi\u0105 \u0161ios enciklopedijos informacij\u0105 leis suprasti ir \u012fsiminti vos \u017evilgtel\u0117jus. Knyga bus \u012fdomi visai \u0161eimai.<\/p>\n","protected":false},"featured_media":18864,"comment_status":"open","ping_status":"closed","template":"","meta":{"_acf_changed":false,"site-sidebar-layout":"default","site-content-layout":"","ast-site-content-layout":"default","site-content-style":"default","site-sidebar-style":"default","ast-global-header-display":"","ast-banner-title-visibility":"","ast-main-header-display":"","ast-hfb-above-header-display":"","ast-hfb-below-header-display":"","ast-hfb-mobile-header-display":"","site-post-title":"","ast-breadcrumbs-content":"","ast-featured-img":"","footer-sml-layout":"","ast-disable-related-posts":"","theme-transparent-header-meta":"","adv-header-id-meta":"","stick-header-meta":"","header-above-stick-meta":"","header-main-stick-meta":"","header-below-stick-meta":"","astra-migrate-meta-layouts":"default","ast-page-background-enabled":"default","ast-page-background-meta":{"desktop":{"background-color":"","background-image":"","background-repeat":"repeat","background-position":"center center","background-size":"auto","background-attachment":"scroll","background-type":"","background-media":"","overlay-type":"","overlay-color":"","overlay-opacity":"","overlay-gradient":""},"tablet":{"background-color":"","background-image":"","background-repeat":"repeat","background-position":"center center","background-size":"auto","background-attachment":"scroll","background-type":"","background-media":"","overlay-type":"","overlay-color":"","overlay-opacity":"","overlay-gradient":""},"mobile":{"background-color":"","background-image":"","background-repeat":"repeat","background-position":"center center","background-size":"auto","background-attachment":"scroll","background-type":"","background-media":"","overlay-type":"","overlay-color":"","overlay-opacity":"","overlay-gradient":""}},"ast-content-background-meta":{"desktop":{"background-color":"var(--ast-global-color-4)","background-image":"","background-repeat":"repeat","background-position":"center center","background-size":"auto","background-attachment":"scroll","background-type":"","background-media":"","overlay-type":"","overlay-color":"","overlay-opacity":"","overlay-gradient":""},"tablet":{"background-color":"var(--ast-global-color-4)","background-image":"","background-repeat":"repeat","background-position":"center center","background-size":"auto","background-attachment":"scroll","background-type":"","background-media":"","overlay-type":"","overlay-color":"","overlay-opacity":"","overlay-gradient":""},"mobile":{"background-color":"var(--ast-global-color-4)","background-image":"","background-repeat":"repeat","background-position":"center center","background-size":"auto","background-attachment":"scroll","background-type":"","background-media":"","overlay-type":"","overlay-color":"","overlay-opacity":"","overlay-gradient":""}}},"product_brand":[],"product_cat":[15],"product_tag":[2060,5340,1802,2224,3808,1524,1785],"class_list":{"0":"post-18859","1":"product","2":"type-product","3":"status-publish","4":"has-post-thumbnail","6":"product_cat-uncategorized","7":"product_tag-enciklopedija","8":"product_tag-faktai","9":"product_tag-gamta","10":"product_tag-istorija","11":"product_tag-kosmosas","12":"product_tag-mokslas","13":"product_tag-vaikams","14":"desktop-align-left","15":"tablet-align-left","16":"mobile-align-left","18":"first","19":"instock","20":"shipping-taxable","21":"purchasable","22":"product-type-simple"},"acf":[],"yoast_head":"<!-- This site is optimized with the Yoast SEO plugin v27.0 - https:\/\/yoast.com\/product\/yoast-seo-wordpress\/ -->\n<title>Enciklopedija \u201eNoriu \u017einoti\u201c<\/title>\n<meta name=\"description\" content=\"Gausiai iliustruota enciklopedija \u201eNoriu \u017einoti\u201c parodys visk\u0105, apie k\u0105 kitose tik ra\u0161oma. I\u0161siai\u0161kink, kokia Tutanchamono kapo paslaptis, kaip susidaro\" \/>\n<meta name=\"robots\" content=\"index, follow, max-snippet:-1, max-image-preview:large, max-video-preview:-1\" \/>\n<link rel=\"canonical\" href=\"https:\/\/skaitytaknyga.lt\/en\/produktas\/enciklopedija-noriu-zinoti\/\" \/>\n<meta property=\"og:locale\" content=\"en_GB\" \/>\n<meta property=\"og:locale:alternate\" content=\"lt_LT\" \/>\n<meta property=\"og:type\" content=\"article\" \/>\n<meta property=\"og:title\" content=\"Enciklopedija \u201eNoriu \u017einoti\u201c\" \/>\n<meta property=\"og:description\" content=\"Gausiai iliustruota enciklopedija \u201eNoriu \u017einoti\u201c parodys visk\u0105, apie k\u0105 kitose tik ra\u0161oma. I\u0161siai\u0161kink, kokia Tutanchamono kapo paslaptis, kaip susidaro\" \/>\n<meta property=\"og:url\" content=\"https:\/\/skaitytaknyga.lt\/en\/produktas\/enciklopedija-noriu-zinoti\/\" \/>\n<meta property=\"og:site_name\" content=\"Skaitytaknyga\" \/>\n<meta property=\"article:publisher\" content=\"https:\/\/www.facebook.com\/skaitytaknyga\/\" \/>\n<meta property=\"article:modified_time\" content=\"2025-06-26T11:45:30+00:00\" \/>\n<meta property=\"og:image\" content=\"https:\/\/skaitytaknyga.lt\/wp-content\/uploads\/2025\/06\/Enciklopedija-\u201eNoriu-zinoti.webp\" \/>\n\t<meta property=\"og:image:width\" content=\"545\" \/>\n\t<meta property=\"og:image:height\" content=\"666\" \/>\n\t<meta property=\"og:image:type\" content=\"image\/webp\" \/>\n<meta name=\"twitter:card\" content=\"summary_large_image\" \/>\n<meta name=\"twitter:label1\" content=\"Estimated reading time\" \/>\n\t<meta name=\"twitter:data1\" content=\"1 minute\" \/>\n<script type=\"application\/ld+json\" class=\"yoast-schema-graph\">{\"@context\":\"https:\/\/schema.org\",\"@graph\":[{\"@type\":\"WebPage\",\"@id\":\"https:\/\/skaitytaknyga.lt\/produktas\/enciklopedija-noriu-zinoti\/\",\"url\":\"https:\/\/skaitytaknyga.lt\/produktas\/enciklopedija-noriu-zinoti\/\",\"name\":\"Enciklopedija \u201eNoriu \u017einoti\u201c\",\"isPartOf\":{\"@id\":\"https:\/\/skaitytaknyga.lt\/#website\"},\"primaryImageOfPage\":{\"@id\":\"https:\/\/skaitytaknyga.lt\/produktas\/enciklopedija-noriu-zinoti\/#primaryimage\"},\"image\":{\"@id\":\"https:\/\/skaitytaknyga.lt\/produktas\/enciklopedija-noriu-zinoti\/#primaryimage\"},\"thumbnailUrl\":\"https:\/\/skaitytaknyga.lt\/wp-content\/uploads\/2025\/06\/Enciklopedija-\u201eNoriu-zinoti.webp\",\"datePublished\":\"2025-06-14T08:53:49+00:00\",\"dateModified\":\"2025-06-26T11:45:30+00:00\",\"description\":\"Gausiai iliustruota enciklopedija \u201eNoriu \u017einoti\u201c parodys visk\u0105, apie k\u0105 kitose tik ra\u0161oma. I\u0161siai\u0161kink, kokia Tutanchamono kapo paslaptis, kaip susidaro\",\"breadcrumb\":{\"@id\":\"https:\/\/skaitytaknyga.lt\/produktas\/enciklopedija-noriu-zinoti\/#breadcrumb\"},\"inLanguage\":\"en-GB\",\"potentialAction\":[{\"@type\":\"ReadAction\",\"target\":[\"https:\/\/skaitytaknyga.lt\/produktas\/enciklopedija-noriu-zinoti\/\"]}]},{\"@type\":\"ImageObject\",\"inLanguage\":\"en-GB\",\"@id\":\"https:\/\/skaitytaknyga.lt\/produktas\/enciklopedija-noriu-zinoti\/#primaryimage\",\"url\":\"https:\/\/skaitytaknyga.lt\/wp-content\/uploads\/2025\/06\/Enciklopedija-\u201eNoriu-zinoti.webp\",\"contentUrl\":\"https:\/\/skaitytaknyga.lt\/wp-content\/uploads\/2025\/06\/Enciklopedija-\u201eNoriu-zinoti.webp\",\"width\":545,\"height\":666,\"caption\":\"Enciklopedija \u201eNoriu \u017einoti\u201c\"},{\"@type\":\"BreadcrumbList\",\"@id\":\"https:\/\/skaitytaknyga.lt\/produktas\/enciklopedija-noriu-zinoti\/#breadcrumb\",\"itemListElement\":[{\"@type\":\"ListItem\",\"position\":1,\"name\":\"Home\",\"item\":\"https:\/\/skaitytaknyga.lt\/\"},{\"@type\":\"ListItem\",\"position\":2,\"name\":\"Parduotuv\u0117\",\"item\":\"https:\/\/skaitytaknyga.lt\/knygu-parduotuve\/\"},{\"@type\":\"ListItem\",\"position\":3,\"name\":\"Enciklopedija \u201eNoriu \u017einoti\u201c\"}]},{\"@type\":\"WebSite\",\"@id\":\"https:\/\/skaitytaknyga.lt\/#website\",\"url\":\"https:\/\/skaitytaknyga.lt\/\",\"name\":\"skaitytaknyga.lt\",\"description\":\"Skaitytaknyga.lt \u2013 tai ma\u017eas \u0161eimos verslas, kuris prasid\u0117jo nuo meil\u0117s knygoms ir siekio i\u0161gelb\u0117ti knygas nuo likimo prie konteinerio. Kas vienam nereikalingas daiktas \u2013 kitam lobis, o mes esame tarpininkai, kurie padeda abiems tapti laimingesniems ???? \u017dinome kaip nelengva i\u0161gyventi ma\u017eiems verslams, tad nuo \u0161iol, \u010dia rasite ir kit\u0173, ma\u017e\u0173 \u0161eim\u0173 versl\u0173, rank\u0173 darbo, dovan\u0173 sau ir artimiesiems.\",\"publisher\":{\"@id\":\"https:\/\/skaitytaknyga.lt\/#organization\"},\"potentialAction\":[{\"@type\":\"SearchAction\",\"target\":{\"@type\":\"EntryPoint\",\"urlTemplate\":\"https:\/\/skaitytaknyga.lt\/?s={search_term_string}\"},\"query-input\":{\"@type\":\"PropertyValueSpecification\",\"valueRequired\":true,\"valueName\":\"search_term_string\"}}],\"inLanguage\":\"en-GB\"},{\"@type\":\"Organization\",\"@id\":\"https:\/\/skaitytaknyga.lt\/#organization\",\"name\":\"skaitytaknyga.lt\",\"url\":\"https:\/\/skaitytaknyga.lt\/\",\"logo\":{\"@type\":\"ImageObject\",\"inLanguage\":\"en-GB\",\"@id\":\"https:\/\/skaitytaknyga.lt\/#\/schema\/logo\/image\/\",\"url\":\"https:\/\/skaitytaknyga.lt\/wp-content\/uploads\/2024\/05\/cropped-cropped-cropped-02_00843_jt3bggkj1j3HLc7SyY6rEUpg.jpeg\",\"contentUrl\":\"https:\/\/skaitytaknyga.lt\/wp-content\/uploads\/2024\/05\/cropped-cropped-cropped-02_00843_jt3bggkj1j3HLc7SyY6rEUpg.jpeg\",\"width\":1600,\"height\":1600,\"caption\":\"skaitytaknyga.lt\"},\"image\":{\"@id\":\"https:\/\/skaitytaknyga.lt\/#\/schema\/logo\/image\/\"},\"sameAs\":[\"https:\/\/www.facebook.com\/skaitytaknyga\/\"]}]}<\/script>\n<!-- \/ Yoast SEO plugin. -->","yoast_head_json":{"title":"Enciklopedija \u201eNoriu \u017einoti\u201c","description":"Gausiai iliustruota enciklopedija \u201eNoriu \u017einoti\u201c parodys visk\u0105, apie k\u0105 kitose tik ra\u0161oma. I\u0161siai\u0161kink, kokia Tutanchamono kapo paslaptis, kaip susidaro","robots":{"index":"index","follow":"follow","max-snippet":"max-snippet:-1","max-image-preview":"max-image-preview:large","max-video-preview":"max-video-preview:-1"},"canonical":"https:\/\/skaitytaknyga.lt\/en\/produktas\/enciklopedija-noriu-zinoti\/","og_locale":"en_GB","og_type":"article","og_title":"[:lt]Enciklopedija \u201eNoriu \u017einoti\u201c[:] - Skaitytaknyga","og_description":"Gausiai iliustruota enciklopedija \u201eNoriu \u017einoti\u201c parodys visk\u0105, apie k\u0105 kitose tik ra\u0161oma. I\u0161siai\u0161kink, kokia Tutanchamono kapo paslaptis, kaip susidaro","og_url":"https:\/\/skaitytaknyga.lt\/en\/produktas\/enciklopedija-noriu-zinoti\/","og_site_name":"Skaitytaknyga","article_publisher":"https:\/\/www.facebook.com\/skaitytaknyga\/","article_modified_time":"2025-06-26T11:45:30+00:00","og_image":[{"width":545,"height":666,"url":"https:\/\/skaitytaknyga.lt\/wp-content\/uploads\/2025\/06\/Enciklopedija-\u201eNoriu-zinoti.webp","type":"image\/webp"}],"twitter_card":"summary_large_image","twitter_misc":{"Estimated reading time":"1 minute"},"schema":{"@context":"https:\/\/schema.org","@graph":[{"@type":"WebPage","@id":"https:\/\/skaitytaknyga.lt\/produktas\/enciklopedija-noriu-zinoti\/","url":"https:\/\/skaitytaknyga.lt\/produktas\/enciklopedija-noriu-zinoti\/","name":"Enciklopedija \u201eNoriu \u017einoti\u201c","isPartOf":{"@id":"https:\/\/skaitytaknyga.lt\/#website"},"primaryImageOfPage":{"@id":"https:\/\/skaitytaknyga.lt\/produktas\/enciklopedija-noriu-zinoti\/#primaryimage"},"image":{"@id":"https:\/\/skaitytaknyga.lt\/produktas\/enciklopedija-noriu-zinoti\/#primaryimage"},"thumbnailUrl":"https:\/\/skaitytaknyga.lt\/wp-content\/uploads\/2025\/06\/Enciklopedija-\u201eNoriu-zinoti.webp","datePublished":"2025-06-14T08:53:49+00:00","dateModified":"2025-06-26T11:45:30+00:00","description":"Gausiai iliustruota enciklopedija \u201eNoriu \u017einoti\u201c parodys visk\u0105, apie k\u0105 kitose tik ra\u0161oma. I\u0161siai\u0161kink, kokia Tutanchamono kapo paslaptis, kaip susidaro","breadcrumb":{"@id":"https:\/\/skaitytaknyga.lt\/produktas\/enciklopedija-noriu-zinoti\/#breadcrumb"},"inLanguage":"en-GB","potentialAction":[{"@type":"ReadAction","target":["https:\/\/skaitytaknyga.lt\/produktas\/enciklopedija-noriu-zinoti\/"]}]},{"@type":"ImageObject","inLanguage":"en-GB","@id":"https:\/\/skaitytaknyga.lt\/produktas\/enciklopedija-noriu-zinoti\/#primaryimage","url":"https:\/\/skaitytaknyga.lt\/wp-content\/uploads\/2025\/06\/Enciklopedija-\u201eNoriu-zinoti.webp","contentUrl":"https:\/\/skaitytaknyga.lt\/wp-content\/uploads\/2025\/06\/Enciklopedija-\u201eNoriu-zinoti.webp","width":545,"height":666,"caption":"Enciklopedija \u201eNoriu \u017einoti\u201c"},{"@type":"BreadcrumbList","@id":"https:\/\/skaitytaknyga.lt\/produktas\/enciklopedija-noriu-zinoti\/#breadcrumb","itemListElement":[{"@type":"ListItem","position":1,"name":"Home","item":"https:\/\/skaitytaknyga.lt\/"},{"@type":"ListItem","position":2,"name":"Parduotuv\u0117","item":"https:\/\/skaitytaknyga.lt\/knygu-parduotuve\/"},{"@type":"ListItem","position":3,"name":"Enciklopedija \u201eNoriu \u017einoti\u201c"}]},{"@type":"WebSite","@id":"https:\/\/skaitytaknyga.lt\/#website","url":"https:\/\/skaitytaknyga.lt\/","name":"skaitytaknyga.lt","description":"Skaitytaknyga.lt \u2013 tai ma\u017eas \u0161eimos verslas, kuris prasid\u0117jo nuo meil\u0117s knygoms ir siekio i\u0161gelb\u0117ti knygas nuo likimo prie konteinerio. Kas vienam nereikalingas daiktas \u2013 kitam lobis, o mes esame tarpininkai, kurie padeda abiems tapti laimingesniems ???? \u017dinome kaip nelengva i\u0161gyventi ma\u017eiems verslams, tad nuo \u0161iol, \u010dia rasite ir kit\u0173, ma\u017e\u0173 \u0161eim\u0173 versl\u0173, rank\u0173 darbo, dovan\u0173 sau ir artimiesiems.","publisher":{"@id":"https:\/\/skaitytaknyga.lt\/#organization"},"potentialAction":[{"@type":"SearchAction","target":{"@type":"EntryPoint","urlTemplate":"https:\/\/skaitytaknyga.lt\/?s={search_term_string}"},"query-input":{"@type":"PropertyValueSpecification","valueRequired":true,"valueName":"search_term_string"}}],"inLanguage":"en-GB"},{"@type":"Organization","@id":"https:\/\/skaitytaknyga.lt\/#organization","name":"skaitytaknyga.lt","url":"https:\/\/skaitytaknyga.lt\/","logo":{"@type":"ImageObject","inLanguage":"en-GB","@id":"https:\/\/skaitytaknyga.lt\/#\/schema\/logo\/image\/","url":"https:\/\/skaitytaknyga.lt\/wp-content\/uploads\/2024\/05\/cropped-cropped-cropped-02_00843_jt3bggkj1j3HLc7SyY6rEUpg.jpeg","contentUrl":"https:\/\/skaitytaknyga.lt\/wp-content\/uploads\/2024\/05\/cropped-cropped-cropped-02_00843_jt3bggkj1j3HLc7SyY6rEUpg.jpeg","width":1600,"height":1600,"caption":"skaitytaknyga.lt"},"image":{"@id":"https:\/\/skaitytaknyga.lt\/#\/schema\/logo\/image\/"},"sameAs":["https:\/\/www.facebook.com\/skaitytaknyga\/"]}]}},"_links":{"self":[{"href":"https:\/\/skaitytaknyga.lt\/en\/wp-json\/wp\/v2\/product\/18859","targetHints":{"allow":["GET"]}}],"collection":[{"href":"https:\/\/skaitytaknyga.lt\/en\/wp-json\/wp\/v2\/product"}],"about":[{"href":"https:\/\/skaitytaknyga.lt\/en\/wp-json\/wp\/v2\/types\/product"}],"replies":[{"embeddable":true,"href":"https:\/\/skaitytaknyga.lt\/en\/wp-json\/wp\/v2\/comments?post=18859"}],"wp:featuredmedia":[{"embeddable":true,"href":"https:\/\/skaitytaknyga.lt\/en\/wp-json\/wp\/v2\/media\/18864"}],"wp:attachment":[{"href":"https:\/\/skaitytaknyga.lt\/en\/wp-json\/wp\/v2\/media?parent=18859"}],"wp:term":[{"taxonomy":"product_brand","embeddable":true,"href":"https:\/\/skaitytaknyga.lt\/en\/wp-json\/wp\/v2\/product_brand?post=18859"},{"taxonomy":"product_cat","embeddable":true,"href":"https:\/\/skaitytaknyga.lt\/en\/wp-json\/wp\/v2\/product_cat?post=18859"},{"taxonomy":"product_tag","embeddable":true,"href":"https:\/\/skaitytaknyga.lt\/en\/wp-json\/wp\/v2\/product_tag?post=18859"}],"curies":[{"name":"wp","href":"https:\/\/api.w.org\/{rel}","templated":true}]}}