{"id":18858,"date":"2025-06-14T11:53:48","date_gmt":"2025-06-14T08:53:48","guid":{"rendered":"https:\/\/skaitytaknyga.lt\/?post_type=product&#038;p=18858"},"modified":"2025-06-26T14:45:30","modified_gmt":"2025-06-26T11:45:30","slug":"kulinarines-keliones-kulinariniu-kelioniu-po-lietuva-vadovas","status":"publish","type":"product","link":"https:\/\/skaitytaknyga.lt\/en\/produktas\/kulinarines-keliones-kulinariniu-kelioniu-po-lietuva-vadovas\/","title":{"rendered":"Kulinarin\u0117s kelion\u0117s: kulinarini\u0173 kelioni\u0173 po Lietuv\u0105 vadovas"},"content":{"rendered":"<p>Knyga \u201eKulinarin\u0117s kelion\u0117s&#8221; pad\u0117s puikiai praleisti laisvalaik\u012f Lietuvoje su \u0161eima ar draugais. Joje rasite gra\u017eiausi\u0173 Lietuvos vietovi\u0173 apra\u0161ymus, su\u017einosite, koki\u0173 tradicini\u0173 valgi\u0173 verta paskanauti \u012fvairiuose Lietuvos kampeliuose, kur galima i\u0161mokti pasigaminti skirtingoms vietov\u0117ms b\u016bding\u0173 patiekal\u0173. Su\u017einosite, k\u0105 apie savo gimt\u0105sias vietas kalba \u017eym\u016bs Lietuvos \u017emon\u0117s, kokiais \u0161eimos valgi\u0173 receptais jie dalijasi su skaitytojais. Taip pat knygoje rasite daugiau kaip 100 tradicini\u0173 lietuvi\u0161k\u0173 valgi\u0173 apra\u0161ym\u0173 ir recept\u0173.<\/p>\n<p>Pa\u017einkime, skanaukime, gaminkime!<\/p>\n","protected":false},"excerpt":{"rendered":"<p>Knyga \u201eKulinarin\u0117s kelion\u0117s&#8221; pad\u0117s puikiai praleisti laisvalaik\u012f Lietuvoje su \u0161eima ar draugais. Joje rasite gra\u017eiausi\u0173 Lietuvos vietovi\u0173 apra\u0161ymus, su\u017einosite, koki\u0173 tradicini\u0173 valgi\u0173 verta paskanauti \u012fvairiuose Lietuvos kampeliuose, kur galima i\u0161mokti pasigaminti skirtingoms vietov\u0117ms b\u016bding\u0173 patiekal\u0173. Su\u017einosite, k\u0105 apie savo gimt\u0105sias vietas kalba \u017eym\u016bs Lietuvos \u017emon\u0117s, kokiais \u0161eimos valgi\u0173 receptais jie dalijasi su skaitytojais. Taip pat knygoje rasite daugiau kaip 100 tradicini\u0173 lietuvi\u0161k\u0173 valgi\u0173 apra\u0161ym\u0173 ir recept\u0173. Pa\u017einkime, skanaukime, gaminkime!<\/p>\n","protected":false},"featured_media":18863,"comment_status":"open","ping_status":"closed","template":"","meta":{"_acf_changed":false,"site-sidebar-layout":"default","site-content-layout":"","ast-site-content-layout":"default","site-content-style":"default","site-sidebar-style":"default","ast-global-header-display":"","ast-banner-title-visibility":"","ast-main-header-display":"","ast-hfb-above-header-display":"","ast-hfb-below-header-display":"","ast-hfb-mobile-header-display":"","site-post-title":"","ast-breadcrumbs-content":"","ast-featured-img":"","footer-sml-layout":"","ast-disable-related-posts":"","theme-transparent-header-meta":"","adv-header-id-meta":"","stick-header-meta":"","header-above-stick-meta":"","header-main-stick-meta":"","header-below-stick-meta":"","astra-migrate-meta-layouts":"default","ast-page-background-enabled":"default","ast-page-background-meta":{"desktop":{"background-color":"","background-image":"","background-repeat":"repeat","background-position":"center center","background-size":"auto","background-attachment":"scroll","background-type":"","background-media":"","overlay-type":"","overlay-color":"","overlay-opacity":"","overlay-gradient":""},"tablet":{"background-color":"","background-image":"","background-repeat":"repeat","background-position":"center center","background-size":"auto","background-attachment":"scroll","background-type":"","background-media":"","overlay-type":"","overlay-color":"","overlay-opacity":"","overlay-gradient":""},"mobile":{"background-color":"","background-image":"","background-repeat":"repeat","background-position":"center center","background-size":"auto","background-attachment":"scroll","background-type":"","background-media":"","overlay-type":"","overlay-color":"","overlay-opacity":"","overlay-gradient":""}},"ast-content-background-meta":{"desktop":{"background-color":"var(--ast-global-color-4)","background-image":"","background-repeat":"repeat","background-position":"center center","background-size":"auto","background-attachment":"scroll","background-type":"","background-media":"","overlay-type":"","overlay-color":"","overlay-opacity":"","overlay-gradient":""},"tablet":{"background-color":"var(--ast-global-color-4)","background-image":"","background-repeat":"repeat","background-position":"center center","background-size":"auto","background-attachment":"scroll","background-type":"","background-media":"","overlay-type":"","overlay-color":"","overlay-opacity":"","overlay-gradient":""},"mobile":{"background-color":"var(--ast-global-color-4)","background-image":"","background-repeat":"repeat","background-position":"center center","background-size":"auto","background-attachment":"scroll","background-type":"","background-media":"","overlay-type":"","overlay-color":"","overlay-opacity":"","overlay-gradient":""}}},"product_brand":[],"product_cat":[15],"product_tag":[5338,1884,1445,1881,2625,5337,5339],"class_list":{"0":"post-18858","1":"product","2":"type-product","3":"status-publish","4":"has-post-thumbnail","6":"product_cat-uncategorized","7":"product_tag-daiva-dmuchovska","8":"product_tag-gastronomija","9":"product_tag-keliones","10":"product_tag-kulinarija","11":"product_tag-lietuva","12":"product_tag-tradiciniai-valgiai","13":"product_tag-vytautas-kandrotas","14":"desktop-align-left","15":"tablet-align-left","16":"mobile-align-left","18":"first","19":"instock","20":"shipping-taxable","21":"purchasable","22":"product-type-simple"},"acf":[],"yoast_head":"<!-- This site is optimized with the Yoast SEO plugin v27.0 - https:\/\/yoast.com\/product\/yoast-seo-wordpress\/ -->\n<title>Kulinarin\u0117s kelion\u0117s: kulinarini\u0173 kelioni\u0173 po Lietuv\u0105 vadovas<\/title>\n<meta name=\"description\" content=\"Knyga \u201eKulinarin\u0117s kelion\u0117s&quot; pad\u0117s puikiai praleisti laisvalaik\u012f Lietuvoje su \u0161eima ar draugais. Joje rasite gra\u017eiausi\u0173 Lietuvos vietovi\u0173 apra\u0161ymus,\" \/>\n<meta name=\"robots\" content=\"index, follow, max-snippet:-1, max-image-preview:large, max-video-preview:-1\" \/>\n<link rel=\"canonical\" href=\"https:\/\/skaitytaknyga.lt\/en\/produktas\/kulinarines-keliones-kulinariniu-kelioniu-po-lietuva-vadovas\/\" \/>\n<meta property=\"og:locale\" content=\"en_GB\" \/>\n<meta property=\"og:locale:alternate\" content=\"lt_LT\" \/>\n<meta property=\"og:type\" content=\"article\" \/>\n<meta property=\"og:title\" content=\"Kulinarin\u0117s kelion\u0117s: kulinarini\u0173 kelioni\u0173 po Lietuv\u0105 vadovas\" \/>\n<meta property=\"og:description\" content=\"Knyga \u201eKulinarin\u0117s kelion\u0117s&quot; pad\u0117s puikiai praleisti laisvalaik\u012f Lietuvoje su \u0161eima ar draugais. Joje rasite gra\u017eiausi\u0173 Lietuvos vietovi\u0173 apra\u0161ymus,\" \/>\n<meta property=\"og:url\" content=\"https:\/\/skaitytaknyga.lt\/en\/produktas\/kulinarines-keliones-kulinariniu-kelioniu-po-lietuva-vadovas\/\" \/>\n<meta property=\"og:site_name\" content=\"Skaitytaknyga\" \/>\n<meta property=\"article:publisher\" content=\"https:\/\/www.facebook.com\/skaitytaknyga\/\" \/>\n<meta property=\"article:modified_time\" content=\"2025-06-26T11:45:30+00:00\" \/>\n<meta property=\"og:image\" content=\"https:\/\/skaitytaknyga.lt\/wp-content\/uploads\/2025\/06\/Kulinarines-keliones-kulinariniu-kelioniu-po-Lietuva-vadovas.webp\" \/>\n\t<meta property=\"og:image:width\" content=\"490\" \/>\n\t<meta property=\"og:image:height\" content=\"691\" \/>\n\t<meta property=\"og:image:type\" content=\"image\/webp\" \/>\n<meta name=\"twitter:card\" content=\"summary_large_image\" \/>\n<script type=\"application\/ld+json\" class=\"yoast-schema-graph\">{\"@context\":\"https:\/\/schema.org\",\"@graph\":[{\"@type\":\"WebPage\",\"@id\":\"https:\/\/skaitytaknyga.lt\/produktas\/kulinarines-keliones-kulinariniu-kelioniu-po-lietuva-vadovas\/\",\"url\":\"https:\/\/skaitytaknyga.lt\/produktas\/kulinarines-keliones-kulinariniu-kelioniu-po-lietuva-vadovas\/\",\"name\":\"Kulinarin\u0117s kelion\u0117s: kulinarini\u0173 kelioni\u0173 po Lietuv\u0105 vadovas\",\"isPartOf\":{\"@id\":\"https:\/\/skaitytaknyga.lt\/#website\"},\"primaryImageOfPage\":{\"@id\":\"https:\/\/skaitytaknyga.lt\/produktas\/kulinarines-keliones-kulinariniu-kelioniu-po-lietuva-vadovas\/#primaryimage\"},\"image\":{\"@id\":\"https:\/\/skaitytaknyga.lt\/produktas\/kulinarines-keliones-kulinariniu-kelioniu-po-lietuva-vadovas\/#primaryimage\"},\"thumbnailUrl\":\"https:\/\/skaitytaknyga.lt\/wp-content\/uploads\/2025\/06\/Kulinarines-keliones-kulinariniu-kelioniu-po-Lietuva-vadovas.webp\",\"datePublished\":\"2025-06-14T08:53:48+00:00\",\"dateModified\":\"2025-06-26T11:45:30+00:00\",\"description\":\"Knyga \u201eKulinarin\u0117s kelion\u0117s\\\" pad\u0117s puikiai praleisti laisvalaik\u012f Lietuvoje su \u0161eima ar draugais. Joje rasite gra\u017eiausi\u0173 Lietuvos vietovi\u0173 apra\u0161ymus,\",\"breadcrumb\":{\"@id\":\"https:\/\/skaitytaknyga.lt\/produktas\/kulinarines-keliones-kulinariniu-kelioniu-po-lietuva-vadovas\/#breadcrumb\"},\"inLanguage\":\"en-GB\",\"potentialAction\":[{\"@type\":\"ReadAction\",\"target\":[\"https:\/\/skaitytaknyga.lt\/produktas\/kulinarines-keliones-kulinariniu-kelioniu-po-lietuva-vadovas\/\"]}]},{\"@type\":\"ImageObject\",\"inLanguage\":\"en-GB\",\"@id\":\"https:\/\/skaitytaknyga.lt\/produktas\/kulinarines-keliones-kulinariniu-kelioniu-po-lietuva-vadovas\/#primaryimage\",\"url\":\"https:\/\/skaitytaknyga.lt\/wp-content\/uploads\/2025\/06\/Kulinarines-keliones-kulinariniu-kelioniu-po-Lietuva-vadovas.webp\",\"contentUrl\":\"https:\/\/skaitytaknyga.lt\/wp-content\/uploads\/2025\/06\/Kulinarines-keliones-kulinariniu-kelioniu-po-Lietuva-vadovas.webp\",\"width\":490,\"height\":691,\"caption\":\"Kulinarin\u0117s kelion\u0117s: kulinarini\u0173 kelioni\u0173 po Lietuv\u0105 vadovas\"},{\"@type\":\"BreadcrumbList\",\"@id\":\"https:\/\/skaitytaknyga.lt\/produktas\/kulinarines-keliones-kulinariniu-kelioniu-po-lietuva-vadovas\/#breadcrumb\",\"itemListElement\":[{\"@type\":\"ListItem\",\"position\":1,\"name\":\"Home\",\"item\":\"https:\/\/skaitytaknyga.lt\/\"},{\"@type\":\"ListItem\",\"position\":2,\"name\":\"Parduotuv\u0117\",\"item\":\"https:\/\/skaitytaknyga.lt\/knygu-parduotuve\/\"},{\"@type\":\"ListItem\",\"position\":3,\"name\":\"Kulinarin\u0117s kelion\u0117s: kulinarini\u0173 kelioni\u0173 po Lietuv\u0105 vadovas\"}]},{\"@type\":\"WebSite\",\"@id\":\"https:\/\/skaitytaknyga.lt\/#website\",\"url\":\"https:\/\/skaitytaknyga.lt\/\",\"name\":\"skaitytaknyga.lt\",\"description\":\"Skaitytaknyga.lt \u2013 tai ma\u017eas \u0161eimos verslas, kuris prasid\u0117jo nuo meil\u0117s knygoms ir siekio i\u0161gelb\u0117ti knygas nuo likimo prie konteinerio. Kas vienam nereikalingas daiktas \u2013 kitam lobis, o mes esame tarpininkai, kurie padeda abiems tapti laimingesniems ???? \u017dinome kaip nelengva i\u0161gyventi ma\u017eiems verslams, tad nuo \u0161iol, \u010dia rasite ir kit\u0173, ma\u017e\u0173 \u0161eim\u0173 versl\u0173, rank\u0173 darbo, dovan\u0173 sau ir artimiesiems.\",\"publisher\":{\"@id\":\"https:\/\/skaitytaknyga.lt\/#organization\"},\"potentialAction\":[{\"@type\":\"SearchAction\",\"target\":{\"@type\":\"EntryPoint\",\"urlTemplate\":\"https:\/\/skaitytaknyga.lt\/?s={search_term_string}\"},\"query-input\":{\"@type\":\"PropertyValueSpecification\",\"valueRequired\":true,\"valueName\":\"search_term_string\"}}],\"inLanguage\":\"en-GB\"},{\"@type\":\"Organization\",\"@id\":\"https:\/\/skaitytaknyga.lt\/#organization\",\"name\":\"skaitytaknyga.lt\",\"url\":\"https:\/\/skaitytaknyga.lt\/\",\"logo\":{\"@type\":\"ImageObject\",\"inLanguage\":\"en-GB\",\"@id\":\"https:\/\/skaitytaknyga.lt\/#\/schema\/logo\/image\/\",\"url\":\"https:\/\/skaitytaknyga.lt\/wp-content\/uploads\/2024\/05\/cropped-cropped-cropped-02_00843_jt3bggkj1j3HLc7SyY6rEUpg.jpeg\",\"contentUrl\":\"https:\/\/skaitytaknyga.lt\/wp-content\/uploads\/2024\/05\/cropped-cropped-cropped-02_00843_jt3bggkj1j3HLc7SyY6rEUpg.jpeg\",\"width\":1600,\"height\":1600,\"caption\":\"skaitytaknyga.lt\"},\"image\":{\"@id\":\"https:\/\/skaitytaknyga.lt\/#\/schema\/logo\/image\/\"},\"sameAs\":[\"https:\/\/www.facebook.com\/skaitytaknyga\/\"]}]}<\/script>\n<!-- \/ Yoast SEO plugin. -->","yoast_head_json":{"title":"Kulinarin\u0117s kelion\u0117s: kulinarini\u0173 kelioni\u0173 po Lietuv\u0105 vadovas","description":"Knyga \u201eKulinarin\u0117s kelion\u0117s\" pad\u0117s puikiai praleisti laisvalaik\u012f Lietuvoje su \u0161eima ar draugais. Joje rasite gra\u017eiausi\u0173 Lietuvos vietovi\u0173 apra\u0161ymus,","robots":{"index":"index","follow":"follow","max-snippet":"max-snippet:-1","max-image-preview":"max-image-preview:large","max-video-preview":"max-video-preview:-1"},"canonical":"https:\/\/skaitytaknyga.lt\/en\/produktas\/kulinarines-keliones-kulinariniu-kelioniu-po-lietuva-vadovas\/","og_locale":"en_GB","og_type":"article","og_title":"[:lt]Kulinarin\u0117s kelion\u0117s: kulinarini\u0173 kelioni\u0173 po Lietuv\u0105 vadovas[:] - Skaitytaknyga","og_description":"Knyga \u201eKulinarin\u0117s kelion\u0117s\" pad\u0117s puikiai praleisti laisvalaik\u012f Lietuvoje su \u0161eima ar draugais. Joje rasite gra\u017eiausi\u0173 Lietuvos vietovi\u0173 apra\u0161ymus,","og_url":"https:\/\/skaitytaknyga.lt\/en\/produktas\/kulinarines-keliones-kulinariniu-kelioniu-po-lietuva-vadovas\/","og_site_name":"Skaitytaknyga","article_publisher":"https:\/\/www.facebook.com\/skaitytaknyga\/","article_modified_time":"2025-06-26T11:45:30+00:00","og_image":[{"width":490,"height":691,"url":"https:\/\/skaitytaknyga.lt\/wp-content\/uploads\/2025\/06\/Kulinarines-keliones-kulinariniu-kelioniu-po-Lietuva-vadovas.webp","type":"image\/webp"}],"twitter_card":"summary_large_image","schema":{"@context":"https:\/\/schema.org","@graph":[{"@type":"WebPage","@id":"https:\/\/skaitytaknyga.lt\/produktas\/kulinarines-keliones-kulinariniu-kelioniu-po-lietuva-vadovas\/","url":"https:\/\/skaitytaknyga.lt\/produktas\/kulinarines-keliones-kulinariniu-kelioniu-po-lietuva-vadovas\/","name":"Kulinarin\u0117s kelion\u0117s: kulinarini\u0173 kelioni\u0173 po Lietuv\u0105 vadovas","isPartOf":{"@id":"https:\/\/skaitytaknyga.lt\/#website"},"primaryImageOfPage":{"@id":"https:\/\/skaitytaknyga.lt\/produktas\/kulinarines-keliones-kulinariniu-kelioniu-po-lietuva-vadovas\/#primaryimage"},"image":{"@id":"https:\/\/skaitytaknyga.lt\/produktas\/kulinarines-keliones-kulinariniu-kelioniu-po-lietuva-vadovas\/#primaryimage"},"thumbnailUrl":"https:\/\/skaitytaknyga.lt\/wp-content\/uploads\/2025\/06\/Kulinarines-keliones-kulinariniu-kelioniu-po-Lietuva-vadovas.webp","datePublished":"2025-06-14T08:53:48+00:00","dateModified":"2025-06-26T11:45:30+00:00","description":"Knyga \u201eKulinarin\u0117s kelion\u0117s\" pad\u0117s puikiai praleisti laisvalaik\u012f Lietuvoje su \u0161eima ar draugais. Joje rasite gra\u017eiausi\u0173 Lietuvos vietovi\u0173 apra\u0161ymus,","breadcrumb":{"@id":"https:\/\/skaitytaknyga.lt\/produktas\/kulinarines-keliones-kulinariniu-kelioniu-po-lietuva-vadovas\/#breadcrumb"},"inLanguage":"en-GB","potentialAction":[{"@type":"ReadAction","target":["https:\/\/skaitytaknyga.lt\/produktas\/kulinarines-keliones-kulinariniu-kelioniu-po-lietuva-vadovas\/"]}]},{"@type":"ImageObject","inLanguage":"en-GB","@id":"https:\/\/skaitytaknyga.lt\/produktas\/kulinarines-keliones-kulinariniu-kelioniu-po-lietuva-vadovas\/#primaryimage","url":"https:\/\/skaitytaknyga.lt\/wp-content\/uploads\/2025\/06\/Kulinarines-keliones-kulinariniu-kelioniu-po-Lietuva-vadovas.webp","contentUrl":"https:\/\/skaitytaknyga.lt\/wp-content\/uploads\/2025\/06\/Kulinarines-keliones-kulinariniu-kelioniu-po-Lietuva-vadovas.webp","width":490,"height":691,"caption":"Kulinarin\u0117s kelion\u0117s: kulinarini\u0173 kelioni\u0173 po Lietuv\u0105 vadovas"},{"@type":"BreadcrumbList","@id":"https:\/\/skaitytaknyga.lt\/produktas\/kulinarines-keliones-kulinariniu-kelioniu-po-lietuva-vadovas\/#breadcrumb","itemListElement":[{"@type":"ListItem","position":1,"name":"Home","item":"https:\/\/skaitytaknyga.lt\/"},{"@type":"ListItem","position":2,"name":"Parduotuv\u0117","item":"https:\/\/skaitytaknyga.lt\/knygu-parduotuve\/"},{"@type":"ListItem","position":3,"name":"Kulinarin\u0117s kelion\u0117s: kulinarini\u0173 kelioni\u0173 po Lietuv\u0105 vadovas"}]},{"@type":"WebSite","@id":"https:\/\/skaitytaknyga.lt\/#website","url":"https:\/\/skaitytaknyga.lt\/","name":"skaitytaknyga.lt","description":"Skaitytaknyga.lt \u2013 tai ma\u017eas \u0161eimos verslas, kuris prasid\u0117jo nuo meil\u0117s knygoms ir siekio i\u0161gelb\u0117ti knygas nuo likimo prie konteinerio. Kas vienam nereikalingas daiktas \u2013 kitam lobis, o mes esame tarpininkai, kurie padeda abiems tapti laimingesniems ???? \u017dinome kaip nelengva i\u0161gyventi ma\u017eiems verslams, tad nuo \u0161iol, \u010dia rasite ir kit\u0173, ma\u017e\u0173 \u0161eim\u0173 versl\u0173, rank\u0173 darbo, dovan\u0173 sau ir artimiesiems.","publisher":{"@id":"https:\/\/skaitytaknyga.lt\/#organization"},"potentialAction":[{"@type":"SearchAction","target":{"@type":"EntryPoint","urlTemplate":"https:\/\/skaitytaknyga.lt\/?s={search_term_string}"},"query-input":{"@type":"PropertyValueSpecification","valueRequired":true,"valueName":"search_term_string"}}],"inLanguage":"en-GB"},{"@type":"Organization","@id":"https:\/\/skaitytaknyga.lt\/#organization","name":"skaitytaknyga.lt","url":"https:\/\/skaitytaknyga.lt\/","logo":{"@type":"ImageObject","inLanguage":"en-GB","@id":"https:\/\/skaitytaknyga.lt\/#\/schema\/logo\/image\/","url":"https:\/\/skaitytaknyga.lt\/wp-content\/uploads\/2024\/05\/cropped-cropped-cropped-02_00843_jt3bggkj1j3HLc7SyY6rEUpg.jpeg","contentUrl":"https:\/\/skaitytaknyga.lt\/wp-content\/uploads\/2024\/05\/cropped-cropped-cropped-02_00843_jt3bggkj1j3HLc7SyY6rEUpg.jpeg","width":1600,"height":1600,"caption":"skaitytaknyga.lt"},"image":{"@id":"https:\/\/skaitytaknyga.lt\/#\/schema\/logo\/image\/"},"sameAs":["https:\/\/www.facebook.com\/skaitytaknyga\/"]}]}},"_links":{"self":[{"href":"https:\/\/skaitytaknyga.lt\/en\/wp-json\/wp\/v2\/product\/18858","targetHints":{"allow":["GET"]}}],"collection":[{"href":"https:\/\/skaitytaknyga.lt\/en\/wp-json\/wp\/v2\/product"}],"about":[{"href":"https:\/\/skaitytaknyga.lt\/en\/wp-json\/wp\/v2\/types\/product"}],"replies":[{"embeddable":true,"href":"https:\/\/skaitytaknyga.lt\/en\/wp-json\/wp\/v2\/comments?post=18858"}],"wp:featuredmedia":[{"embeddable":true,"href":"https:\/\/skaitytaknyga.lt\/en\/wp-json\/wp\/v2\/media\/18863"}],"wp:attachment":[{"href":"https:\/\/skaitytaknyga.lt\/en\/wp-json\/wp\/v2\/media?parent=18858"}],"wp:term":[{"taxonomy":"product_brand","embeddable":true,"href":"https:\/\/skaitytaknyga.lt\/en\/wp-json\/wp\/v2\/product_brand?post=18858"},{"taxonomy":"product_cat","embeddable":true,"href":"https:\/\/skaitytaknyga.lt\/en\/wp-json\/wp\/v2\/product_cat?post=18858"},{"taxonomy":"product_tag","embeddable":true,"href":"https:\/\/skaitytaknyga.lt\/en\/wp-json\/wp\/v2\/product_tag?post=18858"}],"curies":[{"name":"wp","href":"https:\/\/api.w.org\/{rel}","templated":true}]}}