{"id":18856,"date":"2025-06-13T19:31:43","date_gmt":"2025-06-13T16:31:43","guid":{"rendered":"https:\/\/skaitytaknyga.lt\/?post_type=product&#038;p=18856"},"modified":"2025-06-13T19:32:53","modified_gmt":"2025-06-13T16:32:53","slug":"mastyk-ir-buk-turtingas-2","status":"publish","type":"product","link":"https:\/\/skaitytaknyga.lt\/en\/produktas\/mastyk-ir-buk-turtingas-2\/","title":{"rendered":"M\u0105styk ir b\u016bk turtingas!"},"content":{"rendered":"<p>Dvi knygos vienoje!<\/p>\n<p><strong>M\u0105styk ir b\u016bk turtingas!<\/strong><\/p>\n<p>Tai yra pati populiariausia i\u0161\u00a0<strong>Napoleono Hilo<\/strong>\u00a0knyg\u0173. Para\u0161yta Did\u017eiosios depresijos metais (1937), ji \u012fvairiomis kalbomis buvo i\u0161leista daugiau nei dvide\u0161imties milijon\u0173 tira\u017eu.<\/p>\n<p>Autorius tvirtina, kad did\u017eioji dalis \u017emoni\u0173 nesuvokia, ko jie i\u0161 tikr\u0173j\u0173 siekia ir kokie yra j\u0173 tikslai. Tod\u0117l \u017emon\u0117ms reikia patikimo vedlio bei patar\u0117jo.<\/p>\n<p>\u0160is knygos leidimas kaip tik pritaikytas \u0161iandieniniam skaitytojui, kuris, pavarg\u0119s nuo nuolatinio streso, ie\u0161ko atsakymo \u012f klausimus, kokios yra profesin\u0117s s\u0117km\u0117s paslaptys.\u00a0<strong>\u201eM\u0105styk ir b\u016bk turtingas\u201c<\/strong>\u00a0&#8211; gausiais pavyzd\u017eiais paremtas s\u0105moningo turt\u0117jimo vadov\u0117lis, kur\u012f daug ne\u012ftikimai turting\u0173 \u017emoni\u0173 vertina kaip savo s\u0117km\u0117s katalizatori\u0173.<\/p>\n<p><strong>Suklest\u0117k per metus<\/strong><\/p>\n<p>Tai 52 labai paprastos ir nuo\u0161ird\u017eios\u00a0<strong>Napoleono Hilo<\/strong>\u00a0s\u0117km\u0117s pamokos. I\u0161 tikr\u0173j\u0173 jos tokios nesud\u0117tingos, kad da\u017enas jas perskait\u0119s nustemba: \u201eKod\u0117l a\u0161 to nesupratau pats?\u201c<\/p>\n<p>Kiekvien\u0105 savait\u0119 jums si\u016bloma viena pamoka. Savait\u0117 \u2013 tai tas laikas, per kur\u012f gauta pamoka \u012fsitvirtins s\u0105mon\u0117je ir leis jums bent truput\u0117l\u012f pakoreguoti savo elges\u012f \u2013 vis\u0173 pirma profesin\u0117s veiklos srityje.<\/p>\n<p>Originalus pavadinimas: THINK AND GROW RICH<br \/>\nAutorius: Napoleon Hill<br \/>\nLeid\u0117jas Luceo<br \/>\nMetai: 2022<br \/>\nPuslapiai: 336<br \/>\nISBN : 9786098247435<br \/>\nVersijos kodas: P.8<br \/>\nFormatas: 14,5 x 22 x 2,8 cm, kieti vir\u0161eliai<br \/>\nKalba: Lietuvi\u0173<br \/>\nVert\u0117jas: Vytautas Lapukauskas<\/p>\n","protected":false},"excerpt":{"rendered":"<p>Dvi knygos vienoje! M\u0105styk ir b\u016bk turtingas! Tai yra pati populiariausia i\u0161\u00a0Napoleono Hilo\u00a0knyg\u0173. Para\u0161yta Did\u017eiosios depresijos metais (1937), ji \u012fvairiomis kalbomis buvo i\u0161leista daugiau nei dvide\u0161imties milijon\u0173 tira\u017eu. Autorius tvirtina, kad did\u017eioji dalis \u017emoni\u0173 nesuvokia, ko jie i\u0161 tikr\u0173j\u0173 siekia ir kokie yra j\u0173 tikslai. Tod\u0117l \u017emon\u0117ms reikia patikimo vedlio bei patar\u0117jo. \u0160is knygos leidimas kaip tik pritaikytas \u0161iandieniniam skaitytojui, kuris, pavarg\u0119s nuo nuolatinio streso, ie\u0161ko atsakymo \u012f klausimus, kokios yra profesin\u0117s s\u0117km\u0117s paslaptys.\u00a0\u201eM\u0105styk ir b\u016bk turtingas\u201c\u00a0&#8211; gausiais pavyzd\u017eiais paremtas s\u0105moningo turt\u0117jimo vadov\u0117lis, kur\u012f daug ne\u012ftikimai turting\u0173 \u017emoni\u0173 vertina kaip savo s\u0117km\u0117s katalizatori\u0173. Suklest\u0117k per metus Tai 52 labai paprastos ir nuo\u0161ird\u017eios\u00a0Napoleono Hilo\u00a0s\u0117km\u0117s pamokos. I\u0161 tikr\u0173j\u0173 jos tokios nesud\u0117tingos, kad da\u017enas jas perskait\u0119s nustemba: \u201eKod\u0117l a\u0161 to nesupratau pats?\u201c Kiekvien\u0105 savait\u0119 jums si\u016bloma viena pamoka. Savait\u0117 \u2013 tai tas laikas, per kur\u012f gauta pamoka \u012fsitvirtins s\u0105mon\u0117je ir leis jums bent truput\u0117l\u012f pakoreguoti savo elges\u012f \u2013 vis\u0173 pirma profesin\u0117s veiklos srityje. Originalus pavadinimas: THINK AND GROW RICH Autorius: Napoleon Hill Leid\u0117jas Luceo Metai: 2022 Puslapiai: 336 ISBN : 9786098247435 Versijos kodas: P.8 Formatas: 14,5 x 22 x 2,8 cm, kieti vir\u0161eliai Kalba: Lietuvi\u0173 Vert\u0117jas: Vytautas Lapukauskas<\/p>\n","protected":false},"featured_media":18857,"comment_status":"closed","ping_status":"closed","template":"","meta":{"_acf_changed":false,"site-sidebar-layout":"default","site-content-layout":"","ast-site-content-layout":"default","site-content-style":"default","site-sidebar-style":"default","ast-global-header-display":"","ast-banner-title-visibility":"","ast-main-header-display":"","ast-hfb-above-header-display":"","ast-hfb-below-header-display":"","ast-hfb-mobile-header-display":"","site-post-title":"","ast-breadcrumbs-content":"","ast-featured-img":"","footer-sml-layout":"","ast-disable-related-posts":"","theme-transparent-header-meta":"default","adv-header-id-meta":"","stick-header-meta":"","header-above-stick-meta":"","header-main-stick-meta":"","header-below-stick-meta":"","astra-migrate-meta-layouts":"set","ast-page-background-enabled":"default","ast-page-background-meta":{"desktop":{"background-color":"","background-image":"","background-repeat":"repeat","background-position":"center center","background-size":"auto","background-attachment":"scroll","background-type":"","background-media":"","overlay-type":"","overlay-color":"","overlay-opacity":"","overlay-gradient":""},"tablet":{"background-color":"","background-image":"","background-repeat":"repeat","background-position":"center center","background-size":"auto","background-attachment":"scroll","background-type":"","background-media":"","overlay-type":"","overlay-color":"","overlay-opacity":"","overlay-gradient":""},"mobile":{"background-color":"","background-image":"","background-repeat":"repeat","background-position":"center center","background-size":"auto","background-attachment":"scroll","background-type":"","background-media":"","overlay-type":"","overlay-color":"","overlay-opacity":"","overlay-gradient":""}},"ast-content-background-meta":{"desktop":{"background-color":"var(--ast-global-color-4)","background-image":"","background-repeat":"repeat","background-position":"center center","background-size":"auto","background-attachment":"scroll","background-type":"","background-media":"","overlay-type":"","overlay-color":"","overlay-opacity":"","overlay-gradient":""},"tablet":{"background-color":"var(--ast-global-color-4)","background-image":"","background-repeat":"repeat","background-position":"center center","background-size":"auto","background-attachment":"scroll","background-type":"","background-media":"","overlay-type":"","overlay-color":"","overlay-opacity":"","overlay-gradient":""},"mobile":{"background-color":"var(--ast-global-color-4)","background-image":"","background-repeat":"repeat","background-position":"center center","background-size":"auto","background-attachment":"scroll","background-type":"","background-media":"","overlay-type":"","overlay-color":"","overlay-opacity":"","overlay-gradient":""}}},"product_brand":[],"product_cat":[30,26],"product_tag":[2564,1409,2563,1396,2411,2565,2356],"class_list":{"0":"post-18856","1":"product","2":"type-product","3":"status-publish","4":"has-post-thumbnail","6":"product_cat-psichologija-ir-saviugda","7":"product_cat-verslas-vadyba-ir-finansai","8":"product_tag-finansine-laisve","9":"product_tag-motyvacija","10":"product_tag-napoleon-hill","11":"product_tag-saviugda","12":"product_tag-sekme","13":"product_tag-tikslu-siekimas","14":"product_tag-verslas","15":"desktop-align-left","16":"tablet-align-left","17":"mobile-align-left","19":"first","20":"instock","21":"shipping-taxable","22":"purchasable","23":"product-type-simple"},"acf":[],"yoast_head":"<!-- This site is optimized with the Yoast SEO plugin v27.0 - https:\/\/yoast.com\/product\/yoast-seo-wordpress\/ -->\n<title>M\u0105styk ir b\u016bk turtingas!<\/title>\n<meta name=\"description\" content=\"Dvi knygos vienoje! M\u0105styk ir b\u016bk turtingas! Tai yra pati populiariausia i\u0161\u00a0Napoleono Hilo\u00a0knyg\u0173. Para\u0161yta Did\u017eiosios depresijos metais (1937), ji\" \/>\n<meta name=\"robots\" content=\"index, follow, max-snippet:-1, max-image-preview:large, max-video-preview:-1\" \/>\n<link rel=\"canonical\" href=\"https:\/\/skaitytaknyga.lt\/en\/produktas\/mastyk-ir-buk-turtingas-2\/\" \/>\n<meta property=\"og:locale\" content=\"en_GB\" \/>\n<meta property=\"og:locale:alternate\" content=\"lt_LT\" \/>\n<meta property=\"og:type\" content=\"article\" \/>\n<meta property=\"og:title\" content=\"M\u0105styk ir b\u016bk turtingas!\" \/>\n<meta property=\"og:description\" content=\"Dvi knygos vienoje! M\u0105styk ir b\u016bk turtingas! Tai yra pati populiariausia i\u0161\u00a0Napoleono Hilo\u00a0knyg\u0173. Para\u0161yta Did\u017eiosios depresijos metais (1937), ji\" \/>\n<meta property=\"og:url\" content=\"https:\/\/skaitytaknyga.lt\/en\/produktas\/mastyk-ir-buk-turtingas-2\/\" \/>\n<meta property=\"og:site_name\" content=\"Skaitytaknyga\" \/>\n<meta property=\"article:publisher\" content=\"https:\/\/www.facebook.com\/skaitytaknyga\/\" \/>\n<meta property=\"article:modified_time\" content=\"2025-06-13T16:32:53+00:00\" \/>\n<meta property=\"og:image\" content=\"https:\/\/skaitytaknyga.lt\/wp-content\/uploads\/2025\/06\/Mastyk-ir-buk-turtingas.webp\" \/>\n\t<meta property=\"og:image:width\" content=\"515\" \/>\n\t<meta property=\"og:image:height\" content=\"800\" \/>\n\t<meta property=\"og:image:type\" content=\"image\/webp\" \/>\n<meta name=\"twitter:card\" content=\"summary_large_image\" \/>\n<meta name=\"twitter:label1\" content=\"Estimated reading time\" \/>\n\t<meta name=\"twitter:data1\" content=\"2 minutes\" \/>\n<script type=\"application\/ld+json\" class=\"yoast-schema-graph\">{\"@context\":\"https:\/\/schema.org\",\"@graph\":[{\"@type\":\"WebPage\",\"@id\":\"https:\/\/skaitytaknyga.lt\/produktas\/mastyk-ir-buk-turtingas-2\/\",\"url\":\"https:\/\/skaitytaknyga.lt\/produktas\/mastyk-ir-buk-turtingas-2\/\",\"name\":\"M\u0105styk ir b\u016bk turtingas!\",\"isPartOf\":{\"@id\":\"https:\/\/skaitytaknyga.lt\/#website\"},\"primaryImageOfPage\":{\"@id\":\"https:\/\/skaitytaknyga.lt\/produktas\/mastyk-ir-buk-turtingas-2\/#primaryimage\"},\"image\":{\"@id\":\"https:\/\/skaitytaknyga.lt\/produktas\/mastyk-ir-buk-turtingas-2\/#primaryimage\"},\"thumbnailUrl\":\"https:\/\/skaitytaknyga.lt\/wp-content\/uploads\/2025\/06\/Mastyk-ir-buk-turtingas.webp\",\"datePublished\":\"2025-06-13T16:31:43+00:00\",\"dateModified\":\"2025-06-13T16:32:53+00:00\",\"description\":\"Dvi knygos vienoje! M\u0105styk ir b\u016bk turtingas! Tai yra pati populiariausia i\u0161\u00a0Napoleono Hilo\u00a0knyg\u0173. Para\u0161yta Did\u017eiosios depresijos metais (1937), ji\",\"breadcrumb\":{\"@id\":\"https:\/\/skaitytaknyga.lt\/produktas\/mastyk-ir-buk-turtingas-2\/#breadcrumb\"},\"inLanguage\":\"en-GB\",\"potentialAction\":[{\"@type\":\"ReadAction\",\"target\":[\"https:\/\/skaitytaknyga.lt\/produktas\/mastyk-ir-buk-turtingas-2\/\"]}]},{\"@type\":\"ImageObject\",\"inLanguage\":\"en-GB\",\"@id\":\"https:\/\/skaitytaknyga.lt\/produktas\/mastyk-ir-buk-turtingas-2\/#primaryimage\",\"url\":\"https:\/\/skaitytaknyga.lt\/wp-content\/uploads\/2025\/06\/Mastyk-ir-buk-turtingas.webp\",\"contentUrl\":\"https:\/\/skaitytaknyga.lt\/wp-content\/uploads\/2025\/06\/Mastyk-ir-buk-turtingas.webp\",\"width\":515,\"height\":800,\"caption\":\"M\u0105styk ir b\u016bk turtingas.\"},{\"@type\":\"BreadcrumbList\",\"@id\":\"https:\/\/skaitytaknyga.lt\/produktas\/mastyk-ir-buk-turtingas-2\/#breadcrumb\",\"itemListElement\":[{\"@type\":\"ListItem\",\"position\":1,\"name\":\"Home\",\"item\":\"https:\/\/skaitytaknyga.lt\/\"},{\"@type\":\"ListItem\",\"position\":2,\"name\":\"Parduotuv\u0117\",\"item\":\"https:\/\/skaitytaknyga.lt\/knygu-parduotuve\/\"},{\"@type\":\"ListItem\",\"position\":3,\"name\":\"M\u0105styk ir b\u016bk turtingas!\"}]},{\"@type\":\"WebSite\",\"@id\":\"https:\/\/skaitytaknyga.lt\/#website\",\"url\":\"https:\/\/skaitytaknyga.lt\/\",\"name\":\"skaitytaknyga.lt\",\"description\":\"Skaitytaknyga.lt \u2013 tai ma\u017eas \u0161eimos verslas, kuris prasid\u0117jo nuo meil\u0117s knygoms ir siekio i\u0161gelb\u0117ti knygas nuo likimo prie konteinerio. Kas vienam nereikalingas daiktas \u2013 kitam lobis, o mes esame tarpininkai, kurie padeda abiems tapti laimingesniems ???? \u017dinome kaip nelengva i\u0161gyventi ma\u017eiems verslams, tad nuo \u0161iol, \u010dia rasite ir kit\u0173, ma\u017e\u0173 \u0161eim\u0173 versl\u0173, rank\u0173 darbo, dovan\u0173 sau ir artimiesiems.\",\"publisher\":{\"@id\":\"https:\/\/skaitytaknyga.lt\/#organization\"},\"potentialAction\":[{\"@type\":\"SearchAction\",\"target\":{\"@type\":\"EntryPoint\",\"urlTemplate\":\"https:\/\/skaitytaknyga.lt\/?s={search_term_string}\"},\"query-input\":{\"@type\":\"PropertyValueSpecification\",\"valueRequired\":true,\"valueName\":\"search_term_string\"}}],\"inLanguage\":\"en-GB\"},{\"@type\":\"Organization\",\"@id\":\"https:\/\/skaitytaknyga.lt\/#organization\",\"name\":\"skaitytaknyga.lt\",\"url\":\"https:\/\/skaitytaknyga.lt\/\",\"logo\":{\"@type\":\"ImageObject\",\"inLanguage\":\"en-GB\",\"@id\":\"https:\/\/skaitytaknyga.lt\/#\/schema\/logo\/image\/\",\"url\":\"https:\/\/skaitytaknyga.lt\/wp-content\/uploads\/2024\/05\/cropped-cropped-cropped-02_00843_jt3bggkj1j3HLc7SyY6rEUpg.jpeg\",\"contentUrl\":\"https:\/\/skaitytaknyga.lt\/wp-content\/uploads\/2024\/05\/cropped-cropped-cropped-02_00843_jt3bggkj1j3HLc7SyY6rEUpg.jpeg\",\"width\":1600,\"height\":1600,\"caption\":\"skaitytaknyga.lt\"},\"image\":{\"@id\":\"https:\/\/skaitytaknyga.lt\/#\/schema\/logo\/image\/\"},\"sameAs\":[\"https:\/\/www.facebook.com\/skaitytaknyga\/\"]}]}<\/script>\n<!-- \/ Yoast SEO plugin. -->","yoast_head_json":{"title":"M\u0105styk ir b\u016bk turtingas!","description":"Dvi knygos vienoje! M\u0105styk ir b\u016bk turtingas! Tai yra pati populiariausia i\u0161\u00a0Napoleono Hilo\u00a0knyg\u0173. Para\u0161yta Did\u017eiosios depresijos metais (1937), ji","robots":{"index":"index","follow":"follow","max-snippet":"max-snippet:-1","max-image-preview":"max-image-preview:large","max-video-preview":"max-video-preview:-1"},"canonical":"https:\/\/skaitytaknyga.lt\/en\/produktas\/mastyk-ir-buk-turtingas-2\/","og_locale":"en_GB","og_type":"article","og_title":"[:lt]M\u0105styk ir b\u016bk turtingas![:] - Skaitytaknyga","og_description":"Dvi knygos vienoje! M\u0105styk ir b\u016bk turtingas! Tai yra pati populiariausia i\u0161\u00a0Napoleono Hilo\u00a0knyg\u0173. Para\u0161yta Did\u017eiosios depresijos metais (1937), ji","og_url":"https:\/\/skaitytaknyga.lt\/en\/produktas\/mastyk-ir-buk-turtingas-2\/","og_site_name":"Skaitytaknyga","article_publisher":"https:\/\/www.facebook.com\/skaitytaknyga\/","article_modified_time":"2025-06-13T16:32:53+00:00","og_image":[{"width":515,"height":800,"url":"https:\/\/skaitytaknyga.lt\/wp-content\/uploads\/2025\/06\/Mastyk-ir-buk-turtingas.webp","type":"image\/webp"}],"twitter_card":"summary_large_image","twitter_misc":{"Estimated reading time":"2 minutes"},"schema":{"@context":"https:\/\/schema.org","@graph":[{"@type":"WebPage","@id":"https:\/\/skaitytaknyga.lt\/produktas\/mastyk-ir-buk-turtingas-2\/","url":"https:\/\/skaitytaknyga.lt\/produktas\/mastyk-ir-buk-turtingas-2\/","name":"M\u0105styk ir b\u016bk turtingas!","isPartOf":{"@id":"https:\/\/skaitytaknyga.lt\/#website"},"primaryImageOfPage":{"@id":"https:\/\/skaitytaknyga.lt\/produktas\/mastyk-ir-buk-turtingas-2\/#primaryimage"},"image":{"@id":"https:\/\/skaitytaknyga.lt\/produktas\/mastyk-ir-buk-turtingas-2\/#primaryimage"},"thumbnailUrl":"https:\/\/skaitytaknyga.lt\/wp-content\/uploads\/2025\/06\/Mastyk-ir-buk-turtingas.webp","datePublished":"2025-06-13T16:31:43+00:00","dateModified":"2025-06-13T16:32:53+00:00","description":"Dvi knygos vienoje! M\u0105styk ir b\u016bk turtingas! Tai yra pati populiariausia i\u0161\u00a0Napoleono Hilo\u00a0knyg\u0173. Para\u0161yta Did\u017eiosios depresijos metais (1937), ji","breadcrumb":{"@id":"https:\/\/skaitytaknyga.lt\/produktas\/mastyk-ir-buk-turtingas-2\/#breadcrumb"},"inLanguage":"en-GB","potentialAction":[{"@type":"ReadAction","target":["https:\/\/skaitytaknyga.lt\/produktas\/mastyk-ir-buk-turtingas-2\/"]}]},{"@type":"ImageObject","inLanguage":"en-GB","@id":"https:\/\/skaitytaknyga.lt\/produktas\/mastyk-ir-buk-turtingas-2\/#primaryimage","url":"https:\/\/skaitytaknyga.lt\/wp-content\/uploads\/2025\/06\/Mastyk-ir-buk-turtingas.webp","contentUrl":"https:\/\/skaitytaknyga.lt\/wp-content\/uploads\/2025\/06\/Mastyk-ir-buk-turtingas.webp","width":515,"height":800,"caption":"M\u0105styk ir b\u016bk turtingas."},{"@type":"BreadcrumbList","@id":"https:\/\/skaitytaknyga.lt\/produktas\/mastyk-ir-buk-turtingas-2\/#breadcrumb","itemListElement":[{"@type":"ListItem","position":1,"name":"Home","item":"https:\/\/skaitytaknyga.lt\/"},{"@type":"ListItem","position":2,"name":"Parduotuv\u0117","item":"https:\/\/skaitytaknyga.lt\/knygu-parduotuve\/"},{"@type":"ListItem","position":3,"name":"M\u0105styk ir b\u016bk turtingas!"}]},{"@type":"WebSite","@id":"https:\/\/skaitytaknyga.lt\/#website","url":"https:\/\/skaitytaknyga.lt\/","name":"skaitytaknyga.lt","description":"Skaitytaknyga.lt \u2013 tai ma\u017eas \u0161eimos verslas, kuris prasid\u0117jo nuo meil\u0117s knygoms ir siekio i\u0161gelb\u0117ti knygas nuo likimo prie konteinerio. Kas vienam nereikalingas daiktas \u2013 kitam lobis, o mes esame tarpininkai, kurie padeda abiems tapti laimingesniems ???? \u017dinome kaip nelengva i\u0161gyventi ma\u017eiems verslams, tad nuo \u0161iol, \u010dia rasite ir kit\u0173, ma\u017e\u0173 \u0161eim\u0173 versl\u0173, rank\u0173 darbo, dovan\u0173 sau ir artimiesiems.","publisher":{"@id":"https:\/\/skaitytaknyga.lt\/#organization"},"potentialAction":[{"@type":"SearchAction","target":{"@type":"EntryPoint","urlTemplate":"https:\/\/skaitytaknyga.lt\/?s={search_term_string}"},"query-input":{"@type":"PropertyValueSpecification","valueRequired":true,"valueName":"search_term_string"}}],"inLanguage":"en-GB"},{"@type":"Organization","@id":"https:\/\/skaitytaknyga.lt\/#organization","name":"skaitytaknyga.lt","url":"https:\/\/skaitytaknyga.lt\/","logo":{"@type":"ImageObject","inLanguage":"en-GB","@id":"https:\/\/skaitytaknyga.lt\/#\/schema\/logo\/image\/","url":"https:\/\/skaitytaknyga.lt\/wp-content\/uploads\/2024\/05\/cropped-cropped-cropped-02_00843_jt3bggkj1j3HLc7SyY6rEUpg.jpeg","contentUrl":"https:\/\/skaitytaknyga.lt\/wp-content\/uploads\/2024\/05\/cropped-cropped-cropped-02_00843_jt3bggkj1j3HLc7SyY6rEUpg.jpeg","width":1600,"height":1600,"caption":"skaitytaknyga.lt"},"image":{"@id":"https:\/\/skaitytaknyga.lt\/#\/schema\/logo\/image\/"},"sameAs":["https:\/\/www.facebook.com\/skaitytaknyga\/"]}]}},"_links":{"self":[{"href":"https:\/\/skaitytaknyga.lt\/en\/wp-json\/wp\/v2\/product\/18856","targetHints":{"allow":["GET"]}}],"collection":[{"href":"https:\/\/skaitytaknyga.lt\/en\/wp-json\/wp\/v2\/product"}],"about":[{"href":"https:\/\/skaitytaknyga.lt\/en\/wp-json\/wp\/v2\/types\/product"}],"replies":[{"embeddable":true,"href":"https:\/\/skaitytaknyga.lt\/en\/wp-json\/wp\/v2\/comments?post=18856"}],"wp:featuredmedia":[{"embeddable":true,"href":"https:\/\/skaitytaknyga.lt\/en\/wp-json\/wp\/v2\/media\/18857"}],"wp:attachment":[{"href":"https:\/\/skaitytaknyga.lt\/en\/wp-json\/wp\/v2\/media?parent=18856"}],"wp:term":[{"taxonomy":"product_brand","embeddable":true,"href":"https:\/\/skaitytaknyga.lt\/en\/wp-json\/wp\/v2\/product_brand?post=18856"},{"taxonomy":"product_cat","embeddable":true,"href":"https:\/\/skaitytaknyga.lt\/en\/wp-json\/wp\/v2\/product_cat?post=18856"},{"taxonomy":"product_tag","embeddable":true,"href":"https:\/\/skaitytaknyga.lt\/en\/wp-json\/wp\/v2\/product_tag?post=18856"}],"curies":[{"name":"wp","href":"https:\/\/api.w.org\/{rel}","templated":true}]}}