{"id":18854,"date":"2025-06-13T19:24:06","date_gmt":"2025-06-13T16:24:06","guid":{"rendered":"https:\/\/skaitytaknyga.lt\/?post_type=product&#038;p=18854"},"modified":"2026-03-05T12:47:05","modified_gmt":"2026-03-05T10:47:05","slug":"silmariljonas","status":"publish","type":"product","link":"https:\/\/skaitytaknyga.lt\/en\/produktas\/silmariljonas\/","title":{"rendered":"Silmariljonas"},"content":{"rendered":"<p>J. R. R. Tolkieno vardas am\u017einai \u012fra\u0161ytas \u012f pasaulin\u0117s literat\u016bros istorij\u0105 d\u0117l garsiosios \u201e\u017died\u0173 Valdovo&#8221; trilogijos mil\u017eini\u0161ko pasisekimo. Nepaprasta autoriaus i\u0161mone stebina \u201eSilmariljonas&#8221; mus perkeliantis \u012f Pasaulio istorijos Pirm\u0105j\u012f am\u017ei\u0173. Knygoje atskleid\u017eiama \u201e\u017died\u0173 Valdovo&#8221;\u00a0 prie\u0161istor\u0117, kai Vidur\u017eemyje apsigyveno pirmas Tamsusis Valdovas Morgotas ir elf\u0173 meistro Feanoro gentis prad\u0117jo su juo kar\u0105. Kova u\u017everda d\u0117l trij\u0173 stebukling\u0173 brangakmeni\u0173 &#8211; Silmaril\u0173, \u0161vytin\u010di\u0173 diev\u0173 kra\u0161to &#8211; Valinoro \u0161viesa.<\/p>\n<p>\u201eSilmariljonas&#8221; atspindi vis\u0105 Vidur\u017eemio istorij\u0105 nuo ainur\u0173 Muzikos, kuria prasid\u0117jo pasaulis, iki \u017diedo saugotoj\u0173 i\u0161plaukimo i\u0161 Mitlondo uosto Tre\u010diojo am\u017eiaus pabaigoje. Pasakojama apie did\u017eias ir galingas b\u016btybes, kurios formavo ne tik Vidur\u017eem\u012f, bet ir vis\u0105 Visat\u0105. Apie r\u016bs\u010di\u0105 ir negailesting\u0105 kov\u0105 su Blogiu, apie daugel\u012f pergali\u0173 ir pralaim\u0117jim\u0173.<\/p>\n<p>Autorius: J. R. R. Tolkien<br \/>\nLeid\u0117jas Alma littera<br \/>\nMetai: 2009<br \/>\nPuslapiai: 480<br \/>\nISBN-10 : 9955384085<br \/>\nISBN-13 : 9789955384083<br \/>\nVersijos kodas: PT.<br \/>\nFormatas: 15 x 24,4 x 4 cm, kieti vir\u0161eliai<br \/>\nKalba: Lietuvi\u0173<br \/>\nVert\u0117jas: Leonas Judelevi\u010dius<\/p>\n","protected":false},"excerpt":{"rendered":"<p>J. R. R. Tolkieno vardas am\u017einai \u012fra\u0161ytas \u012f pasaulin\u0117s literat\u016bros istorij\u0105 d\u0117l garsiosios \u201e\u017died\u0173 Valdovo&#8221; trilogijos mil\u017eini\u0161ko pasisekimo. Nepaprasta autoriaus i\u0161mone stebina \u201eSilmariljonas&#8221; mus perkeliantis \u012f Pasaulio istorijos Pirm\u0105j\u012f am\u017ei\u0173. Knygoje atskleid\u017eiama \u201e\u017died\u0173 Valdovo&#8221;\u00a0 prie\u0161istor\u0117, kai Vidur\u017eemyje apsigyveno pirmas Tamsusis Valdovas Morgotas ir elf\u0173 meistro Feanoro gentis prad\u0117jo su juo kar\u0105. Kova u\u017everda d\u0117l trij\u0173 stebukling\u0173 brangakmeni\u0173 &#8211; Silmaril\u0173, \u0161vytin\u010di\u0173 diev\u0173 kra\u0161to &#8211; Valinoro \u0161viesa. \u201eSilmariljonas&#8221; atspindi vis\u0105 Vidur\u017eemio istorij\u0105 nuo ainur\u0173 Muzikos, kuria prasid\u0117jo pasaulis, iki \u017diedo saugotoj\u0173 i\u0161plaukimo i\u0161 Mitlondo uosto Tre\u010diojo am\u017eiaus pabaigoje. Pasakojama apie did\u017eias ir galingas b\u016btybes, kurios formavo ne tik Vidur\u017eem\u012f, bet ir vis\u0105 Visat\u0105. Apie r\u016bs\u010di\u0105 ir negailesting\u0105 kov\u0105 su Blogiu, apie daugel\u012f pergali\u0173 ir pralaim\u0117jim\u0173. Autorius: J. R. R. Tolkien Leid\u0117jas Alma littera Metai: 2009 Puslapiai: 480 ISBN-10 : 9955384085 ISBN-13 : 9789955384083 Versijos kodas: PT. Formatas: 15 x 24,4 x 4 cm, kieti vir\u0161eliai Kalba: Lietuvi\u0173 Vert\u0117jas: Leonas Judelevi\u010dius<\/p>\n","protected":false},"featured_media":18855,"comment_status":"open","ping_status":"closed","template":"","meta":{"_acf_changed":false,"site-sidebar-layout":"default","site-content-layout":"","ast-site-content-layout":"default","site-content-style":"default","site-sidebar-style":"default","ast-global-header-display":"","ast-banner-title-visibility":"","ast-main-header-display":"","ast-hfb-above-header-display":"","ast-hfb-below-header-display":"","ast-hfb-mobile-header-display":"","site-post-title":"","ast-breadcrumbs-content":"","ast-featured-img":"","footer-sml-layout":"","ast-disable-related-posts":"","theme-transparent-header-meta":"default","adv-header-id-meta":"","stick-header-meta":"","header-above-stick-meta":"","header-main-stick-meta":"","header-below-stick-meta":"","astra-migrate-meta-layouts":"set","ast-page-background-enabled":"default","ast-page-background-meta":{"desktop":{"background-color":"","background-image":"","background-repeat":"repeat","background-position":"center center","background-size":"auto","background-attachment":"scroll","background-type":"","background-media":"","overlay-type":"","overlay-color":"","overlay-opacity":"","overlay-gradient":""},"tablet":{"background-color":"","background-image":"","background-repeat":"repeat","background-position":"center center","background-size":"auto","background-attachment":"scroll","background-type":"","background-media":"","overlay-type":"","overlay-color":"","overlay-opacity":"","overlay-gradient":""},"mobile":{"background-color":"","background-image":"","background-repeat":"repeat","background-position":"center center","background-size":"auto","background-attachment":"scroll","background-type":"","background-media":"","overlay-type":"","overlay-color":"","overlay-opacity":"","overlay-gradient":""}},"ast-content-background-meta":{"desktop":{"background-color":"var(--ast-global-color-4)","background-image":"","background-repeat":"repeat","background-position":"center center","background-size":"auto","background-attachment":"scroll","background-type":"","background-media":"","overlay-type":"","overlay-color":"","overlay-opacity":"","overlay-gradient":""},"tablet":{"background-color":"var(--ast-global-color-4)","background-image":"","background-repeat":"repeat","background-position":"center center","background-size":"auto","background-attachment":"scroll","background-type":"","background-media":"","overlay-type":"","overlay-color":"","overlay-opacity":"","overlay-gradient":""},"mobile":{"background-color":"var(--ast-global-color-4)","background-image":"","background-repeat":"repeat","background-position":"center center","background-size":"auto","background-attachment":"scroll","background-type":"","background-media":"","overlay-type":"","overlay-color":"","overlay-opacity":"","overlay-gradient":""}}},"product_brand":[],"product_cat":[9621],"product_tag":[1505,1449,1504,1508,1115,5336,5335,3540],"class_list":{"0":"post-18854","1":"product","2":"type-product","3":"status-publish","4":"has-post-thumbnail","6":"product_cat-fantastika-fantastika","7":"product_tag-elfai","8":"product_tag-epas","9":"product_tag-fantastika","10":"product_tag-j-r-r-tolkien","11":"product_tag-mitologija","12":"product_tag-silmarilai","13":"product_tag-tamsusis-valdovas","14":"product_tag-vidurzemis","15":"desktop-align-left","16":"tablet-align-left","17":"mobile-align-left","19":"first","20":"instock","21":"shipping-taxable","22":"purchasable","23":"product-type-simple"},"acf":[],"yoast_head":"<!-- This site is optimized with the Yoast SEO plugin v27.0 - https:\/\/yoast.com\/product\/yoast-seo-wordpress\/ -->\n<title>Silmariljonas<\/title>\n<meta name=\"description\" content=\"J. R. R. Tolkieno vardas am\u017einai \u012fra\u0161ytas \u012f pasaulin\u0117s literat\u016bros istorij\u0105 d\u0117l garsiosios \u201e\u017died\u0173 Valdovo&quot; trilogijos mil\u017eini\u0161ko pasisekimo. Nepaprasta\" \/>\n<meta name=\"robots\" content=\"index, follow, max-snippet:-1, max-image-preview:large, max-video-preview:-1\" \/>\n<link rel=\"canonical\" href=\"https:\/\/skaitytaknyga.lt\/en\/produktas\/silmariljonas\/\" \/>\n<meta property=\"og:locale\" content=\"en_GB\" \/>\n<meta property=\"og:locale:alternate\" content=\"lt_LT\" \/>\n<meta property=\"og:type\" content=\"article\" \/>\n<meta property=\"og:title\" content=\"Silmariljonas\" \/>\n<meta property=\"og:description\" content=\"J. R. R. Tolkieno vardas am\u017einai \u012fra\u0161ytas \u012f pasaulin\u0117s literat\u016bros istorij\u0105 d\u0117l garsiosios \u201e\u017died\u0173 Valdovo&quot; trilogijos mil\u017eini\u0161ko pasisekimo. Nepaprasta\" \/>\n<meta property=\"og:url\" content=\"https:\/\/skaitytaknyga.lt\/en\/produktas\/silmariljonas\/\" \/>\n<meta property=\"og:site_name\" content=\"Skaitytaknyga\" \/>\n<meta property=\"article:publisher\" content=\"https:\/\/www.facebook.com\/skaitytaknyga\/\" \/>\n<meta property=\"article:modified_time\" content=\"2026-03-05T10:47:05+00:00\" \/>\n<meta property=\"og:image\" content=\"https:\/\/skaitytaknyga.lt\/wp-content\/uploads\/2025\/06\/Silmariljonas.webp\" \/>\n\t<meta property=\"og:image:width\" content=\"495\" \/>\n\t<meta property=\"og:image:height\" content=\"800\" \/>\n\t<meta property=\"og:image:type\" content=\"image\/webp\" \/>\n<meta name=\"twitter:card\" content=\"summary_large_image\" \/>\n<meta name=\"twitter:label1\" content=\"Estimated reading time\" \/>\n\t<meta name=\"twitter:data1\" content=\"1 minute\" \/>\n<script type=\"application\/ld+json\" class=\"yoast-schema-graph\">{\"@context\":\"https:\/\/schema.org\",\"@graph\":[{\"@type\":\"WebPage\",\"@id\":\"https:\/\/skaitytaknyga.lt\/produktas\/silmariljonas\/\",\"url\":\"https:\/\/skaitytaknyga.lt\/produktas\/silmariljonas\/\",\"name\":\"Silmariljonas\",\"isPartOf\":{\"@id\":\"https:\/\/skaitytaknyga.lt\/#website\"},\"primaryImageOfPage\":{\"@id\":\"https:\/\/skaitytaknyga.lt\/produktas\/silmariljonas\/#primaryimage\"},\"image\":{\"@id\":\"https:\/\/skaitytaknyga.lt\/produktas\/silmariljonas\/#primaryimage\"},\"thumbnailUrl\":\"https:\/\/skaitytaknyga.lt\/wp-content\/uploads\/2025\/06\/Silmariljonas.webp\",\"datePublished\":\"2025-06-13T16:24:06+00:00\",\"dateModified\":\"2026-03-05T10:47:05+00:00\",\"description\":\"J. R. R. Tolkieno vardas am\u017einai \u012fra\u0161ytas \u012f pasaulin\u0117s literat\u016bros istorij\u0105 d\u0117l garsiosios \u201e\u017died\u0173 Valdovo\\\" trilogijos mil\u017eini\u0161ko pasisekimo. Nepaprasta\",\"breadcrumb\":{\"@id\":\"https:\/\/skaitytaknyga.lt\/produktas\/silmariljonas\/#breadcrumb\"},\"inLanguage\":\"en-GB\",\"potentialAction\":[{\"@type\":\"ReadAction\",\"target\":[\"https:\/\/skaitytaknyga.lt\/produktas\/silmariljonas\/\"]}]},{\"@type\":\"ImageObject\",\"inLanguage\":\"en-GB\",\"@id\":\"https:\/\/skaitytaknyga.lt\/produktas\/silmariljonas\/#primaryimage\",\"url\":\"https:\/\/skaitytaknyga.lt\/wp-content\/uploads\/2025\/06\/Silmariljonas.webp\",\"contentUrl\":\"https:\/\/skaitytaknyga.lt\/wp-content\/uploads\/2025\/06\/Silmariljonas.webp\",\"width\":495,\"height\":800,\"caption\":\"Silmariljonas\"},{\"@type\":\"BreadcrumbList\",\"@id\":\"https:\/\/skaitytaknyga.lt\/produktas\/silmariljonas\/#breadcrumb\",\"itemListElement\":[{\"@type\":\"ListItem\",\"position\":1,\"name\":\"Home\",\"item\":\"https:\/\/skaitytaknyga.lt\/\"},{\"@type\":\"ListItem\",\"position\":2,\"name\":\"Parduotuv\u0117\",\"item\":\"https:\/\/skaitytaknyga.lt\/knygu-parduotuve\/\"},{\"@type\":\"ListItem\",\"position\":3,\"name\":\"Silmariljonas\"}]},{\"@type\":\"WebSite\",\"@id\":\"https:\/\/skaitytaknyga.lt\/#website\",\"url\":\"https:\/\/skaitytaknyga.lt\/\",\"name\":\"skaitytaknyga.lt\",\"description\":\"Skaitytaknyga.lt \u2013 tai ma\u017eas \u0161eimos verslas, kuris prasid\u0117jo nuo meil\u0117s knygoms ir siekio i\u0161gelb\u0117ti knygas nuo likimo prie konteinerio. Kas vienam nereikalingas daiktas \u2013 kitam lobis, o mes esame tarpininkai, kurie padeda abiems tapti laimingesniems ???? \u017dinome kaip nelengva i\u0161gyventi ma\u017eiems verslams, tad nuo \u0161iol, \u010dia rasite ir kit\u0173, ma\u017e\u0173 \u0161eim\u0173 versl\u0173, rank\u0173 darbo, dovan\u0173 sau ir artimiesiems.\",\"publisher\":{\"@id\":\"https:\/\/skaitytaknyga.lt\/#organization\"},\"potentialAction\":[{\"@type\":\"SearchAction\",\"target\":{\"@type\":\"EntryPoint\",\"urlTemplate\":\"https:\/\/skaitytaknyga.lt\/?s={search_term_string}\"},\"query-input\":{\"@type\":\"PropertyValueSpecification\",\"valueRequired\":true,\"valueName\":\"search_term_string\"}}],\"inLanguage\":\"en-GB\"},{\"@type\":\"Organization\",\"@id\":\"https:\/\/skaitytaknyga.lt\/#organization\",\"name\":\"skaitytaknyga.lt\",\"url\":\"https:\/\/skaitytaknyga.lt\/\",\"logo\":{\"@type\":\"ImageObject\",\"inLanguage\":\"en-GB\",\"@id\":\"https:\/\/skaitytaknyga.lt\/#\/schema\/logo\/image\/\",\"url\":\"https:\/\/skaitytaknyga.lt\/wp-content\/uploads\/2024\/05\/cropped-cropped-cropped-02_00843_jt3bggkj1j3HLc7SyY6rEUpg.jpeg\",\"contentUrl\":\"https:\/\/skaitytaknyga.lt\/wp-content\/uploads\/2024\/05\/cropped-cropped-cropped-02_00843_jt3bggkj1j3HLc7SyY6rEUpg.jpeg\",\"width\":1600,\"height\":1600,\"caption\":\"skaitytaknyga.lt\"},\"image\":{\"@id\":\"https:\/\/skaitytaknyga.lt\/#\/schema\/logo\/image\/\"},\"sameAs\":[\"https:\/\/www.facebook.com\/skaitytaknyga\/\"]}]}<\/script>\n<!-- \/ Yoast SEO plugin. -->","yoast_head_json":{"title":"Silmariljonas","description":"J. R. R. Tolkieno vardas am\u017einai \u012fra\u0161ytas \u012f pasaulin\u0117s literat\u016bros istorij\u0105 d\u0117l garsiosios \u201e\u017died\u0173 Valdovo\" trilogijos mil\u017eini\u0161ko pasisekimo. Nepaprasta","robots":{"index":"index","follow":"follow","max-snippet":"max-snippet:-1","max-image-preview":"max-image-preview:large","max-video-preview":"max-video-preview:-1"},"canonical":"https:\/\/skaitytaknyga.lt\/en\/produktas\/silmariljonas\/","og_locale":"en_GB","og_type":"article","og_title":"[:lt]Silmariljonas[:] - Skaitytaknyga","og_description":"J. R. R. Tolkieno vardas am\u017einai \u012fra\u0161ytas \u012f pasaulin\u0117s literat\u016bros istorij\u0105 d\u0117l garsiosios \u201e\u017died\u0173 Valdovo\" trilogijos mil\u017eini\u0161ko pasisekimo. Nepaprasta","og_url":"https:\/\/skaitytaknyga.lt\/en\/produktas\/silmariljonas\/","og_site_name":"Skaitytaknyga","article_publisher":"https:\/\/www.facebook.com\/skaitytaknyga\/","article_modified_time":"2026-03-05T10:47:05+00:00","og_image":[{"width":495,"height":800,"url":"https:\/\/skaitytaknyga.lt\/wp-content\/uploads\/2025\/06\/Silmariljonas.webp","type":"image\/webp"}],"twitter_card":"summary_large_image","twitter_misc":{"Estimated reading time":"1 minute"},"schema":{"@context":"https:\/\/schema.org","@graph":[{"@type":"WebPage","@id":"https:\/\/skaitytaknyga.lt\/produktas\/silmariljonas\/","url":"https:\/\/skaitytaknyga.lt\/produktas\/silmariljonas\/","name":"Silmariljonas","isPartOf":{"@id":"https:\/\/skaitytaknyga.lt\/#website"},"primaryImageOfPage":{"@id":"https:\/\/skaitytaknyga.lt\/produktas\/silmariljonas\/#primaryimage"},"image":{"@id":"https:\/\/skaitytaknyga.lt\/produktas\/silmariljonas\/#primaryimage"},"thumbnailUrl":"https:\/\/skaitytaknyga.lt\/wp-content\/uploads\/2025\/06\/Silmariljonas.webp","datePublished":"2025-06-13T16:24:06+00:00","dateModified":"2026-03-05T10:47:05+00:00","description":"J. R. R. Tolkieno vardas am\u017einai \u012fra\u0161ytas \u012f pasaulin\u0117s literat\u016bros istorij\u0105 d\u0117l garsiosios \u201e\u017died\u0173 Valdovo\" trilogijos mil\u017eini\u0161ko pasisekimo. Nepaprasta","breadcrumb":{"@id":"https:\/\/skaitytaknyga.lt\/produktas\/silmariljonas\/#breadcrumb"},"inLanguage":"en-GB","potentialAction":[{"@type":"ReadAction","target":["https:\/\/skaitytaknyga.lt\/produktas\/silmariljonas\/"]}]},{"@type":"ImageObject","inLanguage":"en-GB","@id":"https:\/\/skaitytaknyga.lt\/produktas\/silmariljonas\/#primaryimage","url":"https:\/\/skaitytaknyga.lt\/wp-content\/uploads\/2025\/06\/Silmariljonas.webp","contentUrl":"https:\/\/skaitytaknyga.lt\/wp-content\/uploads\/2025\/06\/Silmariljonas.webp","width":495,"height":800,"caption":"Silmariljonas"},{"@type":"BreadcrumbList","@id":"https:\/\/skaitytaknyga.lt\/produktas\/silmariljonas\/#breadcrumb","itemListElement":[{"@type":"ListItem","position":1,"name":"Home","item":"https:\/\/skaitytaknyga.lt\/"},{"@type":"ListItem","position":2,"name":"Parduotuv\u0117","item":"https:\/\/skaitytaknyga.lt\/knygu-parduotuve\/"},{"@type":"ListItem","position":3,"name":"Silmariljonas"}]},{"@type":"WebSite","@id":"https:\/\/skaitytaknyga.lt\/#website","url":"https:\/\/skaitytaknyga.lt\/","name":"skaitytaknyga.lt","description":"Skaitytaknyga.lt \u2013 tai ma\u017eas \u0161eimos verslas, kuris prasid\u0117jo nuo meil\u0117s knygoms ir siekio i\u0161gelb\u0117ti knygas nuo likimo prie konteinerio. Kas vienam nereikalingas daiktas \u2013 kitam lobis, o mes esame tarpininkai, kurie padeda abiems tapti laimingesniems ???? \u017dinome kaip nelengva i\u0161gyventi ma\u017eiems verslams, tad nuo \u0161iol, \u010dia rasite ir kit\u0173, ma\u017e\u0173 \u0161eim\u0173 versl\u0173, rank\u0173 darbo, dovan\u0173 sau ir artimiesiems.","publisher":{"@id":"https:\/\/skaitytaknyga.lt\/#organization"},"potentialAction":[{"@type":"SearchAction","target":{"@type":"EntryPoint","urlTemplate":"https:\/\/skaitytaknyga.lt\/?s={search_term_string}"},"query-input":{"@type":"PropertyValueSpecification","valueRequired":true,"valueName":"search_term_string"}}],"inLanguage":"en-GB"},{"@type":"Organization","@id":"https:\/\/skaitytaknyga.lt\/#organization","name":"skaitytaknyga.lt","url":"https:\/\/skaitytaknyga.lt\/","logo":{"@type":"ImageObject","inLanguage":"en-GB","@id":"https:\/\/skaitytaknyga.lt\/#\/schema\/logo\/image\/","url":"https:\/\/skaitytaknyga.lt\/wp-content\/uploads\/2024\/05\/cropped-cropped-cropped-02_00843_jt3bggkj1j3HLc7SyY6rEUpg.jpeg","contentUrl":"https:\/\/skaitytaknyga.lt\/wp-content\/uploads\/2024\/05\/cropped-cropped-cropped-02_00843_jt3bggkj1j3HLc7SyY6rEUpg.jpeg","width":1600,"height":1600,"caption":"skaitytaknyga.lt"},"image":{"@id":"https:\/\/skaitytaknyga.lt\/#\/schema\/logo\/image\/"},"sameAs":["https:\/\/www.facebook.com\/skaitytaknyga\/"]}]}},"_links":{"self":[{"href":"https:\/\/skaitytaknyga.lt\/en\/wp-json\/wp\/v2\/product\/18854","targetHints":{"allow":["GET"]}}],"collection":[{"href":"https:\/\/skaitytaknyga.lt\/en\/wp-json\/wp\/v2\/product"}],"about":[{"href":"https:\/\/skaitytaknyga.lt\/en\/wp-json\/wp\/v2\/types\/product"}],"replies":[{"embeddable":true,"href":"https:\/\/skaitytaknyga.lt\/en\/wp-json\/wp\/v2\/comments?post=18854"}],"wp:featuredmedia":[{"embeddable":true,"href":"https:\/\/skaitytaknyga.lt\/en\/wp-json\/wp\/v2\/media\/18855"}],"wp:attachment":[{"href":"https:\/\/skaitytaknyga.lt\/en\/wp-json\/wp\/v2\/media?parent=18854"}],"wp:term":[{"taxonomy":"product_brand","embeddable":true,"href":"https:\/\/skaitytaknyga.lt\/en\/wp-json\/wp\/v2\/product_brand?post=18854"},{"taxonomy":"product_cat","embeddable":true,"href":"https:\/\/skaitytaknyga.lt\/en\/wp-json\/wp\/v2\/product_cat?post=18854"},{"taxonomy":"product_tag","embeddable":true,"href":"https:\/\/skaitytaknyga.lt\/en\/wp-json\/wp\/v2\/product_tag?post=18854"}],"curies":[{"name":"wp","href":"https:\/\/api.w.org\/{rel}","templated":true}]}}