{"id":18852,"date":"2025-06-13T19:21:39","date_gmt":"2025-06-13T16:21:39","guid":{"rendered":"https:\/\/skaitytaknyga.lt\/?post_type=product&#038;p=18852"},"modified":"2025-09-13T18:00:41","modified_gmt":"2025-09-13T15:00:41","slug":"metro-2034","status":"publish","type":"product","link":"https:\/\/skaitytaknyga.lt\/en\/produktas\/metro-2034\/","title":{"rendered":"Metro 2034"},"content":{"rendered":"<p>2034 metai.<\/p>\n<p>Visas pasaulis sugriautas branduolinio karo. Didieji miestai nu\u0161luoti nuo \u017dem\u0117s pavir\u0161iaus, apie ma\u017euosius ni\u010dnieko ne\u017einoma. Likusioji \u017emonijos dalis paskutines dienas stumia bunkeriuose bei sl\u0117ptuv\u0117se. Did\u017eiausia j\u0173 \u2013 Maskvos metropolitenas. I\u0161sigelb\u0117jo tik tie, kurie atsid\u016br\u0117 jame, ant sostin\u0117s krentant kovin\u0117ms raket\u0173 galvut\u0117ms. I\u0161likusiesiems po Paskutiniojo Teismo dienos metro tapo savoti\u0161ka Nojaus arka. Planetos pavir\u0161ius u\u017ekr\u0117stas radiacija ir apgyventas pabaisomis. Nuo \u0161iol gyventi \u012fmanoma tik po \u017eeme.<\/p>\n<p>Stotys virto savoti\u0161kais miestais-valstyb\u0117mis, tuneliuose karaliauja tamsa ir siaubas. Sevastopolio stoties, ma\u017eosios po\u017eemin\u0117s Spartos, gyventojams prireikia ne\u017emoni\u0161k\u0173 pastang\u0173, kad i\u0161likt\u0173 savo prieb\u0117goje ir apgint\u0173 j\u0105. Ta\u010diau kart\u0105 Sevastopolio stotis atkertama nuo viso likusio metro, ir jos gyventojams gresia siaubinga mirtis. \u017dmones i\u0161gelb\u0117ti gali tik didvyris&#8230;<\/p>\n<p>Originalus pavadinimas: \u041cetpo 2034<br \/>\nAutorius: Dmitry Glukhovsky<br \/>\nLeid\u0117jas UAB Novelita<br \/>\nMetai: 2012<br \/>\nPuslapiai: 288<br \/>\nISBN : 9786099543628<br \/>\nVersijos kodas: PT.<br \/>\nFormatas: 21,5 x 14,5 cm, mink\u0161ti vir\u0161eliai<br \/>\nKalba: Lietuvi\u0173<\/p>\n","protected":false},"excerpt":{"rendered":"<p>2034 metai. Visas pasaulis sugriautas branduolinio karo. Didieji miestai nu\u0161luoti nuo \u017dem\u0117s pavir\u0161iaus, apie ma\u017euosius ni\u010dnieko ne\u017einoma. Likusioji \u017emonijos dalis paskutines dienas stumia bunkeriuose bei sl\u0117ptuv\u0117se. Did\u017eiausia j\u0173 \u2013 Maskvos metropolitenas. I\u0161sigelb\u0117jo tik tie, kurie atsid\u016br\u0117 jame, ant sostin\u0117s krentant kovin\u0117ms raket\u0173 galvut\u0117ms. I\u0161likusiesiems po Paskutiniojo Teismo dienos metro tapo savoti\u0161ka Nojaus arka. Planetos pavir\u0161ius u\u017ekr\u0117stas radiacija ir apgyventas pabaisomis. Nuo \u0161iol gyventi \u012fmanoma tik po \u017eeme. Stotys virto savoti\u0161kais miestais-valstyb\u0117mis, tuneliuose karaliauja tamsa ir siaubas. Sevastopolio stoties, ma\u017eosios po\u017eemin\u0117s Spartos, gyventojams prireikia ne\u017emoni\u0161k\u0173 pastang\u0173, kad i\u0161likt\u0173 savo prieb\u0117goje ir apgint\u0173 j\u0105. Ta\u010diau kart\u0105 Sevastopolio stotis atkertama nuo viso likusio metro, ir jos gyventojams gresia siaubinga mirtis. \u017dmones i\u0161gelb\u0117ti gali tik didvyris&#8230; Originalus pavadinimas: \u041cetpo 2034 Autorius: Dmitry Glukhovsky Leid\u0117jas UAB Novelita Metai: 2012 Puslapiai: 288 ISBN : 9786099543628 Versijos kodas: PT. Formatas: 21,5 x 14,5 cm, mink\u0161ti vir\u0161eliai Kalba: Lietuvi\u0173<\/p>\n","protected":false},"featured_media":18853,"comment_status":"open","ping_status":"closed","template":"","meta":{"_acf_changed":false,"site-sidebar-layout":"default","site-content-layout":"","ast-site-content-layout":"default","site-content-style":"default","site-sidebar-style":"default","ast-global-header-display":"","ast-banner-title-visibility":"","ast-main-header-display":"","ast-hfb-above-header-display":"","ast-hfb-below-header-display":"","ast-hfb-mobile-header-display":"","site-post-title":"","ast-breadcrumbs-content":"","ast-featured-img":"","footer-sml-layout":"","ast-disable-related-posts":"","theme-transparent-header-meta":"default","adv-header-id-meta":"","stick-header-meta":"","header-above-stick-meta":"","header-main-stick-meta":"","header-below-stick-meta":"","astra-migrate-meta-layouts":"set","ast-page-background-enabled":"default","ast-page-background-meta":{"desktop":{"background-color":"","background-image":"","background-repeat":"repeat","background-position":"center center","background-size":"auto","background-attachment":"scroll","background-type":"","background-media":"","overlay-type":"","overlay-color":"","overlay-opacity":"","overlay-gradient":""},"tablet":{"background-color":"","background-image":"","background-repeat":"repeat","background-position":"center center","background-size":"auto","background-attachment":"scroll","background-type":"","background-media":"","overlay-type":"","overlay-color":"","overlay-opacity":"","overlay-gradient":""},"mobile":{"background-color":"","background-image":"","background-repeat":"repeat","background-position":"center center","background-size":"auto","background-attachment":"scroll","background-type":"","background-media":"","overlay-type":"","overlay-color":"","overlay-opacity":"","overlay-gradient":""}},"ast-content-background-meta":{"desktop":{"background-color":"var(--ast-global-color-4)","background-image":"","background-repeat":"repeat","background-position":"center center","background-size":"auto","background-attachment":"scroll","background-type":"","background-media":"","overlay-type":"","overlay-color":"","overlay-opacity":"","overlay-gradient":""},"tablet":{"background-color":"var(--ast-global-color-4)","background-image":"","background-repeat":"repeat","background-position":"center center","background-size":"auto","background-attachment":"scroll","background-type":"","background-media":"","overlay-type":"","overlay-color":"","overlay-opacity":"","overlay-gradient":""},"mobile":{"background-color":"var(--ast-global-color-4)","background-image":"","background-repeat":"repeat","background-position":"center center","background-size":"auto","background-attachment":"scroll","background-type":"","background-media":"","overlay-type":"","overlay-color":"","overlay-opacity":"","overlay-gradient":""}}},"product_brand":[],"product_cat":[31,15],"product_tag":[1673,5334,5333,2190,2936,2448],"class_list":{"0":"post-18852","1":"product","2":"type-product","3":"status-publish","4":"has-post-thumbnail","6":"product_cat-grozine-literatura","7":"product_cat-uncategorized","8":"product_tag-distopija","9":"product_tag-dmitry-glukhovsky","10":"product_tag-metro","11":"product_tag-moksline-fantastika","12":"product_tag-postapokalipse","13":"product_tag-rusija","14":"desktop-align-left","15":"tablet-align-left","16":"mobile-align-left","18":"first","19":"outofstock","20":"shipping-taxable","21":"purchasable","22":"product-type-simple"},"acf":[],"yoast_head":"<!-- This site is optimized with the Yoast SEO plugin v27.0 - https:\/\/yoast.com\/product\/yoast-seo-wordpress\/ -->\n<title>Metro 2034<\/title>\n<meta name=\"description\" content=\"2034 metai. Visas pasaulis sugriautas branduolinio karo. Didieji miestai nu\u0161luoti nuo \u017dem\u0117s pavir\u0161iaus, apie ma\u017euosius ni\u010dnieko ne\u017einoma. Likusioji\" \/>\n<meta name=\"robots\" content=\"index, follow, max-snippet:-1, max-image-preview:large, max-video-preview:-1\" \/>\n<link rel=\"canonical\" href=\"https:\/\/skaitytaknyga.lt\/en\/produktas\/metro-2034\/\" \/>\n<meta property=\"og:locale\" content=\"en_GB\" \/>\n<meta property=\"og:locale:alternate\" content=\"lt_LT\" \/>\n<meta property=\"og:type\" content=\"article\" \/>\n<meta property=\"og:title\" content=\"Metro 2034\" \/>\n<meta property=\"og:description\" content=\"2034 metai. Visas pasaulis sugriautas branduolinio karo. Didieji miestai nu\u0161luoti nuo \u017dem\u0117s pavir\u0161iaus, apie ma\u017euosius ni\u010dnieko ne\u017einoma. Likusioji\" \/>\n<meta property=\"og:url\" content=\"https:\/\/skaitytaknyga.lt\/en\/produktas\/metro-2034\/\" \/>\n<meta property=\"og:site_name\" content=\"Skaitytaknyga\" \/>\n<meta property=\"article:publisher\" content=\"https:\/\/www.facebook.com\/skaitytaknyga\/\" \/>\n<meta property=\"article:modified_time\" content=\"2025-09-13T15:00:41+00:00\" \/>\n<meta property=\"og:image\" content=\"https:\/\/skaitytaknyga.lt\/wp-content\/uploads\/2025\/06\/Metro-2034.webp\" \/>\n\t<meta property=\"og:image:width\" content=\"540\" \/>\n\t<meta property=\"og:image:height\" content=\"801\" \/>\n\t<meta property=\"og:image:type\" content=\"image\/webp\" \/>\n<meta name=\"twitter:card\" content=\"summary_large_image\" \/>\n<meta name=\"twitter:label1\" content=\"Estimated reading time\" \/>\n\t<meta name=\"twitter:data1\" content=\"1 minute\" \/>\n<script type=\"application\/ld+json\" class=\"yoast-schema-graph\">{\"@context\":\"https:\/\/schema.org\",\"@graph\":[{\"@type\":\"WebPage\",\"@id\":\"https:\/\/skaitytaknyga.lt\/produktas\/metro-2034\/\",\"url\":\"https:\/\/skaitytaknyga.lt\/produktas\/metro-2034\/\",\"name\":\"Metro 2034\",\"isPartOf\":{\"@id\":\"https:\/\/skaitytaknyga.lt\/#website\"},\"primaryImageOfPage\":{\"@id\":\"https:\/\/skaitytaknyga.lt\/produktas\/metro-2034\/#primaryimage\"},\"image\":{\"@id\":\"https:\/\/skaitytaknyga.lt\/produktas\/metro-2034\/#primaryimage\"},\"thumbnailUrl\":\"https:\/\/skaitytaknyga.lt\/wp-content\/uploads\/2025\/06\/Metro-2034.webp\",\"datePublished\":\"2025-06-13T16:21:39+00:00\",\"dateModified\":\"2025-09-13T15:00:41+00:00\",\"description\":\"2034 metai. Visas pasaulis sugriautas branduolinio karo. Didieji miestai nu\u0161luoti nuo \u017dem\u0117s pavir\u0161iaus, apie ma\u017euosius ni\u010dnieko ne\u017einoma. Likusioji\",\"breadcrumb\":{\"@id\":\"https:\/\/skaitytaknyga.lt\/produktas\/metro-2034\/#breadcrumb\"},\"inLanguage\":\"en-GB\",\"potentialAction\":[{\"@type\":\"ReadAction\",\"target\":[\"https:\/\/skaitytaknyga.lt\/produktas\/metro-2034\/\"]}]},{\"@type\":\"ImageObject\",\"inLanguage\":\"en-GB\",\"@id\":\"https:\/\/skaitytaknyga.lt\/produktas\/metro-2034\/#primaryimage\",\"url\":\"https:\/\/skaitytaknyga.lt\/wp-content\/uploads\/2025\/06\/Metro-2034.webp\",\"contentUrl\":\"https:\/\/skaitytaknyga.lt\/wp-content\/uploads\/2025\/06\/Metro-2034.webp\",\"width\":540,\"height\":801,\"caption\":\"Metro 2034\"},{\"@type\":\"BreadcrumbList\",\"@id\":\"https:\/\/skaitytaknyga.lt\/produktas\/metro-2034\/#breadcrumb\",\"itemListElement\":[{\"@type\":\"ListItem\",\"position\":1,\"name\":\"Home\",\"item\":\"https:\/\/skaitytaknyga.lt\/\"},{\"@type\":\"ListItem\",\"position\":2,\"name\":\"Parduotuv\u0117\",\"item\":\"https:\/\/skaitytaknyga.lt\/knygu-parduotuve\/\"},{\"@type\":\"ListItem\",\"position\":3,\"name\":\"Metro 2034\"}]},{\"@type\":\"WebSite\",\"@id\":\"https:\/\/skaitytaknyga.lt\/#website\",\"url\":\"https:\/\/skaitytaknyga.lt\/\",\"name\":\"skaitytaknyga.lt\",\"description\":\"Skaitytaknyga.lt \u2013 tai ma\u017eas \u0161eimos verslas, kuris prasid\u0117jo nuo meil\u0117s knygoms ir siekio i\u0161gelb\u0117ti knygas nuo likimo prie konteinerio. Kas vienam nereikalingas daiktas \u2013 kitam lobis, o mes esame tarpininkai, kurie padeda abiems tapti laimingesniems ???? \u017dinome kaip nelengva i\u0161gyventi ma\u017eiems verslams, tad nuo \u0161iol, \u010dia rasite ir kit\u0173, ma\u017e\u0173 \u0161eim\u0173 versl\u0173, rank\u0173 darbo, dovan\u0173 sau ir artimiesiems.\",\"publisher\":{\"@id\":\"https:\/\/skaitytaknyga.lt\/#organization\"},\"potentialAction\":[{\"@type\":\"SearchAction\",\"target\":{\"@type\":\"EntryPoint\",\"urlTemplate\":\"https:\/\/skaitytaknyga.lt\/?s={search_term_string}\"},\"query-input\":{\"@type\":\"PropertyValueSpecification\",\"valueRequired\":true,\"valueName\":\"search_term_string\"}}],\"inLanguage\":\"en-GB\"},{\"@type\":\"Organization\",\"@id\":\"https:\/\/skaitytaknyga.lt\/#organization\",\"name\":\"skaitytaknyga.lt\",\"url\":\"https:\/\/skaitytaknyga.lt\/\",\"logo\":{\"@type\":\"ImageObject\",\"inLanguage\":\"en-GB\",\"@id\":\"https:\/\/skaitytaknyga.lt\/#\/schema\/logo\/image\/\",\"url\":\"https:\/\/skaitytaknyga.lt\/wp-content\/uploads\/2024\/05\/cropped-cropped-cropped-02_00843_jt3bggkj1j3HLc7SyY6rEUpg.jpeg\",\"contentUrl\":\"https:\/\/skaitytaknyga.lt\/wp-content\/uploads\/2024\/05\/cropped-cropped-cropped-02_00843_jt3bggkj1j3HLc7SyY6rEUpg.jpeg\",\"width\":1600,\"height\":1600,\"caption\":\"skaitytaknyga.lt\"},\"image\":{\"@id\":\"https:\/\/skaitytaknyga.lt\/#\/schema\/logo\/image\/\"},\"sameAs\":[\"https:\/\/www.facebook.com\/skaitytaknyga\/\"]}]}<\/script>\n<!-- \/ Yoast SEO plugin. -->","yoast_head_json":{"title":"Metro 2034","description":"2034 metai. Visas pasaulis sugriautas branduolinio karo. Didieji miestai nu\u0161luoti nuo \u017dem\u0117s pavir\u0161iaus, apie ma\u017euosius ni\u010dnieko ne\u017einoma. Likusioji","robots":{"index":"index","follow":"follow","max-snippet":"max-snippet:-1","max-image-preview":"max-image-preview:large","max-video-preview":"max-video-preview:-1"},"canonical":"https:\/\/skaitytaknyga.lt\/en\/produktas\/metro-2034\/","og_locale":"en_GB","og_type":"article","og_title":"[:lt]Metro 2034[:] - Skaitytaknyga","og_description":"2034 metai. Visas pasaulis sugriautas branduolinio karo. Didieji miestai nu\u0161luoti nuo \u017dem\u0117s pavir\u0161iaus, apie ma\u017euosius ni\u010dnieko ne\u017einoma. Likusioji","og_url":"https:\/\/skaitytaknyga.lt\/en\/produktas\/metro-2034\/","og_site_name":"Skaitytaknyga","article_publisher":"https:\/\/www.facebook.com\/skaitytaknyga\/","article_modified_time":"2025-09-13T15:00:41+00:00","og_image":[{"width":540,"height":801,"url":"https:\/\/skaitytaknyga.lt\/wp-content\/uploads\/2025\/06\/Metro-2034.webp","type":"image\/webp"}],"twitter_card":"summary_large_image","twitter_misc":{"Estimated reading time":"1 minute"},"schema":{"@context":"https:\/\/schema.org","@graph":[{"@type":"WebPage","@id":"https:\/\/skaitytaknyga.lt\/produktas\/metro-2034\/","url":"https:\/\/skaitytaknyga.lt\/produktas\/metro-2034\/","name":"Metro 2034","isPartOf":{"@id":"https:\/\/skaitytaknyga.lt\/#website"},"primaryImageOfPage":{"@id":"https:\/\/skaitytaknyga.lt\/produktas\/metro-2034\/#primaryimage"},"image":{"@id":"https:\/\/skaitytaknyga.lt\/produktas\/metro-2034\/#primaryimage"},"thumbnailUrl":"https:\/\/skaitytaknyga.lt\/wp-content\/uploads\/2025\/06\/Metro-2034.webp","datePublished":"2025-06-13T16:21:39+00:00","dateModified":"2025-09-13T15:00:41+00:00","description":"2034 metai. Visas pasaulis sugriautas branduolinio karo. Didieji miestai nu\u0161luoti nuo \u017dem\u0117s pavir\u0161iaus, apie ma\u017euosius ni\u010dnieko ne\u017einoma. Likusioji","breadcrumb":{"@id":"https:\/\/skaitytaknyga.lt\/produktas\/metro-2034\/#breadcrumb"},"inLanguage":"en-GB","potentialAction":[{"@type":"ReadAction","target":["https:\/\/skaitytaknyga.lt\/produktas\/metro-2034\/"]}]},{"@type":"ImageObject","inLanguage":"en-GB","@id":"https:\/\/skaitytaknyga.lt\/produktas\/metro-2034\/#primaryimage","url":"https:\/\/skaitytaknyga.lt\/wp-content\/uploads\/2025\/06\/Metro-2034.webp","contentUrl":"https:\/\/skaitytaknyga.lt\/wp-content\/uploads\/2025\/06\/Metro-2034.webp","width":540,"height":801,"caption":"Metro 2034"},{"@type":"BreadcrumbList","@id":"https:\/\/skaitytaknyga.lt\/produktas\/metro-2034\/#breadcrumb","itemListElement":[{"@type":"ListItem","position":1,"name":"Home","item":"https:\/\/skaitytaknyga.lt\/"},{"@type":"ListItem","position":2,"name":"Parduotuv\u0117","item":"https:\/\/skaitytaknyga.lt\/knygu-parduotuve\/"},{"@type":"ListItem","position":3,"name":"Metro 2034"}]},{"@type":"WebSite","@id":"https:\/\/skaitytaknyga.lt\/#website","url":"https:\/\/skaitytaknyga.lt\/","name":"skaitytaknyga.lt","description":"Skaitytaknyga.lt \u2013 tai ma\u017eas \u0161eimos verslas, kuris prasid\u0117jo nuo meil\u0117s knygoms ir siekio i\u0161gelb\u0117ti knygas nuo likimo prie konteinerio. Kas vienam nereikalingas daiktas \u2013 kitam lobis, o mes esame tarpininkai, kurie padeda abiems tapti laimingesniems ???? \u017dinome kaip nelengva i\u0161gyventi ma\u017eiems verslams, tad nuo \u0161iol, \u010dia rasite ir kit\u0173, ma\u017e\u0173 \u0161eim\u0173 versl\u0173, rank\u0173 darbo, dovan\u0173 sau ir artimiesiems.","publisher":{"@id":"https:\/\/skaitytaknyga.lt\/#organization"},"potentialAction":[{"@type":"SearchAction","target":{"@type":"EntryPoint","urlTemplate":"https:\/\/skaitytaknyga.lt\/?s={search_term_string}"},"query-input":{"@type":"PropertyValueSpecification","valueRequired":true,"valueName":"search_term_string"}}],"inLanguage":"en-GB"},{"@type":"Organization","@id":"https:\/\/skaitytaknyga.lt\/#organization","name":"skaitytaknyga.lt","url":"https:\/\/skaitytaknyga.lt\/","logo":{"@type":"ImageObject","inLanguage":"en-GB","@id":"https:\/\/skaitytaknyga.lt\/#\/schema\/logo\/image\/","url":"https:\/\/skaitytaknyga.lt\/wp-content\/uploads\/2024\/05\/cropped-cropped-cropped-02_00843_jt3bggkj1j3HLc7SyY6rEUpg.jpeg","contentUrl":"https:\/\/skaitytaknyga.lt\/wp-content\/uploads\/2024\/05\/cropped-cropped-cropped-02_00843_jt3bggkj1j3HLc7SyY6rEUpg.jpeg","width":1600,"height":1600,"caption":"skaitytaknyga.lt"},"image":{"@id":"https:\/\/skaitytaknyga.lt\/#\/schema\/logo\/image\/"},"sameAs":["https:\/\/www.facebook.com\/skaitytaknyga\/"]}]}},"_links":{"self":[{"href":"https:\/\/skaitytaknyga.lt\/en\/wp-json\/wp\/v2\/product\/18852","targetHints":{"allow":["GET"]}}],"collection":[{"href":"https:\/\/skaitytaknyga.lt\/en\/wp-json\/wp\/v2\/product"}],"about":[{"href":"https:\/\/skaitytaknyga.lt\/en\/wp-json\/wp\/v2\/types\/product"}],"replies":[{"embeddable":true,"href":"https:\/\/skaitytaknyga.lt\/en\/wp-json\/wp\/v2\/comments?post=18852"}],"wp:featuredmedia":[{"embeddable":true,"href":"https:\/\/skaitytaknyga.lt\/en\/wp-json\/wp\/v2\/media\/18853"}],"wp:attachment":[{"href":"https:\/\/skaitytaknyga.lt\/en\/wp-json\/wp\/v2\/media?parent=18852"}],"wp:term":[{"taxonomy":"product_brand","embeddable":true,"href":"https:\/\/skaitytaknyga.lt\/en\/wp-json\/wp\/v2\/product_brand?post=18852"},{"taxonomy":"product_cat","embeddable":true,"href":"https:\/\/skaitytaknyga.lt\/en\/wp-json\/wp\/v2\/product_cat?post=18852"},{"taxonomy":"product_tag","embeddable":true,"href":"https:\/\/skaitytaknyga.lt\/en\/wp-json\/wp\/v2\/product_tag?post=18852"}],"curies":[{"name":"wp","href":"https:\/\/api.w.org\/{rel}","templated":true}]}}