{"id":18840,"date":"2025-06-12T08:48:17","date_gmt":"2025-06-12T05:48:17","guid":{"rendered":"https:\/\/skaitytaknyga.lt\/?post_type=product&#038;p=18840"},"modified":"2025-06-26T14:45:30","modified_gmt":"2025-06-26T11:45:30","slug":"sunlokas-holmsas-du-su-puse-detektyvo","status":"publish","type":"product","link":"https:\/\/skaitytaknyga.lt\/en\/produktas\/sunlokas-holmsas-du-su-puse-detektyvo\/","title":{"rendered":"\u0160unlokas Holmsas: du su puse detektyvo"},"content":{"rendered":"<p>KAI PASLAPTIS BELD\u017dIASI \u012e TAVO DURIS, \u017dINOK \u2013 METAS KVIESTI<br \/>\n\u0160UNLOK\u0104 HOLMS\u0104<\/p>\n<p>Diegas ir Chulija jau kur\u012f laik\u0105 zyz\u0117, kaip nor\u0117t\u0173 tur\u0117ti namin\u012f gyv\u016bn\u0117l\u012f. Bet vos tik j\u0173 svajon\u0117 i\u0161sipild\u0117 ir jie gavo \u0161unel\u012f, \u012fvyko baisi tragedija: pirm\u0105 kart\u0105 i\u0161vedus j\u012f pasivaik\u0161\u010dioti&#8230; parke j\u012f pavagia!<\/p>\n<p>Nerim\u0105 keliantis FAKTAI:<br \/>\nJei neras \u0160unloko, vaikai nebetur\u0117s \u0161uns&#8230; Negana to, jie kaip reikiant gaus velni\u0173!<br \/>\nSvarbi, bet kol kas nieko nesakanti, U\u017dUOMINA:<br \/>\n\u012ftariamas vagis vairuoja ferar\u012f&#8230; Ta\u010diau kam jam reikalingas ma\u017eas blusius?!<\/p>\n<p>PRIMENA DETEKTYV\u0104&#8230; O GAL NE?<\/p>\n","protected":false},"excerpt":{"rendered":"<p>KAI PASLAPTIS BELD\u017dIASI \u012e TAVO DURIS, \u017dINOK \u2013 METAS KVIESTI \u0160UNLOK\u0104 HOLMS\u0104 Diegas ir Chulija jau kur\u012f laik\u0105 zyz\u0117, kaip nor\u0117t\u0173 tur\u0117ti namin\u012f gyv\u016bn\u0117l\u012f. Bet vos tik j\u0173 svajon\u0117 i\u0161sipild\u0117 ir jie gavo \u0161unel\u012f, \u012fvyko baisi tragedija: pirm\u0105 kart\u0105 i\u0161vedus j\u012f pasivaik\u0161\u010dioti&#8230; parke j\u012f pavagia! Nerim\u0105 keliantis FAKTAI: Jei neras \u0160unloko, vaikai nebetur\u0117s \u0161uns&#8230; Negana to, jie kaip reikiant gaus velni\u0173! Svarbi, bet kol kas nieko nesakanti, U\u017dUOMINA: \u012ftariamas vagis vairuoja ferar\u012f&#8230; Ta\u010diau kam jam reikalingas ma\u017eas blusius?! PRIMENA DETEKTYV\u0104&#8230; O GAL NE?<\/p>\n","protected":false},"featured_media":18845,"comment_status":"open","ping_status":"closed","template":"","meta":{"_acf_changed":false,"site-sidebar-layout":"default","site-content-layout":"","ast-site-content-layout":"default","site-content-style":"default","site-sidebar-style":"default","ast-global-header-display":"","ast-banner-title-visibility":"","ast-main-header-display":"","ast-hfb-above-header-display":"","ast-hfb-below-header-display":"","ast-hfb-mobile-header-display":"","site-post-title":"","ast-breadcrumbs-content":"","ast-featured-img":"","footer-sml-layout":"","ast-disable-related-posts":"","theme-transparent-header-meta":"","adv-header-id-meta":"","stick-header-meta":"","header-above-stick-meta":"","header-main-stick-meta":"","header-below-stick-meta":"","astra-migrate-meta-layouts":"default","ast-page-background-enabled":"default","ast-page-background-meta":{"desktop":{"background-color":"","background-image":"","background-repeat":"repeat","background-position":"center center","background-size":"auto","background-attachment":"scroll","background-type":"","background-media":"","overlay-type":"","overlay-color":"","overlay-opacity":"","overlay-gradient":""},"tablet":{"background-color":"","background-image":"","background-repeat":"repeat","background-position":"center center","background-size":"auto","background-attachment":"scroll","background-type":"","background-media":"","overlay-type":"","overlay-color":"","overlay-opacity":"","overlay-gradient":""},"mobile":{"background-color":"","background-image":"","background-repeat":"repeat","background-position":"center center","background-size":"auto","background-attachment":"scroll","background-type":"","background-media":"","overlay-type":"","overlay-color":"","overlay-opacity":"","overlay-gradient":""}},"ast-content-background-meta":{"desktop":{"background-color":"var(--ast-global-color-4)","background-image":"","background-repeat":"repeat","background-position":"center center","background-size":"auto","background-attachment":"scroll","background-type":"","background-media":"","overlay-type":"","overlay-color":"","overlay-opacity":"","overlay-gradient":""},"tablet":{"background-color":"var(--ast-global-color-4)","background-image":"","background-repeat":"repeat","background-position":"center center","background-size":"auto","background-attachment":"scroll","background-type":"","background-media":"","overlay-type":"","overlay-color":"","overlay-opacity":"","overlay-gradient":""},"mobile":{"background-color":"var(--ast-global-color-4)","background-image":"","background-repeat":"repeat","background-position":"center center","background-size":"auto","background-attachment":"scroll","background-type":"","background-media":"","overlay-type":"","overlay-color":"","overlay-opacity":"","overlay-gradient":""}}},"product_brand":[],"product_cat":[15],"product_tag":[1476,1980,5329,1451,1478,3456,1785],"class_list":{"0":"post-18840","1":"product","2":"type-product","3":"status-publish","4":"has-post-thumbnail","6":"product_cat-uncategorized","7":"product_tag-detektyvas","8":"product_tag-humoras","9":"product_tag-isaac-palmiola","10":"product_tag-nuotykiai","11":"product_tag-paslaptys","12":"product_tag-sunys","13":"product_tag-vaikams","14":"desktop-align-left","15":"tablet-align-left","16":"mobile-align-left","18":"first","19":"instock","20":"shipping-taxable","21":"purchasable","22":"product-type-simple"},"acf":[],"yoast_head":"<!-- This site is optimized with the Yoast SEO plugin v27.0 - https:\/\/yoast.com\/product\/yoast-seo-wordpress\/ -->\n<title>\u0160unlokas Holmsas: du su puse detektyvo<\/title>\n<meta name=\"description\" content=\"KAI PASLAPTIS BELD\u017dIASI \u012e TAVO DURIS, \u017dINOK \u2013 METAS KVIESTI \u0160UNLOK\u0104 HOLMS\u0104 Diegas ir Chulija jau kur\u012f laik\u0105 zyz\u0117, kaip nor\u0117t\u0173 tur\u0117ti namin\u012f gyv\u016bn\u0117l\u012f. Bet\" \/>\n<meta name=\"robots\" content=\"index, follow, max-snippet:-1, max-image-preview:large, max-video-preview:-1\" \/>\n<link rel=\"canonical\" href=\"https:\/\/skaitytaknyga.lt\/en\/produktas\/sunlokas-holmsas-du-su-puse-detektyvo\/\" \/>\n<meta property=\"og:locale\" content=\"en_GB\" \/>\n<meta property=\"og:locale:alternate\" content=\"lt_LT\" \/>\n<meta property=\"og:type\" content=\"article\" \/>\n<meta property=\"og:title\" content=\"\u0160unlokas Holmsas: du su puse detektyvo\" \/>\n<meta property=\"og:description\" content=\"KAI PASLAPTIS BELD\u017dIASI \u012e TAVO DURIS, \u017dINOK \u2013 METAS KVIESTI \u0160UNLOK\u0104 HOLMS\u0104 Diegas ir Chulija jau kur\u012f laik\u0105 zyz\u0117, kaip nor\u0117t\u0173 tur\u0117ti namin\u012f gyv\u016bn\u0117l\u012f. Bet\" \/>\n<meta property=\"og:url\" content=\"https:\/\/skaitytaknyga.lt\/en\/produktas\/sunlokas-holmsas-du-su-puse-detektyvo\/\" \/>\n<meta property=\"og:site_name\" content=\"Skaitytaknyga\" \/>\n<meta property=\"article:publisher\" content=\"https:\/\/www.facebook.com\/skaitytaknyga\/\" \/>\n<meta property=\"article:modified_time\" content=\"2025-06-26T11:45:30+00:00\" \/>\n<meta property=\"og:image\" content=\"https:\/\/skaitytaknyga.lt\/wp-content\/uploads\/2025\/06\/Sunlokas-Holmsas-du-su-puse-detektyvo.webp\" \/>\n\t<meta property=\"og:image:width\" content=\"391\" \/>\n\t<meta property=\"og:image:height\" content=\"600\" \/>\n\t<meta property=\"og:image:type\" content=\"image\/webp\" \/>\n<meta name=\"twitter:card\" content=\"summary_large_image\" \/>\n<script type=\"application\/ld+json\" class=\"yoast-schema-graph\">{\"@context\":\"https:\/\/schema.org\",\"@graph\":[{\"@type\":\"WebPage\",\"@id\":\"https:\/\/skaitytaknyga.lt\/produktas\/sunlokas-holmsas-du-su-puse-detektyvo\/\",\"url\":\"https:\/\/skaitytaknyga.lt\/produktas\/sunlokas-holmsas-du-su-puse-detektyvo\/\",\"name\":\"\u0160unlokas Holmsas: du su puse detektyvo\",\"isPartOf\":{\"@id\":\"https:\/\/skaitytaknyga.lt\/#website\"},\"primaryImageOfPage\":{\"@id\":\"https:\/\/skaitytaknyga.lt\/produktas\/sunlokas-holmsas-du-su-puse-detektyvo\/#primaryimage\"},\"image\":{\"@id\":\"https:\/\/skaitytaknyga.lt\/produktas\/sunlokas-holmsas-du-su-puse-detektyvo\/#primaryimage\"},\"thumbnailUrl\":\"https:\/\/skaitytaknyga.lt\/wp-content\/uploads\/2025\/06\/Sunlokas-Holmsas-du-su-puse-detektyvo.webp\",\"datePublished\":\"2025-06-12T05:48:17+00:00\",\"dateModified\":\"2025-06-26T11:45:30+00:00\",\"description\":\"KAI PASLAPTIS BELD\u017dIASI \u012e TAVO DURIS, \u017dINOK \u2013 METAS KVIESTI \u0160UNLOK\u0104 HOLMS\u0104 Diegas ir Chulija jau kur\u012f laik\u0105 zyz\u0117, kaip nor\u0117t\u0173 tur\u0117ti namin\u012f gyv\u016bn\u0117l\u012f. Bet\",\"breadcrumb\":{\"@id\":\"https:\/\/skaitytaknyga.lt\/produktas\/sunlokas-holmsas-du-su-puse-detektyvo\/#breadcrumb\"},\"inLanguage\":\"en-GB\",\"potentialAction\":[{\"@type\":\"ReadAction\",\"target\":[\"https:\/\/skaitytaknyga.lt\/produktas\/sunlokas-holmsas-du-su-puse-detektyvo\/\"]}]},{\"@type\":\"ImageObject\",\"inLanguage\":\"en-GB\",\"@id\":\"https:\/\/skaitytaknyga.lt\/produktas\/sunlokas-holmsas-du-su-puse-detektyvo\/#primaryimage\",\"url\":\"https:\/\/skaitytaknyga.lt\/wp-content\/uploads\/2025\/06\/Sunlokas-Holmsas-du-su-puse-detektyvo.webp\",\"contentUrl\":\"https:\/\/skaitytaknyga.lt\/wp-content\/uploads\/2025\/06\/Sunlokas-Holmsas-du-su-puse-detektyvo.webp\",\"width\":391,\"height\":600,\"caption\":\"\u0160unlokas Holmsas: du su puse detektyvo\"},{\"@type\":\"BreadcrumbList\",\"@id\":\"https:\/\/skaitytaknyga.lt\/produktas\/sunlokas-holmsas-du-su-puse-detektyvo\/#breadcrumb\",\"itemListElement\":[{\"@type\":\"ListItem\",\"position\":1,\"name\":\"Home\",\"item\":\"https:\/\/skaitytaknyga.lt\/\"},{\"@type\":\"ListItem\",\"position\":2,\"name\":\"Parduotuv\u0117\",\"item\":\"https:\/\/skaitytaknyga.lt\/knygu-parduotuve\/\"},{\"@type\":\"ListItem\",\"position\":3,\"name\":\"\u0160unlokas Holmsas: du su puse detektyvo\"}]},{\"@type\":\"WebSite\",\"@id\":\"https:\/\/skaitytaknyga.lt\/#website\",\"url\":\"https:\/\/skaitytaknyga.lt\/\",\"name\":\"skaitytaknyga.lt\",\"description\":\"Skaitytaknyga.lt \u2013 tai ma\u017eas \u0161eimos verslas, kuris prasid\u0117jo nuo meil\u0117s knygoms ir siekio i\u0161gelb\u0117ti knygas nuo likimo prie konteinerio. Kas vienam nereikalingas daiktas \u2013 kitam lobis, o mes esame tarpininkai, kurie padeda abiems tapti laimingesniems ???? \u017dinome kaip nelengva i\u0161gyventi ma\u017eiems verslams, tad nuo \u0161iol, \u010dia rasite ir kit\u0173, ma\u017e\u0173 \u0161eim\u0173 versl\u0173, rank\u0173 darbo, dovan\u0173 sau ir artimiesiems.\",\"publisher\":{\"@id\":\"https:\/\/skaitytaknyga.lt\/#organization\"},\"potentialAction\":[{\"@type\":\"SearchAction\",\"target\":{\"@type\":\"EntryPoint\",\"urlTemplate\":\"https:\/\/skaitytaknyga.lt\/?s={search_term_string}\"},\"query-input\":{\"@type\":\"PropertyValueSpecification\",\"valueRequired\":true,\"valueName\":\"search_term_string\"}}],\"inLanguage\":\"en-GB\"},{\"@type\":\"Organization\",\"@id\":\"https:\/\/skaitytaknyga.lt\/#organization\",\"name\":\"skaitytaknyga.lt\",\"url\":\"https:\/\/skaitytaknyga.lt\/\",\"logo\":{\"@type\":\"ImageObject\",\"inLanguage\":\"en-GB\",\"@id\":\"https:\/\/skaitytaknyga.lt\/#\/schema\/logo\/image\/\",\"url\":\"https:\/\/skaitytaknyga.lt\/wp-content\/uploads\/2024\/05\/cropped-cropped-cropped-02_00843_jt3bggkj1j3HLc7SyY6rEUpg.jpeg\",\"contentUrl\":\"https:\/\/skaitytaknyga.lt\/wp-content\/uploads\/2024\/05\/cropped-cropped-cropped-02_00843_jt3bggkj1j3HLc7SyY6rEUpg.jpeg\",\"width\":1600,\"height\":1600,\"caption\":\"skaitytaknyga.lt\"},\"image\":{\"@id\":\"https:\/\/skaitytaknyga.lt\/#\/schema\/logo\/image\/\"},\"sameAs\":[\"https:\/\/www.facebook.com\/skaitytaknyga\/\"]}]}<\/script>\n<!-- \/ Yoast SEO plugin. -->","yoast_head_json":{"title":"\u0160unlokas Holmsas: du su puse detektyvo","description":"KAI PASLAPTIS BELD\u017dIASI \u012e TAVO DURIS, \u017dINOK \u2013 METAS KVIESTI \u0160UNLOK\u0104 HOLMS\u0104 Diegas ir Chulija jau kur\u012f laik\u0105 zyz\u0117, kaip nor\u0117t\u0173 tur\u0117ti namin\u012f gyv\u016bn\u0117l\u012f. Bet","robots":{"index":"index","follow":"follow","max-snippet":"max-snippet:-1","max-image-preview":"max-image-preview:large","max-video-preview":"max-video-preview:-1"},"canonical":"https:\/\/skaitytaknyga.lt\/en\/produktas\/sunlokas-holmsas-du-su-puse-detektyvo\/","og_locale":"en_GB","og_type":"article","og_title":"[:lt]\u0160unlokas Holmsas: du su puse detektyvo[:] - Skaitytaknyga","og_description":"KAI PASLAPTIS BELD\u017dIASI \u012e TAVO DURIS, \u017dINOK \u2013 METAS KVIESTI \u0160UNLOK\u0104 HOLMS\u0104 Diegas ir Chulija jau kur\u012f laik\u0105 zyz\u0117, kaip nor\u0117t\u0173 tur\u0117ti namin\u012f gyv\u016bn\u0117l\u012f. Bet","og_url":"https:\/\/skaitytaknyga.lt\/en\/produktas\/sunlokas-holmsas-du-su-puse-detektyvo\/","og_site_name":"Skaitytaknyga","article_publisher":"https:\/\/www.facebook.com\/skaitytaknyga\/","article_modified_time":"2025-06-26T11:45:30+00:00","og_image":[{"width":391,"height":600,"url":"https:\/\/skaitytaknyga.lt\/wp-content\/uploads\/2025\/06\/Sunlokas-Holmsas-du-su-puse-detektyvo.webp","type":"image\/webp"}],"twitter_card":"summary_large_image","schema":{"@context":"https:\/\/schema.org","@graph":[{"@type":"WebPage","@id":"https:\/\/skaitytaknyga.lt\/produktas\/sunlokas-holmsas-du-su-puse-detektyvo\/","url":"https:\/\/skaitytaknyga.lt\/produktas\/sunlokas-holmsas-du-su-puse-detektyvo\/","name":"\u0160unlokas Holmsas: du su puse detektyvo","isPartOf":{"@id":"https:\/\/skaitytaknyga.lt\/#website"},"primaryImageOfPage":{"@id":"https:\/\/skaitytaknyga.lt\/produktas\/sunlokas-holmsas-du-su-puse-detektyvo\/#primaryimage"},"image":{"@id":"https:\/\/skaitytaknyga.lt\/produktas\/sunlokas-holmsas-du-su-puse-detektyvo\/#primaryimage"},"thumbnailUrl":"https:\/\/skaitytaknyga.lt\/wp-content\/uploads\/2025\/06\/Sunlokas-Holmsas-du-su-puse-detektyvo.webp","datePublished":"2025-06-12T05:48:17+00:00","dateModified":"2025-06-26T11:45:30+00:00","description":"KAI PASLAPTIS BELD\u017dIASI \u012e TAVO DURIS, \u017dINOK \u2013 METAS KVIESTI \u0160UNLOK\u0104 HOLMS\u0104 Diegas ir Chulija jau kur\u012f laik\u0105 zyz\u0117, kaip nor\u0117t\u0173 tur\u0117ti namin\u012f gyv\u016bn\u0117l\u012f. Bet","breadcrumb":{"@id":"https:\/\/skaitytaknyga.lt\/produktas\/sunlokas-holmsas-du-su-puse-detektyvo\/#breadcrumb"},"inLanguage":"en-GB","potentialAction":[{"@type":"ReadAction","target":["https:\/\/skaitytaknyga.lt\/produktas\/sunlokas-holmsas-du-su-puse-detektyvo\/"]}]},{"@type":"ImageObject","inLanguage":"en-GB","@id":"https:\/\/skaitytaknyga.lt\/produktas\/sunlokas-holmsas-du-su-puse-detektyvo\/#primaryimage","url":"https:\/\/skaitytaknyga.lt\/wp-content\/uploads\/2025\/06\/Sunlokas-Holmsas-du-su-puse-detektyvo.webp","contentUrl":"https:\/\/skaitytaknyga.lt\/wp-content\/uploads\/2025\/06\/Sunlokas-Holmsas-du-su-puse-detektyvo.webp","width":391,"height":600,"caption":"\u0160unlokas Holmsas: du su puse detektyvo"},{"@type":"BreadcrumbList","@id":"https:\/\/skaitytaknyga.lt\/produktas\/sunlokas-holmsas-du-su-puse-detektyvo\/#breadcrumb","itemListElement":[{"@type":"ListItem","position":1,"name":"Home","item":"https:\/\/skaitytaknyga.lt\/"},{"@type":"ListItem","position":2,"name":"Parduotuv\u0117","item":"https:\/\/skaitytaknyga.lt\/knygu-parduotuve\/"},{"@type":"ListItem","position":3,"name":"\u0160unlokas Holmsas: du su puse detektyvo"}]},{"@type":"WebSite","@id":"https:\/\/skaitytaknyga.lt\/#website","url":"https:\/\/skaitytaknyga.lt\/","name":"skaitytaknyga.lt","description":"Skaitytaknyga.lt \u2013 tai ma\u017eas \u0161eimos verslas, kuris prasid\u0117jo nuo meil\u0117s knygoms ir siekio i\u0161gelb\u0117ti knygas nuo likimo prie konteinerio. Kas vienam nereikalingas daiktas \u2013 kitam lobis, o mes esame tarpininkai, kurie padeda abiems tapti laimingesniems ???? \u017dinome kaip nelengva i\u0161gyventi ma\u017eiems verslams, tad nuo \u0161iol, \u010dia rasite ir kit\u0173, ma\u017e\u0173 \u0161eim\u0173 versl\u0173, rank\u0173 darbo, dovan\u0173 sau ir artimiesiems.","publisher":{"@id":"https:\/\/skaitytaknyga.lt\/#organization"},"potentialAction":[{"@type":"SearchAction","target":{"@type":"EntryPoint","urlTemplate":"https:\/\/skaitytaknyga.lt\/?s={search_term_string}"},"query-input":{"@type":"PropertyValueSpecification","valueRequired":true,"valueName":"search_term_string"}}],"inLanguage":"en-GB"},{"@type":"Organization","@id":"https:\/\/skaitytaknyga.lt\/#organization","name":"skaitytaknyga.lt","url":"https:\/\/skaitytaknyga.lt\/","logo":{"@type":"ImageObject","inLanguage":"en-GB","@id":"https:\/\/skaitytaknyga.lt\/#\/schema\/logo\/image\/","url":"https:\/\/skaitytaknyga.lt\/wp-content\/uploads\/2024\/05\/cropped-cropped-cropped-02_00843_jt3bggkj1j3HLc7SyY6rEUpg.jpeg","contentUrl":"https:\/\/skaitytaknyga.lt\/wp-content\/uploads\/2024\/05\/cropped-cropped-cropped-02_00843_jt3bggkj1j3HLc7SyY6rEUpg.jpeg","width":1600,"height":1600,"caption":"skaitytaknyga.lt"},"image":{"@id":"https:\/\/skaitytaknyga.lt\/#\/schema\/logo\/image\/"},"sameAs":["https:\/\/www.facebook.com\/skaitytaknyga\/"]}]}},"_links":{"self":[{"href":"https:\/\/skaitytaknyga.lt\/en\/wp-json\/wp\/v2\/product\/18840","targetHints":{"allow":["GET"]}}],"collection":[{"href":"https:\/\/skaitytaknyga.lt\/en\/wp-json\/wp\/v2\/product"}],"about":[{"href":"https:\/\/skaitytaknyga.lt\/en\/wp-json\/wp\/v2\/types\/product"}],"replies":[{"embeddable":true,"href":"https:\/\/skaitytaknyga.lt\/en\/wp-json\/wp\/v2\/comments?post=18840"}],"wp:featuredmedia":[{"embeddable":true,"href":"https:\/\/skaitytaknyga.lt\/en\/wp-json\/wp\/v2\/media\/18845"}],"wp:attachment":[{"href":"https:\/\/skaitytaknyga.lt\/en\/wp-json\/wp\/v2\/media?parent=18840"}],"wp:term":[{"taxonomy":"product_brand","embeddable":true,"href":"https:\/\/skaitytaknyga.lt\/en\/wp-json\/wp\/v2\/product_brand?post=18840"},{"taxonomy":"product_cat","embeddable":true,"href":"https:\/\/skaitytaknyga.lt\/en\/wp-json\/wp\/v2\/product_cat?post=18840"},{"taxonomy":"product_tag","embeddable":true,"href":"https:\/\/skaitytaknyga.lt\/en\/wp-json\/wp\/v2\/product_tag?post=18840"}],"curies":[{"name":"wp","href":"https:\/\/api.w.org\/{rel}","templated":true}]}}