{"id":18839,"date":"2025-06-12T08:48:17","date_gmt":"2025-06-12T05:48:17","guid":{"rendered":"https:\/\/skaitytaknyga.lt\/?post_type=product&#038;p=18839"},"modified":"2025-06-26T14:45:30","modified_gmt":"2025-06-26T11:45:30","slug":"nindze-timis-ir-kelione-i-sansorija","status":"publish","type":"product","link":"https:\/\/skaitytaknyga.lt\/en\/produktas\/nindze-timis-ir-kelione-i-sansorija\/","title":{"rendered":"Nindz\u0117 Timis ir kelion\u0117 \u012f Sansorij\u0105"},"content":{"rendered":"<p>\u2013 Prie\u0161 dvejus metus \u012f m\u016bs\u0173 sal\u0105 atvyko vienas \u017emog\u0117nas, pageidaujantis, kad j\u012f vadint\u0173 valdytoju. Atvyk\u0117lis atsigabeno knyg\u0105, kuri\u0105 \u012fteik\u0117 imperatoriui Istradijui, kai jie susitiko. Manau, ta knyga u\u017ekeikta, o jos tekstai tokie galingi, kad, Istradijui juos perskai\u010dius, magija pasklido aplinkui. Knygos \u017eod\u017eiai \u012fsibrov\u0117 jam \u012f prot\u0105 ir siel\u0105, i\u0161tryn\u0117 vaizduot\u0119 ir savas mintis.<\/p>\n<p>Kai mokslo ir \u017eini\u0173 mieste dedasi tokie dalykai, nieko gero nesitik\u0117k. Imperatorius paver\u010dia visus Sansorijos gyventojus nem\u0105stan\u010diais vergais ir \u012fsako jiems, pri\u017ei\u016brimiems zvimbian\u010di\u0173 metalini\u0173 robot\u0173, statyti auk\u0161t\u0105 bok\u0161t\u0105. Ma\u017ea to, i\u0161 did\u017eiausios pasaulyje bibliotekos dingsta visos knygos.Kad \u012f miest\u0105 gr\u012f\u017et\u0173 \u012fprasta tvarka, reik\u0117s katino Timio, \u0161ermuon\u0117lio Simono, par\u0161eli\u0173 D\u017easpero ir Kasparo, in\u017einier\u0117s katyt\u0117s Floros, nuo\u017emios lem\u016br\u0117s Is\u0117s, mergait\u0117s Matildos ir, \u017einoma, tavo, skaitytojau, pagalbos.<\/p>\n","protected":false},"excerpt":{"rendered":"<p>\u2013 Prie\u0161 dvejus metus \u012f m\u016bs\u0173 sal\u0105 atvyko vienas \u017emog\u0117nas, pageidaujantis, kad j\u012f vadint\u0173 valdytoju. Atvyk\u0117lis atsigabeno knyg\u0105, kuri\u0105 \u012fteik\u0117 imperatoriui Istradijui, kai jie susitiko. Manau, ta knyga u\u017ekeikta, o jos tekstai tokie galingi, kad, Istradijui juos perskai\u010dius, magija pasklido aplinkui. Knygos \u017eod\u017eiai \u012fsibrov\u0117 jam \u012f prot\u0105 ir siel\u0105, i\u0161tryn\u0117 vaizduot\u0119 ir savas mintis. Kai mokslo ir \u017eini\u0173 mieste dedasi tokie dalykai, nieko gero nesitik\u0117k. Imperatorius paver\u010dia visus Sansorijos gyventojus nem\u0105stan\u010diais vergais ir \u012fsako jiems, pri\u017ei\u016brimiems zvimbian\u010di\u0173 metalini\u0173 robot\u0173, statyti auk\u0161t\u0105 bok\u0161t\u0105. Ma\u017ea to, i\u0161 did\u017eiausios pasaulyje bibliotekos dingsta visos knygos.Kad \u012f miest\u0105 gr\u012f\u017et\u0173 \u012fprasta tvarka, reik\u0117s katino Timio, \u0161ermuon\u0117lio Simono, par\u0161eli\u0173 D\u017easpero ir Kasparo, in\u017einier\u0117s katyt\u0117s Floros, nuo\u017emios lem\u016br\u0117s Is\u0117s, mergait\u0117s Matildos ir, \u017einoma, tavo, skaitytojau, pagalbos.<\/p>\n","protected":false},"featured_media":18844,"comment_status":"open","ping_status":"closed","template":"","meta":{"_acf_changed":false,"site-sidebar-layout":"default","site-content-layout":"","ast-site-content-layout":"default","site-content-style":"default","site-sidebar-style":"default","ast-global-header-display":"","ast-banner-title-visibility":"","ast-main-header-display":"","ast-hfb-above-header-display":"","ast-hfb-below-header-display":"","ast-hfb-mobile-header-display":"","site-post-title":"","ast-breadcrumbs-content":"","ast-featured-img":"","footer-sml-layout":"","ast-disable-related-posts":"","theme-transparent-header-meta":"","adv-header-id-meta":"","stick-header-meta":"","header-above-stick-meta":"","header-main-stick-meta":"","header-below-stick-meta":"","astra-migrate-meta-layouts":"default","ast-page-background-enabled":"default","ast-page-background-meta":{"desktop":{"background-color":"","background-image":"","background-repeat":"repeat","background-position":"center center","background-size":"auto","background-attachment":"scroll","background-type":"","background-media":"","overlay-type":"","overlay-color":"","overlay-opacity":"","overlay-gradient":""},"tablet":{"background-color":"","background-image":"","background-repeat":"repeat","background-position":"center center","background-size":"auto","background-attachment":"scroll","background-type":"","background-media":"","overlay-type":"","overlay-color":"","overlay-opacity":"","overlay-gradient":""},"mobile":{"background-color":"","background-image":"","background-repeat":"repeat","background-position":"center center","background-size":"auto","background-attachment":"scroll","background-type":"","background-media":"","overlay-type":"","overlay-color":"","overlay-opacity":"","overlay-gradient":""}},"ast-content-background-meta":{"desktop":{"background-color":"var(--ast-global-color-4)","background-image":"","background-repeat":"repeat","background-position":"center center","background-size":"auto","background-attachment":"scroll","background-type":"","background-media":"","overlay-type":"","overlay-color":"","overlay-opacity":"","overlay-gradient":""},"tablet":{"background-color":"var(--ast-global-color-4)","background-image":"","background-repeat":"repeat","background-position":"center center","background-size":"auto","background-attachment":"scroll","background-type":"","background-media":"","overlay-type":"","overlay-color":"","overlay-opacity":"","overlay-gradient":""},"mobile":{"background-color":"var(--ast-global-color-4)","background-image":"","background-repeat":"repeat","background-position":"center center","background-size":"auto","background-attachment":"scroll","background-type":"","background-media":"","overlay-type":"","overlay-color":"","overlay-opacity":"","overlay-gradient":""}}},"product_brand":[],"product_cat":[15],"product_tag":[5327,1647,1504,5328,1755,1451,1785],"class_list":{"0":"post-18839","1":"product","2":"type-product","3":"status-publish","4":"has-post-thumbnail","6":"product_cat-uncategorized","7":"product_tag-bibliotekos","8":"product_tag-draugyste","9":"product_tag-fantastika","10":"product_tag-henrik-tamm","11":"product_tag-magija","12":"product_tag-nuotykiai","13":"product_tag-vaikams","14":"desktop-align-left","15":"tablet-align-left","16":"mobile-align-left","18":"first","19":"instock","20":"shipping-taxable","21":"purchasable","22":"product-type-simple"},"acf":[],"yoast_head":"<!-- This site is optimized with the Yoast SEO plugin v27.0 - https:\/\/yoast.com\/product\/yoast-seo-wordpress\/ -->\n<title>Nindz\u0117 Timis ir kelion\u0117 \u012f Sansorij\u0105<\/title>\n<meta name=\"description\" content=\"\u2013 Prie\u0161 dvejus metus \u012f m\u016bs\u0173 sal\u0105 atvyko vienas \u017emog\u0117nas, pageidaujantis, kad j\u012f vadint\u0173 valdytoju. Atvyk\u0117lis atsigabeno knyg\u0105, kuri\u0105 \u012fteik\u0117 imperatoriui\" \/>\n<meta name=\"robots\" content=\"index, follow, max-snippet:-1, max-image-preview:large, max-video-preview:-1\" \/>\n<link rel=\"canonical\" href=\"https:\/\/skaitytaknyga.lt\/en\/produktas\/nindze-timis-ir-kelione-i-sansorija\/\" \/>\n<meta property=\"og:locale\" content=\"en_GB\" \/>\n<meta property=\"og:locale:alternate\" content=\"lt_LT\" \/>\n<meta property=\"og:type\" content=\"article\" \/>\n<meta property=\"og:title\" content=\"Nindz\u0117 Timis ir kelion\u0117 \u012f Sansorij\u0105\" \/>\n<meta property=\"og:description\" content=\"\u2013 Prie\u0161 dvejus metus \u012f m\u016bs\u0173 sal\u0105 atvyko vienas \u017emog\u0117nas, pageidaujantis, kad j\u012f vadint\u0173 valdytoju. Atvyk\u0117lis atsigabeno knyg\u0105, kuri\u0105 \u012fteik\u0117 imperatoriui\" \/>\n<meta property=\"og:url\" content=\"https:\/\/skaitytaknyga.lt\/en\/produktas\/nindze-timis-ir-kelione-i-sansorija\/\" \/>\n<meta property=\"og:site_name\" content=\"Skaitytaknyga\" \/>\n<meta property=\"article:publisher\" content=\"https:\/\/www.facebook.com\/skaitytaknyga\/\" \/>\n<meta property=\"article:modified_time\" content=\"2025-06-26T11:45:30+00:00\" \/>\n<meta property=\"og:image\" content=\"https:\/\/skaitytaknyga.lt\/wp-content\/uploads\/2025\/06\/Nindze-Timis-ir-kelione-i-Sansorija.webp\" \/>\n\t<meta property=\"og:image:width\" content=\"284\" \/>\n\t<meta property=\"og:image:height\" content=\"400\" \/>\n\t<meta property=\"og:image:type\" content=\"image\/webp\" \/>\n<meta name=\"twitter:card\" content=\"summary_large_image\" \/>\n<meta name=\"twitter:label1\" content=\"Estimated reading time\" \/>\n\t<meta name=\"twitter:data1\" content=\"1 minute\" \/>\n<script type=\"application\/ld+json\" class=\"yoast-schema-graph\">{\"@context\":\"https:\/\/schema.org\",\"@graph\":[{\"@type\":\"WebPage\",\"@id\":\"https:\/\/skaitytaknyga.lt\/produktas\/nindze-timis-ir-kelione-i-sansorija\/\",\"url\":\"https:\/\/skaitytaknyga.lt\/produktas\/nindze-timis-ir-kelione-i-sansorija\/\",\"name\":\"Nindz\u0117 Timis ir kelion\u0117 \u012f Sansorij\u0105\",\"isPartOf\":{\"@id\":\"https:\/\/skaitytaknyga.lt\/#website\"},\"primaryImageOfPage\":{\"@id\":\"https:\/\/skaitytaknyga.lt\/produktas\/nindze-timis-ir-kelione-i-sansorija\/#primaryimage\"},\"image\":{\"@id\":\"https:\/\/skaitytaknyga.lt\/produktas\/nindze-timis-ir-kelione-i-sansorija\/#primaryimage\"},\"thumbnailUrl\":\"https:\/\/skaitytaknyga.lt\/wp-content\/uploads\/2025\/06\/Nindze-Timis-ir-kelione-i-Sansorija.webp\",\"datePublished\":\"2025-06-12T05:48:17+00:00\",\"dateModified\":\"2025-06-26T11:45:30+00:00\",\"description\":\"\u2013 Prie\u0161 dvejus metus \u012f m\u016bs\u0173 sal\u0105 atvyko vienas \u017emog\u0117nas, pageidaujantis, kad j\u012f vadint\u0173 valdytoju. Atvyk\u0117lis atsigabeno knyg\u0105, kuri\u0105 \u012fteik\u0117 imperatoriui\",\"breadcrumb\":{\"@id\":\"https:\/\/skaitytaknyga.lt\/produktas\/nindze-timis-ir-kelione-i-sansorija\/#breadcrumb\"},\"inLanguage\":\"en-GB\",\"potentialAction\":[{\"@type\":\"ReadAction\",\"target\":[\"https:\/\/skaitytaknyga.lt\/produktas\/nindze-timis-ir-kelione-i-sansorija\/\"]}]},{\"@type\":\"ImageObject\",\"inLanguage\":\"en-GB\",\"@id\":\"https:\/\/skaitytaknyga.lt\/produktas\/nindze-timis-ir-kelione-i-sansorija\/#primaryimage\",\"url\":\"https:\/\/skaitytaknyga.lt\/wp-content\/uploads\/2025\/06\/Nindze-Timis-ir-kelione-i-Sansorija.webp\",\"contentUrl\":\"https:\/\/skaitytaknyga.lt\/wp-content\/uploads\/2025\/06\/Nindze-Timis-ir-kelione-i-Sansorija.webp\",\"width\":284,\"height\":400,\"caption\":\"Nindz\u0117 Timis ir kelion\u0117 \u012f Sansorij\u0105\"},{\"@type\":\"BreadcrumbList\",\"@id\":\"https:\/\/skaitytaknyga.lt\/produktas\/nindze-timis-ir-kelione-i-sansorija\/#breadcrumb\",\"itemListElement\":[{\"@type\":\"ListItem\",\"position\":1,\"name\":\"Home\",\"item\":\"https:\/\/skaitytaknyga.lt\/\"},{\"@type\":\"ListItem\",\"position\":2,\"name\":\"Parduotuv\u0117\",\"item\":\"https:\/\/skaitytaknyga.lt\/knygu-parduotuve\/\"},{\"@type\":\"ListItem\",\"position\":3,\"name\":\"Nindz\u0117 Timis ir kelion\u0117 \u012f Sansorij\u0105\"}]},{\"@type\":\"WebSite\",\"@id\":\"https:\/\/skaitytaknyga.lt\/#website\",\"url\":\"https:\/\/skaitytaknyga.lt\/\",\"name\":\"skaitytaknyga.lt\",\"description\":\"Skaitytaknyga.lt \u2013 tai ma\u017eas \u0161eimos verslas, kuris prasid\u0117jo nuo meil\u0117s knygoms ir siekio i\u0161gelb\u0117ti knygas nuo likimo prie konteinerio. Kas vienam nereikalingas daiktas \u2013 kitam lobis, o mes esame tarpininkai, kurie padeda abiems tapti laimingesniems ???? \u017dinome kaip nelengva i\u0161gyventi ma\u017eiems verslams, tad nuo \u0161iol, \u010dia rasite ir kit\u0173, ma\u017e\u0173 \u0161eim\u0173 versl\u0173, rank\u0173 darbo, dovan\u0173 sau ir artimiesiems.\",\"publisher\":{\"@id\":\"https:\/\/skaitytaknyga.lt\/#organization\"},\"potentialAction\":[{\"@type\":\"SearchAction\",\"target\":{\"@type\":\"EntryPoint\",\"urlTemplate\":\"https:\/\/skaitytaknyga.lt\/?s={search_term_string}\"},\"query-input\":{\"@type\":\"PropertyValueSpecification\",\"valueRequired\":true,\"valueName\":\"search_term_string\"}}],\"inLanguage\":\"en-GB\"},{\"@type\":\"Organization\",\"@id\":\"https:\/\/skaitytaknyga.lt\/#organization\",\"name\":\"skaitytaknyga.lt\",\"url\":\"https:\/\/skaitytaknyga.lt\/\",\"logo\":{\"@type\":\"ImageObject\",\"inLanguage\":\"en-GB\",\"@id\":\"https:\/\/skaitytaknyga.lt\/#\/schema\/logo\/image\/\",\"url\":\"https:\/\/skaitytaknyga.lt\/wp-content\/uploads\/2024\/05\/cropped-cropped-cropped-02_00843_jt3bggkj1j3HLc7SyY6rEUpg.jpeg\",\"contentUrl\":\"https:\/\/skaitytaknyga.lt\/wp-content\/uploads\/2024\/05\/cropped-cropped-cropped-02_00843_jt3bggkj1j3HLc7SyY6rEUpg.jpeg\",\"width\":1600,\"height\":1600,\"caption\":\"skaitytaknyga.lt\"},\"image\":{\"@id\":\"https:\/\/skaitytaknyga.lt\/#\/schema\/logo\/image\/\"},\"sameAs\":[\"https:\/\/www.facebook.com\/skaitytaknyga\/\"]}]}<\/script>\n<!-- \/ Yoast SEO plugin. -->","yoast_head_json":{"title":"Nindz\u0117 Timis ir kelion\u0117 \u012f Sansorij\u0105","description":"\u2013 Prie\u0161 dvejus metus \u012f m\u016bs\u0173 sal\u0105 atvyko vienas \u017emog\u0117nas, pageidaujantis, kad j\u012f vadint\u0173 valdytoju. Atvyk\u0117lis atsigabeno knyg\u0105, kuri\u0105 \u012fteik\u0117 imperatoriui","robots":{"index":"index","follow":"follow","max-snippet":"max-snippet:-1","max-image-preview":"max-image-preview:large","max-video-preview":"max-video-preview:-1"},"canonical":"https:\/\/skaitytaknyga.lt\/en\/produktas\/nindze-timis-ir-kelione-i-sansorija\/","og_locale":"en_GB","og_type":"article","og_title":"[:lt]Nindz\u0117 Timis ir kelion\u0117 \u012f Sansorij\u0105[:] - Skaitytaknyga","og_description":"\u2013 Prie\u0161 dvejus metus \u012f m\u016bs\u0173 sal\u0105 atvyko vienas \u017emog\u0117nas, pageidaujantis, kad j\u012f vadint\u0173 valdytoju. Atvyk\u0117lis atsigabeno knyg\u0105, kuri\u0105 \u012fteik\u0117 imperatoriui","og_url":"https:\/\/skaitytaknyga.lt\/en\/produktas\/nindze-timis-ir-kelione-i-sansorija\/","og_site_name":"Skaitytaknyga","article_publisher":"https:\/\/www.facebook.com\/skaitytaknyga\/","article_modified_time":"2025-06-26T11:45:30+00:00","og_image":[{"width":284,"height":400,"url":"https:\/\/skaitytaknyga.lt\/wp-content\/uploads\/2025\/06\/Nindze-Timis-ir-kelione-i-Sansorija.webp","type":"image\/webp"}],"twitter_card":"summary_large_image","twitter_misc":{"Estimated reading time":"1 minute"},"schema":{"@context":"https:\/\/schema.org","@graph":[{"@type":"WebPage","@id":"https:\/\/skaitytaknyga.lt\/produktas\/nindze-timis-ir-kelione-i-sansorija\/","url":"https:\/\/skaitytaknyga.lt\/produktas\/nindze-timis-ir-kelione-i-sansorija\/","name":"Nindz\u0117 Timis ir kelion\u0117 \u012f Sansorij\u0105","isPartOf":{"@id":"https:\/\/skaitytaknyga.lt\/#website"},"primaryImageOfPage":{"@id":"https:\/\/skaitytaknyga.lt\/produktas\/nindze-timis-ir-kelione-i-sansorija\/#primaryimage"},"image":{"@id":"https:\/\/skaitytaknyga.lt\/produktas\/nindze-timis-ir-kelione-i-sansorija\/#primaryimage"},"thumbnailUrl":"https:\/\/skaitytaknyga.lt\/wp-content\/uploads\/2025\/06\/Nindze-Timis-ir-kelione-i-Sansorija.webp","datePublished":"2025-06-12T05:48:17+00:00","dateModified":"2025-06-26T11:45:30+00:00","description":"\u2013 Prie\u0161 dvejus metus \u012f m\u016bs\u0173 sal\u0105 atvyko vienas \u017emog\u0117nas, pageidaujantis, kad j\u012f vadint\u0173 valdytoju. Atvyk\u0117lis atsigabeno knyg\u0105, kuri\u0105 \u012fteik\u0117 imperatoriui","breadcrumb":{"@id":"https:\/\/skaitytaknyga.lt\/produktas\/nindze-timis-ir-kelione-i-sansorija\/#breadcrumb"},"inLanguage":"en-GB","potentialAction":[{"@type":"ReadAction","target":["https:\/\/skaitytaknyga.lt\/produktas\/nindze-timis-ir-kelione-i-sansorija\/"]}]},{"@type":"ImageObject","inLanguage":"en-GB","@id":"https:\/\/skaitytaknyga.lt\/produktas\/nindze-timis-ir-kelione-i-sansorija\/#primaryimage","url":"https:\/\/skaitytaknyga.lt\/wp-content\/uploads\/2025\/06\/Nindze-Timis-ir-kelione-i-Sansorija.webp","contentUrl":"https:\/\/skaitytaknyga.lt\/wp-content\/uploads\/2025\/06\/Nindze-Timis-ir-kelione-i-Sansorija.webp","width":284,"height":400,"caption":"Nindz\u0117 Timis ir kelion\u0117 \u012f Sansorij\u0105"},{"@type":"BreadcrumbList","@id":"https:\/\/skaitytaknyga.lt\/produktas\/nindze-timis-ir-kelione-i-sansorija\/#breadcrumb","itemListElement":[{"@type":"ListItem","position":1,"name":"Home","item":"https:\/\/skaitytaknyga.lt\/"},{"@type":"ListItem","position":2,"name":"Parduotuv\u0117","item":"https:\/\/skaitytaknyga.lt\/knygu-parduotuve\/"},{"@type":"ListItem","position":3,"name":"Nindz\u0117 Timis ir kelion\u0117 \u012f Sansorij\u0105"}]},{"@type":"WebSite","@id":"https:\/\/skaitytaknyga.lt\/#website","url":"https:\/\/skaitytaknyga.lt\/","name":"skaitytaknyga.lt","description":"Skaitytaknyga.lt \u2013 tai ma\u017eas \u0161eimos verslas, kuris prasid\u0117jo nuo meil\u0117s knygoms ir siekio i\u0161gelb\u0117ti knygas nuo likimo prie konteinerio. Kas vienam nereikalingas daiktas \u2013 kitam lobis, o mes esame tarpininkai, kurie padeda abiems tapti laimingesniems ???? \u017dinome kaip nelengva i\u0161gyventi ma\u017eiems verslams, tad nuo \u0161iol, \u010dia rasite ir kit\u0173, ma\u017e\u0173 \u0161eim\u0173 versl\u0173, rank\u0173 darbo, dovan\u0173 sau ir artimiesiems.","publisher":{"@id":"https:\/\/skaitytaknyga.lt\/#organization"},"potentialAction":[{"@type":"SearchAction","target":{"@type":"EntryPoint","urlTemplate":"https:\/\/skaitytaknyga.lt\/?s={search_term_string}"},"query-input":{"@type":"PropertyValueSpecification","valueRequired":true,"valueName":"search_term_string"}}],"inLanguage":"en-GB"},{"@type":"Organization","@id":"https:\/\/skaitytaknyga.lt\/#organization","name":"skaitytaknyga.lt","url":"https:\/\/skaitytaknyga.lt\/","logo":{"@type":"ImageObject","inLanguage":"en-GB","@id":"https:\/\/skaitytaknyga.lt\/#\/schema\/logo\/image\/","url":"https:\/\/skaitytaknyga.lt\/wp-content\/uploads\/2024\/05\/cropped-cropped-cropped-02_00843_jt3bggkj1j3HLc7SyY6rEUpg.jpeg","contentUrl":"https:\/\/skaitytaknyga.lt\/wp-content\/uploads\/2024\/05\/cropped-cropped-cropped-02_00843_jt3bggkj1j3HLc7SyY6rEUpg.jpeg","width":1600,"height":1600,"caption":"skaitytaknyga.lt"},"image":{"@id":"https:\/\/skaitytaknyga.lt\/#\/schema\/logo\/image\/"},"sameAs":["https:\/\/www.facebook.com\/skaitytaknyga\/"]}]}},"_links":{"self":[{"href":"https:\/\/skaitytaknyga.lt\/en\/wp-json\/wp\/v2\/product\/18839","targetHints":{"allow":["GET"]}}],"collection":[{"href":"https:\/\/skaitytaknyga.lt\/en\/wp-json\/wp\/v2\/product"}],"about":[{"href":"https:\/\/skaitytaknyga.lt\/en\/wp-json\/wp\/v2\/types\/product"}],"replies":[{"embeddable":true,"href":"https:\/\/skaitytaknyga.lt\/en\/wp-json\/wp\/v2\/comments?post=18839"}],"wp:featuredmedia":[{"embeddable":true,"href":"https:\/\/skaitytaknyga.lt\/en\/wp-json\/wp\/v2\/media\/18844"}],"wp:attachment":[{"href":"https:\/\/skaitytaknyga.lt\/en\/wp-json\/wp\/v2\/media?parent=18839"}],"wp:term":[{"taxonomy":"product_brand","embeddable":true,"href":"https:\/\/skaitytaknyga.lt\/en\/wp-json\/wp\/v2\/product_brand?post=18839"},{"taxonomy":"product_cat","embeddable":true,"href":"https:\/\/skaitytaknyga.lt\/en\/wp-json\/wp\/v2\/product_cat?post=18839"},{"taxonomy":"product_tag","embeddable":true,"href":"https:\/\/skaitytaknyga.lt\/en\/wp-json\/wp\/v2\/product_tag?post=18839"}],"curies":[{"name":"wp","href":"https:\/\/api.w.org\/{rel}","templated":true}]}}