{"id":18838,"date":"2025-06-12T08:48:17","date_gmt":"2025-06-12T05:48:17","guid":{"rendered":"https:\/\/skaitytaknyga.lt\/?post_type=product&#038;p=18838"},"modified":"2025-11-30T13:32:51","modified_gmt":"2025-11-30T11:32:51","slug":"klampyniu-kronikos","status":"publish","type":"product","link":"https:\/\/skaitytaknyga.lt\/en\/produktas\/klampyniu-kronikos\/","title":{"rendered":"Klampyni\u0173 kronikos (yra kelios d\u0117mel\u0117s)"},"content":{"rendered":"<p>Nors ir skirtingi, turime tvirtai mus vienijant\u012f bruo\u017e\u0105 \u2013 nuolat \u012fsipainiojame \u012f keis\u010diausias baugias istorijas, apie kurias paskui dar ilgai sklando \u012fvairiausi gandai.<\/p>\n<p>Nors pasiklaus\u0119s da\u017enas pamano, kad tos istorijos gerokai pagra\u017eintos, turiu pasakyti: miestelio gyventojai ne\u017eino n\u0117 pus\u0117s to, kas buvo su mumis atsitik\u0119. Tiesa gerokai keistesn\u0117 ir \u012fdomesn\u0117. Gerokai..Ar esate gird\u0117j\u0119 apie Ma\u017e\u0105sias Klampynes? Miestel\u012f supa mi\u0161kai ir pelk\u0117s, aik\u0161t\u0117je stovi Ne\u017einia Kieno de\u0161in\u0117s kojos paminklas, o gyventoj\u0173 namuose jaukiai \u012fsitais\u0119 baubai. Be to, \u010dia nuolat nutinka keis\u010diausi\u0173 dalyk\u0173.<\/p>\n<p>Miestel\u0117nai \u017eino: jei miestel\u012f u\u017epl\u016bdo \u017eal\u010diai, aplink namus naktimis slankioja vilkai ar skraido \u0161vytin\u010dios \u017ealtvyksl\u0117s, nagus bus priki\u0161\u0119 nenustygstantys Ma\u017e\u0173j\u0173 Klampyni\u0173 dvyniai Agata ir Aringas. Ta\u010diau gyvenimas d\u0117l to tik \u012fdomesnis: kiekvienas nor\u0117t\u0173 \u012fsikurti magi\u0161k\u0173 nuotyki\u0173 kupinose Ma\u017eosiose Klampyn\u0117se!<\/p>\n","protected":false},"excerpt":{"rendered":"<p>Nors ir skirtingi, turime tvirtai mus vienijant\u012f bruo\u017e\u0105 \u2013 nuolat \u012fsipainiojame \u012f keis\u010diausias baugias istorijas, apie kurias paskui dar ilgai sklando \u012fvairiausi gandai. Nors pasiklaus\u0119s da\u017enas pamano, kad tos istorijos gerokai pagra\u017eintos, turiu pasakyti: miestelio gyventojai ne\u017eino n\u0117 pus\u0117s to, kas buvo su mumis atsitik\u0119. Tiesa gerokai keistesn\u0117 ir \u012fdomesn\u0117. Gerokai..Ar esate gird\u0117j\u0119 apie Ma\u017e\u0105sias Klampynes? Miestel\u012f supa mi\u0161kai ir pelk\u0117s, aik\u0161t\u0117je stovi Ne\u017einia Kieno de\u0161in\u0117s kojos paminklas, o gyventoj\u0173 namuose jaukiai \u012fsitais\u0119 baubai. Be to, \u010dia nuolat nutinka keis\u010diausi\u0173 dalyk\u0173. Miestel\u0117nai \u017eino: jei miestel\u012f u\u017epl\u016bdo \u017eal\u010diai, aplink namus naktimis slankioja vilkai ar skraido \u0161vytin\u010dios \u017ealtvyksl\u0117s, nagus bus priki\u0161\u0119 nenustygstantys Ma\u017e\u0173j\u0173 Klampyni\u0173 dvyniai Agata ir Aringas. Ta\u010diau gyvenimas d\u0117l to tik \u012fdomesnis: kiekvienas nor\u0117t\u0173 \u012fsikurti magi\u0161k\u0173 nuotyki\u0173 kupinose Ma\u017eosiose Klampyn\u0117se!<\/p>\n","protected":false},"featured_media":18843,"comment_status":"open","ping_status":"closed","template":"","meta":{"_acf_changed":false,"site-sidebar-layout":"default","site-content-layout":"","ast-site-content-layout":"default","site-content-style":"default","site-sidebar-style":"default","ast-global-header-display":"","ast-banner-title-visibility":"","ast-main-header-display":"","ast-hfb-above-header-display":"","ast-hfb-below-header-display":"","ast-hfb-mobile-header-display":"","site-post-title":"","ast-breadcrumbs-content":"","ast-featured-img":"","footer-sml-layout":"","ast-disable-related-posts":"","theme-transparent-header-meta":"","adv-header-id-meta":"","stick-header-meta":"","header-above-stick-meta":"","header-main-stick-meta":"","header-below-stick-meta":"","astra-migrate-meta-layouts":"default","ast-page-background-enabled":"default","ast-page-background-meta":{"desktop":{"background-color":"","background-image":"","background-repeat":"repeat","background-position":"center center","background-size":"auto","background-attachment":"scroll","background-type":"","background-media":"","overlay-type":"","overlay-color":"","overlay-opacity":"","overlay-gradient":""},"tablet":{"background-color":"","background-image":"","background-repeat":"repeat","background-position":"center center","background-size":"auto","background-attachment":"scroll","background-type":"","background-media":"","overlay-type":"","overlay-color":"","overlay-opacity":"","overlay-gradient":""},"mobile":{"background-color":"","background-image":"","background-repeat":"repeat","background-position":"center center","background-size":"auto","background-attachment":"scroll","background-type":"","background-media":"","overlay-type":"","overlay-color":"","overlay-opacity":"","overlay-gradient":""}},"ast-content-background-meta":{"desktop":{"background-color":"var(--ast-global-color-4)","background-image":"","background-repeat":"repeat","background-position":"center center","background-size":"auto","background-attachment":"scroll","background-type":"","background-media":"","overlay-type":"","overlay-color":"","overlay-opacity":"","overlay-gradient":""},"tablet":{"background-color":"var(--ast-global-color-4)","background-image":"","background-repeat":"repeat","background-position":"center center","background-size":"auto","background-attachment":"scroll","background-type":"","background-media":"","overlay-type":"","overlay-color":"","overlay-opacity":"","overlay-gradient":""},"mobile":{"background-color":"var(--ast-global-color-4)","background-image":"","background-repeat":"repeat","background-position":"center center","background-size":"auto","background-attachment":"scroll","background-type":"","background-media":"","overlay-type":"","overlay-color":"","overlay-opacity":"","overlay-gradient":""}}},"product_brand":[],"product_cat":[15],"product_tag":[5326,5325,5324,1755,1451,1478,1785,1645],"class_list":{"0":"post-18838","1":"product","2":"type-product","3":"status-publish","4":"has-post-thumbnail","6":"product_cat-uncategorized","7":"product_tag-dvyniai","8":"product_tag-keistos-istorijos","9":"product_tag-klampynes","10":"product_tag-magija","11":"product_tag-nuotykiai","12":"product_tag-paslaptys","13":"product_tag-vaikams","14":"product_tag-vaiku-literatura","15":"desktop-align-left","16":"tablet-align-left","17":"mobile-align-left","19":"first","20":"instock","21":"shipping-taxable","22":"purchasable","23":"product-type-simple"},"acf":[],"yoast_head":"<!-- This site is optimized with the Yoast SEO plugin v27.0 - https:\/\/yoast.com\/product\/yoast-seo-wordpress\/ -->\n<title>Klampyni\u0173 kronikos (yra kelios d\u0117mel\u0117s)<\/title>\n<meta name=\"description\" content=\"Nors ir skirtingi, turime tvirtai mus vienijant\u012f bruo\u017e\u0105 \u2013 nuolat \u012fsipainiojame \u012f keis\u010diausias baugias istorijas, apie kurias paskui dar ilgai sklando\" \/>\n<meta name=\"robots\" content=\"index, follow, max-snippet:-1, max-image-preview:large, max-video-preview:-1\" \/>\n<link rel=\"canonical\" href=\"https:\/\/skaitytaknyga.lt\/en\/produktas\/klampyniu-kronikos\/\" \/>\n<meta property=\"og:locale\" content=\"en_GB\" \/>\n<meta property=\"og:locale:alternate\" content=\"lt_LT\" \/>\n<meta property=\"og:type\" content=\"article\" \/>\n<meta property=\"og:title\" content=\"Klampyni\u0173 kronikos (yra kelios d\u0117mel\u0117s)\" \/>\n<meta property=\"og:description\" content=\"Nors ir skirtingi, turime tvirtai mus vienijant\u012f bruo\u017e\u0105 \u2013 nuolat \u012fsipainiojame \u012f keis\u010diausias baugias istorijas, apie kurias paskui dar ilgai sklando\" \/>\n<meta property=\"og:url\" content=\"https:\/\/skaitytaknyga.lt\/en\/produktas\/klampyniu-kronikos\/\" \/>\n<meta property=\"og:site_name\" content=\"Skaitytaknyga\" \/>\n<meta property=\"article:publisher\" content=\"https:\/\/www.facebook.com\/skaitytaknyga\/\" \/>\n<meta property=\"article:modified_time\" content=\"2025-11-30T11:32:51+00:00\" \/>\n<meta property=\"og:image\" content=\"https:\/\/skaitytaknyga.lt\/wp-content\/uploads\/2025\/06\/Klampyniu-kronikos.webp\" \/>\n\t<meta property=\"og:image:width\" content=\"291\" \/>\n\t<meta property=\"og:image:height\" content=\"400\" \/>\n\t<meta property=\"og:image:type\" content=\"image\/webp\" \/>\n<meta name=\"twitter:card\" content=\"summary_large_image\" \/>\n<meta name=\"twitter:label1\" content=\"Estimated reading time\" \/>\n\t<meta name=\"twitter:data1\" content=\"1 minute\" \/>\n<script type=\"application\/ld+json\" class=\"yoast-schema-graph\">{\"@context\":\"https:\/\/schema.org\",\"@graph\":[{\"@type\":\"WebPage\",\"@id\":\"https:\/\/skaitytaknyga.lt\/produktas\/klampyniu-kronikos\/\",\"url\":\"https:\/\/skaitytaknyga.lt\/produktas\/klampyniu-kronikos\/\",\"name\":\"Klampyni\u0173 kronikos (yra kelios d\u0117mel\u0117s)\",\"isPartOf\":{\"@id\":\"https:\/\/skaitytaknyga.lt\/#website\"},\"primaryImageOfPage\":{\"@id\":\"https:\/\/skaitytaknyga.lt\/produktas\/klampyniu-kronikos\/#primaryimage\"},\"image\":{\"@id\":\"https:\/\/skaitytaknyga.lt\/produktas\/klampyniu-kronikos\/#primaryimage\"},\"thumbnailUrl\":\"https:\/\/skaitytaknyga.lt\/wp-content\/uploads\/2025\/06\/Klampyniu-kronikos.webp\",\"datePublished\":\"2025-06-12T05:48:17+00:00\",\"dateModified\":\"2025-11-30T11:32:51+00:00\",\"description\":\"Nors ir skirtingi, turime tvirtai mus vienijant\u012f bruo\u017e\u0105 \u2013 nuolat \u012fsipainiojame \u012f keis\u010diausias baugias istorijas, apie kurias paskui dar ilgai sklando\",\"breadcrumb\":{\"@id\":\"https:\/\/skaitytaknyga.lt\/produktas\/klampyniu-kronikos\/#breadcrumb\"},\"inLanguage\":\"en-GB\",\"potentialAction\":[{\"@type\":\"ReadAction\",\"target\":[\"https:\/\/skaitytaknyga.lt\/produktas\/klampyniu-kronikos\/\"]}]},{\"@type\":\"ImageObject\",\"inLanguage\":\"en-GB\",\"@id\":\"https:\/\/skaitytaknyga.lt\/produktas\/klampyniu-kronikos\/#primaryimage\",\"url\":\"https:\/\/skaitytaknyga.lt\/wp-content\/uploads\/2025\/06\/Klampyniu-kronikos.webp\",\"contentUrl\":\"https:\/\/skaitytaknyga.lt\/wp-content\/uploads\/2025\/06\/Klampyniu-kronikos.webp\",\"width\":291,\"height\":400,\"caption\":\"Klampyni\u0173 kronikos\"},{\"@type\":\"BreadcrumbList\",\"@id\":\"https:\/\/skaitytaknyga.lt\/produktas\/klampyniu-kronikos\/#breadcrumb\",\"itemListElement\":[{\"@type\":\"ListItem\",\"position\":1,\"name\":\"Home\",\"item\":\"https:\/\/skaitytaknyga.lt\/\"},{\"@type\":\"ListItem\",\"position\":2,\"name\":\"Parduotuv\u0117\",\"item\":\"https:\/\/skaitytaknyga.lt\/knygu-parduotuve\/\"},{\"@type\":\"ListItem\",\"position\":3,\"name\":\"Klampyni\u0173 kronikos (yra kelios d\u0117mel\u0117s)\"}]},{\"@type\":\"WebSite\",\"@id\":\"https:\/\/skaitytaknyga.lt\/#website\",\"url\":\"https:\/\/skaitytaknyga.lt\/\",\"name\":\"skaitytaknyga.lt\",\"description\":\"Skaitytaknyga.lt \u2013 tai ma\u017eas \u0161eimos verslas, kuris prasid\u0117jo nuo meil\u0117s knygoms ir siekio i\u0161gelb\u0117ti knygas nuo likimo prie konteinerio. Kas vienam nereikalingas daiktas \u2013 kitam lobis, o mes esame tarpininkai, kurie padeda abiems tapti laimingesniems ???? \u017dinome kaip nelengva i\u0161gyventi ma\u017eiems verslams, tad nuo \u0161iol, \u010dia rasite ir kit\u0173, ma\u017e\u0173 \u0161eim\u0173 versl\u0173, rank\u0173 darbo, dovan\u0173 sau ir artimiesiems.\",\"publisher\":{\"@id\":\"https:\/\/skaitytaknyga.lt\/#organization\"},\"potentialAction\":[{\"@type\":\"SearchAction\",\"target\":{\"@type\":\"EntryPoint\",\"urlTemplate\":\"https:\/\/skaitytaknyga.lt\/?s={search_term_string}\"},\"query-input\":{\"@type\":\"PropertyValueSpecification\",\"valueRequired\":true,\"valueName\":\"search_term_string\"}}],\"inLanguage\":\"en-GB\"},{\"@type\":\"Organization\",\"@id\":\"https:\/\/skaitytaknyga.lt\/#organization\",\"name\":\"skaitytaknyga.lt\",\"url\":\"https:\/\/skaitytaknyga.lt\/\",\"logo\":{\"@type\":\"ImageObject\",\"inLanguage\":\"en-GB\",\"@id\":\"https:\/\/skaitytaknyga.lt\/#\/schema\/logo\/image\/\",\"url\":\"https:\/\/skaitytaknyga.lt\/wp-content\/uploads\/2024\/05\/cropped-cropped-cropped-02_00843_jt3bggkj1j3HLc7SyY6rEUpg.jpeg\",\"contentUrl\":\"https:\/\/skaitytaknyga.lt\/wp-content\/uploads\/2024\/05\/cropped-cropped-cropped-02_00843_jt3bggkj1j3HLc7SyY6rEUpg.jpeg\",\"width\":1600,\"height\":1600,\"caption\":\"skaitytaknyga.lt\"},\"image\":{\"@id\":\"https:\/\/skaitytaknyga.lt\/#\/schema\/logo\/image\/\"},\"sameAs\":[\"https:\/\/www.facebook.com\/skaitytaknyga\/\"]}]}<\/script>\n<!-- \/ Yoast SEO plugin. -->","yoast_head_json":{"title":"Klampyni\u0173 kronikos (yra kelios d\u0117mel\u0117s)","description":"Nors ir skirtingi, turime tvirtai mus vienijant\u012f bruo\u017e\u0105 \u2013 nuolat \u012fsipainiojame \u012f keis\u010diausias baugias istorijas, apie kurias paskui dar ilgai sklando","robots":{"index":"index","follow":"follow","max-snippet":"max-snippet:-1","max-image-preview":"max-image-preview:large","max-video-preview":"max-video-preview:-1"},"canonical":"https:\/\/skaitytaknyga.lt\/en\/produktas\/klampyniu-kronikos\/","og_locale":"en_GB","og_type":"article","og_title":"[:lt]Klampyni\u0173 kronikos (yra kelios d\u0117mel\u0117s)[:] - Skaitytaknyga","og_description":"Nors ir skirtingi, turime tvirtai mus vienijant\u012f bruo\u017e\u0105 \u2013 nuolat \u012fsipainiojame \u012f keis\u010diausias baugias istorijas, apie kurias paskui dar ilgai sklando","og_url":"https:\/\/skaitytaknyga.lt\/en\/produktas\/klampyniu-kronikos\/","og_site_name":"Skaitytaknyga","article_publisher":"https:\/\/www.facebook.com\/skaitytaknyga\/","article_modified_time":"2025-11-30T11:32:51+00:00","og_image":[{"width":291,"height":400,"url":"https:\/\/skaitytaknyga.lt\/wp-content\/uploads\/2025\/06\/Klampyniu-kronikos.webp","type":"image\/webp"}],"twitter_card":"summary_large_image","twitter_misc":{"Estimated reading time":"1 minute"},"schema":{"@context":"https:\/\/schema.org","@graph":[{"@type":"WebPage","@id":"https:\/\/skaitytaknyga.lt\/produktas\/klampyniu-kronikos\/","url":"https:\/\/skaitytaknyga.lt\/produktas\/klampyniu-kronikos\/","name":"Klampyni\u0173 kronikos (yra kelios d\u0117mel\u0117s)","isPartOf":{"@id":"https:\/\/skaitytaknyga.lt\/#website"},"primaryImageOfPage":{"@id":"https:\/\/skaitytaknyga.lt\/produktas\/klampyniu-kronikos\/#primaryimage"},"image":{"@id":"https:\/\/skaitytaknyga.lt\/produktas\/klampyniu-kronikos\/#primaryimage"},"thumbnailUrl":"https:\/\/skaitytaknyga.lt\/wp-content\/uploads\/2025\/06\/Klampyniu-kronikos.webp","datePublished":"2025-06-12T05:48:17+00:00","dateModified":"2025-11-30T11:32:51+00:00","description":"Nors ir skirtingi, turime tvirtai mus vienijant\u012f bruo\u017e\u0105 \u2013 nuolat \u012fsipainiojame \u012f keis\u010diausias baugias istorijas, apie kurias paskui dar ilgai sklando","breadcrumb":{"@id":"https:\/\/skaitytaknyga.lt\/produktas\/klampyniu-kronikos\/#breadcrumb"},"inLanguage":"en-GB","potentialAction":[{"@type":"ReadAction","target":["https:\/\/skaitytaknyga.lt\/produktas\/klampyniu-kronikos\/"]}]},{"@type":"ImageObject","inLanguage":"en-GB","@id":"https:\/\/skaitytaknyga.lt\/produktas\/klampyniu-kronikos\/#primaryimage","url":"https:\/\/skaitytaknyga.lt\/wp-content\/uploads\/2025\/06\/Klampyniu-kronikos.webp","contentUrl":"https:\/\/skaitytaknyga.lt\/wp-content\/uploads\/2025\/06\/Klampyniu-kronikos.webp","width":291,"height":400,"caption":"Klampyni\u0173 kronikos"},{"@type":"BreadcrumbList","@id":"https:\/\/skaitytaknyga.lt\/produktas\/klampyniu-kronikos\/#breadcrumb","itemListElement":[{"@type":"ListItem","position":1,"name":"Home","item":"https:\/\/skaitytaknyga.lt\/"},{"@type":"ListItem","position":2,"name":"Parduotuv\u0117","item":"https:\/\/skaitytaknyga.lt\/knygu-parduotuve\/"},{"@type":"ListItem","position":3,"name":"Klampyni\u0173 kronikos (yra kelios d\u0117mel\u0117s)"}]},{"@type":"WebSite","@id":"https:\/\/skaitytaknyga.lt\/#website","url":"https:\/\/skaitytaknyga.lt\/","name":"skaitytaknyga.lt","description":"Skaitytaknyga.lt \u2013 tai ma\u017eas \u0161eimos verslas, kuris prasid\u0117jo nuo meil\u0117s knygoms ir siekio i\u0161gelb\u0117ti knygas nuo likimo prie konteinerio. Kas vienam nereikalingas daiktas \u2013 kitam lobis, o mes esame tarpininkai, kurie padeda abiems tapti laimingesniems ???? \u017dinome kaip nelengva i\u0161gyventi ma\u017eiems verslams, tad nuo \u0161iol, \u010dia rasite ir kit\u0173, ma\u017e\u0173 \u0161eim\u0173 versl\u0173, rank\u0173 darbo, dovan\u0173 sau ir artimiesiems.","publisher":{"@id":"https:\/\/skaitytaknyga.lt\/#organization"},"potentialAction":[{"@type":"SearchAction","target":{"@type":"EntryPoint","urlTemplate":"https:\/\/skaitytaknyga.lt\/?s={search_term_string}"},"query-input":{"@type":"PropertyValueSpecification","valueRequired":true,"valueName":"search_term_string"}}],"inLanguage":"en-GB"},{"@type":"Organization","@id":"https:\/\/skaitytaknyga.lt\/#organization","name":"skaitytaknyga.lt","url":"https:\/\/skaitytaknyga.lt\/","logo":{"@type":"ImageObject","inLanguage":"en-GB","@id":"https:\/\/skaitytaknyga.lt\/#\/schema\/logo\/image\/","url":"https:\/\/skaitytaknyga.lt\/wp-content\/uploads\/2024\/05\/cropped-cropped-cropped-02_00843_jt3bggkj1j3HLc7SyY6rEUpg.jpeg","contentUrl":"https:\/\/skaitytaknyga.lt\/wp-content\/uploads\/2024\/05\/cropped-cropped-cropped-02_00843_jt3bggkj1j3HLc7SyY6rEUpg.jpeg","width":1600,"height":1600,"caption":"skaitytaknyga.lt"},"image":{"@id":"https:\/\/skaitytaknyga.lt\/#\/schema\/logo\/image\/"},"sameAs":["https:\/\/www.facebook.com\/skaitytaknyga\/"]}]}},"_links":{"self":[{"href":"https:\/\/skaitytaknyga.lt\/en\/wp-json\/wp\/v2\/product\/18838","targetHints":{"allow":["GET"]}}],"collection":[{"href":"https:\/\/skaitytaknyga.lt\/en\/wp-json\/wp\/v2\/product"}],"about":[{"href":"https:\/\/skaitytaknyga.lt\/en\/wp-json\/wp\/v2\/types\/product"}],"replies":[{"embeddable":true,"href":"https:\/\/skaitytaknyga.lt\/en\/wp-json\/wp\/v2\/comments?post=18838"}],"wp:featuredmedia":[{"embeddable":true,"href":"https:\/\/skaitytaknyga.lt\/en\/wp-json\/wp\/v2\/media\/18843"}],"wp:attachment":[{"href":"https:\/\/skaitytaknyga.lt\/en\/wp-json\/wp\/v2\/media?parent=18838"}],"wp:term":[{"taxonomy":"product_brand","embeddable":true,"href":"https:\/\/skaitytaknyga.lt\/en\/wp-json\/wp\/v2\/product_brand?post=18838"},{"taxonomy":"product_cat","embeddable":true,"href":"https:\/\/skaitytaknyga.lt\/en\/wp-json\/wp\/v2\/product_cat?post=18838"},{"taxonomy":"product_tag","embeddable":true,"href":"https:\/\/skaitytaknyga.lt\/en\/wp-json\/wp\/v2\/product_tag?post=18838"}],"curies":[{"name":"wp","href":"https:\/\/api.w.org\/{rel}","templated":true}]}}