{"id":18837,"date":"2025-06-12T08:48:17","date_gmt":"2025-06-12T05:48:17","guid":{"rendered":"https:\/\/skaitytaknyga.lt\/?post_type=product&#038;p=18837"},"modified":"2025-06-26T14:40:55","modified_gmt":"2025-06-26T11:40:55","slug":"as-esu-kosmas","status":"publish","type":"product","link":"https:\/\/skaitytaknyga.lt\/en\/produktas\/as-esu-kosmas\/","title":{"rendered":"A\u0161 esu Kosmas"},"content":{"rendered":"<p>Vaikams nuo 10 m.<\/p>\n<p>Auksaspalvis retriveris pasakoja linksm\u0105, bet jaudinan\u010di\u0105 istorij\u0105 apie savo pastangas i\u0161saugoti \u0161eim\u0105.<\/p>\n<p>Nuo to laiko, kai prie\u0161 de\u0161imt met\u0173 tapo vyresniuoju Makso broliu, auksaspalvis retriveris Kosmas \u017einojo savo darb\u0105 \u2013 saugoti \u0161\u012f berniuk\u0105 ir stengtis, kad jis b\u016bt\u0173 laimingas. Prab\u0117go daug puiki\u0173 met\u0173, buvo sugauta daug teniso kamuoliuk\u0173, nugvelbta nema\u017eai kalakutienos, supl\u0117\u0161yta kilometrai tualetinio popieriaus, o Kosmas atkakliai laik\u0117si priesaikos. Tik pastaruoju metu jo did\u017eiausia problema tapo klostyt\u0105 sijon\u0117l\u012f segintis aviganis ir \u012f s\u0105narius \u012fsimet\u0119s artritas. Paskui ant sofos atsiranda t\u0117\u010dio kvapu persisunkusios antklod\u0117s, besigin\u010dijantys balsai vis gars\u0117ja&#8230; Kosmas jau\u010dia, kad laukia dar sunkesni i\u0161bandymai.<\/p>\n<p>Kai Maksui \u0161auna beproti\u0161ka mintis dalyvauti \u0161oki\u0173 var\u017eybose, Kosmas negali atsisakyti. Maksas nori savo t\u0117vams priminti tuos puikius laikus, kai jie visi kartu \u0161okdavo, ir priversti pamir\u0161ti \u017eod\u012f, prasidedant\u012f \u201es\u201c raide.<\/p>\n<p>\u201eA\u0161 esu Kosmas\u201c \u012ftraukia skaitytojus nuo pirmojo puslapio ir primena: kad ir kur gyvenimas nublok\u0161t\u0173, meil\u0117 ir i\u0161tikimyb\u0117 galiausiai nugali.<\/p>\n","protected":false},"excerpt":{"rendered":"<p>Vaikams nuo 10 m. Auksaspalvis retriveris pasakoja linksm\u0105, bet jaudinan\u010di\u0105 istorij\u0105 apie savo pastangas i\u0161saugoti \u0161eim\u0105. Nuo to laiko, kai prie\u0161 de\u0161imt met\u0173 tapo vyresniuoju Makso broliu, auksaspalvis retriveris Kosmas \u017einojo savo darb\u0105 \u2013 saugoti \u0161\u012f berniuk\u0105 ir stengtis, kad jis b\u016bt\u0173 laimingas. Prab\u0117go daug puiki\u0173 met\u0173, buvo sugauta daug teniso kamuoliuk\u0173, nugvelbta nema\u017eai kalakutienos, supl\u0117\u0161yta kilometrai tualetinio popieriaus, o Kosmas atkakliai laik\u0117si priesaikos. Tik pastaruoju metu jo did\u017eiausia problema tapo klostyt\u0105 sijon\u0117l\u012f segintis aviganis ir \u012f s\u0105narius \u012fsimet\u0119s artritas. Paskui ant sofos atsiranda t\u0117\u010dio kvapu persisunkusios antklod\u0117s, besigin\u010dijantys balsai vis gars\u0117ja&#8230; Kosmas jau\u010dia, kad laukia dar sunkesni i\u0161bandymai. Kai Maksui \u0161auna beproti\u0161ka mintis dalyvauti \u0161oki\u0173 var\u017eybose, Kosmas negali atsisakyti. Maksas nori savo t\u0117vams priminti tuos puikius laikus, kai jie visi kartu \u0161okdavo, ir priversti pamir\u0161ti \u017eod\u012f, prasidedant\u012f \u201es\u201c raide. \u201eA\u0161 esu Kosmas\u201c \u012ftraukia skaitytojus nuo pirmojo puslapio ir primena: kad ir kur gyvenimas nublok\u0161t\u0173, meil\u0117 ir i\u0161tikimyb\u0117 galiausiai nugali.<\/p>\n","protected":false},"featured_media":18842,"comment_status":"open","ping_status":"closed","template":"","meta":{"_acf_changed":false,"site-sidebar-layout":"default","site-content-layout":"","ast-site-content-layout":"default","site-content-style":"default","site-sidebar-style":"default","ast-global-header-display":"","ast-banner-title-visibility":"","ast-main-header-display":"","ast-hfb-above-header-display":"","ast-hfb-below-header-display":"","ast-hfb-mobile-header-display":"","site-post-title":"","ast-breadcrumbs-content":"","ast-featured-img":"","footer-sml-layout":"","ast-disable-related-posts":"","theme-transparent-header-meta":"","adv-header-id-meta":"","stick-header-meta":"","header-above-stick-meta":"","header-main-stick-meta":"","header-below-stick-meta":"","astra-migrate-meta-layouts":"default","ast-page-background-enabled":"default","ast-page-background-meta":{"desktop":{"background-color":"","background-image":"","background-repeat":"repeat","background-position":"center center","background-size":"auto","background-attachment":"scroll","background-type":"","background-media":"","overlay-type":"","overlay-color":"","overlay-opacity":"","overlay-gradient":""},"tablet":{"background-color":"","background-image":"","background-repeat":"repeat","background-position":"center center","background-size":"auto","background-attachment":"scroll","background-type":"","background-media":"","overlay-type":"","overlay-color":"","overlay-opacity":"","overlay-gradient":""},"mobile":{"background-color":"","background-image":"","background-repeat":"repeat","background-position":"center center","background-size":"auto","background-attachment":"scroll","background-type":"","background-media":"","overlay-type":"","overlay-color":"","overlay-opacity":"","overlay-gradient":""}},"ast-content-background-meta":{"desktop":{"background-color":"var(--ast-global-color-4)","background-image":"","background-repeat":"repeat","background-position":"center center","background-size":"auto","background-attachment":"scroll","background-type":"","background-media":"","overlay-type":"","overlay-color":"","overlay-opacity":"","overlay-gradient":""},"tablet":{"background-color":"var(--ast-global-color-4)","background-image":"","background-repeat":"repeat","background-position":"center center","background-size":"auto","background-attachment":"scroll","background-type":"","background-media":"","overlay-type":"","overlay-color":"","overlay-opacity":"","overlay-gradient":""},"mobile":{"background-color":"var(--ast-global-color-4)","background-image":"","background-repeat":"repeat","background-position":"center center","background-size":"auto","background-attachment":"scroll","background-type":"","background-media":"","overlay-type":"","overlay-color":"","overlay-opacity":"","overlay-gradient":""}}},"product_brand":[],"product_cat":[15],"product_tag":[5320,5322,1796,1646,5323,5321,1785,1645],"class_list":{"0":"post-18837","1":"product","2":"type-product","3":"status-publish","4":"has-post-thumbnail","6":"product_cat-uncategorized","7":"product_tag-auksaspalvis-retriveris","8":"product_tag-istikimybe","9":"product_tag-meile","10":"product_tag-seima","11":"product_tag-sokiai","12":"product_tag-suo-pasakotojas","13":"product_tag-vaikams","14":"product_tag-vaiku-literatura","15":"desktop-align-left","16":"tablet-align-left","17":"mobile-align-left","19":"first","20":"instock","21":"shipping-taxable","22":"purchasable","23":"product-type-simple"},"acf":[],"yoast_head":"<!-- This site is optimized with the Yoast SEO plugin v27.0 - https:\/\/yoast.com\/product\/yoast-seo-wordpress\/ -->\n<title>A\u0161 esu Kosmas<\/title>\n<meta name=\"description\" content=\"Vaikams nuo 10 m. Auksaspalvis retriveris pasakoja linksm\u0105, bet jaudinan\u010di\u0105 istorij\u0105 apie savo pastangas i\u0161saugoti \u0161eim\u0105. Nuo to laiko, kai prie\u0161 de\u0161imt\" \/>\n<meta name=\"robots\" content=\"index, follow, max-snippet:-1, max-image-preview:large, max-video-preview:-1\" \/>\n<link rel=\"canonical\" href=\"https:\/\/skaitytaknyga.lt\/en\/produktas\/as-esu-kosmas\/\" \/>\n<meta property=\"og:locale\" content=\"en_GB\" \/>\n<meta property=\"og:locale:alternate\" content=\"lt_LT\" \/>\n<meta property=\"og:type\" content=\"article\" \/>\n<meta property=\"og:title\" content=\"A\u0161 esu Kosmas\" \/>\n<meta property=\"og:description\" content=\"Vaikams nuo 10 m. Auksaspalvis retriveris pasakoja linksm\u0105, bet jaudinan\u010di\u0105 istorij\u0105 apie savo pastangas i\u0161saugoti \u0161eim\u0105. Nuo to laiko, kai prie\u0161 de\u0161imt\" \/>\n<meta property=\"og:url\" content=\"https:\/\/skaitytaknyga.lt\/en\/produktas\/as-esu-kosmas\/\" \/>\n<meta property=\"og:site_name\" content=\"Skaitytaknyga\" \/>\n<meta property=\"article:publisher\" content=\"https:\/\/www.facebook.com\/skaitytaknyga\/\" \/>\n<meta property=\"article:modified_time\" content=\"2025-06-26T11:40:55+00:00\" \/>\n<meta property=\"og:image\" content=\"https:\/\/skaitytaknyga.lt\/wp-content\/uploads\/2025\/06\/As-esu-Kosmas.webp\" \/>\n\t<meta property=\"og:image:width\" content=\"403\" \/>\n\t<meta property=\"og:image:height\" content=\"600\" \/>\n\t<meta property=\"og:image:type\" content=\"image\/webp\" \/>\n<meta name=\"twitter:card\" content=\"summary_large_image\" \/>\n<meta name=\"twitter:label1\" content=\"Estimated reading time\" \/>\n\t<meta name=\"twitter:data1\" content=\"1 minute\" \/>\n<script type=\"application\/ld+json\" class=\"yoast-schema-graph\">{\"@context\":\"https:\/\/schema.org\",\"@graph\":[{\"@type\":\"WebPage\",\"@id\":\"https:\/\/skaitytaknyga.lt\/produktas\/as-esu-kosmas\/\",\"url\":\"https:\/\/skaitytaknyga.lt\/produktas\/as-esu-kosmas\/\",\"name\":\"A\u0161 esu Kosmas\",\"isPartOf\":{\"@id\":\"https:\/\/skaitytaknyga.lt\/#website\"},\"primaryImageOfPage\":{\"@id\":\"https:\/\/skaitytaknyga.lt\/produktas\/as-esu-kosmas\/#primaryimage\"},\"image\":{\"@id\":\"https:\/\/skaitytaknyga.lt\/produktas\/as-esu-kosmas\/#primaryimage\"},\"thumbnailUrl\":\"https:\/\/skaitytaknyga.lt\/wp-content\/uploads\/2025\/06\/As-esu-Kosmas.webp\",\"datePublished\":\"2025-06-12T05:48:17+00:00\",\"dateModified\":\"2025-06-26T11:40:55+00:00\",\"description\":\"Vaikams nuo 10 m. Auksaspalvis retriveris pasakoja linksm\u0105, bet jaudinan\u010di\u0105 istorij\u0105 apie savo pastangas i\u0161saugoti \u0161eim\u0105. Nuo to laiko, kai prie\u0161 de\u0161imt\",\"breadcrumb\":{\"@id\":\"https:\/\/skaitytaknyga.lt\/produktas\/as-esu-kosmas\/#breadcrumb\"},\"inLanguage\":\"en-GB\",\"potentialAction\":[{\"@type\":\"ReadAction\",\"target\":[\"https:\/\/skaitytaknyga.lt\/produktas\/as-esu-kosmas\/\"]}]},{\"@type\":\"ImageObject\",\"inLanguage\":\"en-GB\",\"@id\":\"https:\/\/skaitytaknyga.lt\/produktas\/as-esu-kosmas\/#primaryimage\",\"url\":\"https:\/\/skaitytaknyga.lt\/wp-content\/uploads\/2025\/06\/As-esu-Kosmas.webp\",\"contentUrl\":\"https:\/\/skaitytaknyga.lt\/wp-content\/uploads\/2025\/06\/As-esu-Kosmas.webp\",\"width\":403,\"height\":600,\"caption\":\"A\u0161 esu Kosmas\"},{\"@type\":\"BreadcrumbList\",\"@id\":\"https:\/\/skaitytaknyga.lt\/produktas\/as-esu-kosmas\/#breadcrumb\",\"itemListElement\":[{\"@type\":\"ListItem\",\"position\":1,\"name\":\"Home\",\"item\":\"https:\/\/skaitytaknyga.lt\/\"},{\"@type\":\"ListItem\",\"position\":2,\"name\":\"Parduotuv\u0117\",\"item\":\"https:\/\/skaitytaknyga.lt\/knygu-parduotuve\/\"},{\"@type\":\"ListItem\",\"position\":3,\"name\":\"A\u0161 esu Kosmas\"}]},{\"@type\":\"WebSite\",\"@id\":\"https:\/\/skaitytaknyga.lt\/#website\",\"url\":\"https:\/\/skaitytaknyga.lt\/\",\"name\":\"skaitytaknyga.lt\",\"description\":\"Skaitytaknyga.lt \u2013 tai ma\u017eas \u0161eimos verslas, kuris prasid\u0117jo nuo meil\u0117s knygoms ir siekio i\u0161gelb\u0117ti knygas nuo likimo prie konteinerio. Kas vienam nereikalingas daiktas \u2013 kitam lobis, o mes esame tarpininkai, kurie padeda abiems tapti laimingesniems ???? \u017dinome kaip nelengva i\u0161gyventi ma\u017eiems verslams, tad nuo \u0161iol, \u010dia rasite ir kit\u0173, ma\u017e\u0173 \u0161eim\u0173 versl\u0173, rank\u0173 darbo, dovan\u0173 sau ir artimiesiems.\",\"publisher\":{\"@id\":\"https:\/\/skaitytaknyga.lt\/#organization\"},\"potentialAction\":[{\"@type\":\"SearchAction\",\"target\":{\"@type\":\"EntryPoint\",\"urlTemplate\":\"https:\/\/skaitytaknyga.lt\/?s={search_term_string}\"},\"query-input\":{\"@type\":\"PropertyValueSpecification\",\"valueRequired\":true,\"valueName\":\"search_term_string\"}}],\"inLanguage\":\"en-GB\"},{\"@type\":\"Organization\",\"@id\":\"https:\/\/skaitytaknyga.lt\/#organization\",\"name\":\"skaitytaknyga.lt\",\"url\":\"https:\/\/skaitytaknyga.lt\/\",\"logo\":{\"@type\":\"ImageObject\",\"inLanguage\":\"en-GB\",\"@id\":\"https:\/\/skaitytaknyga.lt\/#\/schema\/logo\/image\/\",\"url\":\"https:\/\/skaitytaknyga.lt\/wp-content\/uploads\/2024\/05\/cropped-cropped-cropped-02_00843_jt3bggkj1j3HLc7SyY6rEUpg.jpeg\",\"contentUrl\":\"https:\/\/skaitytaknyga.lt\/wp-content\/uploads\/2024\/05\/cropped-cropped-cropped-02_00843_jt3bggkj1j3HLc7SyY6rEUpg.jpeg\",\"width\":1600,\"height\":1600,\"caption\":\"skaitytaknyga.lt\"},\"image\":{\"@id\":\"https:\/\/skaitytaknyga.lt\/#\/schema\/logo\/image\/\"},\"sameAs\":[\"https:\/\/www.facebook.com\/skaitytaknyga\/\"]}]}<\/script>\n<!-- \/ Yoast SEO plugin. -->","yoast_head_json":{"title":"A\u0161 esu Kosmas","description":"Vaikams nuo 10 m. Auksaspalvis retriveris pasakoja linksm\u0105, bet jaudinan\u010di\u0105 istorij\u0105 apie savo pastangas i\u0161saugoti \u0161eim\u0105. Nuo to laiko, kai prie\u0161 de\u0161imt","robots":{"index":"index","follow":"follow","max-snippet":"max-snippet:-1","max-image-preview":"max-image-preview:large","max-video-preview":"max-video-preview:-1"},"canonical":"https:\/\/skaitytaknyga.lt\/en\/produktas\/as-esu-kosmas\/","og_locale":"en_GB","og_type":"article","og_title":"[:lt]A\u0161 esu Kosmas[:] - Skaitytaknyga","og_description":"Vaikams nuo 10 m. Auksaspalvis retriveris pasakoja linksm\u0105, bet jaudinan\u010di\u0105 istorij\u0105 apie savo pastangas i\u0161saugoti \u0161eim\u0105. Nuo to laiko, kai prie\u0161 de\u0161imt","og_url":"https:\/\/skaitytaknyga.lt\/en\/produktas\/as-esu-kosmas\/","og_site_name":"Skaitytaknyga","article_publisher":"https:\/\/www.facebook.com\/skaitytaknyga\/","article_modified_time":"2025-06-26T11:40:55+00:00","og_image":[{"width":403,"height":600,"url":"https:\/\/skaitytaknyga.lt\/wp-content\/uploads\/2025\/06\/As-esu-Kosmas.webp","type":"image\/webp"}],"twitter_card":"summary_large_image","twitter_misc":{"Estimated reading time":"1 minute"},"schema":{"@context":"https:\/\/schema.org","@graph":[{"@type":"WebPage","@id":"https:\/\/skaitytaknyga.lt\/produktas\/as-esu-kosmas\/","url":"https:\/\/skaitytaknyga.lt\/produktas\/as-esu-kosmas\/","name":"A\u0161 esu Kosmas","isPartOf":{"@id":"https:\/\/skaitytaknyga.lt\/#website"},"primaryImageOfPage":{"@id":"https:\/\/skaitytaknyga.lt\/produktas\/as-esu-kosmas\/#primaryimage"},"image":{"@id":"https:\/\/skaitytaknyga.lt\/produktas\/as-esu-kosmas\/#primaryimage"},"thumbnailUrl":"https:\/\/skaitytaknyga.lt\/wp-content\/uploads\/2025\/06\/As-esu-Kosmas.webp","datePublished":"2025-06-12T05:48:17+00:00","dateModified":"2025-06-26T11:40:55+00:00","description":"Vaikams nuo 10 m. Auksaspalvis retriveris pasakoja linksm\u0105, bet jaudinan\u010di\u0105 istorij\u0105 apie savo pastangas i\u0161saugoti \u0161eim\u0105. Nuo to laiko, kai prie\u0161 de\u0161imt","breadcrumb":{"@id":"https:\/\/skaitytaknyga.lt\/produktas\/as-esu-kosmas\/#breadcrumb"},"inLanguage":"en-GB","potentialAction":[{"@type":"ReadAction","target":["https:\/\/skaitytaknyga.lt\/produktas\/as-esu-kosmas\/"]}]},{"@type":"ImageObject","inLanguage":"en-GB","@id":"https:\/\/skaitytaknyga.lt\/produktas\/as-esu-kosmas\/#primaryimage","url":"https:\/\/skaitytaknyga.lt\/wp-content\/uploads\/2025\/06\/As-esu-Kosmas.webp","contentUrl":"https:\/\/skaitytaknyga.lt\/wp-content\/uploads\/2025\/06\/As-esu-Kosmas.webp","width":403,"height":600,"caption":"A\u0161 esu Kosmas"},{"@type":"BreadcrumbList","@id":"https:\/\/skaitytaknyga.lt\/produktas\/as-esu-kosmas\/#breadcrumb","itemListElement":[{"@type":"ListItem","position":1,"name":"Home","item":"https:\/\/skaitytaknyga.lt\/"},{"@type":"ListItem","position":2,"name":"Parduotuv\u0117","item":"https:\/\/skaitytaknyga.lt\/knygu-parduotuve\/"},{"@type":"ListItem","position":3,"name":"A\u0161 esu Kosmas"}]},{"@type":"WebSite","@id":"https:\/\/skaitytaknyga.lt\/#website","url":"https:\/\/skaitytaknyga.lt\/","name":"skaitytaknyga.lt","description":"Skaitytaknyga.lt \u2013 tai ma\u017eas \u0161eimos verslas, kuris prasid\u0117jo nuo meil\u0117s knygoms ir siekio i\u0161gelb\u0117ti knygas nuo likimo prie konteinerio. Kas vienam nereikalingas daiktas \u2013 kitam lobis, o mes esame tarpininkai, kurie padeda abiems tapti laimingesniems ???? \u017dinome kaip nelengva i\u0161gyventi ma\u017eiems verslams, tad nuo \u0161iol, \u010dia rasite ir kit\u0173, ma\u017e\u0173 \u0161eim\u0173 versl\u0173, rank\u0173 darbo, dovan\u0173 sau ir artimiesiems.","publisher":{"@id":"https:\/\/skaitytaknyga.lt\/#organization"},"potentialAction":[{"@type":"SearchAction","target":{"@type":"EntryPoint","urlTemplate":"https:\/\/skaitytaknyga.lt\/?s={search_term_string}"},"query-input":{"@type":"PropertyValueSpecification","valueRequired":true,"valueName":"search_term_string"}}],"inLanguage":"en-GB"},{"@type":"Organization","@id":"https:\/\/skaitytaknyga.lt\/#organization","name":"skaitytaknyga.lt","url":"https:\/\/skaitytaknyga.lt\/","logo":{"@type":"ImageObject","inLanguage":"en-GB","@id":"https:\/\/skaitytaknyga.lt\/#\/schema\/logo\/image\/","url":"https:\/\/skaitytaknyga.lt\/wp-content\/uploads\/2024\/05\/cropped-cropped-cropped-02_00843_jt3bggkj1j3HLc7SyY6rEUpg.jpeg","contentUrl":"https:\/\/skaitytaknyga.lt\/wp-content\/uploads\/2024\/05\/cropped-cropped-cropped-02_00843_jt3bggkj1j3HLc7SyY6rEUpg.jpeg","width":1600,"height":1600,"caption":"skaitytaknyga.lt"},"image":{"@id":"https:\/\/skaitytaknyga.lt\/#\/schema\/logo\/image\/"},"sameAs":["https:\/\/www.facebook.com\/skaitytaknyga\/"]}]}},"_links":{"self":[{"href":"https:\/\/skaitytaknyga.lt\/en\/wp-json\/wp\/v2\/product\/18837","targetHints":{"allow":["GET"]}}],"collection":[{"href":"https:\/\/skaitytaknyga.lt\/en\/wp-json\/wp\/v2\/product"}],"about":[{"href":"https:\/\/skaitytaknyga.lt\/en\/wp-json\/wp\/v2\/types\/product"}],"replies":[{"embeddable":true,"href":"https:\/\/skaitytaknyga.lt\/en\/wp-json\/wp\/v2\/comments?post=18837"}],"wp:featuredmedia":[{"embeddable":true,"href":"https:\/\/skaitytaknyga.lt\/en\/wp-json\/wp\/v2\/media\/18842"}],"wp:attachment":[{"href":"https:\/\/skaitytaknyga.lt\/en\/wp-json\/wp\/v2\/media?parent=18837"}],"wp:term":[{"taxonomy":"product_brand","embeddable":true,"href":"https:\/\/skaitytaknyga.lt\/en\/wp-json\/wp\/v2\/product_brand?post=18837"},{"taxonomy":"product_cat","embeddable":true,"href":"https:\/\/skaitytaknyga.lt\/en\/wp-json\/wp\/v2\/product_cat?post=18837"},{"taxonomy":"product_tag","embeddable":true,"href":"https:\/\/skaitytaknyga.lt\/en\/wp-json\/wp\/v2\/product_tag?post=18837"}],"curies":[{"name":"wp","href":"https:\/\/api.w.org\/{rel}","templated":true}]}}