{"id":18828,"date":"2025-06-12T08:33:48","date_gmt":"2025-06-12T05:33:48","guid":{"rendered":"https:\/\/skaitytaknyga.lt\/?post_type=product&#038;p=18828"},"modified":"2025-06-26T14:40:55","modified_gmt":"2025-06-26T11:40:55","slug":"1000-klausimu-ir-atsakymu-apie-gyvunus","status":"publish","type":"product","link":"https:\/\/skaitytaknyga.lt\/en\/produktas\/1000-klausimu-ir-atsakymu-apie-gyvunus\/","title":{"rendered":"1000 klausim\u0173 ir atsakym\u0173 apie gyv\u016bnus"},"content":{"rendered":"<p>\u0160ioje knygoje sutiksite ir dabar egzistuojan\u010di\u0173 gyv\u016bn\u0173, ir praeityje gyvenusi\u0173 dinozaur\u0173.<\/p>\n<p>Papasakosime jums \u012fdomiausi\u0173 ir keis\u010diausi\u0173 dalyk\u0173 apie gyv\u016bnus, \u0161iandien pasiklidusius po vis\u0105 \u017dem\u0119. Be to, paskui keliausime laiko koridoriumi atgal \u012f praeit\u012f ir pateksime \u012f t\u0105 epoch\u0105, kai m\u016bs\u0173 planetoje gyveno dinozaurai ir kit\u0173 i\u0161nykusi\u0173 r\u016b\u0161i\u0173 gyv\u016bnai.<\/p>\n<p>\u0160ioje knygoje rasite 1000 klausim\u0173 apie \u012fvairius gyv\u016bnus ir atskirai apie dinozaurus; na, ir 1000 atsakym\u0173 \u012f \u0161iuos klausimus; visa tai pateikiama atitinkamais skyriais.<\/p>\n<p>Knyga spalvinga ir gausiai iliustruota, pateikiami gyv\u016bn\u0173 fiziniai apra\u0161ymai ir iliustracijos, o viskas suskirstyta pagal gyv\u016bn\u0173 r\u016b\u0161is.<\/p>\n","protected":false},"excerpt":{"rendered":"<p>\u0160ioje knygoje sutiksite ir dabar egzistuojan\u010di\u0173 gyv\u016bn\u0173, ir praeityje gyvenusi\u0173 dinozaur\u0173. Papasakosime jums \u012fdomiausi\u0173 ir keis\u010diausi\u0173 dalyk\u0173 apie gyv\u016bnus, \u0161iandien pasiklidusius po vis\u0105 \u017dem\u0119. Be to, paskui keliausime laiko koridoriumi atgal \u012f praeit\u012f ir pateksime \u012f t\u0105 epoch\u0105, kai m\u016bs\u0173 planetoje gyveno dinozaurai ir kit\u0173 i\u0161nykusi\u0173 r\u016b\u0161i\u0173 gyv\u016bnai. \u0160ioje knygoje rasite 1000 klausim\u0173 apie \u012fvairius gyv\u016bnus ir atskirai apie dinozaurus; na, ir 1000 atsakym\u0173 \u012f \u0161iuos klausimus; visa tai pateikiama atitinkamais skyriais. Knyga spalvinga ir gausiai iliustruota, pateikiami gyv\u016bn\u0173 fiziniai apra\u0161ymai ir iliustracijos, o viskas suskirstyta pagal gyv\u016bn\u0173 r\u016b\u0161is.<\/p>\n","protected":false},"featured_media":18833,"comment_status":"open","ping_status":"closed","template":"","meta":{"_acf_changed":false,"site-sidebar-layout":"default","site-content-layout":"","ast-site-content-layout":"default","site-content-style":"default","site-sidebar-style":"default","ast-global-header-display":"","ast-banner-title-visibility":"","ast-main-header-display":"","ast-hfb-above-header-display":"","ast-hfb-below-header-display":"","ast-hfb-mobile-header-display":"","site-post-title":"","ast-breadcrumbs-content":"","ast-featured-img":"","footer-sml-layout":"","ast-disable-related-posts":"","theme-transparent-header-meta":"","adv-header-id-meta":"","stick-header-meta":"","header-above-stick-meta":"","header-main-stick-meta":"","header-below-stick-meta":"","astra-migrate-meta-layouts":"default","ast-page-background-enabled":"default","ast-page-background-meta":{"desktop":{"background-color":"","background-image":"","background-repeat":"repeat","background-position":"center center","background-size":"auto","background-attachment":"scroll","background-type":"","background-media":"","overlay-type":"","overlay-color":"","overlay-opacity":"","overlay-gradient":""},"tablet":{"background-color":"","background-image":"","background-repeat":"repeat","background-position":"center center","background-size":"auto","background-attachment":"scroll","background-type":"","background-media":"","overlay-type":"","overlay-color":"","overlay-opacity":"","overlay-gradient":""},"mobile":{"background-color":"","background-image":"","background-repeat":"repeat","background-position":"center center","background-size":"auto","background-attachment":"scroll","background-type":"","background-media":"","overlay-type":"","overlay-color":"","overlay-opacity":"","overlay-gradient":""}},"ast-content-background-meta":{"desktop":{"background-color":"var(--ast-global-color-4)","background-image":"","background-repeat":"repeat","background-position":"center center","background-size":"auto","background-attachment":"scroll","background-type":"","background-media":"","overlay-type":"","overlay-color":"","overlay-opacity":"","overlay-gradient":""},"tablet":{"background-color":"var(--ast-global-color-4)","background-image":"","background-repeat":"repeat","background-position":"center center","background-size":"auto","background-attachment":"scroll","background-type":"","background-media":"","overlay-type":"","overlay-color":"","overlay-opacity":"","overlay-gradient":""},"mobile":{"background-color":"var(--ast-global-color-4)","background-image":"","background-repeat":"repeat","background-position":"center center","background-size":"auto","background-attachment":"scroll","background-type":"","background-media":"","overlay-type":"","overlay-color":"","overlay-opacity":"","overlay-gradient":""}}},"product_brand":[],"product_cat":[15],"product_tag":[4341,2060,2054,5307,4343,1785,1645],"class_list":{"0":"post-18828","1":"product","2":"type-product","3":"status-publish","4":"has-post-thumbnail","6":"product_cat-uncategorized","7":"product_tag-dinozaurai","8":"product_tag-enciklopedija","9":"product_tag-gyvunai","10":"product_tag-klausimai-ir-atsakymai","11":"product_tag-pazintine-literatura","12":"product_tag-vaikams","13":"product_tag-vaiku-literatura","14":"desktop-align-left","15":"tablet-align-left","16":"mobile-align-left","18":"first","19":"instock","20":"shipping-taxable","21":"purchasable","22":"product-type-simple"},"acf":[],"yoast_head":"<!-- This site is optimized with the Yoast SEO plugin v27.0 - https:\/\/yoast.com\/product\/yoast-seo-wordpress\/ -->\n<title>1000 klausim\u0173 ir atsakym\u0173 apie gyv\u016bnus<\/title>\n<meta name=\"description\" content=\"\u0160ioje knygoje sutiksite ir dabar egzistuojan\u010di\u0173 gyv\u016bn\u0173, ir praeityje gyvenusi\u0173 dinozaur\u0173. Papasakosime jums \u012fdomiausi\u0173 ir keis\u010diausi\u0173 dalyk\u0173 apie gyv\u016bnus,\" \/>\n<meta name=\"robots\" content=\"index, follow, max-snippet:-1, max-image-preview:large, max-video-preview:-1\" \/>\n<link rel=\"canonical\" href=\"https:\/\/skaitytaknyga.lt\/en\/produktas\/1000-klausimu-ir-atsakymu-apie-gyvunus\/\" \/>\n<meta property=\"og:locale\" content=\"en_GB\" \/>\n<meta property=\"og:locale:alternate\" content=\"lt_LT\" \/>\n<meta property=\"og:type\" content=\"article\" \/>\n<meta property=\"og:title\" content=\"1000 klausim\u0173 ir atsakym\u0173 apie gyv\u016bnus\" \/>\n<meta property=\"og:description\" content=\"\u0160ioje knygoje sutiksite ir dabar egzistuojan\u010di\u0173 gyv\u016bn\u0173, ir praeityje gyvenusi\u0173 dinozaur\u0173. Papasakosime jums \u012fdomiausi\u0173 ir keis\u010diausi\u0173 dalyk\u0173 apie gyv\u016bnus,\" \/>\n<meta property=\"og:url\" content=\"https:\/\/skaitytaknyga.lt\/en\/produktas\/1000-klausimu-ir-atsakymu-apie-gyvunus\/\" \/>\n<meta property=\"og:site_name\" content=\"Skaitytaknyga\" \/>\n<meta property=\"article:publisher\" content=\"https:\/\/www.facebook.com\/skaitytaknyga\/\" \/>\n<meta property=\"article:modified_time\" content=\"2025-06-26T11:40:55+00:00\" \/>\n<meta property=\"og:image\" content=\"https:\/\/skaitytaknyga.lt\/wp-content\/uploads\/2025\/06\/1000-klausimu-ir-atsakymu-apie-gyvunus.webp\" \/>\n\t<meta property=\"og:image:width\" content=\"444\" \/>\n\t<meta property=\"og:image:height\" content=\"500\" \/>\n\t<meta property=\"og:image:type\" content=\"image\/webp\" \/>\n<meta name=\"twitter:card\" content=\"summary_large_image\" \/>\n<script type=\"application\/ld+json\" class=\"yoast-schema-graph\">{\"@context\":\"https:\/\/schema.org\",\"@graph\":[{\"@type\":\"WebPage\",\"@id\":\"https:\/\/skaitytaknyga.lt\/produktas\/1000-klausimu-ir-atsakymu-apie-gyvunus\/\",\"url\":\"https:\/\/skaitytaknyga.lt\/produktas\/1000-klausimu-ir-atsakymu-apie-gyvunus\/\",\"name\":\"1000 klausim\u0173 ir atsakym\u0173 apie gyv\u016bnus\",\"isPartOf\":{\"@id\":\"https:\/\/skaitytaknyga.lt\/#website\"},\"primaryImageOfPage\":{\"@id\":\"https:\/\/skaitytaknyga.lt\/produktas\/1000-klausimu-ir-atsakymu-apie-gyvunus\/#primaryimage\"},\"image\":{\"@id\":\"https:\/\/skaitytaknyga.lt\/produktas\/1000-klausimu-ir-atsakymu-apie-gyvunus\/#primaryimage\"},\"thumbnailUrl\":\"https:\/\/skaitytaknyga.lt\/wp-content\/uploads\/2025\/06\/1000-klausimu-ir-atsakymu-apie-gyvunus.webp\",\"datePublished\":\"2025-06-12T05:33:48+00:00\",\"dateModified\":\"2025-06-26T11:40:55+00:00\",\"description\":\"\u0160ioje knygoje sutiksite ir dabar egzistuojan\u010di\u0173 gyv\u016bn\u0173, ir praeityje gyvenusi\u0173 dinozaur\u0173. Papasakosime jums \u012fdomiausi\u0173 ir keis\u010diausi\u0173 dalyk\u0173 apie gyv\u016bnus,\",\"breadcrumb\":{\"@id\":\"https:\/\/skaitytaknyga.lt\/produktas\/1000-klausimu-ir-atsakymu-apie-gyvunus\/#breadcrumb\"},\"inLanguage\":\"en-GB\",\"potentialAction\":[{\"@type\":\"ReadAction\",\"target\":[\"https:\/\/skaitytaknyga.lt\/produktas\/1000-klausimu-ir-atsakymu-apie-gyvunus\/\"]}]},{\"@type\":\"ImageObject\",\"inLanguage\":\"en-GB\",\"@id\":\"https:\/\/skaitytaknyga.lt\/produktas\/1000-klausimu-ir-atsakymu-apie-gyvunus\/#primaryimage\",\"url\":\"https:\/\/skaitytaknyga.lt\/wp-content\/uploads\/2025\/06\/1000-klausimu-ir-atsakymu-apie-gyvunus.webp\",\"contentUrl\":\"https:\/\/skaitytaknyga.lt\/wp-content\/uploads\/2025\/06\/1000-klausimu-ir-atsakymu-apie-gyvunus.webp\",\"width\":444,\"height\":500,\"caption\":\"1000 klausim\u0173 ir atsakym\u0173 apie gyv\u016bnus\"},{\"@type\":\"BreadcrumbList\",\"@id\":\"https:\/\/skaitytaknyga.lt\/produktas\/1000-klausimu-ir-atsakymu-apie-gyvunus\/#breadcrumb\",\"itemListElement\":[{\"@type\":\"ListItem\",\"position\":1,\"name\":\"Home\",\"item\":\"https:\/\/skaitytaknyga.lt\/\"},{\"@type\":\"ListItem\",\"position\":2,\"name\":\"Parduotuv\u0117\",\"item\":\"https:\/\/skaitytaknyga.lt\/knygu-parduotuve\/\"},{\"@type\":\"ListItem\",\"position\":3,\"name\":\"1000 klausim\u0173 ir atsakym\u0173 apie gyv\u016bnus\"}]},{\"@type\":\"WebSite\",\"@id\":\"https:\/\/skaitytaknyga.lt\/#website\",\"url\":\"https:\/\/skaitytaknyga.lt\/\",\"name\":\"skaitytaknyga.lt\",\"description\":\"Skaitytaknyga.lt \u2013 tai ma\u017eas \u0161eimos verslas, kuris prasid\u0117jo nuo meil\u0117s knygoms ir siekio i\u0161gelb\u0117ti knygas nuo likimo prie konteinerio. Kas vienam nereikalingas daiktas \u2013 kitam lobis, o mes esame tarpininkai, kurie padeda abiems tapti laimingesniems ???? \u017dinome kaip nelengva i\u0161gyventi ma\u017eiems verslams, tad nuo \u0161iol, \u010dia rasite ir kit\u0173, ma\u017e\u0173 \u0161eim\u0173 versl\u0173, rank\u0173 darbo, dovan\u0173 sau ir artimiesiems.\",\"publisher\":{\"@id\":\"https:\/\/skaitytaknyga.lt\/#organization\"},\"potentialAction\":[{\"@type\":\"SearchAction\",\"target\":{\"@type\":\"EntryPoint\",\"urlTemplate\":\"https:\/\/skaitytaknyga.lt\/?s={search_term_string}\"},\"query-input\":{\"@type\":\"PropertyValueSpecification\",\"valueRequired\":true,\"valueName\":\"search_term_string\"}}],\"inLanguage\":\"en-GB\"},{\"@type\":\"Organization\",\"@id\":\"https:\/\/skaitytaknyga.lt\/#organization\",\"name\":\"skaitytaknyga.lt\",\"url\":\"https:\/\/skaitytaknyga.lt\/\",\"logo\":{\"@type\":\"ImageObject\",\"inLanguage\":\"en-GB\",\"@id\":\"https:\/\/skaitytaknyga.lt\/#\/schema\/logo\/image\/\",\"url\":\"https:\/\/skaitytaknyga.lt\/wp-content\/uploads\/2024\/05\/cropped-cropped-cropped-02_00843_jt3bggkj1j3HLc7SyY6rEUpg.jpeg\",\"contentUrl\":\"https:\/\/skaitytaknyga.lt\/wp-content\/uploads\/2024\/05\/cropped-cropped-cropped-02_00843_jt3bggkj1j3HLc7SyY6rEUpg.jpeg\",\"width\":1600,\"height\":1600,\"caption\":\"skaitytaknyga.lt\"},\"image\":{\"@id\":\"https:\/\/skaitytaknyga.lt\/#\/schema\/logo\/image\/\"},\"sameAs\":[\"https:\/\/www.facebook.com\/skaitytaknyga\/\"]}]}<\/script>\n<!-- \/ Yoast SEO plugin. -->","yoast_head_json":{"title":"1000 klausim\u0173 ir atsakym\u0173 apie gyv\u016bnus","description":"\u0160ioje knygoje sutiksite ir dabar egzistuojan\u010di\u0173 gyv\u016bn\u0173, ir praeityje gyvenusi\u0173 dinozaur\u0173. Papasakosime jums \u012fdomiausi\u0173 ir keis\u010diausi\u0173 dalyk\u0173 apie gyv\u016bnus,","robots":{"index":"index","follow":"follow","max-snippet":"max-snippet:-1","max-image-preview":"max-image-preview:large","max-video-preview":"max-video-preview:-1"},"canonical":"https:\/\/skaitytaknyga.lt\/en\/produktas\/1000-klausimu-ir-atsakymu-apie-gyvunus\/","og_locale":"en_GB","og_type":"article","og_title":"[:lt]1000 klausim\u0173 ir atsakym\u0173 apie gyv\u016bnus[:] - Skaitytaknyga","og_description":"\u0160ioje knygoje sutiksite ir dabar egzistuojan\u010di\u0173 gyv\u016bn\u0173, ir praeityje gyvenusi\u0173 dinozaur\u0173. Papasakosime jums \u012fdomiausi\u0173 ir keis\u010diausi\u0173 dalyk\u0173 apie gyv\u016bnus,","og_url":"https:\/\/skaitytaknyga.lt\/en\/produktas\/1000-klausimu-ir-atsakymu-apie-gyvunus\/","og_site_name":"Skaitytaknyga","article_publisher":"https:\/\/www.facebook.com\/skaitytaknyga\/","article_modified_time":"2025-06-26T11:40:55+00:00","og_image":[{"width":444,"height":500,"url":"https:\/\/skaitytaknyga.lt\/wp-content\/uploads\/2025\/06\/1000-klausimu-ir-atsakymu-apie-gyvunus.webp","type":"image\/webp"}],"twitter_card":"summary_large_image","schema":{"@context":"https:\/\/schema.org","@graph":[{"@type":"WebPage","@id":"https:\/\/skaitytaknyga.lt\/produktas\/1000-klausimu-ir-atsakymu-apie-gyvunus\/","url":"https:\/\/skaitytaknyga.lt\/produktas\/1000-klausimu-ir-atsakymu-apie-gyvunus\/","name":"1000 klausim\u0173 ir atsakym\u0173 apie gyv\u016bnus","isPartOf":{"@id":"https:\/\/skaitytaknyga.lt\/#website"},"primaryImageOfPage":{"@id":"https:\/\/skaitytaknyga.lt\/produktas\/1000-klausimu-ir-atsakymu-apie-gyvunus\/#primaryimage"},"image":{"@id":"https:\/\/skaitytaknyga.lt\/produktas\/1000-klausimu-ir-atsakymu-apie-gyvunus\/#primaryimage"},"thumbnailUrl":"https:\/\/skaitytaknyga.lt\/wp-content\/uploads\/2025\/06\/1000-klausimu-ir-atsakymu-apie-gyvunus.webp","datePublished":"2025-06-12T05:33:48+00:00","dateModified":"2025-06-26T11:40:55+00:00","description":"\u0160ioje knygoje sutiksite ir dabar egzistuojan\u010di\u0173 gyv\u016bn\u0173, ir praeityje gyvenusi\u0173 dinozaur\u0173. Papasakosime jums \u012fdomiausi\u0173 ir keis\u010diausi\u0173 dalyk\u0173 apie gyv\u016bnus,","breadcrumb":{"@id":"https:\/\/skaitytaknyga.lt\/produktas\/1000-klausimu-ir-atsakymu-apie-gyvunus\/#breadcrumb"},"inLanguage":"en-GB","potentialAction":[{"@type":"ReadAction","target":["https:\/\/skaitytaknyga.lt\/produktas\/1000-klausimu-ir-atsakymu-apie-gyvunus\/"]}]},{"@type":"ImageObject","inLanguage":"en-GB","@id":"https:\/\/skaitytaknyga.lt\/produktas\/1000-klausimu-ir-atsakymu-apie-gyvunus\/#primaryimage","url":"https:\/\/skaitytaknyga.lt\/wp-content\/uploads\/2025\/06\/1000-klausimu-ir-atsakymu-apie-gyvunus.webp","contentUrl":"https:\/\/skaitytaknyga.lt\/wp-content\/uploads\/2025\/06\/1000-klausimu-ir-atsakymu-apie-gyvunus.webp","width":444,"height":500,"caption":"1000 klausim\u0173 ir atsakym\u0173 apie gyv\u016bnus"},{"@type":"BreadcrumbList","@id":"https:\/\/skaitytaknyga.lt\/produktas\/1000-klausimu-ir-atsakymu-apie-gyvunus\/#breadcrumb","itemListElement":[{"@type":"ListItem","position":1,"name":"Home","item":"https:\/\/skaitytaknyga.lt\/"},{"@type":"ListItem","position":2,"name":"Parduotuv\u0117","item":"https:\/\/skaitytaknyga.lt\/knygu-parduotuve\/"},{"@type":"ListItem","position":3,"name":"1000 klausim\u0173 ir atsakym\u0173 apie gyv\u016bnus"}]},{"@type":"WebSite","@id":"https:\/\/skaitytaknyga.lt\/#website","url":"https:\/\/skaitytaknyga.lt\/","name":"skaitytaknyga.lt","description":"Skaitytaknyga.lt \u2013 tai ma\u017eas \u0161eimos verslas, kuris prasid\u0117jo nuo meil\u0117s knygoms ir siekio i\u0161gelb\u0117ti knygas nuo likimo prie konteinerio. Kas vienam nereikalingas daiktas \u2013 kitam lobis, o mes esame tarpininkai, kurie padeda abiems tapti laimingesniems ???? \u017dinome kaip nelengva i\u0161gyventi ma\u017eiems verslams, tad nuo \u0161iol, \u010dia rasite ir kit\u0173, ma\u017e\u0173 \u0161eim\u0173 versl\u0173, rank\u0173 darbo, dovan\u0173 sau ir artimiesiems.","publisher":{"@id":"https:\/\/skaitytaknyga.lt\/#organization"},"potentialAction":[{"@type":"SearchAction","target":{"@type":"EntryPoint","urlTemplate":"https:\/\/skaitytaknyga.lt\/?s={search_term_string}"},"query-input":{"@type":"PropertyValueSpecification","valueRequired":true,"valueName":"search_term_string"}}],"inLanguage":"en-GB"},{"@type":"Organization","@id":"https:\/\/skaitytaknyga.lt\/#organization","name":"skaitytaknyga.lt","url":"https:\/\/skaitytaknyga.lt\/","logo":{"@type":"ImageObject","inLanguage":"en-GB","@id":"https:\/\/skaitytaknyga.lt\/#\/schema\/logo\/image\/","url":"https:\/\/skaitytaknyga.lt\/wp-content\/uploads\/2024\/05\/cropped-cropped-cropped-02_00843_jt3bggkj1j3HLc7SyY6rEUpg.jpeg","contentUrl":"https:\/\/skaitytaknyga.lt\/wp-content\/uploads\/2024\/05\/cropped-cropped-cropped-02_00843_jt3bggkj1j3HLc7SyY6rEUpg.jpeg","width":1600,"height":1600,"caption":"skaitytaknyga.lt"},"image":{"@id":"https:\/\/skaitytaknyga.lt\/#\/schema\/logo\/image\/"},"sameAs":["https:\/\/www.facebook.com\/skaitytaknyga\/"]}]}},"_links":{"self":[{"href":"https:\/\/skaitytaknyga.lt\/en\/wp-json\/wp\/v2\/product\/18828","targetHints":{"allow":["GET"]}}],"collection":[{"href":"https:\/\/skaitytaknyga.lt\/en\/wp-json\/wp\/v2\/product"}],"about":[{"href":"https:\/\/skaitytaknyga.lt\/en\/wp-json\/wp\/v2\/types\/product"}],"replies":[{"embeddable":true,"href":"https:\/\/skaitytaknyga.lt\/en\/wp-json\/wp\/v2\/comments?post=18828"}],"wp:featuredmedia":[{"embeddable":true,"href":"https:\/\/skaitytaknyga.lt\/en\/wp-json\/wp\/v2\/media\/18833"}],"wp:attachment":[{"href":"https:\/\/skaitytaknyga.lt\/en\/wp-json\/wp\/v2\/media?parent=18828"}],"wp:term":[{"taxonomy":"product_brand","embeddable":true,"href":"https:\/\/skaitytaknyga.lt\/en\/wp-json\/wp\/v2\/product_brand?post=18828"},{"taxonomy":"product_cat","embeddable":true,"href":"https:\/\/skaitytaknyga.lt\/en\/wp-json\/wp\/v2\/product_cat?post=18828"},{"taxonomy":"product_tag","embeddable":true,"href":"https:\/\/skaitytaknyga.lt\/en\/wp-json\/wp\/v2\/product_tag?post=18828"}],"curies":[{"name":"wp","href":"https:\/\/api.w.org\/{rel}","templated":true}]}}