{"id":18822,"date":"2025-06-11T14:28:56","date_gmt":"2025-06-11T11:28:56","guid":{"rendered":"https:\/\/skaitytaknyga.lt\/?post_type=product&#038;p=18822"},"modified":"2025-06-11T15:03:07","modified_gmt":"2025-06-11T12:03:07","slug":"teisybes-kaina-dokumentine-apysaka","status":"publish","type":"product","link":"https:\/\/skaitytaknyga.lt\/en\/produktas\/teisybes-kaina-dokumentine-apysaka\/","title":{"rendered":"Teisyb\u0117s kaina: dokumentin\u0117 apysaka"},"content":{"rendered":"<p>\u0160ioje dokumentin\u0117je apysakoje susipa\u017e\u012fstame su Panev\u0117\u017eio apskrities Ramygalos kra\u0161to \u017emon\u0117mis, j\u0173 tro\u0161kimu gyventi geriau ir kult\u016bringiau tarpukario nepriklausomoje Lietuvoje ir j\u0173 kova d\u0117l laisv\u0117s okupacij\u0173 metais. Pagrindinio herojaus Povilo Kriau\u010di\u016bno prototipas \u2013 Povilas Pe\u010deli\u016bnas.<\/p>\n","protected":false},"excerpt":{"rendered":"<p>\u0160ioje dokumentin\u0117je apysakoje susipa\u017e\u012fstame su Panev\u0117\u017eio apskrities Ramygalos kra\u0161to \u017emon\u0117mis, j\u0173 tro\u0161kimu gyventi geriau ir kult\u016bringiau tarpukario nepriklausomoje Lietuvoje ir j\u0173 kova d\u0117l laisv\u0117s okupacij\u0173 metais. Pagrindinio herojaus Povilo Kriau\u010di\u016bno prototipas \u2013 Povilas Pe\u010deli\u016bnas.<\/p>\n","protected":false},"featured_media":18824,"comment_status":"open","ping_status":"closed","template":"","meta":{"_acf_changed":false,"site-sidebar-layout":"default","site-content-layout":"","ast-site-content-layout":"default","site-content-style":"default","site-sidebar-style":"default","ast-global-header-display":"","ast-banner-title-visibility":"","ast-main-header-display":"","ast-hfb-above-header-display":"","ast-hfb-below-header-display":"","ast-hfb-mobile-header-display":"","site-post-title":"","ast-breadcrumbs-content":"","ast-featured-img":"","footer-sml-layout":"","ast-disable-related-posts":"","theme-transparent-header-meta":"","adv-header-id-meta":"","stick-header-meta":"","header-above-stick-meta":"","header-main-stick-meta":"","header-below-stick-meta":"","astra-migrate-meta-layouts":"default","ast-page-background-enabled":"default","ast-page-background-meta":{"desktop":{"background-color":"","background-image":"","background-repeat":"repeat","background-position":"center center","background-size":"auto","background-attachment":"scroll","background-type":"","background-media":"","overlay-type":"","overlay-color":"","overlay-opacity":"","overlay-gradient":""},"tablet":{"background-color":"","background-image":"","background-repeat":"repeat","background-position":"center center","background-size":"auto","background-attachment":"scroll","background-type":"","background-media":"","overlay-type":"","overlay-color":"","overlay-opacity":"","overlay-gradient":""},"mobile":{"background-color":"","background-image":"","background-repeat":"repeat","background-position":"center center","background-size":"auto","background-attachment":"scroll","background-type":"","background-media":"","overlay-type":"","overlay-color":"","overlay-opacity":"","overlay-gradient":""}},"ast-content-background-meta":{"desktop":{"background-color":"var(--ast-global-color-4)","background-image":"","background-repeat":"repeat","background-position":"center center","background-size":"auto","background-attachment":"scroll","background-type":"","background-media":"","overlay-type":"","overlay-color":"","overlay-opacity":"","overlay-gradient":""},"tablet":{"background-color":"var(--ast-global-color-4)","background-image":"","background-repeat":"repeat","background-position":"center center","background-size":"auto","background-attachment":"scroll","background-type":"","background-media":"","overlay-type":"","overlay-color":"","overlay-opacity":"","overlay-gradient":""},"mobile":{"background-color":"var(--ast-global-color-4)","background-image":"","background-repeat":"repeat","background-position":"center center","background-size":"auto","background-attachment":"scroll","background-type":"","background-media":"","overlay-type":"","overlay-color":"","overlay-opacity":"","overlay-gradient":""}}},"product_brand":[],"product_cat":[15],"product_tag":[5111,5115,5117,5116,5112,5113,5114],"class_list":{"0":"post-18822","1":"product","2":"type-product","3":"status-publish","4":"has-post-thumbnail","6":"product_cat-uncategorized","7":"product_tag-dokumentine-apysaka","8":"product_tag-laisves-kova","9":"product_tag-lietuviu-rasytojai","10":"product_tag-okupacijos","11":"product_tag-panevezio-krastas","12":"product_tag-ramygala","13":"product_tag-tarpukario-lietuva","14":"desktop-align-left","15":"tablet-align-left","16":"mobile-align-left","18":"first","19":"instock","20":"shipping-taxable","21":"purchasable","22":"product-type-simple"},"acf":[],"yoast_head":"<!-- This site is optimized with the Yoast SEO plugin v27.0 - https:\/\/yoast.com\/product\/yoast-seo-wordpress\/ -->\n<title>Teisyb\u0117s kaina: dokumentin\u0117 apysaka<\/title>\n<meta name=\"description\" content=\"\u0160ioje dokumentin\u0117je apysakoje susipa\u017e\u012fstame su Panev\u0117\u017eio apskrities Ramygalos kra\u0161to \u017emon\u0117mis, j\u0173 tro\u0161kimu gyventi geriau ir kult\u016bringiau tarpukario\" \/>\n<meta name=\"robots\" content=\"index, follow, max-snippet:-1, max-image-preview:large, max-video-preview:-1\" \/>\n<link rel=\"canonical\" href=\"https:\/\/skaitytaknyga.lt\/en\/produktas\/teisybes-kaina-dokumentine-apysaka\/\" \/>\n<meta property=\"og:locale\" content=\"en_GB\" \/>\n<meta property=\"og:locale:alternate\" content=\"lt_LT\" \/>\n<meta property=\"og:type\" content=\"article\" \/>\n<meta property=\"og:title\" content=\"Teisyb\u0117s kaina: dokumentin\u0117 apysaka\" \/>\n<meta property=\"og:description\" content=\"\u0160ioje dokumentin\u0117je apysakoje susipa\u017e\u012fstame su Panev\u0117\u017eio apskrities Ramygalos kra\u0161to \u017emon\u0117mis, j\u0173 tro\u0161kimu gyventi geriau ir kult\u016bringiau tarpukario\" \/>\n<meta property=\"og:url\" content=\"https:\/\/skaitytaknyga.lt\/en\/produktas\/teisybes-kaina-dokumentine-apysaka\/\" \/>\n<meta property=\"og:site_name\" content=\"Skaitytaknyga\" \/>\n<meta property=\"article:publisher\" content=\"https:\/\/www.facebook.com\/skaitytaknyga\/\" \/>\n<meta property=\"article:modified_time\" content=\"2025-06-11T12:03:07+00:00\" \/>\n<meta property=\"og:image\" content=\"https:\/\/skaitytaknyga.lt\/wp-content\/uploads\/2025\/06\/Teisybes-kaina-dokumentine-apysaka-e1749641416688.jpg\" \/>\n\t<meta property=\"og:image:width\" content=\"327\" \/>\n\t<meta property=\"og:image:height\" content=\"532\" \/>\n\t<meta property=\"og:image:type\" content=\"image\/jpeg\" \/>\n<meta name=\"twitter:card\" content=\"summary_large_image\" \/>\n<script type=\"application\/ld+json\" class=\"yoast-schema-graph\">{\"@context\":\"https:\/\/schema.org\",\"@graph\":[{\"@type\":\"WebPage\",\"@id\":\"https:\/\/skaitytaknyga.lt\/produktas\/teisybes-kaina-dokumentine-apysaka\/\",\"url\":\"https:\/\/skaitytaknyga.lt\/produktas\/teisybes-kaina-dokumentine-apysaka\/\",\"name\":\"Teisyb\u0117s kaina: dokumentin\u0117 apysaka\",\"isPartOf\":{\"@id\":\"https:\/\/skaitytaknyga.lt\/#website\"},\"primaryImageOfPage\":{\"@id\":\"https:\/\/skaitytaknyga.lt\/produktas\/teisybes-kaina-dokumentine-apysaka\/#primaryimage\"},\"image\":{\"@id\":\"https:\/\/skaitytaknyga.lt\/produktas\/teisybes-kaina-dokumentine-apysaka\/#primaryimage\"},\"thumbnailUrl\":\"https:\/\/skaitytaknyga.lt\/wp-content\/uploads\/2025\/06\/Teisybes-kaina-dokumentine-apysaka-e1749641416688.jpg\",\"datePublished\":\"2025-06-11T11:28:56+00:00\",\"dateModified\":\"2025-06-11T12:03:07+00:00\",\"description\":\"\u0160ioje dokumentin\u0117je apysakoje susipa\u017e\u012fstame su Panev\u0117\u017eio apskrities Ramygalos kra\u0161to \u017emon\u0117mis, j\u0173 tro\u0161kimu gyventi geriau ir kult\u016bringiau tarpukario\",\"breadcrumb\":{\"@id\":\"https:\/\/skaitytaknyga.lt\/produktas\/teisybes-kaina-dokumentine-apysaka\/#breadcrumb\"},\"inLanguage\":\"en-GB\",\"potentialAction\":[{\"@type\":\"ReadAction\",\"target\":[\"https:\/\/skaitytaknyga.lt\/produktas\/teisybes-kaina-dokumentine-apysaka\/\"]}]},{\"@type\":\"ImageObject\",\"inLanguage\":\"en-GB\",\"@id\":\"https:\/\/skaitytaknyga.lt\/produktas\/teisybes-kaina-dokumentine-apysaka\/#primaryimage\",\"url\":\"https:\/\/skaitytaknyga.lt\/wp-content\/uploads\/2025\/06\/Teisybes-kaina-dokumentine-apysaka-e1749641416688.jpg\",\"contentUrl\":\"https:\/\/skaitytaknyga.lt\/wp-content\/uploads\/2025\/06\/Teisybes-kaina-dokumentine-apysaka-e1749641416688.jpg\",\"width\":327,\"height\":532},{\"@type\":\"BreadcrumbList\",\"@id\":\"https:\/\/skaitytaknyga.lt\/produktas\/teisybes-kaina-dokumentine-apysaka\/#breadcrumb\",\"itemListElement\":[{\"@type\":\"ListItem\",\"position\":1,\"name\":\"Home\",\"item\":\"https:\/\/skaitytaknyga.lt\/\"},{\"@type\":\"ListItem\",\"position\":2,\"name\":\"Parduotuv\u0117\",\"item\":\"https:\/\/skaitytaknyga.lt\/knygu-parduotuve\/\"},{\"@type\":\"ListItem\",\"position\":3,\"name\":\"Teisyb\u0117s kaina: dokumentin\u0117 apysaka\"}]},{\"@type\":\"WebSite\",\"@id\":\"https:\/\/skaitytaknyga.lt\/#website\",\"url\":\"https:\/\/skaitytaknyga.lt\/\",\"name\":\"skaitytaknyga.lt\",\"description\":\"Skaitytaknyga.lt \u2013 tai ma\u017eas \u0161eimos verslas, kuris prasid\u0117jo nuo meil\u0117s knygoms ir siekio i\u0161gelb\u0117ti knygas nuo likimo prie konteinerio. Kas vienam nereikalingas daiktas \u2013 kitam lobis, o mes esame tarpininkai, kurie padeda abiems tapti laimingesniems ???? \u017dinome kaip nelengva i\u0161gyventi ma\u017eiems verslams, tad nuo \u0161iol, \u010dia rasite ir kit\u0173, ma\u017e\u0173 \u0161eim\u0173 versl\u0173, rank\u0173 darbo, dovan\u0173 sau ir artimiesiems.\",\"publisher\":{\"@id\":\"https:\/\/skaitytaknyga.lt\/#organization\"},\"potentialAction\":[{\"@type\":\"SearchAction\",\"target\":{\"@type\":\"EntryPoint\",\"urlTemplate\":\"https:\/\/skaitytaknyga.lt\/?s={search_term_string}\"},\"query-input\":{\"@type\":\"PropertyValueSpecification\",\"valueRequired\":true,\"valueName\":\"search_term_string\"}}],\"inLanguage\":\"en-GB\"},{\"@type\":\"Organization\",\"@id\":\"https:\/\/skaitytaknyga.lt\/#organization\",\"name\":\"skaitytaknyga.lt\",\"url\":\"https:\/\/skaitytaknyga.lt\/\",\"logo\":{\"@type\":\"ImageObject\",\"inLanguage\":\"en-GB\",\"@id\":\"https:\/\/skaitytaknyga.lt\/#\/schema\/logo\/image\/\",\"url\":\"https:\/\/skaitytaknyga.lt\/wp-content\/uploads\/2024\/05\/cropped-cropped-cropped-02_00843_jt3bggkj1j3HLc7SyY6rEUpg.jpeg\",\"contentUrl\":\"https:\/\/skaitytaknyga.lt\/wp-content\/uploads\/2024\/05\/cropped-cropped-cropped-02_00843_jt3bggkj1j3HLc7SyY6rEUpg.jpeg\",\"width\":1600,\"height\":1600,\"caption\":\"skaitytaknyga.lt\"},\"image\":{\"@id\":\"https:\/\/skaitytaknyga.lt\/#\/schema\/logo\/image\/\"},\"sameAs\":[\"https:\/\/www.facebook.com\/skaitytaknyga\/\"]}]}<\/script>\n<!-- \/ Yoast SEO plugin. -->","yoast_head_json":{"title":"Teisyb\u0117s kaina: dokumentin\u0117 apysaka","description":"\u0160ioje dokumentin\u0117je apysakoje susipa\u017e\u012fstame su Panev\u0117\u017eio apskrities Ramygalos kra\u0161to \u017emon\u0117mis, j\u0173 tro\u0161kimu gyventi geriau ir kult\u016bringiau tarpukario","robots":{"index":"index","follow":"follow","max-snippet":"max-snippet:-1","max-image-preview":"max-image-preview:large","max-video-preview":"max-video-preview:-1"},"canonical":"https:\/\/skaitytaknyga.lt\/en\/produktas\/teisybes-kaina-dokumentine-apysaka\/","og_locale":"en_GB","og_type":"article","og_title":"[:lt]Teisyb\u0117s kaina: dokumentin\u0117 apysaka[:] - Skaitytaknyga","og_description":"\u0160ioje dokumentin\u0117je apysakoje susipa\u017e\u012fstame su Panev\u0117\u017eio apskrities Ramygalos kra\u0161to \u017emon\u0117mis, j\u0173 tro\u0161kimu gyventi geriau ir kult\u016bringiau tarpukario","og_url":"https:\/\/skaitytaknyga.lt\/en\/produktas\/teisybes-kaina-dokumentine-apysaka\/","og_site_name":"Skaitytaknyga","article_publisher":"https:\/\/www.facebook.com\/skaitytaknyga\/","article_modified_time":"2025-06-11T12:03:07+00:00","og_image":[{"width":327,"height":532,"url":"https:\/\/skaitytaknyga.lt\/wp-content\/uploads\/2025\/06\/Teisybes-kaina-dokumentine-apysaka-e1749641416688.jpg","type":"image\/jpeg"}],"twitter_card":"summary_large_image","schema":{"@context":"https:\/\/schema.org","@graph":[{"@type":"WebPage","@id":"https:\/\/skaitytaknyga.lt\/produktas\/teisybes-kaina-dokumentine-apysaka\/","url":"https:\/\/skaitytaknyga.lt\/produktas\/teisybes-kaina-dokumentine-apysaka\/","name":"Teisyb\u0117s kaina: dokumentin\u0117 apysaka","isPartOf":{"@id":"https:\/\/skaitytaknyga.lt\/#website"},"primaryImageOfPage":{"@id":"https:\/\/skaitytaknyga.lt\/produktas\/teisybes-kaina-dokumentine-apysaka\/#primaryimage"},"image":{"@id":"https:\/\/skaitytaknyga.lt\/produktas\/teisybes-kaina-dokumentine-apysaka\/#primaryimage"},"thumbnailUrl":"https:\/\/skaitytaknyga.lt\/wp-content\/uploads\/2025\/06\/Teisybes-kaina-dokumentine-apysaka-e1749641416688.jpg","datePublished":"2025-06-11T11:28:56+00:00","dateModified":"2025-06-11T12:03:07+00:00","description":"\u0160ioje dokumentin\u0117je apysakoje susipa\u017e\u012fstame su Panev\u0117\u017eio apskrities Ramygalos kra\u0161to \u017emon\u0117mis, j\u0173 tro\u0161kimu gyventi geriau ir kult\u016bringiau tarpukario","breadcrumb":{"@id":"https:\/\/skaitytaknyga.lt\/produktas\/teisybes-kaina-dokumentine-apysaka\/#breadcrumb"},"inLanguage":"en-GB","potentialAction":[{"@type":"ReadAction","target":["https:\/\/skaitytaknyga.lt\/produktas\/teisybes-kaina-dokumentine-apysaka\/"]}]},{"@type":"ImageObject","inLanguage":"en-GB","@id":"https:\/\/skaitytaknyga.lt\/produktas\/teisybes-kaina-dokumentine-apysaka\/#primaryimage","url":"https:\/\/skaitytaknyga.lt\/wp-content\/uploads\/2025\/06\/Teisybes-kaina-dokumentine-apysaka-e1749641416688.jpg","contentUrl":"https:\/\/skaitytaknyga.lt\/wp-content\/uploads\/2025\/06\/Teisybes-kaina-dokumentine-apysaka-e1749641416688.jpg","width":327,"height":532},{"@type":"BreadcrumbList","@id":"https:\/\/skaitytaknyga.lt\/produktas\/teisybes-kaina-dokumentine-apysaka\/#breadcrumb","itemListElement":[{"@type":"ListItem","position":1,"name":"Home","item":"https:\/\/skaitytaknyga.lt\/"},{"@type":"ListItem","position":2,"name":"Parduotuv\u0117","item":"https:\/\/skaitytaknyga.lt\/knygu-parduotuve\/"},{"@type":"ListItem","position":3,"name":"Teisyb\u0117s kaina: dokumentin\u0117 apysaka"}]},{"@type":"WebSite","@id":"https:\/\/skaitytaknyga.lt\/#website","url":"https:\/\/skaitytaknyga.lt\/","name":"skaitytaknyga.lt","description":"Skaitytaknyga.lt \u2013 tai ma\u017eas \u0161eimos verslas, kuris prasid\u0117jo nuo meil\u0117s knygoms ir siekio i\u0161gelb\u0117ti knygas nuo likimo prie konteinerio. Kas vienam nereikalingas daiktas \u2013 kitam lobis, o mes esame tarpininkai, kurie padeda abiems tapti laimingesniems ???? \u017dinome kaip nelengva i\u0161gyventi ma\u017eiems verslams, tad nuo \u0161iol, \u010dia rasite ir kit\u0173, ma\u017e\u0173 \u0161eim\u0173 versl\u0173, rank\u0173 darbo, dovan\u0173 sau ir artimiesiems.","publisher":{"@id":"https:\/\/skaitytaknyga.lt\/#organization"},"potentialAction":[{"@type":"SearchAction","target":{"@type":"EntryPoint","urlTemplate":"https:\/\/skaitytaknyga.lt\/?s={search_term_string}"},"query-input":{"@type":"PropertyValueSpecification","valueRequired":true,"valueName":"search_term_string"}}],"inLanguage":"en-GB"},{"@type":"Organization","@id":"https:\/\/skaitytaknyga.lt\/#organization","name":"skaitytaknyga.lt","url":"https:\/\/skaitytaknyga.lt\/","logo":{"@type":"ImageObject","inLanguage":"en-GB","@id":"https:\/\/skaitytaknyga.lt\/#\/schema\/logo\/image\/","url":"https:\/\/skaitytaknyga.lt\/wp-content\/uploads\/2024\/05\/cropped-cropped-cropped-02_00843_jt3bggkj1j3HLc7SyY6rEUpg.jpeg","contentUrl":"https:\/\/skaitytaknyga.lt\/wp-content\/uploads\/2024\/05\/cropped-cropped-cropped-02_00843_jt3bggkj1j3HLc7SyY6rEUpg.jpeg","width":1600,"height":1600,"caption":"skaitytaknyga.lt"},"image":{"@id":"https:\/\/skaitytaknyga.lt\/#\/schema\/logo\/image\/"},"sameAs":["https:\/\/www.facebook.com\/skaitytaknyga\/"]}]}},"_links":{"self":[{"href":"https:\/\/skaitytaknyga.lt\/en\/wp-json\/wp\/v2\/product\/18822","targetHints":{"allow":["GET"]}}],"collection":[{"href":"https:\/\/skaitytaknyga.lt\/en\/wp-json\/wp\/v2\/product"}],"about":[{"href":"https:\/\/skaitytaknyga.lt\/en\/wp-json\/wp\/v2\/types\/product"}],"replies":[{"embeddable":true,"href":"https:\/\/skaitytaknyga.lt\/en\/wp-json\/wp\/v2\/comments?post=18822"}],"wp:featuredmedia":[{"embeddable":true,"href":"https:\/\/skaitytaknyga.lt\/en\/wp-json\/wp\/v2\/media\/18824"}],"wp:attachment":[{"href":"https:\/\/skaitytaknyga.lt\/en\/wp-json\/wp\/v2\/media?parent=18822"}],"wp:term":[{"taxonomy":"product_brand","embeddable":true,"href":"https:\/\/skaitytaknyga.lt\/en\/wp-json\/wp\/v2\/product_brand?post=18822"},{"taxonomy":"product_cat","embeddable":true,"href":"https:\/\/skaitytaknyga.lt\/en\/wp-json\/wp\/v2\/product_cat?post=18822"},{"taxonomy":"product_tag","embeddable":true,"href":"https:\/\/skaitytaknyga.lt\/en\/wp-json\/wp\/v2\/product_tag?post=18822"}],"curies":[{"name":"wp","href":"https:\/\/api.w.org\/{rel}","templated":true}]}}