{"id":18821,"date":"2025-06-11T14:28:55","date_gmt":"2025-06-11T11:28:55","guid":{"rendered":"https:\/\/skaitytaknyga.lt\/?post_type=product&#038;p=18821"},"modified":"2025-06-11T15:03:07","modified_gmt":"2025-06-11T12:03:07","slug":"lietuvos-ir-livonijos-santykiai-xiii-xvi","status":"publish","type":"product","link":"https:\/\/skaitytaknyga.lt\/en\/produktas\/lietuvos-ir-livonijos-santykiai-xiii-xvi\/","title":{"rendered":"Lietuvos ir Livonijos santykiai XIII\u2013XVI"},"content":{"rendered":"<p>Rokas Varakauskas (1922\u20131975) gim\u0117 saul\u0117toje Dz\u016bkijoje, mok\u0117si Alytaus gimnazijoje. Vilniaus pedagoginiame institute jis studijavo istorij\u0105. 1951 m. R. Varakauskas buvo pakviestas dirbti instituto student\u0173 pedagogin\u0117s praktikos vadovu ir d\u0117stytoju. Jis skait\u0117 viduram\u017ei\u0173 istorijos, Lietuvos TSR istorijos, istorijos d\u0117stymo metodikos kursus, student\u0173 buvo m\u0117giamas. R. Varakauskas tyrin\u0117jo Lietuvos Did\u017eiosios kunigaik\u0161tyst\u0117s santykius su Kry\u017eiuo\u010di\u0173 ir Kalavijuo\u010di\u0173 ordinais.<\/p>\n","protected":false},"excerpt":{"rendered":"<p>Rokas Varakauskas (1922\u20131975) gim\u0117 saul\u0117toje Dz\u016bkijoje, mok\u0117si Alytaus gimnazijoje. Vilniaus pedagoginiame institute jis studijavo istorij\u0105. 1951 m. R. Varakauskas buvo pakviestas dirbti instituto student\u0173 pedagogin\u0117s praktikos vadovu ir d\u0117stytoju. Jis skait\u0117 viduram\u017ei\u0173 istorijos, Lietuvos TSR istorijos, istorijos d\u0117stymo metodikos kursus, student\u0173 buvo m\u0117giamas. R. Varakauskas tyrin\u0117jo Lietuvos Did\u017eiosios kunigaik\u0161tyst\u0117s santykius su Kry\u017eiuo\u010di\u0173 ir Kalavijuo\u010di\u0173 ordinais.<\/p>\n","protected":false},"featured_media":18823,"comment_status":"open","ping_status":"closed","template":"","meta":{"_acf_changed":false,"site-sidebar-layout":"default","site-content-layout":"","ast-site-content-layout":"default","site-content-style":"default","site-sidebar-style":"default","ast-global-header-display":"","ast-banner-title-visibility":"","ast-main-header-display":"","ast-hfb-above-header-display":"","ast-hfb-below-header-display":"","ast-hfb-mobile-header-display":"","site-post-title":"","ast-breadcrumbs-content":"","ast-featured-img":"","footer-sml-layout":"","ast-disable-related-posts":"","theme-transparent-header-meta":"","adv-header-id-meta":"","stick-header-meta":"","header-above-stick-meta":"","header-main-stick-meta":"","header-below-stick-meta":"","astra-migrate-meta-layouts":"default","ast-page-background-enabled":"default","ast-page-background-meta":{"desktop":{"background-color":"","background-image":"","background-repeat":"repeat","background-position":"center center","background-size":"auto","background-attachment":"scroll","background-type":"","background-media":"","overlay-type":"","overlay-color":"","overlay-opacity":"","overlay-gradient":""},"tablet":{"background-color":"","background-image":"","background-repeat":"repeat","background-position":"center center","background-size":"auto","background-attachment":"scroll","background-type":"","background-media":"","overlay-type":"","overlay-color":"","overlay-opacity":"","overlay-gradient":""},"mobile":{"background-color":"","background-image":"","background-repeat":"repeat","background-position":"center center","background-size":"auto","background-attachment":"scroll","background-type":"","background-media":"","overlay-type":"","overlay-color":"","overlay-opacity":"","overlay-gradient":""}},"ast-content-background-meta":{"desktop":{"background-color":"var(--ast-global-color-4)","background-image":"","background-repeat":"repeat","background-position":"center center","background-size":"auto","background-attachment":"scroll","background-type":"","background-media":"","overlay-type":"","overlay-color":"","overlay-opacity":"","overlay-gradient":""},"tablet":{"background-color":"var(--ast-global-color-4)","background-image":"","background-repeat":"repeat","background-position":"center center","background-size":"auto","background-attachment":"scroll","background-type":"","background-media":"","overlay-type":"","overlay-color":"","overlay-opacity":"","overlay-gradient":""},"mobile":{"background-color":"var(--ast-global-color-4)","background-image":"","background-repeat":"repeat","background-position":"center center","background-size":"auto","background-attachment":"scroll","background-type":"","background-media":"","overlay-type":"","overlay-color":"","overlay-opacity":"","overlay-gradient":""}}},"product_brand":[],"product_cat":[15],"product_tag":[5122,5121,5118,5120,5119,4441,2228,5110,3040],"class_list":{"0":"post-18821","1":"product","2":"type-product","3":"status-publish","4":"has-post-thumbnail","6":"product_cat-uncategorized","7":"product_tag-biografine-literatura","8":"product_tag-istorijos-destymas","9":"product_tag-istorikas","10":"product_tag-kalavijuociu-ordinas","11":"product_tag-kryziuociu-ordinas","12":"product_tag-ldk","13":"product_tag-lietuvos-istorija","14":"product_tag-rokas-varakauskas","15":"product_tag-viduramziai","16":"desktop-align-left","17":"tablet-align-left","18":"mobile-align-left","20":"first","21":"instock","22":"shipping-taxable","23":"purchasable","24":"product-type-simple"},"acf":[],"yoast_head":"<!-- This site is optimized with the Yoast SEO plugin v27.0 - https:\/\/yoast.com\/product\/yoast-seo-wordpress\/ -->\n<title>Lietuvos ir Livonijos santykiai XIII\u2013XVI<\/title>\n<meta name=\"description\" content=\"Rokas Varakauskas (1922\u20131975) gim\u0117 saul\u0117toje Dz\u016bkijoje, mok\u0117si Alytaus gimnazijoje. Vilniaus pedagoginiame institute jis studijavo istorij\u0105. 1951 m. R.\" \/>\n<meta name=\"robots\" content=\"index, follow, max-snippet:-1, max-image-preview:large, max-video-preview:-1\" \/>\n<link rel=\"canonical\" href=\"https:\/\/skaitytaknyga.lt\/en\/produktas\/lietuvos-ir-livonijos-santykiai-xiii-xvi\/\" \/>\n<meta property=\"og:locale\" content=\"en_GB\" \/>\n<meta property=\"og:locale:alternate\" content=\"lt_LT\" \/>\n<meta property=\"og:type\" content=\"article\" \/>\n<meta property=\"og:title\" content=\"Lietuvos ir Livonijos santykiai XIII\u2013XVI\" \/>\n<meta property=\"og:description\" content=\"Rokas Varakauskas (1922\u20131975) gim\u0117 saul\u0117toje Dz\u016bkijoje, mok\u0117si Alytaus gimnazijoje. Vilniaus pedagoginiame institute jis studijavo istorij\u0105. 1951 m. R.\" \/>\n<meta property=\"og:url\" content=\"https:\/\/skaitytaknyga.lt\/en\/produktas\/lietuvos-ir-livonijos-santykiai-xiii-xvi\/\" \/>\n<meta property=\"og:site_name\" content=\"Skaitytaknyga\" \/>\n<meta property=\"article:publisher\" content=\"https:\/\/www.facebook.com\/skaitytaknyga\/\" \/>\n<meta property=\"article:modified_time\" content=\"2025-06-11T12:03:07+00:00\" \/>\n<meta property=\"og:image\" content=\"https:\/\/skaitytaknyga.lt\/wp-content\/uploads\/2025\/06\/Lietuvos-ir-Livonijos-santykiai-XIII\u2013XVI.webp\" \/>\n\t<meta property=\"og:image:width\" content=\"587\" \/>\n\t<meta property=\"og:image:height\" content=\"801\" \/>\n\t<meta property=\"og:image:type\" content=\"image\/webp\" \/>\n<meta name=\"twitter:card\" content=\"summary_large_image\" \/>\n<script type=\"application\/ld+json\" class=\"yoast-schema-graph\">{\"@context\":\"https:\/\/schema.org\",\"@graph\":[{\"@type\":\"WebPage\",\"@id\":\"https:\/\/skaitytaknyga.lt\/produktas\/lietuvos-ir-livonijos-santykiai-xiii-xvi\/\",\"url\":\"https:\/\/skaitytaknyga.lt\/produktas\/lietuvos-ir-livonijos-santykiai-xiii-xvi\/\",\"name\":\"Lietuvos ir Livonijos santykiai XIII\u2013XVI\",\"isPartOf\":{\"@id\":\"https:\/\/skaitytaknyga.lt\/#website\"},\"primaryImageOfPage\":{\"@id\":\"https:\/\/skaitytaknyga.lt\/produktas\/lietuvos-ir-livonijos-santykiai-xiii-xvi\/#primaryimage\"},\"image\":{\"@id\":\"https:\/\/skaitytaknyga.lt\/produktas\/lietuvos-ir-livonijos-santykiai-xiii-xvi\/#primaryimage\"},\"thumbnailUrl\":\"https:\/\/skaitytaknyga.lt\/wp-content\/uploads\/2025\/06\/Lietuvos-ir-Livonijos-santykiai-XIII\u2013XVI.webp\",\"datePublished\":\"2025-06-11T11:28:55+00:00\",\"dateModified\":\"2025-06-11T12:03:07+00:00\",\"description\":\"Rokas Varakauskas (1922\u20131975) gim\u0117 saul\u0117toje Dz\u016bkijoje, mok\u0117si Alytaus gimnazijoje. Vilniaus pedagoginiame institute jis studijavo istorij\u0105. 1951 m. R.\",\"breadcrumb\":{\"@id\":\"https:\/\/skaitytaknyga.lt\/produktas\/lietuvos-ir-livonijos-santykiai-xiii-xvi\/#breadcrumb\"},\"inLanguage\":\"en-GB\",\"potentialAction\":[{\"@type\":\"ReadAction\",\"target\":[\"https:\/\/skaitytaknyga.lt\/produktas\/lietuvos-ir-livonijos-santykiai-xiii-xvi\/\"]}]},{\"@type\":\"ImageObject\",\"inLanguage\":\"en-GB\",\"@id\":\"https:\/\/skaitytaknyga.lt\/produktas\/lietuvos-ir-livonijos-santykiai-xiii-xvi\/#primaryimage\",\"url\":\"https:\/\/skaitytaknyga.lt\/wp-content\/uploads\/2025\/06\/Lietuvos-ir-Livonijos-santykiai-XIII\u2013XVI.webp\",\"contentUrl\":\"https:\/\/skaitytaknyga.lt\/wp-content\/uploads\/2025\/06\/Lietuvos-ir-Livonijos-santykiai-XIII\u2013XVI.webp\",\"width\":587,\"height\":801,\"caption\":\"Lietuvos ir Livonijos santykiai XIII\u2013XVI\"},{\"@type\":\"BreadcrumbList\",\"@id\":\"https:\/\/skaitytaknyga.lt\/produktas\/lietuvos-ir-livonijos-santykiai-xiii-xvi\/#breadcrumb\",\"itemListElement\":[{\"@type\":\"ListItem\",\"position\":1,\"name\":\"Home\",\"item\":\"https:\/\/skaitytaknyga.lt\/\"},{\"@type\":\"ListItem\",\"position\":2,\"name\":\"Parduotuv\u0117\",\"item\":\"https:\/\/skaitytaknyga.lt\/knygu-parduotuve\/\"},{\"@type\":\"ListItem\",\"position\":3,\"name\":\"Lietuvos ir Livonijos santykiai XIII\u2013XVI\"}]},{\"@type\":\"WebSite\",\"@id\":\"https:\/\/skaitytaknyga.lt\/#website\",\"url\":\"https:\/\/skaitytaknyga.lt\/\",\"name\":\"skaitytaknyga.lt\",\"description\":\"Skaitytaknyga.lt \u2013 tai ma\u017eas \u0161eimos verslas, kuris prasid\u0117jo nuo meil\u0117s knygoms ir siekio i\u0161gelb\u0117ti knygas nuo likimo prie konteinerio. Kas vienam nereikalingas daiktas \u2013 kitam lobis, o mes esame tarpininkai, kurie padeda abiems tapti laimingesniems ???? \u017dinome kaip nelengva i\u0161gyventi ma\u017eiems verslams, tad nuo \u0161iol, \u010dia rasite ir kit\u0173, ma\u017e\u0173 \u0161eim\u0173 versl\u0173, rank\u0173 darbo, dovan\u0173 sau ir artimiesiems.\",\"publisher\":{\"@id\":\"https:\/\/skaitytaknyga.lt\/#organization\"},\"potentialAction\":[{\"@type\":\"SearchAction\",\"target\":{\"@type\":\"EntryPoint\",\"urlTemplate\":\"https:\/\/skaitytaknyga.lt\/?s={search_term_string}\"},\"query-input\":{\"@type\":\"PropertyValueSpecification\",\"valueRequired\":true,\"valueName\":\"search_term_string\"}}],\"inLanguage\":\"en-GB\"},{\"@type\":\"Organization\",\"@id\":\"https:\/\/skaitytaknyga.lt\/#organization\",\"name\":\"skaitytaknyga.lt\",\"url\":\"https:\/\/skaitytaknyga.lt\/\",\"logo\":{\"@type\":\"ImageObject\",\"inLanguage\":\"en-GB\",\"@id\":\"https:\/\/skaitytaknyga.lt\/#\/schema\/logo\/image\/\",\"url\":\"https:\/\/skaitytaknyga.lt\/wp-content\/uploads\/2024\/05\/cropped-cropped-cropped-02_00843_jt3bggkj1j3HLc7SyY6rEUpg.jpeg\",\"contentUrl\":\"https:\/\/skaitytaknyga.lt\/wp-content\/uploads\/2024\/05\/cropped-cropped-cropped-02_00843_jt3bggkj1j3HLc7SyY6rEUpg.jpeg\",\"width\":1600,\"height\":1600,\"caption\":\"skaitytaknyga.lt\"},\"image\":{\"@id\":\"https:\/\/skaitytaknyga.lt\/#\/schema\/logo\/image\/\"},\"sameAs\":[\"https:\/\/www.facebook.com\/skaitytaknyga\/\"]}]}<\/script>\n<!-- \/ Yoast SEO plugin. -->","yoast_head_json":{"title":"Lietuvos ir Livonijos santykiai XIII\u2013XVI","description":"Rokas Varakauskas (1922\u20131975) gim\u0117 saul\u0117toje Dz\u016bkijoje, mok\u0117si Alytaus gimnazijoje. Vilniaus pedagoginiame institute jis studijavo istorij\u0105. 1951 m. R.","robots":{"index":"index","follow":"follow","max-snippet":"max-snippet:-1","max-image-preview":"max-image-preview:large","max-video-preview":"max-video-preview:-1"},"canonical":"https:\/\/skaitytaknyga.lt\/en\/produktas\/lietuvos-ir-livonijos-santykiai-xiii-xvi\/","og_locale":"en_GB","og_type":"article","og_title":"[:lt]Lietuvos ir Livonijos santykiai XIII\u2013XVI[:] - Skaitytaknyga","og_description":"Rokas Varakauskas (1922\u20131975) gim\u0117 saul\u0117toje Dz\u016bkijoje, mok\u0117si Alytaus gimnazijoje. Vilniaus pedagoginiame institute jis studijavo istorij\u0105. 1951 m. R.","og_url":"https:\/\/skaitytaknyga.lt\/en\/produktas\/lietuvos-ir-livonijos-santykiai-xiii-xvi\/","og_site_name":"Skaitytaknyga","article_publisher":"https:\/\/www.facebook.com\/skaitytaknyga\/","article_modified_time":"2025-06-11T12:03:07+00:00","og_image":[{"width":587,"height":801,"url":"https:\/\/skaitytaknyga.lt\/wp-content\/uploads\/2025\/06\/Lietuvos-ir-Livonijos-santykiai-XIII\u2013XVI.webp","type":"image\/webp"}],"twitter_card":"summary_large_image","schema":{"@context":"https:\/\/schema.org","@graph":[{"@type":"WebPage","@id":"https:\/\/skaitytaknyga.lt\/produktas\/lietuvos-ir-livonijos-santykiai-xiii-xvi\/","url":"https:\/\/skaitytaknyga.lt\/produktas\/lietuvos-ir-livonijos-santykiai-xiii-xvi\/","name":"Lietuvos ir Livonijos santykiai XIII\u2013XVI","isPartOf":{"@id":"https:\/\/skaitytaknyga.lt\/#website"},"primaryImageOfPage":{"@id":"https:\/\/skaitytaknyga.lt\/produktas\/lietuvos-ir-livonijos-santykiai-xiii-xvi\/#primaryimage"},"image":{"@id":"https:\/\/skaitytaknyga.lt\/produktas\/lietuvos-ir-livonijos-santykiai-xiii-xvi\/#primaryimage"},"thumbnailUrl":"https:\/\/skaitytaknyga.lt\/wp-content\/uploads\/2025\/06\/Lietuvos-ir-Livonijos-santykiai-XIII\u2013XVI.webp","datePublished":"2025-06-11T11:28:55+00:00","dateModified":"2025-06-11T12:03:07+00:00","description":"Rokas Varakauskas (1922\u20131975) gim\u0117 saul\u0117toje Dz\u016bkijoje, mok\u0117si Alytaus gimnazijoje. Vilniaus pedagoginiame institute jis studijavo istorij\u0105. 1951 m. R.","breadcrumb":{"@id":"https:\/\/skaitytaknyga.lt\/produktas\/lietuvos-ir-livonijos-santykiai-xiii-xvi\/#breadcrumb"},"inLanguage":"en-GB","potentialAction":[{"@type":"ReadAction","target":["https:\/\/skaitytaknyga.lt\/produktas\/lietuvos-ir-livonijos-santykiai-xiii-xvi\/"]}]},{"@type":"ImageObject","inLanguage":"en-GB","@id":"https:\/\/skaitytaknyga.lt\/produktas\/lietuvos-ir-livonijos-santykiai-xiii-xvi\/#primaryimage","url":"https:\/\/skaitytaknyga.lt\/wp-content\/uploads\/2025\/06\/Lietuvos-ir-Livonijos-santykiai-XIII\u2013XVI.webp","contentUrl":"https:\/\/skaitytaknyga.lt\/wp-content\/uploads\/2025\/06\/Lietuvos-ir-Livonijos-santykiai-XIII\u2013XVI.webp","width":587,"height":801,"caption":"Lietuvos ir Livonijos santykiai XIII\u2013XVI"},{"@type":"BreadcrumbList","@id":"https:\/\/skaitytaknyga.lt\/produktas\/lietuvos-ir-livonijos-santykiai-xiii-xvi\/#breadcrumb","itemListElement":[{"@type":"ListItem","position":1,"name":"Home","item":"https:\/\/skaitytaknyga.lt\/"},{"@type":"ListItem","position":2,"name":"Parduotuv\u0117","item":"https:\/\/skaitytaknyga.lt\/knygu-parduotuve\/"},{"@type":"ListItem","position":3,"name":"Lietuvos ir Livonijos santykiai XIII\u2013XVI"}]},{"@type":"WebSite","@id":"https:\/\/skaitytaknyga.lt\/#website","url":"https:\/\/skaitytaknyga.lt\/","name":"skaitytaknyga.lt","description":"Skaitytaknyga.lt \u2013 tai ma\u017eas \u0161eimos verslas, kuris prasid\u0117jo nuo meil\u0117s knygoms ir siekio i\u0161gelb\u0117ti knygas nuo likimo prie konteinerio. Kas vienam nereikalingas daiktas \u2013 kitam lobis, o mes esame tarpininkai, kurie padeda abiems tapti laimingesniems ???? \u017dinome kaip nelengva i\u0161gyventi ma\u017eiems verslams, tad nuo \u0161iol, \u010dia rasite ir kit\u0173, ma\u017e\u0173 \u0161eim\u0173 versl\u0173, rank\u0173 darbo, dovan\u0173 sau ir artimiesiems.","publisher":{"@id":"https:\/\/skaitytaknyga.lt\/#organization"},"potentialAction":[{"@type":"SearchAction","target":{"@type":"EntryPoint","urlTemplate":"https:\/\/skaitytaknyga.lt\/?s={search_term_string}"},"query-input":{"@type":"PropertyValueSpecification","valueRequired":true,"valueName":"search_term_string"}}],"inLanguage":"en-GB"},{"@type":"Organization","@id":"https:\/\/skaitytaknyga.lt\/#organization","name":"skaitytaknyga.lt","url":"https:\/\/skaitytaknyga.lt\/","logo":{"@type":"ImageObject","inLanguage":"en-GB","@id":"https:\/\/skaitytaknyga.lt\/#\/schema\/logo\/image\/","url":"https:\/\/skaitytaknyga.lt\/wp-content\/uploads\/2024\/05\/cropped-cropped-cropped-02_00843_jt3bggkj1j3HLc7SyY6rEUpg.jpeg","contentUrl":"https:\/\/skaitytaknyga.lt\/wp-content\/uploads\/2024\/05\/cropped-cropped-cropped-02_00843_jt3bggkj1j3HLc7SyY6rEUpg.jpeg","width":1600,"height":1600,"caption":"skaitytaknyga.lt"},"image":{"@id":"https:\/\/skaitytaknyga.lt\/#\/schema\/logo\/image\/"},"sameAs":["https:\/\/www.facebook.com\/skaitytaknyga\/"]}]}},"_links":{"self":[{"href":"https:\/\/skaitytaknyga.lt\/en\/wp-json\/wp\/v2\/product\/18821","targetHints":{"allow":["GET"]}}],"collection":[{"href":"https:\/\/skaitytaknyga.lt\/en\/wp-json\/wp\/v2\/product"}],"about":[{"href":"https:\/\/skaitytaknyga.lt\/en\/wp-json\/wp\/v2\/types\/product"}],"replies":[{"embeddable":true,"href":"https:\/\/skaitytaknyga.lt\/en\/wp-json\/wp\/v2\/comments?post=18821"}],"wp:featuredmedia":[{"embeddable":true,"href":"https:\/\/skaitytaknyga.lt\/en\/wp-json\/wp\/v2\/media\/18823"}],"wp:attachment":[{"href":"https:\/\/skaitytaknyga.lt\/en\/wp-json\/wp\/v2\/media?parent=18821"}],"wp:term":[{"taxonomy":"product_brand","embeddable":true,"href":"https:\/\/skaitytaknyga.lt\/en\/wp-json\/wp\/v2\/product_brand?post=18821"},{"taxonomy":"product_cat","embeddable":true,"href":"https:\/\/skaitytaknyga.lt\/en\/wp-json\/wp\/v2\/product_cat?post=18821"},{"taxonomy":"product_tag","embeddable":true,"href":"https:\/\/skaitytaknyga.lt\/en\/wp-json\/wp\/v2\/product_tag?post=18821"}],"curies":[{"name":"wp","href":"https:\/\/api.w.org\/{rel}","templated":true}]}}