{"id":18801,"date":"2025-06-11T13:52:07","date_gmt":"2025-06-11T10:52:07","guid":{"rendered":"https:\/\/skaitytaknyga.lt\/?post_type=product&#038;p=18801"},"modified":"2025-09-08T21:08:14","modified_gmt":"2025-09-08T18:08:14","slug":"artyn-ciklo-tuneliai-4-oji-knyga","status":"publish","type":"product","link":"https:\/\/skaitytaknyga.lt\/en\/produktas\/artyn-ciklo-tuneliai-4-oji-knyga\/","title":{"rendered":"Artyn. Ciklo \u201eTuneliai\u201c 4-oji knyga"},"content":{"rendered":"<p>Skaitomiausi\u0173 knyg\u0173 \u201eTuneliai\u201c, \u201eGilyb\u0117s\u201c ir \u201eLaisvas kritimas\u201c t\u0119sinys. Jame pasakojami Vilo, daktaro Barouso, Elioto ir katino Bartlebio nuotykiai \u017dem\u0117s gelmi\u0173 pasaulyje, apra\u0161omas ponios Barous gyvenimas Kolonijoje, \u010cesterio ir Martos kelion\u0117 \u012f Pavir\u0161i\u0173, netik\u0117tai u\u017esimezgusi Gaigalo ir stikso Ed\u017eio draugyst\u0117.<\/p>\n<p>Pa\u010diose \u017dem\u0117s gelm\u0117se, niekam ne\u017einomame vidiniame pasaulyje, Vilas patenka \u012f b\u0117d\u0105. Jam ant kuln\u0173 lipte lipa pik\u010diausi prie\u0161ai stiksai. Jie pasiry\u017e\u0119 pri\u010diupti Vil\u0105 bet kuriame \u2013 ar bet kurio \u2013 pasaulio kra\u0161te.<\/p>\n<p>Tuo metu Gaigalas su netik\u0117tu pagalbininku ruo\u0161iasi smogti stiksams i\u0161 vir\u0161aus, i\u0161 Pavir\u0161iaus. Ka\u017ein, ar dr\u0105sus jo sumanymas atne\u0161 taip trok\u0161tam\u0105 pergal\u0119&#8230; O gal nei\u0161vengiam\u0105 mirt\u012f?<\/p>\n","protected":false},"excerpt":{"rendered":"<p>Skaitomiausi\u0173 knyg\u0173 \u201eTuneliai\u201c, \u201eGilyb\u0117s\u201c ir \u201eLaisvas kritimas\u201c t\u0119sinys. Jame pasakojami Vilo, daktaro Barouso, Elioto ir katino Bartlebio nuotykiai \u017dem\u0117s gelmi\u0173 pasaulyje, apra\u0161omas ponios Barous gyvenimas Kolonijoje, \u010cesterio ir Martos kelion\u0117 \u012f Pavir\u0161i\u0173, netik\u0117tai u\u017esimezgusi Gaigalo ir stikso Ed\u017eio draugyst\u0117. Pa\u010diose \u017dem\u0117s gelm\u0117se, niekam ne\u017einomame vidiniame pasaulyje, Vilas patenka \u012f b\u0117d\u0105. Jam ant kuln\u0173 lipte lipa pik\u010diausi prie\u0161ai stiksai. Jie pasiry\u017e\u0119 pri\u010diupti Vil\u0105 bet kuriame \u2013 ar bet kurio \u2013 pasaulio kra\u0161te. Tuo metu Gaigalas su netik\u0117tu pagalbininku ruo\u0161iasi smogti stiksams i\u0161 vir\u0161aus, i\u0161 Pavir\u0161iaus. Ka\u017ein, ar dr\u0105sus jo sumanymas atne\u0161 taip trok\u0161tam\u0105 pergal\u0119&#8230; O gal nei\u0161vengiam\u0105 mirt\u012f?<\/p>\n","protected":false},"featured_media":18804,"comment_status":"open","ping_status":"closed","template":"","meta":{"_acf_changed":false,"site-sidebar-layout":"default","site-content-layout":"","ast-site-content-layout":"default","site-content-style":"default","site-sidebar-style":"default","ast-global-header-display":"","ast-banner-title-visibility":"","ast-main-header-display":"","ast-hfb-above-header-display":"","ast-hfb-below-header-display":"","ast-hfb-mobile-header-display":"","site-post-title":"","ast-breadcrumbs-content":"","ast-featured-img":"","footer-sml-layout":"","ast-disable-related-posts":"","theme-transparent-header-meta":"","adv-header-id-meta":"","stick-header-meta":"","header-above-stick-meta":"","header-main-stick-meta":"","header-below-stick-meta":"","astra-migrate-meta-layouts":"default","ast-page-background-enabled":"default","ast-page-background-meta":{"desktop":{"background-color":"","background-image":"","background-repeat":"repeat","background-position":"center center","background-size":"auto","background-attachment":"scroll","background-type":"","background-media":"","overlay-type":"","overlay-color":"","overlay-opacity":"","overlay-gradient":""},"tablet":{"background-color":"","background-image":"","background-repeat":"repeat","background-position":"center center","background-size":"auto","background-attachment":"scroll","background-type":"","background-media":"","overlay-type":"","overlay-color":"","overlay-opacity":"","overlay-gradient":""},"mobile":{"background-color":"","background-image":"","background-repeat":"repeat","background-position":"center center","background-size":"auto","background-attachment":"scroll","background-type":"","background-media":"","overlay-type":"","overlay-color":"","overlay-opacity":"","overlay-gradient":""}},"ast-content-background-meta":{"desktop":{"background-color":"var(--ast-global-color-4)","background-image":"","background-repeat":"repeat","background-position":"center center","background-size":"auto","background-attachment":"scroll","background-type":"","background-media":"","overlay-type":"","overlay-color":"","overlay-opacity":"","overlay-gradient":""},"tablet":{"background-color":"var(--ast-global-color-4)","background-image":"","background-repeat":"repeat","background-position":"center center","background-size":"auto","background-attachment":"scroll","background-type":"","background-media":"","overlay-type":"","overlay-color":"","overlay-opacity":"","overlay-gradient":""},"mobile":{"background-color":"var(--ast-global-color-4)","background-image":"","background-repeat":"repeat","background-position":"center center","background-size":"auto","background-attachment":"scroll","background-type":"","background-media":"","overlay-type":"","overlay-color":"","overlay-opacity":"","overlay-gradient":""}}},"product_brand":[],"product_cat":[15],"product_tag":[1504,5139,5144,1451,4046,5145,5142,5138],"class_list":{"0":"post-18801","1":"product","2":"type-product","3":"status-publish","4":"has-post-thumbnail","6":"product_cat-uncategorized","7":"product_tag-fantastika","8":"product_tag-gilybes","9":"product_tag-laisvas-kritimas","10":"product_tag-nuotykiai","11":"product_tag-paaugliams","12":"product_tag-pogrindis","13":"product_tag-stiksai","14":"product_tag-tuneliai","15":"desktop-align-left","16":"tablet-align-left","17":"mobile-align-left","19":"first","20":"outofstock","21":"shipping-taxable","22":"purchasable","23":"product-type-simple"},"acf":[],"yoast_head":"<!-- This site is optimized with the Yoast SEO plugin v27.4 - https:\/\/yoast.com\/product\/yoast-seo-wordpress\/ -->\n<title>Artyn. Ciklo \u201eTuneliai\u201c 4-oji knyga<\/title>\n<meta name=\"description\" content=\"Skaitomiausi\u0173 knyg\u0173 \u201eTuneliai\u201c, \u201eGilyb\u0117s\u201c ir \u201eLaisvas kritimas\u201c t\u0119sinys. Jame pasakojami Vilo, daktaro Barouso, Elioto ir katino Bartlebio nuotykiai \u017dem\u0117s\" \/>\n<meta name=\"robots\" content=\"index, follow, max-snippet:-1, max-image-preview:large, max-video-preview:-1\" \/>\n<link rel=\"canonical\" href=\"https:\/\/skaitytaknyga.lt\/en\/produktas\/artyn-ciklo-tuneliai-4-oji-knyga\/\" \/>\n<meta property=\"og:locale\" content=\"en_GB\" \/>\n<meta property=\"og:locale:alternate\" content=\"lt_LT\" \/>\n<meta property=\"og:type\" content=\"article\" \/>\n<meta property=\"og:title\" content=\"Artyn. Ciklo \u201eTuneliai\u201c 4-oji knyga\" \/>\n<meta property=\"og:description\" content=\"Skaitomiausi\u0173 knyg\u0173 \u201eTuneliai\u201c, \u201eGilyb\u0117s\u201c ir \u201eLaisvas kritimas\u201c t\u0119sinys. Jame pasakojami Vilo, daktaro Barouso, Elioto ir katino Bartlebio nuotykiai \u017dem\u0117s\" \/>\n<meta property=\"og:url\" content=\"https:\/\/skaitytaknyga.lt\/en\/produktas\/artyn-ciklo-tuneliai-4-oji-knyga\/\" \/>\n<meta property=\"og:site_name\" content=\"Skaitytaknyga\" \/>\n<meta property=\"article:publisher\" content=\"https:\/\/www.facebook.com\/skaitytaknyga\/\" \/>\n<meta property=\"article:modified_time\" content=\"2025-09-08T18:08:14+00:00\" \/>\n<meta property=\"og:image\" content=\"https:\/\/skaitytaknyga.lt\/wp-content\/uploads\/2025\/06\/Artyn.-Ciklo-\u201eTuneliai-4-oji-knyga.webp\" \/>\n\t<meta property=\"og:image:width\" content=\"406\" \/>\n\t<meta property=\"og:image:height\" content=\"600\" \/>\n\t<meta property=\"og:image:type\" content=\"image\/webp\" \/>\n<meta name=\"twitter:card\" content=\"summary_large_image\" \/>\n<meta name=\"twitter:label1\" content=\"Estimated reading time\" \/>\n\t<meta name=\"twitter:data1\" content=\"1 minute\" \/>\n<script type=\"application\/ld+json\" class=\"yoast-schema-graph\">{\"@context\":\"https:\\\/\\\/schema.org\",\"@graph\":[{\"@type\":\"WebPage\",\"@id\":\"https:\\\/\\\/skaitytaknyga.lt\\\/produktas\\\/artyn-ciklo-tuneliai-4-oji-knyga\\\/\",\"url\":\"https:\\\/\\\/skaitytaknyga.lt\\\/produktas\\\/artyn-ciklo-tuneliai-4-oji-knyga\\\/\",\"name\":\"Artyn. Ciklo \u201eTuneliai\u201c 4-oji knyga\",\"isPartOf\":{\"@id\":\"https:\\\/\\\/skaitytaknyga.lt\\\/#website\"},\"primaryImageOfPage\":{\"@id\":\"https:\\\/\\\/skaitytaknyga.lt\\\/produktas\\\/artyn-ciklo-tuneliai-4-oji-knyga\\\/#primaryimage\"},\"image\":{\"@id\":\"https:\\\/\\\/skaitytaknyga.lt\\\/produktas\\\/artyn-ciklo-tuneliai-4-oji-knyga\\\/#primaryimage\"},\"thumbnailUrl\":\"https:\\\/\\\/skaitytaknyga.lt\\\/wp-content\\\/uploads\\\/2025\\\/06\\\/Artyn.-Ciklo-\u201eTuneliai-4-oji-knyga.webp\",\"datePublished\":\"2025-06-11T10:52:07+00:00\",\"dateModified\":\"2025-09-08T18:08:14+00:00\",\"description\":\"Skaitomiausi\u0173 knyg\u0173 \u201eTuneliai\u201c, \u201eGilyb\u0117s\u201c ir \u201eLaisvas kritimas\u201c t\u0119sinys. Jame pasakojami Vilo, daktaro Barouso, Elioto ir katino Bartlebio nuotykiai \u017dem\u0117s\",\"breadcrumb\":{\"@id\":\"https:\\\/\\\/skaitytaknyga.lt\\\/produktas\\\/artyn-ciklo-tuneliai-4-oji-knyga\\\/#breadcrumb\"},\"inLanguage\":\"en-GB\",\"potentialAction\":[{\"@type\":\"ReadAction\",\"target\":[\"https:\\\/\\\/skaitytaknyga.lt\\\/produktas\\\/artyn-ciklo-tuneliai-4-oji-knyga\\\/\"]}]},{\"@type\":\"ImageObject\",\"inLanguage\":\"en-GB\",\"@id\":\"https:\\\/\\\/skaitytaknyga.lt\\\/produktas\\\/artyn-ciklo-tuneliai-4-oji-knyga\\\/#primaryimage\",\"url\":\"https:\\\/\\\/skaitytaknyga.lt\\\/wp-content\\\/uploads\\\/2025\\\/06\\\/Artyn.-Ciklo-\u201eTuneliai-4-oji-knyga.webp\",\"contentUrl\":\"https:\\\/\\\/skaitytaknyga.lt\\\/wp-content\\\/uploads\\\/2025\\\/06\\\/Artyn.-Ciklo-\u201eTuneliai-4-oji-knyga.webp\",\"width\":406,\"height\":600,\"caption\":\"Artyn. Ciklo \u201eTuneliai\u201c 4-oji knyga\"},{\"@type\":\"BreadcrumbList\",\"@id\":\"https:\\\/\\\/skaitytaknyga.lt\\\/produktas\\\/artyn-ciklo-tuneliai-4-oji-knyga\\\/#breadcrumb\",\"itemListElement\":[{\"@type\":\"ListItem\",\"position\":1,\"name\":\"Home\",\"item\":\"https:\\\/\\\/skaitytaknyga.lt\\\/\"},{\"@type\":\"ListItem\",\"position\":2,\"name\":\"Parduotuv\u0117\",\"item\":\"https:\\\/\\\/skaitytaknyga.lt\\\/knygu-parduotuve\\\/\"},{\"@type\":\"ListItem\",\"position\":3,\"name\":\"Artyn. Ciklo \u201eTuneliai\u201c 4-oji knyga\"}]},{\"@type\":\"WebSite\",\"@id\":\"https:\\\/\\\/skaitytaknyga.lt\\\/#website\",\"url\":\"https:\\\/\\\/skaitytaknyga.lt\\\/\",\"name\":\"skaitytaknyga.lt\",\"description\":\"Skaitytaknyga.lt \u2013 tai ma\u017eas \u0161eimos verslas, kuris prasid\u0117jo nuo meil\u0117s knygoms ir siekio i\u0161gelb\u0117ti knygas nuo likimo prie konteinerio. Kas vienam nereikalingas daiktas \u2013 kitam lobis, o mes esame tarpininkai, kurie padeda abiems tapti laimingesniems ???? \u017dinome kaip nelengva i\u0161gyventi ma\u017eiems verslams, tad nuo \u0161iol, \u010dia rasite ir kit\u0173, ma\u017e\u0173 \u0161eim\u0173 versl\u0173, rank\u0173 darbo, dovan\u0173 sau ir artimiesiems.\",\"publisher\":{\"@id\":\"https:\\\/\\\/skaitytaknyga.lt\\\/#organization\"},\"potentialAction\":[{\"@type\":\"SearchAction\",\"target\":{\"@type\":\"EntryPoint\",\"urlTemplate\":\"https:\\\/\\\/skaitytaknyga.lt\\\/?s={search_term_string}\"},\"query-input\":{\"@type\":\"PropertyValueSpecification\",\"valueRequired\":true,\"valueName\":\"search_term_string\"}}],\"inLanguage\":\"en-GB\"},{\"@type\":\"Organization\",\"@id\":\"https:\\\/\\\/skaitytaknyga.lt\\\/#organization\",\"name\":\"skaitytaknyga.lt\",\"url\":\"https:\\\/\\\/skaitytaknyga.lt\\\/\",\"logo\":{\"@type\":\"ImageObject\",\"inLanguage\":\"en-GB\",\"@id\":\"https:\\\/\\\/skaitytaknyga.lt\\\/#\\\/schema\\\/logo\\\/image\\\/\",\"url\":\"https:\\\/\\\/skaitytaknyga.lt\\\/wp-content\\\/uploads\\\/2024\\\/05\\\/cropped-cropped-cropped-02_00843_jt3bggkj1j3HLc7SyY6rEUpg.jpeg\",\"contentUrl\":\"https:\\\/\\\/skaitytaknyga.lt\\\/wp-content\\\/uploads\\\/2024\\\/05\\\/cropped-cropped-cropped-02_00843_jt3bggkj1j3HLc7SyY6rEUpg.jpeg\",\"width\":1600,\"height\":1600,\"caption\":\"skaitytaknyga.lt\"},\"image\":{\"@id\":\"https:\\\/\\\/skaitytaknyga.lt\\\/#\\\/schema\\\/logo\\\/image\\\/\"},\"sameAs\":[\"https:\\\/\\\/www.facebook.com\\\/skaitytaknyga\\\/\"]}]}<\/script>\n<!-- \/ Yoast SEO plugin. -->","yoast_head_json":{"title":"Artyn. Ciklo \u201eTuneliai\u201c 4-oji knyga","description":"Skaitomiausi\u0173 knyg\u0173 \u201eTuneliai\u201c, \u201eGilyb\u0117s\u201c ir \u201eLaisvas kritimas\u201c t\u0119sinys. Jame pasakojami Vilo, daktaro Barouso, Elioto ir katino Bartlebio nuotykiai \u017dem\u0117s","robots":{"index":"index","follow":"follow","max-snippet":"max-snippet:-1","max-image-preview":"max-image-preview:large","max-video-preview":"max-video-preview:-1"},"canonical":"https:\/\/skaitytaknyga.lt\/en\/produktas\/artyn-ciklo-tuneliai-4-oji-knyga\/","og_locale":"en_GB","og_type":"article","og_title":"[:lt]Artyn. Ciklo \u201eTuneliai\u201c 4-oji knyga[:] - Skaitytaknyga","og_description":"Skaitomiausi\u0173 knyg\u0173 \u201eTuneliai\u201c, \u201eGilyb\u0117s\u201c ir \u201eLaisvas kritimas\u201c t\u0119sinys. Jame pasakojami Vilo, daktaro Barouso, Elioto ir katino Bartlebio nuotykiai \u017dem\u0117s","og_url":"https:\/\/skaitytaknyga.lt\/en\/produktas\/artyn-ciklo-tuneliai-4-oji-knyga\/","og_site_name":"Skaitytaknyga","article_publisher":"https:\/\/www.facebook.com\/skaitytaknyga\/","article_modified_time":"2025-09-08T18:08:14+00:00","og_image":[{"width":406,"height":600,"url":"https:\/\/skaitytaknyga.lt\/wp-content\/uploads\/2025\/06\/Artyn.-Ciklo-\u201eTuneliai-4-oji-knyga.webp","type":"image\/webp"}],"twitter_card":"summary_large_image","twitter_misc":{"Estimated reading time":"1 minute"},"schema":{"@context":"https:\/\/schema.org","@graph":[{"@type":"WebPage","@id":"https:\/\/skaitytaknyga.lt\/produktas\/artyn-ciklo-tuneliai-4-oji-knyga\/","url":"https:\/\/skaitytaknyga.lt\/produktas\/artyn-ciklo-tuneliai-4-oji-knyga\/","name":"Artyn. Ciklo \u201eTuneliai\u201c 4-oji knyga","isPartOf":{"@id":"https:\/\/skaitytaknyga.lt\/#website"},"primaryImageOfPage":{"@id":"https:\/\/skaitytaknyga.lt\/produktas\/artyn-ciklo-tuneliai-4-oji-knyga\/#primaryimage"},"image":{"@id":"https:\/\/skaitytaknyga.lt\/produktas\/artyn-ciklo-tuneliai-4-oji-knyga\/#primaryimage"},"thumbnailUrl":"https:\/\/skaitytaknyga.lt\/wp-content\/uploads\/2025\/06\/Artyn.-Ciklo-\u201eTuneliai-4-oji-knyga.webp","datePublished":"2025-06-11T10:52:07+00:00","dateModified":"2025-09-08T18:08:14+00:00","description":"Skaitomiausi\u0173 knyg\u0173 \u201eTuneliai\u201c, \u201eGilyb\u0117s\u201c ir \u201eLaisvas kritimas\u201c t\u0119sinys. Jame pasakojami Vilo, daktaro Barouso, Elioto ir katino Bartlebio nuotykiai \u017dem\u0117s","breadcrumb":{"@id":"https:\/\/skaitytaknyga.lt\/produktas\/artyn-ciklo-tuneliai-4-oji-knyga\/#breadcrumb"},"inLanguage":"en-GB","potentialAction":[{"@type":"ReadAction","target":["https:\/\/skaitytaknyga.lt\/produktas\/artyn-ciklo-tuneliai-4-oji-knyga\/"]}]},{"@type":"ImageObject","inLanguage":"en-GB","@id":"https:\/\/skaitytaknyga.lt\/produktas\/artyn-ciklo-tuneliai-4-oji-knyga\/#primaryimage","url":"https:\/\/skaitytaknyga.lt\/wp-content\/uploads\/2025\/06\/Artyn.-Ciklo-\u201eTuneliai-4-oji-knyga.webp","contentUrl":"https:\/\/skaitytaknyga.lt\/wp-content\/uploads\/2025\/06\/Artyn.-Ciklo-\u201eTuneliai-4-oji-knyga.webp","width":406,"height":600,"caption":"Artyn. Ciklo \u201eTuneliai\u201c 4-oji knyga"},{"@type":"BreadcrumbList","@id":"https:\/\/skaitytaknyga.lt\/produktas\/artyn-ciklo-tuneliai-4-oji-knyga\/#breadcrumb","itemListElement":[{"@type":"ListItem","position":1,"name":"Home","item":"https:\/\/skaitytaknyga.lt\/"},{"@type":"ListItem","position":2,"name":"Parduotuv\u0117","item":"https:\/\/skaitytaknyga.lt\/knygu-parduotuve\/"},{"@type":"ListItem","position":3,"name":"Artyn. Ciklo \u201eTuneliai\u201c 4-oji knyga"}]},{"@type":"WebSite","@id":"https:\/\/skaitytaknyga.lt\/#website","url":"https:\/\/skaitytaknyga.lt\/","name":"skaitytaknyga.lt","description":"Skaitytaknyga.lt \u2013 tai ma\u017eas \u0161eimos verslas, kuris prasid\u0117jo nuo meil\u0117s knygoms ir siekio i\u0161gelb\u0117ti knygas nuo likimo prie konteinerio. Kas vienam nereikalingas daiktas \u2013 kitam lobis, o mes esame tarpininkai, kurie padeda abiems tapti laimingesniems ???? \u017dinome kaip nelengva i\u0161gyventi ma\u017eiems verslams, tad nuo \u0161iol, \u010dia rasite ir kit\u0173, ma\u017e\u0173 \u0161eim\u0173 versl\u0173, rank\u0173 darbo, dovan\u0173 sau ir artimiesiems.","publisher":{"@id":"https:\/\/skaitytaknyga.lt\/#organization"},"potentialAction":[{"@type":"SearchAction","target":{"@type":"EntryPoint","urlTemplate":"https:\/\/skaitytaknyga.lt\/?s={search_term_string}"},"query-input":{"@type":"PropertyValueSpecification","valueRequired":true,"valueName":"search_term_string"}}],"inLanguage":"en-GB"},{"@type":"Organization","@id":"https:\/\/skaitytaknyga.lt\/#organization","name":"skaitytaknyga.lt","url":"https:\/\/skaitytaknyga.lt\/","logo":{"@type":"ImageObject","inLanguage":"en-GB","@id":"https:\/\/skaitytaknyga.lt\/#\/schema\/logo\/image\/","url":"https:\/\/skaitytaknyga.lt\/wp-content\/uploads\/2024\/05\/cropped-cropped-cropped-02_00843_jt3bggkj1j3HLc7SyY6rEUpg.jpeg","contentUrl":"https:\/\/skaitytaknyga.lt\/wp-content\/uploads\/2024\/05\/cropped-cropped-cropped-02_00843_jt3bggkj1j3HLc7SyY6rEUpg.jpeg","width":1600,"height":1600,"caption":"skaitytaknyga.lt"},"image":{"@id":"https:\/\/skaitytaknyga.lt\/#\/schema\/logo\/image\/"},"sameAs":["https:\/\/www.facebook.com\/skaitytaknyga\/"]}]}},"_links":{"self":[{"href":"https:\/\/skaitytaknyga.lt\/en\/wp-json\/wp\/v2\/product\/18801","targetHints":{"allow":["GET"]}}],"collection":[{"href":"https:\/\/skaitytaknyga.lt\/en\/wp-json\/wp\/v2\/product"}],"about":[{"href":"https:\/\/skaitytaknyga.lt\/en\/wp-json\/wp\/v2\/types\/product"}],"replies":[{"embeddable":true,"href":"https:\/\/skaitytaknyga.lt\/en\/wp-json\/wp\/v2\/comments?post=18801"}],"wp:featuredmedia":[{"embeddable":true,"href":"https:\/\/skaitytaknyga.lt\/en\/wp-json\/wp\/v2\/media\/18804"}],"wp:attachment":[{"href":"https:\/\/skaitytaknyga.lt\/en\/wp-json\/wp\/v2\/media?parent=18801"}],"wp:term":[{"taxonomy":"product_brand","embeddable":true,"href":"https:\/\/skaitytaknyga.lt\/en\/wp-json\/wp\/v2\/product_brand?post=18801"},{"taxonomy":"product_cat","embeddable":true,"href":"https:\/\/skaitytaknyga.lt\/en\/wp-json\/wp\/v2\/product_cat?post=18801"},{"taxonomy":"product_tag","embeddable":true,"href":"https:\/\/skaitytaknyga.lt\/en\/wp-json\/wp\/v2\/product_tag?post=18801"}],"curies":[{"name":"wp","href":"https:\/\/api.w.org\/{rel}","templated":true}]}}