{"id":18800,"date":"2025-06-11T13:52:07","date_gmt":"2025-06-11T10:52:07","guid":{"rendered":"https:\/\/skaitytaknyga.lt\/?post_type=product&#038;p=18800"},"modified":"2025-06-12T07:59:21","modified_gmt":"2025-06-12T04:59:21","slug":"laisvas-kritimas-ciklo-tuneliai-3-ioji-knyga","status":"publish","type":"product","link":"https:\/\/skaitytaknyga.lt\/en\/produktas\/laisvas-kritimas-ciklo-tuneliai-3-ioji-knyga\/","title":{"rendered":"Laisvas kritimas. Ciklo \u201eTuneliai\u201c 3-ioji knyga"},"content":{"rendered":"<p>Skaitomiausi\u0173 knyg\u0173 \u201eTuneliai\u201c ir \u201eGilyb\u0117s\u201c tre\u010dioji dalis. Joje su\u017einosite, kas nutiko pagrindiniams veik\u0117jams \u2013 Vilui, \u010cesteriui, Eliot ir katinui Bartlebiui \u2013 nugarm\u0117jusiems \u012f Tu\u0161tum\u0105, koki\u0173 draug\u0173 jie ten atrado, ar jiems pavyko atsikratyti stiks\u0173 persekiojimo ir surasti povandenin\u012f laiv\u0105.<\/p>\n<p>Kuo galiausiai baig\u0117si daktaro Barouso moksliniai eksperimentai? Kok\u012f pok\u0161t\u0105 stiksams i\u0161kr\u0117t\u0117 ponia Barous? Koks likimas i\u0161tiko dvynes Rebekas ir Gilybi\u0173 kovotoj\u0105 Gaigal\u0105?<\/p>\n<p>Ar \u012fsivaizduoji k\u0105 rei\u0161kia kristi \u012f bedugn\u0119? Ar i\u0161dr\u012fstum?..<\/p>\n","protected":false},"excerpt":{"rendered":"<p>Skaitomiausi\u0173 knyg\u0173 \u201eTuneliai\u201c ir \u201eGilyb\u0117s\u201c tre\u010dioji dalis. Joje su\u017einosite, kas nutiko pagrindiniams veik\u0117jams \u2013 Vilui, \u010cesteriui, Eliot ir katinui Bartlebiui \u2013 nugarm\u0117jusiems \u012f Tu\u0161tum\u0105, koki\u0173 draug\u0173 jie ten atrado, ar jiems pavyko atsikratyti stiks\u0173 persekiojimo ir surasti povandenin\u012f laiv\u0105. Kuo galiausiai baig\u0117si daktaro Barouso moksliniai eksperimentai? Kok\u012f pok\u0161t\u0105 stiksams i\u0161kr\u0117t\u0117 ponia Barous? Koks likimas i\u0161tiko dvynes Rebekas ir Gilybi\u0173 kovotoj\u0105 Gaigal\u0105? Ar \u012fsivaizduoji k\u0105 rei\u0161kia kristi \u012f bedugn\u0119? Ar i\u0161dr\u012fstum?..<\/p>\n","protected":false},"featured_media":18803,"comment_status":"open","ping_status":"closed","template":"","meta":{"_acf_changed":false,"site-sidebar-layout":"default","site-content-layout":"","ast-site-content-layout":"default","site-content-style":"default","site-sidebar-style":"default","ast-global-header-display":"","ast-banner-title-visibility":"","ast-main-header-display":"","ast-hfb-above-header-display":"","ast-hfb-below-header-display":"","ast-hfb-mobile-header-display":"","site-post-title":"","ast-breadcrumbs-content":"","ast-featured-img":"","footer-sml-layout":"","ast-disable-related-posts":"","theme-transparent-header-meta":"","adv-header-id-meta":"","stick-header-meta":"","header-above-stick-meta":"","header-main-stick-meta":"","header-below-stick-meta":"","astra-migrate-meta-layouts":"default","ast-page-background-enabled":"default","ast-page-background-meta":{"desktop":{"background-color":"","background-image":"","background-repeat":"repeat","background-position":"center center","background-size":"auto","background-attachment":"scroll","background-type":"","background-media":"","overlay-type":"","overlay-color":"","overlay-opacity":"","overlay-gradient":""},"tablet":{"background-color":"","background-image":"","background-repeat":"repeat","background-position":"center center","background-size":"auto","background-attachment":"scroll","background-type":"","background-media":"","overlay-type":"","overlay-color":"","overlay-opacity":"","overlay-gradient":""},"mobile":{"background-color":"","background-image":"","background-repeat":"repeat","background-position":"center center","background-size":"auto","background-attachment":"scroll","background-type":"","background-media":"","overlay-type":"","overlay-color":"","overlay-opacity":"","overlay-gradient":""}},"ast-content-background-meta":{"desktop":{"background-color":"var(--ast-global-color-4)","background-image":"","background-repeat":"repeat","background-position":"center center","background-size":"auto","background-attachment":"scroll","background-type":"","background-media":"","overlay-type":"","overlay-color":"","overlay-opacity":"","overlay-gradient":""},"tablet":{"background-color":"var(--ast-global-color-4)","background-image":"","background-repeat":"repeat","background-position":"center center","background-size":"auto","background-attachment":"scroll","background-type":"","background-media":"","overlay-type":"","overlay-color":"","overlay-opacity":"","overlay-gradient":""},"mobile":{"background-color":"var(--ast-global-color-4)","background-image":"","background-repeat":"repeat","background-position":"center center","background-size":"auto","background-attachment":"scroll","background-type":"","background-media":"","overlay-type":"","overlay-color":"","overlay-opacity":"","overlay-gradient":""}}},"product_brand":[],"product_cat":[15],"product_tag":[5141,1504,5143,5139,1524,1451,5142,5138,5140],"class_list":{"0":"post-18800","1":"product","2":"type-product","3":"status-publish","4":"has-post-thumbnail","6":"product_cat-uncategorized","7":"product_tag-bartlebis","8":"product_tag-fantastika","9":"product_tag-fantazija","10":"product_tag-gilybes","11":"product_tag-mokslas","12":"product_tag-nuotykiai","13":"product_tag-stiksai","14":"product_tag-tuneliai","15":"product_tag-tustuma","16":"desktop-align-left","17":"tablet-align-left","18":"mobile-align-left","20":"first","21":"instock","22":"shipping-taxable","23":"purchasable","24":"product-type-simple"},"acf":[],"yoast_head":"<!-- This site is optimized with the Yoast SEO plugin v27.0 - https:\/\/yoast.com\/product\/yoast-seo-wordpress\/ -->\n<title>Laisvas kritimas. Ciklo \u201eTuneliai\u201c 3-ioji knyga<\/title>\n<meta name=\"description\" content=\"Skaitomiausi\u0173 knyg\u0173 \u201eTuneliai\u201c ir \u201eGilyb\u0117s\u201c tre\u010dioji dalis. Joje su\u017einosite, kas nutiko pagrindiniams veik\u0117jams \u2013 Vilui, \u010cesteriui, Eliot ir katinui\" \/>\n<meta name=\"robots\" content=\"index, follow, max-snippet:-1, max-image-preview:large, max-video-preview:-1\" \/>\n<link rel=\"canonical\" href=\"https:\/\/skaitytaknyga.lt\/en\/produktas\/laisvas-kritimas-ciklo-tuneliai-3-ioji-knyga\/\" \/>\n<meta property=\"og:locale\" content=\"en_GB\" \/>\n<meta property=\"og:locale:alternate\" content=\"lt_LT\" \/>\n<meta property=\"og:type\" content=\"article\" \/>\n<meta property=\"og:title\" content=\"Laisvas kritimas. Ciklo \u201eTuneliai\u201c 3-ioji knyga\" \/>\n<meta property=\"og:description\" content=\"Skaitomiausi\u0173 knyg\u0173 \u201eTuneliai\u201c ir \u201eGilyb\u0117s\u201c tre\u010dioji dalis. Joje su\u017einosite, kas nutiko pagrindiniams veik\u0117jams \u2013 Vilui, \u010cesteriui, Eliot ir katinui\" \/>\n<meta property=\"og:url\" content=\"https:\/\/skaitytaknyga.lt\/en\/produktas\/laisvas-kritimas-ciklo-tuneliai-3-ioji-knyga\/\" \/>\n<meta property=\"og:site_name\" content=\"Skaitytaknyga\" \/>\n<meta property=\"article:publisher\" content=\"https:\/\/www.facebook.com\/skaitytaknyga\/\" \/>\n<meta property=\"article:modified_time\" content=\"2025-06-12T04:59:21+00:00\" \/>\n<meta property=\"og:image\" content=\"https:\/\/skaitytaknyga.lt\/wp-content\/uploads\/2025\/06\/Laisvas-kritimas.-Ciklo-\u201eTuneliai-3-ioji-knyga.webp\" \/>\n\t<meta property=\"og:image:width\" content=\"539\" \/>\n\t<meta property=\"og:image:height\" content=\"801\" \/>\n\t<meta property=\"og:image:type\" content=\"image\/webp\" \/>\n<meta name=\"twitter:card\" content=\"summary_large_image\" \/>\n<script type=\"application\/ld+json\" class=\"yoast-schema-graph\">{\"@context\":\"https:\/\/schema.org\",\"@graph\":[{\"@type\":\"WebPage\",\"@id\":\"https:\/\/skaitytaknyga.lt\/produktas\/laisvas-kritimas-ciklo-tuneliai-3-ioji-knyga\/\",\"url\":\"https:\/\/skaitytaknyga.lt\/produktas\/laisvas-kritimas-ciklo-tuneliai-3-ioji-knyga\/\",\"name\":\"Laisvas kritimas. Ciklo \u201eTuneliai\u201c 3-ioji knyga\",\"isPartOf\":{\"@id\":\"https:\/\/skaitytaknyga.lt\/#website\"},\"primaryImageOfPage\":{\"@id\":\"https:\/\/skaitytaknyga.lt\/produktas\/laisvas-kritimas-ciklo-tuneliai-3-ioji-knyga\/#primaryimage\"},\"image\":{\"@id\":\"https:\/\/skaitytaknyga.lt\/produktas\/laisvas-kritimas-ciklo-tuneliai-3-ioji-knyga\/#primaryimage\"},\"thumbnailUrl\":\"https:\/\/skaitytaknyga.lt\/wp-content\/uploads\/2025\/06\/Laisvas-kritimas.-Ciklo-\u201eTuneliai-3-ioji-knyga.webp\",\"datePublished\":\"2025-06-11T10:52:07+00:00\",\"dateModified\":\"2025-06-12T04:59:21+00:00\",\"description\":\"Skaitomiausi\u0173 knyg\u0173 \u201eTuneliai\u201c ir \u201eGilyb\u0117s\u201c tre\u010dioji dalis. Joje su\u017einosite, kas nutiko pagrindiniams veik\u0117jams \u2013 Vilui, \u010cesteriui, Eliot ir katinui\",\"breadcrumb\":{\"@id\":\"https:\/\/skaitytaknyga.lt\/produktas\/laisvas-kritimas-ciklo-tuneliai-3-ioji-knyga\/#breadcrumb\"},\"inLanguage\":\"en-GB\",\"potentialAction\":[{\"@type\":\"ReadAction\",\"target\":[\"https:\/\/skaitytaknyga.lt\/produktas\/laisvas-kritimas-ciklo-tuneliai-3-ioji-knyga\/\"]}]},{\"@type\":\"ImageObject\",\"inLanguage\":\"en-GB\",\"@id\":\"https:\/\/skaitytaknyga.lt\/produktas\/laisvas-kritimas-ciklo-tuneliai-3-ioji-knyga\/#primaryimage\",\"url\":\"https:\/\/skaitytaknyga.lt\/wp-content\/uploads\/2025\/06\/Laisvas-kritimas.-Ciklo-\u201eTuneliai-3-ioji-knyga.webp\",\"contentUrl\":\"https:\/\/skaitytaknyga.lt\/wp-content\/uploads\/2025\/06\/Laisvas-kritimas.-Ciklo-\u201eTuneliai-3-ioji-knyga.webp\",\"width\":539,\"height\":801,\"caption\":\"Laisvas kritimas. Ciklo \u201eTuneliai\u201c 3-ioji knyga\"},{\"@type\":\"BreadcrumbList\",\"@id\":\"https:\/\/skaitytaknyga.lt\/produktas\/laisvas-kritimas-ciklo-tuneliai-3-ioji-knyga\/#breadcrumb\",\"itemListElement\":[{\"@type\":\"ListItem\",\"position\":1,\"name\":\"Home\",\"item\":\"https:\/\/skaitytaknyga.lt\/\"},{\"@type\":\"ListItem\",\"position\":2,\"name\":\"Parduotuv\u0117\",\"item\":\"https:\/\/skaitytaknyga.lt\/knygu-parduotuve\/\"},{\"@type\":\"ListItem\",\"position\":3,\"name\":\"Laisvas kritimas. Ciklo \u201eTuneliai\u201c 3-ioji knyga\"}]},{\"@type\":\"WebSite\",\"@id\":\"https:\/\/skaitytaknyga.lt\/#website\",\"url\":\"https:\/\/skaitytaknyga.lt\/\",\"name\":\"skaitytaknyga.lt\",\"description\":\"Skaitytaknyga.lt \u2013 tai ma\u017eas \u0161eimos verslas, kuris prasid\u0117jo nuo meil\u0117s knygoms ir siekio i\u0161gelb\u0117ti knygas nuo likimo prie konteinerio. Kas vienam nereikalingas daiktas \u2013 kitam lobis, o mes esame tarpininkai, kurie padeda abiems tapti laimingesniems ???? \u017dinome kaip nelengva i\u0161gyventi ma\u017eiems verslams, tad nuo \u0161iol, \u010dia rasite ir kit\u0173, ma\u017e\u0173 \u0161eim\u0173 versl\u0173, rank\u0173 darbo, dovan\u0173 sau ir artimiesiems.\",\"publisher\":{\"@id\":\"https:\/\/skaitytaknyga.lt\/#organization\"},\"potentialAction\":[{\"@type\":\"SearchAction\",\"target\":{\"@type\":\"EntryPoint\",\"urlTemplate\":\"https:\/\/skaitytaknyga.lt\/?s={search_term_string}\"},\"query-input\":{\"@type\":\"PropertyValueSpecification\",\"valueRequired\":true,\"valueName\":\"search_term_string\"}}],\"inLanguage\":\"en-GB\"},{\"@type\":\"Organization\",\"@id\":\"https:\/\/skaitytaknyga.lt\/#organization\",\"name\":\"skaitytaknyga.lt\",\"url\":\"https:\/\/skaitytaknyga.lt\/\",\"logo\":{\"@type\":\"ImageObject\",\"inLanguage\":\"en-GB\",\"@id\":\"https:\/\/skaitytaknyga.lt\/#\/schema\/logo\/image\/\",\"url\":\"https:\/\/skaitytaknyga.lt\/wp-content\/uploads\/2024\/05\/cropped-cropped-cropped-02_00843_jt3bggkj1j3HLc7SyY6rEUpg.jpeg\",\"contentUrl\":\"https:\/\/skaitytaknyga.lt\/wp-content\/uploads\/2024\/05\/cropped-cropped-cropped-02_00843_jt3bggkj1j3HLc7SyY6rEUpg.jpeg\",\"width\":1600,\"height\":1600,\"caption\":\"skaitytaknyga.lt\"},\"image\":{\"@id\":\"https:\/\/skaitytaknyga.lt\/#\/schema\/logo\/image\/\"},\"sameAs\":[\"https:\/\/www.facebook.com\/skaitytaknyga\/\"]}]}<\/script>\n<!-- \/ Yoast SEO plugin. -->","yoast_head_json":{"title":"Laisvas kritimas. Ciklo \u201eTuneliai\u201c 3-ioji knyga","description":"Skaitomiausi\u0173 knyg\u0173 \u201eTuneliai\u201c ir \u201eGilyb\u0117s\u201c tre\u010dioji dalis. Joje su\u017einosite, kas nutiko pagrindiniams veik\u0117jams \u2013 Vilui, \u010cesteriui, Eliot ir katinui","robots":{"index":"index","follow":"follow","max-snippet":"max-snippet:-1","max-image-preview":"max-image-preview:large","max-video-preview":"max-video-preview:-1"},"canonical":"https:\/\/skaitytaknyga.lt\/en\/produktas\/laisvas-kritimas-ciklo-tuneliai-3-ioji-knyga\/","og_locale":"en_GB","og_type":"article","og_title":"[:lt]Laisvas kritimas. Ciklo \u201eTuneliai\u201c 3-ioji knyga[:] - Skaitytaknyga","og_description":"Skaitomiausi\u0173 knyg\u0173 \u201eTuneliai\u201c ir \u201eGilyb\u0117s\u201c tre\u010dioji dalis. Joje su\u017einosite, kas nutiko pagrindiniams veik\u0117jams \u2013 Vilui, \u010cesteriui, Eliot ir katinui","og_url":"https:\/\/skaitytaknyga.lt\/en\/produktas\/laisvas-kritimas-ciklo-tuneliai-3-ioji-knyga\/","og_site_name":"Skaitytaknyga","article_publisher":"https:\/\/www.facebook.com\/skaitytaknyga\/","article_modified_time":"2025-06-12T04:59:21+00:00","og_image":[{"width":539,"height":801,"url":"https:\/\/skaitytaknyga.lt\/wp-content\/uploads\/2025\/06\/Laisvas-kritimas.-Ciklo-\u201eTuneliai-3-ioji-knyga.webp","type":"image\/webp"}],"twitter_card":"summary_large_image","schema":{"@context":"https:\/\/schema.org","@graph":[{"@type":"WebPage","@id":"https:\/\/skaitytaknyga.lt\/produktas\/laisvas-kritimas-ciklo-tuneliai-3-ioji-knyga\/","url":"https:\/\/skaitytaknyga.lt\/produktas\/laisvas-kritimas-ciklo-tuneliai-3-ioji-knyga\/","name":"Laisvas kritimas. Ciklo \u201eTuneliai\u201c 3-ioji knyga","isPartOf":{"@id":"https:\/\/skaitytaknyga.lt\/#website"},"primaryImageOfPage":{"@id":"https:\/\/skaitytaknyga.lt\/produktas\/laisvas-kritimas-ciklo-tuneliai-3-ioji-knyga\/#primaryimage"},"image":{"@id":"https:\/\/skaitytaknyga.lt\/produktas\/laisvas-kritimas-ciklo-tuneliai-3-ioji-knyga\/#primaryimage"},"thumbnailUrl":"https:\/\/skaitytaknyga.lt\/wp-content\/uploads\/2025\/06\/Laisvas-kritimas.-Ciklo-\u201eTuneliai-3-ioji-knyga.webp","datePublished":"2025-06-11T10:52:07+00:00","dateModified":"2025-06-12T04:59:21+00:00","description":"Skaitomiausi\u0173 knyg\u0173 \u201eTuneliai\u201c ir \u201eGilyb\u0117s\u201c tre\u010dioji dalis. Joje su\u017einosite, kas nutiko pagrindiniams veik\u0117jams \u2013 Vilui, \u010cesteriui, Eliot ir katinui","breadcrumb":{"@id":"https:\/\/skaitytaknyga.lt\/produktas\/laisvas-kritimas-ciklo-tuneliai-3-ioji-knyga\/#breadcrumb"},"inLanguage":"en-GB","potentialAction":[{"@type":"ReadAction","target":["https:\/\/skaitytaknyga.lt\/produktas\/laisvas-kritimas-ciklo-tuneliai-3-ioji-knyga\/"]}]},{"@type":"ImageObject","inLanguage":"en-GB","@id":"https:\/\/skaitytaknyga.lt\/produktas\/laisvas-kritimas-ciklo-tuneliai-3-ioji-knyga\/#primaryimage","url":"https:\/\/skaitytaknyga.lt\/wp-content\/uploads\/2025\/06\/Laisvas-kritimas.-Ciklo-\u201eTuneliai-3-ioji-knyga.webp","contentUrl":"https:\/\/skaitytaknyga.lt\/wp-content\/uploads\/2025\/06\/Laisvas-kritimas.-Ciklo-\u201eTuneliai-3-ioji-knyga.webp","width":539,"height":801,"caption":"Laisvas kritimas. Ciklo \u201eTuneliai\u201c 3-ioji knyga"},{"@type":"BreadcrumbList","@id":"https:\/\/skaitytaknyga.lt\/produktas\/laisvas-kritimas-ciklo-tuneliai-3-ioji-knyga\/#breadcrumb","itemListElement":[{"@type":"ListItem","position":1,"name":"Home","item":"https:\/\/skaitytaknyga.lt\/"},{"@type":"ListItem","position":2,"name":"Parduotuv\u0117","item":"https:\/\/skaitytaknyga.lt\/knygu-parduotuve\/"},{"@type":"ListItem","position":3,"name":"Laisvas kritimas. Ciklo \u201eTuneliai\u201c 3-ioji knyga"}]},{"@type":"WebSite","@id":"https:\/\/skaitytaknyga.lt\/#website","url":"https:\/\/skaitytaknyga.lt\/","name":"skaitytaknyga.lt","description":"Skaitytaknyga.lt \u2013 tai ma\u017eas \u0161eimos verslas, kuris prasid\u0117jo nuo meil\u0117s knygoms ir siekio i\u0161gelb\u0117ti knygas nuo likimo prie konteinerio. Kas vienam nereikalingas daiktas \u2013 kitam lobis, o mes esame tarpininkai, kurie padeda abiems tapti laimingesniems ???? \u017dinome kaip nelengva i\u0161gyventi ma\u017eiems verslams, tad nuo \u0161iol, \u010dia rasite ir kit\u0173, ma\u017e\u0173 \u0161eim\u0173 versl\u0173, rank\u0173 darbo, dovan\u0173 sau ir artimiesiems.","publisher":{"@id":"https:\/\/skaitytaknyga.lt\/#organization"},"potentialAction":[{"@type":"SearchAction","target":{"@type":"EntryPoint","urlTemplate":"https:\/\/skaitytaknyga.lt\/?s={search_term_string}"},"query-input":{"@type":"PropertyValueSpecification","valueRequired":true,"valueName":"search_term_string"}}],"inLanguage":"en-GB"},{"@type":"Organization","@id":"https:\/\/skaitytaknyga.lt\/#organization","name":"skaitytaknyga.lt","url":"https:\/\/skaitytaknyga.lt\/","logo":{"@type":"ImageObject","inLanguage":"en-GB","@id":"https:\/\/skaitytaknyga.lt\/#\/schema\/logo\/image\/","url":"https:\/\/skaitytaknyga.lt\/wp-content\/uploads\/2024\/05\/cropped-cropped-cropped-02_00843_jt3bggkj1j3HLc7SyY6rEUpg.jpeg","contentUrl":"https:\/\/skaitytaknyga.lt\/wp-content\/uploads\/2024\/05\/cropped-cropped-cropped-02_00843_jt3bggkj1j3HLc7SyY6rEUpg.jpeg","width":1600,"height":1600,"caption":"skaitytaknyga.lt"},"image":{"@id":"https:\/\/skaitytaknyga.lt\/#\/schema\/logo\/image\/"},"sameAs":["https:\/\/www.facebook.com\/skaitytaknyga\/"]}]}},"_links":{"self":[{"href":"https:\/\/skaitytaknyga.lt\/en\/wp-json\/wp\/v2\/product\/18800","targetHints":{"allow":["GET"]}}],"collection":[{"href":"https:\/\/skaitytaknyga.lt\/en\/wp-json\/wp\/v2\/product"}],"about":[{"href":"https:\/\/skaitytaknyga.lt\/en\/wp-json\/wp\/v2\/types\/product"}],"replies":[{"embeddable":true,"href":"https:\/\/skaitytaknyga.lt\/en\/wp-json\/wp\/v2\/comments?post=18800"}],"wp:featuredmedia":[{"embeddable":true,"href":"https:\/\/skaitytaknyga.lt\/en\/wp-json\/wp\/v2\/media\/18803"}],"wp:attachment":[{"href":"https:\/\/skaitytaknyga.lt\/en\/wp-json\/wp\/v2\/media?parent=18800"}],"wp:term":[{"taxonomy":"product_brand","embeddable":true,"href":"https:\/\/skaitytaknyga.lt\/en\/wp-json\/wp\/v2\/product_brand?post=18800"},{"taxonomy":"product_cat","embeddable":true,"href":"https:\/\/skaitytaknyga.lt\/en\/wp-json\/wp\/v2\/product_cat?post=18800"},{"taxonomy":"product_tag","embeddable":true,"href":"https:\/\/skaitytaknyga.lt\/en\/wp-json\/wp\/v2\/product_tag?post=18800"}],"curies":[{"name":"wp","href":"https:\/\/api.w.org\/{rel}","templated":true}]}}