{"id":18795,"date":"2025-06-11T13:43:08","date_gmt":"2025-06-11T10:43:08","guid":{"rendered":"https:\/\/skaitytaknyga.lt\/?post_type=product&#038;p=18795"},"modified":"2026-03-05T11:54:25","modified_gmt":"2026-03-05T09:54:25","slug":"dienorasciai-1945-1977-patamseje-lapai-matosi-skaitymo-zymes","status":"publish","type":"product","link":"https:\/\/skaitytaknyga.lt\/en\/produktas\/dienorasciai-1945-1977-patamseje-lapai-matosi-skaitymo-zymes\/","title":{"rendered":"Dienora\u0161\u010diai 1945-1977 (patams\u0117j\u0119 lapai, matosi skaitymo \u017eym\u0117s)"},"content":{"rendered":"<p>Dienora\u0161\u010dio \u017eanras \u012fdomus nelyg detektyvas &#8211; \u010dia paslaptis, intriga, tikri konfliktai, atpa\u017e\u012fstami persona\u017eai, tiesos ie\u0161kojimas. Literat9rologas Vytautas Kubilius (1926-2004) dienora\u0161t\u012f ra\u0161\u0117 penkiasde\u0161imt met\u0173. \u0160iuos vienatv\u0117s valand\u0173 u\u017era\u0161us galima skaityti kaip autenti\u0161k\u0105 sovietme\u010dio dokument\u0105. Kaip literat\u016bros istorij\u0105, kurioje veikia k\u016br\u0117jai, o ne j\u0173 tekstai. Kaip autopsichologin\u0119 studij\u0105 apie re\u017eimo primestus i\u0161bandymus ir kompromis\u0173 kain\u0105. Vytaut\u0105 Kubili\u0173 pa\u017einojome energing\u0105, \u017eval\u0173, nuolat skubant\u012f, ironi\u0161k\u0105, komunikabil\u0173. Dvide\u0161imties knyg\u0173 autorius atrod\u0117 pasitikintis savimi ir buvo negin\u010dijamas autoritetas. Ir \u0161tai Dienora\u0161\u010diuose i\u0161kyla nereg\u0117ta slaptoji pus\u0117 \u2013 jautrus, pa\u017eeid\u017eiamas, pilnas prie\u0161taravim\u0173 rezignuojantis skeptikas. Informatyvi ir kontroversi\u0161ka knyga tur\u0117t\u0173 sujudinti kult\u016bros bendruomen\u0119.<\/p>\n","protected":false},"excerpt":{"rendered":"<p>Dienora\u0161\u010dio \u017eanras \u012fdomus nelyg detektyvas &#8211; \u010dia paslaptis, intriga, tikri konfliktai, atpa\u017e\u012fstami persona\u017eai, tiesos ie\u0161kojimas. Literat9rologas Vytautas Kubilius (1926-2004) dienora\u0161t\u012f ra\u0161\u0117 penkiasde\u0161imt met\u0173. \u0160iuos vienatv\u0117s valand\u0173 u\u017era\u0161us galima skaityti kaip autenti\u0161k\u0105 sovietme\u010dio dokument\u0105. Kaip literat\u016bros istorij\u0105, kurioje veikia k\u016br\u0117jai, o ne j\u0173 tekstai. Kaip autopsichologin\u0119 studij\u0105 apie re\u017eimo primestus i\u0161bandymus ir kompromis\u0173 kain\u0105. Vytaut\u0105 Kubili\u0173 pa\u017einojome energing\u0105, \u017eval\u0173, nuolat skubant\u012f, ironi\u0161k\u0105, komunikabil\u0173. Dvide\u0161imties knyg\u0173 autorius atrod\u0117 pasitikintis savimi ir buvo negin\u010dijamas autoritetas. Ir \u0161tai Dienora\u0161\u010diuose i\u0161kyla nereg\u0117ta slaptoji pus\u0117 \u2013 jautrus, pa\u017eeid\u017eiamas, pilnas prie\u0161taravim\u0173 rezignuojantis skeptikas. Informatyvi ir kontroversi\u0161ka knyga tur\u0117t\u0173 sujudinti kult\u016bros bendruomen\u0119.<\/p>\n","protected":false},"featured_media":18802,"comment_status":"open","ping_status":"closed","template":"","meta":{"_acf_changed":false,"site-sidebar-layout":"default","site-content-layout":"","ast-site-content-layout":"default","site-content-style":"default","site-sidebar-style":"default","ast-global-header-display":"","ast-banner-title-visibility":"","ast-main-header-display":"","ast-hfb-above-header-display":"","ast-hfb-below-header-display":"","ast-hfb-mobile-header-display":"","site-post-title":"","ast-breadcrumbs-content":"","ast-featured-img":"","footer-sml-layout":"","ast-disable-related-posts":"","theme-transparent-header-meta":"","adv-header-id-meta":"","stick-header-meta":"","header-above-stick-meta":"","header-main-stick-meta":"","header-below-stick-meta":"","astra-migrate-meta-layouts":"default","ast-page-background-enabled":"default","ast-page-background-meta":{"desktop":{"background-color":"","background-image":"","background-repeat":"repeat","background-position":"center center","background-size":"auto","background-attachment":"scroll","background-type":"","background-media":"","overlay-type":"","overlay-color":"","overlay-opacity":"","overlay-gradient":""},"tablet":{"background-color":"","background-image":"","background-repeat":"repeat","background-position":"center center","background-size":"auto","background-attachment":"scroll","background-type":"","background-media":"","overlay-type":"","overlay-color":"","overlay-opacity":"","overlay-gradient":""},"mobile":{"background-color":"","background-image":"","background-repeat":"repeat","background-position":"center center","background-size":"auto","background-attachment":"scroll","background-type":"","background-media":"","overlay-type":"","overlay-color":"","overlay-opacity":"","overlay-gradient":""}},"ast-content-background-meta":{"desktop":{"background-color":"var(--ast-global-color-4)","background-image":"","background-repeat":"repeat","background-position":"center center","background-size":"auto","background-attachment":"scroll","background-type":"","background-media":"","overlay-type":"","overlay-color":"","overlay-opacity":"","overlay-gradient":""},"tablet":{"background-color":"var(--ast-global-color-4)","background-image":"","background-repeat":"repeat","background-position":"center center","background-size":"auto","background-attachment":"scroll","background-type":"","background-media":"","overlay-type":"","overlay-color":"","overlay-opacity":"","overlay-gradient":""},"mobile":{"background-color":"var(--ast-global-color-4)","background-image":"","background-repeat":"repeat","background-position":"center center","background-size":"auto","background-attachment":"scroll","background-type":"","background-media":"","overlay-type":"","overlay-color":"","overlay-opacity":"","overlay-gradient":""}}},"product_brand":[],"product_cat":[33],"product_tag":[2692,3916,3962,2376,1492,1749,5134],"class_list":{"0":"post-18795","1":"product","2":"type-product","3":"status-publish","4":"has-post-thumbnail","6":"product_cat-biografijos","7":"product_tag-autobiografija","8":"product_tag-dienorastis","9":"product_tag-intelektualai","10":"product_tag-kultura","11":"product_tag-literatura","12":"product_tag-sovietmetis","13":"product_tag-vytautas-kubilius","14":"desktop-align-left","15":"tablet-align-left","16":"mobile-align-left","18":"first","19":"outofstock","20":"shipping-taxable","21":"purchasable","22":"product-type-simple"},"acf":[],"yoast_head":"<!-- This site is optimized with the Yoast SEO plugin v27.0 - https:\/\/yoast.com\/product\/yoast-seo-wordpress\/ -->\n<title>Dienora\u0161\u010diai 1945-1977 (patams\u0117j\u0119 lapai, matosi skaitymo \u017eym\u0117s)<\/title>\n<meta name=\"description\" content=\"Dienora\u0161\u010dio \u017eanras \u012fdomus nelyg detektyvas - \u010dia paslaptis, intriga, tikri konfliktai, atpa\u017e\u012fstami persona\u017eai, tiesos ie\u0161kojimas. Literat9rologas Vytautas\" \/>\n<meta name=\"robots\" content=\"index, follow, max-snippet:-1, max-image-preview:large, max-video-preview:-1\" \/>\n<link rel=\"canonical\" href=\"https:\/\/skaitytaknyga.lt\/en\/produktas\/dienorasciai-1945-1977-patamseje-lapai-matosi-skaitymo-zymes\/\" \/>\n<meta property=\"og:locale\" content=\"en_GB\" \/>\n<meta property=\"og:locale:alternate\" content=\"lt_LT\" \/>\n<meta property=\"og:type\" content=\"article\" \/>\n<meta property=\"og:title\" content=\"Dienora\u0161\u010diai 1945-1977 (patams\u0117j\u0119 lapai, matosi skaitymo \u017eym\u0117s)\" \/>\n<meta property=\"og:description\" content=\"Dienora\u0161\u010dio \u017eanras \u012fdomus nelyg detektyvas - \u010dia paslaptis, intriga, tikri konfliktai, atpa\u017e\u012fstami persona\u017eai, tiesos ie\u0161kojimas. Literat9rologas Vytautas\" \/>\n<meta property=\"og:url\" content=\"https:\/\/skaitytaknyga.lt\/en\/produktas\/dienorasciai-1945-1977-patamseje-lapai-matosi-skaitymo-zymes\/\" \/>\n<meta property=\"og:site_name\" content=\"Skaitytaknyga\" \/>\n<meta property=\"article:publisher\" content=\"https:\/\/www.facebook.com\/skaitytaknyga\/\" \/>\n<meta property=\"article:modified_time\" content=\"2026-03-05T09:54:25+00:00\" \/>\n<meta property=\"og:image\" content=\"https:\/\/skaitytaknyga.lt\/wp-content\/uploads\/2025\/06\/Dienorasciai-1945-1977-e1749639163678.jpg\" \/>\n\t<meta property=\"og:image:width\" content=\"365\" \/>\n\t<meta property=\"og:image:height\" content=\"513\" \/>\n\t<meta property=\"og:image:type\" content=\"image\/jpeg\" \/>\n<meta name=\"twitter:card\" content=\"summary_large_image\" \/>\n<meta name=\"twitter:label1\" content=\"Estimated reading time\" \/>\n\t<meta name=\"twitter:data1\" content=\"1 minute\" \/>\n<script type=\"application\/ld+json\" class=\"yoast-schema-graph\">{\"@context\":\"https:\/\/schema.org\",\"@graph\":[{\"@type\":\"WebPage\",\"@id\":\"https:\/\/skaitytaknyga.lt\/produktas\/dienorasciai-1945-1977-patamseje-lapai-matosi-skaitymo-zymes\/\",\"url\":\"https:\/\/skaitytaknyga.lt\/produktas\/dienorasciai-1945-1977-patamseje-lapai-matosi-skaitymo-zymes\/\",\"name\":\"Dienora\u0161\u010diai 1945-1977 (patams\u0117j\u0119 lapai, matosi skaitymo \u017eym\u0117s)\",\"isPartOf\":{\"@id\":\"https:\/\/skaitytaknyga.lt\/#website\"},\"primaryImageOfPage\":{\"@id\":\"https:\/\/skaitytaknyga.lt\/produktas\/dienorasciai-1945-1977-patamseje-lapai-matosi-skaitymo-zymes\/#primaryimage\"},\"image\":{\"@id\":\"https:\/\/skaitytaknyga.lt\/produktas\/dienorasciai-1945-1977-patamseje-lapai-matosi-skaitymo-zymes\/#primaryimage\"},\"thumbnailUrl\":\"https:\/\/skaitytaknyga.lt\/wp-content\/uploads\/2025\/06\/Dienorasciai-1945-1977-e1749639163678.jpg\",\"datePublished\":\"2025-06-11T10:43:08+00:00\",\"dateModified\":\"2026-03-05T09:54:25+00:00\",\"description\":\"Dienora\u0161\u010dio \u017eanras \u012fdomus nelyg detektyvas - \u010dia paslaptis, intriga, tikri konfliktai, atpa\u017e\u012fstami persona\u017eai, tiesos ie\u0161kojimas. Literat9rologas Vytautas\",\"breadcrumb\":{\"@id\":\"https:\/\/skaitytaknyga.lt\/produktas\/dienorasciai-1945-1977-patamseje-lapai-matosi-skaitymo-zymes\/#breadcrumb\"},\"inLanguage\":\"en-GB\",\"potentialAction\":[{\"@type\":\"ReadAction\",\"target\":[\"https:\/\/skaitytaknyga.lt\/produktas\/dienorasciai-1945-1977-patamseje-lapai-matosi-skaitymo-zymes\/\"]}]},{\"@type\":\"ImageObject\",\"inLanguage\":\"en-GB\",\"@id\":\"https:\/\/skaitytaknyga.lt\/produktas\/dienorasciai-1945-1977-patamseje-lapai-matosi-skaitymo-zymes\/#primaryimage\",\"url\":\"https:\/\/skaitytaknyga.lt\/wp-content\/uploads\/2025\/06\/Dienorasciai-1945-1977-e1749639163678.jpg\",\"contentUrl\":\"https:\/\/skaitytaknyga.lt\/wp-content\/uploads\/2025\/06\/Dienorasciai-1945-1977-e1749639163678.jpg\",\"width\":365,\"height\":513},{\"@type\":\"BreadcrumbList\",\"@id\":\"https:\/\/skaitytaknyga.lt\/produktas\/dienorasciai-1945-1977-patamseje-lapai-matosi-skaitymo-zymes\/#breadcrumb\",\"itemListElement\":[{\"@type\":\"ListItem\",\"position\":1,\"name\":\"Home\",\"item\":\"https:\/\/skaitytaknyga.lt\/\"},{\"@type\":\"ListItem\",\"position\":2,\"name\":\"Parduotuv\u0117\",\"item\":\"https:\/\/skaitytaknyga.lt\/knygu-parduotuve\/\"},{\"@type\":\"ListItem\",\"position\":3,\"name\":\"Dienora\u0161\u010diai 1945-1977 (patams\u0117j\u0119 lapai, matosi skaitymo \u017eym\u0117s)\"}]},{\"@type\":\"WebSite\",\"@id\":\"https:\/\/skaitytaknyga.lt\/#website\",\"url\":\"https:\/\/skaitytaknyga.lt\/\",\"name\":\"skaitytaknyga.lt\",\"description\":\"Skaitytaknyga.lt \u2013 tai ma\u017eas \u0161eimos verslas, kuris prasid\u0117jo nuo meil\u0117s knygoms ir siekio i\u0161gelb\u0117ti knygas nuo likimo prie konteinerio. Kas vienam nereikalingas daiktas \u2013 kitam lobis, o mes esame tarpininkai, kurie padeda abiems tapti laimingesniems ???? \u017dinome kaip nelengva i\u0161gyventi ma\u017eiems verslams, tad nuo \u0161iol, \u010dia rasite ir kit\u0173, ma\u017e\u0173 \u0161eim\u0173 versl\u0173, rank\u0173 darbo, dovan\u0173 sau ir artimiesiems.\",\"publisher\":{\"@id\":\"https:\/\/skaitytaknyga.lt\/#organization\"},\"potentialAction\":[{\"@type\":\"SearchAction\",\"target\":{\"@type\":\"EntryPoint\",\"urlTemplate\":\"https:\/\/skaitytaknyga.lt\/?s={search_term_string}\"},\"query-input\":{\"@type\":\"PropertyValueSpecification\",\"valueRequired\":true,\"valueName\":\"search_term_string\"}}],\"inLanguage\":\"en-GB\"},{\"@type\":\"Organization\",\"@id\":\"https:\/\/skaitytaknyga.lt\/#organization\",\"name\":\"skaitytaknyga.lt\",\"url\":\"https:\/\/skaitytaknyga.lt\/\",\"logo\":{\"@type\":\"ImageObject\",\"inLanguage\":\"en-GB\",\"@id\":\"https:\/\/skaitytaknyga.lt\/#\/schema\/logo\/image\/\",\"url\":\"https:\/\/skaitytaknyga.lt\/wp-content\/uploads\/2024\/05\/cropped-cropped-cropped-02_00843_jt3bggkj1j3HLc7SyY6rEUpg.jpeg\",\"contentUrl\":\"https:\/\/skaitytaknyga.lt\/wp-content\/uploads\/2024\/05\/cropped-cropped-cropped-02_00843_jt3bggkj1j3HLc7SyY6rEUpg.jpeg\",\"width\":1600,\"height\":1600,\"caption\":\"skaitytaknyga.lt\"},\"image\":{\"@id\":\"https:\/\/skaitytaknyga.lt\/#\/schema\/logo\/image\/\"},\"sameAs\":[\"https:\/\/www.facebook.com\/skaitytaknyga\/\"]}]}<\/script>\n<!-- \/ Yoast SEO plugin. -->","yoast_head_json":{"title":"Dienora\u0161\u010diai 1945-1977 (patams\u0117j\u0119 lapai, matosi skaitymo \u017eym\u0117s)","description":"Dienora\u0161\u010dio \u017eanras \u012fdomus nelyg detektyvas - \u010dia paslaptis, intriga, tikri konfliktai, atpa\u017e\u012fstami persona\u017eai, tiesos ie\u0161kojimas. Literat9rologas Vytautas","robots":{"index":"index","follow":"follow","max-snippet":"max-snippet:-1","max-image-preview":"max-image-preview:large","max-video-preview":"max-video-preview:-1"},"canonical":"https:\/\/skaitytaknyga.lt\/en\/produktas\/dienorasciai-1945-1977-patamseje-lapai-matosi-skaitymo-zymes\/","og_locale":"en_GB","og_type":"article","og_title":"[:lt]Dienora\u0161\u010diai 1945-1977 (patams\u0117j\u0119 lapai, matosi skaitymo \u017eym\u0117s)[:] - Skaitytaknyga","og_description":"Dienora\u0161\u010dio \u017eanras \u012fdomus nelyg detektyvas - \u010dia paslaptis, intriga, tikri konfliktai, atpa\u017e\u012fstami persona\u017eai, tiesos ie\u0161kojimas. Literat9rologas Vytautas","og_url":"https:\/\/skaitytaknyga.lt\/en\/produktas\/dienorasciai-1945-1977-patamseje-lapai-matosi-skaitymo-zymes\/","og_site_name":"Skaitytaknyga","article_publisher":"https:\/\/www.facebook.com\/skaitytaknyga\/","article_modified_time":"2026-03-05T09:54:25+00:00","og_image":[{"width":365,"height":513,"url":"https:\/\/skaitytaknyga.lt\/wp-content\/uploads\/2025\/06\/Dienorasciai-1945-1977-e1749639163678.jpg","type":"image\/jpeg"}],"twitter_card":"summary_large_image","twitter_misc":{"Estimated reading time":"1 minute"},"schema":{"@context":"https:\/\/schema.org","@graph":[{"@type":"WebPage","@id":"https:\/\/skaitytaknyga.lt\/produktas\/dienorasciai-1945-1977-patamseje-lapai-matosi-skaitymo-zymes\/","url":"https:\/\/skaitytaknyga.lt\/produktas\/dienorasciai-1945-1977-patamseje-lapai-matosi-skaitymo-zymes\/","name":"Dienora\u0161\u010diai 1945-1977 (patams\u0117j\u0119 lapai, matosi skaitymo \u017eym\u0117s)","isPartOf":{"@id":"https:\/\/skaitytaknyga.lt\/#website"},"primaryImageOfPage":{"@id":"https:\/\/skaitytaknyga.lt\/produktas\/dienorasciai-1945-1977-patamseje-lapai-matosi-skaitymo-zymes\/#primaryimage"},"image":{"@id":"https:\/\/skaitytaknyga.lt\/produktas\/dienorasciai-1945-1977-patamseje-lapai-matosi-skaitymo-zymes\/#primaryimage"},"thumbnailUrl":"https:\/\/skaitytaknyga.lt\/wp-content\/uploads\/2025\/06\/Dienorasciai-1945-1977-e1749639163678.jpg","datePublished":"2025-06-11T10:43:08+00:00","dateModified":"2026-03-05T09:54:25+00:00","description":"Dienora\u0161\u010dio \u017eanras \u012fdomus nelyg detektyvas - \u010dia paslaptis, intriga, tikri konfliktai, atpa\u017e\u012fstami persona\u017eai, tiesos ie\u0161kojimas. Literat9rologas Vytautas","breadcrumb":{"@id":"https:\/\/skaitytaknyga.lt\/produktas\/dienorasciai-1945-1977-patamseje-lapai-matosi-skaitymo-zymes\/#breadcrumb"},"inLanguage":"en-GB","potentialAction":[{"@type":"ReadAction","target":["https:\/\/skaitytaknyga.lt\/produktas\/dienorasciai-1945-1977-patamseje-lapai-matosi-skaitymo-zymes\/"]}]},{"@type":"ImageObject","inLanguage":"en-GB","@id":"https:\/\/skaitytaknyga.lt\/produktas\/dienorasciai-1945-1977-patamseje-lapai-matosi-skaitymo-zymes\/#primaryimage","url":"https:\/\/skaitytaknyga.lt\/wp-content\/uploads\/2025\/06\/Dienorasciai-1945-1977-e1749639163678.jpg","contentUrl":"https:\/\/skaitytaknyga.lt\/wp-content\/uploads\/2025\/06\/Dienorasciai-1945-1977-e1749639163678.jpg","width":365,"height":513},{"@type":"BreadcrumbList","@id":"https:\/\/skaitytaknyga.lt\/produktas\/dienorasciai-1945-1977-patamseje-lapai-matosi-skaitymo-zymes\/#breadcrumb","itemListElement":[{"@type":"ListItem","position":1,"name":"Home","item":"https:\/\/skaitytaknyga.lt\/"},{"@type":"ListItem","position":2,"name":"Parduotuv\u0117","item":"https:\/\/skaitytaknyga.lt\/knygu-parduotuve\/"},{"@type":"ListItem","position":3,"name":"Dienora\u0161\u010diai 1945-1977 (patams\u0117j\u0119 lapai, matosi skaitymo \u017eym\u0117s)"}]},{"@type":"WebSite","@id":"https:\/\/skaitytaknyga.lt\/#website","url":"https:\/\/skaitytaknyga.lt\/","name":"skaitytaknyga.lt","description":"Skaitytaknyga.lt \u2013 tai ma\u017eas \u0161eimos verslas, kuris prasid\u0117jo nuo meil\u0117s knygoms ir siekio i\u0161gelb\u0117ti knygas nuo likimo prie konteinerio. Kas vienam nereikalingas daiktas \u2013 kitam lobis, o mes esame tarpininkai, kurie padeda abiems tapti laimingesniems ???? \u017dinome kaip nelengva i\u0161gyventi ma\u017eiems verslams, tad nuo \u0161iol, \u010dia rasite ir kit\u0173, ma\u017e\u0173 \u0161eim\u0173 versl\u0173, rank\u0173 darbo, dovan\u0173 sau ir artimiesiems.","publisher":{"@id":"https:\/\/skaitytaknyga.lt\/#organization"},"potentialAction":[{"@type":"SearchAction","target":{"@type":"EntryPoint","urlTemplate":"https:\/\/skaitytaknyga.lt\/?s={search_term_string}"},"query-input":{"@type":"PropertyValueSpecification","valueRequired":true,"valueName":"search_term_string"}}],"inLanguage":"en-GB"},{"@type":"Organization","@id":"https:\/\/skaitytaknyga.lt\/#organization","name":"skaitytaknyga.lt","url":"https:\/\/skaitytaknyga.lt\/","logo":{"@type":"ImageObject","inLanguage":"en-GB","@id":"https:\/\/skaitytaknyga.lt\/#\/schema\/logo\/image\/","url":"https:\/\/skaitytaknyga.lt\/wp-content\/uploads\/2024\/05\/cropped-cropped-cropped-02_00843_jt3bggkj1j3HLc7SyY6rEUpg.jpeg","contentUrl":"https:\/\/skaitytaknyga.lt\/wp-content\/uploads\/2024\/05\/cropped-cropped-cropped-02_00843_jt3bggkj1j3HLc7SyY6rEUpg.jpeg","width":1600,"height":1600,"caption":"skaitytaknyga.lt"},"image":{"@id":"https:\/\/skaitytaknyga.lt\/#\/schema\/logo\/image\/"},"sameAs":["https:\/\/www.facebook.com\/skaitytaknyga\/"]}]}},"_links":{"self":[{"href":"https:\/\/skaitytaknyga.lt\/en\/wp-json\/wp\/v2\/product\/18795","targetHints":{"allow":["GET"]}}],"collection":[{"href":"https:\/\/skaitytaknyga.lt\/en\/wp-json\/wp\/v2\/product"}],"about":[{"href":"https:\/\/skaitytaknyga.lt\/en\/wp-json\/wp\/v2\/types\/product"}],"replies":[{"embeddable":true,"href":"https:\/\/skaitytaknyga.lt\/en\/wp-json\/wp\/v2\/comments?post=18795"}],"wp:featuredmedia":[{"embeddable":true,"href":"https:\/\/skaitytaknyga.lt\/en\/wp-json\/wp\/v2\/media\/18802"}],"wp:attachment":[{"href":"https:\/\/skaitytaknyga.lt\/en\/wp-json\/wp\/v2\/media?parent=18795"}],"wp:term":[{"taxonomy":"product_brand","embeddable":true,"href":"https:\/\/skaitytaknyga.lt\/en\/wp-json\/wp\/v2\/product_brand?post=18795"},{"taxonomy":"product_cat","embeddable":true,"href":"https:\/\/skaitytaknyga.lt\/en\/wp-json\/wp\/v2\/product_cat?post=18795"},{"taxonomy":"product_tag","embeddable":true,"href":"https:\/\/skaitytaknyga.lt\/en\/wp-json\/wp\/v2\/product_tag?post=18795"}],"curies":[{"name":"wp","href":"https:\/\/api.w.org\/{rel}","templated":true}]}}