{"id":18794,"date":"2025-06-11T13:43:08","date_gmt":"2025-06-11T10:43:08","guid":{"rendered":"https:\/\/skaitytaknyga.lt\/?post_type=product&#038;p=18794"},"modified":"2025-06-11T15:02:56","modified_gmt":"2025-06-11T12:02:56","slug":"dienorasciai-1978-2004-patamseje-lapai-matosi-skaitymo-zymes","status":"publish","type":"product","link":"https:\/\/skaitytaknyga.lt\/en\/produktas\/dienorasciai-1978-2004-patamseje-lapai-matosi-skaitymo-zymes\/","title":{"rendered":"Dienora\u0161\u010diai 1978-2004 (patams\u0117j\u0119 lapai, matosi skaitymo \u017eym\u0117s)"},"content":{"rendered":"<p>Literat\u016brologo V. Kubiliaus (1926-2004) vis\u0105 gyvenim\u0105 ra\u0161yt\u0173 dienora\u0161\u010di\u0173 t\u0119sinys intriguoja naujomis temomis. Autorius i\u0161kyla kaip pilietis, sociologas, valstyb\u0117s strategas revoliucin\u0117mis dienomis, \u201ekai \u012fvykiai aplenkia m\u016bs\u0173 m\u0105stym\u0105&#8221;.<\/p>\n<p>Dienora\u0161tyje slypi i\u0161tisa pastar\u0173j\u0173 de\u0161imtme\u010di\u0173 politikos ir kult\u016bros rei\u0161kini\u0173 enciklopedija. Sovietme\u010dio kult\u016bros tyr\u0117jams \u2013 \u010dia nei\u0161semiamos kasyklos, nes V. Kubilius nuolat reflektuoja netolim\u0105 praeit\u012f. Ypa\u010d \u012fnirtingai svarstoma k\u016brybini\u0173 \u017emoni\u0173 prisitaikymo drama ideologin\u0117s prievartos s\u0105lygomis, kompromis\u0173 kaina. Dienora\u0161\u010dio \u017eanras apnuogina ra\u0161an\u010diojo savivok\u0105 ir vidinius konfliktus, tod\u0117l tekstas kupinas ken\u010dian\u010dio \u017emogaus savigrau\u017eos ir minorini\u0173 gaid\u0173.<\/p>\n","protected":false},"excerpt":{"rendered":"<p>Literat\u016brologo V. Kubiliaus (1926-2004) vis\u0105 gyvenim\u0105 ra\u0161yt\u0173 dienora\u0161\u010di\u0173 t\u0119sinys intriguoja naujomis temomis. Autorius i\u0161kyla kaip pilietis, sociologas, valstyb\u0117s strategas revoliucin\u0117mis dienomis, \u201ekai \u012fvykiai aplenkia m\u016bs\u0173 m\u0105stym\u0105&#8221;. Dienora\u0161tyje slypi i\u0161tisa pastar\u0173j\u0173 de\u0161imtme\u010di\u0173 politikos ir kult\u016bros rei\u0161kini\u0173 enciklopedija. Sovietme\u010dio kult\u016bros tyr\u0117jams \u2013 \u010dia nei\u0161semiamos kasyklos, nes V. Kubilius nuolat reflektuoja netolim\u0105 praeit\u012f. Ypa\u010d \u012fnirtingai svarstoma k\u016brybini\u0173 \u017emoni\u0173 prisitaikymo drama ideologin\u0117s prievartos s\u0105lygomis, kompromis\u0173 kaina. Dienora\u0161\u010dio \u017eanras apnuogina ra\u0161an\u010diojo savivok\u0105 ir vidinius konfliktus, tod\u0117l tekstas kupinas ken\u010dian\u010dio \u017emogaus savigrau\u017eos ir minorini\u0173 gaid\u0173.<\/p>\n","protected":false},"featured_media":18799,"comment_status":"open","ping_status":"closed","template":"","meta":{"_acf_changed":false,"site-sidebar-layout":"default","site-content-layout":"","ast-site-content-layout":"default","site-content-style":"default","site-sidebar-style":"default","ast-global-header-display":"","ast-banner-title-visibility":"","ast-main-header-display":"","ast-hfb-above-header-display":"","ast-hfb-below-header-display":"","ast-hfb-mobile-header-display":"","site-post-title":"","ast-breadcrumbs-content":"","ast-featured-img":"","footer-sml-layout":"","ast-disable-related-posts":"","theme-transparent-header-meta":"","adv-header-id-meta":"","stick-header-meta":"","header-above-stick-meta":"","header-main-stick-meta":"","header-below-stick-meta":"","astra-migrate-meta-layouts":"default","ast-page-background-enabled":"default","ast-page-background-meta":{"desktop":{"background-color":"","background-image":"","background-repeat":"repeat","background-position":"center center","background-size":"auto","background-attachment":"scroll","background-type":"","background-media":"","overlay-type":"","overlay-color":"","overlay-opacity":"","overlay-gradient":""},"tablet":{"background-color":"","background-image":"","background-repeat":"repeat","background-position":"center center","background-size":"auto","background-attachment":"scroll","background-type":"","background-media":"","overlay-type":"","overlay-color":"","overlay-opacity":"","overlay-gradient":""},"mobile":{"background-color":"","background-image":"","background-repeat":"repeat","background-position":"center center","background-size":"auto","background-attachment":"scroll","background-type":"","background-media":"","overlay-type":"","overlay-color":"","overlay-opacity":"","overlay-gradient":""}},"ast-content-background-meta":{"desktop":{"background-color":"var(--ast-global-color-4)","background-image":"","background-repeat":"repeat","background-position":"center center","background-size":"auto","background-attachment":"scroll","background-type":"","background-media":"","overlay-type":"","overlay-color":"","overlay-opacity":"","overlay-gradient":""},"tablet":{"background-color":"var(--ast-global-color-4)","background-image":"","background-repeat":"repeat","background-position":"center center","background-size":"auto","background-attachment":"scroll","background-type":"","background-media":"","overlay-type":"","overlay-color":"","overlay-opacity":"","overlay-gradient":""},"mobile":{"background-color":"var(--ast-global-color-4)","background-image":"","background-repeat":"repeat","background-position":"center center","background-size":"auto","background-attachment":"scroll","background-type":"","background-media":"","overlay-type":"","overlay-color":"","overlay-opacity":"","overlay-gradient":""}}},"product_brand":[],"product_cat":[15],"product_tag":[5137,3916,5136,5135,1749,5134],"class_list":{"0":"post-18794","1":"product","2":"type-product","3":"status-publish","4":"has-post-thumbnail","6":"product_cat-uncategorized","7":"product_tag-autopsichologija","8":"product_tag-dienorastis","9":"product_tag-kompromisai","10":"product_tag-kulturos-politika","11":"product_tag-sovietmetis","12":"product_tag-vytautas-kubilius","13":"desktop-align-left","14":"tablet-align-left","15":"mobile-align-left","17":"first","18":"instock","19":"shipping-taxable","20":"purchasable","21":"product-type-simple"},"acf":[],"yoast_head":"<!-- This site is optimized with the Yoast SEO plugin v27.0 - https:\/\/yoast.com\/product\/yoast-seo-wordpress\/ -->\n<title>Dienora\u0161\u010diai 1978-2004 (patams\u0117j\u0119 lapai, matosi skaitymo \u017eym\u0117s)<\/title>\n<meta name=\"description\" content=\"Literat\u016brologo V. Kubiliaus (1926-2004) vis\u0105 gyvenim\u0105 ra\u0161yt\u0173 dienora\u0161\u010di\u0173 t\u0119sinys intriguoja naujomis temomis. Autorius i\u0161kyla kaip pilietis, sociologas,\" \/>\n<meta name=\"robots\" content=\"index, follow, max-snippet:-1, max-image-preview:large, max-video-preview:-1\" \/>\n<link rel=\"canonical\" href=\"https:\/\/skaitytaknyga.lt\/en\/produktas\/dienorasciai-1978-2004-patamseje-lapai-matosi-skaitymo-zymes\/\" \/>\n<meta property=\"og:locale\" content=\"en_GB\" \/>\n<meta property=\"og:locale:alternate\" content=\"lt_LT\" \/>\n<meta property=\"og:type\" content=\"article\" \/>\n<meta property=\"og:title\" content=\"Dienora\u0161\u010diai 1978-2004 (patams\u0117j\u0119 lapai, matosi skaitymo \u017eym\u0117s)\" \/>\n<meta property=\"og:description\" content=\"Literat\u016brologo V. Kubiliaus (1926-2004) vis\u0105 gyvenim\u0105 ra\u0161yt\u0173 dienora\u0161\u010di\u0173 t\u0119sinys intriguoja naujomis temomis. Autorius i\u0161kyla kaip pilietis, sociologas,\" \/>\n<meta property=\"og:url\" content=\"https:\/\/skaitytaknyga.lt\/en\/produktas\/dienorasciai-1978-2004-patamseje-lapai-matosi-skaitymo-zymes\/\" \/>\n<meta property=\"og:site_name\" content=\"Skaitytaknyga\" \/>\n<meta property=\"article:publisher\" content=\"https:\/\/www.facebook.com\/skaitytaknyga\/\" \/>\n<meta property=\"article:modified_time\" content=\"2025-06-11T12:02:56+00:00\" \/>\n<meta property=\"og:image\" content=\"https:\/\/skaitytaknyga.lt\/wp-content\/uploads\/2025\/06\/Dienorasciai-1978-2004.jpg\" \/>\n\t<meta property=\"og:image:width\" content=\"600\" \/>\n\t<meta property=\"og:image:height\" content=\"942\" \/>\n\t<meta property=\"og:image:type\" content=\"image\/jpeg\" \/>\n<meta name=\"twitter:card\" content=\"summary_large_image\" \/>\n<meta name=\"twitter:label1\" content=\"Estimated reading time\" \/>\n\t<meta name=\"twitter:data1\" content=\"1 minute\" \/>\n<script type=\"application\/ld+json\" class=\"yoast-schema-graph\">{\"@context\":\"https:\/\/schema.org\",\"@graph\":[{\"@type\":\"WebPage\",\"@id\":\"https:\/\/skaitytaknyga.lt\/produktas\/dienorasciai-1978-2004-patamseje-lapai-matosi-skaitymo-zymes\/\",\"url\":\"https:\/\/skaitytaknyga.lt\/produktas\/dienorasciai-1978-2004-patamseje-lapai-matosi-skaitymo-zymes\/\",\"name\":\"Dienora\u0161\u010diai 1978-2004 (patams\u0117j\u0119 lapai, matosi skaitymo \u017eym\u0117s)\",\"isPartOf\":{\"@id\":\"https:\/\/skaitytaknyga.lt\/#website\"},\"primaryImageOfPage\":{\"@id\":\"https:\/\/skaitytaknyga.lt\/produktas\/dienorasciai-1978-2004-patamseje-lapai-matosi-skaitymo-zymes\/#primaryimage\"},\"image\":{\"@id\":\"https:\/\/skaitytaknyga.lt\/produktas\/dienorasciai-1978-2004-patamseje-lapai-matosi-skaitymo-zymes\/#primaryimage\"},\"thumbnailUrl\":\"https:\/\/skaitytaknyga.lt\/wp-content\/uploads\/2025\/06\/Dienorasciai-1978-2004.jpg\",\"datePublished\":\"2025-06-11T10:43:08+00:00\",\"dateModified\":\"2025-06-11T12:02:56+00:00\",\"description\":\"Literat\u016brologo V. Kubiliaus (1926-2004) vis\u0105 gyvenim\u0105 ra\u0161yt\u0173 dienora\u0161\u010di\u0173 t\u0119sinys intriguoja naujomis temomis. Autorius i\u0161kyla kaip pilietis, sociologas,\",\"breadcrumb\":{\"@id\":\"https:\/\/skaitytaknyga.lt\/produktas\/dienorasciai-1978-2004-patamseje-lapai-matosi-skaitymo-zymes\/#breadcrumb\"},\"inLanguage\":\"en-GB\",\"potentialAction\":[{\"@type\":\"ReadAction\",\"target\":[\"https:\/\/skaitytaknyga.lt\/produktas\/dienorasciai-1978-2004-patamseje-lapai-matosi-skaitymo-zymes\/\"]}]},{\"@type\":\"ImageObject\",\"inLanguage\":\"en-GB\",\"@id\":\"https:\/\/skaitytaknyga.lt\/produktas\/dienorasciai-1978-2004-patamseje-lapai-matosi-skaitymo-zymes\/#primaryimage\",\"url\":\"https:\/\/skaitytaknyga.lt\/wp-content\/uploads\/2025\/06\/Dienorasciai-1978-2004.jpg\",\"contentUrl\":\"https:\/\/skaitytaknyga.lt\/wp-content\/uploads\/2025\/06\/Dienorasciai-1978-2004.jpg\",\"width\":600,\"height\":942},{\"@type\":\"BreadcrumbList\",\"@id\":\"https:\/\/skaitytaknyga.lt\/produktas\/dienorasciai-1978-2004-patamseje-lapai-matosi-skaitymo-zymes\/#breadcrumb\",\"itemListElement\":[{\"@type\":\"ListItem\",\"position\":1,\"name\":\"Home\",\"item\":\"https:\/\/skaitytaknyga.lt\/\"},{\"@type\":\"ListItem\",\"position\":2,\"name\":\"Parduotuv\u0117\",\"item\":\"https:\/\/skaitytaknyga.lt\/knygu-parduotuve\/\"},{\"@type\":\"ListItem\",\"position\":3,\"name\":\"Dienora\u0161\u010diai 1978-2004 (patams\u0117j\u0119 lapai, matosi skaitymo \u017eym\u0117s)\"}]},{\"@type\":\"WebSite\",\"@id\":\"https:\/\/skaitytaknyga.lt\/#website\",\"url\":\"https:\/\/skaitytaknyga.lt\/\",\"name\":\"skaitytaknyga.lt\",\"description\":\"Skaitytaknyga.lt \u2013 tai ma\u017eas \u0161eimos verslas, kuris prasid\u0117jo nuo meil\u0117s knygoms ir siekio i\u0161gelb\u0117ti knygas nuo likimo prie konteinerio. Kas vienam nereikalingas daiktas \u2013 kitam lobis, o mes esame tarpininkai, kurie padeda abiems tapti laimingesniems ???? \u017dinome kaip nelengva i\u0161gyventi ma\u017eiems verslams, tad nuo \u0161iol, \u010dia rasite ir kit\u0173, ma\u017e\u0173 \u0161eim\u0173 versl\u0173, rank\u0173 darbo, dovan\u0173 sau ir artimiesiems.\",\"publisher\":{\"@id\":\"https:\/\/skaitytaknyga.lt\/#organization\"},\"potentialAction\":[{\"@type\":\"SearchAction\",\"target\":{\"@type\":\"EntryPoint\",\"urlTemplate\":\"https:\/\/skaitytaknyga.lt\/?s={search_term_string}\"},\"query-input\":{\"@type\":\"PropertyValueSpecification\",\"valueRequired\":true,\"valueName\":\"search_term_string\"}}],\"inLanguage\":\"en-GB\"},{\"@type\":\"Organization\",\"@id\":\"https:\/\/skaitytaknyga.lt\/#organization\",\"name\":\"skaitytaknyga.lt\",\"url\":\"https:\/\/skaitytaknyga.lt\/\",\"logo\":{\"@type\":\"ImageObject\",\"inLanguage\":\"en-GB\",\"@id\":\"https:\/\/skaitytaknyga.lt\/#\/schema\/logo\/image\/\",\"url\":\"https:\/\/skaitytaknyga.lt\/wp-content\/uploads\/2024\/05\/cropped-cropped-cropped-02_00843_jt3bggkj1j3HLc7SyY6rEUpg.jpeg\",\"contentUrl\":\"https:\/\/skaitytaknyga.lt\/wp-content\/uploads\/2024\/05\/cropped-cropped-cropped-02_00843_jt3bggkj1j3HLc7SyY6rEUpg.jpeg\",\"width\":1600,\"height\":1600,\"caption\":\"skaitytaknyga.lt\"},\"image\":{\"@id\":\"https:\/\/skaitytaknyga.lt\/#\/schema\/logo\/image\/\"},\"sameAs\":[\"https:\/\/www.facebook.com\/skaitytaknyga\/\"]}]}<\/script>\n<!-- \/ Yoast SEO plugin. -->","yoast_head_json":{"title":"Dienora\u0161\u010diai 1978-2004 (patams\u0117j\u0119 lapai, matosi skaitymo \u017eym\u0117s)","description":"Literat\u016brologo V. Kubiliaus (1926-2004) vis\u0105 gyvenim\u0105 ra\u0161yt\u0173 dienora\u0161\u010di\u0173 t\u0119sinys intriguoja naujomis temomis. Autorius i\u0161kyla kaip pilietis, sociologas,","robots":{"index":"index","follow":"follow","max-snippet":"max-snippet:-1","max-image-preview":"max-image-preview:large","max-video-preview":"max-video-preview:-1"},"canonical":"https:\/\/skaitytaknyga.lt\/en\/produktas\/dienorasciai-1978-2004-patamseje-lapai-matosi-skaitymo-zymes\/","og_locale":"en_GB","og_type":"article","og_title":"[:lt]Dienora\u0161\u010diai 1978-2004 (patams\u0117j\u0119 lapai, matosi skaitymo \u017eym\u0117s)[:] - Skaitytaknyga","og_description":"Literat\u016brologo V. Kubiliaus (1926-2004) vis\u0105 gyvenim\u0105 ra\u0161yt\u0173 dienora\u0161\u010di\u0173 t\u0119sinys intriguoja naujomis temomis. Autorius i\u0161kyla kaip pilietis, sociologas,","og_url":"https:\/\/skaitytaknyga.lt\/en\/produktas\/dienorasciai-1978-2004-patamseje-lapai-matosi-skaitymo-zymes\/","og_site_name":"Skaitytaknyga","article_publisher":"https:\/\/www.facebook.com\/skaitytaknyga\/","article_modified_time":"2025-06-11T12:02:56+00:00","og_image":[{"width":600,"height":942,"url":"https:\/\/skaitytaknyga.lt\/wp-content\/uploads\/2025\/06\/Dienorasciai-1978-2004.jpg","type":"image\/jpeg"}],"twitter_card":"summary_large_image","twitter_misc":{"Estimated reading time":"1 minute"},"schema":{"@context":"https:\/\/schema.org","@graph":[{"@type":"WebPage","@id":"https:\/\/skaitytaknyga.lt\/produktas\/dienorasciai-1978-2004-patamseje-lapai-matosi-skaitymo-zymes\/","url":"https:\/\/skaitytaknyga.lt\/produktas\/dienorasciai-1978-2004-patamseje-lapai-matosi-skaitymo-zymes\/","name":"Dienora\u0161\u010diai 1978-2004 (patams\u0117j\u0119 lapai, matosi skaitymo \u017eym\u0117s)","isPartOf":{"@id":"https:\/\/skaitytaknyga.lt\/#website"},"primaryImageOfPage":{"@id":"https:\/\/skaitytaknyga.lt\/produktas\/dienorasciai-1978-2004-patamseje-lapai-matosi-skaitymo-zymes\/#primaryimage"},"image":{"@id":"https:\/\/skaitytaknyga.lt\/produktas\/dienorasciai-1978-2004-patamseje-lapai-matosi-skaitymo-zymes\/#primaryimage"},"thumbnailUrl":"https:\/\/skaitytaknyga.lt\/wp-content\/uploads\/2025\/06\/Dienorasciai-1978-2004.jpg","datePublished":"2025-06-11T10:43:08+00:00","dateModified":"2025-06-11T12:02:56+00:00","description":"Literat\u016brologo V. Kubiliaus (1926-2004) vis\u0105 gyvenim\u0105 ra\u0161yt\u0173 dienora\u0161\u010di\u0173 t\u0119sinys intriguoja naujomis temomis. Autorius i\u0161kyla kaip pilietis, sociologas,","breadcrumb":{"@id":"https:\/\/skaitytaknyga.lt\/produktas\/dienorasciai-1978-2004-patamseje-lapai-matosi-skaitymo-zymes\/#breadcrumb"},"inLanguage":"en-GB","potentialAction":[{"@type":"ReadAction","target":["https:\/\/skaitytaknyga.lt\/produktas\/dienorasciai-1978-2004-patamseje-lapai-matosi-skaitymo-zymes\/"]}]},{"@type":"ImageObject","inLanguage":"en-GB","@id":"https:\/\/skaitytaknyga.lt\/produktas\/dienorasciai-1978-2004-patamseje-lapai-matosi-skaitymo-zymes\/#primaryimage","url":"https:\/\/skaitytaknyga.lt\/wp-content\/uploads\/2025\/06\/Dienorasciai-1978-2004.jpg","contentUrl":"https:\/\/skaitytaknyga.lt\/wp-content\/uploads\/2025\/06\/Dienorasciai-1978-2004.jpg","width":600,"height":942},{"@type":"BreadcrumbList","@id":"https:\/\/skaitytaknyga.lt\/produktas\/dienorasciai-1978-2004-patamseje-lapai-matosi-skaitymo-zymes\/#breadcrumb","itemListElement":[{"@type":"ListItem","position":1,"name":"Home","item":"https:\/\/skaitytaknyga.lt\/"},{"@type":"ListItem","position":2,"name":"Parduotuv\u0117","item":"https:\/\/skaitytaknyga.lt\/knygu-parduotuve\/"},{"@type":"ListItem","position":3,"name":"Dienora\u0161\u010diai 1978-2004 (patams\u0117j\u0119 lapai, matosi skaitymo \u017eym\u0117s)"}]},{"@type":"WebSite","@id":"https:\/\/skaitytaknyga.lt\/#website","url":"https:\/\/skaitytaknyga.lt\/","name":"skaitytaknyga.lt","description":"Skaitytaknyga.lt \u2013 tai ma\u017eas \u0161eimos verslas, kuris prasid\u0117jo nuo meil\u0117s knygoms ir siekio i\u0161gelb\u0117ti knygas nuo likimo prie konteinerio. Kas vienam nereikalingas daiktas \u2013 kitam lobis, o mes esame tarpininkai, kurie padeda abiems tapti laimingesniems ???? \u017dinome kaip nelengva i\u0161gyventi ma\u017eiems verslams, tad nuo \u0161iol, \u010dia rasite ir kit\u0173, ma\u017e\u0173 \u0161eim\u0173 versl\u0173, rank\u0173 darbo, dovan\u0173 sau ir artimiesiems.","publisher":{"@id":"https:\/\/skaitytaknyga.lt\/#organization"},"potentialAction":[{"@type":"SearchAction","target":{"@type":"EntryPoint","urlTemplate":"https:\/\/skaitytaknyga.lt\/?s={search_term_string}"},"query-input":{"@type":"PropertyValueSpecification","valueRequired":true,"valueName":"search_term_string"}}],"inLanguage":"en-GB"},{"@type":"Organization","@id":"https:\/\/skaitytaknyga.lt\/#organization","name":"skaitytaknyga.lt","url":"https:\/\/skaitytaknyga.lt\/","logo":{"@type":"ImageObject","inLanguage":"en-GB","@id":"https:\/\/skaitytaknyga.lt\/#\/schema\/logo\/image\/","url":"https:\/\/skaitytaknyga.lt\/wp-content\/uploads\/2024\/05\/cropped-cropped-cropped-02_00843_jt3bggkj1j3HLc7SyY6rEUpg.jpeg","contentUrl":"https:\/\/skaitytaknyga.lt\/wp-content\/uploads\/2024\/05\/cropped-cropped-cropped-02_00843_jt3bggkj1j3HLc7SyY6rEUpg.jpeg","width":1600,"height":1600,"caption":"skaitytaknyga.lt"},"image":{"@id":"https:\/\/skaitytaknyga.lt\/#\/schema\/logo\/image\/"},"sameAs":["https:\/\/www.facebook.com\/skaitytaknyga\/"]}]}},"_links":{"self":[{"href":"https:\/\/skaitytaknyga.lt\/en\/wp-json\/wp\/v2\/product\/18794","targetHints":{"allow":["GET"]}}],"collection":[{"href":"https:\/\/skaitytaknyga.lt\/en\/wp-json\/wp\/v2\/product"}],"about":[{"href":"https:\/\/skaitytaknyga.lt\/en\/wp-json\/wp\/v2\/types\/product"}],"replies":[{"embeddable":true,"href":"https:\/\/skaitytaknyga.lt\/en\/wp-json\/wp\/v2\/comments?post=18794"}],"wp:featuredmedia":[{"embeddable":true,"href":"https:\/\/skaitytaknyga.lt\/en\/wp-json\/wp\/v2\/media\/18799"}],"wp:attachment":[{"href":"https:\/\/skaitytaknyga.lt\/en\/wp-json\/wp\/v2\/media?parent=18794"}],"wp:term":[{"taxonomy":"product_brand","embeddable":true,"href":"https:\/\/skaitytaknyga.lt\/en\/wp-json\/wp\/v2\/product_brand?post=18794"},{"taxonomy":"product_cat","embeddable":true,"href":"https:\/\/skaitytaknyga.lt\/en\/wp-json\/wp\/v2\/product_cat?post=18794"},{"taxonomy":"product_tag","embeddable":true,"href":"https:\/\/skaitytaknyga.lt\/en\/wp-json\/wp\/v2\/product_tag?post=18794"}],"curies":[{"name":"wp","href":"https:\/\/api.w.org\/{rel}","templated":true}]}}