{"id":18793,"date":"2025-06-11T13:43:08","date_gmt":"2025-06-11T10:43:08","guid":{"rendered":"https:\/\/skaitytaknyga.lt\/?post_type=product&#038;p=18793"},"modified":"2026-03-18T11:08:12","modified_gmt":"2026-03-18T09:08:12","slug":"paslapties-ipedinis-su-defektu","status":"publish","type":"product","link":"https:\/\/skaitytaknyga.lt\/en\/produktas\/paslapties-ipedinis-su-defektu\/","title":{"rendered":"Paslapties \u012fp\u0117dinis (su defektu)"},"content":{"rendered":"<p>Ra\u0161yti \u0161\u012f k\u016brin\u012f Justina prad\u0117jo b\u016bdama dvylikos met\u0173, o baig\u0117 \u2013 keturiolikos. Pirmasis jos fantazij\u0173 romanas \u2013 apie g\u0117rio ir blogio kov\u0105. G\u0117rio, kaip ir m\u016bs\u0173 gyvenime, sutikite, yra daugiau, bet Blogis, \u017einoma, gudresnis ir stipresnis. Taigi burtinink\u0173 pasaulyje G\u0117rio kariai \u2013 Diev\u0173 Valdovas, gerosios deiv\u0117s ir burtininkai, karalien\u0117s ir vilka\u017emogiai \u2013 grumiasi su blogaisiais \u2013 pa\u010diu Blogio Valdovu, Tamsos Princese, Burt\u0173 K\u016br\u0117ju ir demonais. J\u0117g\u0173 pusiausvyra suardyta, nes kai kurios deiv\u0117s perb\u0117ga \u012f prie\u0161o stovykl\u0105. \u012edomu, kad dievi\u0161k\u0173j\u0173 sfer\u0173 veik\u0117jai prabyla \u0161iuolaikinio jaunimo kalba ir kaunasi kaip fantastiniuose trileriuose.<\/p>\n<p>Svarbiausia j\u0117ga, galinti lemti pergal\u0119, \u2013 berniukas i\u0161 \u017dem\u0117s, \u017euvusios deiv\u0117s Paslapties s\u016bnus \u010cinhu. Tai jis, G\u0117rio \u012ep\u0117dinis, turi \u012fveikti Blog\u012f. Bet ar \u012fveiks?<br \/>\nIntriguojantis \u0161maik\u0161tus pasakojimas saugo paslapt\u012f iki paskutini\u0173 knygos puslapi\u0173. Atsakymas \u012f klausim\u0105, kada pra\u017eus Blogis, \u2013 tikrai netik\u0117tas.<\/p>\n","protected":false},"excerpt":{"rendered":"<p>Ra\u0161yti \u0161\u012f k\u016brin\u012f Justina prad\u0117jo b\u016bdama dvylikos met\u0173, o baig\u0117 \u2013 keturiolikos. Pirmasis jos fantazij\u0173 romanas \u2013 apie g\u0117rio ir blogio kov\u0105. G\u0117rio, kaip ir m\u016bs\u0173 gyvenime, sutikite, yra daugiau, bet Blogis, \u017einoma, gudresnis ir stipresnis. Taigi burtinink\u0173 pasaulyje G\u0117rio kariai \u2013 Diev\u0173 Valdovas, gerosios deiv\u0117s ir burtininkai, karalien\u0117s ir vilka\u017emogiai \u2013 grumiasi su blogaisiais \u2013 pa\u010diu Blogio Valdovu, Tamsos Princese, Burt\u0173 K\u016br\u0117ju ir demonais. J\u0117g\u0173 pusiausvyra suardyta, nes kai kurios deiv\u0117s perb\u0117ga \u012f prie\u0161o stovykl\u0105. \u012edomu, kad dievi\u0161k\u0173j\u0173 sfer\u0173 veik\u0117jai prabyla \u0161iuolaikinio jaunimo kalba ir kaunasi kaip fantastiniuose trileriuose. Svarbiausia j\u0117ga, galinti lemti pergal\u0119, \u2013 berniukas i\u0161 \u017dem\u0117s, \u017euvusios deiv\u0117s Paslapties s\u016bnus \u010cinhu. Tai jis, G\u0117rio \u012ep\u0117dinis, turi \u012fveikti Blog\u012f. Bet ar \u012fveiks? Intriguojantis \u0161maik\u0161tus pasakojimas saugo paslapt\u012f iki paskutini\u0173 knygos puslapi\u0173. Atsakymas \u012f klausim\u0105, kada pra\u017eus Blogis, \u2013 tikrai netik\u0117tas.<\/p>\n","protected":false},"featured_media":18798,"comment_status":"open","ping_status":"closed","template":"","meta":{"_acf_changed":false,"site-sidebar-layout":"default","site-content-layout":"","ast-site-content-layout":"default","site-content-style":"default","site-sidebar-style":"default","ast-global-header-display":"","ast-banner-title-visibility":"","ast-main-header-display":"","ast-hfb-above-header-display":"","ast-hfb-below-header-display":"","ast-hfb-mobile-header-display":"","site-post-title":"","ast-breadcrumbs-content":"","ast-featured-img":"","footer-sml-layout":"","ast-disable-related-posts":"","theme-transparent-header-meta":"","adv-header-id-meta":"","stick-header-meta":"","header-above-stick-meta":"","header-main-stick-meta":"","header-below-stick-meta":"","astra-migrate-meta-layouts":"default","ast-page-background-enabled":"default","ast-page-background-meta":{"desktop":{"background-color":"","background-image":"","background-repeat":"repeat","background-position":"center center","background-size":"auto","background-attachment":"scroll","background-type":"","background-media":"","overlay-type":"","overlay-color":"","overlay-opacity":"","overlay-gradient":""},"tablet":{"background-color":"","background-image":"","background-repeat":"repeat","background-position":"center center","background-size":"auto","background-attachment":"scroll","background-type":"","background-media":"","overlay-type":"","overlay-color":"","overlay-opacity":"","overlay-gradient":""},"mobile":{"background-color":"","background-image":"","background-repeat":"repeat","background-position":"center center","background-size":"auto","background-attachment":"scroll","background-type":"","background-media":"","overlay-type":"","overlay-color":"","overlay-opacity":"","overlay-gradient":""}},"ast-content-background-meta":{"desktop":{"background-color":"var(--ast-global-color-4)","background-image":"","background-repeat":"repeat","background-position":"center center","background-size":"auto","background-attachment":"scroll","background-type":"","background-media":"","overlay-type":"","overlay-color":"","overlay-opacity":"","overlay-gradient":""},"tablet":{"background-color":"var(--ast-global-color-4)","background-image":"","background-repeat":"repeat","background-position":"center center","background-size":"auto","background-attachment":"scroll","background-type":"","background-media":"","overlay-type":"","overlay-color":"","overlay-opacity":"","overlay-gradient":""},"mobile":{"background-color":"var(--ast-global-color-4)","background-image":"","background-repeat":"repeat","background-position":"center center","background-size":"auto","background-attachment":"scroll","background-type":"","background-media":"","overlay-type":"","overlay-color":"","overlay-opacity":"","overlay-gradient":""}}},"product_brand":[],"product_cat":[9590,9734],"product_tag":[5133,2325,1504,5132,5131,1115,1451,4046],"class_list":{"0":"post-18793","1":"product","2":"type-product","3":"status-publish","4":"has-post-thumbnail","6":"product_cat-lietuviu-literatura","7":"product_cat-romanai","8":"product_tag-burtininkai","9":"product_tag-dievai","10":"product_tag-fantastika","11":"product_tag-gerio-ir-blogio-kova","12":"product_tag-justina","13":"product_tag-mitologija","14":"product_tag-nuotykiai","15":"product_tag-paaugliams","16":"desktop-align-left","17":"tablet-align-left","18":"mobile-align-left","20":"first","21":"instock","22":"shipping-taxable","23":"purchasable","24":"product-type-simple"},"acf":[],"yoast_head":"<!-- This site is optimized with the Yoast SEO plugin v27.0 - https:\/\/yoast.com\/product\/yoast-seo-wordpress\/ -->\n<title>Paslapties \u012fp\u0117dinis (su defektu)<\/title>\n<meta name=\"description\" content=\"Ra\u0161yti \u0161\u012f k\u016brin\u012f Justina prad\u0117jo b\u016bdama dvylikos met\u0173, o baig\u0117 \u2013 keturiolikos. Pirmasis jos fantazij\u0173 romanas \u2013 apie g\u0117rio ir blogio kov\u0105. G\u0117rio, kaip ir\" \/>\n<meta name=\"robots\" content=\"index, follow, max-snippet:-1, max-image-preview:large, max-video-preview:-1\" \/>\n<link rel=\"canonical\" href=\"https:\/\/skaitytaknyga.lt\/en\/produktas\/paslapties-ipedinis-su-defektu\/\" \/>\n<meta property=\"og:locale\" content=\"en_GB\" \/>\n<meta property=\"og:locale:alternate\" content=\"lt_LT\" \/>\n<meta property=\"og:type\" content=\"article\" \/>\n<meta property=\"og:title\" content=\"Paslapties \u012fp\u0117dinis (su defektu)\" \/>\n<meta property=\"og:description\" content=\"Ra\u0161yti \u0161\u012f k\u016brin\u012f Justina prad\u0117jo b\u016bdama dvylikos met\u0173, o baig\u0117 \u2013 keturiolikos. Pirmasis jos fantazij\u0173 romanas \u2013 apie g\u0117rio ir blogio kov\u0105. G\u0117rio, kaip ir\" \/>\n<meta property=\"og:url\" content=\"https:\/\/skaitytaknyga.lt\/en\/produktas\/paslapties-ipedinis-su-defektu\/\" \/>\n<meta property=\"og:site_name\" content=\"Skaitytaknyga\" \/>\n<meta property=\"article:publisher\" content=\"https:\/\/www.facebook.com\/skaitytaknyga\/\" \/>\n<meta property=\"article:modified_time\" content=\"2026-03-18T09:08:12+00:00\" \/>\n<meta property=\"og:image\" content=\"https:\/\/skaitytaknyga.lt\/wp-content\/uploads\/2025\/06\/Paslapties-ipedinis.webp\" \/>\n\t<meta property=\"og:image:width\" content=\"511\" \/>\n\t<meta property=\"og:image:height\" content=\"801\" \/>\n\t<meta property=\"og:image:type\" content=\"image\/webp\" \/>\n<meta name=\"twitter:card\" content=\"summary_large_image\" \/>\n<meta name=\"twitter:label1\" content=\"Estimated reading time\" \/>\n\t<meta name=\"twitter:data1\" content=\"1 minute\" \/>\n<script type=\"application\/ld+json\" class=\"yoast-schema-graph\">{\"@context\":\"https:\/\/schema.org\",\"@graph\":[{\"@type\":\"WebPage\",\"@id\":\"https:\/\/skaitytaknyga.lt\/produktas\/paslapties-ipedinis-su-defektu\/\",\"url\":\"https:\/\/skaitytaknyga.lt\/produktas\/paslapties-ipedinis-su-defektu\/\",\"name\":\"Paslapties \u012fp\u0117dinis (su defektu)\",\"isPartOf\":{\"@id\":\"https:\/\/skaitytaknyga.lt\/#website\"},\"primaryImageOfPage\":{\"@id\":\"https:\/\/skaitytaknyga.lt\/produktas\/paslapties-ipedinis-su-defektu\/#primaryimage\"},\"image\":{\"@id\":\"https:\/\/skaitytaknyga.lt\/produktas\/paslapties-ipedinis-su-defektu\/#primaryimage\"},\"thumbnailUrl\":\"https:\/\/skaitytaknyga.lt\/wp-content\/uploads\/2025\/06\/Paslapties-ipedinis.webp\",\"datePublished\":\"2025-06-11T10:43:08+00:00\",\"dateModified\":\"2026-03-18T09:08:12+00:00\",\"description\":\"Ra\u0161yti \u0161\u012f k\u016brin\u012f Justina prad\u0117jo b\u016bdama dvylikos met\u0173, o baig\u0117 \u2013 keturiolikos. Pirmasis jos fantazij\u0173 romanas \u2013 apie g\u0117rio ir blogio kov\u0105. G\u0117rio, kaip ir\",\"breadcrumb\":{\"@id\":\"https:\/\/skaitytaknyga.lt\/produktas\/paslapties-ipedinis-su-defektu\/#breadcrumb\"},\"inLanguage\":\"en-GB\",\"potentialAction\":[{\"@type\":\"ReadAction\",\"target\":[\"https:\/\/skaitytaknyga.lt\/produktas\/paslapties-ipedinis-su-defektu\/\"]}]},{\"@type\":\"ImageObject\",\"inLanguage\":\"en-GB\",\"@id\":\"https:\/\/skaitytaknyga.lt\/produktas\/paslapties-ipedinis-su-defektu\/#primaryimage\",\"url\":\"https:\/\/skaitytaknyga.lt\/wp-content\/uploads\/2025\/06\/Paslapties-ipedinis.webp\",\"contentUrl\":\"https:\/\/skaitytaknyga.lt\/wp-content\/uploads\/2025\/06\/Paslapties-ipedinis.webp\",\"width\":511,\"height\":801},{\"@type\":\"BreadcrumbList\",\"@id\":\"https:\/\/skaitytaknyga.lt\/produktas\/paslapties-ipedinis-su-defektu\/#breadcrumb\",\"itemListElement\":[{\"@type\":\"ListItem\",\"position\":1,\"name\":\"Home\",\"item\":\"https:\/\/skaitytaknyga.lt\/\"},{\"@type\":\"ListItem\",\"position\":2,\"name\":\"Parduotuv\u0117\",\"item\":\"https:\/\/skaitytaknyga.lt\/knygu-parduotuve\/\"},{\"@type\":\"ListItem\",\"position\":3,\"name\":\"Paslapties \u012fp\u0117dinis (su defektu)\"}]},{\"@type\":\"WebSite\",\"@id\":\"https:\/\/skaitytaknyga.lt\/#website\",\"url\":\"https:\/\/skaitytaknyga.lt\/\",\"name\":\"skaitytaknyga.lt\",\"description\":\"Skaitytaknyga.lt \u2013 tai ma\u017eas \u0161eimos verslas, kuris prasid\u0117jo nuo meil\u0117s knygoms ir siekio i\u0161gelb\u0117ti knygas nuo likimo prie konteinerio. Kas vienam nereikalingas daiktas \u2013 kitam lobis, o mes esame tarpininkai, kurie padeda abiems tapti laimingesniems ???? \u017dinome kaip nelengva i\u0161gyventi ma\u017eiems verslams, tad nuo \u0161iol, \u010dia rasite ir kit\u0173, ma\u017e\u0173 \u0161eim\u0173 versl\u0173, rank\u0173 darbo, dovan\u0173 sau ir artimiesiems.\",\"publisher\":{\"@id\":\"https:\/\/skaitytaknyga.lt\/#organization\"},\"potentialAction\":[{\"@type\":\"SearchAction\",\"target\":{\"@type\":\"EntryPoint\",\"urlTemplate\":\"https:\/\/skaitytaknyga.lt\/?s={search_term_string}\"},\"query-input\":{\"@type\":\"PropertyValueSpecification\",\"valueRequired\":true,\"valueName\":\"search_term_string\"}}],\"inLanguage\":\"en-GB\"},{\"@type\":\"Organization\",\"@id\":\"https:\/\/skaitytaknyga.lt\/#organization\",\"name\":\"skaitytaknyga.lt\",\"url\":\"https:\/\/skaitytaknyga.lt\/\",\"logo\":{\"@type\":\"ImageObject\",\"inLanguage\":\"en-GB\",\"@id\":\"https:\/\/skaitytaknyga.lt\/#\/schema\/logo\/image\/\",\"url\":\"https:\/\/skaitytaknyga.lt\/wp-content\/uploads\/2024\/05\/cropped-cropped-cropped-02_00843_jt3bggkj1j3HLc7SyY6rEUpg.jpeg\",\"contentUrl\":\"https:\/\/skaitytaknyga.lt\/wp-content\/uploads\/2024\/05\/cropped-cropped-cropped-02_00843_jt3bggkj1j3HLc7SyY6rEUpg.jpeg\",\"width\":1600,\"height\":1600,\"caption\":\"skaitytaknyga.lt\"},\"image\":{\"@id\":\"https:\/\/skaitytaknyga.lt\/#\/schema\/logo\/image\/\"},\"sameAs\":[\"https:\/\/www.facebook.com\/skaitytaknyga\/\"]}]}<\/script>\n<!-- \/ Yoast SEO plugin. -->","yoast_head_json":{"title":"Paslapties \u012fp\u0117dinis (su defektu)","description":"Ra\u0161yti \u0161\u012f k\u016brin\u012f Justina prad\u0117jo b\u016bdama dvylikos met\u0173, o baig\u0117 \u2013 keturiolikos. Pirmasis jos fantazij\u0173 romanas \u2013 apie g\u0117rio ir blogio kov\u0105. G\u0117rio, kaip ir","robots":{"index":"index","follow":"follow","max-snippet":"max-snippet:-1","max-image-preview":"max-image-preview:large","max-video-preview":"max-video-preview:-1"},"canonical":"https:\/\/skaitytaknyga.lt\/en\/produktas\/paslapties-ipedinis-su-defektu\/","og_locale":"en_GB","og_type":"article","og_title":"[:lt]Paslapties \u012fp\u0117dinis (su defektu)[:] - Skaitytaknyga","og_description":"Ra\u0161yti \u0161\u012f k\u016brin\u012f Justina prad\u0117jo b\u016bdama dvylikos met\u0173, o baig\u0117 \u2013 keturiolikos. Pirmasis jos fantazij\u0173 romanas \u2013 apie g\u0117rio ir blogio kov\u0105. G\u0117rio, kaip ir","og_url":"https:\/\/skaitytaknyga.lt\/en\/produktas\/paslapties-ipedinis-su-defektu\/","og_site_name":"Skaitytaknyga","article_publisher":"https:\/\/www.facebook.com\/skaitytaknyga\/","article_modified_time":"2026-03-18T09:08:12+00:00","og_image":[{"width":511,"height":801,"url":"https:\/\/skaitytaknyga.lt\/wp-content\/uploads\/2025\/06\/Paslapties-ipedinis.webp","type":"image\/webp"}],"twitter_card":"summary_large_image","twitter_misc":{"Estimated reading time":"1 minute"},"schema":{"@context":"https:\/\/schema.org","@graph":[{"@type":"WebPage","@id":"https:\/\/skaitytaknyga.lt\/produktas\/paslapties-ipedinis-su-defektu\/","url":"https:\/\/skaitytaknyga.lt\/produktas\/paslapties-ipedinis-su-defektu\/","name":"Paslapties \u012fp\u0117dinis (su defektu)","isPartOf":{"@id":"https:\/\/skaitytaknyga.lt\/#website"},"primaryImageOfPage":{"@id":"https:\/\/skaitytaknyga.lt\/produktas\/paslapties-ipedinis-su-defektu\/#primaryimage"},"image":{"@id":"https:\/\/skaitytaknyga.lt\/produktas\/paslapties-ipedinis-su-defektu\/#primaryimage"},"thumbnailUrl":"https:\/\/skaitytaknyga.lt\/wp-content\/uploads\/2025\/06\/Paslapties-ipedinis.webp","datePublished":"2025-06-11T10:43:08+00:00","dateModified":"2026-03-18T09:08:12+00:00","description":"Ra\u0161yti \u0161\u012f k\u016brin\u012f Justina prad\u0117jo b\u016bdama dvylikos met\u0173, o baig\u0117 \u2013 keturiolikos. Pirmasis jos fantazij\u0173 romanas \u2013 apie g\u0117rio ir blogio kov\u0105. G\u0117rio, kaip ir","breadcrumb":{"@id":"https:\/\/skaitytaknyga.lt\/produktas\/paslapties-ipedinis-su-defektu\/#breadcrumb"},"inLanguage":"en-GB","potentialAction":[{"@type":"ReadAction","target":["https:\/\/skaitytaknyga.lt\/produktas\/paslapties-ipedinis-su-defektu\/"]}]},{"@type":"ImageObject","inLanguage":"en-GB","@id":"https:\/\/skaitytaknyga.lt\/produktas\/paslapties-ipedinis-su-defektu\/#primaryimage","url":"https:\/\/skaitytaknyga.lt\/wp-content\/uploads\/2025\/06\/Paslapties-ipedinis.webp","contentUrl":"https:\/\/skaitytaknyga.lt\/wp-content\/uploads\/2025\/06\/Paslapties-ipedinis.webp","width":511,"height":801},{"@type":"BreadcrumbList","@id":"https:\/\/skaitytaknyga.lt\/produktas\/paslapties-ipedinis-su-defektu\/#breadcrumb","itemListElement":[{"@type":"ListItem","position":1,"name":"Home","item":"https:\/\/skaitytaknyga.lt\/"},{"@type":"ListItem","position":2,"name":"Parduotuv\u0117","item":"https:\/\/skaitytaknyga.lt\/knygu-parduotuve\/"},{"@type":"ListItem","position":3,"name":"Paslapties \u012fp\u0117dinis (su defektu)"}]},{"@type":"WebSite","@id":"https:\/\/skaitytaknyga.lt\/#website","url":"https:\/\/skaitytaknyga.lt\/","name":"skaitytaknyga.lt","description":"Skaitytaknyga.lt \u2013 tai ma\u017eas \u0161eimos verslas, kuris prasid\u0117jo nuo meil\u0117s knygoms ir siekio i\u0161gelb\u0117ti knygas nuo likimo prie konteinerio. Kas vienam nereikalingas daiktas \u2013 kitam lobis, o mes esame tarpininkai, kurie padeda abiems tapti laimingesniems ???? \u017dinome kaip nelengva i\u0161gyventi ma\u017eiems verslams, tad nuo \u0161iol, \u010dia rasite ir kit\u0173, ma\u017e\u0173 \u0161eim\u0173 versl\u0173, rank\u0173 darbo, dovan\u0173 sau ir artimiesiems.","publisher":{"@id":"https:\/\/skaitytaknyga.lt\/#organization"},"potentialAction":[{"@type":"SearchAction","target":{"@type":"EntryPoint","urlTemplate":"https:\/\/skaitytaknyga.lt\/?s={search_term_string}"},"query-input":{"@type":"PropertyValueSpecification","valueRequired":true,"valueName":"search_term_string"}}],"inLanguage":"en-GB"},{"@type":"Organization","@id":"https:\/\/skaitytaknyga.lt\/#organization","name":"skaitytaknyga.lt","url":"https:\/\/skaitytaknyga.lt\/","logo":{"@type":"ImageObject","inLanguage":"en-GB","@id":"https:\/\/skaitytaknyga.lt\/#\/schema\/logo\/image\/","url":"https:\/\/skaitytaknyga.lt\/wp-content\/uploads\/2024\/05\/cropped-cropped-cropped-02_00843_jt3bggkj1j3HLc7SyY6rEUpg.jpeg","contentUrl":"https:\/\/skaitytaknyga.lt\/wp-content\/uploads\/2024\/05\/cropped-cropped-cropped-02_00843_jt3bggkj1j3HLc7SyY6rEUpg.jpeg","width":1600,"height":1600,"caption":"skaitytaknyga.lt"},"image":{"@id":"https:\/\/skaitytaknyga.lt\/#\/schema\/logo\/image\/"},"sameAs":["https:\/\/www.facebook.com\/skaitytaknyga\/"]}]}},"_links":{"self":[{"href":"https:\/\/skaitytaknyga.lt\/en\/wp-json\/wp\/v2\/product\/18793","targetHints":{"allow":["GET"]}}],"collection":[{"href":"https:\/\/skaitytaknyga.lt\/en\/wp-json\/wp\/v2\/product"}],"about":[{"href":"https:\/\/skaitytaknyga.lt\/en\/wp-json\/wp\/v2\/types\/product"}],"replies":[{"embeddable":true,"href":"https:\/\/skaitytaknyga.lt\/en\/wp-json\/wp\/v2\/comments?post=18793"}],"wp:featuredmedia":[{"embeddable":true,"href":"https:\/\/skaitytaknyga.lt\/en\/wp-json\/wp\/v2\/media\/18798"}],"wp:attachment":[{"href":"https:\/\/skaitytaknyga.lt\/en\/wp-json\/wp\/v2\/media?parent=18793"}],"wp:term":[{"taxonomy":"product_brand","embeddable":true,"href":"https:\/\/skaitytaknyga.lt\/en\/wp-json\/wp\/v2\/product_brand?post=18793"},{"taxonomy":"product_cat","embeddable":true,"href":"https:\/\/skaitytaknyga.lt\/en\/wp-json\/wp\/v2\/product_cat?post=18793"},{"taxonomy":"product_tag","embeddable":true,"href":"https:\/\/skaitytaknyga.lt\/en\/wp-json\/wp\/v2\/product_tag?post=18793"}],"curies":[{"name":"wp","href":"https:\/\/api.w.org\/{rel}","templated":true}]}}