{"id":18792,"date":"2025-06-11T13:43:08","date_gmt":"2025-06-11T10:43:08","guid":{"rendered":"https:\/\/skaitytaknyga.lt\/?post_type=product&#038;p=18792"},"modified":"2025-11-09T13:45:22","modified_gmt":"2025-11-09T11:45:22","slug":"putino-mafijos-valstybe-kaip-rusija-netapo-demokratija","status":"publish","type":"product","link":"https:\/\/skaitytaknyga.lt\/en\/produktas\/putino-mafijos-valstybe-kaip-rusija-netapo-demokratija\/","title":{"rendered":"Putino mafijos valstyb\u0117. Kaip Rusija netapo demokratija"},"content":{"rendered":"<p>Vladimiro Putino prad\u0117tas karas prie\u0161 Ukrain\u0105 buvo logi\u0161kas Rusijoje susiformavusio politinio re\u017eimo veiksmas. To re\u017eimo negalima apib\u016bdinti kaip \u012fprasto autoritarizmo ar diktat\u016bros. Vengr\u0173 politologas Balintas Magyaras pateik\u0117 tiksliausi\u0105 tokio re\u017eimo apibr\u0117\u017eim\u0105, pavadindamas j\u012f mafijos valstybe. Ir jis ne vienintelis. 2015 m. vasar\u012f nu\u017eudytas Borisas Nemcovas yra tiesiai sak\u0119s, kad \u201ePutino Rusija \u2013 mafijos valstyb\u0117\u201c. Jam antrina ir buv\u0119s ilgametis Putino re\u017eimo kalinys Michailas Chodorkovskis, teigdamas, kad Putinas yra mafiozas, valdantis \u0161al\u012f kaip nusikalstam\u0105 sindikat\u0105. Daugelio ap\u017evalginink\u0173 manymu, Rusija yra teritorija, kurioje veikia mafijos \u012fstatymai, o \u0161iai valstybei b\u016bdingi visi mafijin\u0117s strukt\u016bros po\u017eymiai.<\/p>\n<p>\u0160ios knygos tikslas \u2013 i\u0161samiai panagrin\u0117ti, kaip Rusijoje susiformavo mafijos valstyb\u0117, apib\u016bdinti dabartin\u0119 mafijin\u0119 politikos sistem\u0105, i\u0161narplioti jos varomuosius mechanizmus ir suprasti, kaip ji vis dar i\u0161lieka gyvybinga.<\/p>\n","protected":false},"excerpt":{"rendered":"<p>Vladimiro Putino prad\u0117tas karas prie\u0161 Ukrain\u0105 buvo logi\u0161kas Rusijoje susiformavusio politinio re\u017eimo veiksmas. To re\u017eimo negalima apib\u016bdinti kaip \u012fprasto autoritarizmo ar diktat\u016bros. Vengr\u0173 politologas Balintas Magyaras pateik\u0117 tiksliausi\u0105 tokio re\u017eimo apibr\u0117\u017eim\u0105, pavadindamas j\u012f mafijos valstybe. Ir jis ne vienintelis. 2015 m. vasar\u012f nu\u017eudytas Borisas Nemcovas yra tiesiai sak\u0119s, kad \u201ePutino Rusija \u2013 mafijos valstyb\u0117\u201c. Jam antrina ir buv\u0119s ilgametis Putino re\u017eimo kalinys Michailas Chodorkovskis, teigdamas, kad Putinas yra mafiozas, valdantis \u0161al\u012f kaip nusikalstam\u0105 sindikat\u0105. Daugelio ap\u017evalginink\u0173 manymu, Rusija yra teritorija, kurioje veikia mafijos \u012fstatymai, o \u0161iai valstybei b\u016bdingi visi mafijin\u0117s strukt\u016bros po\u017eymiai. \u0160ios knygos tikslas \u2013 i\u0161samiai panagrin\u0117ti, kaip Rusijoje susiformavo mafijos valstyb\u0117, apib\u016bdinti dabartin\u0119 mafijin\u0119 politikos sistem\u0105, i\u0161narplioti jos varomuosius mechanizmus ir suprasti, kaip ji vis dar i\u0161lieka gyvybinga.<\/p>\n","protected":false},"featured_media":18797,"comment_status":"open","ping_status":"closed","template":"","meta":{"_acf_changed":false,"site-sidebar-layout":"default","site-content-layout":"","ast-site-content-layout":"default","site-content-style":"default","site-sidebar-style":"default","ast-global-header-display":"","ast-banner-title-visibility":"","ast-main-header-display":"","ast-hfb-above-header-display":"","ast-hfb-below-header-display":"","ast-hfb-mobile-header-display":"","site-post-title":"","ast-breadcrumbs-content":"","ast-featured-img":"","footer-sml-layout":"","ast-disable-related-posts":"","theme-transparent-header-meta":"","adv-header-id-meta":"","stick-header-meta":"","header-above-stick-meta":"","header-main-stick-meta":"","header-below-stick-meta":"","astra-migrate-meta-layouts":"default","ast-page-background-enabled":"default","ast-page-background-meta":{"desktop":{"background-color":"","background-image":"","background-repeat":"repeat","background-position":"center center","background-size":"auto","background-attachment":"scroll","background-type":"","background-media":"","overlay-type":"","overlay-color":"","overlay-opacity":"","overlay-gradient":""},"tablet":{"background-color":"","background-image":"","background-repeat":"repeat","background-position":"center center","background-size":"auto","background-attachment":"scroll","background-type":"","background-media":"","overlay-type":"","overlay-color":"","overlay-opacity":"","overlay-gradient":""},"mobile":{"background-color":"","background-image":"","background-repeat":"repeat","background-position":"center center","background-size":"auto","background-attachment":"scroll","background-type":"","background-media":"","overlay-type":"","overlay-color":"","overlay-opacity":"","overlay-gradient":""}},"ast-content-background-meta":{"desktop":{"background-color":"var(--ast-global-color-4)","background-image":"","background-repeat":"repeat","background-position":"center center","background-size":"auto","background-attachment":"scroll","background-type":"","background-media":"","overlay-type":"","overlay-color":"","overlay-opacity":"","overlay-gradient":""},"tablet":{"background-color":"var(--ast-global-color-4)","background-image":"","background-repeat":"repeat","background-position":"center center","background-size":"auto","background-attachment":"scroll","background-type":"","background-media":"","overlay-type":"","overlay-color":"","overlay-opacity":"","overlay-gradient":""},"mobile":{"background-color":"var(--ast-global-color-4)","background-image":"","background-repeat":"repeat","background-position":"center center","background-size":"auto","background-attachment":"scroll","background-type":"","background-media":"","overlay-type":"","overlay-color":"","overlay-opacity":"","overlay-gradient":""}}},"product_brand":[],"product_cat":[174],"product_tag":[5130,5128,2395,5129,2448,3244,2613,5127],"class_list":{"0":"post-18792","1":"product","2":"type-product","3":"status-publish","4":"has-post-thumbnail","6":"product_cat-istorija-ir-politologija","7":"product_tag-autoritarizmas","8":"product_tag-mafijos-valstybe","9":"product_tag-politika","10":"product_tag-rezimas","11":"product_tag-rusija","12":"product_tag-tyrimas","13":"product_tag-ukraina","14":"product_tag-vladimiras-putinas","15":"desktop-align-left","16":"tablet-align-left","17":"mobile-align-left","19":"first","20":"outofstock","21":"shipping-taxable","22":"purchasable","23":"product-type-simple"},"acf":[],"yoast_head":"<!-- This site is optimized with the Yoast SEO plugin v27.0 - https:\/\/yoast.com\/product\/yoast-seo-wordpress\/ -->\n<title>Putino mafijos valstyb\u0117. Kaip Rusija netapo demokratija<\/title>\n<meta name=\"description\" content=\"Vladimiro Putino prad\u0117tas karas prie\u0161 Ukrain\u0105 buvo logi\u0161kas Rusijoje susiformavusio politinio re\u017eimo veiksmas. To re\u017eimo negalima apib\u016bdinti kaip \u012fprasto\" \/>\n<meta name=\"robots\" content=\"index, follow, max-snippet:-1, max-image-preview:large, max-video-preview:-1\" \/>\n<link rel=\"canonical\" href=\"https:\/\/skaitytaknyga.lt\/en\/produktas\/putino-mafijos-valstybe-kaip-rusija-netapo-demokratija\/\" \/>\n<meta property=\"og:locale\" content=\"en_GB\" \/>\n<meta property=\"og:locale:alternate\" content=\"lt_LT\" \/>\n<meta property=\"og:type\" content=\"article\" \/>\n<meta property=\"og:title\" content=\"Putino mafijos valstyb\u0117. Kaip Rusija netapo demokratija\" \/>\n<meta property=\"og:description\" content=\"Vladimiro Putino prad\u0117tas karas prie\u0161 Ukrain\u0105 buvo logi\u0161kas Rusijoje susiformavusio politinio re\u017eimo veiksmas. To re\u017eimo negalima apib\u016bdinti kaip \u012fprasto\" \/>\n<meta property=\"og:url\" content=\"https:\/\/skaitytaknyga.lt\/en\/produktas\/putino-mafijos-valstybe-kaip-rusija-netapo-demokratija\/\" \/>\n<meta property=\"og:site_name\" content=\"Skaitytaknyga\" \/>\n<meta property=\"article:publisher\" content=\"https:\/\/www.facebook.com\/skaitytaknyga\/\" \/>\n<meta property=\"article:modified_time\" content=\"2025-11-09T11:45:22+00:00\" \/>\n<meta property=\"og:image\" content=\"https:\/\/skaitytaknyga.lt\/wp-content\/uploads\/2025\/06\/Putino-mafijos-valstybe.-Kaip-Rusija-netapo-demokratija.webp\" \/>\n\t<meta property=\"og:image:width\" content=\"568\" \/>\n\t<meta property=\"og:image:height\" content=\"801\" \/>\n\t<meta property=\"og:image:type\" content=\"image\/webp\" \/>\n<meta name=\"twitter:card\" content=\"summary_large_image\" \/>\n<meta name=\"twitter:label1\" content=\"Estimated reading time\" \/>\n\t<meta name=\"twitter:data1\" content=\"1 minute\" \/>\n<script type=\"application\/ld+json\" class=\"yoast-schema-graph\">{\"@context\":\"https:\/\/schema.org\",\"@graph\":[{\"@type\":\"WebPage\",\"@id\":\"https:\/\/skaitytaknyga.lt\/produktas\/putino-mafijos-valstybe-kaip-rusija-netapo-demokratija\/\",\"url\":\"https:\/\/skaitytaknyga.lt\/produktas\/putino-mafijos-valstybe-kaip-rusija-netapo-demokratija\/\",\"name\":\"Putino mafijos valstyb\u0117. Kaip Rusija netapo demokratija\",\"isPartOf\":{\"@id\":\"https:\/\/skaitytaknyga.lt\/#website\"},\"primaryImageOfPage\":{\"@id\":\"https:\/\/skaitytaknyga.lt\/produktas\/putino-mafijos-valstybe-kaip-rusija-netapo-demokratija\/#primaryimage\"},\"image\":{\"@id\":\"https:\/\/skaitytaknyga.lt\/produktas\/putino-mafijos-valstybe-kaip-rusija-netapo-demokratija\/#primaryimage\"},\"thumbnailUrl\":\"https:\/\/skaitytaknyga.lt\/wp-content\/uploads\/2025\/06\/Putino-mafijos-valstybe.-Kaip-Rusija-netapo-demokratija.webp\",\"datePublished\":\"2025-06-11T10:43:08+00:00\",\"dateModified\":\"2025-11-09T11:45:22+00:00\",\"description\":\"Vladimiro Putino prad\u0117tas karas prie\u0161 Ukrain\u0105 buvo logi\u0161kas Rusijoje susiformavusio politinio re\u017eimo veiksmas. To re\u017eimo negalima apib\u016bdinti kaip \u012fprasto\",\"breadcrumb\":{\"@id\":\"https:\/\/skaitytaknyga.lt\/produktas\/putino-mafijos-valstybe-kaip-rusija-netapo-demokratija\/#breadcrumb\"},\"inLanguage\":\"en-GB\",\"potentialAction\":[{\"@type\":\"ReadAction\",\"target\":[\"https:\/\/skaitytaknyga.lt\/produktas\/putino-mafijos-valstybe-kaip-rusija-netapo-demokratija\/\"]}]},{\"@type\":\"ImageObject\",\"inLanguage\":\"en-GB\",\"@id\":\"https:\/\/skaitytaknyga.lt\/produktas\/putino-mafijos-valstybe-kaip-rusija-netapo-demokratija\/#primaryimage\",\"url\":\"https:\/\/skaitytaknyga.lt\/wp-content\/uploads\/2025\/06\/Putino-mafijos-valstybe.-Kaip-Rusija-netapo-demokratija.webp\",\"contentUrl\":\"https:\/\/skaitytaknyga.lt\/wp-content\/uploads\/2025\/06\/Putino-mafijos-valstybe.-Kaip-Rusija-netapo-demokratija.webp\",\"width\":568,\"height\":801,\"caption\":\"Putino mafijos valstyb\u0117. Kaip Rusija netapo demokratija\"},{\"@type\":\"BreadcrumbList\",\"@id\":\"https:\/\/skaitytaknyga.lt\/produktas\/putino-mafijos-valstybe-kaip-rusija-netapo-demokratija\/#breadcrumb\",\"itemListElement\":[{\"@type\":\"ListItem\",\"position\":1,\"name\":\"Home\",\"item\":\"https:\/\/skaitytaknyga.lt\/\"},{\"@type\":\"ListItem\",\"position\":2,\"name\":\"Parduotuv\u0117\",\"item\":\"https:\/\/skaitytaknyga.lt\/knygu-parduotuve\/\"},{\"@type\":\"ListItem\",\"position\":3,\"name\":\"Putino mafijos valstyb\u0117. Kaip Rusija netapo demokratija\"}]},{\"@type\":\"WebSite\",\"@id\":\"https:\/\/skaitytaknyga.lt\/#website\",\"url\":\"https:\/\/skaitytaknyga.lt\/\",\"name\":\"skaitytaknyga.lt\",\"description\":\"Skaitytaknyga.lt \u2013 tai ma\u017eas \u0161eimos verslas, kuris prasid\u0117jo nuo meil\u0117s knygoms ir siekio i\u0161gelb\u0117ti knygas nuo likimo prie konteinerio. Kas vienam nereikalingas daiktas \u2013 kitam lobis, o mes esame tarpininkai, kurie padeda abiems tapti laimingesniems ???? \u017dinome kaip nelengva i\u0161gyventi ma\u017eiems verslams, tad nuo \u0161iol, \u010dia rasite ir kit\u0173, ma\u017e\u0173 \u0161eim\u0173 versl\u0173, rank\u0173 darbo, dovan\u0173 sau ir artimiesiems.\",\"publisher\":{\"@id\":\"https:\/\/skaitytaknyga.lt\/#organization\"},\"potentialAction\":[{\"@type\":\"SearchAction\",\"target\":{\"@type\":\"EntryPoint\",\"urlTemplate\":\"https:\/\/skaitytaknyga.lt\/?s={search_term_string}\"},\"query-input\":{\"@type\":\"PropertyValueSpecification\",\"valueRequired\":true,\"valueName\":\"search_term_string\"}}],\"inLanguage\":\"en-GB\"},{\"@type\":\"Organization\",\"@id\":\"https:\/\/skaitytaknyga.lt\/#organization\",\"name\":\"skaitytaknyga.lt\",\"url\":\"https:\/\/skaitytaknyga.lt\/\",\"logo\":{\"@type\":\"ImageObject\",\"inLanguage\":\"en-GB\",\"@id\":\"https:\/\/skaitytaknyga.lt\/#\/schema\/logo\/image\/\",\"url\":\"https:\/\/skaitytaknyga.lt\/wp-content\/uploads\/2024\/05\/cropped-cropped-cropped-02_00843_jt3bggkj1j3HLc7SyY6rEUpg.jpeg\",\"contentUrl\":\"https:\/\/skaitytaknyga.lt\/wp-content\/uploads\/2024\/05\/cropped-cropped-cropped-02_00843_jt3bggkj1j3HLc7SyY6rEUpg.jpeg\",\"width\":1600,\"height\":1600,\"caption\":\"skaitytaknyga.lt\"},\"image\":{\"@id\":\"https:\/\/skaitytaknyga.lt\/#\/schema\/logo\/image\/\"},\"sameAs\":[\"https:\/\/www.facebook.com\/skaitytaknyga\/\"]}]}<\/script>\n<!-- \/ Yoast SEO plugin. -->","yoast_head_json":{"title":"Putino mafijos valstyb\u0117. Kaip Rusija netapo demokratija","description":"Vladimiro Putino prad\u0117tas karas prie\u0161 Ukrain\u0105 buvo logi\u0161kas Rusijoje susiformavusio politinio re\u017eimo veiksmas. To re\u017eimo negalima apib\u016bdinti kaip \u012fprasto","robots":{"index":"index","follow":"follow","max-snippet":"max-snippet:-1","max-image-preview":"max-image-preview:large","max-video-preview":"max-video-preview:-1"},"canonical":"https:\/\/skaitytaknyga.lt\/en\/produktas\/putino-mafijos-valstybe-kaip-rusija-netapo-demokratija\/","og_locale":"en_GB","og_type":"article","og_title":"[:lt]Putino mafijos valstyb\u0117. Kaip Rusija netapo demokratija[:] - Skaitytaknyga","og_description":"Vladimiro Putino prad\u0117tas karas prie\u0161 Ukrain\u0105 buvo logi\u0161kas Rusijoje susiformavusio politinio re\u017eimo veiksmas. To re\u017eimo negalima apib\u016bdinti kaip \u012fprasto","og_url":"https:\/\/skaitytaknyga.lt\/en\/produktas\/putino-mafijos-valstybe-kaip-rusija-netapo-demokratija\/","og_site_name":"Skaitytaknyga","article_publisher":"https:\/\/www.facebook.com\/skaitytaknyga\/","article_modified_time":"2025-11-09T11:45:22+00:00","og_image":[{"width":568,"height":801,"url":"https:\/\/skaitytaknyga.lt\/wp-content\/uploads\/2025\/06\/Putino-mafijos-valstybe.-Kaip-Rusija-netapo-demokratija.webp","type":"image\/webp"}],"twitter_card":"summary_large_image","twitter_misc":{"Estimated reading time":"1 minute"},"schema":{"@context":"https:\/\/schema.org","@graph":[{"@type":"WebPage","@id":"https:\/\/skaitytaknyga.lt\/produktas\/putino-mafijos-valstybe-kaip-rusija-netapo-demokratija\/","url":"https:\/\/skaitytaknyga.lt\/produktas\/putino-mafijos-valstybe-kaip-rusija-netapo-demokratija\/","name":"Putino mafijos valstyb\u0117. Kaip Rusija netapo demokratija","isPartOf":{"@id":"https:\/\/skaitytaknyga.lt\/#website"},"primaryImageOfPage":{"@id":"https:\/\/skaitytaknyga.lt\/produktas\/putino-mafijos-valstybe-kaip-rusija-netapo-demokratija\/#primaryimage"},"image":{"@id":"https:\/\/skaitytaknyga.lt\/produktas\/putino-mafijos-valstybe-kaip-rusija-netapo-demokratija\/#primaryimage"},"thumbnailUrl":"https:\/\/skaitytaknyga.lt\/wp-content\/uploads\/2025\/06\/Putino-mafijos-valstybe.-Kaip-Rusija-netapo-demokratija.webp","datePublished":"2025-06-11T10:43:08+00:00","dateModified":"2025-11-09T11:45:22+00:00","description":"Vladimiro Putino prad\u0117tas karas prie\u0161 Ukrain\u0105 buvo logi\u0161kas Rusijoje susiformavusio politinio re\u017eimo veiksmas. To re\u017eimo negalima apib\u016bdinti kaip \u012fprasto","breadcrumb":{"@id":"https:\/\/skaitytaknyga.lt\/produktas\/putino-mafijos-valstybe-kaip-rusija-netapo-demokratija\/#breadcrumb"},"inLanguage":"en-GB","potentialAction":[{"@type":"ReadAction","target":["https:\/\/skaitytaknyga.lt\/produktas\/putino-mafijos-valstybe-kaip-rusija-netapo-demokratija\/"]}]},{"@type":"ImageObject","inLanguage":"en-GB","@id":"https:\/\/skaitytaknyga.lt\/produktas\/putino-mafijos-valstybe-kaip-rusija-netapo-demokratija\/#primaryimage","url":"https:\/\/skaitytaknyga.lt\/wp-content\/uploads\/2025\/06\/Putino-mafijos-valstybe.-Kaip-Rusija-netapo-demokratija.webp","contentUrl":"https:\/\/skaitytaknyga.lt\/wp-content\/uploads\/2025\/06\/Putino-mafijos-valstybe.-Kaip-Rusija-netapo-demokratija.webp","width":568,"height":801,"caption":"Putino mafijos valstyb\u0117. Kaip Rusija netapo demokratija"},{"@type":"BreadcrumbList","@id":"https:\/\/skaitytaknyga.lt\/produktas\/putino-mafijos-valstybe-kaip-rusija-netapo-demokratija\/#breadcrumb","itemListElement":[{"@type":"ListItem","position":1,"name":"Home","item":"https:\/\/skaitytaknyga.lt\/"},{"@type":"ListItem","position":2,"name":"Parduotuv\u0117","item":"https:\/\/skaitytaknyga.lt\/knygu-parduotuve\/"},{"@type":"ListItem","position":3,"name":"Putino mafijos valstyb\u0117. Kaip Rusija netapo demokratija"}]},{"@type":"WebSite","@id":"https:\/\/skaitytaknyga.lt\/#website","url":"https:\/\/skaitytaknyga.lt\/","name":"skaitytaknyga.lt","description":"Skaitytaknyga.lt \u2013 tai ma\u017eas \u0161eimos verslas, kuris prasid\u0117jo nuo meil\u0117s knygoms ir siekio i\u0161gelb\u0117ti knygas nuo likimo prie konteinerio. Kas vienam nereikalingas daiktas \u2013 kitam lobis, o mes esame tarpininkai, kurie padeda abiems tapti laimingesniems ???? \u017dinome kaip nelengva i\u0161gyventi ma\u017eiems verslams, tad nuo \u0161iol, \u010dia rasite ir kit\u0173, ma\u017e\u0173 \u0161eim\u0173 versl\u0173, rank\u0173 darbo, dovan\u0173 sau ir artimiesiems.","publisher":{"@id":"https:\/\/skaitytaknyga.lt\/#organization"},"potentialAction":[{"@type":"SearchAction","target":{"@type":"EntryPoint","urlTemplate":"https:\/\/skaitytaknyga.lt\/?s={search_term_string}"},"query-input":{"@type":"PropertyValueSpecification","valueRequired":true,"valueName":"search_term_string"}}],"inLanguage":"en-GB"},{"@type":"Organization","@id":"https:\/\/skaitytaknyga.lt\/#organization","name":"skaitytaknyga.lt","url":"https:\/\/skaitytaknyga.lt\/","logo":{"@type":"ImageObject","inLanguage":"en-GB","@id":"https:\/\/skaitytaknyga.lt\/#\/schema\/logo\/image\/","url":"https:\/\/skaitytaknyga.lt\/wp-content\/uploads\/2024\/05\/cropped-cropped-cropped-02_00843_jt3bggkj1j3HLc7SyY6rEUpg.jpeg","contentUrl":"https:\/\/skaitytaknyga.lt\/wp-content\/uploads\/2024\/05\/cropped-cropped-cropped-02_00843_jt3bggkj1j3HLc7SyY6rEUpg.jpeg","width":1600,"height":1600,"caption":"skaitytaknyga.lt"},"image":{"@id":"https:\/\/skaitytaknyga.lt\/#\/schema\/logo\/image\/"},"sameAs":["https:\/\/www.facebook.com\/skaitytaknyga\/"]}]}},"_links":{"self":[{"href":"https:\/\/skaitytaknyga.lt\/en\/wp-json\/wp\/v2\/product\/18792","targetHints":{"allow":["GET"]}}],"collection":[{"href":"https:\/\/skaitytaknyga.lt\/en\/wp-json\/wp\/v2\/product"}],"about":[{"href":"https:\/\/skaitytaknyga.lt\/en\/wp-json\/wp\/v2\/types\/product"}],"replies":[{"embeddable":true,"href":"https:\/\/skaitytaknyga.lt\/en\/wp-json\/wp\/v2\/comments?post=18792"}],"wp:featuredmedia":[{"embeddable":true,"href":"https:\/\/skaitytaknyga.lt\/en\/wp-json\/wp\/v2\/media\/18797"}],"wp:attachment":[{"href":"https:\/\/skaitytaknyga.lt\/en\/wp-json\/wp\/v2\/media?parent=18792"}],"wp:term":[{"taxonomy":"product_brand","embeddable":true,"href":"https:\/\/skaitytaknyga.lt\/en\/wp-json\/wp\/v2\/product_brand?post=18792"},{"taxonomy":"product_cat","embeddable":true,"href":"https:\/\/skaitytaknyga.lt\/en\/wp-json\/wp\/v2\/product_cat?post=18792"},{"taxonomy":"product_tag","embeddable":true,"href":"https:\/\/skaitytaknyga.lt\/en\/wp-json\/wp\/v2\/product_tag?post=18792"}],"curies":[{"name":"wp","href":"https:\/\/api.w.org\/{rel}","templated":true}]}}