{"id":18791,"date":"2025-06-11T13:43:07","date_gmt":"2025-06-11T10:43:07","guid":{"rendered":"https:\/\/skaitytaknyga.lt\/?post_type=product&#038;p=18791"},"modified":"2025-06-11T15:02:56","modified_gmt":"2025-06-11T12:02:56","slug":"karibu-piratai-ant-keistu-bangu-filmo-enciklopedija","status":"publish","type":"product","link":"https:\/\/skaitytaknyga.lt\/en\/produktas\/karibu-piratai-ant-keistu-bangu-filmo-enciklopedija\/","title":{"rendered":"Karib\u0173 Piratai. Ant keist\u0173 bang\u0173. Filmo enciklopedija"},"content":{"rendered":"<p>Sukurta pagal naujausi\u0105 \u201eKarib\u0173 pirat\u0173\u201c film\u0105! I\u0161tyrin\u0117k nepaprast\u0105 ir pavojing\u0105 pramu\u0161tgalvio D\u017eeko Sperou pasaul\u012f.<\/p>\n<p>Kartu su kapitonu D\u017eeku Sperou patirk pavojingiausius nuotykius, susitik su jo verta \u017eavinga pirate ir li\u016bdnai pagars\u0117jusiu piratu Juodabard\u017eiu.<\/p>\n<p>Ap\u017ei\u016br\u0117k siaub\u0105 keliant\u012f laiv\u0105 i\u0161 naujausio filmo ir susipa\u017eink su dar klaikesniais jo \u012fgulos nariais.<\/p>\n<p>\u012edomiausi filmo kadrai ir iliustracijos pad\u0117s kiekvienam \u201eKarib\u0173 pirat\u0173\u201c gerb\u0117jui nepaklysti j\u016br\u0173 platyb\u0117se!<\/p>\n","protected":false},"excerpt":{"rendered":"<p>Sukurta pagal naujausi\u0105 \u201eKarib\u0173 pirat\u0173\u201c film\u0105! I\u0161tyrin\u0117k nepaprast\u0105 ir pavojing\u0105 pramu\u0161tgalvio D\u017eeko Sperou pasaul\u012f. Kartu su kapitonu D\u017eeku Sperou patirk pavojingiausius nuotykius, susitik su jo verta \u017eavinga pirate ir li\u016bdnai pagars\u0117jusiu piratu Juodabard\u017eiu. Ap\u017ei\u016br\u0117k siaub\u0105 keliant\u012f laiv\u0105 i\u0161 naujausio filmo ir susipa\u017eink su dar klaikesniais jo \u012fgulos nariais. \u012edomiausi filmo kadrai ir iliustracijos pad\u0117s kiekvienam \u201eKarib\u0173 pirat\u0173\u201c gerb\u0117jui nepaklysti j\u016br\u0173 platyb\u0117se!<\/p>\n","protected":false},"featured_media":18796,"comment_status":"open","ping_status":"closed","template":"","meta":{"_acf_changed":false,"site-sidebar-layout":"default","site-content-layout":"","ast-site-content-layout":"default","site-content-style":"default","site-sidebar-style":"default","ast-global-header-display":"","ast-banner-title-visibility":"","ast-main-header-display":"","ast-hfb-above-header-display":"","ast-hfb-below-header-display":"","ast-hfb-mobile-header-display":"","site-post-title":"","ast-breadcrumbs-content":"","ast-featured-img":"","footer-sml-layout":"","ast-disable-related-posts":"","theme-transparent-header-meta":"","adv-header-id-meta":"","stick-header-meta":"","header-above-stick-meta":"","header-main-stick-meta":"","header-below-stick-meta":"","astra-migrate-meta-layouts":"default","ast-page-background-enabled":"default","ast-page-background-meta":{"desktop":{"background-color":"","background-image":"","background-repeat":"repeat","background-position":"center center","background-size":"auto","background-attachment":"scroll","background-type":"","background-media":"","overlay-type":"","overlay-color":"","overlay-opacity":"","overlay-gradient":""},"tablet":{"background-color":"","background-image":"","background-repeat":"repeat","background-position":"center center","background-size":"auto","background-attachment":"scroll","background-type":"","background-media":"","overlay-type":"","overlay-color":"","overlay-opacity":"","overlay-gradient":""},"mobile":{"background-color":"","background-image":"","background-repeat":"repeat","background-position":"center center","background-size":"auto","background-attachment":"scroll","background-type":"","background-media":"","overlay-type":"","overlay-color":"","overlay-opacity":"","overlay-gradient":""}},"ast-content-background-meta":{"desktop":{"background-color":"var(--ast-global-color-4)","background-image":"","background-repeat":"repeat","background-position":"center center","background-size":"auto","background-attachment":"scroll","background-type":"","background-media":"","overlay-type":"","overlay-color":"","overlay-opacity":"","overlay-gradient":""},"tablet":{"background-color":"var(--ast-global-color-4)","background-image":"","background-repeat":"repeat","background-position":"center center","background-size":"auto","background-attachment":"scroll","background-type":"","background-media":"","overlay-type":"","overlay-color":"","overlay-opacity":"","overlay-gradient":""},"mobile":{"background-color":"var(--ast-global-color-4)","background-image":"","background-repeat":"repeat","background-position":"center center","background-size":"auto","background-attachment":"scroll","background-type":"","background-media":"","overlay-type":"","overlay-color":"","overlay-opacity":"","overlay-gradient":""}}},"product_brand":[],"product_cat":[15],"product_tag":[5124,5126,1982,5125,4031,5123,1451,1785],"class_list":{"0":"post-18791","1":"product","2":"type-product","3":"status-publish","4":"has-post-thumbnail","6":"product_cat-uncategorized","7":"product_tag-dzekas-sperou","8":"product_tag-filmas","9":"product_tag-iliustracijos","10":"product_tag-juodabarzdis","11":"product_tag-jura","12":"product_tag-karibu-piratai","13":"product_tag-nuotykiai","14":"product_tag-vaikams","15":"desktop-align-left","16":"tablet-align-left","17":"mobile-align-left","19":"first","20":"instock","21":"shipping-taxable","22":"purchasable","23":"product-type-simple"},"acf":[],"yoast_head":"<!-- This site is optimized with the Yoast SEO plugin v27.0 - https:\/\/yoast.com\/product\/yoast-seo-wordpress\/ -->\n<title>Karib\u0173 Piratai. Ant keist\u0173 bang\u0173. Filmo enciklopedija<\/title>\n<meta name=\"description\" content=\"Sukurta pagal naujausi\u0105 \u201eKarib\u0173 pirat\u0173\u201c film\u0105! I\u0161tyrin\u0117k nepaprast\u0105 ir pavojing\u0105 pramu\u0161tgalvio D\u017eeko Sperou pasaul\u012f. Kartu su kapitonu D\u017eeku Sperou patirk\" \/>\n<meta name=\"robots\" content=\"index, follow, max-snippet:-1, max-image-preview:large, max-video-preview:-1\" \/>\n<link rel=\"canonical\" href=\"https:\/\/skaitytaknyga.lt\/en\/produktas\/karibu-piratai-ant-keistu-bangu-filmo-enciklopedija\/\" \/>\n<meta property=\"og:locale\" content=\"en_GB\" \/>\n<meta property=\"og:locale:alternate\" content=\"lt_LT\" \/>\n<meta property=\"og:type\" content=\"article\" \/>\n<meta property=\"og:title\" content=\"Karib\u0173 Piratai. Ant keist\u0173 bang\u0173. Filmo enciklopedija\" \/>\n<meta property=\"og:description\" content=\"Sukurta pagal naujausi\u0105 \u201eKarib\u0173 pirat\u0173\u201c film\u0105! I\u0161tyrin\u0117k nepaprast\u0105 ir pavojing\u0105 pramu\u0161tgalvio D\u017eeko Sperou pasaul\u012f. Kartu su kapitonu D\u017eeku Sperou patirk\" \/>\n<meta property=\"og:url\" content=\"https:\/\/skaitytaknyga.lt\/en\/produktas\/karibu-piratai-ant-keistu-bangu-filmo-enciklopedija\/\" \/>\n<meta property=\"og:site_name\" content=\"Skaitytaknyga\" \/>\n<meta property=\"article:publisher\" content=\"https:\/\/www.facebook.com\/skaitytaknyga\/\" \/>\n<meta property=\"article:modified_time\" content=\"2025-06-11T12:02:56+00:00\" \/>\n<meta property=\"og:image\" content=\"https:\/\/skaitytaknyga.lt\/wp-content\/uploads\/2025\/06\/Karibu-Piratai.-Ant-keistu-bangu.-Filmo-enciklopedija-e1749638776218.webp\" \/>\n\t<meta property=\"og:image:width\" content=\"385\" \/>\n\t<meta property=\"og:image:height\" content=\"462\" \/>\n\t<meta property=\"og:image:type\" content=\"image\/webp\" \/>\n<meta name=\"twitter:card\" content=\"summary_large_image\" \/>\n<script type=\"application\/ld+json\" class=\"yoast-schema-graph\">{\"@context\":\"https:\/\/schema.org\",\"@graph\":[{\"@type\":\"WebPage\",\"@id\":\"https:\/\/skaitytaknyga.lt\/produktas\/karibu-piratai-ant-keistu-bangu-filmo-enciklopedija\/\",\"url\":\"https:\/\/skaitytaknyga.lt\/produktas\/karibu-piratai-ant-keistu-bangu-filmo-enciklopedija\/\",\"name\":\"Karib\u0173 Piratai. Ant keist\u0173 bang\u0173. Filmo enciklopedija\",\"isPartOf\":{\"@id\":\"https:\/\/skaitytaknyga.lt\/#website\"},\"primaryImageOfPage\":{\"@id\":\"https:\/\/skaitytaknyga.lt\/produktas\/karibu-piratai-ant-keistu-bangu-filmo-enciklopedija\/#primaryimage\"},\"image\":{\"@id\":\"https:\/\/skaitytaknyga.lt\/produktas\/karibu-piratai-ant-keistu-bangu-filmo-enciklopedija\/#primaryimage\"},\"thumbnailUrl\":\"https:\/\/skaitytaknyga.lt\/wp-content\/uploads\/2025\/06\/Karibu-Piratai.-Ant-keistu-bangu.-Filmo-enciklopedija-e1749638776218.webp\",\"datePublished\":\"2025-06-11T10:43:07+00:00\",\"dateModified\":\"2025-06-11T12:02:56+00:00\",\"description\":\"Sukurta pagal naujausi\u0105 \u201eKarib\u0173 pirat\u0173\u201c film\u0105! I\u0161tyrin\u0117k nepaprast\u0105 ir pavojing\u0105 pramu\u0161tgalvio D\u017eeko Sperou pasaul\u012f. Kartu su kapitonu D\u017eeku Sperou patirk\",\"breadcrumb\":{\"@id\":\"https:\/\/skaitytaknyga.lt\/produktas\/karibu-piratai-ant-keistu-bangu-filmo-enciklopedija\/#breadcrumb\"},\"inLanguage\":\"en-GB\",\"potentialAction\":[{\"@type\":\"ReadAction\",\"target\":[\"https:\/\/skaitytaknyga.lt\/produktas\/karibu-piratai-ant-keistu-bangu-filmo-enciklopedija\/\"]}]},{\"@type\":\"ImageObject\",\"inLanguage\":\"en-GB\",\"@id\":\"https:\/\/skaitytaknyga.lt\/produktas\/karibu-piratai-ant-keistu-bangu-filmo-enciklopedija\/#primaryimage\",\"url\":\"https:\/\/skaitytaknyga.lt\/wp-content\/uploads\/2025\/06\/Karibu-Piratai.-Ant-keistu-bangu.-Filmo-enciklopedija-e1749638776218.webp\",\"contentUrl\":\"https:\/\/skaitytaknyga.lt\/wp-content\/uploads\/2025\/06\/Karibu-Piratai.-Ant-keistu-bangu.-Filmo-enciklopedija-e1749638776218.webp\",\"width\":385,\"height\":462,\"caption\":\"Sukurta pagal naujausi\u0105 \u201eKarib\u0173 pirat\u0173\u201c film\u0105! I\u0161tyrin\u0117k nepaprast\u0105 ir pavojing\u0105 pramu\u0161tgalvio D\u017eeko Sperou pasaul\u012f. Kartu su kapitonu D\u017eeku Sperou patirk pavojingiausius nuotykius, susitik su jo verta \u017eavinga pirate ir li\u016bdnai pagars\u0117jusiu piratu Juodabard\u017eiu. Ap\u017ei\u016br\u0117k siaub\u0105 keliant\u012f laiv\u0105 i\u0161 naujausio filmo ir susipa\u017eink su dar klaikesniais jo \u012fgulos nariais. \u012edomiausi filmo kadrai ir iliustracijos pad\u0117s kiekvienam \u201eKarib\u0173 pirat\u0173\u201c gerb\u0117jui nepaklysti j\u016br\u0173 platyb\u0117se!\"},{\"@type\":\"BreadcrumbList\",\"@id\":\"https:\/\/skaitytaknyga.lt\/produktas\/karibu-piratai-ant-keistu-bangu-filmo-enciklopedija\/#breadcrumb\",\"itemListElement\":[{\"@type\":\"ListItem\",\"position\":1,\"name\":\"Home\",\"item\":\"https:\/\/skaitytaknyga.lt\/\"},{\"@type\":\"ListItem\",\"position\":2,\"name\":\"Parduotuv\u0117\",\"item\":\"https:\/\/skaitytaknyga.lt\/knygu-parduotuve\/\"},{\"@type\":\"ListItem\",\"position\":3,\"name\":\"Karib\u0173 Piratai. Ant keist\u0173 bang\u0173. Filmo enciklopedija\"}]},{\"@type\":\"WebSite\",\"@id\":\"https:\/\/skaitytaknyga.lt\/#website\",\"url\":\"https:\/\/skaitytaknyga.lt\/\",\"name\":\"skaitytaknyga.lt\",\"description\":\"Skaitytaknyga.lt \u2013 tai ma\u017eas \u0161eimos verslas, kuris prasid\u0117jo nuo meil\u0117s knygoms ir siekio i\u0161gelb\u0117ti knygas nuo likimo prie konteinerio. Kas vienam nereikalingas daiktas \u2013 kitam lobis, o mes esame tarpininkai, kurie padeda abiems tapti laimingesniems ???? \u017dinome kaip nelengva i\u0161gyventi ma\u017eiems verslams, tad nuo \u0161iol, \u010dia rasite ir kit\u0173, ma\u017e\u0173 \u0161eim\u0173 versl\u0173, rank\u0173 darbo, dovan\u0173 sau ir artimiesiems.\",\"publisher\":{\"@id\":\"https:\/\/skaitytaknyga.lt\/#organization\"},\"potentialAction\":[{\"@type\":\"SearchAction\",\"target\":{\"@type\":\"EntryPoint\",\"urlTemplate\":\"https:\/\/skaitytaknyga.lt\/?s={search_term_string}\"},\"query-input\":{\"@type\":\"PropertyValueSpecification\",\"valueRequired\":true,\"valueName\":\"search_term_string\"}}],\"inLanguage\":\"en-GB\"},{\"@type\":\"Organization\",\"@id\":\"https:\/\/skaitytaknyga.lt\/#organization\",\"name\":\"skaitytaknyga.lt\",\"url\":\"https:\/\/skaitytaknyga.lt\/\",\"logo\":{\"@type\":\"ImageObject\",\"inLanguage\":\"en-GB\",\"@id\":\"https:\/\/skaitytaknyga.lt\/#\/schema\/logo\/image\/\",\"url\":\"https:\/\/skaitytaknyga.lt\/wp-content\/uploads\/2024\/05\/cropped-cropped-cropped-02_00843_jt3bggkj1j3HLc7SyY6rEUpg.jpeg\",\"contentUrl\":\"https:\/\/skaitytaknyga.lt\/wp-content\/uploads\/2024\/05\/cropped-cropped-cropped-02_00843_jt3bggkj1j3HLc7SyY6rEUpg.jpeg\",\"width\":1600,\"height\":1600,\"caption\":\"skaitytaknyga.lt\"},\"image\":{\"@id\":\"https:\/\/skaitytaknyga.lt\/#\/schema\/logo\/image\/\"},\"sameAs\":[\"https:\/\/www.facebook.com\/skaitytaknyga\/\"]}]}<\/script>\n<!-- \/ Yoast SEO plugin. -->","yoast_head_json":{"title":"Karib\u0173 Piratai. Ant keist\u0173 bang\u0173. Filmo enciklopedija","description":"Sukurta pagal naujausi\u0105 \u201eKarib\u0173 pirat\u0173\u201c film\u0105! I\u0161tyrin\u0117k nepaprast\u0105 ir pavojing\u0105 pramu\u0161tgalvio D\u017eeko Sperou pasaul\u012f. Kartu su kapitonu D\u017eeku Sperou patirk","robots":{"index":"index","follow":"follow","max-snippet":"max-snippet:-1","max-image-preview":"max-image-preview:large","max-video-preview":"max-video-preview:-1"},"canonical":"https:\/\/skaitytaknyga.lt\/en\/produktas\/karibu-piratai-ant-keistu-bangu-filmo-enciklopedija\/","og_locale":"en_GB","og_type":"article","og_title":"[:lt]Karib\u0173 Piratai. Ant keist\u0173 bang\u0173. Filmo enciklopedija[:] - Skaitytaknyga","og_description":"Sukurta pagal naujausi\u0105 \u201eKarib\u0173 pirat\u0173\u201c film\u0105! I\u0161tyrin\u0117k nepaprast\u0105 ir pavojing\u0105 pramu\u0161tgalvio D\u017eeko Sperou pasaul\u012f. Kartu su kapitonu D\u017eeku Sperou patirk","og_url":"https:\/\/skaitytaknyga.lt\/en\/produktas\/karibu-piratai-ant-keistu-bangu-filmo-enciklopedija\/","og_site_name":"Skaitytaknyga","article_publisher":"https:\/\/www.facebook.com\/skaitytaknyga\/","article_modified_time":"2025-06-11T12:02:56+00:00","og_image":[{"width":385,"height":462,"url":"https:\/\/skaitytaknyga.lt\/wp-content\/uploads\/2025\/06\/Karibu-Piratai.-Ant-keistu-bangu.-Filmo-enciklopedija-e1749638776218.webp","type":"image\/webp"}],"twitter_card":"summary_large_image","schema":{"@context":"https:\/\/schema.org","@graph":[{"@type":"WebPage","@id":"https:\/\/skaitytaknyga.lt\/produktas\/karibu-piratai-ant-keistu-bangu-filmo-enciklopedija\/","url":"https:\/\/skaitytaknyga.lt\/produktas\/karibu-piratai-ant-keistu-bangu-filmo-enciklopedija\/","name":"Karib\u0173 Piratai. Ant keist\u0173 bang\u0173. Filmo enciklopedija","isPartOf":{"@id":"https:\/\/skaitytaknyga.lt\/#website"},"primaryImageOfPage":{"@id":"https:\/\/skaitytaknyga.lt\/produktas\/karibu-piratai-ant-keistu-bangu-filmo-enciklopedija\/#primaryimage"},"image":{"@id":"https:\/\/skaitytaknyga.lt\/produktas\/karibu-piratai-ant-keistu-bangu-filmo-enciklopedija\/#primaryimage"},"thumbnailUrl":"https:\/\/skaitytaknyga.lt\/wp-content\/uploads\/2025\/06\/Karibu-Piratai.-Ant-keistu-bangu.-Filmo-enciklopedija-e1749638776218.webp","datePublished":"2025-06-11T10:43:07+00:00","dateModified":"2025-06-11T12:02:56+00:00","description":"Sukurta pagal naujausi\u0105 \u201eKarib\u0173 pirat\u0173\u201c film\u0105! I\u0161tyrin\u0117k nepaprast\u0105 ir pavojing\u0105 pramu\u0161tgalvio D\u017eeko Sperou pasaul\u012f. Kartu su kapitonu D\u017eeku Sperou patirk","breadcrumb":{"@id":"https:\/\/skaitytaknyga.lt\/produktas\/karibu-piratai-ant-keistu-bangu-filmo-enciklopedija\/#breadcrumb"},"inLanguage":"en-GB","potentialAction":[{"@type":"ReadAction","target":["https:\/\/skaitytaknyga.lt\/produktas\/karibu-piratai-ant-keistu-bangu-filmo-enciklopedija\/"]}]},{"@type":"ImageObject","inLanguage":"en-GB","@id":"https:\/\/skaitytaknyga.lt\/produktas\/karibu-piratai-ant-keistu-bangu-filmo-enciklopedija\/#primaryimage","url":"https:\/\/skaitytaknyga.lt\/wp-content\/uploads\/2025\/06\/Karibu-Piratai.-Ant-keistu-bangu.-Filmo-enciklopedija-e1749638776218.webp","contentUrl":"https:\/\/skaitytaknyga.lt\/wp-content\/uploads\/2025\/06\/Karibu-Piratai.-Ant-keistu-bangu.-Filmo-enciklopedija-e1749638776218.webp","width":385,"height":462,"caption":"Sukurta pagal naujausi\u0105 \u201eKarib\u0173 pirat\u0173\u201c film\u0105! I\u0161tyrin\u0117k nepaprast\u0105 ir pavojing\u0105 pramu\u0161tgalvio D\u017eeko Sperou pasaul\u012f. Kartu su kapitonu D\u017eeku Sperou patirk pavojingiausius nuotykius, susitik su jo verta \u017eavinga pirate ir li\u016bdnai pagars\u0117jusiu piratu Juodabard\u017eiu. Ap\u017ei\u016br\u0117k siaub\u0105 keliant\u012f laiv\u0105 i\u0161 naujausio filmo ir susipa\u017eink su dar klaikesniais jo \u012fgulos nariais. \u012edomiausi filmo kadrai ir iliustracijos pad\u0117s kiekvienam \u201eKarib\u0173 pirat\u0173\u201c gerb\u0117jui nepaklysti j\u016br\u0173 platyb\u0117se!"},{"@type":"BreadcrumbList","@id":"https:\/\/skaitytaknyga.lt\/produktas\/karibu-piratai-ant-keistu-bangu-filmo-enciklopedija\/#breadcrumb","itemListElement":[{"@type":"ListItem","position":1,"name":"Home","item":"https:\/\/skaitytaknyga.lt\/"},{"@type":"ListItem","position":2,"name":"Parduotuv\u0117","item":"https:\/\/skaitytaknyga.lt\/knygu-parduotuve\/"},{"@type":"ListItem","position":3,"name":"Karib\u0173 Piratai. Ant keist\u0173 bang\u0173. Filmo enciklopedija"}]},{"@type":"WebSite","@id":"https:\/\/skaitytaknyga.lt\/#website","url":"https:\/\/skaitytaknyga.lt\/","name":"skaitytaknyga.lt","description":"Skaitytaknyga.lt \u2013 tai ma\u017eas \u0161eimos verslas, kuris prasid\u0117jo nuo meil\u0117s knygoms ir siekio i\u0161gelb\u0117ti knygas nuo likimo prie konteinerio. Kas vienam nereikalingas daiktas \u2013 kitam lobis, o mes esame tarpininkai, kurie padeda abiems tapti laimingesniems ???? \u017dinome kaip nelengva i\u0161gyventi ma\u017eiems verslams, tad nuo \u0161iol, \u010dia rasite ir kit\u0173, ma\u017e\u0173 \u0161eim\u0173 versl\u0173, rank\u0173 darbo, dovan\u0173 sau ir artimiesiems.","publisher":{"@id":"https:\/\/skaitytaknyga.lt\/#organization"},"potentialAction":[{"@type":"SearchAction","target":{"@type":"EntryPoint","urlTemplate":"https:\/\/skaitytaknyga.lt\/?s={search_term_string}"},"query-input":{"@type":"PropertyValueSpecification","valueRequired":true,"valueName":"search_term_string"}}],"inLanguage":"en-GB"},{"@type":"Organization","@id":"https:\/\/skaitytaknyga.lt\/#organization","name":"skaitytaknyga.lt","url":"https:\/\/skaitytaknyga.lt\/","logo":{"@type":"ImageObject","inLanguage":"en-GB","@id":"https:\/\/skaitytaknyga.lt\/#\/schema\/logo\/image\/","url":"https:\/\/skaitytaknyga.lt\/wp-content\/uploads\/2024\/05\/cropped-cropped-cropped-02_00843_jt3bggkj1j3HLc7SyY6rEUpg.jpeg","contentUrl":"https:\/\/skaitytaknyga.lt\/wp-content\/uploads\/2024\/05\/cropped-cropped-cropped-02_00843_jt3bggkj1j3HLc7SyY6rEUpg.jpeg","width":1600,"height":1600,"caption":"skaitytaknyga.lt"},"image":{"@id":"https:\/\/skaitytaknyga.lt\/#\/schema\/logo\/image\/"},"sameAs":["https:\/\/www.facebook.com\/skaitytaknyga\/"]}]}},"_links":{"self":[{"href":"https:\/\/skaitytaknyga.lt\/en\/wp-json\/wp\/v2\/product\/18791","targetHints":{"allow":["GET"]}}],"collection":[{"href":"https:\/\/skaitytaknyga.lt\/en\/wp-json\/wp\/v2\/product"}],"about":[{"href":"https:\/\/skaitytaknyga.lt\/en\/wp-json\/wp\/v2\/types\/product"}],"replies":[{"embeddable":true,"href":"https:\/\/skaitytaknyga.lt\/en\/wp-json\/wp\/v2\/comments?post=18791"}],"wp:featuredmedia":[{"embeddable":true,"href":"https:\/\/skaitytaknyga.lt\/en\/wp-json\/wp\/v2\/media\/18796"}],"wp:attachment":[{"href":"https:\/\/skaitytaknyga.lt\/en\/wp-json\/wp\/v2\/media?parent=18791"}],"wp:term":[{"taxonomy":"product_brand","embeddable":true,"href":"https:\/\/skaitytaknyga.lt\/en\/wp-json\/wp\/v2\/product_brand?post=18791"},{"taxonomy":"product_cat","embeddable":true,"href":"https:\/\/skaitytaknyga.lt\/en\/wp-json\/wp\/v2\/product_cat?post=18791"},{"taxonomy":"product_tag","embeddable":true,"href":"https:\/\/skaitytaknyga.lt\/en\/wp-json\/wp\/v2\/product_tag?post=18791"}],"curies":[{"name":"wp","href":"https:\/\/api.w.org\/{rel}","templated":true}]}}