{"id":18784,"date":"2025-06-10T18:58:53","date_gmt":"2025-06-10T15:58:53","guid":{"rendered":"https:\/\/skaitytaknyga.lt\/?post_type=product&#038;p=18784"},"modified":"2025-07-07T09:26:34","modified_gmt":"2025-07-07T06:26:34","slug":"ankstesne-mergina","status":"publish","type":"product","link":"https:\/\/skaitytaknyga.lt\/en\/produktas\/ankstesne-mergina\/","title":{"rendered":"Ankstesn\u0117 mergina"},"content":{"rendered":"<p>Sura\u0161ykite visus turimus daiktus, kurie atrodo b\u016btini j\u016bs\u0173 gyvenime.<\/p>\n<p>Tai pirmoji u\u017eduotis, kuri\u0105 skiria architektas Edvardas Monkfordas \u017emon\u0117ms, norintiems apsigyventi jo suprojektuotame ir pastatytame name. Tradicin\u0117s Londono architekt\u016bros peiza\u017ee \u0161is namas i\u0161siskiria originaliomis formomis, minimalistiniu apstatymu ir auk\u0161\u010diausio lygio informacin\u0117mis technologijomis.<\/p>\n<p>Tokiame name gyventi gali tik ypatingi nuomininkai. B\u0117gantys nuo slegian\u010di\u0173 netek\u010di\u0173 ir bauginan\u010di\u0173 prisiminim\u0173, sutinkantys paklusti i\u0161maniojo namo k\u016br\u0117jo suformuluotoms gyvenimo taisykl\u0117ms. Joki\u0173 nauj\u0173 daikt\u0173, bald\u0173, puo\u0161men\u0173, kilim\u0173, knyg\u0173, augintini\u0173 ir vaik\u0173&#8230; Sterili tvarka, gele\u017ein\u0117 drausm\u0117 ir nuolatin\u0117 kontrol\u0117.<\/p>\n<p>Ir vis d\u0117lto namas ir taisykl\u0117s t\u0117ra tik \u0161ydas, slepiantis tamsias jo savininko paslaptis.<\/p>\n<p>Po skaud\u017eios netekties gyvenimo orientyrus praradusi D\u017eein\u0117 sulaukia pasi\u016blymo apsigyventi unikaliame name. J\u0105 su\u017eavi ne tik apartamentai, bet ir charizmati\u0161kas, paslaptingas j\u0173 savininkas. Ta\u010diau kunkuliuojan\u010di\u0173 jausm\u0173 verpetuose netr\u016bksta ir \u0161e\u0161\u0117li\u0173. Paai\u0161k\u0117ja, kad anks\u010diau name paslaptingomis aplinkyb\u0117mis mir\u0117 nuominink\u0117 Ema. Jos vaikinas Saimonas \u012fsitikin\u0119s, kad tai buvo \u017emog\u017eudyst\u0117. Ie\u0161kodama atsakym\u0173 D\u017eein\u0117 leid\u017eiasi \u012f pavojing\u0105 kelion\u0119, galin\u010di\u0105 j\u0105 ne tik apsaugoti, bet ir pra\u017eudyti.<\/p>\n","protected":false},"excerpt":{"rendered":"<p>Sura\u0161ykite visus turimus daiktus, kurie atrodo b\u016btini j\u016bs\u0173 gyvenime. Tai pirmoji u\u017eduotis, kuri\u0105 skiria architektas Edvardas Monkfordas \u017emon\u0117ms, norintiems apsigyventi jo suprojektuotame ir pastatytame name. Tradicin\u0117s Londono architekt\u016bros peiza\u017ee \u0161is namas i\u0161siskiria originaliomis formomis, minimalistiniu apstatymu ir auk\u0161\u010diausio lygio informacin\u0117mis technologijomis. Tokiame name gyventi gali tik ypatingi nuomininkai. B\u0117gantys nuo slegian\u010di\u0173 netek\u010di\u0173 ir bauginan\u010di\u0173 prisiminim\u0173, sutinkantys paklusti i\u0161maniojo namo k\u016br\u0117jo suformuluotoms gyvenimo taisykl\u0117ms. Joki\u0173 nauj\u0173 daikt\u0173, bald\u0173, puo\u0161men\u0173, kilim\u0173, knyg\u0173, augintini\u0173 ir vaik\u0173&#8230; Sterili tvarka, gele\u017ein\u0117 drausm\u0117 ir nuolatin\u0117 kontrol\u0117. Ir vis d\u0117lto namas ir taisykl\u0117s t\u0117ra tik \u0161ydas, slepiantis tamsias jo savininko paslaptis. Po skaud\u017eios netekties gyvenimo orientyrus praradusi D\u017eein\u0117 sulaukia pasi\u016blymo apsigyventi unikaliame name. J\u0105 su\u017eavi ne tik apartamentai, bet ir charizmati\u0161kas, paslaptingas j\u0173 savininkas. Ta\u010diau kunkuliuojan\u010di\u0173 jausm\u0173 verpetuose netr\u016bksta ir \u0161e\u0161\u0117li\u0173. Paai\u0161k\u0117ja, kad anks\u010diau name paslaptingomis aplinkyb\u0117mis mir\u0117 nuominink\u0117 Ema. Jos vaikinas Saimonas \u012fsitikin\u0119s, kad tai buvo \u017emog\u017eudyst\u0117. Ie\u0161kodama atsakym\u0173 D\u017eein\u0117 leid\u017eiasi \u012f pavojing\u0105 kelion\u0119, galin\u010di\u0105 j\u0105 ne tik apsaugoti, bet ir pra\u017eudyti.<\/p>\n","protected":false},"featured_media":18786,"comment_status":"open","ping_status":"closed","template":"","meta":{"_acf_changed":false,"site-sidebar-layout":"default","site-content-layout":"","ast-site-content-layout":"default","site-content-style":"default","site-sidebar-style":"default","ast-global-header-display":"","ast-banner-title-visibility":"","ast-main-header-display":"","ast-hfb-above-header-display":"","ast-hfb-below-header-display":"","ast-hfb-mobile-header-display":"","site-post-title":"","ast-breadcrumbs-content":"","ast-featured-img":"","footer-sml-layout":"","ast-disable-related-posts":"","theme-transparent-header-meta":"","adv-header-id-meta":"","stick-header-meta":"","header-above-stick-meta":"","header-main-stick-meta":"","header-below-stick-meta":"","astra-migrate-meta-layouts":"default","ast-page-background-enabled":"default","ast-page-background-meta":{"desktop":{"background-color":"","background-image":"","background-repeat":"repeat","background-position":"center center","background-size":"auto","background-attachment":"scroll","background-type":"","background-media":"","overlay-type":"","overlay-color":"","overlay-opacity":"","overlay-gradient":""},"tablet":{"background-color":"","background-image":"","background-repeat":"repeat","background-position":"center center","background-size":"auto","background-attachment":"scroll","background-type":"","background-media":"","overlay-type":"","overlay-color":"","overlay-opacity":"","overlay-gradient":""},"mobile":{"background-color":"","background-image":"","background-repeat":"repeat","background-position":"center center","background-size":"auto","background-attachment":"scroll","background-type":"","background-media":"","overlay-type":"","overlay-color":"","overlay-opacity":"","overlay-gradient":""}},"ast-content-background-meta":{"desktop":{"background-color":"var(--ast-global-color-4)","background-image":"","background-repeat":"repeat","background-position":"center center","background-size":"auto","background-attachment":"scroll","background-type":"","background-media":"","overlay-type":"","overlay-color":"","overlay-opacity":"","overlay-gradient":""},"tablet":{"background-color":"var(--ast-global-color-4)","background-image":"","background-repeat":"repeat","background-position":"center center","background-size":"auto","background-attachment":"scroll","background-type":"","background-media":"","overlay-type":"","overlay-color":"","overlay-opacity":"","overlay-gradient":""},"mobile":{"background-color":"var(--ast-global-color-4)","background-image":"","background-repeat":"repeat","background-position":"center center","background-size":"auto","background-attachment":"scroll","background-type":"","background-media":"","overlay-type":"","overlay-color":"","overlay-opacity":"","overlay-gradient":""}}},"product_brand":[],"product_cat":[31],"product_tag":[4757,2155,4756],"class_list":{"0":"post-18784","1":"product","2":"type-product","3":"status-publish","4":"has-post-thumbnail","6":"product_cat-grozine-literatura","7":"product_tag-joseph-delaney","8":"product_tag-psichologinis-trileris","9":"product_tag-siuolaikine-grozine-literatura","10":"desktop-align-left","11":"tablet-align-left","12":"mobile-align-left","14":"first","15":"instock","16":"shipping-taxable","17":"purchasable","18":"product-type-simple"},"acf":[],"yoast_head":"<!-- This site is optimized with the Yoast SEO plugin v27.4 - https:\/\/yoast.com\/product\/yoast-seo-wordpress\/ -->\n<title>Ankstesn\u0117 mergina<\/title>\n<meta name=\"description\" content=\"Sura\u0161ykite visus turimus daiktus, kurie atrodo b\u016btini j\u016bs\u0173 gyvenime. Tai pirmoji u\u017eduotis, kuri\u0105 skiria architektas Edvardas Monkfordas \u017emon\u0117ms,\" \/>\n<meta name=\"robots\" content=\"index, follow, max-snippet:-1, max-image-preview:large, max-video-preview:-1\" \/>\n<link rel=\"canonical\" href=\"https:\/\/skaitytaknyga.lt\/en\/produktas\/ankstesne-mergina\/\" \/>\n<meta property=\"og:locale\" content=\"en_GB\" \/>\n<meta property=\"og:locale:alternate\" content=\"lt_LT\" \/>\n<meta property=\"og:type\" content=\"article\" \/>\n<meta property=\"og:title\" content=\"Ankstesn\u0117 mergina\" \/>\n<meta property=\"og:description\" content=\"Sura\u0161ykite visus turimus daiktus, kurie atrodo b\u016btini j\u016bs\u0173 gyvenime. Tai pirmoji u\u017eduotis, kuri\u0105 skiria architektas Edvardas Monkfordas \u017emon\u0117ms,\" \/>\n<meta property=\"og:url\" content=\"https:\/\/skaitytaknyga.lt\/en\/produktas\/ankstesne-mergina\/\" \/>\n<meta property=\"og:site_name\" content=\"Skaitytaknyga\" \/>\n<meta property=\"article:publisher\" content=\"https:\/\/www.facebook.com\/skaitytaknyga\/\" \/>\n<meta property=\"article:modified_time\" content=\"2025-07-07T06:26:34+00:00\" \/>\n<meta property=\"og:image\" content=\"https:\/\/skaitytaknyga.lt\/wp-content\/uploads\/2025\/06\/Ankstesne-mergina.webp\" \/>\n\t<meta property=\"og:image:width\" content=\"285\" \/>\n\t<meta property=\"og:image:height\" content=\"467\" \/>\n\t<meta property=\"og:image:type\" content=\"image\/webp\" \/>\n<meta name=\"twitter:card\" content=\"summary_large_image\" \/>\n<meta name=\"twitter:label1\" content=\"Estimated reading time\" \/>\n\t<meta name=\"twitter:data1\" content=\"1 minute\" \/>\n<script type=\"application\/ld+json\" class=\"yoast-schema-graph\">{\"@context\":\"https:\\\/\\\/schema.org\",\"@graph\":[{\"@type\":\"WebPage\",\"@id\":\"https:\\\/\\\/skaitytaknyga.lt\\\/produktas\\\/ankstesne-mergina\\\/\",\"url\":\"https:\\\/\\\/skaitytaknyga.lt\\\/produktas\\\/ankstesne-mergina\\\/\",\"name\":\"Ankstesn\u0117 mergina\",\"isPartOf\":{\"@id\":\"https:\\\/\\\/skaitytaknyga.lt\\\/#website\"},\"primaryImageOfPage\":{\"@id\":\"https:\\\/\\\/skaitytaknyga.lt\\\/produktas\\\/ankstesne-mergina\\\/#primaryimage\"},\"image\":{\"@id\":\"https:\\\/\\\/skaitytaknyga.lt\\\/produktas\\\/ankstesne-mergina\\\/#primaryimage\"},\"thumbnailUrl\":\"https:\\\/\\\/skaitytaknyga.lt\\\/wp-content\\\/uploads\\\/2025\\\/06\\\/Ankstesne-mergina.webp\",\"datePublished\":\"2025-06-10T15:58:53+00:00\",\"dateModified\":\"2025-07-07T06:26:34+00:00\",\"description\":\"Sura\u0161ykite visus turimus daiktus, kurie atrodo b\u016btini j\u016bs\u0173 gyvenime. Tai pirmoji u\u017eduotis, kuri\u0105 skiria architektas Edvardas Monkfordas \u017emon\u0117ms,\",\"breadcrumb\":{\"@id\":\"https:\\\/\\\/skaitytaknyga.lt\\\/produktas\\\/ankstesne-mergina\\\/#breadcrumb\"},\"inLanguage\":\"en-GB\",\"potentialAction\":[{\"@type\":\"ReadAction\",\"target\":[\"https:\\\/\\\/skaitytaknyga.lt\\\/produktas\\\/ankstesne-mergina\\\/\"]}]},{\"@type\":\"ImageObject\",\"inLanguage\":\"en-GB\",\"@id\":\"https:\\\/\\\/skaitytaknyga.lt\\\/produktas\\\/ankstesne-mergina\\\/#primaryimage\",\"url\":\"https:\\\/\\\/skaitytaknyga.lt\\\/wp-content\\\/uploads\\\/2025\\\/06\\\/Ankstesne-mergina.webp\",\"contentUrl\":\"https:\\\/\\\/skaitytaknyga.lt\\\/wp-content\\\/uploads\\\/2025\\\/06\\\/Ankstesne-mergina.webp\",\"width\":285,\"height\":467,\"caption\":\"Ankstesn\u0117 mergina\"},{\"@type\":\"BreadcrumbList\",\"@id\":\"https:\\\/\\\/skaitytaknyga.lt\\\/produktas\\\/ankstesne-mergina\\\/#breadcrumb\",\"itemListElement\":[{\"@type\":\"ListItem\",\"position\":1,\"name\":\"Home\",\"item\":\"https:\\\/\\\/skaitytaknyga.lt\\\/\"},{\"@type\":\"ListItem\",\"position\":2,\"name\":\"Parduotuv\u0117\",\"item\":\"https:\\\/\\\/skaitytaknyga.lt\\\/knygu-parduotuve\\\/\"},{\"@type\":\"ListItem\",\"position\":3,\"name\":\"Ankstesn\u0117 mergina\"}]},{\"@type\":\"WebSite\",\"@id\":\"https:\\\/\\\/skaitytaknyga.lt\\\/#website\",\"url\":\"https:\\\/\\\/skaitytaknyga.lt\\\/\",\"name\":\"skaitytaknyga.lt\",\"description\":\"Skaitytaknyga.lt \u2013 tai ma\u017eas \u0161eimos verslas, kuris prasid\u0117jo nuo meil\u0117s knygoms ir siekio i\u0161gelb\u0117ti knygas nuo likimo prie konteinerio. Kas vienam nereikalingas daiktas \u2013 kitam lobis, o mes esame tarpininkai, kurie padeda abiems tapti laimingesniems ???? \u017dinome kaip nelengva i\u0161gyventi ma\u017eiems verslams, tad nuo \u0161iol, \u010dia rasite ir kit\u0173, ma\u017e\u0173 \u0161eim\u0173 versl\u0173, rank\u0173 darbo, dovan\u0173 sau ir artimiesiems.\",\"publisher\":{\"@id\":\"https:\\\/\\\/skaitytaknyga.lt\\\/#organization\"},\"potentialAction\":[{\"@type\":\"SearchAction\",\"target\":{\"@type\":\"EntryPoint\",\"urlTemplate\":\"https:\\\/\\\/skaitytaknyga.lt\\\/?s={search_term_string}\"},\"query-input\":{\"@type\":\"PropertyValueSpecification\",\"valueRequired\":true,\"valueName\":\"search_term_string\"}}],\"inLanguage\":\"en-GB\"},{\"@type\":\"Organization\",\"@id\":\"https:\\\/\\\/skaitytaknyga.lt\\\/#organization\",\"name\":\"skaitytaknyga.lt\",\"url\":\"https:\\\/\\\/skaitytaknyga.lt\\\/\",\"logo\":{\"@type\":\"ImageObject\",\"inLanguage\":\"en-GB\",\"@id\":\"https:\\\/\\\/skaitytaknyga.lt\\\/#\\\/schema\\\/logo\\\/image\\\/\",\"url\":\"https:\\\/\\\/skaitytaknyga.lt\\\/wp-content\\\/uploads\\\/2024\\\/05\\\/cropped-cropped-cropped-02_00843_jt3bggkj1j3HLc7SyY6rEUpg.jpeg\",\"contentUrl\":\"https:\\\/\\\/skaitytaknyga.lt\\\/wp-content\\\/uploads\\\/2024\\\/05\\\/cropped-cropped-cropped-02_00843_jt3bggkj1j3HLc7SyY6rEUpg.jpeg\",\"width\":1600,\"height\":1600,\"caption\":\"skaitytaknyga.lt\"},\"image\":{\"@id\":\"https:\\\/\\\/skaitytaknyga.lt\\\/#\\\/schema\\\/logo\\\/image\\\/\"},\"sameAs\":[\"https:\\\/\\\/www.facebook.com\\\/skaitytaknyga\\\/\"]}]}<\/script>\n<!-- \/ Yoast SEO plugin. -->","yoast_head_json":{"title":"Ankstesn\u0117 mergina","description":"Sura\u0161ykite visus turimus daiktus, kurie atrodo b\u016btini j\u016bs\u0173 gyvenime. Tai pirmoji u\u017eduotis, kuri\u0105 skiria architektas Edvardas Monkfordas \u017emon\u0117ms,","robots":{"index":"index","follow":"follow","max-snippet":"max-snippet:-1","max-image-preview":"max-image-preview:large","max-video-preview":"max-video-preview:-1"},"canonical":"https:\/\/skaitytaknyga.lt\/en\/produktas\/ankstesne-mergina\/","og_locale":"en_GB","og_type":"article","og_title":"[:lt]Ankstesn\u0117 mergina[:] - Skaitytaknyga","og_description":"Sura\u0161ykite visus turimus daiktus, kurie atrodo b\u016btini j\u016bs\u0173 gyvenime. Tai pirmoji u\u017eduotis, kuri\u0105 skiria architektas Edvardas Monkfordas \u017emon\u0117ms,","og_url":"https:\/\/skaitytaknyga.lt\/en\/produktas\/ankstesne-mergina\/","og_site_name":"Skaitytaknyga","article_publisher":"https:\/\/www.facebook.com\/skaitytaknyga\/","article_modified_time":"2025-07-07T06:26:34+00:00","og_image":[{"width":285,"height":467,"url":"https:\/\/skaitytaknyga.lt\/wp-content\/uploads\/2025\/06\/Ankstesne-mergina.webp","type":"image\/webp"}],"twitter_card":"summary_large_image","twitter_misc":{"Estimated reading time":"1 minute"},"schema":{"@context":"https:\/\/schema.org","@graph":[{"@type":"WebPage","@id":"https:\/\/skaitytaknyga.lt\/produktas\/ankstesne-mergina\/","url":"https:\/\/skaitytaknyga.lt\/produktas\/ankstesne-mergina\/","name":"Ankstesn\u0117 mergina","isPartOf":{"@id":"https:\/\/skaitytaknyga.lt\/#website"},"primaryImageOfPage":{"@id":"https:\/\/skaitytaknyga.lt\/produktas\/ankstesne-mergina\/#primaryimage"},"image":{"@id":"https:\/\/skaitytaknyga.lt\/produktas\/ankstesne-mergina\/#primaryimage"},"thumbnailUrl":"https:\/\/skaitytaknyga.lt\/wp-content\/uploads\/2025\/06\/Ankstesne-mergina.webp","datePublished":"2025-06-10T15:58:53+00:00","dateModified":"2025-07-07T06:26:34+00:00","description":"Sura\u0161ykite visus turimus daiktus, kurie atrodo b\u016btini j\u016bs\u0173 gyvenime. Tai pirmoji u\u017eduotis, kuri\u0105 skiria architektas Edvardas Monkfordas \u017emon\u0117ms,","breadcrumb":{"@id":"https:\/\/skaitytaknyga.lt\/produktas\/ankstesne-mergina\/#breadcrumb"},"inLanguage":"en-GB","potentialAction":[{"@type":"ReadAction","target":["https:\/\/skaitytaknyga.lt\/produktas\/ankstesne-mergina\/"]}]},{"@type":"ImageObject","inLanguage":"en-GB","@id":"https:\/\/skaitytaknyga.lt\/produktas\/ankstesne-mergina\/#primaryimage","url":"https:\/\/skaitytaknyga.lt\/wp-content\/uploads\/2025\/06\/Ankstesne-mergina.webp","contentUrl":"https:\/\/skaitytaknyga.lt\/wp-content\/uploads\/2025\/06\/Ankstesne-mergina.webp","width":285,"height":467,"caption":"Ankstesn\u0117 mergina"},{"@type":"BreadcrumbList","@id":"https:\/\/skaitytaknyga.lt\/produktas\/ankstesne-mergina\/#breadcrumb","itemListElement":[{"@type":"ListItem","position":1,"name":"Home","item":"https:\/\/skaitytaknyga.lt\/"},{"@type":"ListItem","position":2,"name":"Parduotuv\u0117","item":"https:\/\/skaitytaknyga.lt\/knygu-parduotuve\/"},{"@type":"ListItem","position":3,"name":"Ankstesn\u0117 mergina"}]},{"@type":"WebSite","@id":"https:\/\/skaitytaknyga.lt\/#website","url":"https:\/\/skaitytaknyga.lt\/","name":"skaitytaknyga.lt","description":"Skaitytaknyga.lt \u2013 tai ma\u017eas \u0161eimos verslas, kuris prasid\u0117jo nuo meil\u0117s knygoms ir siekio i\u0161gelb\u0117ti knygas nuo likimo prie konteinerio. Kas vienam nereikalingas daiktas \u2013 kitam lobis, o mes esame tarpininkai, kurie padeda abiems tapti laimingesniems ???? \u017dinome kaip nelengva i\u0161gyventi ma\u017eiems verslams, tad nuo \u0161iol, \u010dia rasite ir kit\u0173, ma\u017e\u0173 \u0161eim\u0173 versl\u0173, rank\u0173 darbo, dovan\u0173 sau ir artimiesiems.","publisher":{"@id":"https:\/\/skaitytaknyga.lt\/#organization"},"potentialAction":[{"@type":"SearchAction","target":{"@type":"EntryPoint","urlTemplate":"https:\/\/skaitytaknyga.lt\/?s={search_term_string}"},"query-input":{"@type":"PropertyValueSpecification","valueRequired":true,"valueName":"search_term_string"}}],"inLanguage":"en-GB"},{"@type":"Organization","@id":"https:\/\/skaitytaknyga.lt\/#organization","name":"skaitytaknyga.lt","url":"https:\/\/skaitytaknyga.lt\/","logo":{"@type":"ImageObject","inLanguage":"en-GB","@id":"https:\/\/skaitytaknyga.lt\/#\/schema\/logo\/image\/","url":"https:\/\/skaitytaknyga.lt\/wp-content\/uploads\/2024\/05\/cropped-cropped-cropped-02_00843_jt3bggkj1j3HLc7SyY6rEUpg.jpeg","contentUrl":"https:\/\/skaitytaknyga.lt\/wp-content\/uploads\/2024\/05\/cropped-cropped-cropped-02_00843_jt3bggkj1j3HLc7SyY6rEUpg.jpeg","width":1600,"height":1600,"caption":"skaitytaknyga.lt"},"image":{"@id":"https:\/\/skaitytaknyga.lt\/#\/schema\/logo\/image\/"},"sameAs":["https:\/\/www.facebook.com\/skaitytaknyga\/"]}]}},"_links":{"self":[{"href":"https:\/\/skaitytaknyga.lt\/en\/wp-json\/wp\/v2\/product\/18784","targetHints":{"allow":["GET"]}}],"collection":[{"href":"https:\/\/skaitytaknyga.lt\/en\/wp-json\/wp\/v2\/product"}],"about":[{"href":"https:\/\/skaitytaknyga.lt\/en\/wp-json\/wp\/v2\/types\/product"}],"replies":[{"embeddable":true,"href":"https:\/\/skaitytaknyga.lt\/en\/wp-json\/wp\/v2\/comments?post=18784"}],"wp:featuredmedia":[{"embeddable":true,"href":"https:\/\/skaitytaknyga.lt\/en\/wp-json\/wp\/v2\/media\/18786"}],"wp:attachment":[{"href":"https:\/\/skaitytaknyga.lt\/en\/wp-json\/wp\/v2\/media?parent=18784"}],"wp:term":[{"taxonomy":"product_brand","embeddable":true,"href":"https:\/\/skaitytaknyga.lt\/en\/wp-json\/wp\/v2\/product_brand?post=18784"},{"taxonomy":"product_cat","embeddable":true,"href":"https:\/\/skaitytaknyga.lt\/en\/wp-json\/wp\/v2\/product_cat?post=18784"},{"taxonomy":"product_tag","embeddable":true,"href":"https:\/\/skaitytaknyga.lt\/en\/wp-json\/wp\/v2\/product_tag?post=18784"}],"curies":[{"name":"wp","href":"https:\/\/api.w.org\/{rel}","templated":true}]}}