{"id":18780,"date":"2025-06-10T18:49:21","date_gmt":"2025-06-10T15:49:21","guid":{"rendered":"https:\/\/skaitytaknyga.lt\/?post_type=product&#038;p=18780"},"modified":"2025-07-08T18:24:34","modified_gmt":"2025-07-08T15:24:34","slug":"kiekviena-brandi-moteris-deive","status":"publish","type":"product","link":"https:\/\/skaitytaknyga.lt\/en\/produktas\/kiekviena-brandi-moteris-deive\/","title":{"rendered":"Kiekviena brandi moteris &#8211; deiv\u0117"},"content":{"rendered":"<p>\u012e\u017eengusi \u012f tre\u010di\u0105 gyvenimo tarpsn\u012f ir susipa\u017einusi su deiv\u0117mis, brandaus am\u017eiaus moteris grei\u010diau atpa\u017eins ir savo vidiniame pasaulyje slypin\u010di\u0105 j\u0117g\u0105. Knygoje \u201eKiekviena moteris \u2013 deiv\u0117&#8221; autor\u0117 pateik\u0117 graik\u0173 deivi\u0173 archetip\u0173, o \u0161ioje savo talent\u0105 ir prigimtines dovanas jums pad\u0117s atskleisti ir kai kurios Egipto, Azijos dievyb\u0117s ir j\u0173 bruo\u017eai. \u010cia minimas ir puikus moters pavyzdys \u2013 prof. Marija Gimbutien\u0117, pasi\u017eyminti At\u0117n\u0117s protu, mokslo darbais pagrindusi Did\u017eiosios Deiv\u0117s Motinos kult\u016bros egzistavim\u0105 ir taip prik\u0117lusi deivi\u0173 \u012fvaizd\u017eius i\u0161 u\u017emar\u0161ties.<\/p>\n<p>Su\u017einokite:<\/p>\n<p>kas svarbu kiekvienai moteriai skirtingais gyvenimo tarpsniais;<br \/>\natpa\u017einkite savo vidiniame pasaulyje gl\u016bdin\u010dius dvasingumo, i\u0161minties, mok\u0117jimo atjausti ir veikti \u0161altinius;<br \/>\npa\u017eadinkite savo archetipus, suteikian\u010dius energijos, prasm\u0117s ir autenti\u0161kumo jausm\u0105;<br \/>\ni\u0161mokite vertinti savo geb\u0117jimus ir patirt\u012f ir tinkamai juos atskleisti.<br \/>\nKnygoje \u201eKiekviena brandi moteris \u2013 deiv\u0117&#8221; si\u016blomas ne\u012ftikimai \u012fkvepiantis po\u017ei\u016bris, galintis pakeisti moters samprat\u0105 apie senatv\u0119, o pa\u017evelgus \u012f veidrod\u012f i\u0161vysti save naujomis akimis.<\/p>\n<p>Rachel Naomi Remen, ra\u0161ytoja<\/p>\n<p>Jean Shinoda Bolen \u2013 visame pasaulyje \u017einoma ra\u0161ytoja ir lektor\u0117, psichiatr\u0117, Jungo psichoanaliz\u0117s sek\u0117ja, Amerikos psichiatr\u0173 asociacijos nar\u0117.<\/p>\n","protected":false},"excerpt":{"rendered":"<p>\u012e\u017eengusi \u012f tre\u010di\u0105 gyvenimo tarpsn\u012f ir susipa\u017einusi su deiv\u0117mis, brandaus am\u017eiaus moteris grei\u010diau atpa\u017eins ir savo vidiniame pasaulyje slypin\u010di\u0105 j\u0117g\u0105. Knygoje \u201eKiekviena moteris \u2013 deiv\u0117&#8221; autor\u0117 pateik\u0117 graik\u0173 deivi\u0173 archetip\u0173, o \u0161ioje savo talent\u0105 ir prigimtines dovanas jums pad\u0117s atskleisti ir kai kurios Egipto, Azijos dievyb\u0117s ir j\u0173 bruo\u017eai. \u010cia minimas ir puikus moters pavyzdys \u2013 prof. Marija Gimbutien\u0117, pasi\u017eyminti At\u0117n\u0117s protu, mokslo darbais pagrindusi Did\u017eiosios Deiv\u0117s Motinos kult\u016bros egzistavim\u0105 ir taip prik\u0117lusi deivi\u0173 \u012fvaizd\u017eius i\u0161 u\u017emar\u0161ties. Su\u017einokite: kas svarbu kiekvienai moteriai skirtingais gyvenimo tarpsniais; atpa\u017einkite savo vidiniame pasaulyje gl\u016bdin\u010dius dvasingumo, i\u0161minties, mok\u0117jimo atjausti ir veikti \u0161altinius; pa\u017eadinkite savo archetipus, suteikian\u010dius energijos, prasm\u0117s ir autenti\u0161kumo jausm\u0105; i\u0161mokite vertinti savo geb\u0117jimus ir patirt\u012f ir tinkamai juos atskleisti. Knygoje \u201eKiekviena brandi moteris \u2013 deiv\u0117&#8221; si\u016blomas ne\u012ftikimai \u012fkvepiantis po\u017ei\u016bris, galintis pakeisti moters samprat\u0105 apie senatv\u0119, o pa\u017evelgus \u012f veidrod\u012f i\u0161vysti save naujomis akimis. Rachel Naomi Remen, ra\u0161ytoja Jean Shinoda Bolen \u2013 visame pasaulyje \u017einoma ra\u0161ytoja ir lektor\u0117, psichiatr\u0117, Jungo psichoanaliz\u0117s sek\u0117ja, Amerikos psichiatr\u0173 asociacijos nar\u0117.<\/p>\n","protected":false},"featured_media":18782,"comment_status":"open","ping_status":"closed","template":"","meta":{"_acf_changed":false,"site-sidebar-layout":"default","site-content-layout":"","ast-site-content-layout":"default","site-content-style":"default","site-sidebar-style":"default","ast-global-header-display":"","ast-banner-title-visibility":"","ast-main-header-display":"","ast-hfb-above-header-display":"","ast-hfb-below-header-display":"","ast-hfb-mobile-header-display":"","site-post-title":"","ast-breadcrumbs-content":"","ast-featured-img":"","footer-sml-layout":"","ast-disable-related-posts":"","theme-transparent-header-meta":"","adv-header-id-meta":"","stick-header-meta":"","header-above-stick-meta":"","header-main-stick-meta":"","header-below-stick-meta":"","astra-migrate-meta-layouts":"default","ast-page-background-enabled":"default","ast-page-background-meta":{"desktop":{"background-color":"","background-image":"","background-repeat":"repeat","background-position":"center center","background-size":"auto","background-attachment":"scroll","background-type":"","background-media":"","overlay-type":"","overlay-color":"","overlay-opacity":"","overlay-gradient":""},"tablet":{"background-color":"","background-image":"","background-repeat":"repeat","background-position":"center center","background-size":"auto","background-attachment":"scroll","background-type":"","background-media":"","overlay-type":"","overlay-color":"","overlay-opacity":"","overlay-gradient":""},"mobile":{"background-color":"","background-image":"","background-repeat":"repeat","background-position":"center center","background-size":"auto","background-attachment":"scroll","background-type":"","background-media":"","overlay-type":"","overlay-color":"","overlay-opacity":"","overlay-gradient":""}},"ast-content-background-meta":{"desktop":{"background-color":"var(--ast-global-color-4)","background-image":"","background-repeat":"repeat","background-position":"center center","background-size":"auto","background-attachment":"scroll","background-type":"","background-media":"","overlay-type":"","overlay-color":"","overlay-opacity":"","overlay-gradient":""},"tablet":{"background-color":"var(--ast-global-color-4)","background-image":"","background-repeat":"repeat","background-position":"center center","background-size":"auto","background-attachment":"scroll","background-type":"","background-media":"","overlay-type":"","overlay-color":"","overlay-opacity":"","overlay-gradient":""},"mobile":{"background-color":"var(--ast-global-color-4)","background-image":"","background-repeat":"repeat","background-position":"center center","background-size":"auto","background-attachment":"scroll","background-type":"","background-media":"","overlay-type":"","overlay-color":"","overlay-opacity":"","overlay-gradient":""}}},"product_brand":[],"product_cat":[15],"product_tag":[4753,4754,4755,2582],"class_list":{"0":"post-18780","1":"product","2":"type-product","3":"status-publish","4":"has-post-thumbnail","6":"product_cat-uncategorized","7":"product_tag-brandos-psichologija","8":"product_tag-deives","9":"product_tag-jean-shinoda-bolen","10":"product_tag-moterys","11":"desktop-align-left","12":"tablet-align-left","13":"mobile-align-left","15":"first","16":"outofstock","17":"shipping-taxable","18":"purchasable","19":"product-type-simple"},"acf":[],"yoast_head":"<!-- This site is optimized with the Yoast SEO plugin v27.0 - https:\/\/yoast.com\/product\/yoast-seo-wordpress\/ -->\n<title>Kiekviena brandi moteris - deiv\u0117<\/title>\n<meta name=\"description\" content=\"\u012e\u017eengusi \u012f tre\u010di\u0105 gyvenimo tarpsn\u012f ir susipa\u017einusi su deiv\u0117mis, brandaus am\u017eiaus moteris grei\u010diau atpa\u017eins ir savo vidiniame pasaulyje slypin\u010di\u0105 j\u0117g\u0105.\" \/>\n<meta name=\"robots\" content=\"index, follow, max-snippet:-1, max-image-preview:large, max-video-preview:-1\" \/>\n<link rel=\"canonical\" href=\"https:\/\/skaitytaknyga.lt\/en\/produktas\/kiekviena-brandi-moteris-deive\/\" \/>\n<meta property=\"og:locale\" content=\"en_GB\" \/>\n<meta property=\"og:locale:alternate\" content=\"lt_LT\" \/>\n<meta property=\"og:type\" content=\"article\" \/>\n<meta property=\"og:title\" content=\"Kiekviena brandi moteris - deiv\u0117\" \/>\n<meta property=\"og:description\" content=\"\u012e\u017eengusi \u012f tre\u010di\u0105 gyvenimo tarpsn\u012f ir susipa\u017einusi su deiv\u0117mis, brandaus am\u017eiaus moteris grei\u010diau atpa\u017eins ir savo vidiniame pasaulyje slypin\u010di\u0105 j\u0117g\u0105.\" \/>\n<meta property=\"og:url\" content=\"https:\/\/skaitytaknyga.lt\/en\/produktas\/kiekviena-brandi-moteris-deive\/\" \/>\n<meta property=\"og:site_name\" content=\"Skaitytaknyga\" \/>\n<meta property=\"article:publisher\" content=\"https:\/\/www.facebook.com\/skaitytaknyga\/\" \/>\n<meta property=\"article:modified_time\" content=\"2025-07-08T15:24:34+00:00\" \/>\n<meta property=\"og:image\" content=\"https:\/\/skaitytaknyga.lt\/wp-content\/uploads\/2025\/06\/Kiekviena-brandi-moteris-\u2013-deive.webp\" \/>\n\t<meta property=\"og:image:width\" content=\"285\" \/>\n\t<meta property=\"og:image:height\" content=\"424\" \/>\n\t<meta property=\"og:image:type\" content=\"image\/webp\" \/>\n<meta name=\"twitter:card\" content=\"summary_large_image\" \/>\n<meta name=\"twitter:label1\" content=\"Estimated reading time\" \/>\n\t<meta name=\"twitter:data1\" content=\"1 minute\" \/>\n<script type=\"application\/ld+json\" class=\"yoast-schema-graph\">{\"@context\":\"https:\/\/schema.org\",\"@graph\":[{\"@type\":\"WebPage\",\"@id\":\"https:\/\/skaitytaknyga.lt\/produktas\/kiekviena-brandi-moteris-deive\/\",\"url\":\"https:\/\/skaitytaknyga.lt\/produktas\/kiekviena-brandi-moteris-deive\/\",\"name\":\"Kiekviena brandi moteris - deiv\u0117\",\"isPartOf\":{\"@id\":\"https:\/\/skaitytaknyga.lt\/#website\"},\"primaryImageOfPage\":{\"@id\":\"https:\/\/skaitytaknyga.lt\/produktas\/kiekviena-brandi-moteris-deive\/#primaryimage\"},\"image\":{\"@id\":\"https:\/\/skaitytaknyga.lt\/produktas\/kiekviena-brandi-moteris-deive\/#primaryimage\"},\"thumbnailUrl\":\"https:\/\/skaitytaknyga.lt\/wp-content\/uploads\/2025\/06\/Kiekviena-brandi-moteris-\u2013-deive.webp\",\"datePublished\":\"2025-06-10T15:49:21+00:00\",\"dateModified\":\"2025-07-08T15:24:34+00:00\",\"description\":\"\u012e\u017eengusi \u012f tre\u010di\u0105 gyvenimo tarpsn\u012f ir susipa\u017einusi su deiv\u0117mis, brandaus am\u017eiaus moteris grei\u010diau atpa\u017eins ir savo vidiniame pasaulyje slypin\u010di\u0105 j\u0117g\u0105.\",\"breadcrumb\":{\"@id\":\"https:\/\/skaitytaknyga.lt\/produktas\/kiekviena-brandi-moteris-deive\/#breadcrumb\"},\"inLanguage\":\"en-GB\",\"potentialAction\":[{\"@type\":\"ReadAction\",\"target\":[\"https:\/\/skaitytaknyga.lt\/produktas\/kiekviena-brandi-moteris-deive\/\"]}]},{\"@type\":\"ImageObject\",\"inLanguage\":\"en-GB\",\"@id\":\"https:\/\/skaitytaknyga.lt\/produktas\/kiekviena-brandi-moteris-deive\/#primaryimage\",\"url\":\"https:\/\/skaitytaknyga.lt\/wp-content\/uploads\/2025\/06\/Kiekviena-brandi-moteris-\u2013-deive.webp\",\"contentUrl\":\"https:\/\/skaitytaknyga.lt\/wp-content\/uploads\/2025\/06\/Kiekviena-brandi-moteris-\u2013-deive.webp\",\"width\":285,\"height\":424,\"caption\":\"Kiekviena brandi moteris \u2013 deiv\u0117\"},{\"@type\":\"BreadcrumbList\",\"@id\":\"https:\/\/skaitytaknyga.lt\/produktas\/kiekviena-brandi-moteris-deive\/#breadcrumb\",\"itemListElement\":[{\"@type\":\"ListItem\",\"position\":1,\"name\":\"Home\",\"item\":\"https:\/\/skaitytaknyga.lt\/\"},{\"@type\":\"ListItem\",\"position\":2,\"name\":\"Parduotuv\u0117\",\"item\":\"https:\/\/skaitytaknyga.lt\/knygu-parduotuve\/\"},{\"@type\":\"ListItem\",\"position\":3,\"name\":\"Kiekviena brandi moteris &#8211; deiv\u0117\"}]},{\"@type\":\"WebSite\",\"@id\":\"https:\/\/skaitytaknyga.lt\/#website\",\"url\":\"https:\/\/skaitytaknyga.lt\/\",\"name\":\"skaitytaknyga.lt\",\"description\":\"Skaitytaknyga.lt \u2013 tai ma\u017eas \u0161eimos verslas, kuris prasid\u0117jo nuo meil\u0117s knygoms ir siekio i\u0161gelb\u0117ti knygas nuo likimo prie konteinerio. Kas vienam nereikalingas daiktas \u2013 kitam lobis, o mes esame tarpininkai, kurie padeda abiems tapti laimingesniems ???? \u017dinome kaip nelengva i\u0161gyventi ma\u017eiems verslams, tad nuo \u0161iol, \u010dia rasite ir kit\u0173, ma\u017e\u0173 \u0161eim\u0173 versl\u0173, rank\u0173 darbo, dovan\u0173 sau ir artimiesiems.\",\"publisher\":{\"@id\":\"https:\/\/skaitytaknyga.lt\/#organization\"},\"potentialAction\":[{\"@type\":\"SearchAction\",\"target\":{\"@type\":\"EntryPoint\",\"urlTemplate\":\"https:\/\/skaitytaknyga.lt\/?s={search_term_string}\"},\"query-input\":{\"@type\":\"PropertyValueSpecification\",\"valueRequired\":true,\"valueName\":\"search_term_string\"}}],\"inLanguage\":\"en-GB\"},{\"@type\":\"Organization\",\"@id\":\"https:\/\/skaitytaknyga.lt\/#organization\",\"name\":\"skaitytaknyga.lt\",\"url\":\"https:\/\/skaitytaknyga.lt\/\",\"logo\":{\"@type\":\"ImageObject\",\"inLanguage\":\"en-GB\",\"@id\":\"https:\/\/skaitytaknyga.lt\/#\/schema\/logo\/image\/\",\"url\":\"https:\/\/skaitytaknyga.lt\/wp-content\/uploads\/2024\/05\/cropped-cropped-cropped-02_00843_jt3bggkj1j3HLc7SyY6rEUpg.jpeg\",\"contentUrl\":\"https:\/\/skaitytaknyga.lt\/wp-content\/uploads\/2024\/05\/cropped-cropped-cropped-02_00843_jt3bggkj1j3HLc7SyY6rEUpg.jpeg\",\"width\":1600,\"height\":1600,\"caption\":\"skaitytaknyga.lt\"},\"image\":{\"@id\":\"https:\/\/skaitytaknyga.lt\/#\/schema\/logo\/image\/\"},\"sameAs\":[\"https:\/\/www.facebook.com\/skaitytaknyga\/\"]}]}<\/script>\n<!-- \/ Yoast SEO plugin. -->","yoast_head_json":{"title":"Kiekviena brandi moteris - deiv\u0117","description":"\u012e\u017eengusi \u012f tre\u010di\u0105 gyvenimo tarpsn\u012f ir susipa\u017einusi su deiv\u0117mis, brandaus am\u017eiaus moteris grei\u010diau atpa\u017eins ir savo vidiniame pasaulyje slypin\u010di\u0105 j\u0117g\u0105.","robots":{"index":"index","follow":"follow","max-snippet":"max-snippet:-1","max-image-preview":"max-image-preview:large","max-video-preview":"max-video-preview:-1"},"canonical":"https:\/\/skaitytaknyga.lt\/en\/produktas\/kiekviena-brandi-moteris-deive\/","og_locale":"en_GB","og_type":"article","og_title":"[:lt]Kiekviena brandi moteris - deiv\u0117[:] - Skaitytaknyga","og_description":"\u012e\u017eengusi \u012f tre\u010di\u0105 gyvenimo tarpsn\u012f ir susipa\u017einusi su deiv\u0117mis, brandaus am\u017eiaus moteris grei\u010diau atpa\u017eins ir savo vidiniame pasaulyje slypin\u010di\u0105 j\u0117g\u0105.","og_url":"https:\/\/skaitytaknyga.lt\/en\/produktas\/kiekviena-brandi-moteris-deive\/","og_site_name":"Skaitytaknyga","article_publisher":"https:\/\/www.facebook.com\/skaitytaknyga\/","article_modified_time":"2025-07-08T15:24:34+00:00","og_image":[{"width":285,"height":424,"url":"https:\/\/skaitytaknyga.lt\/wp-content\/uploads\/2025\/06\/Kiekviena-brandi-moteris-\u2013-deive.webp","type":"image\/webp"}],"twitter_card":"summary_large_image","twitter_misc":{"Estimated reading time":"1 minute"},"schema":{"@context":"https:\/\/schema.org","@graph":[{"@type":"WebPage","@id":"https:\/\/skaitytaknyga.lt\/produktas\/kiekviena-brandi-moteris-deive\/","url":"https:\/\/skaitytaknyga.lt\/produktas\/kiekviena-brandi-moteris-deive\/","name":"Kiekviena brandi moteris - deiv\u0117","isPartOf":{"@id":"https:\/\/skaitytaknyga.lt\/#website"},"primaryImageOfPage":{"@id":"https:\/\/skaitytaknyga.lt\/produktas\/kiekviena-brandi-moteris-deive\/#primaryimage"},"image":{"@id":"https:\/\/skaitytaknyga.lt\/produktas\/kiekviena-brandi-moteris-deive\/#primaryimage"},"thumbnailUrl":"https:\/\/skaitytaknyga.lt\/wp-content\/uploads\/2025\/06\/Kiekviena-brandi-moteris-\u2013-deive.webp","datePublished":"2025-06-10T15:49:21+00:00","dateModified":"2025-07-08T15:24:34+00:00","description":"\u012e\u017eengusi \u012f tre\u010di\u0105 gyvenimo tarpsn\u012f ir susipa\u017einusi su deiv\u0117mis, brandaus am\u017eiaus moteris grei\u010diau atpa\u017eins ir savo vidiniame pasaulyje slypin\u010di\u0105 j\u0117g\u0105.","breadcrumb":{"@id":"https:\/\/skaitytaknyga.lt\/produktas\/kiekviena-brandi-moteris-deive\/#breadcrumb"},"inLanguage":"en-GB","potentialAction":[{"@type":"ReadAction","target":["https:\/\/skaitytaknyga.lt\/produktas\/kiekviena-brandi-moteris-deive\/"]}]},{"@type":"ImageObject","inLanguage":"en-GB","@id":"https:\/\/skaitytaknyga.lt\/produktas\/kiekviena-brandi-moteris-deive\/#primaryimage","url":"https:\/\/skaitytaknyga.lt\/wp-content\/uploads\/2025\/06\/Kiekviena-brandi-moteris-\u2013-deive.webp","contentUrl":"https:\/\/skaitytaknyga.lt\/wp-content\/uploads\/2025\/06\/Kiekviena-brandi-moteris-\u2013-deive.webp","width":285,"height":424,"caption":"Kiekviena brandi moteris \u2013 deiv\u0117"},{"@type":"BreadcrumbList","@id":"https:\/\/skaitytaknyga.lt\/produktas\/kiekviena-brandi-moteris-deive\/#breadcrumb","itemListElement":[{"@type":"ListItem","position":1,"name":"Home","item":"https:\/\/skaitytaknyga.lt\/"},{"@type":"ListItem","position":2,"name":"Parduotuv\u0117","item":"https:\/\/skaitytaknyga.lt\/knygu-parduotuve\/"},{"@type":"ListItem","position":3,"name":"Kiekviena brandi moteris &#8211; deiv\u0117"}]},{"@type":"WebSite","@id":"https:\/\/skaitytaknyga.lt\/#website","url":"https:\/\/skaitytaknyga.lt\/","name":"skaitytaknyga.lt","description":"Skaitytaknyga.lt \u2013 tai ma\u017eas \u0161eimos verslas, kuris prasid\u0117jo nuo meil\u0117s knygoms ir siekio i\u0161gelb\u0117ti knygas nuo likimo prie konteinerio. Kas vienam nereikalingas daiktas \u2013 kitam lobis, o mes esame tarpininkai, kurie padeda abiems tapti laimingesniems ???? \u017dinome kaip nelengva i\u0161gyventi ma\u017eiems verslams, tad nuo \u0161iol, \u010dia rasite ir kit\u0173, ma\u017e\u0173 \u0161eim\u0173 versl\u0173, rank\u0173 darbo, dovan\u0173 sau ir artimiesiems.","publisher":{"@id":"https:\/\/skaitytaknyga.lt\/#organization"},"potentialAction":[{"@type":"SearchAction","target":{"@type":"EntryPoint","urlTemplate":"https:\/\/skaitytaknyga.lt\/?s={search_term_string}"},"query-input":{"@type":"PropertyValueSpecification","valueRequired":true,"valueName":"search_term_string"}}],"inLanguage":"en-GB"},{"@type":"Organization","@id":"https:\/\/skaitytaknyga.lt\/#organization","name":"skaitytaknyga.lt","url":"https:\/\/skaitytaknyga.lt\/","logo":{"@type":"ImageObject","inLanguage":"en-GB","@id":"https:\/\/skaitytaknyga.lt\/#\/schema\/logo\/image\/","url":"https:\/\/skaitytaknyga.lt\/wp-content\/uploads\/2024\/05\/cropped-cropped-cropped-02_00843_jt3bggkj1j3HLc7SyY6rEUpg.jpeg","contentUrl":"https:\/\/skaitytaknyga.lt\/wp-content\/uploads\/2024\/05\/cropped-cropped-cropped-02_00843_jt3bggkj1j3HLc7SyY6rEUpg.jpeg","width":1600,"height":1600,"caption":"skaitytaknyga.lt"},"image":{"@id":"https:\/\/skaitytaknyga.lt\/#\/schema\/logo\/image\/"},"sameAs":["https:\/\/www.facebook.com\/skaitytaknyga\/"]}]}},"_links":{"self":[{"href":"https:\/\/skaitytaknyga.lt\/en\/wp-json\/wp\/v2\/product\/18780","targetHints":{"allow":["GET"]}}],"collection":[{"href":"https:\/\/skaitytaknyga.lt\/en\/wp-json\/wp\/v2\/product"}],"about":[{"href":"https:\/\/skaitytaknyga.lt\/en\/wp-json\/wp\/v2\/types\/product"}],"replies":[{"embeddable":true,"href":"https:\/\/skaitytaknyga.lt\/en\/wp-json\/wp\/v2\/comments?post=18780"}],"wp:featuredmedia":[{"embeddable":true,"href":"https:\/\/skaitytaknyga.lt\/en\/wp-json\/wp\/v2\/media\/18782"}],"wp:attachment":[{"href":"https:\/\/skaitytaknyga.lt\/en\/wp-json\/wp\/v2\/media?parent=18780"}],"wp:term":[{"taxonomy":"product_brand","embeddable":true,"href":"https:\/\/skaitytaknyga.lt\/en\/wp-json\/wp\/v2\/product_brand?post=18780"},{"taxonomy":"product_cat","embeddable":true,"href":"https:\/\/skaitytaknyga.lt\/en\/wp-json\/wp\/v2\/product_cat?post=18780"},{"taxonomy":"product_tag","embeddable":true,"href":"https:\/\/skaitytaknyga.lt\/en\/wp-json\/wp\/v2\/product_tag?post=18780"}],"curies":[{"name":"wp","href":"https:\/\/api.w.org\/{rel}","templated":true}]}}