{"id":18779,"date":"2025-06-10T18:49:21","date_gmt":"2025-06-10T15:49:21","guid":{"rendered":"https:\/\/skaitytaknyga.lt\/?post_type=product&#038;p=18779"},"modified":"2025-07-07T09:26:34","modified_gmt":"2025-07-07T06:26:34","slug":"laiskai-sunui-vegetarui","status":"publish","type":"product","link":"https:\/\/skaitytaknyga.lt\/en\/produktas\/laiskai-sunui-vegetarui\/","title":{"rendered":"Lai\u0161kai s\u016bnui vegetarui"},"content":{"rendered":"<p>\u201eKai Elmis prad\u0117jo maitintis ne tik motinos pienu, bet ir kietu maistu, \u012f jo mityb\u0105 ne\u012ftrauk\u0117me m\u0117sos. Ir taip bus tol, kol jis pats kada nors galb\u016bt nuspr\u0119s j\u0105 valgyti.&#8221;<\/p>\n<p>Ital\u0173 semiotikos profesorius ir mylintis t\u0117tis Dario Martinelli trejus metus ra\u0161\u0117 lai\u0161kus s\u016bnui, prad\u0117j\u0119s, kai jam sukako pus\u0117 met\u0173. Visus juos jungia gyv\u016bn\u0173 tema. Gyv\u016bnai autoriui \u2013 tai ir gyvenimo filosofijos leitmotyvas. D. Martinelli svarbus ne vien vegetarizmas. Perm\u0105stoma aib\u0117 dalyk\u0173, d\u0117l kuri\u0173 jau\u010diam\u0117s tikri, apie tai net negalvodami. Autorius kritikuoja ne tik \u0161iuolaikin\u012f \u017emoni\u0173 ir gyv\u016bn\u0173 santyk\u012f, bet ir savipasitenkinim\u0105, neretai b\u016bding\u0105 gyv\u016bn\u0173 teisi\u0173 gyn\u0117jams&#8230; Pasitelkdamas erudicij\u0105 ir argumentus, D. Martinelli paai\u0161kina kasdienius savo sprendimus, kurie daro j\u012f laimingesn\u012f ir teisesn\u012f pat\u012f prie\u0161 save.<\/p>\n<p>***<\/p>\n<p>Tai Lietuvoje dar gana naujas po\u017ei\u016bris \u012f vaik\u0173 auginim\u0105 be dviveidi\u0161kumo: da\u017enai meil\u0119 gyv\u016bnams skiepijantys t\u0117vai \u010dia pat vaikui paduoda maltos m\u0117sos kotlet\u0105, lengvai atskirdami mylimus gyv\u016bnus nuo t\u0173, kuriuos valgome&#8230; Pats b\u016bdamas vegetaras, D. Martinelli elgiasi kur kas nuosekliau, ta\u010diau n\u0117ra ir fanati\u0161kas. S\u016bnui jis linki svarbiausia b\u016bti laisvam ir rinktis s\u0105moningai.<\/p>\n<p>\u201e jei nenori tapti kankiniu \u2013 labai svarbu i\u0161laikyti pusiausvyr\u0105. \u017einoma, veganas yra dorybingesnis u\u017e vegetar\u0105, kuris neabejotinai dorybingesnis u\u017e t\u0105, kuris valgo \u017euv\u012f, bet nevalgo m\u0117sos , o pastarasis \u2013 u\u017e valgant\u012f \u017euv\u012f ir tik pauk\u0161tien\u0105, ir taip toliau. Taigi, tiesa, kad visada galima tobul\u0117ti, ta\u010diau, be abejon\u0117s, svarbus kiekvienas \u2013 net ir ma\u017eiausias \u2013 \u017eingsnis tobul\u0117jimo link. Yra elgesio ir gyvenimo b\u016bd\u0173, kuriuos gal\u0117si lengvai pritaikyti, ir toki\u0173, kurie atrodys ne\u012fgyvendinami. Reik\u0117s pa\u010diam pasirinkti, kur \u012fsmeigti kuoliukus ir nubr\u0117\u017eti savosios etikos ribas. Bet kad ir kur nutarsi juos perkelti \u2013 bus truput\u012f geriau nei jau buvo, ir \u2013 galb\u016bt \u2013 tai taps i\u0161eities ta\u0161ku, i\u0161 kurio i\u0161keliausi \u012f kit\u0105 stot\u012f ir pasieksi j\u0105 kaip tik tod\u0117l, kad dabar ji atrodys ar\u010diau.&#8221;<\/p>\n","protected":false},"excerpt":{"rendered":"<p>\u201eKai Elmis prad\u0117jo maitintis ne tik motinos pienu, bet ir kietu maistu, \u012f jo mityb\u0105 ne\u012ftrauk\u0117me m\u0117sos. Ir taip bus tol, kol jis pats kada nors galb\u016bt nuspr\u0119s j\u0105 valgyti.&#8221; Ital\u0173 semiotikos profesorius ir mylintis t\u0117tis Dario Martinelli trejus metus ra\u0161\u0117 lai\u0161kus s\u016bnui, prad\u0117j\u0119s, kai jam sukako pus\u0117 met\u0173. Visus juos jungia gyv\u016bn\u0173 tema. Gyv\u016bnai autoriui \u2013 tai ir gyvenimo filosofijos leitmotyvas. D. Martinelli svarbus ne vien vegetarizmas. Perm\u0105stoma aib\u0117 dalyk\u0173, d\u0117l kuri\u0173 jau\u010diam\u0117s tikri, apie tai net negalvodami. Autorius kritikuoja ne tik \u0161iuolaikin\u012f \u017emoni\u0173 ir gyv\u016bn\u0173 santyk\u012f, bet ir savipasitenkinim\u0105, neretai b\u016bding\u0105 gyv\u016bn\u0173 teisi\u0173 gyn\u0117jams&#8230; Pasitelkdamas erudicij\u0105 ir argumentus, D. Martinelli paai\u0161kina kasdienius savo sprendimus, kurie daro j\u012f laimingesn\u012f ir teisesn\u012f pat\u012f prie\u0161 save. *** Tai Lietuvoje dar gana naujas po\u017ei\u016bris \u012f vaik\u0173 auginim\u0105 be dviveidi\u0161kumo: da\u017enai meil\u0119 gyv\u016bnams skiepijantys t\u0117vai \u010dia pat vaikui paduoda maltos m\u0117sos kotlet\u0105, lengvai atskirdami mylimus gyv\u016bnus nuo t\u0173, kuriuos valgome&#8230; Pats b\u016bdamas vegetaras, D. Martinelli elgiasi kur kas nuosekliau, ta\u010diau n\u0117ra ir fanati\u0161kas. S\u016bnui jis linki svarbiausia b\u016bti laisvam ir rinktis s\u0105moningai. \u201e jei nenori tapti kankiniu \u2013 labai svarbu i\u0161laikyti pusiausvyr\u0105. \u017einoma, veganas yra dorybingesnis u\u017e vegetar\u0105, kuris neabejotinai dorybingesnis u\u017e t\u0105, kuris valgo \u017euv\u012f, bet nevalgo m\u0117sos , o pastarasis \u2013 u\u017e valgant\u012f \u017euv\u012f ir tik pauk\u0161tien\u0105, ir taip toliau. Taigi, tiesa, kad visada galima tobul\u0117ti, ta\u010diau, be abejon\u0117s, svarbus kiekvienas \u2013 net ir ma\u017eiausias \u2013 \u017eingsnis tobul\u0117jimo link. Yra elgesio ir gyvenimo b\u016bd\u0173, kuriuos gal\u0117si lengvai pritaikyti, ir toki\u0173, kurie atrodys ne\u012fgyvendinami. Reik\u0117s pa\u010diam pasirinkti, kur \u012fsmeigti kuoliukus ir nubr\u0117\u017eti savosios etikos ribas. Bet kad ir kur nutarsi juos perkelti \u2013 bus truput\u012f geriau nei jau buvo, ir \u2013 galb\u016bt \u2013 tai taps i\u0161eities ta\u0161ku, i\u0161 kurio i\u0161keliausi \u012f kit\u0105 stot\u012f ir pasieksi j\u0105 kaip tik tod\u0117l, kad dabar ji atrodys ar\u010diau.&#8221;<\/p>\n","protected":false},"featured_media":18781,"comment_status":"open","ping_status":"closed","template":"","meta":{"_acf_changed":false,"site-sidebar-layout":"default","site-content-layout":"","ast-site-content-layout":"default","site-content-style":"default","site-sidebar-style":"default","ast-global-header-display":"","ast-banner-title-visibility":"","ast-main-header-display":"","ast-hfb-above-header-display":"","ast-hfb-below-header-display":"","ast-hfb-mobile-header-display":"","site-post-title":"","ast-breadcrumbs-content":"","ast-featured-img":"","footer-sml-layout":"","ast-disable-related-posts":"","theme-transparent-header-meta":"","adv-header-id-meta":"","stick-header-meta":"","header-above-stick-meta":"","header-main-stick-meta":"","header-below-stick-meta":"","astra-migrate-meta-layouts":"default","ast-page-background-enabled":"default","ast-page-background-meta":{"desktop":{"background-color":"","background-image":"","background-repeat":"repeat","background-position":"center center","background-size":"auto","background-attachment":"scroll","background-type":"","background-media":"","overlay-type":"","overlay-color":"","overlay-opacity":"","overlay-gradient":""},"tablet":{"background-color":"","background-image":"","background-repeat":"repeat","background-position":"center center","background-size":"auto","background-attachment":"scroll","background-type":"","background-media":"","overlay-type":"","overlay-color":"","overlay-opacity":"","overlay-gradient":""},"mobile":{"background-color":"","background-image":"","background-repeat":"repeat","background-position":"center center","background-size":"auto","background-attachment":"scroll","background-type":"","background-media":"","overlay-type":"","overlay-color":"","overlay-opacity":"","overlay-gradient":""}},"ast-content-background-meta":{"desktop":{"background-color":"var(--ast-global-color-4)","background-image":"","background-repeat":"repeat","background-position":"center center","background-size":"auto","background-attachment":"scroll","background-type":"","background-media":"","overlay-type":"","overlay-color":"","overlay-opacity":"","overlay-gradient":""},"tablet":{"background-color":"var(--ast-global-color-4)","background-image":"","background-repeat":"repeat","background-position":"center center","background-size":"auto","background-attachment":"scroll","background-type":"","background-media":"","overlay-type":"","overlay-color":"","overlay-opacity":"","overlay-gradient":""},"mobile":{"background-color":"var(--ast-global-color-4)","background-image":"","background-repeat":"repeat","background-position":"center center","background-size":"auto","background-attachment":"scroll","background-type":"","background-media":"","overlay-type":"","overlay-color":"","overlay-opacity":"","overlay-gradient":""}}},"product_brand":[],"product_cat":[31],"product_tag":[4752,4751,2206,4750],"class_list":{"0":"post-18779","1":"product","2":"type-product","3":"status-publish","4":"has-post-thumbnail","6":"product_cat-grozine-literatura","7":"product_tag-dario-martinelli","8":"product_tag-gyvunu-teises","9":"product_tag-tevyste","10":"product_tag-vegetarizmas","11":"desktop-align-left","12":"tablet-align-left","13":"mobile-align-left","15":"first","16":"instock","17":"shipping-taxable","18":"purchasable","19":"product-type-simple"},"acf":[],"yoast_head":"<!-- This site is optimized with the Yoast SEO plugin v27.0 - https:\/\/yoast.com\/product\/yoast-seo-wordpress\/ -->\n<title>Lai\u0161kai s\u016bnui vegetarui<\/title>\n<meta name=\"description\" content=\"\u201eKai Elmis prad\u0117jo maitintis ne tik motinos pienu, bet ir kietu maistu, \u012f jo mityb\u0105 ne\u012ftrauk\u0117me m\u0117sos. Ir taip bus tol, kol jis pats kada nors galb\u016bt\" \/>\n<meta name=\"robots\" content=\"index, follow, max-snippet:-1, max-image-preview:large, max-video-preview:-1\" \/>\n<link rel=\"canonical\" href=\"https:\/\/skaitytaknyga.lt\/en\/produktas\/laiskai-sunui-vegetarui\/\" \/>\n<meta property=\"og:locale\" content=\"en_GB\" \/>\n<meta property=\"og:locale:alternate\" content=\"lt_LT\" \/>\n<meta property=\"og:type\" content=\"article\" \/>\n<meta property=\"og:title\" content=\"Lai\u0161kai s\u016bnui vegetarui\" \/>\n<meta property=\"og:description\" content=\"\u201eKai Elmis prad\u0117jo maitintis ne tik motinos pienu, bet ir kietu maistu, \u012f jo mityb\u0105 ne\u012ftrauk\u0117me m\u0117sos. Ir taip bus tol, kol jis pats kada nors galb\u016bt\" \/>\n<meta property=\"og:url\" content=\"https:\/\/skaitytaknyga.lt\/en\/produktas\/laiskai-sunui-vegetarui\/\" \/>\n<meta property=\"og:site_name\" content=\"Skaitytaknyga\" \/>\n<meta property=\"article:publisher\" content=\"https:\/\/www.facebook.com\/skaitytaknyga\/\" \/>\n<meta property=\"article:modified_time\" content=\"2025-07-07T06:26:34+00:00\" \/>\n<meta property=\"og:image\" content=\"https:\/\/skaitytaknyga.lt\/wp-content\/uploads\/2025\/06\/Laiskai-sunui-vegetarui.webp\" \/>\n\t<meta property=\"og:image:width\" content=\"499\" \/>\n\t<meta property=\"og:image:height\" content=\"709\" \/>\n\t<meta property=\"og:image:type\" content=\"image\/webp\" \/>\n<meta name=\"twitter:card\" content=\"summary_large_image\" \/>\n<meta name=\"twitter:label1\" content=\"Estimated reading time\" \/>\n\t<meta name=\"twitter:data1\" content=\"2 minutes\" \/>\n<script type=\"application\/ld+json\" class=\"yoast-schema-graph\">{\"@context\":\"https:\/\/schema.org\",\"@graph\":[{\"@type\":\"WebPage\",\"@id\":\"https:\/\/skaitytaknyga.lt\/produktas\/laiskai-sunui-vegetarui\/\",\"url\":\"https:\/\/skaitytaknyga.lt\/produktas\/laiskai-sunui-vegetarui\/\",\"name\":\"Lai\u0161kai s\u016bnui vegetarui\",\"isPartOf\":{\"@id\":\"https:\/\/skaitytaknyga.lt\/#website\"},\"primaryImageOfPage\":{\"@id\":\"https:\/\/skaitytaknyga.lt\/produktas\/laiskai-sunui-vegetarui\/#primaryimage\"},\"image\":{\"@id\":\"https:\/\/skaitytaknyga.lt\/produktas\/laiskai-sunui-vegetarui\/#primaryimage\"},\"thumbnailUrl\":\"https:\/\/skaitytaknyga.lt\/wp-content\/uploads\/2025\/06\/Laiskai-sunui-vegetarui.webp\",\"datePublished\":\"2025-06-10T15:49:21+00:00\",\"dateModified\":\"2025-07-07T06:26:34+00:00\",\"description\":\"\u201eKai Elmis prad\u0117jo maitintis ne tik motinos pienu, bet ir kietu maistu, \u012f jo mityb\u0105 ne\u012ftrauk\u0117me m\u0117sos. Ir taip bus tol, kol jis pats kada nors galb\u016bt\",\"breadcrumb\":{\"@id\":\"https:\/\/skaitytaknyga.lt\/produktas\/laiskai-sunui-vegetarui\/#breadcrumb\"},\"inLanguage\":\"en-GB\",\"potentialAction\":[{\"@type\":\"ReadAction\",\"target\":[\"https:\/\/skaitytaknyga.lt\/produktas\/laiskai-sunui-vegetarui\/\"]}]},{\"@type\":\"ImageObject\",\"inLanguage\":\"en-GB\",\"@id\":\"https:\/\/skaitytaknyga.lt\/produktas\/laiskai-sunui-vegetarui\/#primaryimage\",\"url\":\"https:\/\/skaitytaknyga.lt\/wp-content\/uploads\/2025\/06\/Laiskai-sunui-vegetarui.webp\",\"contentUrl\":\"https:\/\/skaitytaknyga.lt\/wp-content\/uploads\/2025\/06\/Laiskai-sunui-vegetarui.webp\",\"width\":499,\"height\":709,\"caption\":\"Lai\u0161kai s\u016bnui vegetarui\"},{\"@type\":\"BreadcrumbList\",\"@id\":\"https:\/\/skaitytaknyga.lt\/produktas\/laiskai-sunui-vegetarui\/#breadcrumb\",\"itemListElement\":[{\"@type\":\"ListItem\",\"position\":1,\"name\":\"Home\",\"item\":\"https:\/\/skaitytaknyga.lt\/\"},{\"@type\":\"ListItem\",\"position\":2,\"name\":\"Parduotuv\u0117\",\"item\":\"https:\/\/skaitytaknyga.lt\/knygu-parduotuve\/\"},{\"@type\":\"ListItem\",\"position\":3,\"name\":\"Lai\u0161kai s\u016bnui vegetarui\"}]},{\"@type\":\"WebSite\",\"@id\":\"https:\/\/skaitytaknyga.lt\/#website\",\"url\":\"https:\/\/skaitytaknyga.lt\/\",\"name\":\"skaitytaknyga.lt\",\"description\":\"Skaitytaknyga.lt \u2013 tai ma\u017eas \u0161eimos verslas, kuris prasid\u0117jo nuo meil\u0117s knygoms ir siekio i\u0161gelb\u0117ti knygas nuo likimo prie konteinerio. Kas vienam nereikalingas daiktas \u2013 kitam lobis, o mes esame tarpininkai, kurie padeda abiems tapti laimingesniems ???? \u017dinome kaip nelengva i\u0161gyventi ma\u017eiems verslams, tad nuo \u0161iol, \u010dia rasite ir kit\u0173, ma\u017e\u0173 \u0161eim\u0173 versl\u0173, rank\u0173 darbo, dovan\u0173 sau ir artimiesiems.\",\"publisher\":{\"@id\":\"https:\/\/skaitytaknyga.lt\/#organization\"},\"potentialAction\":[{\"@type\":\"SearchAction\",\"target\":{\"@type\":\"EntryPoint\",\"urlTemplate\":\"https:\/\/skaitytaknyga.lt\/?s={search_term_string}\"},\"query-input\":{\"@type\":\"PropertyValueSpecification\",\"valueRequired\":true,\"valueName\":\"search_term_string\"}}],\"inLanguage\":\"en-GB\"},{\"@type\":\"Organization\",\"@id\":\"https:\/\/skaitytaknyga.lt\/#organization\",\"name\":\"skaitytaknyga.lt\",\"url\":\"https:\/\/skaitytaknyga.lt\/\",\"logo\":{\"@type\":\"ImageObject\",\"inLanguage\":\"en-GB\",\"@id\":\"https:\/\/skaitytaknyga.lt\/#\/schema\/logo\/image\/\",\"url\":\"https:\/\/skaitytaknyga.lt\/wp-content\/uploads\/2024\/05\/cropped-cropped-cropped-02_00843_jt3bggkj1j3HLc7SyY6rEUpg.jpeg\",\"contentUrl\":\"https:\/\/skaitytaknyga.lt\/wp-content\/uploads\/2024\/05\/cropped-cropped-cropped-02_00843_jt3bggkj1j3HLc7SyY6rEUpg.jpeg\",\"width\":1600,\"height\":1600,\"caption\":\"skaitytaknyga.lt\"},\"image\":{\"@id\":\"https:\/\/skaitytaknyga.lt\/#\/schema\/logo\/image\/\"},\"sameAs\":[\"https:\/\/www.facebook.com\/skaitytaknyga\/\"]}]}<\/script>\n<!-- \/ Yoast SEO plugin. -->","yoast_head_json":{"title":"Lai\u0161kai s\u016bnui vegetarui","description":"\u201eKai Elmis prad\u0117jo maitintis ne tik motinos pienu, bet ir kietu maistu, \u012f jo mityb\u0105 ne\u012ftrauk\u0117me m\u0117sos. Ir taip bus tol, kol jis pats kada nors galb\u016bt","robots":{"index":"index","follow":"follow","max-snippet":"max-snippet:-1","max-image-preview":"max-image-preview:large","max-video-preview":"max-video-preview:-1"},"canonical":"https:\/\/skaitytaknyga.lt\/en\/produktas\/laiskai-sunui-vegetarui\/","og_locale":"en_GB","og_type":"article","og_title":"[:lt]Lai\u0161kai s\u016bnui vegetarui[:] - Skaitytaknyga","og_description":"\u201eKai Elmis prad\u0117jo maitintis ne tik motinos pienu, bet ir kietu maistu, \u012f jo mityb\u0105 ne\u012ftrauk\u0117me m\u0117sos. Ir taip bus tol, kol jis pats kada nors galb\u016bt","og_url":"https:\/\/skaitytaknyga.lt\/en\/produktas\/laiskai-sunui-vegetarui\/","og_site_name":"Skaitytaknyga","article_publisher":"https:\/\/www.facebook.com\/skaitytaknyga\/","article_modified_time":"2025-07-07T06:26:34+00:00","og_image":[{"width":499,"height":709,"url":"https:\/\/skaitytaknyga.lt\/wp-content\/uploads\/2025\/06\/Laiskai-sunui-vegetarui.webp","type":"image\/webp"}],"twitter_card":"summary_large_image","twitter_misc":{"Estimated reading time":"2 minutes"},"schema":{"@context":"https:\/\/schema.org","@graph":[{"@type":"WebPage","@id":"https:\/\/skaitytaknyga.lt\/produktas\/laiskai-sunui-vegetarui\/","url":"https:\/\/skaitytaknyga.lt\/produktas\/laiskai-sunui-vegetarui\/","name":"Lai\u0161kai s\u016bnui vegetarui","isPartOf":{"@id":"https:\/\/skaitytaknyga.lt\/#website"},"primaryImageOfPage":{"@id":"https:\/\/skaitytaknyga.lt\/produktas\/laiskai-sunui-vegetarui\/#primaryimage"},"image":{"@id":"https:\/\/skaitytaknyga.lt\/produktas\/laiskai-sunui-vegetarui\/#primaryimage"},"thumbnailUrl":"https:\/\/skaitytaknyga.lt\/wp-content\/uploads\/2025\/06\/Laiskai-sunui-vegetarui.webp","datePublished":"2025-06-10T15:49:21+00:00","dateModified":"2025-07-07T06:26:34+00:00","description":"\u201eKai Elmis prad\u0117jo maitintis ne tik motinos pienu, bet ir kietu maistu, \u012f jo mityb\u0105 ne\u012ftrauk\u0117me m\u0117sos. Ir taip bus tol, kol jis pats kada nors galb\u016bt","breadcrumb":{"@id":"https:\/\/skaitytaknyga.lt\/produktas\/laiskai-sunui-vegetarui\/#breadcrumb"},"inLanguage":"en-GB","potentialAction":[{"@type":"ReadAction","target":["https:\/\/skaitytaknyga.lt\/produktas\/laiskai-sunui-vegetarui\/"]}]},{"@type":"ImageObject","inLanguage":"en-GB","@id":"https:\/\/skaitytaknyga.lt\/produktas\/laiskai-sunui-vegetarui\/#primaryimage","url":"https:\/\/skaitytaknyga.lt\/wp-content\/uploads\/2025\/06\/Laiskai-sunui-vegetarui.webp","contentUrl":"https:\/\/skaitytaknyga.lt\/wp-content\/uploads\/2025\/06\/Laiskai-sunui-vegetarui.webp","width":499,"height":709,"caption":"Lai\u0161kai s\u016bnui vegetarui"},{"@type":"BreadcrumbList","@id":"https:\/\/skaitytaknyga.lt\/produktas\/laiskai-sunui-vegetarui\/#breadcrumb","itemListElement":[{"@type":"ListItem","position":1,"name":"Home","item":"https:\/\/skaitytaknyga.lt\/"},{"@type":"ListItem","position":2,"name":"Parduotuv\u0117","item":"https:\/\/skaitytaknyga.lt\/knygu-parduotuve\/"},{"@type":"ListItem","position":3,"name":"Lai\u0161kai s\u016bnui vegetarui"}]},{"@type":"WebSite","@id":"https:\/\/skaitytaknyga.lt\/#website","url":"https:\/\/skaitytaknyga.lt\/","name":"skaitytaknyga.lt","description":"Skaitytaknyga.lt \u2013 tai ma\u017eas \u0161eimos verslas, kuris prasid\u0117jo nuo meil\u0117s knygoms ir siekio i\u0161gelb\u0117ti knygas nuo likimo prie konteinerio. Kas vienam nereikalingas daiktas \u2013 kitam lobis, o mes esame tarpininkai, kurie padeda abiems tapti laimingesniems ???? \u017dinome kaip nelengva i\u0161gyventi ma\u017eiems verslams, tad nuo \u0161iol, \u010dia rasite ir kit\u0173, ma\u017e\u0173 \u0161eim\u0173 versl\u0173, rank\u0173 darbo, dovan\u0173 sau ir artimiesiems.","publisher":{"@id":"https:\/\/skaitytaknyga.lt\/#organization"},"potentialAction":[{"@type":"SearchAction","target":{"@type":"EntryPoint","urlTemplate":"https:\/\/skaitytaknyga.lt\/?s={search_term_string}"},"query-input":{"@type":"PropertyValueSpecification","valueRequired":true,"valueName":"search_term_string"}}],"inLanguage":"en-GB"},{"@type":"Organization","@id":"https:\/\/skaitytaknyga.lt\/#organization","name":"skaitytaknyga.lt","url":"https:\/\/skaitytaknyga.lt\/","logo":{"@type":"ImageObject","inLanguage":"en-GB","@id":"https:\/\/skaitytaknyga.lt\/#\/schema\/logo\/image\/","url":"https:\/\/skaitytaknyga.lt\/wp-content\/uploads\/2024\/05\/cropped-cropped-cropped-02_00843_jt3bggkj1j3HLc7SyY6rEUpg.jpeg","contentUrl":"https:\/\/skaitytaknyga.lt\/wp-content\/uploads\/2024\/05\/cropped-cropped-cropped-02_00843_jt3bggkj1j3HLc7SyY6rEUpg.jpeg","width":1600,"height":1600,"caption":"skaitytaknyga.lt"},"image":{"@id":"https:\/\/skaitytaknyga.lt\/#\/schema\/logo\/image\/"},"sameAs":["https:\/\/www.facebook.com\/skaitytaknyga\/"]}]}},"_links":{"self":[{"href":"https:\/\/skaitytaknyga.lt\/en\/wp-json\/wp\/v2\/product\/18779","targetHints":{"allow":["GET"]}}],"collection":[{"href":"https:\/\/skaitytaknyga.lt\/en\/wp-json\/wp\/v2\/product"}],"about":[{"href":"https:\/\/skaitytaknyga.lt\/en\/wp-json\/wp\/v2\/types\/product"}],"replies":[{"embeddable":true,"href":"https:\/\/skaitytaknyga.lt\/en\/wp-json\/wp\/v2\/comments?post=18779"}],"wp:featuredmedia":[{"embeddable":true,"href":"https:\/\/skaitytaknyga.lt\/en\/wp-json\/wp\/v2\/media\/18781"}],"wp:attachment":[{"href":"https:\/\/skaitytaknyga.lt\/en\/wp-json\/wp\/v2\/media?parent=18779"}],"wp:term":[{"taxonomy":"product_brand","embeddable":true,"href":"https:\/\/skaitytaknyga.lt\/en\/wp-json\/wp\/v2\/product_brand?post=18779"},{"taxonomy":"product_cat","embeddable":true,"href":"https:\/\/skaitytaknyga.lt\/en\/wp-json\/wp\/v2\/product_cat?post=18779"},{"taxonomy":"product_tag","embeddable":true,"href":"https:\/\/skaitytaknyga.lt\/en\/wp-json\/wp\/v2\/product_tag?post=18779"}],"curies":[{"name":"wp","href":"https:\/\/api.w.org\/{rel}","templated":true}]}}