{"id":18667,"date":"2025-06-06T10:54:14","date_gmt":"2025-06-06T07:54:14","guid":{"rendered":"https:\/\/skaitytaknyga.lt\/?post_type=product&#038;p=18667"},"modified":"2025-06-10T08:22:06","modified_gmt":"2025-06-10T05:22:06","slug":"zali","status":"publish","type":"product","link":"https:\/\/skaitytaknyga.lt\/en\/produktas\/zali\/","title":{"rendered":"\u017dali"},"content":{"rendered":"<p>Kontraversi\u0161kai vertinamas, audringai kritikuotas, netgi skandalingas&#8230; Tai Mariaus Iva\u0161kevi\u010diaus romanas \u201e\u017dali&#8221;, kuriame puikiai \u017einomi partizaninio karo dalyvi\u0173 vardai atgyja ne tam, kad atspind\u0117t\u0173 istorin\u0119 realyb\u0119, o tam, kad tapt\u0173 naujo \u017eaismingai, intriguojan\u010diai ir dr\u0105siai kuriamo postmodernaus literat\u016brinio paveikslo dalimi.<\/p>\n<p>Partizaninio pogrind\u017eio kari\u0173 pavard\u0117s ir istoriniai faktai sukuria Lietuvos pokario met\u0173 kontekst\u0105, kuriame nevar\u017eomai laisvai veikia \u2013 myli, i\u0161duoda, ken\u010dia, mir\u0161ta ir kitaip i\u0161gyvena b\u016bt\u012f \u2013 istorini\u0173 asmenybi\u0173 prototipai, kuri\u0173 pagrindin\u0117s fig\u016bros yra vadas Jonas \u017demaitis ir jo kovos draugai. Autorius atsisako politinio \u2013 prosovietinio arba prolietuvi\u0161ko \u2013 pasakojimo b\u016bdo ir i\u0161laisvina veik\u0117jus nuo b\u016btinyb\u0117s atstovauti tam tikr\u0105 pozicij\u0105. Rib\u0173 nepripa\u017e\u012fstanti vaizduot\u0117s galia veda skaitytojus ten, kur vengiant partizan\u0173 heroizavimo ir strib\u0173 demonizavimo tarpsta buitis, jausmai, intymus gyvenimas. Taip kuriant intrig\u0105, \u017eaid\u017eiant, sukre\u010diant ar net \u0161okiruojant keliaujama per trump\u0105 \u017emogaus egzistencij\u0105.<\/p>\n<p>Mariaus Iva\u0161kevi\u010diaus teigimu, \u0161iuo romanu siekta ne \u0161aipytis ar juoktis, bet pavaizduoti realisti\u0161kai. Kartais per daug realisti\u0161kai. Taip ra\u0161ytojo kurtas realizmas susikirto su patriotiniu to laikotarpio vaizdavimu, sukeldamas audring\u0173 diskusij\u0173 bang\u0105. Istorikas Aurimas \u0160vedas \u0161\u012f antr\u0105j\u012f \u201e\u017dali\u0173&#8221; leidim\u0105 pavadino \u201eturb\u016bt labiausiai nesuprastu lietuvi\u0173 romanu&#8221;.<\/p>\n","protected":false},"excerpt":{"rendered":"<p>Kontraversi\u0161kai vertinamas, audringai kritikuotas, netgi skandalingas&#8230; Tai Mariaus Iva\u0161kevi\u010diaus romanas \u201e\u017dali&#8221;, kuriame puikiai \u017einomi partizaninio karo dalyvi\u0173 vardai atgyja ne tam, kad atspind\u0117t\u0173 istorin\u0119 realyb\u0119, o tam, kad tapt\u0173 naujo \u017eaismingai, intriguojan\u010diai ir dr\u0105siai kuriamo postmodernaus literat\u016brinio paveikslo dalimi. Partizaninio pogrind\u017eio kari\u0173 pavard\u0117s ir istoriniai faktai sukuria Lietuvos pokario met\u0173 kontekst\u0105, kuriame nevar\u017eomai laisvai veikia \u2013 myli, i\u0161duoda, ken\u010dia, mir\u0161ta ir kitaip i\u0161gyvena b\u016bt\u012f \u2013 istorini\u0173 asmenybi\u0173 prototipai, kuri\u0173 pagrindin\u0117s fig\u016bros yra vadas Jonas \u017demaitis ir jo kovos draugai. Autorius atsisako politinio \u2013 prosovietinio arba prolietuvi\u0161ko \u2013 pasakojimo b\u016bdo ir i\u0161laisvina veik\u0117jus nuo b\u016btinyb\u0117s atstovauti tam tikr\u0105 pozicij\u0105. Rib\u0173 nepripa\u017e\u012fstanti vaizduot\u0117s galia veda skaitytojus ten, kur vengiant partizan\u0173 heroizavimo ir strib\u0173 demonizavimo tarpsta buitis, jausmai, intymus gyvenimas. Taip kuriant intrig\u0105, \u017eaid\u017eiant, sukre\u010diant ar net \u0161okiruojant keliaujama per trump\u0105 \u017emogaus egzistencij\u0105. Mariaus Iva\u0161kevi\u010diaus teigimu, \u0161iuo romanu siekta ne \u0161aipytis ar juoktis, bet pavaizduoti realisti\u0161kai. Kartais per daug realisti\u0161kai. Taip ra\u0161ytojo kurtas realizmas susikirto su patriotiniu to laikotarpio vaizdavimu, sukeldamas audring\u0173 diskusij\u0173 bang\u0105. Istorikas Aurimas \u0160vedas \u0161\u012f antr\u0105j\u012f \u201e\u017dali\u0173&#8221; leidim\u0105 pavadino \u201eturb\u016bt labiausiai nesuprastu lietuvi\u0173 romanu&#8221;.<\/p>\n","protected":false},"featured_media":18672,"comment_status":"open","ping_status":"closed","template":"","meta":{"_acf_changed":false,"site-sidebar-layout":"default","site-content-layout":"","ast-site-content-layout":"default","site-content-style":"default","site-sidebar-style":"default","ast-global-header-display":"","ast-banner-title-visibility":"","ast-main-header-display":"","ast-hfb-above-header-display":"","ast-hfb-below-header-display":"","ast-hfb-mobile-header-display":"","site-post-title":"","ast-breadcrumbs-content":"","ast-featured-img":"","footer-sml-layout":"","ast-disable-related-posts":"","theme-transparent-header-meta":"","adv-header-id-meta":"","stick-header-meta":"","header-above-stick-meta":"","header-main-stick-meta":"","header-below-stick-meta":"","astra-migrate-meta-layouts":"default","ast-page-background-enabled":"default","ast-page-background-meta":{"desktop":{"background-color":"","background-image":"","background-repeat":"repeat","background-position":"center center","background-size":"auto","background-attachment":"scroll","background-type":"","background-media":"","overlay-type":"","overlay-color":"","overlay-opacity":"","overlay-gradient":""},"tablet":{"background-color":"","background-image":"","background-repeat":"repeat","background-position":"center center","background-size":"auto","background-attachment":"scroll","background-type":"","background-media":"","overlay-type":"","overlay-color":"","overlay-opacity":"","overlay-gradient":""},"mobile":{"background-color":"","background-image":"","background-repeat":"repeat","background-position":"center center","background-size":"auto","background-attachment":"scroll","background-type":"","background-media":"","overlay-type":"","overlay-color":"","overlay-opacity":"","overlay-gradient":""}},"ast-content-background-meta":{"desktop":{"background-color":"var(--ast-global-color-4)","background-image":"","background-repeat":"repeat","background-position":"center center","background-size":"auto","background-attachment":"scroll","background-type":"","background-media":"","overlay-type":"","overlay-color":"","overlay-opacity":"","overlay-gradient":""},"tablet":{"background-color":"var(--ast-global-color-4)","background-image":"","background-repeat":"repeat","background-position":"center center","background-size":"auto","background-attachment":"scroll","background-type":"","background-media":"","overlay-type":"","overlay-color":"","overlay-opacity":"","overlay-gradient":""},"mobile":{"background-color":"var(--ast-global-color-4)","background-image":"","background-repeat":"repeat","background-position":"center center","background-size":"auto","background-attachment":"scroll","background-type":"","background-media":"","overlay-type":"","overlay-color":"","overlay-opacity":"","overlay-gradient":""}}},"product_brand":[],"product_cat":[15],"product_tag":[2224,4725,2225,3814,1745],"class_list":{"0":"post-18667","1":"product","2":"type-product","3":"status-publish","4":"has-post-thumbnail","6":"product_cat-uncategorized","7":"product_tag-istorija","8":"product_tag-marius-ivaskevicius","9":"product_tag-partizanai","10":"product_tag-pokaris","11":"product_tag-romanas","12":"desktop-align-left","13":"tablet-align-left","14":"mobile-align-left","16":"first","17":"instock","18":"shipping-taxable","19":"purchasable","20":"product-type-simple"},"acf":[],"yoast_head":"<!-- This site is optimized with the Yoast SEO plugin v27.0 - https:\/\/yoast.com\/product\/yoast-seo-wordpress\/ -->\n<title>\u017dali<\/title>\n<meta name=\"description\" content=\"Kontraversi\u0161kai vertinamas, audringai kritikuotas, netgi skandalingas... Tai Mariaus Iva\u0161kevi\u010diaus romanas \u201e\u017dali&quot;, kuriame puikiai \u017einomi partizaninio\" \/>\n<meta name=\"robots\" content=\"index, follow, max-snippet:-1, max-image-preview:large, max-video-preview:-1\" \/>\n<link rel=\"canonical\" href=\"https:\/\/skaitytaknyga.lt\/en\/produktas\/zali\/\" \/>\n<meta property=\"og:locale\" content=\"en_GB\" \/>\n<meta property=\"og:locale:alternate\" content=\"lt_LT\" \/>\n<meta property=\"og:type\" content=\"article\" \/>\n<meta property=\"og:title\" content=\"\u017dali\" \/>\n<meta property=\"og:description\" content=\"Kontraversi\u0161kai vertinamas, audringai kritikuotas, netgi skandalingas... Tai Mariaus Iva\u0161kevi\u010diaus romanas \u201e\u017dali&quot;, kuriame puikiai \u017einomi partizaninio\" \/>\n<meta property=\"og:url\" content=\"https:\/\/skaitytaknyga.lt\/en\/produktas\/zali\/\" \/>\n<meta property=\"og:site_name\" content=\"Skaitytaknyga\" \/>\n<meta property=\"article:publisher\" content=\"https:\/\/www.facebook.com\/skaitytaknyga\/\" \/>\n<meta property=\"article:modified_time\" content=\"2025-06-10T05:22:06+00:00\" \/>\n<meta property=\"og:image\" content=\"https:\/\/skaitytaknyga.lt\/wp-content\/uploads\/2025\/05\/Zali.webp\" \/>\n\t<meta property=\"og:image:width\" content=\"401\" \/>\n\t<meta property=\"og:image:height\" content=\"600\" \/>\n\t<meta property=\"og:image:type\" content=\"image\/webp\" \/>\n<meta name=\"twitter:card\" content=\"summary_large_image\" \/>\n<meta name=\"twitter:label1\" content=\"Estimated reading time\" \/>\n\t<meta name=\"twitter:data1\" content=\"1 minute\" \/>\n<script type=\"application\/ld+json\" class=\"yoast-schema-graph\">{\"@context\":\"https:\/\/schema.org\",\"@graph\":[{\"@type\":\"WebPage\",\"@id\":\"https:\/\/skaitytaknyga.lt\/produktas\/zali\/\",\"url\":\"https:\/\/skaitytaknyga.lt\/produktas\/zali\/\",\"name\":\"\u017dali\",\"isPartOf\":{\"@id\":\"https:\/\/skaitytaknyga.lt\/#website\"},\"primaryImageOfPage\":{\"@id\":\"https:\/\/skaitytaknyga.lt\/produktas\/zali\/#primaryimage\"},\"image\":{\"@id\":\"https:\/\/skaitytaknyga.lt\/produktas\/zali\/#primaryimage\"},\"thumbnailUrl\":\"https:\/\/skaitytaknyga.lt\/wp-content\/uploads\/2025\/05\/Zali.webp\",\"datePublished\":\"2025-06-06T07:54:14+00:00\",\"dateModified\":\"2025-06-10T05:22:06+00:00\",\"description\":\"Kontraversi\u0161kai vertinamas, audringai kritikuotas, netgi skandalingas... Tai Mariaus Iva\u0161kevi\u010diaus romanas \u201e\u017dali\\\", kuriame puikiai \u017einomi partizaninio\",\"breadcrumb\":{\"@id\":\"https:\/\/skaitytaknyga.lt\/produktas\/zali\/#breadcrumb\"},\"inLanguage\":\"en-GB\",\"potentialAction\":[{\"@type\":\"ReadAction\",\"target\":[\"https:\/\/skaitytaknyga.lt\/produktas\/zali\/\"]}]},{\"@type\":\"ImageObject\",\"inLanguage\":\"en-GB\",\"@id\":\"https:\/\/skaitytaknyga.lt\/produktas\/zali\/#primaryimage\",\"url\":\"https:\/\/skaitytaknyga.lt\/wp-content\/uploads\/2025\/05\/Zali.webp\",\"contentUrl\":\"https:\/\/skaitytaknyga.lt\/wp-content\/uploads\/2025\/05\/Zali.webp\",\"width\":401,\"height\":600,\"caption\":\"\u017dali\"},{\"@type\":\"BreadcrumbList\",\"@id\":\"https:\/\/skaitytaknyga.lt\/produktas\/zali\/#breadcrumb\",\"itemListElement\":[{\"@type\":\"ListItem\",\"position\":1,\"name\":\"Home\",\"item\":\"https:\/\/skaitytaknyga.lt\/\"},{\"@type\":\"ListItem\",\"position\":2,\"name\":\"Parduotuv\u0117\",\"item\":\"https:\/\/skaitytaknyga.lt\/knygu-parduotuve\/\"},{\"@type\":\"ListItem\",\"position\":3,\"name\":\"\u017dali\"}]},{\"@type\":\"WebSite\",\"@id\":\"https:\/\/skaitytaknyga.lt\/#website\",\"url\":\"https:\/\/skaitytaknyga.lt\/\",\"name\":\"skaitytaknyga.lt\",\"description\":\"Skaitytaknyga.lt \u2013 tai ma\u017eas \u0161eimos verslas, kuris prasid\u0117jo nuo meil\u0117s knygoms ir siekio i\u0161gelb\u0117ti knygas nuo likimo prie konteinerio. Kas vienam nereikalingas daiktas \u2013 kitam lobis, o mes esame tarpininkai, kurie padeda abiems tapti laimingesniems ???? \u017dinome kaip nelengva i\u0161gyventi ma\u017eiems verslams, tad nuo \u0161iol, \u010dia rasite ir kit\u0173, ma\u017e\u0173 \u0161eim\u0173 versl\u0173, rank\u0173 darbo, dovan\u0173 sau ir artimiesiems.\",\"publisher\":{\"@id\":\"https:\/\/skaitytaknyga.lt\/#organization\"},\"potentialAction\":[{\"@type\":\"SearchAction\",\"target\":{\"@type\":\"EntryPoint\",\"urlTemplate\":\"https:\/\/skaitytaknyga.lt\/?s={search_term_string}\"},\"query-input\":{\"@type\":\"PropertyValueSpecification\",\"valueRequired\":true,\"valueName\":\"search_term_string\"}}],\"inLanguage\":\"en-GB\"},{\"@type\":\"Organization\",\"@id\":\"https:\/\/skaitytaknyga.lt\/#organization\",\"name\":\"skaitytaknyga.lt\",\"url\":\"https:\/\/skaitytaknyga.lt\/\",\"logo\":{\"@type\":\"ImageObject\",\"inLanguage\":\"en-GB\",\"@id\":\"https:\/\/skaitytaknyga.lt\/#\/schema\/logo\/image\/\",\"url\":\"https:\/\/skaitytaknyga.lt\/wp-content\/uploads\/2024\/05\/cropped-cropped-cropped-02_00843_jt3bggkj1j3HLc7SyY6rEUpg.jpeg\",\"contentUrl\":\"https:\/\/skaitytaknyga.lt\/wp-content\/uploads\/2024\/05\/cropped-cropped-cropped-02_00843_jt3bggkj1j3HLc7SyY6rEUpg.jpeg\",\"width\":1600,\"height\":1600,\"caption\":\"skaitytaknyga.lt\"},\"image\":{\"@id\":\"https:\/\/skaitytaknyga.lt\/#\/schema\/logo\/image\/\"},\"sameAs\":[\"https:\/\/www.facebook.com\/skaitytaknyga\/\"]}]}<\/script>\n<!-- \/ Yoast SEO plugin. -->","yoast_head_json":{"title":"\u017dali","description":"Kontraversi\u0161kai vertinamas, audringai kritikuotas, netgi skandalingas... Tai Mariaus Iva\u0161kevi\u010diaus romanas \u201e\u017dali\", kuriame puikiai \u017einomi partizaninio","robots":{"index":"index","follow":"follow","max-snippet":"max-snippet:-1","max-image-preview":"max-image-preview:large","max-video-preview":"max-video-preview:-1"},"canonical":"https:\/\/skaitytaknyga.lt\/en\/produktas\/zali\/","og_locale":"en_GB","og_type":"article","og_title":"[:lt]\u017dali[:] - Skaitytaknyga","og_description":"Kontraversi\u0161kai vertinamas, audringai kritikuotas, netgi skandalingas... Tai Mariaus Iva\u0161kevi\u010diaus romanas \u201e\u017dali\", kuriame puikiai \u017einomi partizaninio","og_url":"https:\/\/skaitytaknyga.lt\/en\/produktas\/zali\/","og_site_name":"Skaitytaknyga","article_publisher":"https:\/\/www.facebook.com\/skaitytaknyga\/","article_modified_time":"2025-06-10T05:22:06+00:00","og_image":[{"width":401,"height":600,"url":"https:\/\/skaitytaknyga.lt\/wp-content\/uploads\/2025\/05\/Zali.webp","type":"image\/webp"}],"twitter_card":"summary_large_image","twitter_misc":{"Estimated reading time":"1 minute"},"schema":{"@context":"https:\/\/schema.org","@graph":[{"@type":"WebPage","@id":"https:\/\/skaitytaknyga.lt\/produktas\/zali\/","url":"https:\/\/skaitytaknyga.lt\/produktas\/zali\/","name":"\u017dali","isPartOf":{"@id":"https:\/\/skaitytaknyga.lt\/#website"},"primaryImageOfPage":{"@id":"https:\/\/skaitytaknyga.lt\/produktas\/zali\/#primaryimage"},"image":{"@id":"https:\/\/skaitytaknyga.lt\/produktas\/zali\/#primaryimage"},"thumbnailUrl":"https:\/\/skaitytaknyga.lt\/wp-content\/uploads\/2025\/05\/Zali.webp","datePublished":"2025-06-06T07:54:14+00:00","dateModified":"2025-06-10T05:22:06+00:00","description":"Kontraversi\u0161kai vertinamas, audringai kritikuotas, netgi skandalingas... Tai Mariaus Iva\u0161kevi\u010diaus romanas \u201e\u017dali\", kuriame puikiai \u017einomi partizaninio","breadcrumb":{"@id":"https:\/\/skaitytaknyga.lt\/produktas\/zali\/#breadcrumb"},"inLanguage":"en-GB","potentialAction":[{"@type":"ReadAction","target":["https:\/\/skaitytaknyga.lt\/produktas\/zali\/"]}]},{"@type":"ImageObject","inLanguage":"en-GB","@id":"https:\/\/skaitytaknyga.lt\/produktas\/zali\/#primaryimage","url":"https:\/\/skaitytaknyga.lt\/wp-content\/uploads\/2025\/05\/Zali.webp","contentUrl":"https:\/\/skaitytaknyga.lt\/wp-content\/uploads\/2025\/05\/Zali.webp","width":401,"height":600,"caption":"\u017dali"},{"@type":"BreadcrumbList","@id":"https:\/\/skaitytaknyga.lt\/produktas\/zali\/#breadcrumb","itemListElement":[{"@type":"ListItem","position":1,"name":"Home","item":"https:\/\/skaitytaknyga.lt\/"},{"@type":"ListItem","position":2,"name":"Parduotuv\u0117","item":"https:\/\/skaitytaknyga.lt\/knygu-parduotuve\/"},{"@type":"ListItem","position":3,"name":"\u017dali"}]},{"@type":"WebSite","@id":"https:\/\/skaitytaknyga.lt\/#website","url":"https:\/\/skaitytaknyga.lt\/","name":"skaitytaknyga.lt","description":"Skaitytaknyga.lt \u2013 tai ma\u017eas \u0161eimos verslas, kuris prasid\u0117jo nuo meil\u0117s knygoms ir siekio i\u0161gelb\u0117ti knygas nuo likimo prie konteinerio. Kas vienam nereikalingas daiktas \u2013 kitam lobis, o mes esame tarpininkai, kurie padeda abiems tapti laimingesniems ???? \u017dinome kaip nelengva i\u0161gyventi ma\u017eiems verslams, tad nuo \u0161iol, \u010dia rasite ir kit\u0173, ma\u017e\u0173 \u0161eim\u0173 versl\u0173, rank\u0173 darbo, dovan\u0173 sau ir artimiesiems.","publisher":{"@id":"https:\/\/skaitytaknyga.lt\/#organization"},"potentialAction":[{"@type":"SearchAction","target":{"@type":"EntryPoint","urlTemplate":"https:\/\/skaitytaknyga.lt\/?s={search_term_string}"},"query-input":{"@type":"PropertyValueSpecification","valueRequired":true,"valueName":"search_term_string"}}],"inLanguage":"en-GB"},{"@type":"Organization","@id":"https:\/\/skaitytaknyga.lt\/#organization","name":"skaitytaknyga.lt","url":"https:\/\/skaitytaknyga.lt\/","logo":{"@type":"ImageObject","inLanguage":"en-GB","@id":"https:\/\/skaitytaknyga.lt\/#\/schema\/logo\/image\/","url":"https:\/\/skaitytaknyga.lt\/wp-content\/uploads\/2024\/05\/cropped-cropped-cropped-02_00843_jt3bggkj1j3HLc7SyY6rEUpg.jpeg","contentUrl":"https:\/\/skaitytaknyga.lt\/wp-content\/uploads\/2024\/05\/cropped-cropped-cropped-02_00843_jt3bggkj1j3HLc7SyY6rEUpg.jpeg","width":1600,"height":1600,"caption":"skaitytaknyga.lt"},"image":{"@id":"https:\/\/skaitytaknyga.lt\/#\/schema\/logo\/image\/"},"sameAs":["https:\/\/www.facebook.com\/skaitytaknyga\/"]}]}},"_links":{"self":[{"href":"https:\/\/skaitytaknyga.lt\/en\/wp-json\/wp\/v2\/product\/18667","targetHints":{"allow":["GET"]}}],"collection":[{"href":"https:\/\/skaitytaknyga.lt\/en\/wp-json\/wp\/v2\/product"}],"about":[{"href":"https:\/\/skaitytaknyga.lt\/en\/wp-json\/wp\/v2\/types\/product"}],"replies":[{"embeddable":true,"href":"https:\/\/skaitytaknyga.lt\/en\/wp-json\/wp\/v2\/comments?post=18667"}],"wp:featuredmedia":[{"embeddable":true,"href":"https:\/\/skaitytaknyga.lt\/en\/wp-json\/wp\/v2\/media\/18672"}],"wp:attachment":[{"href":"https:\/\/skaitytaknyga.lt\/en\/wp-json\/wp\/v2\/media?parent=18667"}],"wp:term":[{"taxonomy":"product_brand","embeddable":true,"href":"https:\/\/skaitytaknyga.lt\/en\/wp-json\/wp\/v2\/product_brand?post=18667"},{"taxonomy":"product_cat","embeddable":true,"href":"https:\/\/skaitytaknyga.lt\/en\/wp-json\/wp\/v2\/product_cat?post=18667"},{"taxonomy":"product_tag","embeddable":true,"href":"https:\/\/skaitytaknyga.lt\/en\/wp-json\/wp\/v2\/product_tag?post=18667"}],"curies":[{"name":"wp","href":"https:\/\/api.w.org\/{rel}","templated":true}]}}