{"id":18665,"date":"2025-06-06T10:54:14","date_gmt":"2025-06-06T07:54:14","guid":{"rendered":"https:\/\/skaitytaknyga.lt\/?post_type=product&#038;p=18665"},"modified":"2025-06-10T08:22:06","modified_gmt":"2025-06-10T05:22:06","slug":"neitiketina","status":"publish","type":"product","link":"https:\/\/skaitytaknyga.lt\/en\/produktas\/neitiketina\/","title":{"rendered":"Ne\u012ftik\u0117tina&#8230;"},"content":{"rendered":"<p>Ne vienam skaitytojui \u010dia pateikiama med\u017eiaga pasirodys ne\u012ftik\u0117tina. Tik\u0117ti ar netik\u0117ti \u2013 kiekvieno reikalas. Asmeni\u0161kai autorius \u010dia nieko neprigalvojo, o tik apibendrino ir kruop\u0161\u010diai atrinko kelis de\u0161imtme\u010dius i\u0161 \u012fvairi\u0173 \u0161altini\u0173 kaupt\u0105 med\u017eiag\u0105. Atrenkant stengtasi remtis \u017einomesniais mokslininkais ar patikimesn\u0117mis organizacijomis. Kaip tik d\u0117l to knygoje tiek daug pavard\u017ei\u0173 ir organizacij\u0173 pavadinim\u0173, \u2013 norima skaitytojui pristatyti informacijos \u0161altinius.<\/p>\n<p>Mes retai susim\u0105stome apie nepa\u017eintus ar ne\u012ftik\u0117tinus mus supan\u010dius rei\u0161kinius ar dalykus. Nors \u017emonija, atrodo, pasiek\u0117 nepaprastai daug, vis dar lieka daugyb\u0117 nesuvokiam\u0173 ar ne\u017einom\u0173 dalyk\u0173.<\/p>\n<p>Knygoje \u201eNe\u012ftik\u0117tina&#8230;\u201c aptariami mums \u012fprastos ir tolimesn\u0117s aplinkos iki \u0161iol ma\u017eai i\u0161tirti ir da\u017enai dar ne\u012ftik\u0117tini dalykai. \u010cia negvildenamos M\u0117nulio, NSO ir kai kurios kitos \u012fdomios temos, apie kurias jau yra nema\u017eai naujos ne\u012ftik\u0117tinos informacijos, bet didel\u0117 jos dalis did\u017ei\u0173j\u0173 valstybi\u0173 dar \u012fslaptinta.<\/p>\n","protected":false},"excerpt":{"rendered":"<p>Ne vienam skaitytojui \u010dia pateikiama med\u017eiaga pasirodys ne\u012ftik\u0117tina. Tik\u0117ti ar netik\u0117ti \u2013 kiekvieno reikalas. Asmeni\u0161kai autorius \u010dia nieko neprigalvojo, o tik apibendrino ir kruop\u0161\u010diai atrinko kelis de\u0161imtme\u010dius i\u0161 \u012fvairi\u0173 \u0161altini\u0173 kaupt\u0105 med\u017eiag\u0105. Atrenkant stengtasi remtis \u017einomesniais mokslininkais ar patikimesn\u0117mis organizacijomis. Kaip tik d\u0117l to knygoje tiek daug pavard\u017ei\u0173 ir organizacij\u0173 pavadinim\u0173, \u2013 norima skaitytojui pristatyti informacijos \u0161altinius. Mes retai susim\u0105stome apie nepa\u017eintus ar ne\u012ftik\u0117tinus mus supan\u010dius rei\u0161kinius ar dalykus. Nors \u017emonija, atrodo, pasiek\u0117 nepaprastai daug, vis dar lieka daugyb\u0117 nesuvokiam\u0173 ar ne\u017einom\u0173 dalyk\u0173. Knygoje \u201eNe\u012ftik\u0117tina&#8230;\u201c aptariami mums \u012fprastos ir tolimesn\u0117s aplinkos iki \u0161iol ma\u017eai i\u0161tirti ir da\u017enai dar ne\u012ftik\u0117tini dalykai. \u010cia negvildenamos M\u0117nulio, NSO ir kai kurios kitos \u012fdomios temos, apie kurias jau yra nema\u017eai naujos ne\u012ftik\u0117tinos informacijos, bet didel\u0117 jos dalis did\u017ei\u0173j\u0173 valstybi\u0173 dar \u012fslaptinta.<\/p>\n","protected":false},"featured_media":18670,"comment_status":"open","ping_status":"closed","template":"","meta":{"_acf_changed":false,"site-sidebar-layout":"default","site-content-layout":"","ast-site-content-layout":"default","site-content-style":"default","site-sidebar-style":"default","ast-global-header-display":"","ast-banner-title-visibility":"","ast-main-header-display":"","ast-hfb-above-header-display":"","ast-hfb-below-header-display":"","ast-hfb-mobile-header-display":"","site-post-title":"","ast-breadcrumbs-content":"","ast-featured-img":"","footer-sml-layout":"","ast-disable-related-posts":"","theme-transparent-header-meta":"","adv-header-id-meta":"","stick-header-meta":"","header-above-stick-meta":"","header-main-stick-meta":"","header-below-stick-meta":"","astra-migrate-meta-layouts":"default","ast-page-background-enabled":"default","ast-page-background-meta":{"desktop":{"background-color":"","background-image":"","background-repeat":"repeat","background-position":"center center","background-size":"auto","background-attachment":"scroll","background-type":"","background-media":"","overlay-type":"","overlay-color":"","overlay-opacity":"","overlay-gradient":""},"tablet":{"background-color":"","background-image":"","background-repeat":"repeat","background-position":"center center","background-size":"auto","background-attachment":"scroll","background-type":"","background-media":"","overlay-type":"","overlay-color":"","overlay-opacity":"","overlay-gradient":""},"mobile":{"background-color":"","background-image":"","background-repeat":"repeat","background-position":"center center","background-size":"auto","background-attachment":"scroll","background-type":"","background-media":"","overlay-type":"","overlay-color":"","overlay-opacity":"","overlay-gradient":""}},"ast-content-background-meta":{"desktop":{"background-color":"var(--ast-global-color-4)","background-image":"","background-repeat":"repeat","background-position":"center center","background-size":"auto","background-attachment":"scroll","background-type":"","background-media":"","overlay-type":"","overlay-color":"","overlay-opacity":"","overlay-gradient":""},"tablet":{"background-color":"var(--ast-global-color-4)","background-image":"","background-repeat":"repeat","background-position":"center center","background-size":"auto","background-attachment":"scroll","background-type":"","background-media":"","overlay-type":"","overlay-color":"","overlay-opacity":"","overlay-gradient":""},"mobile":{"background-color":"var(--ast-global-color-4)","background-image":"","background-repeat":"repeat","background-position":"center center","background-size":"auto","background-attachment":"scroll","background-type":"","background-media":"","overlay-type":"","overlay-color":"","overlay-opacity":"","overlay-gradient":""}}},"product_brand":[],"product_cat":[15],"product_tag":[1524,4722,1478,4723,4721],"class_list":{"0":"post-18665","1":"product","2":"type-product","3":"status-publish","4":"has-post-thumbnail","6":"product_cat-uncategorized","7":"product_tag-mokslas","8":"product_tag-neitiketina","9":"product_tag-paslaptys","10":"product_tag-reiskiniai","11":"product_tag-vaidotas-januskis","12":"desktop-align-left","13":"tablet-align-left","14":"mobile-align-left","16":"first","17":"instock","18":"shipping-taxable","19":"purchasable","20":"product-type-simple"},"acf":[],"yoast_head":"<!-- This site is optimized with the Yoast SEO plugin v27.0 - https:\/\/yoast.com\/product\/yoast-seo-wordpress\/ -->\n<title>Ne\u012ftik\u0117tina...<\/title>\n<meta name=\"description\" content=\"Ne vienam skaitytojui \u010dia pateikiama med\u017eiaga pasirodys ne\u012ftik\u0117tina. Tik\u0117ti ar netik\u0117ti \u2013 kiekvieno reikalas. Asmeni\u0161kai autorius \u010dia nieko neprigalvojo,\" \/>\n<meta name=\"robots\" content=\"index, follow, max-snippet:-1, max-image-preview:large, max-video-preview:-1\" \/>\n<link rel=\"canonical\" href=\"https:\/\/skaitytaknyga.lt\/en\/produktas\/neitiketina\/\" \/>\n<meta property=\"og:locale\" content=\"en_GB\" \/>\n<meta property=\"og:locale:alternate\" content=\"lt_LT\" \/>\n<meta property=\"og:type\" content=\"article\" \/>\n<meta property=\"og:title\" content=\"Ne\u012ftik\u0117tina...\" \/>\n<meta property=\"og:description\" content=\"Ne vienam skaitytojui \u010dia pateikiama med\u017eiaga pasirodys ne\u012ftik\u0117tina. Tik\u0117ti ar netik\u0117ti \u2013 kiekvieno reikalas. Asmeni\u0161kai autorius \u010dia nieko neprigalvojo,\" \/>\n<meta property=\"og:url\" content=\"https:\/\/skaitytaknyga.lt\/en\/produktas\/neitiketina\/\" \/>\n<meta property=\"og:site_name\" content=\"Skaitytaknyga\" \/>\n<meta property=\"article:publisher\" content=\"https:\/\/www.facebook.com\/skaitytaknyga\/\" \/>\n<meta property=\"article:modified_time\" content=\"2025-06-10T05:22:06+00:00\" \/>\n<meta property=\"og:image\" content=\"https:\/\/skaitytaknyga.lt\/wp-content\/uploads\/2025\/05\/Neitiketina.webp\" \/>\n\t<meta property=\"og:image:width\" content=\"348\" \/>\n\t<meta property=\"og:image:height\" content=\"500\" \/>\n\t<meta property=\"og:image:type\" content=\"image\/webp\" \/>\n<meta name=\"twitter:card\" content=\"summary_large_image\" \/>\n<meta name=\"twitter:label1\" content=\"Estimated reading time\" \/>\n\t<meta name=\"twitter:data1\" content=\"1 minute\" \/>\n<script type=\"application\/ld+json\" class=\"yoast-schema-graph\">{\"@context\":\"https:\/\/schema.org\",\"@graph\":[{\"@type\":\"WebPage\",\"@id\":\"https:\/\/skaitytaknyga.lt\/produktas\/neitiketina\/\",\"url\":\"https:\/\/skaitytaknyga.lt\/produktas\/neitiketina\/\",\"name\":\"Ne\u012ftik\u0117tina...\",\"isPartOf\":{\"@id\":\"https:\/\/skaitytaknyga.lt\/#website\"},\"primaryImageOfPage\":{\"@id\":\"https:\/\/skaitytaknyga.lt\/produktas\/neitiketina\/#primaryimage\"},\"image\":{\"@id\":\"https:\/\/skaitytaknyga.lt\/produktas\/neitiketina\/#primaryimage\"},\"thumbnailUrl\":\"https:\/\/skaitytaknyga.lt\/wp-content\/uploads\/2025\/05\/Neitiketina.webp\",\"datePublished\":\"2025-06-06T07:54:14+00:00\",\"dateModified\":\"2025-06-10T05:22:06+00:00\",\"description\":\"Ne vienam skaitytojui \u010dia pateikiama med\u017eiaga pasirodys ne\u012ftik\u0117tina. Tik\u0117ti ar netik\u0117ti \u2013 kiekvieno reikalas. Asmeni\u0161kai autorius \u010dia nieko neprigalvojo,\",\"breadcrumb\":{\"@id\":\"https:\/\/skaitytaknyga.lt\/produktas\/neitiketina\/#breadcrumb\"},\"inLanguage\":\"en-GB\",\"potentialAction\":[{\"@type\":\"ReadAction\",\"target\":[\"https:\/\/skaitytaknyga.lt\/produktas\/neitiketina\/\"]}]},{\"@type\":\"ImageObject\",\"inLanguage\":\"en-GB\",\"@id\":\"https:\/\/skaitytaknyga.lt\/produktas\/neitiketina\/#primaryimage\",\"url\":\"https:\/\/skaitytaknyga.lt\/wp-content\/uploads\/2025\/05\/Neitiketina.webp\",\"contentUrl\":\"https:\/\/skaitytaknyga.lt\/wp-content\/uploads\/2025\/05\/Neitiketina.webp\",\"width\":348,\"height\":500,\"caption\":\"Ne\u012ftik\u0117tina...\"},{\"@type\":\"BreadcrumbList\",\"@id\":\"https:\/\/skaitytaknyga.lt\/produktas\/neitiketina\/#breadcrumb\",\"itemListElement\":[{\"@type\":\"ListItem\",\"position\":1,\"name\":\"Home\",\"item\":\"https:\/\/skaitytaknyga.lt\/\"},{\"@type\":\"ListItem\",\"position\":2,\"name\":\"Parduotuv\u0117\",\"item\":\"https:\/\/skaitytaknyga.lt\/knygu-parduotuve\/\"},{\"@type\":\"ListItem\",\"position\":3,\"name\":\"Ne\u012ftik\u0117tina&#8230;\"}]},{\"@type\":\"WebSite\",\"@id\":\"https:\/\/skaitytaknyga.lt\/#website\",\"url\":\"https:\/\/skaitytaknyga.lt\/\",\"name\":\"skaitytaknyga.lt\",\"description\":\"Skaitytaknyga.lt \u2013 tai ma\u017eas \u0161eimos verslas, kuris prasid\u0117jo nuo meil\u0117s knygoms ir siekio i\u0161gelb\u0117ti knygas nuo likimo prie konteinerio. Kas vienam nereikalingas daiktas \u2013 kitam lobis, o mes esame tarpininkai, kurie padeda abiems tapti laimingesniems ???? \u017dinome kaip nelengva i\u0161gyventi ma\u017eiems verslams, tad nuo \u0161iol, \u010dia rasite ir kit\u0173, ma\u017e\u0173 \u0161eim\u0173 versl\u0173, rank\u0173 darbo, dovan\u0173 sau ir artimiesiems.\",\"publisher\":{\"@id\":\"https:\/\/skaitytaknyga.lt\/#organization\"},\"potentialAction\":[{\"@type\":\"SearchAction\",\"target\":{\"@type\":\"EntryPoint\",\"urlTemplate\":\"https:\/\/skaitytaknyga.lt\/?s={search_term_string}\"},\"query-input\":{\"@type\":\"PropertyValueSpecification\",\"valueRequired\":true,\"valueName\":\"search_term_string\"}}],\"inLanguage\":\"en-GB\"},{\"@type\":\"Organization\",\"@id\":\"https:\/\/skaitytaknyga.lt\/#organization\",\"name\":\"skaitytaknyga.lt\",\"url\":\"https:\/\/skaitytaknyga.lt\/\",\"logo\":{\"@type\":\"ImageObject\",\"inLanguage\":\"en-GB\",\"@id\":\"https:\/\/skaitytaknyga.lt\/#\/schema\/logo\/image\/\",\"url\":\"https:\/\/skaitytaknyga.lt\/wp-content\/uploads\/2024\/05\/cropped-cropped-cropped-02_00843_jt3bggkj1j3HLc7SyY6rEUpg.jpeg\",\"contentUrl\":\"https:\/\/skaitytaknyga.lt\/wp-content\/uploads\/2024\/05\/cropped-cropped-cropped-02_00843_jt3bggkj1j3HLc7SyY6rEUpg.jpeg\",\"width\":1600,\"height\":1600,\"caption\":\"skaitytaknyga.lt\"},\"image\":{\"@id\":\"https:\/\/skaitytaknyga.lt\/#\/schema\/logo\/image\/\"},\"sameAs\":[\"https:\/\/www.facebook.com\/skaitytaknyga\/\"]}]}<\/script>\n<!-- \/ Yoast SEO plugin. -->","yoast_head_json":{"title":"Ne\u012ftik\u0117tina...","description":"Ne vienam skaitytojui \u010dia pateikiama med\u017eiaga pasirodys ne\u012ftik\u0117tina. Tik\u0117ti ar netik\u0117ti \u2013 kiekvieno reikalas. Asmeni\u0161kai autorius \u010dia nieko neprigalvojo,","robots":{"index":"index","follow":"follow","max-snippet":"max-snippet:-1","max-image-preview":"max-image-preview:large","max-video-preview":"max-video-preview:-1"},"canonical":"https:\/\/skaitytaknyga.lt\/en\/produktas\/neitiketina\/","og_locale":"en_GB","og_type":"article","og_title":"[:lt]Ne\u012ftik\u0117tina...[:] - Skaitytaknyga","og_description":"Ne vienam skaitytojui \u010dia pateikiama med\u017eiaga pasirodys ne\u012ftik\u0117tina. Tik\u0117ti ar netik\u0117ti \u2013 kiekvieno reikalas. Asmeni\u0161kai autorius \u010dia nieko neprigalvojo,","og_url":"https:\/\/skaitytaknyga.lt\/en\/produktas\/neitiketina\/","og_site_name":"Skaitytaknyga","article_publisher":"https:\/\/www.facebook.com\/skaitytaknyga\/","article_modified_time":"2025-06-10T05:22:06+00:00","og_image":[{"width":348,"height":500,"url":"https:\/\/skaitytaknyga.lt\/wp-content\/uploads\/2025\/05\/Neitiketina.webp","type":"image\/webp"}],"twitter_card":"summary_large_image","twitter_misc":{"Estimated reading time":"1 minute"},"schema":{"@context":"https:\/\/schema.org","@graph":[{"@type":"WebPage","@id":"https:\/\/skaitytaknyga.lt\/produktas\/neitiketina\/","url":"https:\/\/skaitytaknyga.lt\/produktas\/neitiketina\/","name":"Ne\u012ftik\u0117tina...","isPartOf":{"@id":"https:\/\/skaitytaknyga.lt\/#website"},"primaryImageOfPage":{"@id":"https:\/\/skaitytaknyga.lt\/produktas\/neitiketina\/#primaryimage"},"image":{"@id":"https:\/\/skaitytaknyga.lt\/produktas\/neitiketina\/#primaryimage"},"thumbnailUrl":"https:\/\/skaitytaknyga.lt\/wp-content\/uploads\/2025\/05\/Neitiketina.webp","datePublished":"2025-06-06T07:54:14+00:00","dateModified":"2025-06-10T05:22:06+00:00","description":"Ne vienam skaitytojui \u010dia pateikiama med\u017eiaga pasirodys ne\u012ftik\u0117tina. Tik\u0117ti ar netik\u0117ti \u2013 kiekvieno reikalas. Asmeni\u0161kai autorius \u010dia nieko neprigalvojo,","breadcrumb":{"@id":"https:\/\/skaitytaknyga.lt\/produktas\/neitiketina\/#breadcrumb"},"inLanguage":"en-GB","potentialAction":[{"@type":"ReadAction","target":["https:\/\/skaitytaknyga.lt\/produktas\/neitiketina\/"]}]},{"@type":"ImageObject","inLanguage":"en-GB","@id":"https:\/\/skaitytaknyga.lt\/produktas\/neitiketina\/#primaryimage","url":"https:\/\/skaitytaknyga.lt\/wp-content\/uploads\/2025\/05\/Neitiketina.webp","contentUrl":"https:\/\/skaitytaknyga.lt\/wp-content\/uploads\/2025\/05\/Neitiketina.webp","width":348,"height":500,"caption":"Ne\u012ftik\u0117tina..."},{"@type":"BreadcrumbList","@id":"https:\/\/skaitytaknyga.lt\/produktas\/neitiketina\/#breadcrumb","itemListElement":[{"@type":"ListItem","position":1,"name":"Home","item":"https:\/\/skaitytaknyga.lt\/"},{"@type":"ListItem","position":2,"name":"Parduotuv\u0117","item":"https:\/\/skaitytaknyga.lt\/knygu-parduotuve\/"},{"@type":"ListItem","position":3,"name":"Ne\u012ftik\u0117tina&#8230;"}]},{"@type":"WebSite","@id":"https:\/\/skaitytaknyga.lt\/#website","url":"https:\/\/skaitytaknyga.lt\/","name":"skaitytaknyga.lt","description":"Skaitytaknyga.lt \u2013 tai ma\u017eas \u0161eimos verslas, kuris prasid\u0117jo nuo meil\u0117s knygoms ir siekio i\u0161gelb\u0117ti knygas nuo likimo prie konteinerio. Kas vienam nereikalingas daiktas \u2013 kitam lobis, o mes esame tarpininkai, kurie padeda abiems tapti laimingesniems ???? \u017dinome kaip nelengva i\u0161gyventi ma\u017eiems verslams, tad nuo \u0161iol, \u010dia rasite ir kit\u0173, ma\u017e\u0173 \u0161eim\u0173 versl\u0173, rank\u0173 darbo, dovan\u0173 sau ir artimiesiems.","publisher":{"@id":"https:\/\/skaitytaknyga.lt\/#organization"},"potentialAction":[{"@type":"SearchAction","target":{"@type":"EntryPoint","urlTemplate":"https:\/\/skaitytaknyga.lt\/?s={search_term_string}"},"query-input":{"@type":"PropertyValueSpecification","valueRequired":true,"valueName":"search_term_string"}}],"inLanguage":"en-GB"},{"@type":"Organization","@id":"https:\/\/skaitytaknyga.lt\/#organization","name":"skaitytaknyga.lt","url":"https:\/\/skaitytaknyga.lt\/","logo":{"@type":"ImageObject","inLanguage":"en-GB","@id":"https:\/\/skaitytaknyga.lt\/#\/schema\/logo\/image\/","url":"https:\/\/skaitytaknyga.lt\/wp-content\/uploads\/2024\/05\/cropped-cropped-cropped-02_00843_jt3bggkj1j3HLc7SyY6rEUpg.jpeg","contentUrl":"https:\/\/skaitytaknyga.lt\/wp-content\/uploads\/2024\/05\/cropped-cropped-cropped-02_00843_jt3bggkj1j3HLc7SyY6rEUpg.jpeg","width":1600,"height":1600,"caption":"skaitytaknyga.lt"},"image":{"@id":"https:\/\/skaitytaknyga.lt\/#\/schema\/logo\/image\/"},"sameAs":["https:\/\/www.facebook.com\/skaitytaknyga\/"]}]}},"_links":{"self":[{"href":"https:\/\/skaitytaknyga.lt\/en\/wp-json\/wp\/v2\/product\/18665","targetHints":{"allow":["GET"]}}],"collection":[{"href":"https:\/\/skaitytaknyga.lt\/en\/wp-json\/wp\/v2\/product"}],"about":[{"href":"https:\/\/skaitytaknyga.lt\/en\/wp-json\/wp\/v2\/types\/product"}],"replies":[{"embeddable":true,"href":"https:\/\/skaitytaknyga.lt\/en\/wp-json\/wp\/v2\/comments?post=18665"}],"wp:featuredmedia":[{"embeddable":true,"href":"https:\/\/skaitytaknyga.lt\/en\/wp-json\/wp\/v2\/media\/18670"}],"wp:attachment":[{"href":"https:\/\/skaitytaknyga.lt\/en\/wp-json\/wp\/v2\/media?parent=18665"}],"wp:term":[{"taxonomy":"product_brand","embeddable":true,"href":"https:\/\/skaitytaknyga.lt\/en\/wp-json\/wp\/v2\/product_brand?post=18665"},{"taxonomy":"product_cat","embeddable":true,"href":"https:\/\/skaitytaknyga.lt\/en\/wp-json\/wp\/v2\/product_cat?post=18665"},{"taxonomy":"product_tag","embeddable":true,"href":"https:\/\/skaitytaknyga.lt\/en\/wp-json\/wp\/v2\/product_tag?post=18665"}],"curies":[{"name":"wp","href":"https:\/\/api.w.org\/{rel}","templated":true}]}}