{"id":18649,"date":"2025-06-06T10:54:15","date_gmt":"2025-06-06T07:54:15","guid":{"rendered":"https:\/\/skaitytaknyga.lt\/?post_type=product&#038;p=18649"},"modified":"2025-07-07T09:26:36","modified_gmt":"2025-07-07T06:26:36","slug":"savas-kambarys","status":"publish","type":"product","link":"https:\/\/skaitytaknyga.lt\/en\/produktas\/savas-kambarys\/","title":{"rendered":"Savas kambarys"},"content":{"rendered":"<p>\u201eSavas kambarys\u201c &#8211; es\u0117, para\u0161yta dviej\u0173 prane\u0161im\u0173 \u201eMoterys ir literat\u016bra\u201c pagrindu, analizuojanti moters k\u016br\u0117jos pad\u0117t\u012f vyr\u0173 dominuojamoje visuomen\u0117je. Pasitelkusi istorin\u0119 perspektyv\u0105, V.Woolf taikliai parodo \u012fvairias kli\u016btis, su kuriomis susidurdavo kurian\u010dios moterys. Ji padaro i\u0161 pirmo \u017evilgsnio kuriozi\u0161k\u0105, ta\u010diau pagr\u012fst\u0105 i\u0161vad\u0105: kad gal\u0117t\u0173 kurti, moteriai reikia savo kambario ir bent penki\u0173 \u0161imt\u0173 svar\u0173 pajam\u0173 per metus.<\/p>\n<p>Didel\u0119 \u201eSavo kambario\u201c s\u0117km\u0119 lemia ir tai, kad V. Woolf niekur nenuklysta \u012f didaktik\u0105 ir moralizavim\u0105. Ji tvirtai \u012fsitikinusi, kad visoki\u0173 grau\u017ea\u010di\u0173 ir neapykantos kamuojamas ra\u0161ytojas negali sukurti nieko, kas tur\u0117t\u0173 i\u0161liekam\u0105j\u0105 vert\u0119. Knyga aistringai, bet labai takti\u0161kai gina bendra\u017emogi\u0161k\u0105j\u012f humanizm\u0105 apskritai.<\/p>\n","protected":false},"excerpt":{"rendered":"<p>\u201eSavas kambarys\u201c &#8211; es\u0117, para\u0161yta dviej\u0173 prane\u0161im\u0173 \u201eMoterys ir literat\u016bra\u201c pagrindu, analizuojanti moters k\u016br\u0117jos pad\u0117t\u012f vyr\u0173 dominuojamoje visuomen\u0117je. Pasitelkusi istorin\u0119 perspektyv\u0105, V.Woolf taikliai parodo \u012fvairias kli\u016btis, su kuriomis susidurdavo kurian\u010dios moterys. Ji padaro i\u0161 pirmo \u017evilgsnio kuriozi\u0161k\u0105, ta\u010diau pagr\u012fst\u0105 i\u0161vad\u0105: kad gal\u0117t\u0173 kurti, moteriai reikia savo kambario ir bent penki\u0173 \u0161imt\u0173 svar\u0173 pajam\u0173 per metus. Didel\u0119 \u201eSavo kambario\u201c s\u0117km\u0119 lemia ir tai, kad V. Woolf niekur nenuklysta \u012f didaktik\u0105 ir moralizavim\u0105. Ji tvirtai \u012fsitikinusi, kad visoki\u0173 grau\u017ea\u010di\u0173 ir neapykantos kamuojamas ra\u0161ytojas negali sukurti nieko, kas tur\u0117t\u0173 i\u0161liekam\u0105j\u0105 vert\u0119. Knyga aistringai, bet labai takti\u0161kai gina bendra\u017emogi\u0161k\u0105j\u012f humanizm\u0105 apskritai.<\/p>\n","protected":false},"featured_media":18661,"comment_status":"open","ping_status":"closed","template":"","meta":{"_acf_changed":false,"site-sidebar-layout":"default","site-content-layout":"","ast-site-content-layout":"default","site-content-style":"default","site-sidebar-style":"default","ast-global-header-display":"","ast-banner-title-visibility":"","ast-main-header-display":"","ast-hfb-above-header-display":"","ast-hfb-below-header-display":"","ast-hfb-mobile-header-display":"","site-post-title":"","ast-breadcrumbs-content":"","ast-featured-img":"","footer-sml-layout":"","ast-disable-related-posts":"","theme-transparent-header-meta":"","adv-header-id-meta":"","stick-header-meta":"","header-above-stick-meta":"","header-main-stick-meta":"","header-below-stick-meta":"","astra-migrate-meta-layouts":"default","ast-page-background-enabled":"default","ast-page-background-meta":{"desktop":{"background-color":"","background-image":"","background-repeat":"repeat","background-position":"center center","background-size":"auto","background-attachment":"scroll","background-type":"","background-media":"","overlay-type":"","overlay-color":"","overlay-opacity":"","overlay-gradient":""},"tablet":{"background-color":"","background-image":"","background-repeat":"repeat","background-position":"center center","background-size":"auto","background-attachment":"scroll","background-type":"","background-media":"","overlay-type":"","overlay-color":"","overlay-opacity":"","overlay-gradient":""},"mobile":{"background-color":"","background-image":"","background-repeat":"repeat","background-position":"center center","background-size":"auto","background-attachment":"scroll","background-type":"","background-media":"","overlay-type":"","overlay-color":"","overlay-opacity":"","overlay-gradient":""}},"ast-content-background-meta":{"desktop":{"background-color":"var(--ast-global-color-4)","background-image":"","background-repeat":"repeat","background-position":"center center","background-size":"auto","background-attachment":"scroll","background-type":"","background-media":"","overlay-type":"","overlay-color":"","overlay-opacity":"","overlay-gradient":""},"tablet":{"background-color":"var(--ast-global-color-4)","background-image":"","background-repeat":"repeat","background-position":"center center","background-size":"auto","background-attachment":"scroll","background-type":"","background-media":"","overlay-type":"","overlay-color":"","overlay-opacity":"","overlay-gradient":""},"mobile":{"background-color":"var(--ast-global-color-4)","background-image":"","background-repeat":"repeat","background-position":"center center","background-size":"auto","background-attachment":"scroll","background-type":"","background-media":"","overlay-type":"","overlay-color":"","overlay-opacity":"","overlay-gradient":""}}},"product_brand":[],"product_cat":[31],"product_tag":[2033,2854,1492,2582,4715],"class_list":{"0":"post-18649","1":"product","2":"type-product","3":"status-publish","4":"has-post-thumbnail","6":"product_cat-grozine-literatura","7":"product_tag-ese","8":"product_tag-feminizmas","9":"product_tag-literatura","10":"product_tag-moterys","11":"product_tag-virginia-woolf","12":"desktop-align-left","13":"tablet-align-left","14":"mobile-align-left","16":"first","17":"instock","18":"shipping-taxable","19":"purchasable","20":"product-type-simple"},"acf":[],"yoast_head":"<!-- This site is optimized with the Yoast SEO plugin v27.0 - https:\/\/yoast.com\/product\/yoast-seo-wordpress\/ -->\n<title>Savas kambarys<\/title>\n<meta name=\"description\" content=\"\u201eSavas kambarys\u201c - es\u0117, para\u0161yta dviej\u0173 prane\u0161im\u0173 \u201eMoterys ir literat\u016bra\u201c pagrindu, analizuojanti moters k\u016br\u0117jos pad\u0117t\u012f vyr\u0173 dominuojamoje visuomen\u0117je.\" \/>\n<meta name=\"robots\" content=\"index, follow, max-snippet:-1, max-image-preview:large, max-video-preview:-1\" \/>\n<link rel=\"canonical\" href=\"https:\/\/skaitytaknyga.lt\/en\/produktas\/savas-kambarys\/\" \/>\n<meta property=\"og:locale\" content=\"en_GB\" \/>\n<meta property=\"og:locale:alternate\" content=\"lt_LT\" \/>\n<meta property=\"og:type\" content=\"article\" \/>\n<meta property=\"og:title\" content=\"Savas kambarys\" \/>\n<meta property=\"og:description\" content=\"\u201eSavas kambarys\u201c - es\u0117, para\u0161yta dviej\u0173 prane\u0161im\u0173 \u201eMoterys ir literat\u016bra\u201c pagrindu, analizuojanti moters k\u016br\u0117jos pad\u0117t\u012f vyr\u0173 dominuojamoje visuomen\u0117je.\" \/>\n<meta property=\"og:url\" content=\"https:\/\/skaitytaknyga.lt\/en\/produktas\/savas-kambarys\/\" \/>\n<meta property=\"og:site_name\" content=\"Skaitytaknyga\" \/>\n<meta property=\"article:publisher\" content=\"https:\/\/www.facebook.com\/skaitytaknyga\/\" \/>\n<meta property=\"article:modified_time\" content=\"2025-07-07T06:26:36+00:00\" \/>\n<meta property=\"og:image\" content=\"https:\/\/skaitytaknyga.lt\/wp-content\/uploads\/2025\/05\/Savas-kambarys.webp\" \/>\n\t<meta property=\"og:image:width\" content=\"506\" \/>\n\t<meta property=\"og:image:height\" content=\"801\" \/>\n\t<meta property=\"og:image:type\" content=\"image\/webp\" \/>\n<meta name=\"twitter:card\" content=\"summary_large_image\" \/>\n<meta name=\"twitter:label1\" content=\"Estimated reading time\" \/>\n\t<meta name=\"twitter:data1\" content=\"1 minute\" \/>\n<script type=\"application\/ld+json\" class=\"yoast-schema-graph\">{\"@context\":\"https:\/\/schema.org\",\"@graph\":[{\"@type\":\"WebPage\",\"@id\":\"https:\/\/skaitytaknyga.lt\/produktas\/savas-kambarys\/\",\"url\":\"https:\/\/skaitytaknyga.lt\/produktas\/savas-kambarys\/\",\"name\":\"Savas kambarys\",\"isPartOf\":{\"@id\":\"https:\/\/skaitytaknyga.lt\/#website\"},\"primaryImageOfPage\":{\"@id\":\"https:\/\/skaitytaknyga.lt\/produktas\/savas-kambarys\/#primaryimage\"},\"image\":{\"@id\":\"https:\/\/skaitytaknyga.lt\/produktas\/savas-kambarys\/#primaryimage\"},\"thumbnailUrl\":\"https:\/\/skaitytaknyga.lt\/wp-content\/uploads\/2025\/05\/Savas-kambarys.webp\",\"datePublished\":\"2025-06-06T07:54:15+00:00\",\"dateModified\":\"2025-07-07T06:26:36+00:00\",\"description\":\"\u201eSavas kambarys\u201c - es\u0117, para\u0161yta dviej\u0173 prane\u0161im\u0173 \u201eMoterys ir literat\u016bra\u201c pagrindu, analizuojanti moters k\u016br\u0117jos pad\u0117t\u012f vyr\u0173 dominuojamoje visuomen\u0117je.\",\"breadcrumb\":{\"@id\":\"https:\/\/skaitytaknyga.lt\/produktas\/savas-kambarys\/#breadcrumb\"},\"inLanguage\":\"en-GB\",\"potentialAction\":[{\"@type\":\"ReadAction\",\"target\":[\"https:\/\/skaitytaknyga.lt\/produktas\/savas-kambarys\/\"]}]},{\"@type\":\"ImageObject\",\"inLanguage\":\"en-GB\",\"@id\":\"https:\/\/skaitytaknyga.lt\/produktas\/savas-kambarys\/#primaryimage\",\"url\":\"https:\/\/skaitytaknyga.lt\/wp-content\/uploads\/2025\/05\/Savas-kambarys.webp\",\"contentUrl\":\"https:\/\/skaitytaknyga.lt\/wp-content\/uploads\/2025\/05\/Savas-kambarys.webp\",\"width\":506,\"height\":801,\"caption\":\"Savas kambarys\"},{\"@type\":\"BreadcrumbList\",\"@id\":\"https:\/\/skaitytaknyga.lt\/produktas\/savas-kambarys\/#breadcrumb\",\"itemListElement\":[{\"@type\":\"ListItem\",\"position\":1,\"name\":\"Home\",\"item\":\"https:\/\/skaitytaknyga.lt\/\"},{\"@type\":\"ListItem\",\"position\":2,\"name\":\"Parduotuv\u0117\",\"item\":\"https:\/\/skaitytaknyga.lt\/knygu-parduotuve\/\"},{\"@type\":\"ListItem\",\"position\":3,\"name\":\"Savas kambarys\"}]},{\"@type\":\"WebSite\",\"@id\":\"https:\/\/skaitytaknyga.lt\/#website\",\"url\":\"https:\/\/skaitytaknyga.lt\/\",\"name\":\"skaitytaknyga.lt\",\"description\":\"Skaitytaknyga.lt \u2013 tai ma\u017eas \u0161eimos verslas, kuris prasid\u0117jo nuo meil\u0117s knygoms ir siekio i\u0161gelb\u0117ti knygas nuo likimo prie konteinerio. Kas vienam nereikalingas daiktas \u2013 kitam lobis, o mes esame tarpininkai, kurie padeda abiems tapti laimingesniems ???? \u017dinome kaip nelengva i\u0161gyventi ma\u017eiems verslams, tad nuo \u0161iol, \u010dia rasite ir kit\u0173, ma\u017e\u0173 \u0161eim\u0173 versl\u0173, rank\u0173 darbo, dovan\u0173 sau ir artimiesiems.\",\"publisher\":{\"@id\":\"https:\/\/skaitytaknyga.lt\/#organization\"},\"potentialAction\":[{\"@type\":\"SearchAction\",\"target\":{\"@type\":\"EntryPoint\",\"urlTemplate\":\"https:\/\/skaitytaknyga.lt\/?s={search_term_string}\"},\"query-input\":{\"@type\":\"PropertyValueSpecification\",\"valueRequired\":true,\"valueName\":\"search_term_string\"}}],\"inLanguage\":\"en-GB\"},{\"@type\":\"Organization\",\"@id\":\"https:\/\/skaitytaknyga.lt\/#organization\",\"name\":\"skaitytaknyga.lt\",\"url\":\"https:\/\/skaitytaknyga.lt\/\",\"logo\":{\"@type\":\"ImageObject\",\"inLanguage\":\"en-GB\",\"@id\":\"https:\/\/skaitytaknyga.lt\/#\/schema\/logo\/image\/\",\"url\":\"https:\/\/skaitytaknyga.lt\/wp-content\/uploads\/2024\/05\/cropped-cropped-cropped-02_00843_jt3bggkj1j3HLc7SyY6rEUpg.jpeg\",\"contentUrl\":\"https:\/\/skaitytaknyga.lt\/wp-content\/uploads\/2024\/05\/cropped-cropped-cropped-02_00843_jt3bggkj1j3HLc7SyY6rEUpg.jpeg\",\"width\":1600,\"height\":1600,\"caption\":\"skaitytaknyga.lt\"},\"image\":{\"@id\":\"https:\/\/skaitytaknyga.lt\/#\/schema\/logo\/image\/\"},\"sameAs\":[\"https:\/\/www.facebook.com\/skaitytaknyga\/\"]}]}<\/script>\n<!-- \/ Yoast SEO plugin. -->","yoast_head_json":{"title":"Savas kambarys","description":"\u201eSavas kambarys\u201c - es\u0117, para\u0161yta dviej\u0173 prane\u0161im\u0173 \u201eMoterys ir literat\u016bra\u201c pagrindu, analizuojanti moters k\u016br\u0117jos pad\u0117t\u012f vyr\u0173 dominuojamoje visuomen\u0117je.","robots":{"index":"index","follow":"follow","max-snippet":"max-snippet:-1","max-image-preview":"max-image-preview:large","max-video-preview":"max-video-preview:-1"},"canonical":"https:\/\/skaitytaknyga.lt\/en\/produktas\/savas-kambarys\/","og_locale":"en_GB","og_type":"article","og_title":"[:lt]Savas kambarys[:] - Skaitytaknyga","og_description":"\u201eSavas kambarys\u201c - es\u0117, para\u0161yta dviej\u0173 prane\u0161im\u0173 \u201eMoterys ir literat\u016bra\u201c pagrindu, analizuojanti moters k\u016br\u0117jos pad\u0117t\u012f vyr\u0173 dominuojamoje visuomen\u0117je.","og_url":"https:\/\/skaitytaknyga.lt\/en\/produktas\/savas-kambarys\/","og_site_name":"Skaitytaknyga","article_publisher":"https:\/\/www.facebook.com\/skaitytaknyga\/","article_modified_time":"2025-07-07T06:26:36+00:00","og_image":[{"width":506,"height":801,"url":"https:\/\/skaitytaknyga.lt\/wp-content\/uploads\/2025\/05\/Savas-kambarys.webp","type":"image\/webp"}],"twitter_card":"summary_large_image","twitter_misc":{"Estimated reading time":"1 minute"},"schema":{"@context":"https:\/\/schema.org","@graph":[{"@type":"WebPage","@id":"https:\/\/skaitytaknyga.lt\/produktas\/savas-kambarys\/","url":"https:\/\/skaitytaknyga.lt\/produktas\/savas-kambarys\/","name":"Savas kambarys","isPartOf":{"@id":"https:\/\/skaitytaknyga.lt\/#website"},"primaryImageOfPage":{"@id":"https:\/\/skaitytaknyga.lt\/produktas\/savas-kambarys\/#primaryimage"},"image":{"@id":"https:\/\/skaitytaknyga.lt\/produktas\/savas-kambarys\/#primaryimage"},"thumbnailUrl":"https:\/\/skaitytaknyga.lt\/wp-content\/uploads\/2025\/05\/Savas-kambarys.webp","datePublished":"2025-06-06T07:54:15+00:00","dateModified":"2025-07-07T06:26:36+00:00","description":"\u201eSavas kambarys\u201c - es\u0117, para\u0161yta dviej\u0173 prane\u0161im\u0173 \u201eMoterys ir literat\u016bra\u201c pagrindu, analizuojanti moters k\u016br\u0117jos pad\u0117t\u012f vyr\u0173 dominuojamoje visuomen\u0117je.","breadcrumb":{"@id":"https:\/\/skaitytaknyga.lt\/produktas\/savas-kambarys\/#breadcrumb"},"inLanguage":"en-GB","potentialAction":[{"@type":"ReadAction","target":["https:\/\/skaitytaknyga.lt\/produktas\/savas-kambarys\/"]}]},{"@type":"ImageObject","inLanguage":"en-GB","@id":"https:\/\/skaitytaknyga.lt\/produktas\/savas-kambarys\/#primaryimage","url":"https:\/\/skaitytaknyga.lt\/wp-content\/uploads\/2025\/05\/Savas-kambarys.webp","contentUrl":"https:\/\/skaitytaknyga.lt\/wp-content\/uploads\/2025\/05\/Savas-kambarys.webp","width":506,"height":801,"caption":"Savas kambarys"},{"@type":"BreadcrumbList","@id":"https:\/\/skaitytaknyga.lt\/produktas\/savas-kambarys\/#breadcrumb","itemListElement":[{"@type":"ListItem","position":1,"name":"Home","item":"https:\/\/skaitytaknyga.lt\/"},{"@type":"ListItem","position":2,"name":"Parduotuv\u0117","item":"https:\/\/skaitytaknyga.lt\/knygu-parduotuve\/"},{"@type":"ListItem","position":3,"name":"Savas kambarys"}]},{"@type":"WebSite","@id":"https:\/\/skaitytaknyga.lt\/#website","url":"https:\/\/skaitytaknyga.lt\/","name":"skaitytaknyga.lt","description":"Skaitytaknyga.lt \u2013 tai ma\u017eas \u0161eimos verslas, kuris prasid\u0117jo nuo meil\u0117s knygoms ir siekio i\u0161gelb\u0117ti knygas nuo likimo prie konteinerio. Kas vienam nereikalingas daiktas \u2013 kitam lobis, o mes esame tarpininkai, kurie padeda abiems tapti laimingesniems ???? \u017dinome kaip nelengva i\u0161gyventi ma\u017eiems verslams, tad nuo \u0161iol, \u010dia rasite ir kit\u0173, ma\u017e\u0173 \u0161eim\u0173 versl\u0173, rank\u0173 darbo, dovan\u0173 sau ir artimiesiems.","publisher":{"@id":"https:\/\/skaitytaknyga.lt\/#organization"},"potentialAction":[{"@type":"SearchAction","target":{"@type":"EntryPoint","urlTemplate":"https:\/\/skaitytaknyga.lt\/?s={search_term_string}"},"query-input":{"@type":"PropertyValueSpecification","valueRequired":true,"valueName":"search_term_string"}}],"inLanguage":"en-GB"},{"@type":"Organization","@id":"https:\/\/skaitytaknyga.lt\/#organization","name":"skaitytaknyga.lt","url":"https:\/\/skaitytaknyga.lt\/","logo":{"@type":"ImageObject","inLanguage":"en-GB","@id":"https:\/\/skaitytaknyga.lt\/#\/schema\/logo\/image\/","url":"https:\/\/skaitytaknyga.lt\/wp-content\/uploads\/2024\/05\/cropped-cropped-cropped-02_00843_jt3bggkj1j3HLc7SyY6rEUpg.jpeg","contentUrl":"https:\/\/skaitytaknyga.lt\/wp-content\/uploads\/2024\/05\/cropped-cropped-cropped-02_00843_jt3bggkj1j3HLc7SyY6rEUpg.jpeg","width":1600,"height":1600,"caption":"skaitytaknyga.lt"},"image":{"@id":"https:\/\/skaitytaknyga.lt\/#\/schema\/logo\/image\/"},"sameAs":["https:\/\/www.facebook.com\/skaitytaknyga\/"]}]}},"_links":{"self":[{"href":"https:\/\/skaitytaknyga.lt\/en\/wp-json\/wp\/v2\/product\/18649","targetHints":{"allow":["GET"]}}],"collection":[{"href":"https:\/\/skaitytaknyga.lt\/en\/wp-json\/wp\/v2\/product"}],"about":[{"href":"https:\/\/skaitytaknyga.lt\/en\/wp-json\/wp\/v2\/types\/product"}],"replies":[{"embeddable":true,"href":"https:\/\/skaitytaknyga.lt\/en\/wp-json\/wp\/v2\/comments?post=18649"}],"wp:featuredmedia":[{"embeddable":true,"href":"https:\/\/skaitytaknyga.lt\/en\/wp-json\/wp\/v2\/media\/18661"}],"wp:attachment":[{"href":"https:\/\/skaitytaknyga.lt\/en\/wp-json\/wp\/v2\/media?parent=18649"}],"wp:term":[{"taxonomy":"product_brand","embeddable":true,"href":"https:\/\/skaitytaknyga.lt\/en\/wp-json\/wp\/v2\/product_brand?post=18649"},{"taxonomy":"product_cat","embeddable":true,"href":"https:\/\/skaitytaknyga.lt\/en\/wp-json\/wp\/v2\/product_cat?post=18649"},{"taxonomy":"product_tag","embeddable":true,"href":"https:\/\/skaitytaknyga.lt\/en\/wp-json\/wp\/v2\/product_tag?post=18649"}],"curies":[{"name":"wp","href":"https:\/\/api.w.org\/{rel}","templated":true}]}}