{"id":18646,"date":"2025-06-06T10:54:16","date_gmt":"2025-06-06T07:54:16","guid":{"rendered":"https:\/\/skaitytaknyga.lt\/?post_type=product&#038;p=18646"},"modified":"2025-07-07T09:54:44","modified_gmt":"2025-07-07T06:54:44","slug":"pries-absurda-straipsniai-kalbos-pokalbiai-apie-universiteto-ir-gyvenimo-filosofija","status":"publish","type":"product","link":"https:\/\/skaitytaknyga.lt\/en\/produktas\/pries-absurda-straipsniai-kalbos-pokalbiai-apie-universiteto-ir-gyvenimo-filosofija\/","title":{"rendered":"Prie\u0161 absurd\u0105. Straipsniai, kalbos, pokalbiai apie universiteto ir gyvenimo filosofij\u0105"},"content":{"rendered":"<p>Straipsniai, kalbos, pokalbiai apie universiteto ir gyvenimo filosofij\u0105.<\/p>\n<p>Per proto ir absurdo prie\u0161prie\u0161\u0105, per Universiteto keli\u0105 Lietuvoje ir pasaulyje atskleid\u017eiama istorinio Lietuvos de\u0161imtme\u010dio tikrov\u0117.<\/p>\n","protected":false},"excerpt":{"rendered":"<p>Straipsniai, kalbos, pokalbiai apie universiteto ir gyvenimo filosofij\u0105. Per proto ir absurdo prie\u0161prie\u0161\u0105, per Universiteto keli\u0105 Lietuvoje ir pasaulyje atskleid\u017eiama istorinio Lietuvos de\u0161imtme\u010dio tikrov\u0117.<\/p>\n","protected":false},"featured_media":18659,"comment_status":"open","ping_status":"closed","template":"","meta":{"_acf_changed":false,"site-sidebar-layout":"default","site-content-layout":"","ast-site-content-layout":"default","site-content-style":"default","site-sidebar-style":"default","ast-global-header-display":"","ast-banner-title-visibility":"","ast-main-header-display":"","ast-hfb-above-header-display":"","ast-hfb-below-header-display":"","ast-hfb-mobile-header-display":"","site-post-title":"","ast-breadcrumbs-content":"","ast-featured-img":"","footer-sml-layout":"","ast-disable-related-posts":"","theme-transparent-header-meta":"","adv-header-id-meta":"","stick-header-meta":"","header-above-stick-meta":"","header-main-stick-meta":"","header-below-stick-meta":"","astra-migrate-meta-layouts":"default","ast-page-background-enabled":"default","ast-page-background-meta":{"desktop":{"background-color":"","background-image":"","background-repeat":"repeat","background-position":"center center","background-size":"auto","background-attachment":"scroll","background-type":"","background-media":"","overlay-type":"","overlay-color":"","overlay-opacity":"","overlay-gradient":""},"tablet":{"background-color":"","background-image":"","background-repeat":"repeat","background-position":"center center","background-size":"auto","background-attachment":"scroll","background-type":"","background-media":"","overlay-type":"","overlay-color":"","overlay-opacity":"","overlay-gradient":""},"mobile":{"background-color":"","background-image":"","background-repeat":"repeat","background-position":"center center","background-size":"auto","background-attachment":"scroll","background-type":"","background-media":"","overlay-type":"","overlay-color":"","overlay-opacity":"","overlay-gradient":""}},"ast-content-background-meta":{"desktop":{"background-color":"var(--ast-global-color-4)","background-image":"","background-repeat":"repeat","background-position":"center center","background-size":"auto","background-attachment":"scroll","background-type":"","background-media":"","overlay-type":"","overlay-color":"","overlay-opacity":"","overlay-gradient":""},"tablet":{"background-color":"var(--ast-global-color-4)","background-image":"","background-repeat":"repeat","background-position":"center center","background-size":"auto","background-attachment":"scroll","background-type":"","background-media":"","overlay-type":"","overlay-color":"","overlay-opacity":"","overlay-gradient":""},"mobile":{"background-color":"var(--ast-global-color-4)","background-image":"","background-repeat":"repeat","background-position":"center center","background-size":"auto","background-attachment":"scroll","background-type":"","background-media":"","overlay-type":"","overlay-color":"","overlay-opacity":"","overlay-gradient":""}}},"product_brand":[],"product_cat":[165],"product_tag":[1467,3357,4710,4712,4711],"class_list":{"0":"post-18646","1":"product","2":"type-product","3":"status-publish","4":"has-post-thumbnail","6":"product_cat-religija-filosofija-ir-ezoterika","7":"product_tag-filosofija","8":"product_tag-kalbos","9":"product_tag-rolandas-pavilionis","10":"product_tag-straipsniai","11":"product_tag-universitetas","12":"desktop-align-left","13":"tablet-align-left","14":"mobile-align-left","16":"first","17":"instock","18":"shipping-taxable","19":"purchasable","20":"product-type-simple"},"acf":[],"yoast_head":"<!-- This site is optimized with the Yoast SEO plugin v27.0 - https:\/\/yoast.com\/product\/yoast-seo-wordpress\/ -->\n<title>Prie\u0161 absurd\u0105. Straipsniai, kalbos, pokalbiai apie universiteto ir gyvenimo filosofij\u0105<\/title>\n<meta name=\"description\" content=\"Straipsniai, kalbos, pokalbiai apie universiteto ir gyvenimo filosofij\u0105. Per proto ir absurdo prie\u0161prie\u0161\u0105, per Universiteto keli\u0105 Lietuvoje ir pasaulyje\" \/>\n<meta name=\"robots\" content=\"index, follow, max-snippet:-1, max-image-preview:large, max-video-preview:-1\" \/>\n<link rel=\"canonical\" href=\"https:\/\/skaitytaknyga.lt\/en\/produktas\/pries-absurda-straipsniai-kalbos-pokalbiai-apie-universiteto-ir-gyvenimo-filosofija\/\" \/>\n<meta property=\"og:locale\" content=\"en_GB\" \/>\n<meta property=\"og:locale:alternate\" content=\"lt_LT\" \/>\n<meta property=\"og:type\" content=\"article\" \/>\n<meta property=\"og:title\" content=\"Prie\u0161 absurd\u0105. Straipsniai, kalbos, pokalbiai apie universiteto ir gyvenimo filosofij\u0105\" \/>\n<meta property=\"og:description\" content=\"Straipsniai, kalbos, pokalbiai apie universiteto ir gyvenimo filosofij\u0105. Per proto ir absurdo prie\u0161prie\u0161\u0105, per Universiteto keli\u0105 Lietuvoje ir pasaulyje\" \/>\n<meta property=\"og:url\" content=\"https:\/\/skaitytaknyga.lt\/en\/produktas\/pries-absurda-straipsniai-kalbos-pokalbiai-apie-universiteto-ir-gyvenimo-filosofija\/\" \/>\n<meta property=\"og:site_name\" content=\"Skaitytaknyga\" \/>\n<meta property=\"article:publisher\" content=\"https:\/\/www.facebook.com\/skaitytaknyga\/\" \/>\n<meta property=\"article:modified_time\" content=\"2025-07-07T06:54:44+00:00\" \/>\n<meta property=\"og:image\" content=\"https:\/\/skaitytaknyga.lt\/wp-content\/uploads\/2025\/05\/Pries-absurda.-Straipsniai-kalbos-pokalbiai-apie-universiteto-ir-gyvenimo-filosofija.jpg\" \/>\n\t<meta property=\"og:image:width\" content=\"385\" \/>\n\t<meta property=\"og:image:height\" content=\"575\" \/>\n\t<meta property=\"og:image:type\" content=\"image\/jpeg\" \/>\n<meta name=\"twitter:card\" content=\"summary_large_image\" \/>\n<script type=\"application\/ld+json\" class=\"yoast-schema-graph\">{\"@context\":\"https:\/\/schema.org\",\"@graph\":[{\"@type\":\"WebPage\",\"@id\":\"https:\/\/skaitytaknyga.lt\/produktas\/pries-absurda-straipsniai-kalbos-pokalbiai-apie-universiteto-ir-gyvenimo-filosofija\/\",\"url\":\"https:\/\/skaitytaknyga.lt\/produktas\/pries-absurda-straipsniai-kalbos-pokalbiai-apie-universiteto-ir-gyvenimo-filosofija\/\",\"name\":\"Prie\u0161 absurd\u0105. Straipsniai, kalbos, pokalbiai apie universiteto ir gyvenimo filosofij\u0105\",\"isPartOf\":{\"@id\":\"https:\/\/skaitytaknyga.lt\/#website\"},\"primaryImageOfPage\":{\"@id\":\"https:\/\/skaitytaknyga.lt\/produktas\/pries-absurda-straipsniai-kalbos-pokalbiai-apie-universiteto-ir-gyvenimo-filosofija\/#primaryimage\"},\"image\":{\"@id\":\"https:\/\/skaitytaknyga.lt\/produktas\/pries-absurda-straipsniai-kalbos-pokalbiai-apie-universiteto-ir-gyvenimo-filosofija\/#primaryimage\"},\"thumbnailUrl\":\"https:\/\/skaitytaknyga.lt\/wp-content\/uploads\/2025\/05\/Pries-absurda.-Straipsniai-kalbos-pokalbiai-apie-universiteto-ir-gyvenimo-filosofija.jpg\",\"datePublished\":\"2025-06-06T07:54:16+00:00\",\"dateModified\":\"2025-07-07T06:54:44+00:00\",\"description\":\"Straipsniai, kalbos, pokalbiai apie universiteto ir gyvenimo filosofij\u0105. Per proto ir absurdo prie\u0161prie\u0161\u0105, per Universiteto keli\u0105 Lietuvoje ir pasaulyje\",\"breadcrumb\":{\"@id\":\"https:\/\/skaitytaknyga.lt\/produktas\/pries-absurda-straipsniai-kalbos-pokalbiai-apie-universiteto-ir-gyvenimo-filosofija\/#breadcrumb\"},\"inLanguage\":\"en-GB\",\"potentialAction\":[{\"@type\":\"ReadAction\",\"target\":[\"https:\/\/skaitytaknyga.lt\/produktas\/pries-absurda-straipsniai-kalbos-pokalbiai-apie-universiteto-ir-gyvenimo-filosofija\/\"]}]},{\"@type\":\"ImageObject\",\"inLanguage\":\"en-GB\",\"@id\":\"https:\/\/skaitytaknyga.lt\/produktas\/pries-absurda-straipsniai-kalbos-pokalbiai-apie-universiteto-ir-gyvenimo-filosofija\/#primaryimage\",\"url\":\"https:\/\/skaitytaknyga.lt\/wp-content\/uploads\/2025\/05\/Pries-absurda.-Straipsniai-kalbos-pokalbiai-apie-universiteto-ir-gyvenimo-filosofija.jpg\",\"contentUrl\":\"https:\/\/skaitytaknyga.lt\/wp-content\/uploads\/2025\/05\/Pries-absurda.-Straipsniai-kalbos-pokalbiai-apie-universiteto-ir-gyvenimo-filosofija.jpg\",\"width\":385,\"height\":575},{\"@type\":\"BreadcrumbList\",\"@id\":\"https:\/\/skaitytaknyga.lt\/produktas\/pries-absurda-straipsniai-kalbos-pokalbiai-apie-universiteto-ir-gyvenimo-filosofija\/#breadcrumb\",\"itemListElement\":[{\"@type\":\"ListItem\",\"position\":1,\"name\":\"Home\",\"item\":\"https:\/\/skaitytaknyga.lt\/\"},{\"@type\":\"ListItem\",\"position\":2,\"name\":\"Parduotuv\u0117\",\"item\":\"https:\/\/skaitytaknyga.lt\/knygu-parduotuve\/\"},{\"@type\":\"ListItem\",\"position\":3,\"name\":\"Prie\u0161 absurd\u0105. Straipsniai, kalbos, pokalbiai apie universiteto ir gyvenimo filosofij\u0105\"}]},{\"@type\":\"WebSite\",\"@id\":\"https:\/\/skaitytaknyga.lt\/#website\",\"url\":\"https:\/\/skaitytaknyga.lt\/\",\"name\":\"skaitytaknyga.lt\",\"description\":\"Skaitytaknyga.lt \u2013 tai ma\u017eas \u0161eimos verslas, kuris prasid\u0117jo nuo meil\u0117s knygoms ir siekio i\u0161gelb\u0117ti knygas nuo likimo prie konteinerio. Kas vienam nereikalingas daiktas \u2013 kitam lobis, o mes esame tarpininkai, kurie padeda abiems tapti laimingesniems ???? \u017dinome kaip nelengva i\u0161gyventi ma\u017eiems verslams, tad nuo \u0161iol, \u010dia rasite ir kit\u0173, ma\u017e\u0173 \u0161eim\u0173 versl\u0173, rank\u0173 darbo, dovan\u0173 sau ir artimiesiems.\",\"publisher\":{\"@id\":\"https:\/\/skaitytaknyga.lt\/#organization\"},\"potentialAction\":[{\"@type\":\"SearchAction\",\"target\":{\"@type\":\"EntryPoint\",\"urlTemplate\":\"https:\/\/skaitytaknyga.lt\/?s={search_term_string}\"},\"query-input\":{\"@type\":\"PropertyValueSpecification\",\"valueRequired\":true,\"valueName\":\"search_term_string\"}}],\"inLanguage\":\"en-GB\"},{\"@type\":\"Organization\",\"@id\":\"https:\/\/skaitytaknyga.lt\/#organization\",\"name\":\"skaitytaknyga.lt\",\"url\":\"https:\/\/skaitytaknyga.lt\/\",\"logo\":{\"@type\":\"ImageObject\",\"inLanguage\":\"en-GB\",\"@id\":\"https:\/\/skaitytaknyga.lt\/#\/schema\/logo\/image\/\",\"url\":\"https:\/\/skaitytaknyga.lt\/wp-content\/uploads\/2024\/05\/cropped-cropped-cropped-02_00843_jt3bggkj1j3HLc7SyY6rEUpg.jpeg\",\"contentUrl\":\"https:\/\/skaitytaknyga.lt\/wp-content\/uploads\/2024\/05\/cropped-cropped-cropped-02_00843_jt3bggkj1j3HLc7SyY6rEUpg.jpeg\",\"width\":1600,\"height\":1600,\"caption\":\"skaitytaknyga.lt\"},\"image\":{\"@id\":\"https:\/\/skaitytaknyga.lt\/#\/schema\/logo\/image\/\"},\"sameAs\":[\"https:\/\/www.facebook.com\/skaitytaknyga\/\"]}]}<\/script>\n<!-- \/ Yoast SEO plugin. -->","yoast_head_json":{"title":"Prie\u0161 absurd\u0105. Straipsniai, kalbos, pokalbiai apie universiteto ir gyvenimo filosofij\u0105","description":"Straipsniai, kalbos, pokalbiai apie universiteto ir gyvenimo filosofij\u0105. Per proto ir absurdo prie\u0161prie\u0161\u0105, per Universiteto keli\u0105 Lietuvoje ir pasaulyje","robots":{"index":"index","follow":"follow","max-snippet":"max-snippet:-1","max-image-preview":"max-image-preview:large","max-video-preview":"max-video-preview:-1"},"canonical":"https:\/\/skaitytaknyga.lt\/en\/produktas\/pries-absurda-straipsniai-kalbos-pokalbiai-apie-universiteto-ir-gyvenimo-filosofija\/","og_locale":"en_GB","og_type":"article","og_title":"[:lt]Prie\u0161 absurd\u0105. Straipsniai, kalbos, pokalbiai apie universiteto ir gyvenimo filosofij\u0105[:] - Skaitytaknyga","og_description":"Straipsniai, kalbos, pokalbiai apie universiteto ir gyvenimo filosofij\u0105. Per proto ir absurdo prie\u0161prie\u0161\u0105, per Universiteto keli\u0105 Lietuvoje ir pasaulyje","og_url":"https:\/\/skaitytaknyga.lt\/en\/produktas\/pries-absurda-straipsniai-kalbos-pokalbiai-apie-universiteto-ir-gyvenimo-filosofija\/","og_site_name":"Skaitytaknyga","article_publisher":"https:\/\/www.facebook.com\/skaitytaknyga\/","article_modified_time":"2025-07-07T06:54:44+00:00","og_image":[{"width":385,"height":575,"url":"https:\/\/skaitytaknyga.lt\/wp-content\/uploads\/2025\/05\/Pries-absurda.-Straipsniai-kalbos-pokalbiai-apie-universiteto-ir-gyvenimo-filosofija.jpg","type":"image\/jpeg"}],"twitter_card":"summary_large_image","schema":{"@context":"https:\/\/schema.org","@graph":[{"@type":"WebPage","@id":"https:\/\/skaitytaknyga.lt\/produktas\/pries-absurda-straipsniai-kalbos-pokalbiai-apie-universiteto-ir-gyvenimo-filosofija\/","url":"https:\/\/skaitytaknyga.lt\/produktas\/pries-absurda-straipsniai-kalbos-pokalbiai-apie-universiteto-ir-gyvenimo-filosofija\/","name":"Prie\u0161 absurd\u0105. Straipsniai, kalbos, pokalbiai apie universiteto ir gyvenimo filosofij\u0105","isPartOf":{"@id":"https:\/\/skaitytaknyga.lt\/#website"},"primaryImageOfPage":{"@id":"https:\/\/skaitytaknyga.lt\/produktas\/pries-absurda-straipsniai-kalbos-pokalbiai-apie-universiteto-ir-gyvenimo-filosofija\/#primaryimage"},"image":{"@id":"https:\/\/skaitytaknyga.lt\/produktas\/pries-absurda-straipsniai-kalbos-pokalbiai-apie-universiteto-ir-gyvenimo-filosofija\/#primaryimage"},"thumbnailUrl":"https:\/\/skaitytaknyga.lt\/wp-content\/uploads\/2025\/05\/Pries-absurda.-Straipsniai-kalbos-pokalbiai-apie-universiteto-ir-gyvenimo-filosofija.jpg","datePublished":"2025-06-06T07:54:16+00:00","dateModified":"2025-07-07T06:54:44+00:00","description":"Straipsniai, kalbos, pokalbiai apie universiteto ir gyvenimo filosofij\u0105. Per proto ir absurdo prie\u0161prie\u0161\u0105, per Universiteto keli\u0105 Lietuvoje ir pasaulyje","breadcrumb":{"@id":"https:\/\/skaitytaknyga.lt\/produktas\/pries-absurda-straipsniai-kalbos-pokalbiai-apie-universiteto-ir-gyvenimo-filosofija\/#breadcrumb"},"inLanguage":"en-GB","potentialAction":[{"@type":"ReadAction","target":["https:\/\/skaitytaknyga.lt\/produktas\/pries-absurda-straipsniai-kalbos-pokalbiai-apie-universiteto-ir-gyvenimo-filosofija\/"]}]},{"@type":"ImageObject","inLanguage":"en-GB","@id":"https:\/\/skaitytaknyga.lt\/produktas\/pries-absurda-straipsniai-kalbos-pokalbiai-apie-universiteto-ir-gyvenimo-filosofija\/#primaryimage","url":"https:\/\/skaitytaknyga.lt\/wp-content\/uploads\/2025\/05\/Pries-absurda.-Straipsniai-kalbos-pokalbiai-apie-universiteto-ir-gyvenimo-filosofija.jpg","contentUrl":"https:\/\/skaitytaknyga.lt\/wp-content\/uploads\/2025\/05\/Pries-absurda.-Straipsniai-kalbos-pokalbiai-apie-universiteto-ir-gyvenimo-filosofija.jpg","width":385,"height":575},{"@type":"BreadcrumbList","@id":"https:\/\/skaitytaknyga.lt\/produktas\/pries-absurda-straipsniai-kalbos-pokalbiai-apie-universiteto-ir-gyvenimo-filosofija\/#breadcrumb","itemListElement":[{"@type":"ListItem","position":1,"name":"Home","item":"https:\/\/skaitytaknyga.lt\/"},{"@type":"ListItem","position":2,"name":"Parduotuv\u0117","item":"https:\/\/skaitytaknyga.lt\/knygu-parduotuve\/"},{"@type":"ListItem","position":3,"name":"Prie\u0161 absurd\u0105. Straipsniai, kalbos, pokalbiai apie universiteto ir gyvenimo filosofij\u0105"}]},{"@type":"WebSite","@id":"https:\/\/skaitytaknyga.lt\/#website","url":"https:\/\/skaitytaknyga.lt\/","name":"skaitytaknyga.lt","description":"Skaitytaknyga.lt \u2013 tai ma\u017eas \u0161eimos verslas, kuris prasid\u0117jo nuo meil\u0117s knygoms ir siekio i\u0161gelb\u0117ti knygas nuo likimo prie konteinerio. Kas vienam nereikalingas daiktas \u2013 kitam lobis, o mes esame tarpininkai, kurie padeda abiems tapti laimingesniems ???? \u017dinome kaip nelengva i\u0161gyventi ma\u017eiems verslams, tad nuo \u0161iol, \u010dia rasite ir kit\u0173, ma\u017e\u0173 \u0161eim\u0173 versl\u0173, rank\u0173 darbo, dovan\u0173 sau ir artimiesiems.","publisher":{"@id":"https:\/\/skaitytaknyga.lt\/#organization"},"potentialAction":[{"@type":"SearchAction","target":{"@type":"EntryPoint","urlTemplate":"https:\/\/skaitytaknyga.lt\/?s={search_term_string}"},"query-input":{"@type":"PropertyValueSpecification","valueRequired":true,"valueName":"search_term_string"}}],"inLanguage":"en-GB"},{"@type":"Organization","@id":"https:\/\/skaitytaknyga.lt\/#organization","name":"skaitytaknyga.lt","url":"https:\/\/skaitytaknyga.lt\/","logo":{"@type":"ImageObject","inLanguage":"en-GB","@id":"https:\/\/skaitytaknyga.lt\/#\/schema\/logo\/image\/","url":"https:\/\/skaitytaknyga.lt\/wp-content\/uploads\/2024\/05\/cropped-cropped-cropped-02_00843_jt3bggkj1j3HLc7SyY6rEUpg.jpeg","contentUrl":"https:\/\/skaitytaknyga.lt\/wp-content\/uploads\/2024\/05\/cropped-cropped-cropped-02_00843_jt3bggkj1j3HLc7SyY6rEUpg.jpeg","width":1600,"height":1600,"caption":"skaitytaknyga.lt"},"image":{"@id":"https:\/\/skaitytaknyga.lt\/#\/schema\/logo\/image\/"},"sameAs":["https:\/\/www.facebook.com\/skaitytaknyga\/"]}]}},"_links":{"self":[{"href":"https:\/\/skaitytaknyga.lt\/en\/wp-json\/wp\/v2\/product\/18646","targetHints":{"allow":["GET"]}}],"collection":[{"href":"https:\/\/skaitytaknyga.lt\/en\/wp-json\/wp\/v2\/product"}],"about":[{"href":"https:\/\/skaitytaknyga.lt\/en\/wp-json\/wp\/v2\/types\/product"}],"replies":[{"embeddable":true,"href":"https:\/\/skaitytaknyga.lt\/en\/wp-json\/wp\/v2\/comments?post=18646"}],"wp:featuredmedia":[{"embeddable":true,"href":"https:\/\/skaitytaknyga.lt\/en\/wp-json\/wp\/v2\/media\/18659"}],"wp:attachment":[{"href":"https:\/\/skaitytaknyga.lt\/en\/wp-json\/wp\/v2\/media?parent=18646"}],"wp:term":[{"taxonomy":"product_brand","embeddable":true,"href":"https:\/\/skaitytaknyga.lt\/en\/wp-json\/wp\/v2\/product_brand?post=18646"},{"taxonomy":"product_cat","embeddable":true,"href":"https:\/\/skaitytaknyga.lt\/en\/wp-json\/wp\/v2\/product_cat?post=18646"},{"taxonomy":"product_tag","embeddable":true,"href":"https:\/\/skaitytaknyga.lt\/en\/wp-json\/wp\/v2\/product_tag?post=18646"}],"curies":[{"name":"wp","href":"https:\/\/api.w.org\/{rel}","templated":true}]}}