{"id":18643,"date":"2025-06-06T10:54:17","date_gmt":"2025-06-06T07:54:17","guid":{"rendered":"https:\/\/skaitytaknyga.lt\/?post_type=product&#038;p=18643"},"modified":"2025-07-07T09:54:44","modified_gmt":"2025-07-07T06:54:44","slug":"summa-erotica","status":"publish","type":"product","link":"https:\/\/skaitytaknyga.lt\/en\/produktas\/summa-erotica\/","title":{"rendered":"Summa erotica"},"content":{"rendered":"<p>Filosofo Algio Mick\u016bno (g.1933) knyga, bene pirmoji para\u0161yta lietuvi\u0161kai. Knygos pavadinimas \u201eSumma erotica&#8221; gali klaidinti, nes neju\u010diom asocijuojasi su dabartini\u0173 medij\u0173 forsuojama erotomanija ar net pornografija. Ta\u010diau realus knygos turinys visai kitoks: joje keliamos pamatin\u0117s \u017emogaus egzistencin\u0117s problemos, kiek jos susij\u0119 su \u017emogaus k\u016bnu ir k\u016bni\u0161kuoju \u017emogaus s\u0105ly\u010diu ne tik su kitu \u017emogumi, bet ir su ne\u017emogi\u0161k\u0105ja jusline realybe.<\/p>\n<p>Filosofo, Ohajo (JAV) universiteto profesoriaus emerito Algio Mick\u016bno knygoje &#8220;Summa erotica&#8221; apibendrinami ilgame\u010diai autoriaus pamatini\u0173 filosofijos sri\u010di\u0173 tyrimai:<\/p>\n<p>&#8211; Vakar\u0173 metafizinio m\u0105stymo kritin\u0117s analiz\u0117s ir tokio m\u0105stymo alternatyv\u0173 dabar\u010diai ir atei\u010diai paie\u0161kos;<\/p>\n<p>&#8211; tiesiogin\u0117s patirties i\u0161k\u0117limas ir jos \u012ftvirtinimas kaip filosofinio m\u0105stymo pagrindo;<\/p>\n<p>&#8211; eroso samprat\u0173 Vakaruose nuo Platono iki Freudo ir kitose civilizacijose, ypa\u010d Indijos, ai\u0161kinimai;<\/p>\n<p>&#8211; pagaliau &#8211; pasaulio filosofinis apm\u0105stymas.<\/p>\n<p>JAV Ohajo universiteto profesorius, m\u016bs\u0173 tautietis Algis Mick\u016bnas, pasaulyje gerai \u017einomas fenomenologas, skaitantis paskaitas beveik visuose garsiausiuose \u017dem\u0117s rutulio universitetuose, \u0161ioje knygoje, apibendrindamas did\u017eiul\u0119 intelektualin\u0119 patirt\u012f ir labai \u012fdomi\u0105 kult\u016brologin\u0119 med\u017eiag\u0105, erotin\u012f \u017emogaus gyvenimo matmen\u012f apra\u0161o kaip pirmaprad\u0119 duot\u012f, lemian\u010di\u0105 \u012fvairiausius m\u016bs\u0173 gyvenimo, kult\u016bros ir net istorijos aspektus.<\/p>\n<p>\u201eEroso stichija ir filosofija&#8230; Rodos, tai dalykai, skirtingi kaip \u017eem\u0117 ir dangus. Juk tradicinis vakarieti\u0161kas po\u017ei\u016bris, pagr\u012fstas k\u016bno ir dvasios dualizmu, eros\u0105, erotik\u0105 link\u0119s sieti su k\u016bnu ir jo geiduliais, o filosofij\u0105 \u2013 su dvasia ir kilniais jos pol\u0117kiais. Vis d\u0117lto jau Platonas \u012f\u017evelg\u0117 esmin\u012f ry\u0161\u012f tarp eroso ir filosofijos, pusdiev\u012f Erot\u0105 Sokrato l\u016bpomis \u012fvardij\u0119s kaip filosofo provaizd\u012f ir ideal\u0105, o pa\u010di\u0105 filosofij\u0105 \u2013 kaip aistring\u0105 i\u0161minties siek\u012f, arba geism\u0105, kylant\u012f tada, kai filosofas suvokia stokoj\u0105s i\u0161minties.<\/p>\n","protected":false},"excerpt":{"rendered":"<p>Filosofo Algio Mick\u016bno (g.1933) knyga, bene pirmoji para\u0161yta lietuvi\u0161kai. Knygos pavadinimas \u201eSumma erotica&#8221; gali klaidinti, nes neju\u010diom asocijuojasi su dabartini\u0173 medij\u0173 forsuojama erotomanija ar net pornografija. Ta\u010diau realus knygos turinys visai kitoks: joje keliamos pamatin\u0117s \u017emogaus egzistencin\u0117s problemos, kiek jos susij\u0119 su \u017emogaus k\u016bnu ir k\u016bni\u0161kuoju \u017emogaus s\u0105ly\u010diu ne tik su kitu \u017emogumi, bet ir su ne\u017emogi\u0161k\u0105ja jusline realybe. Filosofo, Ohajo (JAV) universiteto profesoriaus emerito Algio Mick\u016bno knygoje &#8220;Summa erotica&#8221; apibendrinami ilgame\u010diai autoriaus pamatini\u0173 filosofijos sri\u010di\u0173 tyrimai: &#8211; Vakar\u0173 metafizinio m\u0105stymo kritin\u0117s analiz\u0117s ir tokio m\u0105stymo alternatyv\u0173 dabar\u010diai ir atei\u010diai paie\u0161kos; &#8211; tiesiogin\u0117s patirties i\u0161k\u0117limas ir jos \u012ftvirtinimas kaip filosofinio m\u0105stymo pagrindo; &#8211; eroso samprat\u0173 Vakaruose nuo Platono iki Freudo ir kitose civilizacijose, ypa\u010d Indijos, ai\u0161kinimai; &#8211; pagaliau &#8211; pasaulio filosofinis apm\u0105stymas. JAV Ohajo universiteto profesorius, m\u016bs\u0173 tautietis Algis Mick\u016bnas, pasaulyje gerai \u017einomas fenomenologas, skaitantis paskaitas beveik visuose garsiausiuose \u017dem\u0117s rutulio universitetuose, \u0161ioje knygoje, apibendrindamas did\u017eiul\u0119 intelektualin\u0119 patirt\u012f ir labai \u012fdomi\u0105 kult\u016brologin\u0119 med\u017eiag\u0105, erotin\u012f \u017emogaus gyvenimo matmen\u012f apra\u0161o kaip pirmaprad\u0119 duot\u012f, lemian\u010di\u0105 \u012fvairiausius m\u016bs\u0173 gyvenimo, kult\u016bros ir net istorijos aspektus. \u201eEroso stichija ir filosofija&#8230; Rodos, tai dalykai, skirtingi kaip \u017eem\u0117 ir dangus. Juk tradicinis vakarieti\u0161kas po\u017ei\u016bris, pagr\u012fstas k\u016bno ir dvasios dualizmu, eros\u0105, erotik\u0105 link\u0119s sieti su k\u016bnu ir jo geiduliais, o filosofij\u0105 \u2013 su dvasia ir kilniais jos pol\u0117kiais. Vis d\u0117lto jau Platonas \u012f\u017evelg\u0117 esmin\u012f ry\u0161\u012f tarp eroso ir filosofijos, pusdiev\u012f Erot\u0105 Sokrato l\u016bpomis \u012fvardij\u0119s kaip filosofo provaizd\u012f ir ideal\u0105, o pa\u010di\u0105 filosofij\u0105 \u2013 kaip aistring\u0105 i\u0161minties siek\u012f, arba geism\u0105, kylant\u012f tada, kai filosofas suvokia stokoj\u0105s i\u0161minties.<\/p>\n","protected":false},"featured_media":18655,"comment_status":"open","ping_status":"closed","template":"","meta":{"_acf_changed":false,"site-sidebar-layout":"default","site-content-layout":"","ast-site-content-layout":"default","site-content-style":"default","site-sidebar-style":"default","ast-global-header-display":"","ast-banner-title-visibility":"","ast-main-header-display":"","ast-hfb-above-header-display":"","ast-hfb-below-header-display":"","ast-hfb-mobile-header-display":"","site-post-title":"","ast-breadcrumbs-content":"","ast-featured-img":"","footer-sml-layout":"","ast-disable-related-posts":"","theme-transparent-header-meta":"","adv-header-id-meta":"","stick-header-meta":"","header-above-stick-meta":"","header-main-stick-meta":"","header-below-stick-meta":"","astra-migrate-meta-layouts":"default","ast-page-background-enabled":"default","ast-page-background-meta":{"desktop":{"background-color":"","background-image":"","background-repeat":"repeat","background-position":"center center","background-size":"auto","background-attachment":"scroll","background-type":"","background-media":"","overlay-type":"","overlay-color":"","overlay-opacity":"","overlay-gradient":""},"tablet":{"background-color":"","background-image":"","background-repeat":"repeat","background-position":"center center","background-size":"auto","background-attachment":"scroll","background-type":"","background-media":"","overlay-type":"","overlay-color":"","overlay-opacity":"","overlay-gradient":""},"mobile":{"background-color":"","background-image":"","background-repeat":"repeat","background-position":"center center","background-size":"auto","background-attachment":"scroll","background-type":"","background-media":"","overlay-type":"","overlay-color":"","overlay-opacity":"","overlay-gradient":""}},"ast-content-background-meta":{"desktop":{"background-color":"var(--ast-global-color-4)","background-image":"","background-repeat":"repeat","background-position":"center center","background-size":"auto","background-attachment":"scroll","background-type":"","background-media":"","overlay-type":"","overlay-color":"","overlay-opacity":"","overlay-gradient":""},"tablet":{"background-color":"var(--ast-global-color-4)","background-image":"","background-repeat":"repeat","background-position":"center center","background-size":"auto","background-attachment":"scroll","background-type":"","background-media":"","overlay-type":"","overlay-color":"","overlay-opacity":"","overlay-gradient":""},"mobile":{"background-color":"var(--ast-global-color-4)","background-image":"","background-repeat":"repeat","background-position":"center center","background-size":"auto","background-attachment":"scroll","background-type":"","background-media":"","overlay-type":"","overlay-color":"","overlay-opacity":"","overlay-gradient":""}}},"product_brand":[],"product_cat":[165],"product_tag":[3816,3948,2853,4706,1467],"class_list":{"0":"post-18643","1":"product","2":"type-product","3":"status-publish","4":"has-post-thumbnail","6":"product_cat-religija-filosofija-ir-ezoterika","7":"product_tag-algis-mickunas","8":"product_tag-egzistencija","9":"product_tag-erotika","10":"product_tag-fenomenologija","11":"product_tag-filosofija","12":"desktop-align-left","13":"tablet-align-left","14":"mobile-align-left","16":"first","17":"instock","18":"shipping-taxable","19":"product-type-simple"},"acf":[],"yoast_head":"<!-- This site is optimized with the Yoast SEO plugin v27.4 - https:\/\/yoast.com\/product\/yoast-seo-wordpress\/ -->\n<title>Summa erotica<\/title>\n<meta name=\"description\" content=\"Filosofo Algio Mick\u016bno (g.1933) knyga, bene pirmoji para\u0161yta lietuvi\u0161kai. Knygos pavadinimas \u201eSumma erotica&quot; gali klaidinti, nes neju\u010diom asocijuojasi su\" \/>\n<meta name=\"robots\" content=\"index, follow, max-snippet:-1, max-image-preview:large, max-video-preview:-1\" \/>\n<link rel=\"canonical\" href=\"https:\/\/skaitytaknyga.lt\/en\/produktas\/summa-erotica\/\" \/>\n<meta property=\"og:locale\" content=\"en_GB\" \/>\n<meta property=\"og:locale:alternate\" content=\"lt_LT\" \/>\n<meta property=\"og:type\" content=\"article\" \/>\n<meta property=\"og:title\" content=\"Summa erotica\" \/>\n<meta property=\"og:description\" content=\"Filosofo Algio Mick\u016bno (g.1933) knyga, bene pirmoji para\u0161yta lietuvi\u0161kai. Knygos pavadinimas \u201eSumma erotica&quot; gali klaidinti, nes neju\u010diom asocijuojasi su\" \/>\n<meta property=\"og:url\" content=\"https:\/\/skaitytaknyga.lt\/en\/produktas\/summa-erotica\/\" \/>\n<meta property=\"og:site_name\" content=\"Skaitytaknyga\" \/>\n<meta property=\"article:publisher\" content=\"https:\/\/www.facebook.com\/skaitytaknyga\/\" \/>\n<meta property=\"article:modified_time\" content=\"2025-07-07T06:54:44+00:00\" \/>\n<meta property=\"og:image\" content=\"https:\/\/skaitytaknyga.lt\/wp-content\/uploads\/2025\/05\/Summa-erotica.webp\" \/>\n\t<meta property=\"og:image:width\" content=\"538\" \/>\n\t<meta property=\"og:image:height\" content=\"801\" \/>\n\t<meta property=\"og:image:type\" content=\"image\/webp\" \/>\n<meta name=\"twitter:card\" content=\"summary_large_image\" \/>\n<meta name=\"twitter:label1\" content=\"Estimated reading time\" \/>\n\t<meta name=\"twitter:data1\" content=\"2 minutes\" \/>\n<script type=\"application\/ld+json\" class=\"yoast-schema-graph\">{\"@context\":\"https:\\\/\\\/schema.org\",\"@graph\":[{\"@type\":\"WebPage\",\"@id\":\"https:\\\/\\\/skaitytaknyga.lt\\\/produktas\\\/summa-erotica\\\/\",\"url\":\"https:\\\/\\\/skaitytaknyga.lt\\\/produktas\\\/summa-erotica\\\/\",\"name\":\"Summa erotica\",\"isPartOf\":{\"@id\":\"https:\\\/\\\/skaitytaknyga.lt\\\/#website\"},\"primaryImageOfPage\":{\"@id\":\"https:\\\/\\\/skaitytaknyga.lt\\\/produktas\\\/summa-erotica\\\/#primaryimage\"},\"image\":{\"@id\":\"https:\\\/\\\/skaitytaknyga.lt\\\/produktas\\\/summa-erotica\\\/#primaryimage\"},\"thumbnailUrl\":\"https:\\\/\\\/skaitytaknyga.lt\\\/wp-content\\\/uploads\\\/2025\\\/05\\\/Summa-erotica.webp\",\"datePublished\":\"2025-06-06T07:54:17+00:00\",\"dateModified\":\"2025-07-07T06:54:44+00:00\",\"description\":\"Filosofo Algio Mick\u016bno (g.1933) knyga, bene pirmoji para\u0161yta lietuvi\u0161kai. Knygos pavadinimas \u201eSumma erotica\\\" gali klaidinti, nes neju\u010diom asocijuojasi su\",\"breadcrumb\":{\"@id\":\"https:\\\/\\\/skaitytaknyga.lt\\\/produktas\\\/summa-erotica\\\/#breadcrumb\"},\"inLanguage\":\"en-GB\",\"potentialAction\":[{\"@type\":\"ReadAction\",\"target\":[\"https:\\\/\\\/skaitytaknyga.lt\\\/produktas\\\/summa-erotica\\\/\"]}]},{\"@type\":\"ImageObject\",\"inLanguage\":\"en-GB\",\"@id\":\"https:\\\/\\\/skaitytaknyga.lt\\\/produktas\\\/summa-erotica\\\/#primaryimage\",\"url\":\"https:\\\/\\\/skaitytaknyga.lt\\\/wp-content\\\/uploads\\\/2025\\\/05\\\/Summa-erotica.webp\",\"contentUrl\":\"https:\\\/\\\/skaitytaknyga.lt\\\/wp-content\\\/uploads\\\/2025\\\/05\\\/Summa-erotica.webp\",\"width\":538,\"height\":801},{\"@type\":\"BreadcrumbList\",\"@id\":\"https:\\\/\\\/skaitytaknyga.lt\\\/produktas\\\/summa-erotica\\\/#breadcrumb\",\"itemListElement\":[{\"@type\":\"ListItem\",\"position\":1,\"name\":\"Home\",\"item\":\"https:\\\/\\\/skaitytaknyga.lt\\\/\"},{\"@type\":\"ListItem\",\"position\":2,\"name\":\"Parduotuv\u0117\",\"item\":\"https:\\\/\\\/skaitytaknyga.lt\\\/knygu-parduotuve\\\/\"},{\"@type\":\"ListItem\",\"position\":3,\"name\":\"Summa erotica\"}]},{\"@type\":\"WebSite\",\"@id\":\"https:\\\/\\\/skaitytaknyga.lt\\\/#website\",\"url\":\"https:\\\/\\\/skaitytaknyga.lt\\\/\",\"name\":\"skaitytaknyga.lt\",\"description\":\"Skaitytaknyga.lt \u2013 tai ma\u017eas \u0161eimos verslas, kuris prasid\u0117jo nuo meil\u0117s knygoms ir siekio i\u0161gelb\u0117ti knygas nuo likimo prie konteinerio. Kas vienam nereikalingas daiktas \u2013 kitam lobis, o mes esame tarpininkai, kurie padeda abiems tapti laimingesniems ???? \u017dinome kaip nelengva i\u0161gyventi ma\u017eiems verslams, tad nuo \u0161iol, \u010dia rasite ir kit\u0173, ma\u017e\u0173 \u0161eim\u0173 versl\u0173, rank\u0173 darbo, dovan\u0173 sau ir artimiesiems.\",\"publisher\":{\"@id\":\"https:\\\/\\\/skaitytaknyga.lt\\\/#organization\"},\"potentialAction\":[{\"@type\":\"SearchAction\",\"target\":{\"@type\":\"EntryPoint\",\"urlTemplate\":\"https:\\\/\\\/skaitytaknyga.lt\\\/?s={search_term_string}\"},\"query-input\":{\"@type\":\"PropertyValueSpecification\",\"valueRequired\":true,\"valueName\":\"search_term_string\"}}],\"inLanguage\":\"en-GB\"},{\"@type\":\"Organization\",\"@id\":\"https:\\\/\\\/skaitytaknyga.lt\\\/#organization\",\"name\":\"skaitytaknyga.lt\",\"url\":\"https:\\\/\\\/skaitytaknyga.lt\\\/\",\"logo\":{\"@type\":\"ImageObject\",\"inLanguage\":\"en-GB\",\"@id\":\"https:\\\/\\\/skaitytaknyga.lt\\\/#\\\/schema\\\/logo\\\/image\\\/\",\"url\":\"https:\\\/\\\/skaitytaknyga.lt\\\/wp-content\\\/uploads\\\/2024\\\/05\\\/cropped-cropped-cropped-02_00843_jt3bggkj1j3HLc7SyY6rEUpg.jpeg\",\"contentUrl\":\"https:\\\/\\\/skaitytaknyga.lt\\\/wp-content\\\/uploads\\\/2024\\\/05\\\/cropped-cropped-cropped-02_00843_jt3bggkj1j3HLc7SyY6rEUpg.jpeg\",\"width\":1600,\"height\":1600,\"caption\":\"skaitytaknyga.lt\"},\"image\":{\"@id\":\"https:\\\/\\\/skaitytaknyga.lt\\\/#\\\/schema\\\/logo\\\/image\\\/\"},\"sameAs\":[\"https:\\\/\\\/www.facebook.com\\\/skaitytaknyga\\\/\"]}]}<\/script>\n<!-- \/ Yoast SEO plugin. -->","yoast_head_json":{"title":"Summa erotica","description":"Filosofo Algio Mick\u016bno (g.1933) knyga, bene pirmoji para\u0161yta lietuvi\u0161kai. Knygos pavadinimas \u201eSumma erotica\" gali klaidinti, nes neju\u010diom asocijuojasi su","robots":{"index":"index","follow":"follow","max-snippet":"max-snippet:-1","max-image-preview":"max-image-preview:large","max-video-preview":"max-video-preview:-1"},"canonical":"https:\/\/skaitytaknyga.lt\/en\/produktas\/summa-erotica\/","og_locale":"en_GB","og_type":"article","og_title":"[:lt]Summa erotica[:] - Skaitytaknyga","og_description":"Filosofo Algio Mick\u016bno (g.1933) knyga, bene pirmoji para\u0161yta lietuvi\u0161kai. Knygos pavadinimas \u201eSumma erotica\" gali klaidinti, nes neju\u010diom asocijuojasi su","og_url":"https:\/\/skaitytaknyga.lt\/en\/produktas\/summa-erotica\/","og_site_name":"Skaitytaknyga","article_publisher":"https:\/\/www.facebook.com\/skaitytaknyga\/","article_modified_time":"2025-07-07T06:54:44+00:00","og_image":[{"width":538,"height":801,"url":"https:\/\/skaitytaknyga.lt\/wp-content\/uploads\/2025\/05\/Summa-erotica.webp","type":"image\/webp"}],"twitter_card":"summary_large_image","twitter_misc":{"Estimated reading time":"2 minutes"},"schema":{"@context":"https:\/\/schema.org","@graph":[{"@type":"WebPage","@id":"https:\/\/skaitytaknyga.lt\/produktas\/summa-erotica\/","url":"https:\/\/skaitytaknyga.lt\/produktas\/summa-erotica\/","name":"Summa erotica","isPartOf":{"@id":"https:\/\/skaitytaknyga.lt\/#website"},"primaryImageOfPage":{"@id":"https:\/\/skaitytaknyga.lt\/produktas\/summa-erotica\/#primaryimage"},"image":{"@id":"https:\/\/skaitytaknyga.lt\/produktas\/summa-erotica\/#primaryimage"},"thumbnailUrl":"https:\/\/skaitytaknyga.lt\/wp-content\/uploads\/2025\/05\/Summa-erotica.webp","datePublished":"2025-06-06T07:54:17+00:00","dateModified":"2025-07-07T06:54:44+00:00","description":"Filosofo Algio Mick\u016bno (g.1933) knyga, bene pirmoji para\u0161yta lietuvi\u0161kai. Knygos pavadinimas \u201eSumma erotica\" gali klaidinti, nes neju\u010diom asocijuojasi su","breadcrumb":{"@id":"https:\/\/skaitytaknyga.lt\/produktas\/summa-erotica\/#breadcrumb"},"inLanguage":"en-GB","potentialAction":[{"@type":"ReadAction","target":["https:\/\/skaitytaknyga.lt\/produktas\/summa-erotica\/"]}]},{"@type":"ImageObject","inLanguage":"en-GB","@id":"https:\/\/skaitytaknyga.lt\/produktas\/summa-erotica\/#primaryimage","url":"https:\/\/skaitytaknyga.lt\/wp-content\/uploads\/2025\/05\/Summa-erotica.webp","contentUrl":"https:\/\/skaitytaknyga.lt\/wp-content\/uploads\/2025\/05\/Summa-erotica.webp","width":538,"height":801},{"@type":"BreadcrumbList","@id":"https:\/\/skaitytaknyga.lt\/produktas\/summa-erotica\/#breadcrumb","itemListElement":[{"@type":"ListItem","position":1,"name":"Home","item":"https:\/\/skaitytaknyga.lt\/"},{"@type":"ListItem","position":2,"name":"Parduotuv\u0117","item":"https:\/\/skaitytaknyga.lt\/knygu-parduotuve\/"},{"@type":"ListItem","position":3,"name":"Summa erotica"}]},{"@type":"WebSite","@id":"https:\/\/skaitytaknyga.lt\/#website","url":"https:\/\/skaitytaknyga.lt\/","name":"skaitytaknyga.lt","description":"Skaitytaknyga.lt \u2013 tai ma\u017eas \u0161eimos verslas, kuris prasid\u0117jo nuo meil\u0117s knygoms ir siekio i\u0161gelb\u0117ti knygas nuo likimo prie konteinerio. Kas vienam nereikalingas daiktas \u2013 kitam lobis, o mes esame tarpininkai, kurie padeda abiems tapti laimingesniems ???? \u017dinome kaip nelengva i\u0161gyventi ma\u017eiems verslams, tad nuo \u0161iol, \u010dia rasite ir kit\u0173, ma\u017e\u0173 \u0161eim\u0173 versl\u0173, rank\u0173 darbo, dovan\u0173 sau ir artimiesiems.","publisher":{"@id":"https:\/\/skaitytaknyga.lt\/#organization"},"potentialAction":[{"@type":"SearchAction","target":{"@type":"EntryPoint","urlTemplate":"https:\/\/skaitytaknyga.lt\/?s={search_term_string}"},"query-input":{"@type":"PropertyValueSpecification","valueRequired":true,"valueName":"search_term_string"}}],"inLanguage":"en-GB"},{"@type":"Organization","@id":"https:\/\/skaitytaknyga.lt\/#organization","name":"skaitytaknyga.lt","url":"https:\/\/skaitytaknyga.lt\/","logo":{"@type":"ImageObject","inLanguage":"en-GB","@id":"https:\/\/skaitytaknyga.lt\/#\/schema\/logo\/image\/","url":"https:\/\/skaitytaknyga.lt\/wp-content\/uploads\/2024\/05\/cropped-cropped-cropped-02_00843_jt3bggkj1j3HLc7SyY6rEUpg.jpeg","contentUrl":"https:\/\/skaitytaknyga.lt\/wp-content\/uploads\/2024\/05\/cropped-cropped-cropped-02_00843_jt3bggkj1j3HLc7SyY6rEUpg.jpeg","width":1600,"height":1600,"caption":"skaitytaknyga.lt"},"image":{"@id":"https:\/\/skaitytaknyga.lt\/#\/schema\/logo\/image\/"},"sameAs":["https:\/\/www.facebook.com\/skaitytaknyga\/"]}]}},"_links":{"self":[{"href":"https:\/\/skaitytaknyga.lt\/en\/wp-json\/wp\/v2\/product\/18643","targetHints":{"allow":["GET"]}}],"collection":[{"href":"https:\/\/skaitytaknyga.lt\/en\/wp-json\/wp\/v2\/product"}],"about":[{"href":"https:\/\/skaitytaknyga.lt\/en\/wp-json\/wp\/v2\/types\/product"}],"replies":[{"embeddable":true,"href":"https:\/\/skaitytaknyga.lt\/en\/wp-json\/wp\/v2\/comments?post=18643"}],"wp:featuredmedia":[{"embeddable":true,"href":"https:\/\/skaitytaknyga.lt\/en\/wp-json\/wp\/v2\/media\/18655"}],"wp:attachment":[{"href":"https:\/\/skaitytaknyga.lt\/en\/wp-json\/wp\/v2\/media?parent=18643"}],"wp:term":[{"taxonomy":"product_brand","embeddable":true,"href":"https:\/\/skaitytaknyga.lt\/en\/wp-json\/wp\/v2\/product_brand?post=18643"},{"taxonomy":"product_cat","embeddable":true,"href":"https:\/\/skaitytaknyga.lt\/en\/wp-json\/wp\/v2\/product_cat?post=18643"},{"taxonomy":"product_tag","embeddable":true,"href":"https:\/\/skaitytaknyga.lt\/en\/wp-json\/wp\/v2\/product_tag?post=18643"}],"curies":[{"name":"wp","href":"https:\/\/api.w.org\/{rel}","templated":true}]}}