{"id":18642,"date":"2025-06-06T10:54:17","date_gmt":"2025-06-06T07:54:17","guid":{"rendered":"https:\/\/skaitytaknyga.lt\/?post_type=product&#038;p=18642"},"modified":"2025-06-14T14:56:53","modified_gmt":"2025-06-14T11:56:53","slug":"50-zymiausiu-pasaulio-moteru","status":"publish","type":"product","link":"https:\/\/skaitytaknyga.lt\/en\/produktas\/50-zymiausiu-pasaulio-moteru\/","title":{"rendered":"50 \u017eymiausi\u0173 pasaulio moter\u0173"},"content":{"rendered":"<p>Moterys, kurios keit\u0117 pasaul\u012f. Moterys, kurios \u012fsiver\u017e\u0117 \u012f vyr\u0173 veiklos sritis ir i\u0161garsino moter\u0173 veiklos sferas. Moterys, kurios tapo mit\u0173 arba literat\u016bros heroj\u0117mis, formavo epoch\u0173 stili\u0173 ir k\u016br\u0117 men\u0105. Nuo Marijos, Krimhildos, D\u017eein\u0117s Ostin ir Rozos Liuksemburg &#8211; iki Elos Fitcd\u017eerald, Hanos Arent ir Madonos. Jaudinantis pasivaik\u0161\u010diojimas po audring\u0105 garsiausi\u0173 moter\u0173 gyvenim\u0105.<\/p>\n","protected":false},"excerpt":{"rendered":"<p>Moterys, kurios keit\u0117 pasaul\u012f. Moterys, kurios \u012fsiver\u017e\u0117 \u012f vyr\u0173 veiklos sritis ir i\u0161garsino moter\u0173 veiklos sferas. Moterys, kurios tapo mit\u0173 arba literat\u016bros heroj\u0117mis, formavo epoch\u0173 stili\u0173 ir k\u016br\u0117 men\u0105. Nuo Marijos, Krimhildos, D\u017eein\u0117s Ostin ir Rozos Liuksemburg &#8211; iki Elos Fitcd\u017eerald, Hanos Arent ir Madonos. Jaudinantis pasivaik\u0161\u010diojimas po audring\u0105 garsiausi\u0173 moter\u0173 gyvenim\u0105.<\/p>\n","protected":false},"featured_media":18654,"comment_status":"open","ping_status":"closed","template":"","meta":{"_acf_changed":false,"site-sidebar-layout":"default","site-content-layout":"","ast-site-content-layout":"default","site-content-style":"default","site-sidebar-style":"default","ast-global-header-display":"","ast-banner-title-visibility":"","ast-main-header-display":"","ast-hfb-above-header-display":"","ast-hfb-below-header-display":"","ast-hfb-mobile-header-display":"","site-post-title":"","ast-breadcrumbs-content":"","ast-featured-img":"","footer-sml-layout":"","ast-disable-related-posts":"","theme-transparent-header-meta":"","adv-header-id-meta":"","stick-header-meta":"","header-above-stick-meta":"","header-main-stick-meta":"","header-below-stick-meta":"","astra-migrate-meta-layouts":"default","ast-page-background-enabled":"default","ast-page-background-meta":{"desktop":{"background-color":"","background-image":"","background-repeat":"repeat","background-position":"center center","background-size":"auto","background-attachment":"scroll","background-type":"","background-media":"","overlay-type":"","overlay-color":"","overlay-opacity":"","overlay-gradient":""},"tablet":{"background-color":"","background-image":"","background-repeat":"repeat","background-position":"center center","background-size":"auto","background-attachment":"scroll","background-type":"","background-media":"","overlay-type":"","overlay-color":"","overlay-opacity":"","overlay-gradient":""},"mobile":{"background-color":"","background-image":"","background-repeat":"repeat","background-position":"center center","background-size":"auto","background-attachment":"scroll","background-type":"","background-media":"","overlay-type":"","overlay-color":"","overlay-opacity":"","overlay-gradient":""}},"ast-content-background-meta":{"desktop":{"background-color":"var(--ast-global-color-4)","background-image":"","background-repeat":"repeat","background-position":"center center","background-size":"auto","background-attachment":"scroll","background-type":"","background-media":"","overlay-type":"","overlay-color":"","overlay-opacity":"","overlay-gradient":""},"tablet":{"background-color":"var(--ast-global-color-4)","background-image":"","background-repeat":"repeat","background-position":"center center","background-size":"auto","background-attachment":"scroll","background-type":"","background-media":"","overlay-type":"","overlay-color":"","overlay-opacity":"","overlay-gradient":""},"mobile":{"background-color":"var(--ast-global-color-4)","background-image":"","background-repeat":"repeat","background-position":"center center","background-size":"auto","background-attachment":"scroll","background-type":"","background-media":"","overlay-type":"","overlay-color":"","overlay-opacity":"","overlay-gradient":""}}},"product_brand":[],"product_cat":[15],"product_tag":[4705,3936,2224,2582],"class_list":{"0":"post-18642","1":"product","2":"type-product","3":"status-publish","4":"has-post-thumbnail","6":"product_cat-uncategorized","7":"product_tag-barbara-sichtermann","8":"product_tag-biografijos","9":"product_tag-istorija","10":"product_tag-moterys","11":"desktop-align-left","12":"tablet-align-left","13":"mobile-align-left","15":"first","16":"instock","17":"shipping-taxable","18":"purchasable","19":"product-type-simple"},"acf":[],"yoast_head":"<!-- This site is optimized with the Yoast SEO plugin v27.0 - https:\/\/yoast.com\/product\/yoast-seo-wordpress\/ -->\n<title>50 \u017eymiausi\u0173 pasaulio moter\u0173<\/title>\n<meta name=\"description\" content=\"Moterys, kurios keit\u0117 pasaul\u012f. Moterys, kurios \u012fsiver\u017e\u0117 \u012f vyr\u0173 veiklos sritis ir i\u0161garsino moter\u0173 veiklos sferas. Moterys, kurios tapo mit\u0173 arba\" \/>\n<meta name=\"robots\" content=\"index, follow, max-snippet:-1, max-image-preview:large, max-video-preview:-1\" \/>\n<link rel=\"canonical\" href=\"https:\/\/skaitytaknyga.lt\/en\/produktas\/50-zymiausiu-pasaulio-moteru\/\" \/>\n<meta property=\"og:locale\" content=\"en_GB\" \/>\n<meta property=\"og:locale:alternate\" content=\"lt_LT\" \/>\n<meta property=\"og:type\" content=\"article\" \/>\n<meta property=\"og:title\" content=\"50 \u017eymiausi\u0173 pasaulio moter\u0173\" \/>\n<meta property=\"og:description\" content=\"Moterys, kurios keit\u0117 pasaul\u012f. Moterys, kurios \u012fsiver\u017e\u0117 \u012f vyr\u0173 veiklos sritis ir i\u0161garsino moter\u0173 veiklos sferas. Moterys, kurios tapo mit\u0173 arba\" \/>\n<meta property=\"og:url\" content=\"https:\/\/skaitytaknyga.lt\/en\/produktas\/50-zymiausiu-pasaulio-moteru\/\" \/>\n<meta property=\"og:site_name\" content=\"Skaitytaknyga\" \/>\n<meta property=\"article:publisher\" content=\"https:\/\/www.facebook.com\/skaitytaknyga\/\" \/>\n<meta property=\"article:modified_time\" content=\"2025-06-14T11:56:53+00:00\" \/>\n<meta property=\"og:image\" content=\"https:\/\/skaitytaknyga.lt\/wp-content\/uploads\/2025\/05\/50-zymiausiu-pasaulio-moteru.webp\" \/>\n\t<meta property=\"og:image:width\" content=\"419\" \/>\n\t<meta property=\"og:image:height\" content=\"600\" \/>\n\t<meta property=\"og:image:type\" content=\"image\/webp\" \/>\n<meta name=\"twitter:card\" content=\"summary_large_image\" \/>\n<script type=\"application\/ld+json\" class=\"yoast-schema-graph\">{\"@context\":\"https:\/\/schema.org\",\"@graph\":[{\"@type\":\"WebPage\",\"@id\":\"https:\/\/skaitytaknyga.lt\/produktas\/50-zymiausiu-pasaulio-moteru\/\",\"url\":\"https:\/\/skaitytaknyga.lt\/produktas\/50-zymiausiu-pasaulio-moteru\/\",\"name\":\"50 \u017eymiausi\u0173 pasaulio moter\u0173\",\"isPartOf\":{\"@id\":\"https:\/\/skaitytaknyga.lt\/#website\"},\"primaryImageOfPage\":{\"@id\":\"https:\/\/skaitytaknyga.lt\/produktas\/50-zymiausiu-pasaulio-moteru\/#primaryimage\"},\"image\":{\"@id\":\"https:\/\/skaitytaknyga.lt\/produktas\/50-zymiausiu-pasaulio-moteru\/#primaryimage\"},\"thumbnailUrl\":\"https:\/\/skaitytaknyga.lt\/wp-content\/uploads\/2025\/05\/50-zymiausiu-pasaulio-moteru.webp\",\"datePublished\":\"2025-06-06T07:54:17+00:00\",\"dateModified\":\"2025-06-14T11:56:53+00:00\",\"description\":\"Moterys, kurios keit\u0117 pasaul\u012f. Moterys, kurios \u012fsiver\u017e\u0117 \u012f vyr\u0173 veiklos sritis ir i\u0161garsino moter\u0173 veiklos sferas. Moterys, kurios tapo mit\u0173 arba\",\"breadcrumb\":{\"@id\":\"https:\/\/skaitytaknyga.lt\/produktas\/50-zymiausiu-pasaulio-moteru\/#breadcrumb\"},\"inLanguage\":\"en-GB\",\"potentialAction\":[{\"@type\":\"ReadAction\",\"target\":[\"https:\/\/skaitytaknyga.lt\/produktas\/50-zymiausiu-pasaulio-moteru\/\"]}]},{\"@type\":\"ImageObject\",\"inLanguage\":\"en-GB\",\"@id\":\"https:\/\/skaitytaknyga.lt\/produktas\/50-zymiausiu-pasaulio-moteru\/#primaryimage\",\"url\":\"https:\/\/skaitytaknyga.lt\/wp-content\/uploads\/2025\/05\/50-zymiausiu-pasaulio-moteru.webp\",\"contentUrl\":\"https:\/\/skaitytaknyga.lt\/wp-content\/uploads\/2025\/05\/50-zymiausiu-pasaulio-moteru.webp\",\"width\":419,\"height\":600},{\"@type\":\"BreadcrumbList\",\"@id\":\"https:\/\/skaitytaknyga.lt\/produktas\/50-zymiausiu-pasaulio-moteru\/#breadcrumb\",\"itemListElement\":[{\"@type\":\"ListItem\",\"position\":1,\"name\":\"Home\",\"item\":\"https:\/\/skaitytaknyga.lt\/\"},{\"@type\":\"ListItem\",\"position\":2,\"name\":\"Parduotuv\u0117\",\"item\":\"https:\/\/skaitytaknyga.lt\/knygu-parduotuve\/\"},{\"@type\":\"ListItem\",\"position\":3,\"name\":\"50 \u017eymiausi\u0173 pasaulio moter\u0173\"}]},{\"@type\":\"WebSite\",\"@id\":\"https:\/\/skaitytaknyga.lt\/#website\",\"url\":\"https:\/\/skaitytaknyga.lt\/\",\"name\":\"skaitytaknyga.lt\",\"description\":\"Skaitytaknyga.lt \u2013 tai ma\u017eas \u0161eimos verslas, kuris prasid\u0117jo nuo meil\u0117s knygoms ir siekio i\u0161gelb\u0117ti knygas nuo likimo prie konteinerio. Kas vienam nereikalingas daiktas \u2013 kitam lobis, o mes esame tarpininkai, kurie padeda abiems tapti laimingesniems ???? \u017dinome kaip nelengva i\u0161gyventi ma\u017eiems verslams, tad nuo \u0161iol, \u010dia rasite ir kit\u0173, ma\u017e\u0173 \u0161eim\u0173 versl\u0173, rank\u0173 darbo, dovan\u0173 sau ir artimiesiems.\",\"publisher\":{\"@id\":\"https:\/\/skaitytaknyga.lt\/#organization\"},\"potentialAction\":[{\"@type\":\"SearchAction\",\"target\":{\"@type\":\"EntryPoint\",\"urlTemplate\":\"https:\/\/skaitytaknyga.lt\/?s={search_term_string}\"},\"query-input\":{\"@type\":\"PropertyValueSpecification\",\"valueRequired\":true,\"valueName\":\"search_term_string\"}}],\"inLanguage\":\"en-GB\"},{\"@type\":\"Organization\",\"@id\":\"https:\/\/skaitytaknyga.lt\/#organization\",\"name\":\"skaitytaknyga.lt\",\"url\":\"https:\/\/skaitytaknyga.lt\/\",\"logo\":{\"@type\":\"ImageObject\",\"inLanguage\":\"en-GB\",\"@id\":\"https:\/\/skaitytaknyga.lt\/#\/schema\/logo\/image\/\",\"url\":\"https:\/\/skaitytaknyga.lt\/wp-content\/uploads\/2024\/05\/cropped-cropped-cropped-02_00843_jt3bggkj1j3HLc7SyY6rEUpg.jpeg\",\"contentUrl\":\"https:\/\/skaitytaknyga.lt\/wp-content\/uploads\/2024\/05\/cropped-cropped-cropped-02_00843_jt3bggkj1j3HLc7SyY6rEUpg.jpeg\",\"width\":1600,\"height\":1600,\"caption\":\"skaitytaknyga.lt\"},\"image\":{\"@id\":\"https:\/\/skaitytaknyga.lt\/#\/schema\/logo\/image\/\"},\"sameAs\":[\"https:\/\/www.facebook.com\/skaitytaknyga\/\"]}]}<\/script>\n<!-- \/ Yoast SEO plugin. -->","yoast_head_json":{"title":"50 \u017eymiausi\u0173 pasaulio moter\u0173","description":"Moterys, kurios keit\u0117 pasaul\u012f. Moterys, kurios \u012fsiver\u017e\u0117 \u012f vyr\u0173 veiklos sritis ir i\u0161garsino moter\u0173 veiklos sferas. Moterys, kurios tapo mit\u0173 arba","robots":{"index":"index","follow":"follow","max-snippet":"max-snippet:-1","max-image-preview":"max-image-preview:large","max-video-preview":"max-video-preview:-1"},"canonical":"https:\/\/skaitytaknyga.lt\/en\/produktas\/50-zymiausiu-pasaulio-moteru\/","og_locale":"en_GB","og_type":"article","og_title":"[:lt]50 \u017eymiausi\u0173 pasaulio moter\u0173[:] - Skaitytaknyga","og_description":"Moterys, kurios keit\u0117 pasaul\u012f. Moterys, kurios \u012fsiver\u017e\u0117 \u012f vyr\u0173 veiklos sritis ir i\u0161garsino moter\u0173 veiklos sferas. Moterys, kurios tapo mit\u0173 arba","og_url":"https:\/\/skaitytaknyga.lt\/en\/produktas\/50-zymiausiu-pasaulio-moteru\/","og_site_name":"Skaitytaknyga","article_publisher":"https:\/\/www.facebook.com\/skaitytaknyga\/","article_modified_time":"2025-06-14T11:56:53+00:00","og_image":[{"width":419,"height":600,"url":"https:\/\/skaitytaknyga.lt\/wp-content\/uploads\/2025\/05\/50-zymiausiu-pasaulio-moteru.webp","type":"image\/webp"}],"twitter_card":"summary_large_image","schema":{"@context":"https:\/\/schema.org","@graph":[{"@type":"WebPage","@id":"https:\/\/skaitytaknyga.lt\/produktas\/50-zymiausiu-pasaulio-moteru\/","url":"https:\/\/skaitytaknyga.lt\/produktas\/50-zymiausiu-pasaulio-moteru\/","name":"50 \u017eymiausi\u0173 pasaulio moter\u0173","isPartOf":{"@id":"https:\/\/skaitytaknyga.lt\/#website"},"primaryImageOfPage":{"@id":"https:\/\/skaitytaknyga.lt\/produktas\/50-zymiausiu-pasaulio-moteru\/#primaryimage"},"image":{"@id":"https:\/\/skaitytaknyga.lt\/produktas\/50-zymiausiu-pasaulio-moteru\/#primaryimage"},"thumbnailUrl":"https:\/\/skaitytaknyga.lt\/wp-content\/uploads\/2025\/05\/50-zymiausiu-pasaulio-moteru.webp","datePublished":"2025-06-06T07:54:17+00:00","dateModified":"2025-06-14T11:56:53+00:00","description":"Moterys, kurios keit\u0117 pasaul\u012f. Moterys, kurios \u012fsiver\u017e\u0117 \u012f vyr\u0173 veiklos sritis ir i\u0161garsino moter\u0173 veiklos sferas. Moterys, kurios tapo mit\u0173 arba","breadcrumb":{"@id":"https:\/\/skaitytaknyga.lt\/produktas\/50-zymiausiu-pasaulio-moteru\/#breadcrumb"},"inLanguage":"en-GB","potentialAction":[{"@type":"ReadAction","target":["https:\/\/skaitytaknyga.lt\/produktas\/50-zymiausiu-pasaulio-moteru\/"]}]},{"@type":"ImageObject","inLanguage":"en-GB","@id":"https:\/\/skaitytaknyga.lt\/produktas\/50-zymiausiu-pasaulio-moteru\/#primaryimage","url":"https:\/\/skaitytaknyga.lt\/wp-content\/uploads\/2025\/05\/50-zymiausiu-pasaulio-moteru.webp","contentUrl":"https:\/\/skaitytaknyga.lt\/wp-content\/uploads\/2025\/05\/50-zymiausiu-pasaulio-moteru.webp","width":419,"height":600},{"@type":"BreadcrumbList","@id":"https:\/\/skaitytaknyga.lt\/produktas\/50-zymiausiu-pasaulio-moteru\/#breadcrumb","itemListElement":[{"@type":"ListItem","position":1,"name":"Home","item":"https:\/\/skaitytaknyga.lt\/"},{"@type":"ListItem","position":2,"name":"Parduotuv\u0117","item":"https:\/\/skaitytaknyga.lt\/knygu-parduotuve\/"},{"@type":"ListItem","position":3,"name":"50 \u017eymiausi\u0173 pasaulio moter\u0173"}]},{"@type":"WebSite","@id":"https:\/\/skaitytaknyga.lt\/#website","url":"https:\/\/skaitytaknyga.lt\/","name":"skaitytaknyga.lt","description":"Skaitytaknyga.lt \u2013 tai ma\u017eas \u0161eimos verslas, kuris prasid\u0117jo nuo meil\u0117s knygoms ir siekio i\u0161gelb\u0117ti knygas nuo likimo prie konteinerio. Kas vienam nereikalingas daiktas \u2013 kitam lobis, o mes esame tarpininkai, kurie padeda abiems tapti laimingesniems ???? \u017dinome kaip nelengva i\u0161gyventi ma\u017eiems verslams, tad nuo \u0161iol, \u010dia rasite ir kit\u0173, ma\u017e\u0173 \u0161eim\u0173 versl\u0173, rank\u0173 darbo, dovan\u0173 sau ir artimiesiems.","publisher":{"@id":"https:\/\/skaitytaknyga.lt\/#organization"},"potentialAction":[{"@type":"SearchAction","target":{"@type":"EntryPoint","urlTemplate":"https:\/\/skaitytaknyga.lt\/?s={search_term_string}"},"query-input":{"@type":"PropertyValueSpecification","valueRequired":true,"valueName":"search_term_string"}}],"inLanguage":"en-GB"},{"@type":"Organization","@id":"https:\/\/skaitytaknyga.lt\/#organization","name":"skaitytaknyga.lt","url":"https:\/\/skaitytaknyga.lt\/","logo":{"@type":"ImageObject","inLanguage":"en-GB","@id":"https:\/\/skaitytaknyga.lt\/#\/schema\/logo\/image\/","url":"https:\/\/skaitytaknyga.lt\/wp-content\/uploads\/2024\/05\/cropped-cropped-cropped-02_00843_jt3bggkj1j3HLc7SyY6rEUpg.jpeg","contentUrl":"https:\/\/skaitytaknyga.lt\/wp-content\/uploads\/2024\/05\/cropped-cropped-cropped-02_00843_jt3bggkj1j3HLc7SyY6rEUpg.jpeg","width":1600,"height":1600,"caption":"skaitytaknyga.lt"},"image":{"@id":"https:\/\/skaitytaknyga.lt\/#\/schema\/logo\/image\/"},"sameAs":["https:\/\/www.facebook.com\/skaitytaknyga\/"]}]}},"_links":{"self":[{"href":"https:\/\/skaitytaknyga.lt\/en\/wp-json\/wp\/v2\/product\/18642","targetHints":{"allow":["GET"]}}],"collection":[{"href":"https:\/\/skaitytaknyga.lt\/en\/wp-json\/wp\/v2\/product"}],"about":[{"href":"https:\/\/skaitytaknyga.lt\/en\/wp-json\/wp\/v2\/types\/product"}],"replies":[{"embeddable":true,"href":"https:\/\/skaitytaknyga.lt\/en\/wp-json\/wp\/v2\/comments?post=18642"}],"wp:featuredmedia":[{"embeddable":true,"href":"https:\/\/skaitytaknyga.lt\/en\/wp-json\/wp\/v2\/media\/18654"}],"wp:attachment":[{"href":"https:\/\/skaitytaknyga.lt\/en\/wp-json\/wp\/v2\/media?parent=18642"}],"wp:term":[{"taxonomy":"product_brand","embeddable":true,"href":"https:\/\/skaitytaknyga.lt\/en\/wp-json\/wp\/v2\/product_brand?post=18642"},{"taxonomy":"product_cat","embeddable":true,"href":"https:\/\/skaitytaknyga.lt\/en\/wp-json\/wp\/v2\/product_cat?post=18642"},{"taxonomy":"product_tag","embeddable":true,"href":"https:\/\/skaitytaknyga.lt\/en\/wp-json\/wp\/v2\/product_tag?post=18642"}],"curies":[{"name":"wp","href":"https:\/\/api.w.org\/{rel}","templated":true}]}}