{"id":18603,"date":"2025-05-28T09:32:30","date_gmt":"2025-05-28T06:32:30","guid":{"rendered":"https:\/\/skaitytaknyga.lt\/?post_type=product&#038;p=18603"},"modified":"2025-06-06T10:54:18","modified_gmt":"2025-06-06T07:54:18","slug":"sveikatos-fanatiko-dienorastis","status":"publish","type":"product","link":"https:\/\/skaitytaknyga.lt\/en\/produktas\/sveikatos-fanatiko-dienorastis\/","title":{"rendered":"Sveikatos fanatiko dienora\u0161tis"},"content":{"rendered":"<p>Kai Pito Peino dienora\u0161tis i\u0161vydo dienos \u0161vies\u0105, pasaulis nu\u0161\u010diuvo: paaugliai j\u012f tiesiog graibst\u0117, o lengviau atsidus\u0119 mokytojai ir i\u0161g\u0105sdinti t\u0117vai slapta dom\u0117josi kar\u0161\u010diausiomis naujienomis.<\/p>\n<p>Puikus skaitalas visiems paaugliams, kurie nor\u0117t\u0173 daug k\u0105 su\u017einoti, bet drovisi klausti, ir suaugusiesiems, kurie \u0161\u012f t\u0105 \u017eino, bet pernelyg drovisi atsakin\u0117ti \u012f tokio pob\u016bd\u017eio klausimus.<\/p>\n<p>Aidan Macfarlane vadovavo Vaik\u0173 ir paaugli\u0173 sveikatos skyriui Oksford\u0161yro sveikatos departamente. Dabar jis \u2013 laisvai samdomas visame pasaulyje konsultantas vaik\u0173 ir paaugli\u0173 sveikatos klausimais.<br \/>\nAnn McPherson yra didel\u0119 darbo su jaunimu ir j\u0173 problemomis patirt\u012f turinti bendrosios praktikos gydytoja, be to, Oksfordo universiteto Pirmin\u0117s sveikatos prie\u017ei\u016bros fakultete skaito paskaitas.<\/p>\n","protected":false},"excerpt":{"rendered":"<p>Kai Pito Peino dienora\u0161tis i\u0161vydo dienos \u0161vies\u0105, pasaulis nu\u0161\u010diuvo: paaugliai j\u012f tiesiog graibst\u0117, o lengviau atsidus\u0119 mokytojai ir i\u0161g\u0105sdinti t\u0117vai slapta dom\u0117josi kar\u0161\u010diausiomis naujienomis. Puikus skaitalas visiems paaugliams, kurie nor\u0117t\u0173 daug k\u0105 su\u017einoti, bet drovisi klausti, ir suaugusiesiems, kurie \u0161\u012f t\u0105 \u017eino, bet pernelyg drovisi atsakin\u0117ti \u012f tokio pob\u016bd\u017eio klausimus. Aidan Macfarlane vadovavo Vaik\u0173 ir paaugli\u0173 sveikatos skyriui Oksford\u0161yro sveikatos departamente. Dabar jis \u2013 laisvai samdomas visame pasaulyje konsultantas vaik\u0173 ir paaugli\u0173 sveikatos klausimais. Ann McPherson yra didel\u0119 darbo su jaunimu ir j\u0173 problemomis patirt\u012f turinti bendrosios praktikos gydytoja, be to, Oksfordo universiteto Pirmin\u0117s sveikatos prie\u017ei\u016bros fakultete skaito paskaitas.<\/p>\n","protected":false},"featured_media":18604,"comment_status":"open","ping_status":"closed","template":"","meta":{"_acf_changed":false,"site-sidebar-layout":"default","site-content-layout":"","ast-site-content-layout":"default","site-content-style":"default","site-sidebar-style":"default","ast-global-header-display":"","ast-banner-title-visibility":"","ast-main-header-display":"","ast-hfb-above-header-display":"","ast-hfb-below-header-display":"","ast-hfb-mobile-header-display":"","site-post-title":"","ast-breadcrumbs-content":"","ast-featured-img":"","footer-sml-layout":"","ast-disable-related-posts":"","theme-transparent-header-meta":"","adv-header-id-meta":"","stick-header-meta":"","header-above-stick-meta":"","header-main-stick-meta":"","header-below-stick-meta":"","astra-migrate-meta-layouts":"default","ast-page-background-enabled":"default","ast-page-background-meta":{"desktop":{"background-color":"","background-image":"","background-repeat":"repeat","background-position":"center center","background-size":"auto","background-attachment":"scroll","background-type":"","background-media":"","overlay-type":"","overlay-color":"","overlay-opacity":"","overlay-gradient":""},"tablet":{"background-color":"","background-image":"","background-repeat":"repeat","background-position":"center center","background-size":"auto","background-attachment":"scroll","background-type":"","background-media":"","overlay-type":"","overlay-color":"","overlay-opacity":"","overlay-gradient":""},"mobile":{"background-color":"","background-image":"","background-repeat":"repeat","background-position":"center center","background-size":"auto","background-attachment":"scroll","background-type":"","background-media":"","overlay-type":"","overlay-color":"","overlay-opacity":"","overlay-gradient":""}},"ast-content-background-meta":{"desktop":{"background-color":"var(--ast-global-color-4)","background-image":"","background-repeat":"repeat","background-position":"center center","background-size":"auto","background-attachment":"scroll","background-type":"","background-media":"","overlay-type":"","overlay-color":"","overlay-opacity":"","overlay-gradient":""},"tablet":{"background-color":"var(--ast-global-color-4)","background-image":"","background-repeat":"repeat","background-position":"center center","background-size":"auto","background-attachment":"scroll","background-type":"","background-media":"","overlay-type":"","overlay-color":"","overlay-opacity":"","overlay-gradient":""},"mobile":{"background-color":"var(--ast-global-color-4)","background-image":"","background-repeat":"repeat","background-position":"center center","background-size":"auto","background-attachment":"scroll","background-type":"","background-media":"","overlay-type":"","overlay-color":"","overlay-opacity":"","overlay-gradient":""}}},"product_brand":[],"product_cat":[15],"product_tag":[4639,4640,3916,3614,1680,1532],"class_list":{"0":"post-18603","1":"product","2":"type-product","3":"status-publish","4":"has-post-thumbnail","6":"product_cat-uncategorized","7":"product_tag-aidan-macfarlane","8":"product_tag-ann-mcpherson","9":"product_tag-dienorastis","10":"product_tag-paaugliai","11":"product_tag-sveikata","12":"product_tag-svietimas","13":"desktop-align-left","14":"tablet-align-left","15":"mobile-align-left","17":"first","18":"instock","19":"shipping-taxable","20":"purchasable","21":"product-type-simple"},"acf":[],"yoast_head":"<!-- This site is optimized with the Yoast SEO plugin v27.0 - https:\/\/yoast.com\/product\/yoast-seo-wordpress\/ -->\n<title>Sveikatos fanatiko dienora\u0161tis<\/title>\n<meta name=\"description\" content=\"Kai Pito Peino dienora\u0161tis i\u0161vydo dienos \u0161vies\u0105, pasaulis nu\u0161\u010diuvo: paaugliai j\u012f tiesiog graibst\u0117, o lengviau atsidus\u0119 mokytojai ir i\u0161g\u0105sdinti t\u0117vai\" \/>\n<meta name=\"robots\" content=\"index, follow, max-snippet:-1, max-image-preview:large, max-video-preview:-1\" \/>\n<link rel=\"canonical\" href=\"https:\/\/skaitytaknyga.lt\/en\/produktas\/sveikatos-fanatiko-dienorastis\/\" \/>\n<meta property=\"og:locale\" content=\"en_GB\" \/>\n<meta property=\"og:locale:alternate\" content=\"lt_LT\" \/>\n<meta property=\"og:type\" content=\"article\" \/>\n<meta property=\"og:title\" content=\"Sveikatos fanatiko dienora\u0161tis\" \/>\n<meta property=\"og:description\" content=\"Kai Pito Peino dienora\u0161tis i\u0161vydo dienos \u0161vies\u0105, pasaulis nu\u0161\u010diuvo: paaugliai j\u012f tiesiog graibst\u0117, o lengviau atsidus\u0119 mokytojai ir i\u0161g\u0105sdinti t\u0117vai\" \/>\n<meta property=\"og:url\" content=\"https:\/\/skaitytaknyga.lt\/en\/produktas\/sveikatos-fanatiko-dienorastis\/\" \/>\n<meta property=\"og:site_name\" content=\"Skaitytaknyga\" \/>\n<meta property=\"article:publisher\" content=\"https:\/\/www.facebook.com\/skaitytaknyga\/\" \/>\n<meta property=\"article:modified_time\" content=\"2025-06-06T07:54:18+00:00\" \/>\n<meta property=\"og:image\" content=\"https:\/\/skaitytaknyga.lt\/wp-content\/uploads\/2025\/05\/Sveikatos-fanatiko-dienorastis.webp\" \/>\n\t<meta property=\"og:image:width\" content=\"497\" \/>\n\t<meta property=\"og:image:height\" content=\"801\" \/>\n\t<meta property=\"og:image:type\" content=\"image\/webp\" \/>\n<meta name=\"twitter:card\" content=\"summary_large_image\" \/>\n<meta name=\"twitter:label1\" content=\"Estimated reading time\" \/>\n\t<meta name=\"twitter:data1\" content=\"1 minute\" \/>\n<script type=\"application\/ld+json\" class=\"yoast-schema-graph\">{\"@context\":\"https:\/\/schema.org\",\"@graph\":[{\"@type\":\"WebPage\",\"@id\":\"https:\/\/skaitytaknyga.lt\/produktas\/sveikatos-fanatiko-dienorastis\/\",\"url\":\"https:\/\/skaitytaknyga.lt\/produktas\/sveikatos-fanatiko-dienorastis\/\",\"name\":\"Sveikatos fanatiko dienora\u0161tis\",\"isPartOf\":{\"@id\":\"https:\/\/skaitytaknyga.lt\/#website\"},\"primaryImageOfPage\":{\"@id\":\"https:\/\/skaitytaknyga.lt\/produktas\/sveikatos-fanatiko-dienorastis\/#primaryimage\"},\"image\":{\"@id\":\"https:\/\/skaitytaknyga.lt\/produktas\/sveikatos-fanatiko-dienorastis\/#primaryimage\"},\"thumbnailUrl\":\"https:\/\/skaitytaknyga.lt\/wp-content\/uploads\/2025\/05\/Sveikatos-fanatiko-dienorastis.webp\",\"datePublished\":\"2025-05-28T06:32:30+00:00\",\"dateModified\":\"2025-06-06T07:54:18+00:00\",\"description\":\"Kai Pito Peino dienora\u0161tis i\u0161vydo dienos \u0161vies\u0105, pasaulis nu\u0161\u010diuvo: paaugliai j\u012f tiesiog graibst\u0117, o lengviau atsidus\u0119 mokytojai ir i\u0161g\u0105sdinti t\u0117vai\",\"breadcrumb\":{\"@id\":\"https:\/\/skaitytaknyga.lt\/produktas\/sveikatos-fanatiko-dienorastis\/#breadcrumb\"},\"inLanguage\":\"en-GB\",\"potentialAction\":[{\"@type\":\"ReadAction\",\"target\":[\"https:\/\/skaitytaknyga.lt\/produktas\/sveikatos-fanatiko-dienorastis\/\"]}]},{\"@type\":\"ImageObject\",\"inLanguage\":\"en-GB\",\"@id\":\"https:\/\/skaitytaknyga.lt\/produktas\/sveikatos-fanatiko-dienorastis\/#primaryimage\",\"url\":\"https:\/\/skaitytaknyga.lt\/wp-content\/uploads\/2025\/05\/Sveikatos-fanatiko-dienorastis.webp\",\"contentUrl\":\"https:\/\/skaitytaknyga.lt\/wp-content\/uploads\/2025\/05\/Sveikatos-fanatiko-dienorastis.webp\",\"width\":497,\"height\":801},{\"@type\":\"BreadcrumbList\",\"@id\":\"https:\/\/skaitytaknyga.lt\/produktas\/sveikatos-fanatiko-dienorastis\/#breadcrumb\",\"itemListElement\":[{\"@type\":\"ListItem\",\"position\":1,\"name\":\"Home\",\"item\":\"https:\/\/skaitytaknyga.lt\/\"},{\"@type\":\"ListItem\",\"position\":2,\"name\":\"Parduotuv\u0117\",\"item\":\"https:\/\/skaitytaknyga.lt\/knygu-parduotuve\/\"},{\"@type\":\"ListItem\",\"position\":3,\"name\":\"Sveikatos fanatiko dienora\u0161tis\"}]},{\"@type\":\"WebSite\",\"@id\":\"https:\/\/skaitytaknyga.lt\/#website\",\"url\":\"https:\/\/skaitytaknyga.lt\/\",\"name\":\"skaitytaknyga.lt\",\"description\":\"Skaitytaknyga.lt \u2013 tai ma\u017eas \u0161eimos verslas, kuris prasid\u0117jo nuo meil\u0117s knygoms ir siekio i\u0161gelb\u0117ti knygas nuo likimo prie konteinerio. Kas vienam nereikalingas daiktas \u2013 kitam lobis, o mes esame tarpininkai, kurie padeda abiems tapti laimingesniems ???? \u017dinome kaip nelengva i\u0161gyventi ma\u017eiems verslams, tad nuo \u0161iol, \u010dia rasite ir kit\u0173, ma\u017e\u0173 \u0161eim\u0173 versl\u0173, rank\u0173 darbo, dovan\u0173 sau ir artimiesiems.\",\"publisher\":{\"@id\":\"https:\/\/skaitytaknyga.lt\/#organization\"},\"potentialAction\":[{\"@type\":\"SearchAction\",\"target\":{\"@type\":\"EntryPoint\",\"urlTemplate\":\"https:\/\/skaitytaknyga.lt\/?s={search_term_string}\"},\"query-input\":{\"@type\":\"PropertyValueSpecification\",\"valueRequired\":true,\"valueName\":\"search_term_string\"}}],\"inLanguage\":\"en-GB\"},{\"@type\":\"Organization\",\"@id\":\"https:\/\/skaitytaknyga.lt\/#organization\",\"name\":\"skaitytaknyga.lt\",\"url\":\"https:\/\/skaitytaknyga.lt\/\",\"logo\":{\"@type\":\"ImageObject\",\"inLanguage\":\"en-GB\",\"@id\":\"https:\/\/skaitytaknyga.lt\/#\/schema\/logo\/image\/\",\"url\":\"https:\/\/skaitytaknyga.lt\/wp-content\/uploads\/2024\/05\/cropped-cropped-cropped-02_00843_jt3bggkj1j3HLc7SyY6rEUpg.jpeg\",\"contentUrl\":\"https:\/\/skaitytaknyga.lt\/wp-content\/uploads\/2024\/05\/cropped-cropped-cropped-02_00843_jt3bggkj1j3HLc7SyY6rEUpg.jpeg\",\"width\":1600,\"height\":1600,\"caption\":\"skaitytaknyga.lt\"},\"image\":{\"@id\":\"https:\/\/skaitytaknyga.lt\/#\/schema\/logo\/image\/\"},\"sameAs\":[\"https:\/\/www.facebook.com\/skaitytaknyga\/\"]}]}<\/script>\n<!-- \/ Yoast SEO plugin. -->","yoast_head_json":{"title":"Sveikatos fanatiko dienora\u0161tis","description":"Kai Pito Peino dienora\u0161tis i\u0161vydo dienos \u0161vies\u0105, pasaulis nu\u0161\u010diuvo: paaugliai j\u012f tiesiog graibst\u0117, o lengviau atsidus\u0119 mokytojai ir i\u0161g\u0105sdinti t\u0117vai","robots":{"index":"index","follow":"follow","max-snippet":"max-snippet:-1","max-image-preview":"max-image-preview:large","max-video-preview":"max-video-preview:-1"},"canonical":"https:\/\/skaitytaknyga.lt\/en\/produktas\/sveikatos-fanatiko-dienorastis\/","og_locale":"en_GB","og_type":"article","og_title":"[:lt]Sveikatos fanatiko dienora\u0161tis[:] - Skaitytaknyga","og_description":"Kai Pito Peino dienora\u0161tis i\u0161vydo dienos \u0161vies\u0105, pasaulis nu\u0161\u010diuvo: paaugliai j\u012f tiesiog graibst\u0117, o lengviau atsidus\u0119 mokytojai ir i\u0161g\u0105sdinti t\u0117vai","og_url":"https:\/\/skaitytaknyga.lt\/en\/produktas\/sveikatos-fanatiko-dienorastis\/","og_site_name":"Skaitytaknyga","article_publisher":"https:\/\/www.facebook.com\/skaitytaknyga\/","article_modified_time":"2025-06-06T07:54:18+00:00","og_image":[{"width":497,"height":801,"url":"https:\/\/skaitytaknyga.lt\/wp-content\/uploads\/2025\/05\/Sveikatos-fanatiko-dienorastis.webp","type":"image\/webp"}],"twitter_card":"summary_large_image","twitter_misc":{"Estimated reading time":"1 minute"},"schema":{"@context":"https:\/\/schema.org","@graph":[{"@type":"WebPage","@id":"https:\/\/skaitytaknyga.lt\/produktas\/sveikatos-fanatiko-dienorastis\/","url":"https:\/\/skaitytaknyga.lt\/produktas\/sveikatos-fanatiko-dienorastis\/","name":"Sveikatos fanatiko dienora\u0161tis","isPartOf":{"@id":"https:\/\/skaitytaknyga.lt\/#website"},"primaryImageOfPage":{"@id":"https:\/\/skaitytaknyga.lt\/produktas\/sveikatos-fanatiko-dienorastis\/#primaryimage"},"image":{"@id":"https:\/\/skaitytaknyga.lt\/produktas\/sveikatos-fanatiko-dienorastis\/#primaryimage"},"thumbnailUrl":"https:\/\/skaitytaknyga.lt\/wp-content\/uploads\/2025\/05\/Sveikatos-fanatiko-dienorastis.webp","datePublished":"2025-05-28T06:32:30+00:00","dateModified":"2025-06-06T07:54:18+00:00","description":"Kai Pito Peino dienora\u0161tis i\u0161vydo dienos \u0161vies\u0105, pasaulis nu\u0161\u010diuvo: paaugliai j\u012f tiesiog graibst\u0117, o lengviau atsidus\u0119 mokytojai ir i\u0161g\u0105sdinti t\u0117vai","breadcrumb":{"@id":"https:\/\/skaitytaknyga.lt\/produktas\/sveikatos-fanatiko-dienorastis\/#breadcrumb"},"inLanguage":"en-GB","potentialAction":[{"@type":"ReadAction","target":["https:\/\/skaitytaknyga.lt\/produktas\/sveikatos-fanatiko-dienorastis\/"]}]},{"@type":"ImageObject","inLanguage":"en-GB","@id":"https:\/\/skaitytaknyga.lt\/produktas\/sveikatos-fanatiko-dienorastis\/#primaryimage","url":"https:\/\/skaitytaknyga.lt\/wp-content\/uploads\/2025\/05\/Sveikatos-fanatiko-dienorastis.webp","contentUrl":"https:\/\/skaitytaknyga.lt\/wp-content\/uploads\/2025\/05\/Sveikatos-fanatiko-dienorastis.webp","width":497,"height":801},{"@type":"BreadcrumbList","@id":"https:\/\/skaitytaknyga.lt\/produktas\/sveikatos-fanatiko-dienorastis\/#breadcrumb","itemListElement":[{"@type":"ListItem","position":1,"name":"Home","item":"https:\/\/skaitytaknyga.lt\/"},{"@type":"ListItem","position":2,"name":"Parduotuv\u0117","item":"https:\/\/skaitytaknyga.lt\/knygu-parduotuve\/"},{"@type":"ListItem","position":3,"name":"Sveikatos fanatiko dienora\u0161tis"}]},{"@type":"WebSite","@id":"https:\/\/skaitytaknyga.lt\/#website","url":"https:\/\/skaitytaknyga.lt\/","name":"skaitytaknyga.lt","description":"Skaitytaknyga.lt \u2013 tai ma\u017eas \u0161eimos verslas, kuris prasid\u0117jo nuo meil\u0117s knygoms ir siekio i\u0161gelb\u0117ti knygas nuo likimo prie konteinerio. Kas vienam nereikalingas daiktas \u2013 kitam lobis, o mes esame tarpininkai, kurie padeda abiems tapti laimingesniems ???? \u017dinome kaip nelengva i\u0161gyventi ma\u017eiems verslams, tad nuo \u0161iol, \u010dia rasite ir kit\u0173, ma\u017e\u0173 \u0161eim\u0173 versl\u0173, rank\u0173 darbo, dovan\u0173 sau ir artimiesiems.","publisher":{"@id":"https:\/\/skaitytaknyga.lt\/#organization"},"potentialAction":[{"@type":"SearchAction","target":{"@type":"EntryPoint","urlTemplate":"https:\/\/skaitytaknyga.lt\/?s={search_term_string}"},"query-input":{"@type":"PropertyValueSpecification","valueRequired":true,"valueName":"search_term_string"}}],"inLanguage":"en-GB"},{"@type":"Organization","@id":"https:\/\/skaitytaknyga.lt\/#organization","name":"skaitytaknyga.lt","url":"https:\/\/skaitytaknyga.lt\/","logo":{"@type":"ImageObject","inLanguage":"en-GB","@id":"https:\/\/skaitytaknyga.lt\/#\/schema\/logo\/image\/","url":"https:\/\/skaitytaknyga.lt\/wp-content\/uploads\/2024\/05\/cropped-cropped-cropped-02_00843_jt3bggkj1j3HLc7SyY6rEUpg.jpeg","contentUrl":"https:\/\/skaitytaknyga.lt\/wp-content\/uploads\/2024\/05\/cropped-cropped-cropped-02_00843_jt3bggkj1j3HLc7SyY6rEUpg.jpeg","width":1600,"height":1600,"caption":"skaitytaknyga.lt"},"image":{"@id":"https:\/\/skaitytaknyga.lt\/#\/schema\/logo\/image\/"},"sameAs":["https:\/\/www.facebook.com\/skaitytaknyga\/"]}]}},"_links":{"self":[{"href":"https:\/\/skaitytaknyga.lt\/en\/wp-json\/wp\/v2\/product\/18603","targetHints":{"allow":["GET"]}}],"collection":[{"href":"https:\/\/skaitytaknyga.lt\/en\/wp-json\/wp\/v2\/product"}],"about":[{"href":"https:\/\/skaitytaknyga.lt\/en\/wp-json\/wp\/v2\/types\/product"}],"replies":[{"embeddable":true,"href":"https:\/\/skaitytaknyga.lt\/en\/wp-json\/wp\/v2\/comments?post=18603"}],"wp:featuredmedia":[{"embeddable":true,"href":"https:\/\/skaitytaknyga.lt\/en\/wp-json\/wp\/v2\/media\/18604"}],"wp:attachment":[{"href":"https:\/\/skaitytaknyga.lt\/en\/wp-json\/wp\/v2\/media?parent=18603"}],"wp:term":[{"taxonomy":"product_brand","embeddable":true,"href":"https:\/\/skaitytaknyga.lt\/en\/wp-json\/wp\/v2\/product_brand?post=18603"},{"taxonomy":"product_cat","embeddable":true,"href":"https:\/\/skaitytaknyga.lt\/en\/wp-json\/wp\/v2\/product_cat?post=18603"},{"taxonomy":"product_tag","embeddable":true,"href":"https:\/\/skaitytaknyga.lt\/en\/wp-json\/wp\/v2\/product_tag?post=18603"}],"curies":[{"name":"wp","href":"https:\/\/api.w.org\/{rel}","templated":true}]}}