{"id":18598,"date":"2025-05-28T09:32:28","date_gmt":"2025-05-28T06:32:28","guid":{"rendered":"https:\/\/skaitytaknyga.lt\/?post_type=product&#038;p=18598"},"modified":"2025-07-07T09:26:36","modified_gmt":"2025-07-07T06:26:36","slug":"motinos-pienas","status":"publish","type":"product","link":"https:\/\/skaitytaknyga.lt\/en\/produktas\/motinos-pienas\/","title":{"rendered":"Motinos pienas"},"content":{"rendered":"<p>\u201eMotinos pienas&#8221; \u2013 \u017eymiausios latvi\u0173 ra\u0161ytojos Noros Ikstenos romanas, sulauk\u0119s itin didelio populiarumo ne tik Latvijoje, bet peln\u0119s ir tarptautin\u012f pripa\u017einim\u0105. Tai jautrus, egzistencinio skausmo, prasm\u0117s paie\u0161k\u0173 ir laisv\u0117s tro\u0161kimo persmelktas pasakojimas, kurio centre \u2013 trij\u0173 kart\u0173 moter\u0173 likimai, autenti\u0161kum\u0105 gniu\u017edan\u010dios sovietin\u0117s Latvijos fone.<\/p>\n<p>1969 &#8211; 1989 metai. Sovietin\u0117s okupacijos suvar\u017eytoje Latvijoje tarsi pien\u0117s pro asfalto \u012ftr\u016bkimus saul\u0117s link stiebiasi trapios trij\u0173 kart\u0173 moter\u0173 egzistencijos. Motina, nerandanti savyje j\u0117g\u0173 ir motyv\u0173 ja b\u016bti. Dukra, taip ir negavusi paragauti gyvyb\u0117s eliksyro \u2013 motinos pieno. Motinos motina, pasiruo\u0161usi dalintis \u0161velnumu, kurio savo dukrai nepaj\u0117gia suteikti sava motina. Trys moterys gyvena skirtingus gyvenimus, regi ir jau\u010dia pasaul\u012f skirtingai, o j\u0173 po\u017ei\u016briai atstovauja \u0161al\u012f skirtingais istoriniais laikotarpiais.<\/p>\n<p>Pagrindinis knygos persona\u017eas \u2013 motina. Tremtinio dukra, atsidavusi gydytoja, kurios profesinei karjerai ir ambicijoms keli\u0105 u\u017ekirto sovietin\u0117 vald\u017eia. Izoliuota, \u012f atok\u0173 kaim\u0105 dirbti ir gyventi i\u0161si\u0173sta moteris pasineria \u012f beprasmyb\u0117s li\u016bn\u0105, i\u0161 kurio pakilti nepadeda net gimusi dukra. Atvirk\u0161\u010diai \u2013 nor\u0117dama apsaugoti k\u016bdik\u012f nuo \u0161io pasaulio absurdo teatro, motina nepaj\u0117gia suteikti taip reikalingos \u0161ilumos. U\u017esisklesdama vienatv\u0117s kiaute motina atsiriboda nuo i\u0161orinio pasaulio, o dukros vienintele atrama, meil\u0117s ir paguodos \u0161altiniu tampa motinos motina.<\/p>\n<p>Motinos ir dukters ry\u0161io tr\u016bkum\u0105 k\u016brinyje simboli\u0161kai perteikia vis pasikartojan\u010dios \u012ftaigios pieno metaforos. Motinos pienas, kurio gimusiai mergytei neteko ragauti. Pieno stiklin\u0117s sovietin\u0117je mokyklos valgykloje, kurios kelia \u0161leik\u0161tul\u012f. Pauk\u0161\u010di\u0173 pieno (lietuvi\u0173 kalba Pauk\u0161\u010di\u0173 tako) \u017evaig\u017ed\u017ei\u0173 sistema, kurioje slypi Visatos kuriamoji galia. Pienas kaip ideologin\u0117 suspensija, kuria noromis ar nenoromis girdomi tarybin\u0117s Latvijos pilie\u010diai.<\/p>\n<p>Galima teigti, kad \u201eMotinos pienas&#8221; \u2013 moter\u0173 romanas, kuriame vyrai pasirodo tik epizodi\u0161kai, nepalikdami didesnio p\u0117dsako. Skausmingos patirtys, intym\u016bs atsiv\u0117rimai, apnuoginta b\u016btis leid\u017eia prisiliesti prie esmini\u0173 moteri\u0161kumo ir motinyst\u0117s tem\u0173. Suvar\u017eyta laisv\u0117 ir motini\u0161kos \u0161ilumos stoka, slogi, \u012ftarin\u0117jim\u0173, skundim\u0173 ir savit\u0173 sovietini\u0173 taisykli\u0173 kupina \u0161alies atmosfera \u2013 viskas susij\u0119, persipyn\u0119 ir apsiraizg\u0119 stipriai paveikiais simboliais. Atidus \u017evilgsnis \u012f vienos \u0161eimos mikrosistem\u0105 atveria sukre\u010dian\u010di\u0105 makroaplink\u0105 \u2013 sovietinio re\u017eimo \u017eabang\u0173 klodus, asmenyb\u0117s identiteto krizes ir su\u017elugdytus likimus.<\/p>\n","protected":false},"excerpt":{"rendered":"<p>\u201eMotinos pienas&#8221; \u2013 \u017eymiausios latvi\u0173 ra\u0161ytojos Noros Ikstenos romanas, sulauk\u0119s itin didelio populiarumo ne tik Latvijoje, bet peln\u0119s ir tarptautin\u012f pripa\u017einim\u0105. Tai jautrus, egzistencinio skausmo, prasm\u0117s paie\u0161k\u0173 ir laisv\u0117s tro\u0161kimo persmelktas pasakojimas, kurio centre \u2013 trij\u0173 kart\u0173 moter\u0173 likimai, autenti\u0161kum\u0105 gniu\u017edan\u010dios sovietin\u0117s Latvijos fone. 1969 &#8211; 1989 metai. Sovietin\u0117s okupacijos suvar\u017eytoje Latvijoje tarsi pien\u0117s pro asfalto \u012ftr\u016bkimus saul\u0117s link stiebiasi trapios trij\u0173 kart\u0173 moter\u0173 egzistencijos. Motina, nerandanti savyje j\u0117g\u0173 ir motyv\u0173 ja b\u016bti. Dukra, taip ir negavusi paragauti gyvyb\u0117s eliksyro \u2013 motinos pieno. Motinos motina, pasiruo\u0161usi dalintis \u0161velnumu, kurio savo dukrai nepaj\u0117gia suteikti sava motina. Trys moterys gyvena skirtingus gyvenimus, regi ir jau\u010dia pasaul\u012f skirtingai, o j\u0173 po\u017ei\u016briai atstovauja \u0161al\u012f skirtingais istoriniais laikotarpiais. Pagrindinis knygos persona\u017eas \u2013 motina. Tremtinio dukra, atsidavusi gydytoja, kurios profesinei karjerai ir ambicijoms keli\u0105 u\u017ekirto sovietin\u0117 vald\u017eia. Izoliuota, \u012f atok\u0173 kaim\u0105 dirbti ir gyventi i\u0161si\u0173sta moteris pasineria \u012f beprasmyb\u0117s li\u016bn\u0105, i\u0161 kurio pakilti nepadeda net gimusi dukra. Atvirk\u0161\u010diai \u2013 nor\u0117dama apsaugoti k\u016bdik\u012f nuo \u0161io pasaulio absurdo teatro, motina nepaj\u0117gia suteikti taip reikalingos \u0161ilumos. U\u017esisklesdama vienatv\u0117s kiaute motina atsiriboda nuo i\u0161orinio pasaulio, o dukros vienintele atrama, meil\u0117s ir paguodos \u0161altiniu tampa motinos motina. Motinos ir dukters ry\u0161io tr\u016bkum\u0105 k\u016brinyje simboli\u0161kai perteikia vis pasikartojan\u010dios \u012ftaigios pieno metaforos. Motinos pienas, kurio gimusiai mergytei neteko ragauti. Pieno stiklin\u0117s sovietin\u0117je mokyklos valgykloje, kurios kelia \u0161leik\u0161tul\u012f. Pauk\u0161\u010di\u0173 pieno (lietuvi\u0173 kalba Pauk\u0161\u010di\u0173 tako) \u017evaig\u017ed\u017ei\u0173 sistema, kurioje slypi Visatos kuriamoji galia. Pienas kaip ideologin\u0117 suspensija, kuria noromis ar nenoromis girdomi tarybin\u0117s Latvijos pilie\u010diai. Galima teigti, kad \u201eMotinos pienas&#8221; \u2013 moter\u0173 romanas, kuriame vyrai pasirodo tik epizodi\u0161kai, nepalikdami didesnio p\u0117dsako. Skausmingos patirtys, intym\u016bs atsiv\u0117rimai, apnuoginta b\u016btis leid\u017eia prisiliesti prie esmini\u0173 moteri\u0161kumo ir motinyst\u0117s tem\u0173. Suvar\u017eyta laisv\u0117 ir motini\u0161kos \u0161ilumos stoka, slogi, \u012ftarin\u0117jim\u0173, skundim\u0173 ir savit\u0173 sovietini\u0173 taisykli\u0173 kupina \u0161alies atmosfera \u2013 viskas susij\u0119, persipyn\u0119 ir apsiraizg\u0119 stipriai paveikiais simboliais. Atidus \u017evilgsnis \u012f vienos \u0161eimos mikrosistem\u0105 atveria sukre\u010dian\u010di\u0105 makroaplink\u0105 \u2013 sovietinio re\u017eimo \u017eabang\u0173 klodus, asmenyb\u0117s identiteto krizes ir su\u017elugdytus likimus.<\/p>\n","protected":false},"featured_media":18608,"comment_status":"open","ping_status":"closed","template":"","meta":{"_acf_changed":false,"site-sidebar-layout":"default","site-content-layout":"","ast-site-content-layout":"default","site-content-style":"default","site-sidebar-style":"default","ast-global-header-display":"","ast-banner-title-visibility":"","ast-main-header-display":"","ast-hfb-above-header-display":"","ast-hfb-below-header-display":"","ast-hfb-mobile-header-display":"","site-post-title":"","ast-breadcrumbs-content":"","ast-featured-img":"","footer-sml-layout":"","ast-disable-related-posts":"","theme-transparent-header-meta":"","adv-header-id-meta":"","stick-header-meta":"","header-above-stick-meta":"","header-main-stick-meta":"","header-below-stick-meta":"","astra-migrate-meta-layouts":"default","ast-page-background-enabled":"default","ast-page-background-meta":{"desktop":{"background-color":"","background-image":"","background-repeat":"repeat","background-position":"center center","background-size":"auto","background-attachment":"scroll","background-type":"","background-media":"","overlay-type":"","overlay-color":"","overlay-opacity":"","overlay-gradient":""},"tablet":{"background-color":"","background-image":"","background-repeat":"repeat","background-position":"center center","background-size":"auto","background-attachment":"scroll","background-type":"","background-media":"","overlay-type":"","overlay-color":"","overlay-opacity":"","overlay-gradient":""},"mobile":{"background-color":"","background-image":"","background-repeat":"repeat","background-position":"center center","background-size":"auto","background-attachment":"scroll","background-type":"","background-media":"","overlay-type":"","overlay-color":"","overlay-opacity":"","overlay-gradient":""}},"ast-content-background-meta":{"desktop":{"background-color":"var(--ast-global-color-4)","background-image":"","background-repeat":"repeat","background-position":"center center","background-size":"auto","background-attachment":"scroll","background-type":"","background-media":"","overlay-type":"","overlay-color":"","overlay-opacity":"","overlay-gradient":""},"tablet":{"background-color":"var(--ast-global-color-4)","background-image":"","background-repeat":"repeat","background-position":"center center","background-size":"auto","background-attachment":"scroll","background-type":"","background-media":"","overlay-type":"","overlay-color":"","overlay-opacity":"","overlay-gradient":""},"mobile":{"background-color":"var(--ast-global-color-4)","background-image":"","background-repeat":"repeat","background-position":"center center","background-size":"auto","background-attachment":"scroll","background-type":"","background-media":"","overlay-type":"","overlay-color":"","overlay-opacity":"","overlay-gradient":""}}},"product_brand":[],"product_cat":[31],"product_tag":[4631,2582,1818,4632,1749],"class_list":{"0":"post-18598","1":"product","2":"type-product","3":"status-publish","4":"has-post-thumbnail","6":"product_cat-grozine-literatura","7":"product_tag-latvija","8":"product_tag-moterys","9":"product_tag-motinyste","10":"product_tag-nora-ikstena","11":"product_tag-sovietmetis","12":"desktop-align-left","13":"tablet-align-left","14":"mobile-align-left","16":"first","17":"instock","18":"shipping-taxable","19":"purchasable","20":"product-type-simple"},"acf":[],"yoast_head":"<!-- This site is optimized with the Yoast SEO plugin v27.0 - https:\/\/yoast.com\/product\/yoast-seo-wordpress\/ -->\n<title>Motinos pienas<\/title>\n<meta name=\"description\" content=\"\u201eMotinos pienas&quot; \u2013 \u017eymiausios latvi\u0173 ra\u0161ytojos Noros Ikstenos romanas, sulauk\u0119s itin didelio populiarumo ne tik Latvijoje, bet peln\u0119s ir tarptautin\u012f\" \/>\n<meta name=\"robots\" content=\"index, follow, max-snippet:-1, max-image-preview:large, max-video-preview:-1\" \/>\n<link rel=\"canonical\" href=\"https:\/\/skaitytaknyga.lt\/en\/produktas\/motinos-pienas\/\" \/>\n<meta property=\"og:locale\" content=\"en_GB\" \/>\n<meta property=\"og:locale:alternate\" content=\"lt_LT\" \/>\n<meta property=\"og:type\" content=\"article\" \/>\n<meta property=\"og:title\" content=\"Motinos pienas\" \/>\n<meta property=\"og:description\" content=\"\u201eMotinos pienas&quot; \u2013 \u017eymiausios latvi\u0173 ra\u0161ytojos Noros Ikstenos romanas, sulauk\u0119s itin didelio populiarumo ne tik Latvijoje, bet peln\u0119s ir tarptautin\u012f\" \/>\n<meta property=\"og:url\" content=\"https:\/\/skaitytaknyga.lt\/en\/produktas\/motinos-pienas\/\" \/>\n<meta property=\"og:site_name\" content=\"Skaitytaknyga\" \/>\n<meta property=\"article:publisher\" content=\"https:\/\/www.facebook.com\/skaitytaknyga\/\" \/>\n<meta property=\"article:modified_time\" content=\"2025-07-07T06:26:36+00:00\" \/>\n<meta property=\"og:image\" content=\"https:\/\/skaitytaknyga.lt\/wp-content\/uploads\/2025\/05\/MOTINOS-PIENAS.webp\" \/>\n\t<meta property=\"og:image:width\" content=\"422\" \/>\n\t<meta property=\"og:image:height\" content=\"633\" \/>\n\t<meta property=\"og:image:type\" content=\"image\/webp\" \/>\n<meta name=\"twitter:card\" content=\"summary_large_image\" \/>\n<meta name=\"twitter:label1\" content=\"Estimated reading time\" \/>\n\t<meta name=\"twitter:data1\" content=\"2 minutes\" \/>\n<script type=\"application\/ld+json\" class=\"yoast-schema-graph\">{\"@context\":\"https:\/\/schema.org\",\"@graph\":[{\"@type\":\"WebPage\",\"@id\":\"https:\/\/skaitytaknyga.lt\/produktas\/motinos-pienas\/\",\"url\":\"https:\/\/skaitytaknyga.lt\/produktas\/motinos-pienas\/\",\"name\":\"Motinos pienas\",\"isPartOf\":{\"@id\":\"https:\/\/skaitytaknyga.lt\/#website\"},\"primaryImageOfPage\":{\"@id\":\"https:\/\/skaitytaknyga.lt\/produktas\/motinos-pienas\/#primaryimage\"},\"image\":{\"@id\":\"https:\/\/skaitytaknyga.lt\/produktas\/motinos-pienas\/#primaryimage\"},\"thumbnailUrl\":\"https:\/\/skaitytaknyga.lt\/wp-content\/uploads\/2025\/05\/MOTINOS-PIENAS.webp\",\"datePublished\":\"2025-05-28T06:32:28+00:00\",\"dateModified\":\"2025-07-07T06:26:36+00:00\",\"description\":\"\u201eMotinos pienas\\\" \u2013 \u017eymiausios latvi\u0173 ra\u0161ytojos Noros Ikstenos romanas, sulauk\u0119s itin didelio populiarumo ne tik Latvijoje, bet peln\u0119s ir tarptautin\u012f\",\"breadcrumb\":{\"@id\":\"https:\/\/skaitytaknyga.lt\/produktas\/motinos-pienas\/#breadcrumb\"},\"inLanguage\":\"en-GB\",\"potentialAction\":[{\"@type\":\"ReadAction\",\"target\":[\"https:\/\/skaitytaknyga.lt\/produktas\/motinos-pienas\/\"]}]},{\"@type\":\"ImageObject\",\"inLanguage\":\"en-GB\",\"@id\":\"https:\/\/skaitytaknyga.lt\/produktas\/motinos-pienas\/#primaryimage\",\"url\":\"https:\/\/skaitytaknyga.lt\/wp-content\/uploads\/2025\/05\/MOTINOS-PIENAS.webp\",\"contentUrl\":\"https:\/\/skaitytaknyga.lt\/wp-content\/uploads\/2025\/05\/MOTINOS-PIENAS.webp\",\"width\":422,\"height\":633,\"caption\":\"MOTINOS PIENAS\"},{\"@type\":\"BreadcrumbList\",\"@id\":\"https:\/\/skaitytaknyga.lt\/produktas\/motinos-pienas\/#breadcrumb\",\"itemListElement\":[{\"@type\":\"ListItem\",\"position\":1,\"name\":\"Home\",\"item\":\"https:\/\/skaitytaknyga.lt\/\"},{\"@type\":\"ListItem\",\"position\":2,\"name\":\"Parduotuv\u0117\",\"item\":\"https:\/\/skaitytaknyga.lt\/knygu-parduotuve\/\"},{\"@type\":\"ListItem\",\"position\":3,\"name\":\"Motinos pienas\"}]},{\"@type\":\"WebSite\",\"@id\":\"https:\/\/skaitytaknyga.lt\/#website\",\"url\":\"https:\/\/skaitytaknyga.lt\/\",\"name\":\"skaitytaknyga.lt\",\"description\":\"Skaitytaknyga.lt \u2013 tai ma\u017eas \u0161eimos verslas, kuris prasid\u0117jo nuo meil\u0117s knygoms ir siekio i\u0161gelb\u0117ti knygas nuo likimo prie konteinerio. Kas vienam nereikalingas daiktas \u2013 kitam lobis, o mes esame tarpininkai, kurie padeda abiems tapti laimingesniems ???? \u017dinome kaip nelengva i\u0161gyventi ma\u017eiems verslams, tad nuo \u0161iol, \u010dia rasite ir kit\u0173, ma\u017e\u0173 \u0161eim\u0173 versl\u0173, rank\u0173 darbo, dovan\u0173 sau ir artimiesiems.\",\"publisher\":{\"@id\":\"https:\/\/skaitytaknyga.lt\/#organization\"},\"potentialAction\":[{\"@type\":\"SearchAction\",\"target\":{\"@type\":\"EntryPoint\",\"urlTemplate\":\"https:\/\/skaitytaknyga.lt\/?s={search_term_string}\"},\"query-input\":{\"@type\":\"PropertyValueSpecification\",\"valueRequired\":true,\"valueName\":\"search_term_string\"}}],\"inLanguage\":\"en-GB\"},{\"@type\":\"Organization\",\"@id\":\"https:\/\/skaitytaknyga.lt\/#organization\",\"name\":\"skaitytaknyga.lt\",\"url\":\"https:\/\/skaitytaknyga.lt\/\",\"logo\":{\"@type\":\"ImageObject\",\"inLanguage\":\"en-GB\",\"@id\":\"https:\/\/skaitytaknyga.lt\/#\/schema\/logo\/image\/\",\"url\":\"https:\/\/skaitytaknyga.lt\/wp-content\/uploads\/2024\/05\/cropped-cropped-cropped-02_00843_jt3bggkj1j3HLc7SyY6rEUpg.jpeg\",\"contentUrl\":\"https:\/\/skaitytaknyga.lt\/wp-content\/uploads\/2024\/05\/cropped-cropped-cropped-02_00843_jt3bggkj1j3HLc7SyY6rEUpg.jpeg\",\"width\":1600,\"height\":1600,\"caption\":\"skaitytaknyga.lt\"},\"image\":{\"@id\":\"https:\/\/skaitytaknyga.lt\/#\/schema\/logo\/image\/\"},\"sameAs\":[\"https:\/\/www.facebook.com\/skaitytaknyga\/\"]}]}<\/script>\n<!-- \/ Yoast SEO plugin. -->","yoast_head_json":{"title":"Motinos pienas","description":"\u201eMotinos pienas\" \u2013 \u017eymiausios latvi\u0173 ra\u0161ytojos Noros Ikstenos romanas, sulauk\u0119s itin didelio populiarumo ne tik Latvijoje, bet peln\u0119s ir tarptautin\u012f","robots":{"index":"index","follow":"follow","max-snippet":"max-snippet:-1","max-image-preview":"max-image-preview:large","max-video-preview":"max-video-preview:-1"},"canonical":"https:\/\/skaitytaknyga.lt\/en\/produktas\/motinos-pienas\/","og_locale":"en_GB","og_type":"article","og_title":"[:lt]Motinos pienas[:] - Skaitytaknyga","og_description":"\u201eMotinos pienas\" \u2013 \u017eymiausios latvi\u0173 ra\u0161ytojos Noros Ikstenos romanas, sulauk\u0119s itin didelio populiarumo ne tik Latvijoje, bet peln\u0119s ir tarptautin\u012f","og_url":"https:\/\/skaitytaknyga.lt\/en\/produktas\/motinos-pienas\/","og_site_name":"Skaitytaknyga","article_publisher":"https:\/\/www.facebook.com\/skaitytaknyga\/","article_modified_time":"2025-07-07T06:26:36+00:00","og_image":[{"width":422,"height":633,"url":"https:\/\/skaitytaknyga.lt\/wp-content\/uploads\/2025\/05\/MOTINOS-PIENAS.webp","type":"image\/webp"}],"twitter_card":"summary_large_image","twitter_misc":{"Estimated reading time":"2 minutes"},"schema":{"@context":"https:\/\/schema.org","@graph":[{"@type":"WebPage","@id":"https:\/\/skaitytaknyga.lt\/produktas\/motinos-pienas\/","url":"https:\/\/skaitytaknyga.lt\/produktas\/motinos-pienas\/","name":"Motinos pienas","isPartOf":{"@id":"https:\/\/skaitytaknyga.lt\/#website"},"primaryImageOfPage":{"@id":"https:\/\/skaitytaknyga.lt\/produktas\/motinos-pienas\/#primaryimage"},"image":{"@id":"https:\/\/skaitytaknyga.lt\/produktas\/motinos-pienas\/#primaryimage"},"thumbnailUrl":"https:\/\/skaitytaknyga.lt\/wp-content\/uploads\/2025\/05\/MOTINOS-PIENAS.webp","datePublished":"2025-05-28T06:32:28+00:00","dateModified":"2025-07-07T06:26:36+00:00","description":"\u201eMotinos pienas\" \u2013 \u017eymiausios latvi\u0173 ra\u0161ytojos Noros Ikstenos romanas, sulauk\u0119s itin didelio populiarumo ne tik Latvijoje, bet peln\u0119s ir tarptautin\u012f","breadcrumb":{"@id":"https:\/\/skaitytaknyga.lt\/produktas\/motinos-pienas\/#breadcrumb"},"inLanguage":"en-GB","potentialAction":[{"@type":"ReadAction","target":["https:\/\/skaitytaknyga.lt\/produktas\/motinos-pienas\/"]}]},{"@type":"ImageObject","inLanguage":"en-GB","@id":"https:\/\/skaitytaknyga.lt\/produktas\/motinos-pienas\/#primaryimage","url":"https:\/\/skaitytaknyga.lt\/wp-content\/uploads\/2025\/05\/MOTINOS-PIENAS.webp","contentUrl":"https:\/\/skaitytaknyga.lt\/wp-content\/uploads\/2025\/05\/MOTINOS-PIENAS.webp","width":422,"height":633,"caption":"MOTINOS PIENAS"},{"@type":"BreadcrumbList","@id":"https:\/\/skaitytaknyga.lt\/produktas\/motinos-pienas\/#breadcrumb","itemListElement":[{"@type":"ListItem","position":1,"name":"Home","item":"https:\/\/skaitytaknyga.lt\/"},{"@type":"ListItem","position":2,"name":"Parduotuv\u0117","item":"https:\/\/skaitytaknyga.lt\/knygu-parduotuve\/"},{"@type":"ListItem","position":3,"name":"Motinos pienas"}]},{"@type":"WebSite","@id":"https:\/\/skaitytaknyga.lt\/#website","url":"https:\/\/skaitytaknyga.lt\/","name":"skaitytaknyga.lt","description":"Skaitytaknyga.lt \u2013 tai ma\u017eas \u0161eimos verslas, kuris prasid\u0117jo nuo meil\u0117s knygoms ir siekio i\u0161gelb\u0117ti knygas nuo likimo prie konteinerio. Kas vienam nereikalingas daiktas \u2013 kitam lobis, o mes esame tarpininkai, kurie padeda abiems tapti laimingesniems ???? \u017dinome kaip nelengva i\u0161gyventi ma\u017eiems verslams, tad nuo \u0161iol, \u010dia rasite ir kit\u0173, ma\u017e\u0173 \u0161eim\u0173 versl\u0173, rank\u0173 darbo, dovan\u0173 sau ir artimiesiems.","publisher":{"@id":"https:\/\/skaitytaknyga.lt\/#organization"},"potentialAction":[{"@type":"SearchAction","target":{"@type":"EntryPoint","urlTemplate":"https:\/\/skaitytaknyga.lt\/?s={search_term_string}"},"query-input":{"@type":"PropertyValueSpecification","valueRequired":true,"valueName":"search_term_string"}}],"inLanguage":"en-GB"},{"@type":"Organization","@id":"https:\/\/skaitytaknyga.lt\/#organization","name":"skaitytaknyga.lt","url":"https:\/\/skaitytaknyga.lt\/","logo":{"@type":"ImageObject","inLanguage":"en-GB","@id":"https:\/\/skaitytaknyga.lt\/#\/schema\/logo\/image\/","url":"https:\/\/skaitytaknyga.lt\/wp-content\/uploads\/2024\/05\/cropped-cropped-cropped-02_00843_jt3bggkj1j3HLc7SyY6rEUpg.jpeg","contentUrl":"https:\/\/skaitytaknyga.lt\/wp-content\/uploads\/2024\/05\/cropped-cropped-cropped-02_00843_jt3bggkj1j3HLc7SyY6rEUpg.jpeg","width":1600,"height":1600,"caption":"skaitytaknyga.lt"},"image":{"@id":"https:\/\/skaitytaknyga.lt\/#\/schema\/logo\/image\/"},"sameAs":["https:\/\/www.facebook.com\/skaitytaknyga\/"]}]}},"_links":{"self":[{"href":"https:\/\/skaitytaknyga.lt\/en\/wp-json\/wp\/v2\/product\/18598","targetHints":{"allow":["GET"]}}],"collection":[{"href":"https:\/\/skaitytaknyga.lt\/en\/wp-json\/wp\/v2\/product"}],"about":[{"href":"https:\/\/skaitytaknyga.lt\/en\/wp-json\/wp\/v2\/types\/product"}],"replies":[{"embeddable":true,"href":"https:\/\/skaitytaknyga.lt\/en\/wp-json\/wp\/v2\/comments?post=18598"}],"wp:featuredmedia":[{"embeddable":true,"href":"https:\/\/skaitytaknyga.lt\/en\/wp-json\/wp\/v2\/media\/18608"}],"wp:attachment":[{"href":"https:\/\/skaitytaknyga.lt\/en\/wp-json\/wp\/v2\/media?parent=18598"}],"wp:term":[{"taxonomy":"product_brand","embeddable":true,"href":"https:\/\/skaitytaknyga.lt\/en\/wp-json\/wp\/v2\/product_brand?post=18598"},{"taxonomy":"product_cat","embeddable":true,"href":"https:\/\/skaitytaknyga.lt\/en\/wp-json\/wp\/v2\/product_cat?post=18598"},{"taxonomy":"product_tag","embeddable":true,"href":"https:\/\/skaitytaknyga.lt\/en\/wp-json\/wp\/v2\/product_tag?post=18598"}],"curies":[{"name":"wp","href":"https:\/\/api.w.org\/{rel}","templated":true}]}}