{"id":18596,"date":"2025-05-28T09:32:28","date_gmt":"2025-05-28T06:32:28","guid":{"rendered":"https:\/\/skaitytaknyga.lt\/?post_type=product&#038;p=18596"},"modified":"2025-05-28T11:12:16","modified_gmt":"2025-05-28T08:12:16","slug":"senoves-mitai","status":"publish","type":"product","link":"https:\/\/skaitytaknyga.lt\/en\/produktas\/senoves-mitai\/","title":{"rendered":"Geri darbai gamtai"},"content":{"rendered":"<p>\u017dymaus, visuomen\u0117s m\u0117gstamo Lietuvos gamtininko, daugelio populiari\u0173 knyg\u0173 apie gamt\u0105 autoriaus Selemono Paltanavi\u010diaus nauja knyga propaguoja gamtosaugos b\u016btinumo id\u0117jas.<\/p>\n<p>Knyga skiriama vidutinio ir vyresniojo am\u017eiaus mokiniams, atliekantiems praktinius gamtosaugos darbus.<\/p>\n<p>Tai tiksliai apra\u0161yti, nuotraukomis ir darbo pie\u0161iniais iliustruoti pasakojimai apie tai, kaip ne\u012fd\u0117dami pernelyg daug pastang\u0173 galime pad\u0117ti daugeliui augal\u0173 ir gyv\u016bn\u0173, sukurti jiems tinkamas gyvenimo s\u0105lygas. Knygoje apra\u0161oma, kaip, kada ir kur geriausia \u012frengti lesyklas, \u0161\u0117ryklas, inkilus, lizdavietes, apsaugines juostas, ai\u0161kinama, kaip u\u017ekirsti keli\u0105 pavasario gaisrams ir apsaugoti gyv\u016bnus j\u0173 veisimosi metu.<\/p>\n<p>Tai pirmoji tokio pob\u016bd\u017eio knyga Lietuvoje. Ji gal\u0117t\u0173 b\u016bti naudinga \u012fvairiems gamtosauginiams mokini\u0173 b\u016breliams, jauniesiems mi\u0161ko bi\u010diuliams, \u012fvairi\u0173 mokini\u0173 stovykl\u0173 (pvz., jaun\u0173j\u0173 skaut\u0173) organizatoriams, gamtos mokytojams. Knyga sudomins visus, kuriems artimos gamtos apsaugos id\u0117jos. Didelis jos privalumas \u2013 puikios originalios spalvotos autoriaus nuotraukos, jas papildantys pie\u0161iniai.<\/p>\n","protected":false},"excerpt":{"rendered":"<p>\u017dymaus, visuomen\u0117s m\u0117gstamo Lietuvos gamtininko, daugelio populiari\u0173 knyg\u0173 apie gamt\u0105 autoriaus Selemono Paltanavi\u010diaus nauja knyga propaguoja gamtosaugos b\u016btinumo id\u0117jas. Knyga skiriama vidutinio ir vyresniojo am\u017eiaus mokiniams, atliekantiems praktinius gamtosaugos darbus. Tai tiksliai apra\u0161yti, nuotraukomis ir darbo pie\u0161iniais iliustruoti pasakojimai apie tai, kaip ne\u012fd\u0117dami pernelyg daug pastang\u0173 galime pad\u0117ti daugeliui augal\u0173 ir gyv\u016bn\u0173, sukurti jiems tinkamas gyvenimo s\u0105lygas. Knygoje apra\u0161oma, kaip, kada ir kur geriausia \u012frengti lesyklas, \u0161\u0117ryklas, inkilus, lizdavietes, apsaugines juostas, ai\u0161kinama, kaip u\u017ekirsti keli\u0105 pavasario gaisrams ir apsaugoti gyv\u016bnus j\u0173 veisimosi metu. Tai pirmoji tokio pob\u016bd\u017eio knyga Lietuvoje. Ji gal\u0117t\u0173 b\u016bti naudinga \u012fvairiems gamtosauginiams mokini\u0173 b\u016breliams, jauniesiems mi\u0161ko bi\u010diuliams, \u012fvairi\u0173 mokini\u0173 stovykl\u0173 (pvz., jaun\u0173j\u0173 skaut\u0173) organizatoriams, gamtos mokytojams. Knyga sudomins visus, kuriems artimos gamtos apsaugos id\u0117jos. Didelis jos privalumas \u2013 puikios originalios spalvotos autoriaus nuotraukos, jas papildantys pie\u0161iniai.<\/p>\n","protected":false},"featured_media":18623,"comment_status":"open","ping_status":"closed","template":"","meta":{"_acf_changed":false,"site-sidebar-layout":"default","site-content-layout":"","ast-site-content-layout":"default","site-content-style":"default","site-sidebar-style":"default","ast-global-header-display":"","ast-banner-title-visibility":"","ast-main-header-display":"","ast-hfb-above-header-display":"","ast-hfb-below-header-display":"","ast-hfb-mobile-header-display":"","site-post-title":"","ast-breadcrumbs-content":"","ast-featured-img":"","footer-sml-layout":"","ast-disable-related-posts":"","theme-transparent-header-meta":"","adv-header-id-meta":"","stick-header-meta":"","header-above-stick-meta":"","header-main-stick-meta":"","header-below-stick-meta":"","astra-migrate-meta-layouts":"default","ast-page-background-enabled":"default","ast-page-background-meta":{"desktop":{"background-color":"","background-image":"","background-repeat":"repeat","background-position":"center center","background-size":"auto","background-attachment":"scroll","background-type":"","background-media":"","overlay-type":"","overlay-color":"","overlay-opacity":"","overlay-gradient":""},"tablet":{"background-color":"","background-image":"","background-repeat":"repeat","background-position":"center center","background-size":"auto","background-attachment":"scroll","background-type":"","background-media":"","overlay-type":"","overlay-color":"","overlay-opacity":"","overlay-gradient":""},"mobile":{"background-color":"","background-image":"","background-repeat":"repeat","background-position":"center center","background-size":"auto","background-attachment":"scroll","background-type":"","background-media":"","overlay-type":"","overlay-color":"","overlay-opacity":"","overlay-gradient":""}},"ast-content-background-meta":{"desktop":{"background-color":"var(--ast-global-color-4)","background-image":"","background-repeat":"repeat","background-position":"center center","background-size":"auto","background-attachment":"scroll","background-type":"","background-media":"","overlay-type":"","overlay-color":"","overlay-opacity":"","overlay-gradient":""},"tablet":{"background-color":"var(--ast-global-color-4)","background-image":"","background-repeat":"repeat","background-position":"center center","background-size":"auto","background-attachment":"scroll","background-type":"","background-media":"","overlay-type":"","overlay-color":"","overlay-opacity":"","overlay-gradient":""},"mobile":{"background-color":"var(--ast-global-color-4)","background-image":"","background-repeat":"repeat","background-position":"center center","background-size":"auto","background-attachment":"scroll","background-type":"","background-media":"","overlay-type":"","overlay-color":"","overlay-opacity":"","overlay-gradient":""}}},"product_brand":[],"product_cat":[15],"product_tag":[1802,4599,4600,4589,1785],"class_list":{"0":"post-18596","1":"product","2":"type-product","3":"status-publish","4":"has-post-thumbnail","6":"product_cat-uncategorized","7":"product_tag-gamta","8":"product_tag-gamtosauga","9":"product_tag-mokiniams","10":"product_tag-selemonas-paltanavicius","11":"product_tag-vaikams","12":"desktop-align-left","13":"tablet-align-left","14":"mobile-align-left","16":"first","17":"instock","18":"shipping-taxable","19":"purchasable","20":"product-type-simple"},"acf":[],"yoast_head":"<!-- This site is optimized with the Yoast SEO plugin v27.0 - https:\/\/yoast.com\/product\/yoast-seo-wordpress\/ -->\n<title>Geri darbai gamtai<\/title>\n<meta name=\"description\" content=\"\u017dymaus, visuomen\u0117s m\u0117gstamo Lietuvos gamtininko, daugelio populiari\u0173 knyg\u0173 apie gamt\u0105 autoriaus Selemono Paltanavi\u010diaus nauja knyga propaguoja gamtosaugos\" \/>\n<meta name=\"robots\" content=\"index, follow, max-snippet:-1, max-image-preview:large, max-video-preview:-1\" \/>\n<link rel=\"canonical\" href=\"https:\/\/skaitytaknyga.lt\/en\/produktas\/senoves-mitai\/\" \/>\n<meta property=\"og:locale\" content=\"en_GB\" \/>\n<meta property=\"og:locale:alternate\" content=\"lt_LT\" \/>\n<meta property=\"og:type\" content=\"article\" \/>\n<meta property=\"og:title\" content=\"Geri darbai gamtai\" \/>\n<meta property=\"og:description\" content=\"\u017dymaus, visuomen\u0117s m\u0117gstamo Lietuvos gamtininko, daugelio populiari\u0173 knyg\u0173 apie gamt\u0105 autoriaus Selemono Paltanavi\u010diaus nauja knyga propaguoja gamtosaugos\" \/>\n<meta property=\"og:url\" content=\"https:\/\/skaitytaknyga.lt\/en\/produktas\/senoves-mitai\/\" \/>\n<meta property=\"og:site_name\" content=\"Skaitytaknyga\" \/>\n<meta property=\"article:publisher\" content=\"https:\/\/www.facebook.com\/skaitytaknyga\/\" \/>\n<meta property=\"article:modified_time\" content=\"2025-05-28T08:12:16+00:00\" \/>\n<meta property=\"og:image\" content=\"https:\/\/skaitytaknyga.lt\/wp-content\/uploads\/2024\/07\/skaitytaknyga.png\" \/>\n\t<meta property=\"og:image:width\" content=\"747\" \/>\n\t<meta property=\"og:image:height\" content=\"496\" \/>\n\t<meta property=\"og:image:type\" content=\"image\/png\" \/>\n<meta name=\"twitter:card\" content=\"summary_large_image\" \/>\n<meta name=\"twitter:label1\" content=\"Estimated reading time\" \/>\n\t<meta name=\"twitter:data1\" content=\"1 minute\" \/>\n<script type=\"application\/ld+json\" class=\"yoast-schema-graph\">{\"@context\":\"https:\/\/schema.org\",\"@graph\":[{\"@type\":\"WebPage\",\"@id\":\"https:\/\/skaitytaknyga.lt\/produktas\/senoves-mitai\/\",\"url\":\"https:\/\/skaitytaknyga.lt\/produktas\/senoves-mitai\/\",\"name\":\"Geri darbai gamtai\",\"isPartOf\":{\"@id\":\"https:\/\/skaitytaknyga.lt\/#website\"},\"primaryImageOfPage\":{\"@id\":\"https:\/\/skaitytaknyga.lt\/produktas\/senoves-mitai\/#primaryimage\"},\"image\":{\"@id\":\"https:\/\/skaitytaknyga.lt\/produktas\/senoves-mitai\/#primaryimage\"},\"thumbnailUrl\":\"https:\/\/skaitytaknyga.lt\/wp-content\/uploads\/2025\/05\/Geri-darbai-gamtai.webp\",\"datePublished\":\"2025-05-28T06:32:28+00:00\",\"dateModified\":\"2025-05-28T08:12:16+00:00\",\"description\":\"\u017dymaus, visuomen\u0117s m\u0117gstamo Lietuvos gamtininko, daugelio populiari\u0173 knyg\u0173 apie gamt\u0105 autoriaus Selemono Paltanavi\u010diaus nauja knyga propaguoja gamtosaugos\",\"breadcrumb\":{\"@id\":\"https:\/\/skaitytaknyga.lt\/produktas\/senoves-mitai\/#breadcrumb\"},\"inLanguage\":\"en-GB\",\"potentialAction\":[{\"@type\":\"ReadAction\",\"target\":[\"https:\/\/skaitytaknyga.lt\/produktas\/senoves-mitai\/\"]}]},{\"@type\":\"ImageObject\",\"inLanguage\":\"en-GB\",\"@id\":\"https:\/\/skaitytaknyga.lt\/produktas\/senoves-mitai\/#primaryimage\",\"url\":\"https:\/\/skaitytaknyga.lt\/wp-content\/uploads\/2025\/05\/Geri-darbai-gamtai.webp\",\"contentUrl\":\"https:\/\/skaitytaknyga.lt\/wp-content\/uploads\/2025\/05\/Geri-darbai-gamtai.webp\",\"width\":369,\"height\":577,\"caption\":\"Geri darbai gamtai\"},{\"@type\":\"BreadcrumbList\",\"@id\":\"https:\/\/skaitytaknyga.lt\/produktas\/senoves-mitai\/#breadcrumb\",\"itemListElement\":[{\"@type\":\"ListItem\",\"position\":1,\"name\":\"Home\",\"item\":\"https:\/\/skaitytaknyga.lt\/\"},{\"@type\":\"ListItem\",\"position\":2,\"name\":\"Parduotuv\u0117\",\"item\":\"https:\/\/skaitytaknyga.lt\/knygu-parduotuve\/\"},{\"@type\":\"ListItem\",\"position\":3,\"name\":\"Geri darbai gamtai\"}]},{\"@type\":\"WebSite\",\"@id\":\"https:\/\/skaitytaknyga.lt\/#website\",\"url\":\"https:\/\/skaitytaknyga.lt\/\",\"name\":\"skaitytaknyga.lt\",\"description\":\"Skaitytaknyga.lt \u2013 tai ma\u017eas \u0161eimos verslas, kuris prasid\u0117jo nuo meil\u0117s knygoms ir siekio i\u0161gelb\u0117ti knygas nuo likimo prie konteinerio. Kas vienam nereikalingas daiktas \u2013 kitam lobis, o mes esame tarpininkai, kurie padeda abiems tapti laimingesniems ???? \u017dinome kaip nelengva i\u0161gyventi ma\u017eiems verslams, tad nuo \u0161iol, \u010dia rasite ir kit\u0173, ma\u017e\u0173 \u0161eim\u0173 versl\u0173, rank\u0173 darbo, dovan\u0173 sau ir artimiesiems.\",\"publisher\":{\"@id\":\"https:\/\/skaitytaknyga.lt\/#organization\"},\"potentialAction\":[{\"@type\":\"SearchAction\",\"target\":{\"@type\":\"EntryPoint\",\"urlTemplate\":\"https:\/\/skaitytaknyga.lt\/?s={search_term_string}\"},\"query-input\":{\"@type\":\"PropertyValueSpecification\",\"valueRequired\":true,\"valueName\":\"search_term_string\"}}],\"inLanguage\":\"en-GB\"},{\"@type\":\"Organization\",\"@id\":\"https:\/\/skaitytaknyga.lt\/#organization\",\"name\":\"skaitytaknyga.lt\",\"url\":\"https:\/\/skaitytaknyga.lt\/\",\"logo\":{\"@type\":\"ImageObject\",\"inLanguage\":\"en-GB\",\"@id\":\"https:\/\/skaitytaknyga.lt\/#\/schema\/logo\/image\/\",\"url\":\"https:\/\/skaitytaknyga.lt\/wp-content\/uploads\/2024\/05\/cropped-cropped-cropped-02_00843_jt3bggkj1j3HLc7SyY6rEUpg.jpeg\",\"contentUrl\":\"https:\/\/skaitytaknyga.lt\/wp-content\/uploads\/2024\/05\/cropped-cropped-cropped-02_00843_jt3bggkj1j3HLc7SyY6rEUpg.jpeg\",\"width\":1600,\"height\":1600,\"caption\":\"skaitytaknyga.lt\"},\"image\":{\"@id\":\"https:\/\/skaitytaknyga.lt\/#\/schema\/logo\/image\/\"},\"sameAs\":[\"https:\/\/www.facebook.com\/skaitytaknyga\/\"]}]}<\/script>\n<!-- \/ Yoast SEO plugin. -->","yoast_head_json":{"title":"Geri darbai gamtai","description":"\u017dymaus, visuomen\u0117s m\u0117gstamo Lietuvos gamtininko, daugelio populiari\u0173 knyg\u0173 apie gamt\u0105 autoriaus Selemono Paltanavi\u010diaus nauja knyga propaguoja gamtosaugos","robots":{"index":"index","follow":"follow","max-snippet":"max-snippet:-1","max-image-preview":"max-image-preview:large","max-video-preview":"max-video-preview:-1"},"canonical":"https:\/\/skaitytaknyga.lt\/en\/produktas\/senoves-mitai\/","og_locale":"en_GB","og_type":"article","og_title":"[:lt]Geri darbai gamtai[:] - Skaitytaknyga","og_description":"\u017dymaus, visuomen\u0117s m\u0117gstamo Lietuvos gamtininko, daugelio populiari\u0173 knyg\u0173 apie gamt\u0105 autoriaus Selemono Paltanavi\u010diaus nauja knyga propaguoja gamtosaugos","og_url":"https:\/\/skaitytaknyga.lt\/en\/produktas\/senoves-mitai\/","og_site_name":"Skaitytaknyga","article_publisher":"https:\/\/www.facebook.com\/skaitytaknyga\/","article_modified_time":"2025-05-28T08:12:16+00:00","og_image":[{"width":747,"height":496,"url":"https:\/\/skaitytaknyga.lt\/wp-content\/uploads\/2024\/07\/skaitytaknyga.png","type":"image\/png"}],"twitter_card":"summary_large_image","twitter_misc":{"Estimated reading time":"1 minute"},"schema":{"@context":"https:\/\/schema.org","@graph":[{"@type":"WebPage","@id":"https:\/\/skaitytaknyga.lt\/produktas\/senoves-mitai\/","url":"https:\/\/skaitytaknyga.lt\/produktas\/senoves-mitai\/","name":"Geri darbai gamtai","isPartOf":{"@id":"https:\/\/skaitytaknyga.lt\/#website"},"primaryImageOfPage":{"@id":"https:\/\/skaitytaknyga.lt\/produktas\/senoves-mitai\/#primaryimage"},"image":{"@id":"https:\/\/skaitytaknyga.lt\/produktas\/senoves-mitai\/#primaryimage"},"thumbnailUrl":"https:\/\/skaitytaknyga.lt\/wp-content\/uploads\/2025\/05\/Geri-darbai-gamtai.webp","datePublished":"2025-05-28T06:32:28+00:00","dateModified":"2025-05-28T08:12:16+00:00","description":"\u017dymaus, visuomen\u0117s m\u0117gstamo Lietuvos gamtininko, daugelio populiari\u0173 knyg\u0173 apie gamt\u0105 autoriaus Selemono Paltanavi\u010diaus nauja knyga propaguoja gamtosaugos","breadcrumb":{"@id":"https:\/\/skaitytaknyga.lt\/produktas\/senoves-mitai\/#breadcrumb"},"inLanguage":"en-GB","potentialAction":[{"@type":"ReadAction","target":["https:\/\/skaitytaknyga.lt\/produktas\/senoves-mitai\/"]}]},{"@type":"ImageObject","inLanguage":"en-GB","@id":"https:\/\/skaitytaknyga.lt\/produktas\/senoves-mitai\/#primaryimage","url":"https:\/\/skaitytaknyga.lt\/wp-content\/uploads\/2025\/05\/Geri-darbai-gamtai.webp","contentUrl":"https:\/\/skaitytaknyga.lt\/wp-content\/uploads\/2025\/05\/Geri-darbai-gamtai.webp","width":369,"height":577,"caption":"Geri darbai gamtai"},{"@type":"BreadcrumbList","@id":"https:\/\/skaitytaknyga.lt\/produktas\/senoves-mitai\/#breadcrumb","itemListElement":[{"@type":"ListItem","position":1,"name":"Home","item":"https:\/\/skaitytaknyga.lt\/"},{"@type":"ListItem","position":2,"name":"Parduotuv\u0117","item":"https:\/\/skaitytaknyga.lt\/knygu-parduotuve\/"},{"@type":"ListItem","position":3,"name":"Geri darbai gamtai"}]},{"@type":"WebSite","@id":"https:\/\/skaitytaknyga.lt\/#website","url":"https:\/\/skaitytaknyga.lt\/","name":"skaitytaknyga.lt","description":"Skaitytaknyga.lt \u2013 tai ma\u017eas \u0161eimos verslas, kuris prasid\u0117jo nuo meil\u0117s knygoms ir siekio i\u0161gelb\u0117ti knygas nuo likimo prie konteinerio. Kas vienam nereikalingas daiktas \u2013 kitam lobis, o mes esame tarpininkai, kurie padeda abiems tapti laimingesniems ???? \u017dinome kaip nelengva i\u0161gyventi ma\u017eiems verslams, tad nuo \u0161iol, \u010dia rasite ir kit\u0173, ma\u017e\u0173 \u0161eim\u0173 versl\u0173, rank\u0173 darbo, dovan\u0173 sau ir artimiesiems.","publisher":{"@id":"https:\/\/skaitytaknyga.lt\/#organization"},"potentialAction":[{"@type":"SearchAction","target":{"@type":"EntryPoint","urlTemplate":"https:\/\/skaitytaknyga.lt\/?s={search_term_string}"},"query-input":{"@type":"PropertyValueSpecification","valueRequired":true,"valueName":"search_term_string"}}],"inLanguage":"en-GB"},{"@type":"Organization","@id":"https:\/\/skaitytaknyga.lt\/#organization","name":"skaitytaknyga.lt","url":"https:\/\/skaitytaknyga.lt\/","logo":{"@type":"ImageObject","inLanguage":"en-GB","@id":"https:\/\/skaitytaknyga.lt\/#\/schema\/logo\/image\/","url":"https:\/\/skaitytaknyga.lt\/wp-content\/uploads\/2024\/05\/cropped-cropped-cropped-02_00843_jt3bggkj1j3HLc7SyY6rEUpg.jpeg","contentUrl":"https:\/\/skaitytaknyga.lt\/wp-content\/uploads\/2024\/05\/cropped-cropped-cropped-02_00843_jt3bggkj1j3HLc7SyY6rEUpg.jpeg","width":1600,"height":1600,"caption":"skaitytaknyga.lt"},"image":{"@id":"https:\/\/skaitytaknyga.lt\/#\/schema\/logo\/image\/"},"sameAs":["https:\/\/www.facebook.com\/skaitytaknyga\/"]}]}},"_links":{"self":[{"href":"https:\/\/skaitytaknyga.lt\/en\/wp-json\/wp\/v2\/product\/18596","targetHints":{"allow":["GET"]}}],"collection":[{"href":"https:\/\/skaitytaknyga.lt\/en\/wp-json\/wp\/v2\/product"}],"about":[{"href":"https:\/\/skaitytaknyga.lt\/en\/wp-json\/wp\/v2\/types\/product"}],"replies":[{"embeddable":true,"href":"https:\/\/skaitytaknyga.lt\/en\/wp-json\/wp\/v2\/comments?post=18596"}],"wp:featuredmedia":[{"embeddable":true,"href":"https:\/\/skaitytaknyga.lt\/en\/wp-json\/wp\/v2\/media\/18623"}],"wp:attachment":[{"href":"https:\/\/skaitytaknyga.lt\/en\/wp-json\/wp\/v2\/media?parent=18596"}],"wp:term":[{"taxonomy":"product_brand","embeddable":true,"href":"https:\/\/skaitytaknyga.lt\/en\/wp-json\/wp\/v2\/product_brand?post=18596"},{"taxonomy":"product_cat","embeddable":true,"href":"https:\/\/skaitytaknyga.lt\/en\/wp-json\/wp\/v2\/product_cat?post=18596"},{"taxonomy":"product_tag","embeddable":true,"href":"https:\/\/skaitytaknyga.lt\/en\/wp-json\/wp\/v2\/product_tag?post=18596"}],"curies":[{"name":"wp","href":"https:\/\/api.w.org\/{rel}","templated":true}]}}