{"id":18582,"date":"2025-05-28T09:32:25","date_gmt":"2025-05-28T06:32:25","guid":{"rendered":"https:\/\/skaitytaknyga.lt\/?post_type=product&#038;p=18582"},"modified":"2025-05-28T13:22:15","modified_gmt":"2025-05-28T10:22:15","slug":"aciu-tiems-kurie-isgirdo","status":"publish","type":"product","link":"https:\/\/skaitytaknyga.lt\/en\/produktas\/aciu-tiems-kurie-isgirdo\/","title":{"rendered":"A\u010di\u016b tiems, kurie i\u0161girdo"},"content":{"rendered":"<p>\u0160i \u017eymaus politikos komunikacijos profesoriaus bei \u017eurnalisto, ilg\u0105 laik\u0105 dirbusio Laisvosios Europos radijo Lietuvos skyriuje Prahoje ir Miunchene, knyga \u2013 tai \u012f\u017evalgus bei originalus m\u016bs\u0173 valstyb\u0117s gyvenimo metra\u0161tis. Autorius i\u0161siskiria geb\u0117jimu analizuoti politinius procesus Lietuvoje i\u0161 bendraeuropieti\u0161kos perspektyvos, nenuolaid\u017eiaujant nei vienai politinei ar ekonominei grupei.<\/p>\n<p>\u0160ioje knygoje paskelbti keli \u0161imtai komentar\u0173, prad\u0117ti rengti 2005 metais, kai autorius gr\u012f\u017eo i\u0161 \u017eurnalisitinio darbo u\u017esienyje, iki 2010 met\u0173 pabaigos. Tai puiki galimyb\u0117 ne tik prisiminti svarbiausius \u0161io laikotarpio \u012fvykius, bet taip pat geriau suvokti ir n\u016bdienio politinio gyvenimo bei jo problem\u0173 i\u0161takas.<\/p>\n","protected":false},"excerpt":{"rendered":"<p>\u0160i \u017eymaus politikos komunikacijos profesoriaus bei \u017eurnalisto, ilg\u0105 laik\u0105 dirbusio Laisvosios Europos radijo Lietuvos skyriuje Prahoje ir Miunchene, knyga \u2013 tai \u012f\u017evalgus bei originalus m\u016bs\u0173 valstyb\u0117s gyvenimo metra\u0161tis. Autorius i\u0161siskiria geb\u0117jimu analizuoti politinius procesus Lietuvoje i\u0161 bendraeuropieti\u0161kos perspektyvos, nenuolaid\u017eiaujant nei vienai politinei ar ekonominei grupei. \u0160ioje knygoje paskelbti keli \u0161imtai komentar\u0173, prad\u0117ti rengti 2005 metais, kai autorius gr\u012f\u017eo i\u0161 \u017eurnalisitinio darbo u\u017esienyje, iki 2010 met\u0173 pabaigos. Tai puiki galimyb\u0117 ne tik prisiminti svarbiausius \u0161io laikotarpio \u012fvykius, bet taip pat geriau suvokti ir n\u016bdienio politinio gyvenimo bei jo problem\u0173 i\u0161takas.<\/p>\n","protected":false},"featured_media":18615,"comment_status":"open","ping_status":"closed","template":"","meta":{"_acf_changed":false,"site-sidebar-layout":"default","site-content-layout":"","ast-site-content-layout":"default","site-content-style":"default","site-sidebar-style":"default","ast-global-header-display":"","ast-banner-title-visibility":"","ast-main-header-display":"","ast-hfb-above-header-display":"","ast-hfb-below-header-display":"","ast-hfb-mobile-header-display":"","site-post-title":"","ast-breadcrumbs-content":"","ast-featured-img":"","footer-sml-layout":"","ast-disable-related-posts":"","theme-transparent-header-meta":"","adv-header-id-meta":"","stick-header-meta":"","header-above-stick-meta":"","header-main-stick-meta":"","header-below-stick-meta":"","astra-migrate-meta-layouts":"default","ast-page-background-enabled":"default","ast-page-background-meta":{"desktop":{"background-color":"","background-image":"","background-repeat":"repeat","background-position":"center center","background-size":"auto","background-attachment":"scroll","background-type":"","background-media":"","overlay-type":"","overlay-color":"","overlay-opacity":"","overlay-gradient":""},"tablet":{"background-color":"","background-image":"","background-repeat":"repeat","background-position":"center center","background-size":"auto","background-attachment":"scroll","background-type":"","background-media":"","overlay-type":"","overlay-color":"","overlay-opacity":"","overlay-gradient":""},"mobile":{"background-color":"","background-image":"","background-repeat":"repeat","background-position":"center center","background-size":"auto","background-attachment":"scroll","background-type":"","background-media":"","overlay-type":"","overlay-color":"","overlay-opacity":"","overlay-gradient":""}},"ast-content-background-meta":{"desktop":{"background-color":"var(--ast-global-color-4)","background-image":"","background-repeat":"repeat","background-position":"center center","background-size":"auto","background-attachment":"scroll","background-type":"","background-media":"","overlay-type":"","overlay-color":"","overlay-opacity":"","overlay-gradient":""},"tablet":{"background-color":"var(--ast-global-color-4)","background-image":"","background-repeat":"repeat","background-position":"center center","background-size":"auto","background-attachment":"scroll","background-type":"","background-media":"","overlay-type":"","overlay-color":"","overlay-opacity":"","overlay-gradient":""},"mobile":{"background-color":"var(--ast-global-color-4)","background-image":"","background-repeat":"repeat","background-position":"center center","background-size":"auto","background-attachment":"scroll","background-type":"","background-media":"","overlay-type":"","overlay-color":"","overlay-opacity":"","overlay-gradient":""}}},"product_brand":[],"product_cat":[15],"product_tag":[4623,4624,2625,2395,2624],"class_list":{"0":"post-18582","1":"product","2":"type-product","3":"status-publish","4":"has-post-thumbnail","6":"product_cat-uncategorized","7":"product_tag-gintaras-aleknonis","8":"product_tag-komentarai","9":"product_tag-lietuva","10":"product_tag-politika","11":"product_tag-zurnalistika","12":"desktop-align-left","13":"tablet-align-left","14":"mobile-align-left","16":"first","17":"instock","18":"shipping-taxable","19":"purchasable","20":"product-type-simple"},"acf":[],"yoast_head":"<!-- This site is optimized with the Yoast SEO plugin v27.0 - https:\/\/yoast.com\/product\/yoast-seo-wordpress\/ -->\n<title>A\u010di\u016b tiems, kurie i\u0161girdo<\/title>\n<meta name=\"description\" content=\"\u0160i \u017eymaus politikos komunikacijos profesoriaus bei \u017eurnalisto, ilg\u0105 laik\u0105 dirbusio Laisvosios Europos radijo Lietuvos skyriuje Prahoje ir Miunchene, knyga\" \/>\n<meta name=\"robots\" content=\"index, follow, max-snippet:-1, max-image-preview:large, max-video-preview:-1\" \/>\n<link rel=\"canonical\" href=\"https:\/\/skaitytaknyga.lt\/en\/produktas\/aciu-tiems-kurie-isgirdo\/\" \/>\n<meta property=\"og:locale\" content=\"en_GB\" \/>\n<meta property=\"og:locale:alternate\" content=\"lt_LT\" \/>\n<meta property=\"og:type\" content=\"article\" \/>\n<meta property=\"og:title\" content=\"A\u010di\u016b tiems, kurie i\u0161girdo\" \/>\n<meta property=\"og:description\" content=\"\u0160i \u017eymaus politikos komunikacijos profesoriaus bei \u017eurnalisto, ilg\u0105 laik\u0105 dirbusio Laisvosios Europos radijo Lietuvos skyriuje Prahoje ir Miunchene, knyga\" \/>\n<meta property=\"og:url\" content=\"https:\/\/skaitytaknyga.lt\/en\/produktas\/aciu-tiems-kurie-isgirdo\/\" \/>\n<meta property=\"og:site_name\" content=\"Skaitytaknyga\" \/>\n<meta property=\"article:publisher\" content=\"https:\/\/www.facebook.com\/skaitytaknyga\/\" \/>\n<meta property=\"article:modified_time\" content=\"2025-05-28T10:22:15+00:00\" \/>\n<meta property=\"og:image\" content=\"https:\/\/skaitytaknyga.lt\/wp-content\/uploads\/2025\/05\/Aciu-tiems-kurie-isgirdo.webp\" \/>\n\t<meta property=\"og:image:width\" content=\"540\" \/>\n\t<meta property=\"og:image:height\" content=\"801\" \/>\n\t<meta property=\"og:image:type\" content=\"image\/webp\" \/>\n<meta name=\"twitter:card\" content=\"summary_large_image\" \/>\n<script type=\"application\/ld+json\" class=\"yoast-schema-graph\">{\"@context\":\"https:\/\/schema.org\",\"@graph\":[{\"@type\":\"WebPage\",\"@id\":\"https:\/\/skaitytaknyga.lt\/produktas\/aciu-tiems-kurie-isgirdo\/\",\"url\":\"https:\/\/skaitytaknyga.lt\/produktas\/aciu-tiems-kurie-isgirdo\/\",\"name\":\"A\u010di\u016b tiems, kurie i\u0161girdo\",\"isPartOf\":{\"@id\":\"https:\/\/skaitytaknyga.lt\/#website\"},\"primaryImageOfPage\":{\"@id\":\"https:\/\/skaitytaknyga.lt\/produktas\/aciu-tiems-kurie-isgirdo\/#primaryimage\"},\"image\":{\"@id\":\"https:\/\/skaitytaknyga.lt\/produktas\/aciu-tiems-kurie-isgirdo\/#primaryimage\"},\"thumbnailUrl\":\"https:\/\/skaitytaknyga.lt\/wp-content\/uploads\/2025\/05\/Aciu-tiems-kurie-isgirdo.webp\",\"datePublished\":\"2025-05-28T06:32:25+00:00\",\"dateModified\":\"2025-05-28T10:22:15+00:00\",\"description\":\"\u0160i \u017eymaus politikos komunikacijos profesoriaus bei \u017eurnalisto, ilg\u0105 laik\u0105 dirbusio Laisvosios Europos radijo Lietuvos skyriuje Prahoje ir Miunchene, knyga\",\"breadcrumb\":{\"@id\":\"https:\/\/skaitytaknyga.lt\/produktas\/aciu-tiems-kurie-isgirdo\/#breadcrumb\"},\"inLanguage\":\"en-GB\",\"potentialAction\":[{\"@type\":\"ReadAction\",\"target\":[\"https:\/\/skaitytaknyga.lt\/produktas\/aciu-tiems-kurie-isgirdo\/\"]}]},{\"@type\":\"ImageObject\",\"inLanguage\":\"en-GB\",\"@id\":\"https:\/\/skaitytaknyga.lt\/produktas\/aciu-tiems-kurie-isgirdo\/#primaryimage\",\"url\":\"https:\/\/skaitytaknyga.lt\/wp-content\/uploads\/2025\/05\/Aciu-tiems-kurie-isgirdo.webp\",\"contentUrl\":\"https:\/\/skaitytaknyga.lt\/wp-content\/uploads\/2025\/05\/Aciu-tiems-kurie-isgirdo.webp\",\"width\":540,\"height\":801,\"caption\":\"A\u010di\u016b tiems, kurie i\u0161girdo\"},{\"@type\":\"BreadcrumbList\",\"@id\":\"https:\/\/skaitytaknyga.lt\/produktas\/aciu-tiems-kurie-isgirdo\/#breadcrumb\",\"itemListElement\":[{\"@type\":\"ListItem\",\"position\":1,\"name\":\"Home\",\"item\":\"https:\/\/skaitytaknyga.lt\/\"},{\"@type\":\"ListItem\",\"position\":2,\"name\":\"Parduotuv\u0117\",\"item\":\"https:\/\/skaitytaknyga.lt\/knygu-parduotuve\/\"},{\"@type\":\"ListItem\",\"position\":3,\"name\":\"A\u010di\u016b tiems, kurie i\u0161girdo\"}]},{\"@type\":\"WebSite\",\"@id\":\"https:\/\/skaitytaknyga.lt\/#website\",\"url\":\"https:\/\/skaitytaknyga.lt\/\",\"name\":\"skaitytaknyga.lt\",\"description\":\"Skaitytaknyga.lt \u2013 tai ma\u017eas \u0161eimos verslas, kuris prasid\u0117jo nuo meil\u0117s knygoms ir siekio i\u0161gelb\u0117ti knygas nuo likimo prie konteinerio. Kas vienam nereikalingas daiktas \u2013 kitam lobis, o mes esame tarpininkai, kurie padeda abiems tapti laimingesniems ???? \u017dinome kaip nelengva i\u0161gyventi ma\u017eiems verslams, tad nuo \u0161iol, \u010dia rasite ir kit\u0173, ma\u017e\u0173 \u0161eim\u0173 versl\u0173, rank\u0173 darbo, dovan\u0173 sau ir artimiesiems.\",\"publisher\":{\"@id\":\"https:\/\/skaitytaknyga.lt\/#organization\"},\"potentialAction\":[{\"@type\":\"SearchAction\",\"target\":{\"@type\":\"EntryPoint\",\"urlTemplate\":\"https:\/\/skaitytaknyga.lt\/?s={search_term_string}\"},\"query-input\":{\"@type\":\"PropertyValueSpecification\",\"valueRequired\":true,\"valueName\":\"search_term_string\"}}],\"inLanguage\":\"en-GB\"},{\"@type\":\"Organization\",\"@id\":\"https:\/\/skaitytaknyga.lt\/#organization\",\"name\":\"skaitytaknyga.lt\",\"url\":\"https:\/\/skaitytaknyga.lt\/\",\"logo\":{\"@type\":\"ImageObject\",\"inLanguage\":\"en-GB\",\"@id\":\"https:\/\/skaitytaknyga.lt\/#\/schema\/logo\/image\/\",\"url\":\"https:\/\/skaitytaknyga.lt\/wp-content\/uploads\/2024\/05\/cropped-cropped-cropped-02_00843_jt3bggkj1j3HLc7SyY6rEUpg.jpeg\",\"contentUrl\":\"https:\/\/skaitytaknyga.lt\/wp-content\/uploads\/2024\/05\/cropped-cropped-cropped-02_00843_jt3bggkj1j3HLc7SyY6rEUpg.jpeg\",\"width\":1600,\"height\":1600,\"caption\":\"skaitytaknyga.lt\"},\"image\":{\"@id\":\"https:\/\/skaitytaknyga.lt\/#\/schema\/logo\/image\/\"},\"sameAs\":[\"https:\/\/www.facebook.com\/skaitytaknyga\/\"]}]}<\/script>\n<!-- \/ Yoast SEO plugin. -->","yoast_head_json":{"title":"A\u010di\u016b tiems, kurie i\u0161girdo","description":"\u0160i \u017eymaus politikos komunikacijos profesoriaus bei \u017eurnalisto, ilg\u0105 laik\u0105 dirbusio Laisvosios Europos radijo Lietuvos skyriuje Prahoje ir Miunchene, knyga","robots":{"index":"index","follow":"follow","max-snippet":"max-snippet:-1","max-image-preview":"max-image-preview:large","max-video-preview":"max-video-preview:-1"},"canonical":"https:\/\/skaitytaknyga.lt\/en\/produktas\/aciu-tiems-kurie-isgirdo\/","og_locale":"en_GB","og_type":"article","og_title":"[:lt]A\u010di\u016b tiems, kurie i\u0161girdo[:] - Skaitytaknyga","og_description":"\u0160i \u017eymaus politikos komunikacijos profesoriaus bei \u017eurnalisto, ilg\u0105 laik\u0105 dirbusio Laisvosios Europos radijo Lietuvos skyriuje Prahoje ir Miunchene, knyga","og_url":"https:\/\/skaitytaknyga.lt\/en\/produktas\/aciu-tiems-kurie-isgirdo\/","og_site_name":"Skaitytaknyga","article_publisher":"https:\/\/www.facebook.com\/skaitytaknyga\/","article_modified_time":"2025-05-28T10:22:15+00:00","og_image":[{"width":540,"height":801,"url":"https:\/\/skaitytaknyga.lt\/wp-content\/uploads\/2025\/05\/Aciu-tiems-kurie-isgirdo.webp","type":"image\/webp"}],"twitter_card":"summary_large_image","schema":{"@context":"https:\/\/schema.org","@graph":[{"@type":"WebPage","@id":"https:\/\/skaitytaknyga.lt\/produktas\/aciu-tiems-kurie-isgirdo\/","url":"https:\/\/skaitytaknyga.lt\/produktas\/aciu-tiems-kurie-isgirdo\/","name":"A\u010di\u016b tiems, kurie i\u0161girdo","isPartOf":{"@id":"https:\/\/skaitytaknyga.lt\/#website"},"primaryImageOfPage":{"@id":"https:\/\/skaitytaknyga.lt\/produktas\/aciu-tiems-kurie-isgirdo\/#primaryimage"},"image":{"@id":"https:\/\/skaitytaknyga.lt\/produktas\/aciu-tiems-kurie-isgirdo\/#primaryimage"},"thumbnailUrl":"https:\/\/skaitytaknyga.lt\/wp-content\/uploads\/2025\/05\/Aciu-tiems-kurie-isgirdo.webp","datePublished":"2025-05-28T06:32:25+00:00","dateModified":"2025-05-28T10:22:15+00:00","description":"\u0160i \u017eymaus politikos komunikacijos profesoriaus bei \u017eurnalisto, ilg\u0105 laik\u0105 dirbusio Laisvosios Europos radijo Lietuvos skyriuje Prahoje ir Miunchene, knyga","breadcrumb":{"@id":"https:\/\/skaitytaknyga.lt\/produktas\/aciu-tiems-kurie-isgirdo\/#breadcrumb"},"inLanguage":"en-GB","potentialAction":[{"@type":"ReadAction","target":["https:\/\/skaitytaknyga.lt\/produktas\/aciu-tiems-kurie-isgirdo\/"]}]},{"@type":"ImageObject","inLanguage":"en-GB","@id":"https:\/\/skaitytaknyga.lt\/produktas\/aciu-tiems-kurie-isgirdo\/#primaryimage","url":"https:\/\/skaitytaknyga.lt\/wp-content\/uploads\/2025\/05\/Aciu-tiems-kurie-isgirdo.webp","contentUrl":"https:\/\/skaitytaknyga.lt\/wp-content\/uploads\/2025\/05\/Aciu-tiems-kurie-isgirdo.webp","width":540,"height":801,"caption":"A\u010di\u016b tiems, kurie i\u0161girdo"},{"@type":"BreadcrumbList","@id":"https:\/\/skaitytaknyga.lt\/produktas\/aciu-tiems-kurie-isgirdo\/#breadcrumb","itemListElement":[{"@type":"ListItem","position":1,"name":"Home","item":"https:\/\/skaitytaknyga.lt\/"},{"@type":"ListItem","position":2,"name":"Parduotuv\u0117","item":"https:\/\/skaitytaknyga.lt\/knygu-parduotuve\/"},{"@type":"ListItem","position":3,"name":"A\u010di\u016b tiems, kurie i\u0161girdo"}]},{"@type":"WebSite","@id":"https:\/\/skaitytaknyga.lt\/#website","url":"https:\/\/skaitytaknyga.lt\/","name":"skaitytaknyga.lt","description":"Skaitytaknyga.lt \u2013 tai ma\u017eas \u0161eimos verslas, kuris prasid\u0117jo nuo meil\u0117s knygoms ir siekio i\u0161gelb\u0117ti knygas nuo likimo prie konteinerio. Kas vienam nereikalingas daiktas \u2013 kitam lobis, o mes esame tarpininkai, kurie padeda abiems tapti laimingesniems ???? \u017dinome kaip nelengva i\u0161gyventi ma\u017eiems verslams, tad nuo \u0161iol, \u010dia rasite ir kit\u0173, ma\u017e\u0173 \u0161eim\u0173 versl\u0173, rank\u0173 darbo, dovan\u0173 sau ir artimiesiems.","publisher":{"@id":"https:\/\/skaitytaknyga.lt\/#organization"},"potentialAction":[{"@type":"SearchAction","target":{"@type":"EntryPoint","urlTemplate":"https:\/\/skaitytaknyga.lt\/?s={search_term_string}"},"query-input":{"@type":"PropertyValueSpecification","valueRequired":true,"valueName":"search_term_string"}}],"inLanguage":"en-GB"},{"@type":"Organization","@id":"https:\/\/skaitytaknyga.lt\/#organization","name":"skaitytaknyga.lt","url":"https:\/\/skaitytaknyga.lt\/","logo":{"@type":"ImageObject","inLanguage":"en-GB","@id":"https:\/\/skaitytaknyga.lt\/#\/schema\/logo\/image\/","url":"https:\/\/skaitytaknyga.lt\/wp-content\/uploads\/2024\/05\/cropped-cropped-cropped-02_00843_jt3bggkj1j3HLc7SyY6rEUpg.jpeg","contentUrl":"https:\/\/skaitytaknyga.lt\/wp-content\/uploads\/2024\/05\/cropped-cropped-cropped-02_00843_jt3bggkj1j3HLc7SyY6rEUpg.jpeg","width":1600,"height":1600,"caption":"skaitytaknyga.lt"},"image":{"@id":"https:\/\/skaitytaknyga.lt\/#\/schema\/logo\/image\/"},"sameAs":["https:\/\/www.facebook.com\/skaitytaknyga\/"]}]}},"_links":{"self":[{"href":"https:\/\/skaitytaknyga.lt\/en\/wp-json\/wp\/v2\/product\/18582","targetHints":{"allow":["GET"]}}],"collection":[{"href":"https:\/\/skaitytaknyga.lt\/en\/wp-json\/wp\/v2\/product"}],"about":[{"href":"https:\/\/skaitytaknyga.lt\/en\/wp-json\/wp\/v2\/types\/product"}],"replies":[{"embeddable":true,"href":"https:\/\/skaitytaknyga.lt\/en\/wp-json\/wp\/v2\/comments?post=18582"}],"wp:featuredmedia":[{"embeddable":true,"href":"https:\/\/skaitytaknyga.lt\/en\/wp-json\/wp\/v2\/media\/18615"}],"wp:attachment":[{"href":"https:\/\/skaitytaknyga.lt\/en\/wp-json\/wp\/v2\/media?parent=18582"}],"wp:term":[{"taxonomy":"product_brand","embeddable":true,"href":"https:\/\/skaitytaknyga.lt\/en\/wp-json\/wp\/v2\/product_brand?post=18582"},{"taxonomy":"product_cat","embeddable":true,"href":"https:\/\/skaitytaknyga.lt\/en\/wp-json\/wp\/v2\/product_cat?post=18582"},{"taxonomy":"product_tag","embeddable":true,"href":"https:\/\/skaitytaknyga.lt\/en\/wp-json\/wp\/v2\/product_tag?post=18582"}],"curies":[{"name":"wp","href":"https:\/\/api.w.org\/{rel}","templated":true}]}}