{"id":18575,"date":"2025-05-28T09:32:23","date_gmt":"2025-05-28T06:32:23","guid":{"rendered":"https:\/\/skaitytaknyga.lt\/?post_type=product&#038;p=18575"},"modified":"2025-05-28T13:22:05","modified_gmt":"2025-05-28T10:22:05","slug":"dingusio-jauniko-paslaptis","status":"publish","type":"product","link":"https:\/\/skaitytaknyga.lt\/en\/produktas\/dingusio-jauniko-paslaptis\/","title":{"rendered":"Dingusio jauniko paslaptis"},"content":{"rendered":"<p>Saldainis humoro myl\u0117tojams!<\/p>\n<p>O ie\u0161kan\u010dioms jaunikio \u2013 puikus gidas, kaip netapti Zose.<\/p>\n<p>Vien\u0105 ryt\u0105, prie\u0161 pat vestuves, Zos\u0117 suvokia \u2013 jos su\u017ead\u0117tinis negr\u012f\u017eo namo, o jo mobilus telefonas \u2013 u\u017e ry\u0161io zonos rib\u0173. Apimta negeros nuojautos ima kratyti jo daiktus ir aptinka m\u012fsling\u0105 meil\u0117s ra\u0161tel\u012f. Zos\u0117 suvokia, kad tur\u0117s savo b\u016bsim\u0105 vyr\u0105 surasti. Ir greitai! Panikos i\u0161tiktai Ilganosei \u012f pagalb\u0105 skuba gyvenimo u\u017egr\u016bdinta valytoja ir kalbanti su\u017ead\u0117tinio pap\u016bga. Veik\u0117jos net pa\u010dios nepastebi, kaip \u012fsivelia \u012f ne\u012ftik\u0117tin\u0173 situacij\u0173 ir keist\u0173 sutapim\u0173 kupin\u0105 detektyvin\u0119 istorij\u0105, privertusi\u0105 jas kapstytis po tamsias Sugertuko \u0161eimos paslaptis.<\/p>\n<p>\u201eJei Zos\u0117s nutikimai pirmoje knygoje dar dar tilpdavo \u012f sveiko proto ribas, tai \u0161itie jaunikio ie\u0161kojimo reikalai pranoko bet kokius kosminius l\u016bkes\u010dius. Knyga \u2013 saldainis humoro myl\u0117tojams. J\u0105 rijau nesivar\u017eydamas ir kvatojau nuo pirmo iki paskutinio puslapio! Beje, ie\u0161kan\u010dioms jaunikio \u2013 tai puikus gidas, kaip netapti Zose.&#8221;<\/p>\n<p>Saugirdas Vaitulionis<\/p>\n<p>\u017eurnalistas, komunikacijos agent\u016bros vadovas<\/p>\n<p>\u201eKokia laim\u0117, Zosei, kaip ir mums visiems, kartais nesiseka, o \u0161ioje knygoje jai nesiseka dar labiau nei mums. Tai viena t\u0173 ret\u0173 lietuvi\u0161k\u0173 autori\u0173 knyg\u0173, kuri priver\u010dia kvatoti ir kitaip pa\u017evelgti \u012f kasdienes problemas. Kiekvienas knygos sakinys \u2013 tarsi komedija, kuri pama\u017eu virsta detektyvu. Autor\u0117 sumaniai veda skaitytoj\u0105 nuo beproti\u0161ko ryto, kai i\u0161tek\u0117ti susiruo\u0161usi moteris pabunda tu\u0161\u010dioje lovoje, iki gudriai suregzto finalo. Ar jaunikis liks gyvas? Ar bus vestuv\u0117s? O kas ta valytoja Pani Marija?&#8221;<\/p>\n<p>Jurga Baltrukonyt\u0117,<\/p>\n","protected":false},"excerpt":{"rendered":"<p>Saldainis humoro myl\u0117tojams! O ie\u0161kan\u010dioms jaunikio \u2013 puikus gidas, kaip netapti Zose. Vien\u0105 ryt\u0105, prie\u0161 pat vestuves, Zos\u0117 suvokia \u2013 jos su\u017ead\u0117tinis negr\u012f\u017eo namo, o jo mobilus telefonas \u2013 u\u017e ry\u0161io zonos rib\u0173. Apimta negeros nuojautos ima kratyti jo daiktus ir aptinka m\u012fsling\u0105 meil\u0117s ra\u0161tel\u012f. Zos\u0117 suvokia, kad tur\u0117s savo b\u016bsim\u0105 vyr\u0105 surasti. Ir greitai! Panikos i\u0161tiktai Ilganosei \u012f pagalb\u0105 skuba gyvenimo u\u017egr\u016bdinta valytoja ir kalbanti su\u017ead\u0117tinio pap\u016bga. Veik\u0117jos net pa\u010dios nepastebi, kaip \u012fsivelia \u012f ne\u012ftik\u0117tin\u0173 situacij\u0173 ir keist\u0173 sutapim\u0173 kupin\u0105 detektyvin\u0119 istorij\u0105, privertusi\u0105 jas kapstytis po tamsias Sugertuko \u0161eimos paslaptis. \u201eJei Zos\u0117s nutikimai pirmoje knygoje dar dar tilpdavo \u012f sveiko proto ribas, tai \u0161itie jaunikio ie\u0161kojimo reikalai pranoko bet kokius kosminius l\u016bkes\u010dius. Knyga \u2013 saldainis humoro myl\u0117tojams. J\u0105 rijau nesivar\u017eydamas ir kvatojau nuo pirmo iki paskutinio puslapio! Beje, ie\u0161kan\u010dioms jaunikio \u2013 tai puikus gidas, kaip netapti Zose.&#8221; Saugirdas Vaitulionis \u017eurnalistas, komunikacijos agent\u016bros vadovas \u201eKokia laim\u0117, Zosei, kaip ir mums visiems, kartais nesiseka, o \u0161ioje knygoje jai nesiseka dar labiau nei mums. Tai viena t\u0173 ret\u0173 lietuvi\u0161k\u0173 autori\u0173 knyg\u0173, kuri priver\u010dia kvatoti ir kitaip pa\u017evelgti \u012f kasdienes problemas. Kiekvienas knygos sakinys \u2013 tarsi komedija, kuri pama\u017eu virsta detektyvu. Autor\u0117 sumaniai veda skaitytoj\u0105 nuo beproti\u0161ko ryto, kai i\u0161tek\u0117ti susiruo\u0161usi moteris pabunda tu\u0161\u010dioje lovoje, iki gudriai suregzto finalo. Ar jaunikis liks gyvas? Ar bus vestuv\u0117s? O kas ta valytoja Pani Marija?&#8221; Jurga Baltrukonyt\u0117,<\/p>\n","protected":false},"featured_media":18616,"comment_status":"open","ping_status":"closed","template":"","meta":{"_acf_changed":false,"site-sidebar-layout":"default","site-content-layout":"","ast-site-content-layout":"default","site-content-style":"default","site-sidebar-style":"default","ast-global-header-display":"","ast-banner-title-visibility":"","ast-main-header-display":"","ast-hfb-above-header-display":"","ast-hfb-below-header-display":"","ast-hfb-mobile-header-display":"","site-post-title":"","ast-breadcrumbs-content":"","ast-featured-img":"","footer-sml-layout":"","ast-disable-related-posts":"","theme-transparent-header-meta":"","adv-header-id-meta":"","stick-header-meta":"","header-above-stick-meta":"","header-main-stick-meta":"","header-below-stick-meta":"","astra-migrate-meta-layouts":"default","ast-page-background-enabled":"default","ast-page-background-meta":{"desktop":{"background-color":"","background-image":"","background-repeat":"repeat","background-position":"center center","background-size":"auto","background-attachment":"scroll","background-type":"","background-media":"","overlay-type":"","overlay-color":"","overlay-opacity":"","overlay-gradient":""},"tablet":{"background-color":"","background-image":"","background-repeat":"repeat","background-position":"center center","background-size":"auto","background-attachment":"scroll","background-type":"","background-media":"","overlay-type":"","overlay-color":"","overlay-opacity":"","overlay-gradient":""},"mobile":{"background-color":"","background-image":"","background-repeat":"repeat","background-position":"center center","background-size":"auto","background-attachment":"scroll","background-type":"","background-media":"","overlay-type":"","overlay-color":"","overlay-opacity":"","overlay-gradient":""}},"ast-content-background-meta":{"desktop":{"background-color":"var(--ast-global-color-4)","background-image":"","background-repeat":"repeat","background-position":"center center","background-size":"auto","background-attachment":"scroll","background-type":"","background-media":"","overlay-type":"","overlay-color":"","overlay-opacity":"","overlay-gradient":""},"tablet":{"background-color":"var(--ast-global-color-4)","background-image":"","background-repeat":"repeat","background-position":"center center","background-size":"auto","background-attachment":"scroll","background-type":"","background-media":"","overlay-type":"","overlay-color":"","overlay-opacity":"","overlay-gradient":""},"mobile":{"background-color":"var(--ast-global-color-4)","background-image":"","background-repeat":"repeat","background-position":"center center","background-size":"auto","background-attachment":"scroll","background-type":"","background-media":"","overlay-type":"","overlay-color":"","overlay-opacity":"","overlay-gradient":""}}},"product_brand":[],"product_cat":[15],"product_tag":[4619,1476,1980,4620,1744],"class_list":{"0":"post-18575","1":"product","2":"type-product","3":"status-publish","4":"has-post-thumbnail","6":"product_cat-uncategorized","7":"product_tag-agne-pacekaje","8":"product_tag-detektyvas","9":"product_tag-humoras","10":"product_tag-jaunikis","11":"product_tag-lietuviu-literatura","12":"desktop-align-left","13":"tablet-align-left","14":"mobile-align-left","16":"first","17":"instock","18":"shipping-taxable","19":"purchasable","20":"product-type-simple"},"acf":[],"yoast_head":"<!-- This site is optimized with the Yoast SEO plugin v27.0 - https:\/\/yoast.com\/product\/yoast-seo-wordpress\/ -->\n<title>Dingusio jauniko paslaptis<\/title>\n<meta name=\"description\" content=\"Saldainis humoro myl\u0117tojams! O ie\u0161kan\u010dioms jaunikio \u2013 puikus gidas, kaip netapti Zose. Vien\u0105 ryt\u0105, prie\u0161 pat vestuves, Zos\u0117 suvokia \u2013 jos su\u017ead\u0117tinis\" \/>\n<meta name=\"robots\" content=\"index, follow, max-snippet:-1, max-image-preview:large, max-video-preview:-1\" \/>\n<link rel=\"canonical\" href=\"https:\/\/skaitytaknyga.lt\/en\/produktas\/dingusio-jauniko-paslaptis\/\" \/>\n<meta property=\"og:locale\" content=\"en_GB\" \/>\n<meta property=\"og:locale:alternate\" content=\"lt_LT\" \/>\n<meta property=\"og:type\" content=\"article\" \/>\n<meta property=\"og:title\" content=\"Dingusio jauniko paslaptis\" \/>\n<meta property=\"og:description\" content=\"Saldainis humoro myl\u0117tojams! O ie\u0161kan\u010dioms jaunikio \u2013 puikus gidas, kaip netapti Zose. Vien\u0105 ryt\u0105, prie\u0161 pat vestuves, Zos\u0117 suvokia \u2013 jos su\u017ead\u0117tinis\" \/>\n<meta property=\"og:url\" content=\"https:\/\/skaitytaknyga.lt\/en\/produktas\/dingusio-jauniko-paslaptis\/\" \/>\n<meta property=\"og:site_name\" content=\"Skaitytaknyga\" \/>\n<meta property=\"article:publisher\" content=\"https:\/\/www.facebook.com\/skaitytaknyga\/\" \/>\n<meta property=\"article:modified_time\" content=\"2025-05-28T10:22:05+00:00\" \/>\n<meta property=\"og:image\" content=\"https:\/\/skaitytaknyga.lt\/wp-content\/uploads\/2025\/05\/Dingusio-jaunikio-paslaptis.webp\" \/>\n\t<meta property=\"og:image:width\" content=\"243\" \/>\n\t<meta property=\"og:image:height\" content=\"398\" \/>\n\t<meta property=\"og:image:type\" content=\"image\/webp\" \/>\n<meta name=\"twitter:card\" content=\"summary_large_image\" \/>\n<meta name=\"twitter:label1\" content=\"Estimated reading time\" \/>\n\t<meta name=\"twitter:data1\" content=\"1 minute\" \/>\n<script type=\"application\/ld+json\" class=\"yoast-schema-graph\">{\"@context\":\"https:\/\/schema.org\",\"@graph\":[{\"@type\":\"WebPage\",\"@id\":\"https:\/\/skaitytaknyga.lt\/produktas\/dingusio-jauniko-paslaptis\/\",\"url\":\"https:\/\/skaitytaknyga.lt\/produktas\/dingusio-jauniko-paslaptis\/\",\"name\":\"Dingusio jauniko paslaptis\",\"isPartOf\":{\"@id\":\"https:\/\/skaitytaknyga.lt\/#website\"},\"primaryImageOfPage\":{\"@id\":\"https:\/\/skaitytaknyga.lt\/produktas\/dingusio-jauniko-paslaptis\/#primaryimage\"},\"image\":{\"@id\":\"https:\/\/skaitytaknyga.lt\/produktas\/dingusio-jauniko-paslaptis\/#primaryimage\"},\"thumbnailUrl\":\"https:\/\/skaitytaknyga.lt\/wp-content\/uploads\/2025\/05\/Dingusio-jaunikio-paslaptis.webp\",\"datePublished\":\"2025-05-28T06:32:23+00:00\",\"dateModified\":\"2025-05-28T10:22:05+00:00\",\"description\":\"Saldainis humoro myl\u0117tojams! O ie\u0161kan\u010dioms jaunikio \u2013 puikus gidas, kaip netapti Zose. Vien\u0105 ryt\u0105, prie\u0161 pat vestuves, Zos\u0117 suvokia \u2013 jos su\u017ead\u0117tinis\",\"breadcrumb\":{\"@id\":\"https:\/\/skaitytaknyga.lt\/produktas\/dingusio-jauniko-paslaptis\/#breadcrumb\"},\"inLanguage\":\"en-GB\",\"potentialAction\":[{\"@type\":\"ReadAction\",\"target\":[\"https:\/\/skaitytaknyga.lt\/produktas\/dingusio-jauniko-paslaptis\/\"]}]},{\"@type\":\"ImageObject\",\"inLanguage\":\"en-GB\",\"@id\":\"https:\/\/skaitytaknyga.lt\/produktas\/dingusio-jauniko-paslaptis\/#primaryimage\",\"url\":\"https:\/\/skaitytaknyga.lt\/wp-content\/uploads\/2025\/05\/Dingusio-jaunikio-paslaptis.webp\",\"contentUrl\":\"https:\/\/skaitytaknyga.lt\/wp-content\/uploads\/2025\/05\/Dingusio-jaunikio-paslaptis.webp\",\"width\":243,\"height\":398,\"caption\":\"Dingusio jaunikio paslaptis\"},{\"@type\":\"BreadcrumbList\",\"@id\":\"https:\/\/skaitytaknyga.lt\/produktas\/dingusio-jauniko-paslaptis\/#breadcrumb\",\"itemListElement\":[{\"@type\":\"ListItem\",\"position\":1,\"name\":\"Home\",\"item\":\"https:\/\/skaitytaknyga.lt\/\"},{\"@type\":\"ListItem\",\"position\":2,\"name\":\"Parduotuv\u0117\",\"item\":\"https:\/\/skaitytaknyga.lt\/knygu-parduotuve\/\"},{\"@type\":\"ListItem\",\"position\":3,\"name\":\"Dingusio jauniko paslaptis\"}]},{\"@type\":\"WebSite\",\"@id\":\"https:\/\/skaitytaknyga.lt\/#website\",\"url\":\"https:\/\/skaitytaknyga.lt\/\",\"name\":\"skaitytaknyga.lt\",\"description\":\"Skaitytaknyga.lt \u2013 tai ma\u017eas \u0161eimos verslas, kuris prasid\u0117jo nuo meil\u0117s knygoms ir siekio i\u0161gelb\u0117ti knygas nuo likimo prie konteinerio. Kas vienam nereikalingas daiktas \u2013 kitam lobis, o mes esame tarpininkai, kurie padeda abiems tapti laimingesniems ???? \u017dinome kaip nelengva i\u0161gyventi ma\u017eiems verslams, tad nuo \u0161iol, \u010dia rasite ir kit\u0173, ma\u017e\u0173 \u0161eim\u0173 versl\u0173, rank\u0173 darbo, dovan\u0173 sau ir artimiesiems.\",\"publisher\":{\"@id\":\"https:\/\/skaitytaknyga.lt\/#organization\"},\"potentialAction\":[{\"@type\":\"SearchAction\",\"target\":{\"@type\":\"EntryPoint\",\"urlTemplate\":\"https:\/\/skaitytaknyga.lt\/?s={search_term_string}\"},\"query-input\":{\"@type\":\"PropertyValueSpecification\",\"valueRequired\":true,\"valueName\":\"search_term_string\"}}],\"inLanguage\":\"en-GB\"},{\"@type\":\"Organization\",\"@id\":\"https:\/\/skaitytaknyga.lt\/#organization\",\"name\":\"skaitytaknyga.lt\",\"url\":\"https:\/\/skaitytaknyga.lt\/\",\"logo\":{\"@type\":\"ImageObject\",\"inLanguage\":\"en-GB\",\"@id\":\"https:\/\/skaitytaknyga.lt\/#\/schema\/logo\/image\/\",\"url\":\"https:\/\/skaitytaknyga.lt\/wp-content\/uploads\/2024\/05\/cropped-cropped-cropped-02_00843_jt3bggkj1j3HLc7SyY6rEUpg.jpeg\",\"contentUrl\":\"https:\/\/skaitytaknyga.lt\/wp-content\/uploads\/2024\/05\/cropped-cropped-cropped-02_00843_jt3bggkj1j3HLc7SyY6rEUpg.jpeg\",\"width\":1600,\"height\":1600,\"caption\":\"skaitytaknyga.lt\"},\"image\":{\"@id\":\"https:\/\/skaitytaknyga.lt\/#\/schema\/logo\/image\/\"},\"sameAs\":[\"https:\/\/www.facebook.com\/skaitytaknyga\/\"]}]}<\/script>\n<!-- \/ Yoast SEO plugin. -->","yoast_head_json":{"title":"Dingusio jauniko paslaptis","description":"Saldainis humoro myl\u0117tojams! O ie\u0161kan\u010dioms jaunikio \u2013 puikus gidas, kaip netapti Zose. Vien\u0105 ryt\u0105, prie\u0161 pat vestuves, Zos\u0117 suvokia \u2013 jos su\u017ead\u0117tinis","robots":{"index":"index","follow":"follow","max-snippet":"max-snippet:-1","max-image-preview":"max-image-preview:large","max-video-preview":"max-video-preview:-1"},"canonical":"https:\/\/skaitytaknyga.lt\/en\/produktas\/dingusio-jauniko-paslaptis\/","og_locale":"en_GB","og_type":"article","og_title":"[:lt]Dingusio jauniko paslaptis[:] - Skaitytaknyga","og_description":"Saldainis humoro myl\u0117tojams! O ie\u0161kan\u010dioms jaunikio \u2013 puikus gidas, kaip netapti Zose. Vien\u0105 ryt\u0105, prie\u0161 pat vestuves, Zos\u0117 suvokia \u2013 jos su\u017ead\u0117tinis","og_url":"https:\/\/skaitytaknyga.lt\/en\/produktas\/dingusio-jauniko-paslaptis\/","og_site_name":"Skaitytaknyga","article_publisher":"https:\/\/www.facebook.com\/skaitytaknyga\/","article_modified_time":"2025-05-28T10:22:05+00:00","og_image":[{"width":243,"height":398,"url":"https:\/\/skaitytaknyga.lt\/wp-content\/uploads\/2025\/05\/Dingusio-jaunikio-paslaptis.webp","type":"image\/webp"}],"twitter_card":"summary_large_image","twitter_misc":{"Estimated reading time":"1 minute"},"schema":{"@context":"https:\/\/schema.org","@graph":[{"@type":"WebPage","@id":"https:\/\/skaitytaknyga.lt\/produktas\/dingusio-jauniko-paslaptis\/","url":"https:\/\/skaitytaknyga.lt\/produktas\/dingusio-jauniko-paslaptis\/","name":"Dingusio jauniko paslaptis","isPartOf":{"@id":"https:\/\/skaitytaknyga.lt\/#website"},"primaryImageOfPage":{"@id":"https:\/\/skaitytaknyga.lt\/produktas\/dingusio-jauniko-paslaptis\/#primaryimage"},"image":{"@id":"https:\/\/skaitytaknyga.lt\/produktas\/dingusio-jauniko-paslaptis\/#primaryimage"},"thumbnailUrl":"https:\/\/skaitytaknyga.lt\/wp-content\/uploads\/2025\/05\/Dingusio-jaunikio-paslaptis.webp","datePublished":"2025-05-28T06:32:23+00:00","dateModified":"2025-05-28T10:22:05+00:00","description":"Saldainis humoro myl\u0117tojams! O ie\u0161kan\u010dioms jaunikio \u2013 puikus gidas, kaip netapti Zose. Vien\u0105 ryt\u0105, prie\u0161 pat vestuves, Zos\u0117 suvokia \u2013 jos su\u017ead\u0117tinis","breadcrumb":{"@id":"https:\/\/skaitytaknyga.lt\/produktas\/dingusio-jauniko-paslaptis\/#breadcrumb"},"inLanguage":"en-GB","potentialAction":[{"@type":"ReadAction","target":["https:\/\/skaitytaknyga.lt\/produktas\/dingusio-jauniko-paslaptis\/"]}]},{"@type":"ImageObject","inLanguage":"en-GB","@id":"https:\/\/skaitytaknyga.lt\/produktas\/dingusio-jauniko-paslaptis\/#primaryimage","url":"https:\/\/skaitytaknyga.lt\/wp-content\/uploads\/2025\/05\/Dingusio-jaunikio-paslaptis.webp","contentUrl":"https:\/\/skaitytaknyga.lt\/wp-content\/uploads\/2025\/05\/Dingusio-jaunikio-paslaptis.webp","width":243,"height":398,"caption":"Dingusio jaunikio paslaptis"},{"@type":"BreadcrumbList","@id":"https:\/\/skaitytaknyga.lt\/produktas\/dingusio-jauniko-paslaptis\/#breadcrumb","itemListElement":[{"@type":"ListItem","position":1,"name":"Home","item":"https:\/\/skaitytaknyga.lt\/"},{"@type":"ListItem","position":2,"name":"Parduotuv\u0117","item":"https:\/\/skaitytaknyga.lt\/knygu-parduotuve\/"},{"@type":"ListItem","position":3,"name":"Dingusio jauniko paslaptis"}]},{"@type":"WebSite","@id":"https:\/\/skaitytaknyga.lt\/#website","url":"https:\/\/skaitytaknyga.lt\/","name":"skaitytaknyga.lt","description":"Skaitytaknyga.lt \u2013 tai ma\u017eas \u0161eimos verslas, kuris prasid\u0117jo nuo meil\u0117s knygoms ir siekio i\u0161gelb\u0117ti knygas nuo likimo prie konteinerio. Kas vienam nereikalingas daiktas \u2013 kitam lobis, o mes esame tarpininkai, kurie padeda abiems tapti laimingesniems ???? \u017dinome kaip nelengva i\u0161gyventi ma\u017eiems verslams, tad nuo \u0161iol, \u010dia rasite ir kit\u0173, ma\u017e\u0173 \u0161eim\u0173 versl\u0173, rank\u0173 darbo, dovan\u0173 sau ir artimiesiems.","publisher":{"@id":"https:\/\/skaitytaknyga.lt\/#organization"},"potentialAction":[{"@type":"SearchAction","target":{"@type":"EntryPoint","urlTemplate":"https:\/\/skaitytaknyga.lt\/?s={search_term_string}"},"query-input":{"@type":"PropertyValueSpecification","valueRequired":true,"valueName":"search_term_string"}}],"inLanguage":"en-GB"},{"@type":"Organization","@id":"https:\/\/skaitytaknyga.lt\/#organization","name":"skaitytaknyga.lt","url":"https:\/\/skaitytaknyga.lt\/","logo":{"@type":"ImageObject","inLanguage":"en-GB","@id":"https:\/\/skaitytaknyga.lt\/#\/schema\/logo\/image\/","url":"https:\/\/skaitytaknyga.lt\/wp-content\/uploads\/2024\/05\/cropped-cropped-cropped-02_00843_jt3bggkj1j3HLc7SyY6rEUpg.jpeg","contentUrl":"https:\/\/skaitytaknyga.lt\/wp-content\/uploads\/2024\/05\/cropped-cropped-cropped-02_00843_jt3bggkj1j3HLc7SyY6rEUpg.jpeg","width":1600,"height":1600,"caption":"skaitytaknyga.lt"},"image":{"@id":"https:\/\/skaitytaknyga.lt\/#\/schema\/logo\/image\/"},"sameAs":["https:\/\/www.facebook.com\/skaitytaknyga\/"]}]}},"_links":{"self":[{"href":"https:\/\/skaitytaknyga.lt\/en\/wp-json\/wp\/v2\/product\/18575","targetHints":{"allow":["GET"]}}],"collection":[{"href":"https:\/\/skaitytaknyga.lt\/en\/wp-json\/wp\/v2\/product"}],"about":[{"href":"https:\/\/skaitytaknyga.lt\/en\/wp-json\/wp\/v2\/types\/product"}],"replies":[{"embeddable":true,"href":"https:\/\/skaitytaknyga.lt\/en\/wp-json\/wp\/v2\/comments?post=18575"}],"wp:featuredmedia":[{"embeddable":true,"href":"https:\/\/skaitytaknyga.lt\/en\/wp-json\/wp\/v2\/media\/18616"}],"wp:attachment":[{"href":"https:\/\/skaitytaknyga.lt\/en\/wp-json\/wp\/v2\/media?parent=18575"}],"wp:term":[{"taxonomy":"product_brand","embeddable":true,"href":"https:\/\/skaitytaknyga.lt\/en\/wp-json\/wp\/v2\/product_brand?post=18575"},{"taxonomy":"product_cat","embeddable":true,"href":"https:\/\/skaitytaknyga.lt\/en\/wp-json\/wp\/v2\/product_cat?post=18575"},{"taxonomy":"product_tag","embeddable":true,"href":"https:\/\/skaitytaknyga.lt\/en\/wp-json\/wp\/v2\/product_tag?post=18575"}],"curies":[{"name":"wp","href":"https:\/\/api.w.org\/{rel}","templated":true}]}}