{"id":18574,"date":"2025-05-28T09:32:23","date_gmt":"2025-05-28T06:32:23","guid":{"rendered":"https:\/\/skaitytaknyga.lt\/?post_type=product&#038;p=18574"},"modified":"2025-05-28T13:22:05","modified_gmt":"2025-05-28T10:22:05","slug":"mylincios-moterys","status":"publish","type":"product","link":"https:\/\/skaitytaknyga.lt\/en\/produktas\/mylincios-moterys\/","title":{"rendered":"Mylin\u010dios moterys"},"content":{"rendered":"<p>Ma\u017eame kalnakasi\u0173 miestelyje Anglijos viduryje seserys Gudr\u016bna ir Ursula siuvin\u0117ja ir svarsto, ar nor\u0117t\u0173 i\u0161tek\u0117ti. Netrukus svajotoja Ursula \u012fsimyli intelektual\u0105 Rupert\u0105. Ji visa atsiduoda meilei, kuri virsta gyvenimo pagrindu. Pragmati\u0161koji Gudr\u016bna tampa pramon\u0117s magnato D\u017eeraldo mylim\u0105ja, ta\u010diau stengiasi nepamesti galvos. Vyro ir moters ry\u0161ys jai atrodo tarsi laisv\u0119 suvar\u017eantis jungas. Keturi draugai i\u0161keliauja per karo nuvargint\u0105 Europ\u0105 atostog\u0173 \u012f Alpes, o ten nutinka katastrofa&#8230;<\/p>\n<p>Apie autori\u0173<\/p>\n<p>D. H. Lawrence\u2019as \u2013 vienas i\u0161kiliausi\u0173 ir prie\u0161taringiausi\u0173 XX a. brit\u0173 ra\u0161ytoj\u0173. Jis i\u0161k\u0117l\u0117 meil\u0119 kaip svarbiausi\u0105 kuriam\u0105j\u0105 j\u0117g\u0105, neveng\u0117 vaizduoti atvir\u0173 intymaus gyvenimo scen\u0173 ir \u012fvairiausi\u0173 meil\u0117s form\u0173, tod\u0117l \u0161okiravo sant\u016bri\u0105 to meto visuomen\u0119.<\/p>\n","protected":false},"excerpt":{"rendered":"<p>Ma\u017eame kalnakasi\u0173 miestelyje Anglijos viduryje seserys Gudr\u016bna ir Ursula siuvin\u0117ja ir svarsto, ar nor\u0117t\u0173 i\u0161tek\u0117ti. Netrukus svajotoja Ursula \u012fsimyli intelektual\u0105 Rupert\u0105. Ji visa atsiduoda meilei, kuri virsta gyvenimo pagrindu. Pragmati\u0161koji Gudr\u016bna tampa pramon\u0117s magnato D\u017eeraldo mylim\u0105ja, ta\u010diau stengiasi nepamesti galvos. Vyro ir moters ry\u0161ys jai atrodo tarsi laisv\u0119 suvar\u017eantis jungas. Keturi draugai i\u0161keliauja per karo nuvargint\u0105 Europ\u0105 atostog\u0173 \u012f Alpes, o ten nutinka katastrofa&#8230; Apie autori\u0173 D. H. Lawrence\u2019as \u2013 vienas i\u0161kiliausi\u0173 ir prie\u0161taringiausi\u0173 XX a. brit\u0173 ra\u0161ytoj\u0173. Jis i\u0161k\u0117l\u0117 meil\u0119 kaip svarbiausi\u0105 kuriam\u0105j\u0105 j\u0117g\u0105, neveng\u0117 vaizduoti atvir\u0173 intymaus gyvenimo scen\u0173 ir \u012fvairiausi\u0173 meil\u0117s form\u0173, tod\u0117l \u0161okiravo sant\u016bri\u0105 to meto visuomen\u0119.<\/p>\n","protected":false},"featured_media":18618,"comment_status":"open","ping_status":"closed","template":"","meta":{"_acf_changed":false,"site-sidebar-layout":"default","site-content-layout":"","ast-site-content-layout":"default","site-content-style":"default","site-sidebar-style":"default","ast-global-header-display":"","ast-banner-title-visibility":"","ast-main-header-display":"","ast-hfb-above-header-display":"","ast-hfb-below-header-display":"","ast-hfb-mobile-header-display":"","site-post-title":"","ast-breadcrumbs-content":"","ast-featured-img":"","footer-sml-layout":"","ast-disable-related-posts":"","theme-transparent-header-meta":"","adv-header-id-meta":"","stick-header-meta":"","header-above-stick-meta":"","header-main-stick-meta":"","header-below-stick-meta":"","astra-migrate-meta-layouts":"default","ast-page-background-enabled":"default","ast-page-background-meta":{"desktop":{"background-color":"","background-image":"","background-repeat":"repeat","background-position":"center center","background-size":"auto","background-attachment":"scroll","background-type":"","background-media":"","overlay-type":"","overlay-color":"","overlay-opacity":"","overlay-gradient":""},"tablet":{"background-color":"","background-image":"","background-repeat":"repeat","background-position":"center center","background-size":"auto","background-attachment":"scroll","background-type":"","background-media":"","overlay-type":"","overlay-color":"","overlay-opacity":"","overlay-gradient":""},"mobile":{"background-color":"","background-image":"","background-repeat":"repeat","background-position":"center center","background-size":"auto","background-attachment":"scroll","background-type":"","background-media":"","overlay-type":"","overlay-color":"","overlay-opacity":"","overlay-gradient":""}},"ast-content-background-meta":{"desktop":{"background-color":"var(--ast-global-color-4)","background-image":"","background-repeat":"repeat","background-position":"center center","background-size":"auto","background-attachment":"scroll","background-type":"","background-media":"","overlay-type":"","overlay-color":"","overlay-opacity":"","overlay-gradient":""},"tablet":{"background-color":"var(--ast-global-color-4)","background-image":"","background-repeat":"repeat","background-position":"center center","background-size":"auto","background-attachment":"scroll","background-type":"","background-media":"","overlay-type":"","overlay-color":"","overlay-opacity":"","overlay-gradient":""},"mobile":{"background-color":"var(--ast-global-color-4)","background-image":"","background-repeat":"repeat","background-position":"center center","background-size":"auto","background-attachment":"scroll","background-type":"","background-media":"","overlay-type":"","overlay-color":"","overlay-opacity":"","overlay-gradient":""}}},"product_brand":[],"product_cat":[15],"product_tag":[2392,3943,1796,2582,3379],"class_list":{"0":"post-18574","1":"product","2":"type-product","3":"status-publish","4":"has-post-thumbnail","6":"product_cat-uncategorized","7":"product_tag-britu-literatura","8":"product_tag-d-h-lawrence","9":"product_tag-meile","10":"product_tag-moterys","11":"product_tag-xx-a","12":"desktop-align-left","13":"tablet-align-left","14":"mobile-align-left","16":"first","17":"instock","18":"shipping-taxable","19":"purchasable","20":"product-type-simple"},"acf":[],"yoast_head":"<!-- This site is optimized with the Yoast SEO plugin v27.0 - https:\/\/yoast.com\/product\/yoast-seo-wordpress\/ -->\n<title>Mylin\u010dios moterys<\/title>\n<meta name=\"description\" content=\"Ma\u017eame kalnakasi\u0173 miestelyje Anglijos viduryje seserys Gudr\u016bna ir Ursula siuvin\u0117ja ir svarsto, ar nor\u0117t\u0173 i\u0161tek\u0117ti. Netrukus svajotoja Ursula \u012fsimyli\" \/>\n<meta name=\"robots\" content=\"index, follow, max-snippet:-1, max-image-preview:large, max-video-preview:-1\" \/>\n<link rel=\"canonical\" href=\"https:\/\/skaitytaknyga.lt\/en\/produktas\/mylincios-moterys\/\" \/>\n<meta property=\"og:locale\" content=\"en_GB\" \/>\n<meta property=\"og:locale:alternate\" content=\"lt_LT\" \/>\n<meta property=\"og:type\" content=\"article\" \/>\n<meta property=\"og:title\" content=\"Mylin\u010dios moterys\" \/>\n<meta property=\"og:description\" content=\"Ma\u017eame kalnakasi\u0173 miestelyje Anglijos viduryje seserys Gudr\u016bna ir Ursula siuvin\u0117ja ir svarsto, ar nor\u0117t\u0173 i\u0161tek\u0117ti. Netrukus svajotoja Ursula \u012fsimyli\" \/>\n<meta property=\"og:url\" content=\"https:\/\/skaitytaknyga.lt\/en\/produktas\/mylincios-moterys\/\" \/>\n<meta property=\"og:site_name\" content=\"Skaitytaknyga\" \/>\n<meta property=\"article:publisher\" content=\"https:\/\/www.facebook.com\/skaitytaknyga\/\" \/>\n<meta property=\"article:modified_time\" content=\"2025-05-28T10:22:05+00:00\" \/>\n<meta property=\"og:image\" content=\"https:\/\/skaitytaknyga.lt\/wp-content\/uploads\/2025\/05\/Mylincios-moterys.webp\" \/>\n\t<meta property=\"og:image:width\" content=\"526\" \/>\n\t<meta property=\"og:image:height\" content=\"801\" \/>\n\t<meta property=\"og:image:type\" content=\"image\/webp\" \/>\n<meta name=\"twitter:card\" content=\"summary_large_image\" \/>\n<meta name=\"twitter:label1\" content=\"Estimated reading time\" \/>\n\t<meta name=\"twitter:data1\" content=\"1 minute\" \/>\n<script type=\"application\/ld+json\" class=\"yoast-schema-graph\">{\"@context\":\"https:\/\/schema.org\",\"@graph\":[{\"@type\":\"WebPage\",\"@id\":\"https:\/\/skaitytaknyga.lt\/produktas\/mylincios-moterys\/\",\"url\":\"https:\/\/skaitytaknyga.lt\/produktas\/mylincios-moterys\/\",\"name\":\"Mylin\u010dios moterys\",\"isPartOf\":{\"@id\":\"https:\/\/skaitytaknyga.lt\/#website\"},\"primaryImageOfPage\":{\"@id\":\"https:\/\/skaitytaknyga.lt\/produktas\/mylincios-moterys\/#primaryimage\"},\"image\":{\"@id\":\"https:\/\/skaitytaknyga.lt\/produktas\/mylincios-moterys\/#primaryimage\"},\"thumbnailUrl\":\"https:\/\/skaitytaknyga.lt\/wp-content\/uploads\/2025\/05\/Mylincios-moterys.webp\",\"datePublished\":\"2025-05-28T06:32:23+00:00\",\"dateModified\":\"2025-05-28T10:22:05+00:00\",\"description\":\"Ma\u017eame kalnakasi\u0173 miestelyje Anglijos viduryje seserys Gudr\u016bna ir Ursula siuvin\u0117ja ir svarsto, ar nor\u0117t\u0173 i\u0161tek\u0117ti. Netrukus svajotoja Ursula \u012fsimyli\",\"breadcrumb\":{\"@id\":\"https:\/\/skaitytaknyga.lt\/produktas\/mylincios-moterys\/#breadcrumb\"},\"inLanguage\":\"en-GB\",\"potentialAction\":[{\"@type\":\"ReadAction\",\"target\":[\"https:\/\/skaitytaknyga.lt\/produktas\/mylincios-moterys\/\"]}]},{\"@type\":\"ImageObject\",\"inLanguage\":\"en-GB\",\"@id\":\"https:\/\/skaitytaknyga.lt\/produktas\/mylincios-moterys\/#primaryimage\",\"url\":\"https:\/\/skaitytaknyga.lt\/wp-content\/uploads\/2025\/05\/Mylincios-moterys.webp\",\"contentUrl\":\"https:\/\/skaitytaknyga.lt\/wp-content\/uploads\/2025\/05\/Mylincios-moterys.webp\",\"width\":526,\"height\":801,\"caption\":\"Mylin\u010dios moterys\"},{\"@type\":\"BreadcrumbList\",\"@id\":\"https:\/\/skaitytaknyga.lt\/produktas\/mylincios-moterys\/#breadcrumb\",\"itemListElement\":[{\"@type\":\"ListItem\",\"position\":1,\"name\":\"Home\",\"item\":\"https:\/\/skaitytaknyga.lt\/\"},{\"@type\":\"ListItem\",\"position\":2,\"name\":\"Parduotuv\u0117\",\"item\":\"https:\/\/skaitytaknyga.lt\/knygu-parduotuve\/\"},{\"@type\":\"ListItem\",\"position\":3,\"name\":\"Mylin\u010dios moterys\"}]},{\"@type\":\"WebSite\",\"@id\":\"https:\/\/skaitytaknyga.lt\/#website\",\"url\":\"https:\/\/skaitytaknyga.lt\/\",\"name\":\"skaitytaknyga.lt\",\"description\":\"Skaitytaknyga.lt \u2013 tai ma\u017eas \u0161eimos verslas, kuris prasid\u0117jo nuo meil\u0117s knygoms ir siekio i\u0161gelb\u0117ti knygas nuo likimo prie konteinerio. Kas vienam nereikalingas daiktas \u2013 kitam lobis, o mes esame tarpininkai, kurie padeda abiems tapti laimingesniems ???? \u017dinome kaip nelengva i\u0161gyventi ma\u017eiems verslams, tad nuo \u0161iol, \u010dia rasite ir kit\u0173, ma\u017e\u0173 \u0161eim\u0173 versl\u0173, rank\u0173 darbo, dovan\u0173 sau ir artimiesiems.\",\"publisher\":{\"@id\":\"https:\/\/skaitytaknyga.lt\/#organization\"},\"potentialAction\":[{\"@type\":\"SearchAction\",\"target\":{\"@type\":\"EntryPoint\",\"urlTemplate\":\"https:\/\/skaitytaknyga.lt\/?s={search_term_string}\"},\"query-input\":{\"@type\":\"PropertyValueSpecification\",\"valueRequired\":true,\"valueName\":\"search_term_string\"}}],\"inLanguage\":\"en-GB\"},{\"@type\":\"Organization\",\"@id\":\"https:\/\/skaitytaknyga.lt\/#organization\",\"name\":\"skaitytaknyga.lt\",\"url\":\"https:\/\/skaitytaknyga.lt\/\",\"logo\":{\"@type\":\"ImageObject\",\"inLanguage\":\"en-GB\",\"@id\":\"https:\/\/skaitytaknyga.lt\/#\/schema\/logo\/image\/\",\"url\":\"https:\/\/skaitytaknyga.lt\/wp-content\/uploads\/2024\/05\/cropped-cropped-cropped-02_00843_jt3bggkj1j3HLc7SyY6rEUpg.jpeg\",\"contentUrl\":\"https:\/\/skaitytaknyga.lt\/wp-content\/uploads\/2024\/05\/cropped-cropped-cropped-02_00843_jt3bggkj1j3HLc7SyY6rEUpg.jpeg\",\"width\":1600,\"height\":1600,\"caption\":\"skaitytaknyga.lt\"},\"image\":{\"@id\":\"https:\/\/skaitytaknyga.lt\/#\/schema\/logo\/image\/\"},\"sameAs\":[\"https:\/\/www.facebook.com\/skaitytaknyga\/\"]}]}<\/script>\n<!-- \/ Yoast SEO plugin. -->","yoast_head_json":{"title":"Mylin\u010dios moterys","description":"Ma\u017eame kalnakasi\u0173 miestelyje Anglijos viduryje seserys Gudr\u016bna ir Ursula siuvin\u0117ja ir svarsto, ar nor\u0117t\u0173 i\u0161tek\u0117ti. Netrukus svajotoja Ursula \u012fsimyli","robots":{"index":"index","follow":"follow","max-snippet":"max-snippet:-1","max-image-preview":"max-image-preview:large","max-video-preview":"max-video-preview:-1"},"canonical":"https:\/\/skaitytaknyga.lt\/en\/produktas\/mylincios-moterys\/","og_locale":"en_GB","og_type":"article","og_title":"[:lt]Mylin\u010dios moterys[:] - Skaitytaknyga","og_description":"Ma\u017eame kalnakasi\u0173 miestelyje Anglijos viduryje seserys Gudr\u016bna ir Ursula siuvin\u0117ja ir svarsto, ar nor\u0117t\u0173 i\u0161tek\u0117ti. Netrukus svajotoja Ursula \u012fsimyli","og_url":"https:\/\/skaitytaknyga.lt\/en\/produktas\/mylincios-moterys\/","og_site_name":"Skaitytaknyga","article_publisher":"https:\/\/www.facebook.com\/skaitytaknyga\/","article_modified_time":"2025-05-28T10:22:05+00:00","og_image":[{"width":526,"height":801,"url":"https:\/\/skaitytaknyga.lt\/wp-content\/uploads\/2025\/05\/Mylincios-moterys.webp","type":"image\/webp"}],"twitter_card":"summary_large_image","twitter_misc":{"Estimated reading time":"1 minute"},"schema":{"@context":"https:\/\/schema.org","@graph":[{"@type":"WebPage","@id":"https:\/\/skaitytaknyga.lt\/produktas\/mylincios-moterys\/","url":"https:\/\/skaitytaknyga.lt\/produktas\/mylincios-moterys\/","name":"Mylin\u010dios moterys","isPartOf":{"@id":"https:\/\/skaitytaknyga.lt\/#website"},"primaryImageOfPage":{"@id":"https:\/\/skaitytaknyga.lt\/produktas\/mylincios-moterys\/#primaryimage"},"image":{"@id":"https:\/\/skaitytaknyga.lt\/produktas\/mylincios-moterys\/#primaryimage"},"thumbnailUrl":"https:\/\/skaitytaknyga.lt\/wp-content\/uploads\/2025\/05\/Mylincios-moterys.webp","datePublished":"2025-05-28T06:32:23+00:00","dateModified":"2025-05-28T10:22:05+00:00","description":"Ma\u017eame kalnakasi\u0173 miestelyje Anglijos viduryje seserys Gudr\u016bna ir Ursula siuvin\u0117ja ir svarsto, ar nor\u0117t\u0173 i\u0161tek\u0117ti. Netrukus svajotoja Ursula \u012fsimyli","breadcrumb":{"@id":"https:\/\/skaitytaknyga.lt\/produktas\/mylincios-moterys\/#breadcrumb"},"inLanguage":"en-GB","potentialAction":[{"@type":"ReadAction","target":["https:\/\/skaitytaknyga.lt\/produktas\/mylincios-moterys\/"]}]},{"@type":"ImageObject","inLanguage":"en-GB","@id":"https:\/\/skaitytaknyga.lt\/produktas\/mylincios-moterys\/#primaryimage","url":"https:\/\/skaitytaknyga.lt\/wp-content\/uploads\/2025\/05\/Mylincios-moterys.webp","contentUrl":"https:\/\/skaitytaknyga.lt\/wp-content\/uploads\/2025\/05\/Mylincios-moterys.webp","width":526,"height":801,"caption":"Mylin\u010dios moterys"},{"@type":"BreadcrumbList","@id":"https:\/\/skaitytaknyga.lt\/produktas\/mylincios-moterys\/#breadcrumb","itemListElement":[{"@type":"ListItem","position":1,"name":"Home","item":"https:\/\/skaitytaknyga.lt\/"},{"@type":"ListItem","position":2,"name":"Parduotuv\u0117","item":"https:\/\/skaitytaknyga.lt\/knygu-parduotuve\/"},{"@type":"ListItem","position":3,"name":"Mylin\u010dios moterys"}]},{"@type":"WebSite","@id":"https:\/\/skaitytaknyga.lt\/#website","url":"https:\/\/skaitytaknyga.lt\/","name":"skaitytaknyga.lt","description":"Skaitytaknyga.lt \u2013 tai ma\u017eas \u0161eimos verslas, kuris prasid\u0117jo nuo meil\u0117s knygoms ir siekio i\u0161gelb\u0117ti knygas nuo likimo prie konteinerio. Kas vienam nereikalingas daiktas \u2013 kitam lobis, o mes esame tarpininkai, kurie padeda abiems tapti laimingesniems ???? \u017dinome kaip nelengva i\u0161gyventi ma\u017eiems verslams, tad nuo \u0161iol, \u010dia rasite ir kit\u0173, ma\u017e\u0173 \u0161eim\u0173 versl\u0173, rank\u0173 darbo, dovan\u0173 sau ir artimiesiems.","publisher":{"@id":"https:\/\/skaitytaknyga.lt\/#organization"},"potentialAction":[{"@type":"SearchAction","target":{"@type":"EntryPoint","urlTemplate":"https:\/\/skaitytaknyga.lt\/?s={search_term_string}"},"query-input":{"@type":"PropertyValueSpecification","valueRequired":true,"valueName":"search_term_string"}}],"inLanguage":"en-GB"},{"@type":"Organization","@id":"https:\/\/skaitytaknyga.lt\/#organization","name":"skaitytaknyga.lt","url":"https:\/\/skaitytaknyga.lt\/","logo":{"@type":"ImageObject","inLanguage":"en-GB","@id":"https:\/\/skaitytaknyga.lt\/#\/schema\/logo\/image\/","url":"https:\/\/skaitytaknyga.lt\/wp-content\/uploads\/2024\/05\/cropped-cropped-cropped-02_00843_jt3bggkj1j3HLc7SyY6rEUpg.jpeg","contentUrl":"https:\/\/skaitytaknyga.lt\/wp-content\/uploads\/2024\/05\/cropped-cropped-cropped-02_00843_jt3bggkj1j3HLc7SyY6rEUpg.jpeg","width":1600,"height":1600,"caption":"skaitytaknyga.lt"},"image":{"@id":"https:\/\/skaitytaknyga.lt\/#\/schema\/logo\/image\/"},"sameAs":["https:\/\/www.facebook.com\/skaitytaknyga\/"]}]}},"_links":{"self":[{"href":"https:\/\/skaitytaknyga.lt\/en\/wp-json\/wp\/v2\/product\/18574","targetHints":{"allow":["GET"]}}],"collection":[{"href":"https:\/\/skaitytaknyga.lt\/en\/wp-json\/wp\/v2\/product"}],"about":[{"href":"https:\/\/skaitytaknyga.lt\/en\/wp-json\/wp\/v2\/types\/product"}],"replies":[{"embeddable":true,"href":"https:\/\/skaitytaknyga.lt\/en\/wp-json\/wp\/v2\/comments?post=18574"}],"wp:featuredmedia":[{"embeddable":true,"href":"https:\/\/skaitytaknyga.lt\/en\/wp-json\/wp\/v2\/media\/18618"}],"wp:attachment":[{"href":"https:\/\/skaitytaknyga.lt\/en\/wp-json\/wp\/v2\/media?parent=18574"}],"wp:term":[{"taxonomy":"product_brand","embeddable":true,"href":"https:\/\/skaitytaknyga.lt\/en\/wp-json\/wp\/v2\/product_brand?post=18574"},{"taxonomy":"product_cat","embeddable":true,"href":"https:\/\/skaitytaknyga.lt\/en\/wp-json\/wp\/v2\/product_cat?post=18574"},{"taxonomy":"product_tag","embeddable":true,"href":"https:\/\/skaitytaknyga.lt\/en\/wp-json\/wp\/v2\/product_tag?post=18574"}],"curies":[{"name":"wp","href":"https:\/\/api.w.org\/{rel}","templated":true}]}}