{"id":18570,"date":"2025-05-28T09:32:22","date_gmt":"2025-05-28T06:32:22","guid":{"rendered":"https:\/\/skaitytaknyga.lt\/?post_type=product&#038;p=18570"},"modified":"2026-02-28T12:19:23","modified_gmt":"2026-02-28T10:19:23","slug":"anapus-uzdaru-duru","status":"publish","type":"product","link":"https:\/\/skaitytaknyga.lt\/en\/produktas\/anapus-uzdaru-duru\/","title":{"rendered":"Anapus u\u017edar\u0173 dur\u0173"},"content":{"rendered":"<p>D\u017eekas \u2013 i\u0161vaizdus, talentingas advokatas, mylintis sutuoktinis.<\/p>\n<p>Greis\u0117 \u2013 \u017eavinga, ideali nam\u0173 \u0161eiminink\u0117. Belaisv\u0117.<\/p>\n<p>Visi pa\u017e\u012fsta toki\u0173 por\u0173 kaip D\u017eekas ir Greis\u0117. Jis \u2013 patrauklus ir turtingas, ji \u2013 \u017eavi ir eleganti\u0161ka. Juos pam\u0117gstate tarsi neju\u010dia, net visai to nenor\u0117dami. Mielai artimiau susipa\u017eintum\u0117te su Greise.<br \/>\nBet tai nelengva. Mat, kaip netrukus \u012fsitikinsite, jie visada b\u016bna kartu. Kai kas gal pavadint\u0173 tai tikra meile. Bet kiti galb\u016bt imt\u0173si svarstyti, kod\u0117l Greis\u0117 niekad neatsiliepia telefonu. Kod\u0117l negali susitikti su draug\u0117mis kavos, nelydima D\u017eeko. Ir kod\u0117l ant vieno miegamojo lango \u012ftaisytos grotos. Kartais tobula santuoka yra tobulas melas.<\/p>\n","protected":false},"excerpt":{"rendered":"<p>D\u017eekas \u2013 i\u0161vaizdus, talentingas advokatas, mylintis sutuoktinis. Greis\u0117 \u2013 \u017eavinga, ideali nam\u0173 \u0161eiminink\u0117. Belaisv\u0117. Visi pa\u017e\u012fsta toki\u0173 por\u0173 kaip D\u017eekas ir Greis\u0117. Jis \u2013 patrauklus ir turtingas, ji \u2013 \u017eavi ir eleganti\u0161ka. Juos pam\u0117gstate tarsi neju\u010dia, net visai to nenor\u0117dami. Mielai artimiau susipa\u017eintum\u0117te su Greise. Bet tai nelengva. Mat, kaip netrukus \u012fsitikinsite, jie visada b\u016bna kartu. Kai kas gal pavadint\u0173 tai tikra meile. Bet kiti galb\u016bt imt\u0173si svarstyti, kod\u0117l Greis\u0117 niekad neatsiliepia telefonu. Kod\u0117l negali susitikti su draug\u0117mis kavos, nelydima D\u017eeko. Ir kod\u0117l ant vieno miegamojo lango \u012ftaisytos grotos. Kartais tobula santuoka yra tobulas melas.<\/p>\n","protected":false},"featured_media":18619,"comment_status":"open","ping_status":"closed","template":"","meta":{"_acf_changed":false,"site-sidebar-layout":"default","site-content-layout":"","ast-site-content-layout":"default","site-content-style":"default","site-sidebar-style":"default","ast-global-header-display":"","ast-banner-title-visibility":"","ast-main-header-display":"","ast-hfb-above-header-display":"","ast-hfb-below-header-display":"","ast-hfb-mobile-header-display":"","site-post-title":"","ast-breadcrumbs-content":"","ast-featured-img":"","footer-sml-layout":"","ast-disable-related-posts":"","theme-transparent-header-meta":"","adv-header-id-meta":"","stick-header-meta":"","header-above-stick-meta":"","header-main-stick-meta":"","header-below-stick-meta":"","astra-migrate-meta-layouts":"default","ast-page-background-enabled":"default","ast-page-background-meta":{"desktop":{"background-color":"","background-image":"","background-repeat":"repeat","background-position":"center center","background-size":"auto","background-attachment":"scroll","background-type":"","background-media":"","overlay-type":"","overlay-color":"","overlay-opacity":"","overlay-gradient":""},"tablet":{"background-color":"","background-image":"","background-repeat":"repeat","background-position":"center center","background-size":"auto","background-attachment":"scroll","background-type":"","background-media":"","overlay-type":"","overlay-color":"","overlay-opacity":"","overlay-gradient":""},"mobile":{"background-color":"","background-image":"","background-repeat":"repeat","background-position":"center center","background-size":"auto","background-attachment":"scroll","background-type":"","background-media":"","overlay-type":"","overlay-color":"","overlay-opacity":"","overlay-gradient":""}},"ast-content-background-meta":{"desktop":{"background-color":"var(--ast-global-color-4)","background-image":"","background-repeat":"repeat","background-position":"center center","background-size":"auto","background-attachment":"scroll","background-type":"","background-media":"","overlay-type":"","overlay-color":"","overlay-opacity":"","overlay-gradient":""},"tablet":{"background-color":"var(--ast-global-color-4)","background-image":"","background-repeat":"repeat","background-position":"center center","background-size":"auto","background-attachment":"scroll","background-type":"","background-media":"","overlay-type":"","overlay-color":"","overlay-opacity":"","overlay-gradient":""},"mobile":{"background-color":"var(--ast-global-color-4)","background-image":"","background-repeat":"repeat","background-position":"center center","background-size":"auto","background-attachment":"scroll","background-type":"","background-media":"","overlay-type":"","overlay-color":"","overlay-opacity":"","overlay-gradient":""}}},"product_brand":[],"product_cat":[31],"product_tag":[4617,4618,3704,2745,1587],"class_list":{"0":"post-18570","1":"product","2":"type-product","3":"status-publish","4":"has-post-thumbnail","6":"product_cat-grozine-literatura","7":"product_tag-b-a-paris","8":"product_tag-pavojingi-santykiai","9":"product_tag-psichologinis","10":"product_tag-santuoka","11":"product_tag-trileris","12":"desktop-align-left","13":"tablet-align-left","14":"mobile-align-left","16":"first","17":"outofstock","18":"shipping-taxable","19":"purchasable","20":"product-type-simple"},"acf":[],"yoast_head":"<!-- This site is optimized with the Yoast SEO plugin v27.0 - https:\/\/yoast.com\/product\/yoast-seo-wordpress\/ -->\n<title>Anapus u\u017edar\u0173 dur\u0173<\/title>\n<meta name=\"description\" content=\"D\u017eekas \u2013 i\u0161vaizdus, talentingas advokatas, mylintis sutuoktinis. Greis\u0117 \u2013 \u017eavinga, ideali nam\u0173 \u0161eiminink\u0117. Belaisv\u0117. Visi pa\u017e\u012fsta toki\u0173 por\u0173 kaip D\u017eekas\" \/>\n<meta name=\"robots\" content=\"index, follow, max-snippet:-1, max-image-preview:large, max-video-preview:-1\" \/>\n<link rel=\"canonical\" href=\"https:\/\/skaitytaknyga.lt\/en\/produktas\/anapus-uzdaru-duru\/\" \/>\n<meta property=\"og:locale\" content=\"en_GB\" \/>\n<meta property=\"og:locale:alternate\" content=\"lt_LT\" \/>\n<meta property=\"og:type\" content=\"article\" \/>\n<meta property=\"og:title\" content=\"Anapus u\u017edar\u0173 dur\u0173\" \/>\n<meta property=\"og:description\" content=\"D\u017eekas \u2013 i\u0161vaizdus, talentingas advokatas, mylintis sutuoktinis. Greis\u0117 \u2013 \u017eavinga, ideali nam\u0173 \u0161eiminink\u0117. Belaisv\u0117. Visi pa\u017e\u012fsta toki\u0173 por\u0173 kaip D\u017eekas\" \/>\n<meta property=\"og:url\" content=\"https:\/\/skaitytaknyga.lt\/en\/produktas\/anapus-uzdaru-duru\/\" \/>\n<meta property=\"og:site_name\" content=\"Skaitytaknyga\" \/>\n<meta property=\"article:publisher\" content=\"https:\/\/www.facebook.com\/skaitytaknyga\/\" \/>\n<meta property=\"article:modified_time\" content=\"2026-02-28T10:19:23+00:00\" \/>\n<meta property=\"og:image\" content=\"https:\/\/skaitytaknyga.lt\/wp-content\/uploads\/2025\/05\/Anapus-uzdaru-duru.webp\" \/>\n\t<meta property=\"og:image:width\" content=\"531\" \/>\n\t<meta property=\"og:image:height\" content=\"800\" \/>\n\t<meta property=\"og:image:type\" content=\"image\/webp\" \/>\n<meta name=\"twitter:card\" content=\"summary_large_image\" \/>\n<meta name=\"twitter:label1\" content=\"Estimated reading time\" \/>\n\t<meta name=\"twitter:data1\" content=\"1 minute\" \/>\n<script type=\"application\/ld+json\" class=\"yoast-schema-graph\">{\"@context\":\"https:\/\/schema.org\",\"@graph\":[{\"@type\":\"WebPage\",\"@id\":\"https:\/\/skaitytaknyga.lt\/produktas\/anapus-uzdaru-duru\/\",\"url\":\"https:\/\/skaitytaknyga.lt\/produktas\/anapus-uzdaru-duru\/\",\"name\":\"Anapus u\u017edar\u0173 dur\u0173\",\"isPartOf\":{\"@id\":\"https:\/\/skaitytaknyga.lt\/#website\"},\"primaryImageOfPage\":{\"@id\":\"https:\/\/skaitytaknyga.lt\/produktas\/anapus-uzdaru-duru\/#primaryimage\"},\"image\":{\"@id\":\"https:\/\/skaitytaknyga.lt\/produktas\/anapus-uzdaru-duru\/#primaryimage\"},\"thumbnailUrl\":\"https:\/\/skaitytaknyga.lt\/wp-content\/uploads\/2025\/05\/Anapus-uzdaru-duru.webp\",\"datePublished\":\"2025-05-28T06:32:22+00:00\",\"dateModified\":\"2026-02-28T10:19:23+00:00\",\"description\":\"D\u017eekas \u2013 i\u0161vaizdus, talentingas advokatas, mylintis sutuoktinis. Greis\u0117 \u2013 \u017eavinga, ideali nam\u0173 \u0161eiminink\u0117. Belaisv\u0117. Visi pa\u017e\u012fsta toki\u0173 por\u0173 kaip D\u017eekas\",\"breadcrumb\":{\"@id\":\"https:\/\/skaitytaknyga.lt\/produktas\/anapus-uzdaru-duru\/#breadcrumb\"},\"inLanguage\":\"en-GB\",\"potentialAction\":[{\"@type\":\"ReadAction\",\"target\":[\"https:\/\/skaitytaknyga.lt\/produktas\/anapus-uzdaru-duru\/\"]}]},{\"@type\":\"ImageObject\",\"inLanguage\":\"en-GB\",\"@id\":\"https:\/\/skaitytaknyga.lt\/produktas\/anapus-uzdaru-duru\/#primaryimage\",\"url\":\"https:\/\/skaitytaknyga.lt\/wp-content\/uploads\/2025\/05\/Anapus-uzdaru-duru.webp\",\"contentUrl\":\"https:\/\/skaitytaknyga.lt\/wp-content\/uploads\/2025\/05\/Anapus-uzdaru-duru.webp\",\"width\":531,\"height\":800},{\"@type\":\"BreadcrumbList\",\"@id\":\"https:\/\/skaitytaknyga.lt\/produktas\/anapus-uzdaru-duru\/#breadcrumb\",\"itemListElement\":[{\"@type\":\"ListItem\",\"position\":1,\"name\":\"Home\",\"item\":\"https:\/\/skaitytaknyga.lt\/\"},{\"@type\":\"ListItem\",\"position\":2,\"name\":\"Parduotuv\u0117\",\"item\":\"https:\/\/skaitytaknyga.lt\/knygu-parduotuve\/\"},{\"@type\":\"ListItem\",\"position\":3,\"name\":\"Anapus u\u017edar\u0173 dur\u0173\"}]},{\"@type\":\"WebSite\",\"@id\":\"https:\/\/skaitytaknyga.lt\/#website\",\"url\":\"https:\/\/skaitytaknyga.lt\/\",\"name\":\"skaitytaknyga.lt\",\"description\":\"Skaitytaknyga.lt \u2013 tai ma\u017eas \u0161eimos verslas, kuris prasid\u0117jo nuo meil\u0117s knygoms ir siekio i\u0161gelb\u0117ti knygas nuo likimo prie konteinerio. Kas vienam nereikalingas daiktas \u2013 kitam lobis, o mes esame tarpininkai, kurie padeda abiems tapti laimingesniems ???? \u017dinome kaip nelengva i\u0161gyventi ma\u017eiems verslams, tad nuo \u0161iol, \u010dia rasite ir kit\u0173, ma\u017e\u0173 \u0161eim\u0173 versl\u0173, rank\u0173 darbo, dovan\u0173 sau ir artimiesiems.\",\"publisher\":{\"@id\":\"https:\/\/skaitytaknyga.lt\/#organization\"},\"potentialAction\":[{\"@type\":\"SearchAction\",\"target\":{\"@type\":\"EntryPoint\",\"urlTemplate\":\"https:\/\/skaitytaknyga.lt\/?s={search_term_string}\"},\"query-input\":{\"@type\":\"PropertyValueSpecification\",\"valueRequired\":true,\"valueName\":\"search_term_string\"}}],\"inLanguage\":\"en-GB\"},{\"@type\":\"Organization\",\"@id\":\"https:\/\/skaitytaknyga.lt\/#organization\",\"name\":\"skaitytaknyga.lt\",\"url\":\"https:\/\/skaitytaknyga.lt\/\",\"logo\":{\"@type\":\"ImageObject\",\"inLanguage\":\"en-GB\",\"@id\":\"https:\/\/skaitytaknyga.lt\/#\/schema\/logo\/image\/\",\"url\":\"https:\/\/skaitytaknyga.lt\/wp-content\/uploads\/2024\/05\/cropped-cropped-cropped-02_00843_jt3bggkj1j3HLc7SyY6rEUpg.jpeg\",\"contentUrl\":\"https:\/\/skaitytaknyga.lt\/wp-content\/uploads\/2024\/05\/cropped-cropped-cropped-02_00843_jt3bggkj1j3HLc7SyY6rEUpg.jpeg\",\"width\":1600,\"height\":1600,\"caption\":\"skaitytaknyga.lt\"},\"image\":{\"@id\":\"https:\/\/skaitytaknyga.lt\/#\/schema\/logo\/image\/\"},\"sameAs\":[\"https:\/\/www.facebook.com\/skaitytaknyga\/\"]}]}<\/script>\n<!-- \/ Yoast SEO plugin. -->","yoast_head_json":{"title":"Anapus u\u017edar\u0173 dur\u0173","description":"D\u017eekas \u2013 i\u0161vaizdus, talentingas advokatas, mylintis sutuoktinis. Greis\u0117 \u2013 \u017eavinga, ideali nam\u0173 \u0161eiminink\u0117. Belaisv\u0117. Visi pa\u017e\u012fsta toki\u0173 por\u0173 kaip D\u017eekas","robots":{"index":"index","follow":"follow","max-snippet":"max-snippet:-1","max-image-preview":"max-image-preview:large","max-video-preview":"max-video-preview:-1"},"canonical":"https:\/\/skaitytaknyga.lt\/en\/produktas\/anapus-uzdaru-duru\/","og_locale":"en_GB","og_type":"article","og_title":"[:lt]Anapus u\u017edar\u0173 dur\u0173[:] - Skaitytaknyga","og_description":"D\u017eekas \u2013 i\u0161vaizdus, talentingas advokatas, mylintis sutuoktinis. Greis\u0117 \u2013 \u017eavinga, ideali nam\u0173 \u0161eiminink\u0117. Belaisv\u0117. Visi pa\u017e\u012fsta toki\u0173 por\u0173 kaip D\u017eekas","og_url":"https:\/\/skaitytaknyga.lt\/en\/produktas\/anapus-uzdaru-duru\/","og_site_name":"Skaitytaknyga","article_publisher":"https:\/\/www.facebook.com\/skaitytaknyga\/","article_modified_time":"2026-02-28T10:19:23+00:00","og_image":[{"width":531,"height":800,"url":"https:\/\/skaitytaknyga.lt\/wp-content\/uploads\/2025\/05\/Anapus-uzdaru-duru.webp","type":"image\/webp"}],"twitter_card":"summary_large_image","twitter_misc":{"Estimated reading time":"1 minute"},"schema":{"@context":"https:\/\/schema.org","@graph":[{"@type":"WebPage","@id":"https:\/\/skaitytaknyga.lt\/produktas\/anapus-uzdaru-duru\/","url":"https:\/\/skaitytaknyga.lt\/produktas\/anapus-uzdaru-duru\/","name":"Anapus u\u017edar\u0173 dur\u0173","isPartOf":{"@id":"https:\/\/skaitytaknyga.lt\/#website"},"primaryImageOfPage":{"@id":"https:\/\/skaitytaknyga.lt\/produktas\/anapus-uzdaru-duru\/#primaryimage"},"image":{"@id":"https:\/\/skaitytaknyga.lt\/produktas\/anapus-uzdaru-duru\/#primaryimage"},"thumbnailUrl":"https:\/\/skaitytaknyga.lt\/wp-content\/uploads\/2025\/05\/Anapus-uzdaru-duru.webp","datePublished":"2025-05-28T06:32:22+00:00","dateModified":"2026-02-28T10:19:23+00:00","description":"D\u017eekas \u2013 i\u0161vaizdus, talentingas advokatas, mylintis sutuoktinis. Greis\u0117 \u2013 \u017eavinga, ideali nam\u0173 \u0161eiminink\u0117. Belaisv\u0117. Visi pa\u017e\u012fsta toki\u0173 por\u0173 kaip D\u017eekas","breadcrumb":{"@id":"https:\/\/skaitytaknyga.lt\/produktas\/anapus-uzdaru-duru\/#breadcrumb"},"inLanguage":"en-GB","potentialAction":[{"@type":"ReadAction","target":["https:\/\/skaitytaknyga.lt\/produktas\/anapus-uzdaru-duru\/"]}]},{"@type":"ImageObject","inLanguage":"en-GB","@id":"https:\/\/skaitytaknyga.lt\/produktas\/anapus-uzdaru-duru\/#primaryimage","url":"https:\/\/skaitytaknyga.lt\/wp-content\/uploads\/2025\/05\/Anapus-uzdaru-duru.webp","contentUrl":"https:\/\/skaitytaknyga.lt\/wp-content\/uploads\/2025\/05\/Anapus-uzdaru-duru.webp","width":531,"height":800},{"@type":"BreadcrumbList","@id":"https:\/\/skaitytaknyga.lt\/produktas\/anapus-uzdaru-duru\/#breadcrumb","itemListElement":[{"@type":"ListItem","position":1,"name":"Home","item":"https:\/\/skaitytaknyga.lt\/"},{"@type":"ListItem","position":2,"name":"Parduotuv\u0117","item":"https:\/\/skaitytaknyga.lt\/knygu-parduotuve\/"},{"@type":"ListItem","position":3,"name":"Anapus u\u017edar\u0173 dur\u0173"}]},{"@type":"WebSite","@id":"https:\/\/skaitytaknyga.lt\/#website","url":"https:\/\/skaitytaknyga.lt\/","name":"skaitytaknyga.lt","description":"Skaitytaknyga.lt \u2013 tai ma\u017eas \u0161eimos verslas, kuris prasid\u0117jo nuo meil\u0117s knygoms ir siekio i\u0161gelb\u0117ti knygas nuo likimo prie konteinerio. Kas vienam nereikalingas daiktas \u2013 kitam lobis, o mes esame tarpininkai, kurie padeda abiems tapti laimingesniems ???? \u017dinome kaip nelengva i\u0161gyventi ma\u017eiems verslams, tad nuo \u0161iol, \u010dia rasite ir kit\u0173, ma\u017e\u0173 \u0161eim\u0173 versl\u0173, rank\u0173 darbo, dovan\u0173 sau ir artimiesiems.","publisher":{"@id":"https:\/\/skaitytaknyga.lt\/#organization"},"potentialAction":[{"@type":"SearchAction","target":{"@type":"EntryPoint","urlTemplate":"https:\/\/skaitytaknyga.lt\/?s={search_term_string}"},"query-input":{"@type":"PropertyValueSpecification","valueRequired":true,"valueName":"search_term_string"}}],"inLanguage":"en-GB"},{"@type":"Organization","@id":"https:\/\/skaitytaknyga.lt\/#organization","name":"skaitytaknyga.lt","url":"https:\/\/skaitytaknyga.lt\/","logo":{"@type":"ImageObject","inLanguage":"en-GB","@id":"https:\/\/skaitytaknyga.lt\/#\/schema\/logo\/image\/","url":"https:\/\/skaitytaknyga.lt\/wp-content\/uploads\/2024\/05\/cropped-cropped-cropped-02_00843_jt3bggkj1j3HLc7SyY6rEUpg.jpeg","contentUrl":"https:\/\/skaitytaknyga.lt\/wp-content\/uploads\/2024\/05\/cropped-cropped-cropped-02_00843_jt3bggkj1j3HLc7SyY6rEUpg.jpeg","width":1600,"height":1600,"caption":"skaitytaknyga.lt"},"image":{"@id":"https:\/\/skaitytaknyga.lt\/#\/schema\/logo\/image\/"},"sameAs":["https:\/\/www.facebook.com\/skaitytaknyga\/"]}]}},"_links":{"self":[{"href":"https:\/\/skaitytaknyga.lt\/en\/wp-json\/wp\/v2\/product\/18570","targetHints":{"allow":["GET"]}}],"collection":[{"href":"https:\/\/skaitytaknyga.lt\/en\/wp-json\/wp\/v2\/product"}],"about":[{"href":"https:\/\/skaitytaknyga.lt\/en\/wp-json\/wp\/v2\/types\/product"}],"replies":[{"embeddable":true,"href":"https:\/\/skaitytaknyga.lt\/en\/wp-json\/wp\/v2\/comments?post=18570"}],"wp:featuredmedia":[{"embeddable":true,"href":"https:\/\/skaitytaknyga.lt\/en\/wp-json\/wp\/v2\/media\/18619"}],"wp:attachment":[{"href":"https:\/\/skaitytaknyga.lt\/en\/wp-json\/wp\/v2\/media?parent=18570"}],"wp:term":[{"taxonomy":"product_brand","embeddable":true,"href":"https:\/\/skaitytaknyga.lt\/en\/wp-json\/wp\/v2\/product_brand?post=18570"},{"taxonomy":"product_cat","embeddable":true,"href":"https:\/\/skaitytaknyga.lt\/en\/wp-json\/wp\/v2\/product_cat?post=18570"},{"taxonomy":"product_tag","embeddable":true,"href":"https:\/\/skaitytaknyga.lt\/en\/wp-json\/wp\/v2\/product_tag?post=18570"}],"curies":[{"name":"wp","href":"https:\/\/api.w.org\/{rel}","templated":true}]}}