{"id":18568,"date":"2025-05-28T09:32:21","date_gmt":"2025-05-28T06:32:21","guid":{"rendered":"https:\/\/skaitytaknyga.lt\/?post_type=product&#038;p=18568"},"modified":"2025-05-28T13:22:05","modified_gmt":"2025-05-28T10:22:05","slug":"po-knygos-zenklu-pasvalio-mariaus-katiliskio-bibliotekos-septyniu-desimtmeciu-kelias","status":"publish","type":"product","link":"https:\/\/skaitytaknyga.lt\/en\/produktas\/po-knygos-zenklu-pasvalio-mariaus-katiliskio-bibliotekos-septyniu-desimtmeciu-kelias\/","title":{"rendered":"Po knygos \u017eenklu. Pasvalio Mariaus Katili\u0161kio bibliotekos septyni\u0173 de\u0161imtme\u010di\u0173 kelias"},"content":{"rendered":"<p>Leidinys, skirtas Pasvalio Mariaus Katili\u0161kio vie\u0161osios bibliotekos 70-me\u010diui. Jis sudarytas i\u0161 trij\u0173 pagrindini\u0173 dali\u0173 \u2013 bibliotekos istorijos (nuo jos i\u0161tak\u0173 iki 2007), informacijos apie dabartin\u0117s \u012fstaigos strukt\u016br\u0105 ir bibliografijos. Taip pat \u012fd\u0117ta papildom\u0173 rodykli\u0173 ir kitokio pob\u016bd\u017eio tekstin\u0117s bei ikonografin\u0117s med\u017eiagos. Knyga vertinga d\u0117l itin geros empirin\u0117s archyvin\u0117s ir publikuotos med\u017eiagos.<\/p>\n<p>Tai populiariai parengta kra\u0161totyrinio-informacinio pob\u016bd\u017eio publikacija, kuri prasmingai parodo vienos lietuvi\u0161kos bibliotekos raid\u0105, \u012ftakojam\u0105 politini\u0173 aplinkybi\u0173 ir asmenybi\u0173. J\u0105 vert\u0117t\u0173 perskaityti tiek bibliotek\u0173 darbuotojams, skaitytojams, tiek ir kult\u016bros politikos atstovams.<\/p>\n","protected":false},"excerpt":{"rendered":"<p>Leidinys, skirtas Pasvalio Mariaus Katili\u0161kio vie\u0161osios bibliotekos 70-me\u010diui. Jis sudarytas i\u0161 trij\u0173 pagrindini\u0173 dali\u0173 \u2013 bibliotekos istorijos (nuo jos i\u0161tak\u0173 iki 2007), informacijos apie dabartin\u0117s \u012fstaigos strukt\u016br\u0105 ir bibliografijos. Taip pat \u012fd\u0117ta papildom\u0173 rodykli\u0173 ir kitokio pob\u016bd\u017eio tekstin\u0117s bei ikonografin\u0117s med\u017eiagos. Knyga vertinga d\u0117l itin geros empirin\u0117s archyvin\u0117s ir publikuotos med\u017eiagos. Tai populiariai parengta kra\u0161totyrinio-informacinio pob\u016bd\u017eio publikacija, kuri prasmingai parodo vienos lietuvi\u0161kos bibliotekos raid\u0105, \u012ftakojam\u0105 politini\u0173 aplinkybi\u0173 ir asmenybi\u0173. J\u0105 vert\u0117t\u0173 perskaityti tiek bibliotek\u0173 darbuotojams, skaitytojams, tiek ir kult\u016bros politikos atstovams.<\/p>\n","protected":false},"featured_media":18621,"comment_status":"open","ping_status":"closed","template":"","meta":{"_acf_changed":false,"site-sidebar-layout":"default","site-content-layout":"","ast-site-content-layout":"default","site-content-style":"default","site-sidebar-style":"default","ast-global-header-display":"","ast-banner-title-visibility":"","ast-main-header-display":"","ast-hfb-above-header-display":"","ast-hfb-below-header-display":"","ast-hfb-mobile-header-display":"","site-post-title":"","ast-breadcrumbs-content":"","ast-featured-img":"","footer-sml-layout":"","ast-disable-related-posts":"","theme-transparent-header-meta":"","adv-header-id-meta":"","stick-header-meta":"","header-above-stick-meta":"","header-main-stick-meta":"","header-below-stick-meta":"","astra-migrate-meta-layouts":"default","ast-page-background-enabled":"default","ast-page-background-meta":{"desktop":{"background-color":"","background-image":"","background-repeat":"repeat","background-position":"center center","background-size":"auto","background-attachment":"scroll","background-type":"","background-media":"","overlay-type":"","overlay-color":"","overlay-opacity":"","overlay-gradient":""},"tablet":{"background-color":"","background-image":"","background-repeat":"repeat","background-position":"center center","background-size":"auto","background-attachment":"scroll","background-type":"","background-media":"","overlay-type":"","overlay-color":"","overlay-opacity":"","overlay-gradient":""},"mobile":{"background-color":"","background-image":"","background-repeat":"repeat","background-position":"center center","background-size":"auto","background-attachment":"scroll","background-type":"","background-media":"","overlay-type":"","overlay-color":"","overlay-opacity":"","overlay-gradient":""}},"ast-content-background-meta":{"desktop":{"background-color":"var(--ast-global-color-4)","background-image":"","background-repeat":"repeat","background-position":"center center","background-size":"auto","background-attachment":"scroll","background-type":"","background-media":"","overlay-type":"","overlay-color":"","overlay-opacity":"","overlay-gradient":""},"tablet":{"background-color":"var(--ast-global-color-4)","background-image":"","background-repeat":"repeat","background-position":"center center","background-size":"auto","background-attachment":"scroll","background-type":"","background-media":"","overlay-type":"","overlay-color":"","overlay-opacity":"","overlay-gradient":""},"mobile":{"background-color":"var(--ast-global-color-4)","background-image":"","background-repeat":"repeat","background-position":"center center","background-size":"auto","background-attachment":"scroll","background-type":"","background-media":"","overlay-type":"","overlay-color":"","overlay-opacity":"","overlay-gradient":""}}},"product_brand":[],"product_cat":[2836],"product_tag":[4614,1205,2376,4615,4613],"class_list":{"0":"post-18568","1":"product","2":"type-product","3":"status-publish","4":"has-post-thumbnail","6":"product_cat-kalba-kalbotyra-zodynai-2","7":"product_tag-bibliotekos-istorija","8":"product_tag-krastotyra","9":"product_tag-kultura","10":"product_tag-pasvalys","11":"product_tag-zita-baltrusiuniene","12":"desktop-align-left","13":"tablet-align-left","14":"mobile-align-left","16":"first","17":"instock","18":"shipping-taxable","19":"purchasable","20":"product-type-simple"},"acf":[],"yoast_head":"<!-- This site is optimized with the Yoast SEO plugin v27.0 - https:\/\/yoast.com\/product\/yoast-seo-wordpress\/ -->\n<title>Po knygos \u017eenklu. Pasvalio Mariaus Katili\u0161kio bibliotekos septyni\u0173 de\u0161imtme\u010di\u0173 kelias<\/title>\n<meta name=\"description\" content=\"Leidinys, skirtas Pasvalio Mariaus Katili\u0161kio vie\u0161osios bibliotekos 70-me\u010diui. Jis sudarytas i\u0161 trij\u0173 pagrindini\u0173 dali\u0173 \u2013 bibliotekos istorijos (nuo jos\" \/>\n<meta name=\"robots\" content=\"index, follow, max-snippet:-1, max-image-preview:large, max-video-preview:-1\" \/>\n<link rel=\"canonical\" href=\"https:\/\/skaitytaknyga.lt\/en\/produktas\/po-knygos-zenklu-pasvalio-mariaus-katiliskio-bibliotekos-septyniu-desimtmeciu-kelias\/\" \/>\n<meta property=\"og:locale\" content=\"en_GB\" \/>\n<meta property=\"og:locale:alternate\" content=\"lt_LT\" \/>\n<meta property=\"og:type\" content=\"article\" \/>\n<meta property=\"og:title\" content=\"Po knygos \u017eenklu. Pasvalio Mariaus Katili\u0161kio bibliotekos septyni\u0173 de\u0161imtme\u010di\u0173 kelias\" \/>\n<meta property=\"og:description\" content=\"Leidinys, skirtas Pasvalio Mariaus Katili\u0161kio vie\u0161osios bibliotekos 70-me\u010diui. Jis sudarytas i\u0161 trij\u0173 pagrindini\u0173 dali\u0173 \u2013 bibliotekos istorijos (nuo jos\" \/>\n<meta property=\"og:url\" content=\"https:\/\/skaitytaknyga.lt\/en\/produktas\/po-knygos-zenklu-pasvalio-mariaus-katiliskio-bibliotekos-septyniu-desimtmeciu-kelias\/\" \/>\n<meta property=\"og:site_name\" content=\"Skaitytaknyga\" \/>\n<meta property=\"article:publisher\" content=\"https:\/\/www.facebook.com\/skaitytaknyga\/\" \/>\n<meta property=\"article:modified_time\" content=\"2025-05-28T10:22:05+00:00\" \/>\n<meta property=\"og:image\" content=\"https:\/\/skaitytaknyga.lt\/wp-content\/uploads\/2025\/05\/Po-knygos-zenklu.-Pasvalio-Mariaus-Katiliskio-bibliotekos-septyniu-desimtmeciu-kelias.webp\" \/>\n\t<meta property=\"og:image:width\" content=\"433\" \/>\n\t<meta property=\"og:image:height\" content=\"600\" \/>\n\t<meta property=\"og:image:type\" content=\"image\/webp\" \/>\n<meta name=\"twitter:card\" content=\"summary_large_image\" \/>\n<meta name=\"twitter:label1\" content=\"Estimated reading time\" \/>\n\t<meta name=\"twitter:data1\" content=\"1 minute\" \/>\n<script type=\"application\/ld+json\" class=\"yoast-schema-graph\">{\"@context\":\"https:\/\/schema.org\",\"@graph\":[{\"@type\":\"WebPage\",\"@id\":\"https:\/\/skaitytaknyga.lt\/produktas\/po-knygos-zenklu-pasvalio-mariaus-katiliskio-bibliotekos-septyniu-desimtmeciu-kelias\/\",\"url\":\"https:\/\/skaitytaknyga.lt\/produktas\/po-knygos-zenklu-pasvalio-mariaus-katiliskio-bibliotekos-septyniu-desimtmeciu-kelias\/\",\"name\":\"Po knygos \u017eenklu. Pasvalio Mariaus Katili\u0161kio bibliotekos septyni\u0173 de\u0161imtme\u010di\u0173 kelias\",\"isPartOf\":{\"@id\":\"https:\/\/skaitytaknyga.lt\/#website\"},\"primaryImageOfPage\":{\"@id\":\"https:\/\/skaitytaknyga.lt\/produktas\/po-knygos-zenklu-pasvalio-mariaus-katiliskio-bibliotekos-septyniu-desimtmeciu-kelias\/#primaryimage\"},\"image\":{\"@id\":\"https:\/\/skaitytaknyga.lt\/produktas\/po-knygos-zenklu-pasvalio-mariaus-katiliskio-bibliotekos-septyniu-desimtmeciu-kelias\/#primaryimage\"},\"thumbnailUrl\":\"https:\/\/skaitytaknyga.lt\/wp-content\/uploads\/2025\/05\/Po-knygos-zenklu.-Pasvalio-Mariaus-Katiliskio-bibliotekos-septyniu-desimtmeciu-kelias.webp\",\"datePublished\":\"2025-05-28T06:32:21+00:00\",\"dateModified\":\"2025-05-28T10:22:05+00:00\",\"description\":\"Leidinys, skirtas Pasvalio Mariaus Katili\u0161kio vie\u0161osios bibliotekos 70-me\u010diui. Jis sudarytas i\u0161 trij\u0173 pagrindini\u0173 dali\u0173 \u2013 bibliotekos istorijos (nuo jos\",\"breadcrumb\":{\"@id\":\"https:\/\/skaitytaknyga.lt\/produktas\/po-knygos-zenklu-pasvalio-mariaus-katiliskio-bibliotekos-septyniu-desimtmeciu-kelias\/#breadcrumb\"},\"inLanguage\":\"en-GB\",\"potentialAction\":[{\"@type\":\"ReadAction\",\"target\":[\"https:\/\/skaitytaknyga.lt\/produktas\/po-knygos-zenklu-pasvalio-mariaus-katiliskio-bibliotekos-septyniu-desimtmeciu-kelias\/\"]}]},{\"@type\":\"ImageObject\",\"inLanguage\":\"en-GB\",\"@id\":\"https:\/\/skaitytaknyga.lt\/produktas\/po-knygos-zenklu-pasvalio-mariaus-katiliskio-bibliotekos-septyniu-desimtmeciu-kelias\/#primaryimage\",\"url\":\"https:\/\/skaitytaknyga.lt\/wp-content\/uploads\/2025\/05\/Po-knygos-zenklu.-Pasvalio-Mariaus-Katiliskio-bibliotekos-septyniu-desimtmeciu-kelias.webp\",\"contentUrl\":\"https:\/\/skaitytaknyga.lt\/wp-content\/uploads\/2025\/05\/Po-knygos-zenklu.-Pasvalio-Mariaus-Katiliskio-bibliotekos-septyniu-desimtmeciu-kelias.webp\",\"width\":433,\"height\":600,\"caption\":\"Po knygos \u017eenklu. Pasvalio Mariaus Katili\u0161kio bibliotekos septyni\u0173 de\u0161imtme\u010di\u0173 kelias\"},{\"@type\":\"BreadcrumbList\",\"@id\":\"https:\/\/skaitytaknyga.lt\/produktas\/po-knygos-zenklu-pasvalio-mariaus-katiliskio-bibliotekos-septyniu-desimtmeciu-kelias\/#breadcrumb\",\"itemListElement\":[{\"@type\":\"ListItem\",\"position\":1,\"name\":\"Home\",\"item\":\"https:\/\/skaitytaknyga.lt\/\"},{\"@type\":\"ListItem\",\"position\":2,\"name\":\"Parduotuv\u0117\",\"item\":\"https:\/\/skaitytaknyga.lt\/knygu-parduotuve\/\"},{\"@type\":\"ListItem\",\"position\":3,\"name\":\"Po knygos \u017eenklu. Pasvalio Mariaus Katili\u0161kio bibliotekos septyni\u0173 de\u0161imtme\u010di\u0173 kelias\"}]},{\"@type\":\"WebSite\",\"@id\":\"https:\/\/skaitytaknyga.lt\/#website\",\"url\":\"https:\/\/skaitytaknyga.lt\/\",\"name\":\"skaitytaknyga.lt\",\"description\":\"Skaitytaknyga.lt \u2013 tai ma\u017eas \u0161eimos verslas, kuris prasid\u0117jo nuo meil\u0117s knygoms ir siekio i\u0161gelb\u0117ti knygas nuo likimo prie konteinerio. Kas vienam nereikalingas daiktas \u2013 kitam lobis, o mes esame tarpininkai, kurie padeda abiems tapti laimingesniems ???? \u017dinome kaip nelengva i\u0161gyventi ma\u017eiems verslams, tad nuo \u0161iol, \u010dia rasite ir kit\u0173, ma\u017e\u0173 \u0161eim\u0173 versl\u0173, rank\u0173 darbo, dovan\u0173 sau ir artimiesiems.\",\"publisher\":{\"@id\":\"https:\/\/skaitytaknyga.lt\/#organization\"},\"potentialAction\":[{\"@type\":\"SearchAction\",\"target\":{\"@type\":\"EntryPoint\",\"urlTemplate\":\"https:\/\/skaitytaknyga.lt\/?s={search_term_string}\"},\"query-input\":{\"@type\":\"PropertyValueSpecification\",\"valueRequired\":true,\"valueName\":\"search_term_string\"}}],\"inLanguage\":\"en-GB\"},{\"@type\":\"Organization\",\"@id\":\"https:\/\/skaitytaknyga.lt\/#organization\",\"name\":\"skaitytaknyga.lt\",\"url\":\"https:\/\/skaitytaknyga.lt\/\",\"logo\":{\"@type\":\"ImageObject\",\"inLanguage\":\"en-GB\",\"@id\":\"https:\/\/skaitytaknyga.lt\/#\/schema\/logo\/image\/\",\"url\":\"https:\/\/skaitytaknyga.lt\/wp-content\/uploads\/2024\/05\/cropped-cropped-cropped-02_00843_jt3bggkj1j3HLc7SyY6rEUpg.jpeg\",\"contentUrl\":\"https:\/\/skaitytaknyga.lt\/wp-content\/uploads\/2024\/05\/cropped-cropped-cropped-02_00843_jt3bggkj1j3HLc7SyY6rEUpg.jpeg\",\"width\":1600,\"height\":1600,\"caption\":\"skaitytaknyga.lt\"},\"image\":{\"@id\":\"https:\/\/skaitytaknyga.lt\/#\/schema\/logo\/image\/\"},\"sameAs\":[\"https:\/\/www.facebook.com\/skaitytaknyga\/\"]}]}<\/script>\n<!-- \/ Yoast SEO plugin. -->","yoast_head_json":{"title":"Po knygos \u017eenklu. Pasvalio Mariaus Katili\u0161kio bibliotekos septyni\u0173 de\u0161imtme\u010di\u0173 kelias","description":"Leidinys, skirtas Pasvalio Mariaus Katili\u0161kio vie\u0161osios bibliotekos 70-me\u010diui. Jis sudarytas i\u0161 trij\u0173 pagrindini\u0173 dali\u0173 \u2013 bibliotekos istorijos (nuo jos","robots":{"index":"index","follow":"follow","max-snippet":"max-snippet:-1","max-image-preview":"max-image-preview:large","max-video-preview":"max-video-preview:-1"},"canonical":"https:\/\/skaitytaknyga.lt\/en\/produktas\/po-knygos-zenklu-pasvalio-mariaus-katiliskio-bibliotekos-septyniu-desimtmeciu-kelias\/","og_locale":"en_GB","og_type":"article","og_title":"[:lt]Po knygos \u017eenklu. Pasvalio Mariaus Katili\u0161kio bibliotekos septyni\u0173 de\u0161imtme\u010di\u0173 kelias[:] - Skaitytaknyga","og_description":"Leidinys, skirtas Pasvalio Mariaus Katili\u0161kio vie\u0161osios bibliotekos 70-me\u010diui. Jis sudarytas i\u0161 trij\u0173 pagrindini\u0173 dali\u0173 \u2013 bibliotekos istorijos (nuo jos","og_url":"https:\/\/skaitytaknyga.lt\/en\/produktas\/po-knygos-zenklu-pasvalio-mariaus-katiliskio-bibliotekos-septyniu-desimtmeciu-kelias\/","og_site_name":"Skaitytaknyga","article_publisher":"https:\/\/www.facebook.com\/skaitytaknyga\/","article_modified_time":"2025-05-28T10:22:05+00:00","og_image":[{"width":433,"height":600,"url":"https:\/\/skaitytaknyga.lt\/wp-content\/uploads\/2025\/05\/Po-knygos-zenklu.-Pasvalio-Mariaus-Katiliskio-bibliotekos-septyniu-desimtmeciu-kelias.webp","type":"image\/webp"}],"twitter_card":"summary_large_image","twitter_misc":{"Estimated reading time":"1 minute"},"schema":{"@context":"https:\/\/schema.org","@graph":[{"@type":"WebPage","@id":"https:\/\/skaitytaknyga.lt\/produktas\/po-knygos-zenklu-pasvalio-mariaus-katiliskio-bibliotekos-septyniu-desimtmeciu-kelias\/","url":"https:\/\/skaitytaknyga.lt\/produktas\/po-knygos-zenklu-pasvalio-mariaus-katiliskio-bibliotekos-septyniu-desimtmeciu-kelias\/","name":"Po knygos \u017eenklu. Pasvalio Mariaus Katili\u0161kio bibliotekos septyni\u0173 de\u0161imtme\u010di\u0173 kelias","isPartOf":{"@id":"https:\/\/skaitytaknyga.lt\/#website"},"primaryImageOfPage":{"@id":"https:\/\/skaitytaknyga.lt\/produktas\/po-knygos-zenklu-pasvalio-mariaus-katiliskio-bibliotekos-septyniu-desimtmeciu-kelias\/#primaryimage"},"image":{"@id":"https:\/\/skaitytaknyga.lt\/produktas\/po-knygos-zenklu-pasvalio-mariaus-katiliskio-bibliotekos-septyniu-desimtmeciu-kelias\/#primaryimage"},"thumbnailUrl":"https:\/\/skaitytaknyga.lt\/wp-content\/uploads\/2025\/05\/Po-knygos-zenklu.-Pasvalio-Mariaus-Katiliskio-bibliotekos-septyniu-desimtmeciu-kelias.webp","datePublished":"2025-05-28T06:32:21+00:00","dateModified":"2025-05-28T10:22:05+00:00","description":"Leidinys, skirtas Pasvalio Mariaus Katili\u0161kio vie\u0161osios bibliotekos 70-me\u010diui. Jis sudarytas i\u0161 trij\u0173 pagrindini\u0173 dali\u0173 \u2013 bibliotekos istorijos (nuo jos","breadcrumb":{"@id":"https:\/\/skaitytaknyga.lt\/produktas\/po-knygos-zenklu-pasvalio-mariaus-katiliskio-bibliotekos-septyniu-desimtmeciu-kelias\/#breadcrumb"},"inLanguage":"en-GB","potentialAction":[{"@type":"ReadAction","target":["https:\/\/skaitytaknyga.lt\/produktas\/po-knygos-zenklu-pasvalio-mariaus-katiliskio-bibliotekos-septyniu-desimtmeciu-kelias\/"]}]},{"@type":"ImageObject","inLanguage":"en-GB","@id":"https:\/\/skaitytaknyga.lt\/produktas\/po-knygos-zenklu-pasvalio-mariaus-katiliskio-bibliotekos-septyniu-desimtmeciu-kelias\/#primaryimage","url":"https:\/\/skaitytaknyga.lt\/wp-content\/uploads\/2025\/05\/Po-knygos-zenklu.-Pasvalio-Mariaus-Katiliskio-bibliotekos-septyniu-desimtmeciu-kelias.webp","contentUrl":"https:\/\/skaitytaknyga.lt\/wp-content\/uploads\/2025\/05\/Po-knygos-zenklu.-Pasvalio-Mariaus-Katiliskio-bibliotekos-septyniu-desimtmeciu-kelias.webp","width":433,"height":600,"caption":"Po knygos \u017eenklu. Pasvalio Mariaus Katili\u0161kio bibliotekos septyni\u0173 de\u0161imtme\u010di\u0173 kelias"},{"@type":"BreadcrumbList","@id":"https:\/\/skaitytaknyga.lt\/produktas\/po-knygos-zenklu-pasvalio-mariaus-katiliskio-bibliotekos-septyniu-desimtmeciu-kelias\/#breadcrumb","itemListElement":[{"@type":"ListItem","position":1,"name":"Home","item":"https:\/\/skaitytaknyga.lt\/"},{"@type":"ListItem","position":2,"name":"Parduotuv\u0117","item":"https:\/\/skaitytaknyga.lt\/knygu-parduotuve\/"},{"@type":"ListItem","position":3,"name":"Po knygos \u017eenklu. Pasvalio Mariaus Katili\u0161kio bibliotekos septyni\u0173 de\u0161imtme\u010di\u0173 kelias"}]},{"@type":"WebSite","@id":"https:\/\/skaitytaknyga.lt\/#website","url":"https:\/\/skaitytaknyga.lt\/","name":"skaitytaknyga.lt","description":"Skaitytaknyga.lt \u2013 tai ma\u017eas \u0161eimos verslas, kuris prasid\u0117jo nuo meil\u0117s knygoms ir siekio i\u0161gelb\u0117ti knygas nuo likimo prie konteinerio. Kas vienam nereikalingas daiktas \u2013 kitam lobis, o mes esame tarpininkai, kurie padeda abiems tapti laimingesniems ???? \u017dinome kaip nelengva i\u0161gyventi ma\u017eiems verslams, tad nuo \u0161iol, \u010dia rasite ir kit\u0173, ma\u017e\u0173 \u0161eim\u0173 versl\u0173, rank\u0173 darbo, dovan\u0173 sau ir artimiesiems.","publisher":{"@id":"https:\/\/skaitytaknyga.lt\/#organization"},"potentialAction":[{"@type":"SearchAction","target":{"@type":"EntryPoint","urlTemplate":"https:\/\/skaitytaknyga.lt\/?s={search_term_string}"},"query-input":{"@type":"PropertyValueSpecification","valueRequired":true,"valueName":"search_term_string"}}],"inLanguage":"en-GB"},{"@type":"Organization","@id":"https:\/\/skaitytaknyga.lt\/#organization","name":"skaitytaknyga.lt","url":"https:\/\/skaitytaknyga.lt\/","logo":{"@type":"ImageObject","inLanguage":"en-GB","@id":"https:\/\/skaitytaknyga.lt\/#\/schema\/logo\/image\/","url":"https:\/\/skaitytaknyga.lt\/wp-content\/uploads\/2024\/05\/cropped-cropped-cropped-02_00843_jt3bggkj1j3HLc7SyY6rEUpg.jpeg","contentUrl":"https:\/\/skaitytaknyga.lt\/wp-content\/uploads\/2024\/05\/cropped-cropped-cropped-02_00843_jt3bggkj1j3HLc7SyY6rEUpg.jpeg","width":1600,"height":1600,"caption":"skaitytaknyga.lt"},"image":{"@id":"https:\/\/skaitytaknyga.lt\/#\/schema\/logo\/image\/"},"sameAs":["https:\/\/www.facebook.com\/skaitytaknyga\/"]}]}},"_links":{"self":[{"href":"https:\/\/skaitytaknyga.lt\/en\/wp-json\/wp\/v2\/product\/18568","targetHints":{"allow":["GET"]}}],"collection":[{"href":"https:\/\/skaitytaknyga.lt\/en\/wp-json\/wp\/v2\/product"}],"about":[{"href":"https:\/\/skaitytaknyga.lt\/en\/wp-json\/wp\/v2\/types\/product"}],"replies":[{"embeddable":true,"href":"https:\/\/skaitytaknyga.lt\/en\/wp-json\/wp\/v2\/comments?post=18568"}],"wp:featuredmedia":[{"embeddable":true,"href":"https:\/\/skaitytaknyga.lt\/en\/wp-json\/wp\/v2\/media\/18621"}],"wp:attachment":[{"href":"https:\/\/skaitytaknyga.lt\/en\/wp-json\/wp\/v2\/media?parent=18568"}],"wp:term":[{"taxonomy":"product_brand","embeddable":true,"href":"https:\/\/skaitytaknyga.lt\/en\/wp-json\/wp\/v2\/product_brand?post=18568"},{"taxonomy":"product_cat","embeddable":true,"href":"https:\/\/skaitytaknyga.lt\/en\/wp-json\/wp\/v2\/product_cat?post=18568"},{"taxonomy":"product_tag","embeddable":true,"href":"https:\/\/skaitytaknyga.lt\/en\/wp-json\/wp\/v2\/product_tag?post=18568"}],"curies":[{"name":"wp","href":"https:\/\/api.w.org\/{rel}","templated":true}]}}