{"id":18566,"date":"2025-05-28T09:32:21","date_gmt":"2025-05-28T06:32:21","guid":{"rendered":"https:\/\/skaitytaknyga.lt\/?post_type=product&#038;p=18566"},"modified":"2026-03-10T19:42:47","modified_gmt":"2026-03-10T17:42:47","slug":"dainius-ir-remas","status":"publish","type":"product","link":"https:\/\/skaitytaknyga.lt\/en\/produktas\/dainius-ir-remas\/","title":{"rendered":"\u0160e\u0161\u0117liai veidrodyje"},"content":{"rendered":"<p>Septyniolikmet\u0117 Ari nepatenkinta savo \u017eemi\u0161ka tikrove \u2013 mokyklin\u0117mis u\u017eduotimis, \u0161eimos gyvenimu bei vaikin\u0173 stygiumi. Pirmenyb\u0119 ji teikia fantastikai, viduram\u017eiams, sugestyviai muzikai bei juodam aksomui.<\/p>\n<p>Netik\u0117tai ji randa keli\u0105 \u012f kit\u0105 pasaul\u012f, Eidolon\u0105 \u2013 \u0161e\u0161\u0117li\u0173 karalyst\u0119, kurioje gyvena taur\u016bs vampyrai. J\u0173 egzistavimas ir g\u0105sdina, ir vilioja mergait\u0119. Staiga \u012fvyksta stebuklas mokykloje. Juodaplaukis svajotojas Oskaras, kur\u012f Ari i\u0161 tolo garbina, netik\u0117tai atsiliepia \u012f jos meil\u0119. Ry\u0161iai su Eidolonu i\u0161 karto pasidaro nebe tokie viliojantys ir netgi gr\u0117smingi. Bet kontaktas su vampyr\u0173 karalyste jau u\u017emegztas. Ari atsiduria lemiamo sprendimo akivaizdoje, kur\u012f turi priimti niekieno nepadedama ir nepatariama.<\/p>\n<p>\u0160iuolaiki\u0161kas Inger Edelfeldt k\u016brinys, kuriame derinamas humoristinis realizmas su gryna fantastika.<\/p>\n","protected":false},"excerpt":{"rendered":"<p>Septyniolikmet\u0117 Ari nepatenkinta savo \u017eemi\u0161ka tikrove \u2013 mokyklin\u0117mis u\u017eduotimis, \u0161eimos gyvenimu bei vaikin\u0173 stygiumi. Pirmenyb\u0119 ji teikia fantastikai, viduram\u017eiams, sugestyviai muzikai bei juodam aksomui. Netik\u0117tai ji randa keli\u0105 \u012f kit\u0105 pasaul\u012f, Eidolon\u0105 \u2013 \u0161e\u0161\u0117li\u0173 karalyst\u0119, kurioje gyvena taur\u016bs vampyrai. J\u0173 egzistavimas ir g\u0105sdina, ir vilioja mergait\u0119. Staiga \u012fvyksta stebuklas mokykloje. Juodaplaukis svajotojas Oskaras, kur\u012f Ari i\u0161 tolo garbina, netik\u0117tai atsiliepia \u012f jos meil\u0119. Ry\u0161iai su Eidolonu i\u0161 karto pasidaro nebe tokie viliojantys ir netgi gr\u0117smingi. Bet kontaktas su vampyr\u0173 karalyste jau u\u017emegztas. Ari atsiduria lemiamo sprendimo akivaizdoje, kur\u012f turi priimti niekieno nepadedama ir nepatariama. \u0160iuolaiki\u0161kas Inger Edelfeldt k\u016brinys, kuriame derinamas humoristinis realizmas su gryna fantastika.<\/p>\n","protected":false},"featured_media":18625,"comment_status":"open","ping_status":"closed","template":"","meta":{"_acf_changed":false,"site-sidebar-layout":"default","site-content-layout":"","ast-site-content-layout":"default","site-content-style":"default","site-sidebar-style":"default","ast-global-header-display":"","ast-banner-title-visibility":"","ast-main-header-display":"","ast-hfb-above-header-display":"","ast-hfb-below-header-display":"","ast-hfb-mobile-header-display":"","site-post-title":"","ast-breadcrumbs-content":"","ast-featured-img":"","footer-sml-layout":"","ast-disable-related-posts":"","theme-transparent-header-meta":"","adv-header-id-meta":"","stick-header-meta":"","header-above-stick-meta":"","header-main-stick-meta":"","header-below-stick-meta":"","astra-migrate-meta-layouts":"default","ast-page-background-enabled":"default","ast-page-background-meta":{"desktop":{"background-color":"","background-image":"","background-repeat":"repeat","background-position":"center center","background-size":"auto","background-attachment":"scroll","background-type":"","background-media":"","overlay-type":"","overlay-color":"","overlay-opacity":"","overlay-gradient":""},"tablet":{"background-color":"","background-image":"","background-repeat":"repeat","background-position":"center center","background-size":"auto","background-attachment":"scroll","background-type":"","background-media":"","overlay-type":"","overlay-color":"","overlay-opacity":"","overlay-gradient":""},"mobile":{"background-color":"","background-image":"","background-repeat":"repeat","background-position":"center center","background-size":"auto","background-attachment":"scroll","background-type":"","background-media":"","overlay-type":"","overlay-color":"","overlay-opacity":"","overlay-gradient":""}},"ast-content-background-meta":{"desktop":{"background-color":"var(--ast-global-color-4)","background-image":"","background-repeat":"repeat","background-position":"center center","background-size":"auto","background-attachment":"scroll","background-type":"","background-media":"","overlay-type":"","overlay-color":"","overlay-opacity":"","overlay-gradient":""},"tablet":{"background-color":"var(--ast-global-color-4)","background-image":"","background-repeat":"repeat","background-position":"center center","background-size":"auto","background-attachment":"scroll","background-type":"","background-media":"","overlay-type":"","overlay-color":"","overlay-opacity":"","overlay-gradient":""},"mobile":{"background-color":"var(--ast-global-color-4)","background-image":"","background-repeat":"repeat","background-position":"center center","background-size":"auto","background-attachment":"scroll","background-type":"","background-media":"","overlay-type":"","overlay-color":"","overlay-opacity":"","overlay-gradient":""}}},"product_brand":[],"product_cat":[9676],"product_tag":[1504,4610,3614,2942,2539],"class_list":{"0":"post-18566","1":"product","2":"type-product","3":"status-publish","4":"has-post-thumbnail","6":"product_cat-paaugliams","7":"product_tag-fantastika","8":"product_tag-inger-edelfeldt","9":"product_tag-paaugliai","10":"product_tag-svedu-literatura","11":"product_tag-vampyrai","12":"desktop-align-left","13":"tablet-align-left","14":"mobile-align-left","16":"first","17":"instock","18":"shipping-taxable","19":"purchasable","20":"product-type-simple"},"acf":[],"yoast_head":"<!-- This site is optimized with the Yoast SEO plugin v27.0 - https:\/\/yoast.com\/product\/yoast-seo-wordpress\/ -->\n<title>\u0160e\u0161\u0117liai veidrodyje<\/title>\n<meta name=\"description\" content=\"Septyniolikmet\u0117 Ari nepatenkinta savo \u017eemi\u0161ka tikrove \u2013 mokyklin\u0117mis u\u017eduotimis, \u0161eimos gyvenimu bei vaikin\u0173 stygiumi. Pirmenyb\u0119 ji teikia fantastikai,\" \/>\n<meta name=\"robots\" content=\"index, follow, max-snippet:-1, max-image-preview:large, max-video-preview:-1\" \/>\n<link rel=\"canonical\" href=\"https:\/\/skaitytaknyga.lt\/en\/produktas\/dainius-ir-remas\/\" \/>\n<meta property=\"og:locale\" content=\"en_GB\" \/>\n<meta property=\"og:locale:alternate\" content=\"lt_LT\" \/>\n<meta property=\"og:type\" content=\"article\" \/>\n<meta property=\"og:title\" content=\"\u0160e\u0161\u0117liai veidrodyje\" \/>\n<meta property=\"og:description\" content=\"Septyniolikmet\u0117 Ari nepatenkinta savo \u017eemi\u0161ka tikrove \u2013 mokyklin\u0117mis u\u017eduotimis, \u0161eimos gyvenimu bei vaikin\u0173 stygiumi. Pirmenyb\u0119 ji teikia fantastikai,\" \/>\n<meta property=\"og:url\" content=\"https:\/\/skaitytaknyga.lt\/en\/produktas\/dainius-ir-remas\/\" \/>\n<meta property=\"og:site_name\" content=\"Skaitytaknyga\" \/>\n<meta property=\"article:publisher\" content=\"https:\/\/www.facebook.com\/skaitytaknyga\/\" \/>\n<meta property=\"article:modified_time\" content=\"2026-03-10T17:42:47+00:00\" \/>\n<meta property=\"og:image\" content=\"https:\/\/skaitytaknyga.lt\/wp-content\/uploads\/2025\/05\/Seseliai-veidrodyje.webp\" \/>\n\t<meta property=\"og:image:width\" content=\"540\" \/>\n\t<meta property=\"og:image:height\" content=\"801\" \/>\n\t<meta property=\"og:image:type\" content=\"image\/webp\" \/>\n<meta name=\"twitter:card\" content=\"summary_large_image\" \/>\n<meta name=\"twitter:label1\" content=\"Estimated reading time\" \/>\n\t<meta name=\"twitter:data1\" content=\"1 minute\" \/>\n<script type=\"application\/ld+json\" class=\"yoast-schema-graph\">{\"@context\":\"https:\/\/schema.org\",\"@graph\":[{\"@type\":\"WebPage\",\"@id\":\"https:\/\/skaitytaknyga.lt\/produktas\/dainius-ir-remas\/\",\"url\":\"https:\/\/skaitytaknyga.lt\/produktas\/dainius-ir-remas\/\",\"name\":\"\u0160e\u0161\u0117liai veidrodyje\",\"isPartOf\":{\"@id\":\"https:\/\/skaitytaknyga.lt\/#website\"},\"primaryImageOfPage\":{\"@id\":\"https:\/\/skaitytaknyga.lt\/produktas\/dainius-ir-remas\/#primaryimage\"},\"image\":{\"@id\":\"https:\/\/skaitytaknyga.lt\/produktas\/dainius-ir-remas\/#primaryimage\"},\"thumbnailUrl\":\"https:\/\/skaitytaknyga.lt\/wp-content\/uploads\/2025\/05\/Seseliai-veidrodyje.webp\",\"datePublished\":\"2025-05-28T06:32:21+00:00\",\"dateModified\":\"2026-03-10T17:42:47+00:00\",\"description\":\"Septyniolikmet\u0117 Ari nepatenkinta savo \u017eemi\u0161ka tikrove \u2013 mokyklin\u0117mis u\u017eduotimis, \u0161eimos gyvenimu bei vaikin\u0173 stygiumi. Pirmenyb\u0119 ji teikia fantastikai,\",\"breadcrumb\":{\"@id\":\"https:\/\/skaitytaknyga.lt\/produktas\/dainius-ir-remas\/#breadcrumb\"},\"inLanguage\":\"en-GB\",\"potentialAction\":[{\"@type\":\"ReadAction\",\"target\":[\"https:\/\/skaitytaknyga.lt\/produktas\/dainius-ir-remas\/\"]}]},{\"@type\":\"ImageObject\",\"inLanguage\":\"en-GB\",\"@id\":\"https:\/\/skaitytaknyga.lt\/produktas\/dainius-ir-remas\/#primaryimage\",\"url\":\"https:\/\/skaitytaknyga.lt\/wp-content\/uploads\/2025\/05\/Seseliai-veidrodyje.webp\",\"contentUrl\":\"https:\/\/skaitytaknyga.lt\/wp-content\/uploads\/2025\/05\/Seseliai-veidrodyje.webp\",\"width\":540,\"height\":801,\"caption\":\"\u0160e\u0161\u0117liai veidrodyje\"},{\"@type\":\"BreadcrumbList\",\"@id\":\"https:\/\/skaitytaknyga.lt\/produktas\/dainius-ir-remas\/#breadcrumb\",\"itemListElement\":[{\"@type\":\"ListItem\",\"position\":1,\"name\":\"Home\",\"item\":\"https:\/\/skaitytaknyga.lt\/\"},{\"@type\":\"ListItem\",\"position\":2,\"name\":\"Parduotuv\u0117\",\"item\":\"https:\/\/skaitytaknyga.lt\/knygu-parduotuve\/\"},{\"@type\":\"ListItem\",\"position\":3,\"name\":\"\u0160e\u0161\u0117liai veidrodyje\"}]},{\"@type\":\"WebSite\",\"@id\":\"https:\/\/skaitytaknyga.lt\/#website\",\"url\":\"https:\/\/skaitytaknyga.lt\/\",\"name\":\"skaitytaknyga.lt\",\"description\":\"Skaitytaknyga.lt \u2013 tai ma\u017eas \u0161eimos verslas, kuris prasid\u0117jo nuo meil\u0117s knygoms ir siekio i\u0161gelb\u0117ti knygas nuo likimo prie konteinerio. Kas vienam nereikalingas daiktas \u2013 kitam lobis, o mes esame tarpininkai, kurie padeda abiems tapti laimingesniems ???? \u017dinome kaip nelengva i\u0161gyventi ma\u017eiems verslams, tad nuo \u0161iol, \u010dia rasite ir kit\u0173, ma\u017e\u0173 \u0161eim\u0173 versl\u0173, rank\u0173 darbo, dovan\u0173 sau ir artimiesiems.\",\"publisher\":{\"@id\":\"https:\/\/skaitytaknyga.lt\/#organization\"},\"potentialAction\":[{\"@type\":\"SearchAction\",\"target\":{\"@type\":\"EntryPoint\",\"urlTemplate\":\"https:\/\/skaitytaknyga.lt\/?s={search_term_string}\"},\"query-input\":{\"@type\":\"PropertyValueSpecification\",\"valueRequired\":true,\"valueName\":\"search_term_string\"}}],\"inLanguage\":\"en-GB\"},{\"@type\":\"Organization\",\"@id\":\"https:\/\/skaitytaknyga.lt\/#organization\",\"name\":\"skaitytaknyga.lt\",\"url\":\"https:\/\/skaitytaknyga.lt\/\",\"logo\":{\"@type\":\"ImageObject\",\"inLanguage\":\"en-GB\",\"@id\":\"https:\/\/skaitytaknyga.lt\/#\/schema\/logo\/image\/\",\"url\":\"https:\/\/skaitytaknyga.lt\/wp-content\/uploads\/2024\/05\/cropped-cropped-cropped-02_00843_jt3bggkj1j3HLc7SyY6rEUpg.jpeg\",\"contentUrl\":\"https:\/\/skaitytaknyga.lt\/wp-content\/uploads\/2024\/05\/cropped-cropped-cropped-02_00843_jt3bggkj1j3HLc7SyY6rEUpg.jpeg\",\"width\":1600,\"height\":1600,\"caption\":\"skaitytaknyga.lt\"},\"image\":{\"@id\":\"https:\/\/skaitytaknyga.lt\/#\/schema\/logo\/image\/\"},\"sameAs\":[\"https:\/\/www.facebook.com\/skaitytaknyga\/\"]}]}<\/script>\n<!-- \/ Yoast SEO plugin. -->","yoast_head_json":{"title":"\u0160e\u0161\u0117liai veidrodyje","description":"Septyniolikmet\u0117 Ari nepatenkinta savo \u017eemi\u0161ka tikrove \u2013 mokyklin\u0117mis u\u017eduotimis, \u0161eimos gyvenimu bei vaikin\u0173 stygiumi. Pirmenyb\u0119 ji teikia fantastikai,","robots":{"index":"index","follow":"follow","max-snippet":"max-snippet:-1","max-image-preview":"max-image-preview:large","max-video-preview":"max-video-preview:-1"},"canonical":"https:\/\/skaitytaknyga.lt\/en\/produktas\/dainius-ir-remas\/","og_locale":"en_GB","og_type":"article","og_title":"[:lt]\u0160e\u0161\u0117liai veidrodyje[:] - Skaitytaknyga","og_description":"Septyniolikmet\u0117 Ari nepatenkinta savo \u017eemi\u0161ka tikrove \u2013 mokyklin\u0117mis u\u017eduotimis, \u0161eimos gyvenimu bei vaikin\u0173 stygiumi. Pirmenyb\u0119 ji teikia fantastikai,","og_url":"https:\/\/skaitytaknyga.lt\/en\/produktas\/dainius-ir-remas\/","og_site_name":"Skaitytaknyga","article_publisher":"https:\/\/www.facebook.com\/skaitytaknyga\/","article_modified_time":"2026-03-10T17:42:47+00:00","og_image":[{"width":540,"height":801,"url":"https:\/\/skaitytaknyga.lt\/wp-content\/uploads\/2025\/05\/Seseliai-veidrodyje.webp","type":"image\/webp"}],"twitter_card":"summary_large_image","twitter_misc":{"Estimated reading time":"1 minute"},"schema":{"@context":"https:\/\/schema.org","@graph":[{"@type":"WebPage","@id":"https:\/\/skaitytaknyga.lt\/produktas\/dainius-ir-remas\/","url":"https:\/\/skaitytaknyga.lt\/produktas\/dainius-ir-remas\/","name":"\u0160e\u0161\u0117liai veidrodyje","isPartOf":{"@id":"https:\/\/skaitytaknyga.lt\/#website"},"primaryImageOfPage":{"@id":"https:\/\/skaitytaknyga.lt\/produktas\/dainius-ir-remas\/#primaryimage"},"image":{"@id":"https:\/\/skaitytaknyga.lt\/produktas\/dainius-ir-remas\/#primaryimage"},"thumbnailUrl":"https:\/\/skaitytaknyga.lt\/wp-content\/uploads\/2025\/05\/Seseliai-veidrodyje.webp","datePublished":"2025-05-28T06:32:21+00:00","dateModified":"2026-03-10T17:42:47+00:00","description":"Septyniolikmet\u0117 Ari nepatenkinta savo \u017eemi\u0161ka tikrove \u2013 mokyklin\u0117mis u\u017eduotimis, \u0161eimos gyvenimu bei vaikin\u0173 stygiumi. Pirmenyb\u0119 ji teikia fantastikai,","breadcrumb":{"@id":"https:\/\/skaitytaknyga.lt\/produktas\/dainius-ir-remas\/#breadcrumb"},"inLanguage":"en-GB","potentialAction":[{"@type":"ReadAction","target":["https:\/\/skaitytaknyga.lt\/produktas\/dainius-ir-remas\/"]}]},{"@type":"ImageObject","inLanguage":"en-GB","@id":"https:\/\/skaitytaknyga.lt\/produktas\/dainius-ir-remas\/#primaryimage","url":"https:\/\/skaitytaknyga.lt\/wp-content\/uploads\/2025\/05\/Seseliai-veidrodyje.webp","contentUrl":"https:\/\/skaitytaknyga.lt\/wp-content\/uploads\/2025\/05\/Seseliai-veidrodyje.webp","width":540,"height":801,"caption":"\u0160e\u0161\u0117liai veidrodyje"},{"@type":"BreadcrumbList","@id":"https:\/\/skaitytaknyga.lt\/produktas\/dainius-ir-remas\/#breadcrumb","itemListElement":[{"@type":"ListItem","position":1,"name":"Home","item":"https:\/\/skaitytaknyga.lt\/"},{"@type":"ListItem","position":2,"name":"Parduotuv\u0117","item":"https:\/\/skaitytaknyga.lt\/knygu-parduotuve\/"},{"@type":"ListItem","position":3,"name":"\u0160e\u0161\u0117liai veidrodyje"}]},{"@type":"WebSite","@id":"https:\/\/skaitytaknyga.lt\/#website","url":"https:\/\/skaitytaknyga.lt\/","name":"skaitytaknyga.lt","description":"Skaitytaknyga.lt \u2013 tai ma\u017eas \u0161eimos verslas, kuris prasid\u0117jo nuo meil\u0117s knygoms ir siekio i\u0161gelb\u0117ti knygas nuo likimo prie konteinerio. Kas vienam nereikalingas daiktas \u2013 kitam lobis, o mes esame tarpininkai, kurie padeda abiems tapti laimingesniems ???? \u017dinome kaip nelengva i\u0161gyventi ma\u017eiems verslams, tad nuo \u0161iol, \u010dia rasite ir kit\u0173, ma\u017e\u0173 \u0161eim\u0173 versl\u0173, rank\u0173 darbo, dovan\u0173 sau ir artimiesiems.","publisher":{"@id":"https:\/\/skaitytaknyga.lt\/#organization"},"potentialAction":[{"@type":"SearchAction","target":{"@type":"EntryPoint","urlTemplate":"https:\/\/skaitytaknyga.lt\/?s={search_term_string}"},"query-input":{"@type":"PropertyValueSpecification","valueRequired":true,"valueName":"search_term_string"}}],"inLanguage":"en-GB"},{"@type":"Organization","@id":"https:\/\/skaitytaknyga.lt\/#organization","name":"skaitytaknyga.lt","url":"https:\/\/skaitytaknyga.lt\/","logo":{"@type":"ImageObject","inLanguage":"en-GB","@id":"https:\/\/skaitytaknyga.lt\/#\/schema\/logo\/image\/","url":"https:\/\/skaitytaknyga.lt\/wp-content\/uploads\/2024\/05\/cropped-cropped-cropped-02_00843_jt3bggkj1j3HLc7SyY6rEUpg.jpeg","contentUrl":"https:\/\/skaitytaknyga.lt\/wp-content\/uploads\/2024\/05\/cropped-cropped-cropped-02_00843_jt3bggkj1j3HLc7SyY6rEUpg.jpeg","width":1600,"height":1600,"caption":"skaitytaknyga.lt"},"image":{"@id":"https:\/\/skaitytaknyga.lt\/#\/schema\/logo\/image\/"},"sameAs":["https:\/\/www.facebook.com\/skaitytaknyga\/"]}]}},"_links":{"self":[{"href":"https:\/\/skaitytaknyga.lt\/en\/wp-json\/wp\/v2\/product\/18566","targetHints":{"allow":["GET"]}}],"collection":[{"href":"https:\/\/skaitytaknyga.lt\/en\/wp-json\/wp\/v2\/product"}],"about":[{"href":"https:\/\/skaitytaknyga.lt\/en\/wp-json\/wp\/v2\/types\/product"}],"replies":[{"embeddable":true,"href":"https:\/\/skaitytaknyga.lt\/en\/wp-json\/wp\/v2\/comments?post=18566"}],"wp:featuredmedia":[{"embeddable":true,"href":"https:\/\/skaitytaknyga.lt\/en\/wp-json\/wp\/v2\/media\/18625"}],"wp:attachment":[{"href":"https:\/\/skaitytaknyga.lt\/en\/wp-json\/wp\/v2\/media?parent=18566"}],"wp:term":[{"taxonomy":"product_brand","embeddable":true,"href":"https:\/\/skaitytaknyga.lt\/en\/wp-json\/wp\/v2\/product_brand?post=18566"},{"taxonomy":"product_cat","embeddable":true,"href":"https:\/\/skaitytaknyga.lt\/en\/wp-json\/wp\/v2\/product_cat?post=18566"},{"taxonomy":"product_tag","embeddable":true,"href":"https:\/\/skaitytaknyga.lt\/en\/wp-json\/wp\/v2\/product_tag?post=18566"}],"curies":[{"name":"wp","href":"https:\/\/api.w.org\/{rel}","templated":true}]}}