{"id":18563,"date":"2025-05-28T09:32:20","date_gmt":"2025-05-28T06:32:20","guid":{"rendered":"https:\/\/skaitytaknyga.lt\/?post_type=product&#038;p=18563"},"modified":"2025-06-07T15:27:44","modified_gmt":"2025-06-07T12:27:44","slug":"gramaniskas","status":"publish","type":"product","link":"https:\/\/skaitytaknyga.lt\/en\/produktas\/gramaniskas\/","title":{"rendered":"99+1%: knygel\u0117 apie tikr\u0105j\u012f d\u017eiaugsm\u0105"},"content":{"rendered":"<p>Knygoje \u201e99+1%&#8221; garsus akademikas, profesorius, mokslininkas ir verslininkas Vladas Algirdas Bumelis ra\u0161o, kaip jam, biotechnologij\u0173 mokslininkui, pavyko mokslo \u017einias pritaikyti prakti\u0161kai ir sukurti tarptautin\u012f versl\u0105. Atvirai pasakoja, kiek pastang\u0173 ir atkaklumo tai pareikalavo. Talentingo verslininko pavyzdys \u012fkvepia niekada nenuleisti rank\u0173, siekti savo svajon\u0117s, tiksl\u0173, nesigr\u0119\u017eioti \u012f praeit\u012f, visada \u017ei\u016br\u0117ti tik pirmyn. \u200b Knygoje autorius su kitais s\u0117kmingais ir daug Lietuvoje pasiekusiais \u017emon\u0117mis ie\u0161ko atsakymo, kiek procent\u0173 s\u0117km\u0117s sudaro darbas, o kiek lemia talentas. \u200b Knyga vertinga i\u0161samia bibliografijos ir jos asmenvard\u017ei\u0173 rodykle, publikacijomis \u017einiasklaidoje, informacija apie V. A. Bumelio veikl\u0105 iki 2019 m.<\/p>\n<p>Tai i\u0161samiausias leidinys, atspindintis ne tik jo profesin\u0119 veikl\u0105, bet ir pozityv\u0173 m\u0105stym\u0105, po\u017ei\u016br\u012f \u012f gyvenim\u0105 gyvenimo vertybes, kuri\u0173 auk\u0161\u010diausios \u2013 \u0161eima, i\u0161silavinimas, savi\u0161vieta, darbas T\u0117vynei.<\/p>\n","protected":false},"excerpt":{"rendered":"<p>Knygoje \u201e99+1%&#8221; garsus akademikas, profesorius, mokslininkas ir verslininkas Vladas Algirdas Bumelis ra\u0161o, kaip jam, biotechnologij\u0173 mokslininkui, pavyko mokslo \u017einias pritaikyti prakti\u0161kai ir sukurti tarptautin\u012f versl\u0105. Atvirai pasakoja, kiek pastang\u0173 ir atkaklumo tai pareikalavo. Talentingo verslininko pavyzdys \u012fkvepia niekada nenuleisti rank\u0173, siekti savo svajon\u0117s, tiksl\u0173, nesigr\u0119\u017eioti \u012f praeit\u012f, visada \u017ei\u016br\u0117ti tik pirmyn. \u200b Knygoje autorius su kitais s\u0117kmingais ir daug Lietuvoje pasiekusiais \u017emon\u0117mis ie\u0161ko atsakymo, kiek procent\u0173 s\u0117km\u0117s sudaro darbas, o kiek lemia talentas. \u200b Knyga vertinga i\u0161samia bibliografijos ir jos asmenvard\u017ei\u0173 rodykle, publikacijomis \u017einiasklaidoje, informacija apie V. A. Bumelio veikl\u0105 iki 2019 m. Tai i\u0161samiausias leidinys, atspindintis ne tik jo profesin\u0119 veikl\u0105, bet ir pozityv\u0173 m\u0105stym\u0105, po\u017ei\u016br\u012f \u012f gyvenim\u0105 gyvenimo vertybes, kuri\u0173 auk\u0161\u010diausios \u2013 \u0161eima, i\u0161silavinimas, savi\u0161vieta, darbas T\u0117vynei.<\/p>\n","protected":false},"featured_media":18634,"comment_status":"open","ping_status":"closed","template":"","meta":{"_acf_changed":false,"site-sidebar-layout":"default","site-content-layout":"","ast-site-content-layout":"default","site-content-style":"default","site-sidebar-style":"default","ast-global-header-display":"","ast-banner-title-visibility":"","ast-main-header-display":"","ast-hfb-above-header-display":"","ast-hfb-below-header-display":"","ast-hfb-mobile-header-display":"","site-post-title":"","ast-breadcrumbs-content":"","ast-featured-img":"","footer-sml-layout":"","ast-disable-related-posts":"","theme-transparent-header-meta":"","adv-header-id-meta":"","stick-header-meta":"","header-above-stick-meta":"","header-main-stick-meta":"","header-below-stick-meta":"","astra-migrate-meta-layouts":"default","ast-page-background-enabled":"default","ast-page-background-meta":{"desktop":{"background-color":"","background-image":"","background-repeat":"repeat","background-position":"center center","background-size":"auto","background-attachment":"scroll","background-type":"","background-media":"","overlay-type":"","overlay-color":"","overlay-opacity":"","overlay-gradient":""},"tablet":{"background-color":"","background-image":"","background-repeat":"repeat","background-position":"center center","background-size":"auto","background-attachment":"scroll","background-type":"","background-media":"","overlay-type":"","overlay-color":"","overlay-opacity":"","overlay-gradient":""},"mobile":{"background-color":"","background-image":"","background-repeat":"repeat","background-position":"center center","background-size":"auto","background-attachment":"scroll","background-type":"","background-media":"","overlay-type":"","overlay-color":"","overlay-opacity":"","overlay-gradient":""}},"ast-content-background-meta":{"desktop":{"background-color":"var(--ast-global-color-4)","background-image":"","background-repeat":"repeat","background-position":"center center","background-size":"auto","background-attachment":"scroll","background-type":"","background-media":"","overlay-type":"","overlay-color":"","overlay-opacity":"","overlay-gradient":""},"tablet":{"background-color":"var(--ast-global-color-4)","background-image":"","background-repeat":"repeat","background-position":"center center","background-size":"auto","background-attachment":"scroll","background-type":"","background-media":"","overlay-type":"","overlay-color":"","overlay-opacity":"","overlay-gradient":""},"mobile":{"background-color":"var(--ast-global-color-4)","background-image":"","background-repeat":"repeat","background-position":"center center","background-size":"auto","background-attachment":"scroll","background-type":"","background-media":"","overlay-type":"","overlay-color":"","overlay-opacity":"","overlay-gradient":""}}},"product_brand":[],"product_cat":[15],"product_tag":[4664,4665,2411,2356,4663],"class_list":{"0":"post-18563","1":"product","2":"type-product","3":"status-publish","4":"has-post-thumbnail","6":"product_cat-uncategorized","7":"product_tag-biotechnologijos","8":"product_tag-profesorius","9":"product_tag-sekme","10":"product_tag-verslas","11":"product_tag-vladas-algirdas-bumelis","12":"desktop-align-left","13":"tablet-align-left","14":"mobile-align-left","16":"first","17":"outofstock","18":"shipping-taxable","19":"purchasable","20":"product-type-simple"},"acf":[],"yoast_head":"<!-- This site is optimized with the Yoast SEO plugin v27.0 - https:\/\/yoast.com\/product\/yoast-seo-wordpress\/ -->\n<title>99+1%: knygel\u0117 apie tikr\u0105j\u012f d\u017eiaugsm\u0105<\/title>\n<meta name=\"description\" content=\"Knygoje \u201e99+1%&quot; garsus akademikas, profesorius, mokslininkas ir verslininkas Vladas Algirdas Bumelis ra\u0161o, kaip jam, biotechnologij\u0173 mokslininkui, pavyko\" \/>\n<meta name=\"robots\" content=\"index, follow, max-snippet:-1, max-image-preview:large, max-video-preview:-1\" \/>\n<link rel=\"canonical\" href=\"https:\/\/skaitytaknyga.lt\/en\/produktas\/gramaniskas\/\" \/>\n<meta property=\"og:locale\" content=\"en_GB\" \/>\n<meta property=\"og:locale:alternate\" content=\"lt_LT\" \/>\n<meta property=\"og:type\" content=\"article\" \/>\n<meta property=\"og:title\" content=\"99+1%: knygel\u0117 apie tikr\u0105j\u012f d\u017eiaugsm\u0105\" \/>\n<meta property=\"og:description\" content=\"Knygoje \u201e99+1%&quot; garsus akademikas, profesorius, mokslininkas ir verslininkas Vladas Algirdas Bumelis ra\u0161o, kaip jam, biotechnologij\u0173 mokslininkui, pavyko\" \/>\n<meta property=\"og:url\" content=\"https:\/\/skaitytaknyga.lt\/en\/produktas\/gramaniskas\/\" \/>\n<meta property=\"og:site_name\" content=\"Skaitytaknyga\" \/>\n<meta property=\"article:publisher\" content=\"https:\/\/www.facebook.com\/skaitytaknyga\/\" \/>\n<meta property=\"article:modified_time\" content=\"2025-06-07T12:27:44+00:00\" \/>\n<meta property=\"og:image\" content=\"https:\/\/skaitytaknyga.lt\/wp-content\/uploads\/2025\/05\/991-knygele-apie-tikraji-dziaugsma.webp\" \/>\n\t<meta property=\"og:image:width\" content=\"448\" \/>\n\t<meta property=\"og:image:height\" content=\"659\" \/>\n\t<meta property=\"og:image:type\" content=\"image\/webp\" \/>\n<meta name=\"twitter:card\" content=\"summary_large_image\" \/>\n<meta name=\"twitter:label1\" content=\"Estimated reading time\" \/>\n\t<meta name=\"twitter:data1\" content=\"1 minute\" \/>\n<script type=\"application\/ld+json\" class=\"yoast-schema-graph\">{\"@context\":\"https:\/\/schema.org\",\"@graph\":[{\"@type\":\"WebPage\",\"@id\":\"https:\/\/skaitytaknyga.lt\/produktas\/gramaniskas\/\",\"url\":\"https:\/\/skaitytaknyga.lt\/produktas\/gramaniskas\/\",\"name\":\"99+1%: knygel\u0117 apie tikr\u0105j\u012f d\u017eiaugsm\u0105\",\"isPartOf\":{\"@id\":\"https:\/\/skaitytaknyga.lt\/#website\"},\"primaryImageOfPage\":{\"@id\":\"https:\/\/skaitytaknyga.lt\/produktas\/gramaniskas\/#primaryimage\"},\"image\":{\"@id\":\"https:\/\/skaitytaknyga.lt\/produktas\/gramaniskas\/#primaryimage\"},\"thumbnailUrl\":\"https:\/\/skaitytaknyga.lt\/wp-content\/uploads\/2025\/05\/991-knygele-apie-tikraji-dziaugsma.webp\",\"datePublished\":\"2025-05-28T06:32:20+00:00\",\"dateModified\":\"2025-06-07T12:27:44+00:00\",\"description\":\"Knygoje \u201e99+1%\\\" garsus akademikas, profesorius, mokslininkas ir verslininkas Vladas Algirdas Bumelis ra\u0161o, kaip jam, biotechnologij\u0173 mokslininkui, pavyko\",\"breadcrumb\":{\"@id\":\"https:\/\/skaitytaknyga.lt\/produktas\/gramaniskas\/#breadcrumb\"},\"inLanguage\":\"en-GB\",\"potentialAction\":[{\"@type\":\"ReadAction\",\"target\":[\"https:\/\/skaitytaknyga.lt\/produktas\/gramaniskas\/\"]}]},{\"@type\":\"ImageObject\",\"inLanguage\":\"en-GB\",\"@id\":\"https:\/\/skaitytaknyga.lt\/produktas\/gramaniskas\/#primaryimage\",\"url\":\"https:\/\/skaitytaknyga.lt\/wp-content\/uploads\/2025\/05\/991-knygele-apie-tikraji-dziaugsma.webp\",\"contentUrl\":\"https:\/\/skaitytaknyga.lt\/wp-content\/uploads\/2025\/05\/991-knygele-apie-tikraji-dziaugsma.webp\",\"width\":448,\"height\":659},{\"@type\":\"BreadcrumbList\",\"@id\":\"https:\/\/skaitytaknyga.lt\/produktas\/gramaniskas\/#breadcrumb\",\"itemListElement\":[{\"@type\":\"ListItem\",\"position\":1,\"name\":\"Home\",\"item\":\"https:\/\/skaitytaknyga.lt\/\"},{\"@type\":\"ListItem\",\"position\":2,\"name\":\"Parduotuv\u0117\",\"item\":\"https:\/\/skaitytaknyga.lt\/knygu-parduotuve\/\"},{\"@type\":\"ListItem\",\"position\":3,\"name\":\"99+1%: knygel\u0117 apie tikr\u0105j\u012f d\u017eiaugsm\u0105\"}]},{\"@type\":\"WebSite\",\"@id\":\"https:\/\/skaitytaknyga.lt\/#website\",\"url\":\"https:\/\/skaitytaknyga.lt\/\",\"name\":\"skaitytaknyga.lt\",\"description\":\"Skaitytaknyga.lt \u2013 tai ma\u017eas \u0161eimos verslas, kuris prasid\u0117jo nuo meil\u0117s knygoms ir siekio i\u0161gelb\u0117ti knygas nuo likimo prie konteinerio. Kas vienam nereikalingas daiktas \u2013 kitam lobis, o mes esame tarpininkai, kurie padeda abiems tapti laimingesniems ???? \u017dinome kaip nelengva i\u0161gyventi ma\u017eiems verslams, tad nuo \u0161iol, \u010dia rasite ir kit\u0173, ma\u017e\u0173 \u0161eim\u0173 versl\u0173, rank\u0173 darbo, dovan\u0173 sau ir artimiesiems.\",\"publisher\":{\"@id\":\"https:\/\/skaitytaknyga.lt\/#organization\"},\"potentialAction\":[{\"@type\":\"SearchAction\",\"target\":{\"@type\":\"EntryPoint\",\"urlTemplate\":\"https:\/\/skaitytaknyga.lt\/?s={search_term_string}\"},\"query-input\":{\"@type\":\"PropertyValueSpecification\",\"valueRequired\":true,\"valueName\":\"search_term_string\"}}],\"inLanguage\":\"en-GB\"},{\"@type\":\"Organization\",\"@id\":\"https:\/\/skaitytaknyga.lt\/#organization\",\"name\":\"skaitytaknyga.lt\",\"url\":\"https:\/\/skaitytaknyga.lt\/\",\"logo\":{\"@type\":\"ImageObject\",\"inLanguage\":\"en-GB\",\"@id\":\"https:\/\/skaitytaknyga.lt\/#\/schema\/logo\/image\/\",\"url\":\"https:\/\/skaitytaknyga.lt\/wp-content\/uploads\/2024\/05\/cropped-cropped-cropped-02_00843_jt3bggkj1j3HLc7SyY6rEUpg.jpeg\",\"contentUrl\":\"https:\/\/skaitytaknyga.lt\/wp-content\/uploads\/2024\/05\/cropped-cropped-cropped-02_00843_jt3bggkj1j3HLc7SyY6rEUpg.jpeg\",\"width\":1600,\"height\":1600,\"caption\":\"skaitytaknyga.lt\"},\"image\":{\"@id\":\"https:\/\/skaitytaknyga.lt\/#\/schema\/logo\/image\/\"},\"sameAs\":[\"https:\/\/www.facebook.com\/skaitytaknyga\/\"]}]}<\/script>\n<!-- \/ Yoast SEO plugin. -->","yoast_head_json":{"title":"99+1%: knygel\u0117 apie tikr\u0105j\u012f d\u017eiaugsm\u0105","description":"Knygoje \u201e99+1%\" garsus akademikas, profesorius, mokslininkas ir verslininkas Vladas Algirdas Bumelis ra\u0161o, kaip jam, biotechnologij\u0173 mokslininkui, pavyko","robots":{"index":"index","follow":"follow","max-snippet":"max-snippet:-1","max-image-preview":"max-image-preview:large","max-video-preview":"max-video-preview:-1"},"canonical":"https:\/\/skaitytaknyga.lt\/en\/produktas\/gramaniskas\/","og_locale":"en_GB","og_type":"article","og_title":"[:lt]99+1%: knygel\u0117 apie tikr\u0105j\u012f d\u017eiaugsm\u0105[:] - Skaitytaknyga","og_description":"Knygoje \u201e99+1%\" garsus akademikas, profesorius, mokslininkas ir verslininkas Vladas Algirdas Bumelis ra\u0161o, kaip jam, biotechnologij\u0173 mokslininkui, pavyko","og_url":"https:\/\/skaitytaknyga.lt\/en\/produktas\/gramaniskas\/","og_site_name":"Skaitytaknyga","article_publisher":"https:\/\/www.facebook.com\/skaitytaknyga\/","article_modified_time":"2025-06-07T12:27:44+00:00","og_image":[{"width":448,"height":659,"url":"https:\/\/skaitytaknyga.lt\/wp-content\/uploads\/2025\/05\/991-knygele-apie-tikraji-dziaugsma.webp","type":"image\/webp"}],"twitter_card":"summary_large_image","twitter_misc":{"Estimated reading time":"1 minute"},"schema":{"@context":"https:\/\/schema.org","@graph":[{"@type":"WebPage","@id":"https:\/\/skaitytaknyga.lt\/produktas\/gramaniskas\/","url":"https:\/\/skaitytaknyga.lt\/produktas\/gramaniskas\/","name":"99+1%: knygel\u0117 apie tikr\u0105j\u012f d\u017eiaugsm\u0105","isPartOf":{"@id":"https:\/\/skaitytaknyga.lt\/#website"},"primaryImageOfPage":{"@id":"https:\/\/skaitytaknyga.lt\/produktas\/gramaniskas\/#primaryimage"},"image":{"@id":"https:\/\/skaitytaknyga.lt\/produktas\/gramaniskas\/#primaryimage"},"thumbnailUrl":"https:\/\/skaitytaknyga.lt\/wp-content\/uploads\/2025\/05\/991-knygele-apie-tikraji-dziaugsma.webp","datePublished":"2025-05-28T06:32:20+00:00","dateModified":"2025-06-07T12:27:44+00:00","description":"Knygoje \u201e99+1%\" garsus akademikas, profesorius, mokslininkas ir verslininkas Vladas Algirdas Bumelis ra\u0161o, kaip jam, biotechnologij\u0173 mokslininkui, pavyko","breadcrumb":{"@id":"https:\/\/skaitytaknyga.lt\/produktas\/gramaniskas\/#breadcrumb"},"inLanguage":"en-GB","potentialAction":[{"@type":"ReadAction","target":["https:\/\/skaitytaknyga.lt\/produktas\/gramaniskas\/"]}]},{"@type":"ImageObject","inLanguage":"en-GB","@id":"https:\/\/skaitytaknyga.lt\/produktas\/gramaniskas\/#primaryimage","url":"https:\/\/skaitytaknyga.lt\/wp-content\/uploads\/2025\/05\/991-knygele-apie-tikraji-dziaugsma.webp","contentUrl":"https:\/\/skaitytaknyga.lt\/wp-content\/uploads\/2025\/05\/991-knygele-apie-tikraji-dziaugsma.webp","width":448,"height":659},{"@type":"BreadcrumbList","@id":"https:\/\/skaitytaknyga.lt\/produktas\/gramaniskas\/#breadcrumb","itemListElement":[{"@type":"ListItem","position":1,"name":"Home","item":"https:\/\/skaitytaknyga.lt\/"},{"@type":"ListItem","position":2,"name":"Parduotuv\u0117","item":"https:\/\/skaitytaknyga.lt\/knygu-parduotuve\/"},{"@type":"ListItem","position":3,"name":"99+1%: knygel\u0117 apie tikr\u0105j\u012f d\u017eiaugsm\u0105"}]},{"@type":"WebSite","@id":"https:\/\/skaitytaknyga.lt\/#website","url":"https:\/\/skaitytaknyga.lt\/","name":"skaitytaknyga.lt","description":"Skaitytaknyga.lt \u2013 tai ma\u017eas \u0161eimos verslas, kuris prasid\u0117jo nuo meil\u0117s knygoms ir siekio i\u0161gelb\u0117ti knygas nuo likimo prie konteinerio. Kas vienam nereikalingas daiktas \u2013 kitam lobis, o mes esame tarpininkai, kurie padeda abiems tapti laimingesniems ???? \u017dinome kaip nelengva i\u0161gyventi ma\u017eiems verslams, tad nuo \u0161iol, \u010dia rasite ir kit\u0173, ma\u017e\u0173 \u0161eim\u0173 versl\u0173, rank\u0173 darbo, dovan\u0173 sau ir artimiesiems.","publisher":{"@id":"https:\/\/skaitytaknyga.lt\/#organization"},"potentialAction":[{"@type":"SearchAction","target":{"@type":"EntryPoint","urlTemplate":"https:\/\/skaitytaknyga.lt\/?s={search_term_string}"},"query-input":{"@type":"PropertyValueSpecification","valueRequired":true,"valueName":"search_term_string"}}],"inLanguage":"en-GB"},{"@type":"Organization","@id":"https:\/\/skaitytaknyga.lt\/#organization","name":"skaitytaknyga.lt","url":"https:\/\/skaitytaknyga.lt\/","logo":{"@type":"ImageObject","inLanguage":"en-GB","@id":"https:\/\/skaitytaknyga.lt\/#\/schema\/logo\/image\/","url":"https:\/\/skaitytaknyga.lt\/wp-content\/uploads\/2024\/05\/cropped-cropped-cropped-02_00843_jt3bggkj1j3HLc7SyY6rEUpg.jpeg","contentUrl":"https:\/\/skaitytaknyga.lt\/wp-content\/uploads\/2024\/05\/cropped-cropped-cropped-02_00843_jt3bggkj1j3HLc7SyY6rEUpg.jpeg","width":1600,"height":1600,"caption":"skaitytaknyga.lt"},"image":{"@id":"https:\/\/skaitytaknyga.lt\/#\/schema\/logo\/image\/"},"sameAs":["https:\/\/www.facebook.com\/skaitytaknyga\/"]}]}},"_links":{"self":[{"href":"https:\/\/skaitytaknyga.lt\/en\/wp-json\/wp\/v2\/product\/18563","targetHints":{"allow":["GET"]}}],"collection":[{"href":"https:\/\/skaitytaknyga.lt\/en\/wp-json\/wp\/v2\/product"}],"about":[{"href":"https:\/\/skaitytaknyga.lt\/en\/wp-json\/wp\/v2\/types\/product"}],"replies":[{"embeddable":true,"href":"https:\/\/skaitytaknyga.lt\/en\/wp-json\/wp\/v2\/comments?post=18563"}],"wp:featuredmedia":[{"embeddable":true,"href":"https:\/\/skaitytaknyga.lt\/en\/wp-json\/wp\/v2\/media\/18634"}],"wp:attachment":[{"href":"https:\/\/skaitytaknyga.lt\/en\/wp-json\/wp\/v2\/media?parent=18563"}],"wp:term":[{"taxonomy":"product_brand","embeddable":true,"href":"https:\/\/skaitytaknyga.lt\/en\/wp-json\/wp\/v2\/product_brand?post=18563"},{"taxonomy":"product_cat","embeddable":true,"href":"https:\/\/skaitytaknyga.lt\/en\/wp-json\/wp\/v2\/product_cat?post=18563"},{"taxonomy":"product_tag","embeddable":true,"href":"https:\/\/skaitytaknyga.lt\/en\/wp-json\/wp\/v2\/product_tag?post=18563"}],"curies":[{"name":"wp","href":"https:\/\/api.w.org\/{rel}","templated":true}]}}