{"id":18561,"date":"2025-05-28T09:32:20","date_gmt":"2025-05-28T06:32:20","guid":{"rendered":"https:\/\/skaitytaknyga.lt\/?post_type=product&#038;p=18561"},"modified":"2025-07-07T09:26:40","modified_gmt":"2025-07-07T06:26:40","slug":"beresnevicius","status":"publish","type":"product","link":"https:\/\/skaitytaknyga.lt\/en\/produktas\/beresnevicius\/","title":{"rendered":"Pradingusi evangelija. Judo evangelijos odis\u0117jos"},"content":{"rendered":"<p>\u201ePradingusi evangelija\u201c pasakoja vieno did\u017eiausi\u0173 XX a. archeologini\u0173 radini\u0173 \u2013 Judo evangelijos rankra\u0161\u010dio \u2013 atradimo ir v\u0117lesni\u0173 klajoni\u0173 istorij\u0105.<\/p>\n<p>Pasirodo, dar keleri metai, ir ne\u012fkainojamas papiruso kodeksas, i\u0161silaik\u0119s kar\u0161tame Egipto sm\u0117lyje apie a\u0161tuoniolika \u0161imtme\u010di\u0173, b\u016bt\u0173 galutinai suir\u0119s. D\u0117l \u017emoni\u0173 godumo ir kvailumo dvide\u0161imt penkerius metus tampytas po vis\u0105 pasaul\u012f, rankra\u0161tis pagaliau tapo \u0160veicarijos fondo \u201eMecenatas\u201c nuosavybe ir buvo prad\u0117tas konservuoti bei versti. Pasiaukojamu grupel\u0117s mokslinink\u0173 darbu gnostin\u0117 Judo evangelija (tiek, kiek jos pavyko restauruoti), kitoni\u0161kai pateikianti J\u0117zaus ir Judo santykius, 2006 m. pagaliau buvo paskelbta \u017emonijai. Po keleri\u0173 met\u0173 ji bus gr\u0105\u017einta Egiptui.<\/p>\n<p>Knyga ne tik be galo patraukliai pasakoja rastojo rankra\u0161\u010dio odis\u0117j\u0105, bet ir praskleid\u017eia u\u017edang\u0105 \u012f paslaptingo senien\u0173 prekybos, antikvar\u0173 pasaulio u\u017ekulisius. Tame pasaulyje verda aistros ir sukasi milijonai&#8230;<\/p>\n","protected":false},"excerpt":{"rendered":"<p>\u201ePradingusi evangelija\u201c pasakoja vieno did\u017eiausi\u0173 XX a. archeologini\u0173 radini\u0173 \u2013 Judo evangelijos rankra\u0161\u010dio \u2013 atradimo ir v\u0117lesni\u0173 klajoni\u0173 istorij\u0105. Pasirodo, dar keleri metai, ir ne\u012fkainojamas papiruso kodeksas, i\u0161silaik\u0119s kar\u0161tame Egipto sm\u0117lyje apie a\u0161tuoniolika \u0161imtme\u010di\u0173, b\u016bt\u0173 galutinai suir\u0119s. D\u0117l \u017emoni\u0173 godumo ir kvailumo dvide\u0161imt penkerius metus tampytas po vis\u0105 pasaul\u012f, rankra\u0161tis pagaliau tapo \u0160veicarijos fondo \u201eMecenatas\u201c nuosavybe ir buvo prad\u0117tas konservuoti bei versti. Pasiaukojamu grupel\u0117s mokslinink\u0173 darbu gnostin\u0117 Judo evangelija (tiek, kiek jos pavyko restauruoti), kitoni\u0161kai pateikianti J\u0117zaus ir Judo santykius, 2006 m. pagaliau buvo paskelbta \u017emonijai. Po keleri\u0173 met\u0173 ji bus gr\u0105\u017einta Egiptui. Knyga ne tik be galo patraukliai pasakoja rastojo rankra\u0161\u010dio odis\u0117j\u0105, bet ir praskleid\u017eia u\u017edang\u0105 \u012f paslaptingo senien\u0173 prekybos, antikvar\u0173 pasaulio u\u017ekulisius. Tame pasaulyje verda aistros ir sukasi milijonai&#8230;<\/p>\n","protected":false},"featured_media":18635,"comment_status":"open","ping_status":"closed","template":"","meta":{"_acf_changed":false,"site-sidebar-layout":"default","site-content-layout":"","ast-site-content-layout":"default","site-content-style":"default","site-sidebar-style":"default","ast-global-header-display":"","ast-banner-title-visibility":"","ast-main-header-display":"","ast-hfb-above-header-display":"","ast-hfb-below-header-display":"","ast-hfb-mobile-header-display":"","site-post-title":"","ast-breadcrumbs-content":"","ast-featured-img":"","footer-sml-layout":"","ast-disable-related-posts":"","theme-transparent-header-meta":"","adv-header-id-meta":"","stick-header-meta":"","header-above-stick-meta":"","header-main-stick-meta":"","header-below-stick-meta":"","astra-migrate-meta-layouts":"default","ast-page-background-enabled":"default","ast-page-background-meta":{"desktop":{"background-color":"","background-image":"","background-repeat":"repeat","background-position":"center center","background-size":"auto","background-attachment":"scroll","background-type":"","background-media":"","overlay-type":"","overlay-color":"","overlay-opacity":"","overlay-gradient":""},"tablet":{"background-color":"","background-image":"","background-repeat":"repeat","background-position":"center center","background-size":"auto","background-attachment":"scroll","background-type":"","background-media":"","overlay-type":"","overlay-color":"","overlay-opacity":"","overlay-gradient":""},"mobile":{"background-color":"","background-image":"","background-repeat":"repeat","background-position":"center center","background-size":"auto","background-attachment":"scroll","background-type":"","background-media":"","overlay-type":"","overlay-color":"","overlay-opacity":"","overlay-gradient":""}},"ast-content-background-meta":{"desktop":{"background-color":"var(--ast-global-color-4)","background-image":"","background-repeat":"repeat","background-position":"center center","background-size":"auto","background-attachment":"scroll","background-type":"","background-media":"","overlay-type":"","overlay-color":"","overlay-opacity":"","overlay-gradient":""},"tablet":{"background-color":"var(--ast-global-color-4)","background-image":"","background-repeat":"repeat","background-position":"center center","background-size":"auto","background-attachment":"scroll","background-type":"","background-media":"","overlay-type":"","overlay-color":"","overlay-opacity":"","overlay-gradient":""},"mobile":{"background-color":"var(--ast-global-color-4)","background-image":"","background-repeat":"repeat","background-position":"center center","background-size":"auto","background-attachment":"scroll","background-type":"","background-media":"","overlay-type":"","overlay-color":"","overlay-opacity":"","overlay-gradient":""}}},"product_brand":[],"product_cat":[31],"product_tag":[2384,4657,4658,4659,2277],"class_list":{"0":"post-18561","1":"product","2":"type-product","3":"status-publish","4":"has-post-thumbnail","6":"product_cat-grozine-literatura","7":"product_tag-archeologija","8":"product_tag-herbert-krosney","9":"product_tag-judo-evangelija","10":"product_tag-rankrasciai","11":"product_tag-religija","12":"desktop-align-left","13":"tablet-align-left","14":"mobile-align-left","16":"first","17":"instock","18":"shipping-taxable","19":"purchasable","20":"product-type-simple"},"acf":[],"yoast_head":"<!-- This site is optimized with the Yoast SEO plugin v27.0 - https:\/\/yoast.com\/product\/yoast-seo-wordpress\/ -->\n<title>Pradingusi evangelija. Judo evangelijos odis\u0117jos<\/title>\n<meta name=\"description\" content=\"\u201ePradingusi evangelija\u201c pasakoja vieno did\u017eiausi\u0173 XX a. archeologini\u0173 radini\u0173 \u2013 Judo evangelijos rankra\u0161\u010dio \u2013 atradimo ir v\u0117lesni\u0173 klajoni\u0173 istorij\u0105.\" \/>\n<meta name=\"robots\" content=\"index, follow, max-snippet:-1, max-image-preview:large, max-video-preview:-1\" \/>\n<link rel=\"canonical\" href=\"https:\/\/skaitytaknyga.lt\/en\/produktas\/beresnevicius\/\" \/>\n<meta property=\"og:locale\" content=\"en_GB\" \/>\n<meta property=\"og:locale:alternate\" content=\"lt_LT\" \/>\n<meta property=\"og:type\" content=\"article\" \/>\n<meta property=\"og:title\" content=\"Pradingusi evangelija. Judo evangelijos odis\u0117jos\" \/>\n<meta property=\"og:description\" content=\"\u201ePradingusi evangelija\u201c pasakoja vieno did\u017eiausi\u0173 XX a. archeologini\u0173 radini\u0173 \u2013 Judo evangelijos rankra\u0161\u010dio \u2013 atradimo ir v\u0117lesni\u0173 klajoni\u0173 istorij\u0105.\" \/>\n<meta property=\"og:url\" content=\"https:\/\/skaitytaknyga.lt\/en\/produktas\/beresnevicius\/\" \/>\n<meta property=\"og:site_name\" content=\"Skaitytaknyga\" \/>\n<meta property=\"article:publisher\" content=\"https:\/\/www.facebook.com\/skaitytaknyga\/\" \/>\n<meta property=\"article:modified_time\" content=\"2025-07-07T06:26:40+00:00\" \/>\n<meta property=\"og:image\" content=\"https:\/\/skaitytaknyga.lt\/wp-content\/uploads\/2025\/05\/Pradingusi-evangelija.-Judo-evangelijos-odisejos.webp\" \/>\n\t<meta property=\"og:image:width\" content=\"496\" \/>\n\t<meta property=\"og:image:height\" content=\"801\" \/>\n\t<meta property=\"og:image:type\" content=\"image\/webp\" \/>\n<meta name=\"twitter:card\" content=\"summary_large_image\" \/>\n<meta name=\"twitter:label1\" content=\"Estimated reading time\" \/>\n\t<meta name=\"twitter:data1\" content=\"1 minute\" \/>\n<script type=\"application\/ld+json\" class=\"yoast-schema-graph\">{\"@context\":\"https:\/\/schema.org\",\"@graph\":[{\"@type\":\"WebPage\",\"@id\":\"https:\/\/skaitytaknyga.lt\/produktas\/beresnevicius\/\",\"url\":\"https:\/\/skaitytaknyga.lt\/produktas\/beresnevicius\/\",\"name\":\"Pradingusi evangelija. Judo evangelijos odis\u0117jos\",\"isPartOf\":{\"@id\":\"https:\/\/skaitytaknyga.lt\/#website\"},\"primaryImageOfPage\":{\"@id\":\"https:\/\/skaitytaknyga.lt\/produktas\/beresnevicius\/#primaryimage\"},\"image\":{\"@id\":\"https:\/\/skaitytaknyga.lt\/produktas\/beresnevicius\/#primaryimage\"},\"thumbnailUrl\":\"https:\/\/skaitytaknyga.lt\/wp-content\/uploads\/2025\/05\/Pradingusi-evangelija.-Judo-evangelijos-odisejos.webp\",\"datePublished\":\"2025-05-28T06:32:20+00:00\",\"dateModified\":\"2025-07-07T06:26:40+00:00\",\"description\":\"\u201ePradingusi evangelija\u201c pasakoja vieno did\u017eiausi\u0173 XX a. archeologini\u0173 radini\u0173 \u2013 Judo evangelijos rankra\u0161\u010dio \u2013 atradimo ir v\u0117lesni\u0173 klajoni\u0173 istorij\u0105.\",\"breadcrumb\":{\"@id\":\"https:\/\/skaitytaknyga.lt\/produktas\/beresnevicius\/#breadcrumb\"},\"inLanguage\":\"en-GB\",\"potentialAction\":[{\"@type\":\"ReadAction\",\"target\":[\"https:\/\/skaitytaknyga.lt\/produktas\/beresnevicius\/\"]}]},{\"@type\":\"ImageObject\",\"inLanguage\":\"en-GB\",\"@id\":\"https:\/\/skaitytaknyga.lt\/produktas\/beresnevicius\/#primaryimage\",\"url\":\"https:\/\/skaitytaknyga.lt\/wp-content\/uploads\/2025\/05\/Pradingusi-evangelija.-Judo-evangelijos-odisejos.webp\",\"contentUrl\":\"https:\/\/skaitytaknyga.lt\/wp-content\/uploads\/2025\/05\/Pradingusi-evangelija.-Judo-evangelijos-odisejos.webp\",\"width\":496,\"height\":801,\"caption\":\"Pradingusi evangelija. Judo evangelijos odis\u0117jos\"},{\"@type\":\"BreadcrumbList\",\"@id\":\"https:\/\/skaitytaknyga.lt\/produktas\/beresnevicius\/#breadcrumb\",\"itemListElement\":[{\"@type\":\"ListItem\",\"position\":1,\"name\":\"Home\",\"item\":\"https:\/\/skaitytaknyga.lt\/\"},{\"@type\":\"ListItem\",\"position\":2,\"name\":\"Parduotuv\u0117\",\"item\":\"https:\/\/skaitytaknyga.lt\/knygu-parduotuve\/\"},{\"@type\":\"ListItem\",\"position\":3,\"name\":\"Pradingusi evangelija. Judo evangelijos odis\u0117jos\"}]},{\"@type\":\"WebSite\",\"@id\":\"https:\/\/skaitytaknyga.lt\/#website\",\"url\":\"https:\/\/skaitytaknyga.lt\/\",\"name\":\"skaitytaknyga.lt\",\"description\":\"Skaitytaknyga.lt \u2013 tai ma\u017eas \u0161eimos verslas, kuris prasid\u0117jo nuo meil\u0117s knygoms ir siekio i\u0161gelb\u0117ti knygas nuo likimo prie konteinerio. Kas vienam nereikalingas daiktas \u2013 kitam lobis, o mes esame tarpininkai, kurie padeda abiems tapti laimingesniems ???? \u017dinome kaip nelengva i\u0161gyventi ma\u017eiems verslams, tad nuo \u0161iol, \u010dia rasite ir kit\u0173, ma\u017e\u0173 \u0161eim\u0173 versl\u0173, rank\u0173 darbo, dovan\u0173 sau ir artimiesiems.\",\"publisher\":{\"@id\":\"https:\/\/skaitytaknyga.lt\/#organization\"},\"potentialAction\":[{\"@type\":\"SearchAction\",\"target\":{\"@type\":\"EntryPoint\",\"urlTemplate\":\"https:\/\/skaitytaknyga.lt\/?s={search_term_string}\"},\"query-input\":{\"@type\":\"PropertyValueSpecification\",\"valueRequired\":true,\"valueName\":\"search_term_string\"}}],\"inLanguage\":\"en-GB\"},{\"@type\":\"Organization\",\"@id\":\"https:\/\/skaitytaknyga.lt\/#organization\",\"name\":\"skaitytaknyga.lt\",\"url\":\"https:\/\/skaitytaknyga.lt\/\",\"logo\":{\"@type\":\"ImageObject\",\"inLanguage\":\"en-GB\",\"@id\":\"https:\/\/skaitytaknyga.lt\/#\/schema\/logo\/image\/\",\"url\":\"https:\/\/skaitytaknyga.lt\/wp-content\/uploads\/2024\/05\/cropped-cropped-cropped-02_00843_jt3bggkj1j3HLc7SyY6rEUpg.jpeg\",\"contentUrl\":\"https:\/\/skaitytaknyga.lt\/wp-content\/uploads\/2024\/05\/cropped-cropped-cropped-02_00843_jt3bggkj1j3HLc7SyY6rEUpg.jpeg\",\"width\":1600,\"height\":1600,\"caption\":\"skaitytaknyga.lt\"},\"image\":{\"@id\":\"https:\/\/skaitytaknyga.lt\/#\/schema\/logo\/image\/\"},\"sameAs\":[\"https:\/\/www.facebook.com\/skaitytaknyga\/\"]}]}<\/script>\n<!-- \/ Yoast SEO plugin. -->","yoast_head_json":{"title":"Pradingusi evangelija. Judo evangelijos odis\u0117jos","description":"\u201ePradingusi evangelija\u201c pasakoja vieno did\u017eiausi\u0173 XX a. archeologini\u0173 radini\u0173 \u2013 Judo evangelijos rankra\u0161\u010dio \u2013 atradimo ir v\u0117lesni\u0173 klajoni\u0173 istorij\u0105.","robots":{"index":"index","follow":"follow","max-snippet":"max-snippet:-1","max-image-preview":"max-image-preview:large","max-video-preview":"max-video-preview:-1"},"canonical":"https:\/\/skaitytaknyga.lt\/en\/produktas\/beresnevicius\/","og_locale":"en_GB","og_type":"article","og_title":"[:lt]Pradingusi evangelija. Judo evangelijos odis\u0117jos[:] - Skaitytaknyga","og_description":"\u201ePradingusi evangelija\u201c pasakoja vieno did\u017eiausi\u0173 XX a. archeologini\u0173 radini\u0173 \u2013 Judo evangelijos rankra\u0161\u010dio \u2013 atradimo ir v\u0117lesni\u0173 klajoni\u0173 istorij\u0105.","og_url":"https:\/\/skaitytaknyga.lt\/en\/produktas\/beresnevicius\/","og_site_name":"Skaitytaknyga","article_publisher":"https:\/\/www.facebook.com\/skaitytaknyga\/","article_modified_time":"2025-07-07T06:26:40+00:00","og_image":[{"width":496,"height":801,"url":"https:\/\/skaitytaknyga.lt\/wp-content\/uploads\/2025\/05\/Pradingusi-evangelija.-Judo-evangelijos-odisejos.webp","type":"image\/webp"}],"twitter_card":"summary_large_image","twitter_misc":{"Estimated reading time":"1 minute"},"schema":{"@context":"https:\/\/schema.org","@graph":[{"@type":"WebPage","@id":"https:\/\/skaitytaknyga.lt\/produktas\/beresnevicius\/","url":"https:\/\/skaitytaknyga.lt\/produktas\/beresnevicius\/","name":"Pradingusi evangelija. Judo evangelijos odis\u0117jos","isPartOf":{"@id":"https:\/\/skaitytaknyga.lt\/#website"},"primaryImageOfPage":{"@id":"https:\/\/skaitytaknyga.lt\/produktas\/beresnevicius\/#primaryimage"},"image":{"@id":"https:\/\/skaitytaknyga.lt\/produktas\/beresnevicius\/#primaryimage"},"thumbnailUrl":"https:\/\/skaitytaknyga.lt\/wp-content\/uploads\/2025\/05\/Pradingusi-evangelija.-Judo-evangelijos-odisejos.webp","datePublished":"2025-05-28T06:32:20+00:00","dateModified":"2025-07-07T06:26:40+00:00","description":"\u201ePradingusi evangelija\u201c pasakoja vieno did\u017eiausi\u0173 XX a. archeologini\u0173 radini\u0173 \u2013 Judo evangelijos rankra\u0161\u010dio \u2013 atradimo ir v\u0117lesni\u0173 klajoni\u0173 istorij\u0105.","breadcrumb":{"@id":"https:\/\/skaitytaknyga.lt\/produktas\/beresnevicius\/#breadcrumb"},"inLanguage":"en-GB","potentialAction":[{"@type":"ReadAction","target":["https:\/\/skaitytaknyga.lt\/produktas\/beresnevicius\/"]}]},{"@type":"ImageObject","inLanguage":"en-GB","@id":"https:\/\/skaitytaknyga.lt\/produktas\/beresnevicius\/#primaryimage","url":"https:\/\/skaitytaknyga.lt\/wp-content\/uploads\/2025\/05\/Pradingusi-evangelija.-Judo-evangelijos-odisejos.webp","contentUrl":"https:\/\/skaitytaknyga.lt\/wp-content\/uploads\/2025\/05\/Pradingusi-evangelija.-Judo-evangelijos-odisejos.webp","width":496,"height":801,"caption":"Pradingusi evangelija. Judo evangelijos odis\u0117jos"},{"@type":"BreadcrumbList","@id":"https:\/\/skaitytaknyga.lt\/produktas\/beresnevicius\/#breadcrumb","itemListElement":[{"@type":"ListItem","position":1,"name":"Home","item":"https:\/\/skaitytaknyga.lt\/"},{"@type":"ListItem","position":2,"name":"Parduotuv\u0117","item":"https:\/\/skaitytaknyga.lt\/knygu-parduotuve\/"},{"@type":"ListItem","position":3,"name":"Pradingusi evangelija. Judo evangelijos odis\u0117jos"}]},{"@type":"WebSite","@id":"https:\/\/skaitytaknyga.lt\/#website","url":"https:\/\/skaitytaknyga.lt\/","name":"skaitytaknyga.lt","description":"Skaitytaknyga.lt \u2013 tai ma\u017eas \u0161eimos verslas, kuris prasid\u0117jo nuo meil\u0117s knygoms ir siekio i\u0161gelb\u0117ti knygas nuo likimo prie konteinerio. Kas vienam nereikalingas daiktas \u2013 kitam lobis, o mes esame tarpininkai, kurie padeda abiems tapti laimingesniems ???? \u017dinome kaip nelengva i\u0161gyventi ma\u017eiems verslams, tad nuo \u0161iol, \u010dia rasite ir kit\u0173, ma\u017e\u0173 \u0161eim\u0173 versl\u0173, rank\u0173 darbo, dovan\u0173 sau ir artimiesiems.","publisher":{"@id":"https:\/\/skaitytaknyga.lt\/#organization"},"potentialAction":[{"@type":"SearchAction","target":{"@type":"EntryPoint","urlTemplate":"https:\/\/skaitytaknyga.lt\/?s={search_term_string}"},"query-input":{"@type":"PropertyValueSpecification","valueRequired":true,"valueName":"search_term_string"}}],"inLanguage":"en-GB"},{"@type":"Organization","@id":"https:\/\/skaitytaknyga.lt\/#organization","name":"skaitytaknyga.lt","url":"https:\/\/skaitytaknyga.lt\/","logo":{"@type":"ImageObject","inLanguage":"en-GB","@id":"https:\/\/skaitytaknyga.lt\/#\/schema\/logo\/image\/","url":"https:\/\/skaitytaknyga.lt\/wp-content\/uploads\/2024\/05\/cropped-cropped-cropped-02_00843_jt3bggkj1j3HLc7SyY6rEUpg.jpeg","contentUrl":"https:\/\/skaitytaknyga.lt\/wp-content\/uploads\/2024\/05\/cropped-cropped-cropped-02_00843_jt3bggkj1j3HLc7SyY6rEUpg.jpeg","width":1600,"height":1600,"caption":"skaitytaknyga.lt"},"image":{"@id":"https:\/\/skaitytaknyga.lt\/#\/schema\/logo\/image\/"},"sameAs":["https:\/\/www.facebook.com\/skaitytaknyga\/"]}]}},"_links":{"self":[{"href":"https:\/\/skaitytaknyga.lt\/en\/wp-json\/wp\/v2\/product\/18561","targetHints":{"allow":["GET"]}}],"collection":[{"href":"https:\/\/skaitytaknyga.lt\/en\/wp-json\/wp\/v2\/product"}],"about":[{"href":"https:\/\/skaitytaknyga.lt\/en\/wp-json\/wp\/v2\/types\/product"}],"replies":[{"embeddable":true,"href":"https:\/\/skaitytaknyga.lt\/en\/wp-json\/wp\/v2\/comments?post=18561"}],"wp:featuredmedia":[{"embeddable":true,"href":"https:\/\/skaitytaknyga.lt\/en\/wp-json\/wp\/v2\/media\/18635"}],"wp:attachment":[{"href":"https:\/\/skaitytaknyga.lt\/en\/wp-json\/wp\/v2\/media?parent=18561"}],"wp:term":[{"taxonomy":"product_brand","embeddable":true,"href":"https:\/\/skaitytaknyga.lt\/en\/wp-json\/wp\/v2\/product_brand?post=18561"},{"taxonomy":"product_cat","embeddable":true,"href":"https:\/\/skaitytaknyga.lt\/en\/wp-json\/wp\/v2\/product_cat?post=18561"},{"taxonomy":"product_tag","embeddable":true,"href":"https:\/\/skaitytaknyga.lt\/en\/wp-json\/wp\/v2\/product_tag?post=18561"}],"curies":[{"name":"wp","href":"https:\/\/api.w.org\/{rel}","templated":true}]}}