{"id":18560,"date":"2025-05-28T09:32:20","date_gmt":"2025-05-28T06:32:20","guid":{"rendered":"https:\/\/skaitytaknyga.lt\/?post_type=product&#038;p=18560"},"modified":"2025-05-28T13:31:33","modified_gmt":"2025-05-28T10:31:33","slug":"napus-uzdaru-duru-b-a-paris","status":"publish","type":"product","link":"https:\/\/skaitytaknyga.lt\/en\/produktas\/napus-uzdaru-duru-b-a-paris\/","title":{"rendered":"Nesustabdomas"},"content":{"rendered":"<p>Jei nori b\u016bti nesustabdomas, tik\u0117k ir siek savo tikslo. Tik\u0117k savimi, savo gabumais, savo tikslu ir, svarbiausia, begaline Dievo meile bei dievi\u0161kuoju Jo planu tavo gyvenimui.<\/p>\n<p>Milijonai \u017emoni\u0173 visame pasaulyje pa\u017e\u012fsta besi\u0161ypsant\u012f Niko Vuji\u010di\u010diaus veid\u0105 ir yra gird\u0117j\u0119 apie jo \u012fkvepian\u010dias kalbas. Nikas gim\u0117 be rank\u0173 ir be koj\u0173, bet nepasidav\u0117; fiziniai tr\u016bkumai netrukdo jam patirti nuostabi\u0173 nuotyki\u0173, puosel\u0117ti prasmingos, pasitenkinim\u0105 teikian\u010dios karjeros ir kurti meil\u0117s kupin\u0173 santyki\u0173. Nikas \u012fveik\u0117 i\u0161bandymus ir sunkumus tik\u0117damas, kad jis buvo sukurtas unikaliam, konkre\u010diam tikslui, o jo gyvenimas turi vert\u0119 ir yra dovana \u017emonijai, be to, nors Niko gyvenime netr\u016bksta i\u0161\u0161\u016bki\u0173, Dievas niekada jo neapleid\u017eia ir visada veda teisingu keliu. Nikas savo s\u0117km\u0119 ai\u0161kina galia, kuri\u0105 \u012fgyjame pavert\u0119 savo tik\u0117jim\u0105 veiksmais.<\/p>\n<p>Kaip tai nutinka?<\/p>\n<p>Dalydamasis jaudinan\u010diomis savo paties ir kit\u0173 i\u0161gyventomis istorijomis, Nikas ai\u0161kina, kad kiekvienas gali susikurti \u201eabsurdi\u0161kai ger\u0105&#8221; gyvenim\u0105 ir tapti nesustabdomas.<\/p>\n<p>Kas jums trukdo? Ar esate pasiruo\u0161\u0119 tapti nesustabdomi?<\/p>\n","protected":false},"excerpt":{"rendered":"<p>Jei nori b\u016bti nesustabdomas, tik\u0117k ir siek savo tikslo. Tik\u0117k savimi, savo gabumais, savo tikslu ir, svarbiausia, begaline Dievo meile bei dievi\u0161kuoju Jo planu tavo gyvenimui. Milijonai \u017emoni\u0173 visame pasaulyje pa\u017e\u012fsta besi\u0161ypsant\u012f Niko Vuji\u010di\u010diaus veid\u0105 ir yra gird\u0117j\u0119 apie jo \u012fkvepian\u010dias kalbas. Nikas gim\u0117 be rank\u0173 ir be koj\u0173, bet nepasidav\u0117; fiziniai tr\u016bkumai netrukdo jam patirti nuostabi\u0173 nuotyki\u0173, puosel\u0117ti prasmingos, pasitenkinim\u0105 teikian\u010dios karjeros ir kurti meil\u0117s kupin\u0173 santyki\u0173. Nikas \u012fveik\u0117 i\u0161bandymus ir sunkumus tik\u0117damas, kad jis buvo sukurtas unikaliam, konkre\u010diam tikslui, o jo gyvenimas turi vert\u0119 ir yra dovana \u017emonijai, be to, nors Niko gyvenime netr\u016bksta i\u0161\u0161\u016bki\u0173, Dievas niekada jo neapleid\u017eia ir visada veda teisingu keliu. Nikas savo s\u0117km\u0119 ai\u0161kina galia, kuri\u0105 \u012fgyjame pavert\u0119 savo tik\u0117jim\u0105 veiksmais. Kaip tai nutinka? Dalydamasis jaudinan\u010diomis savo paties ir kit\u0173 i\u0161gyventomis istorijomis, Nikas ai\u0161kina, kad kiekvienas gali susikurti \u201eabsurdi\u0161kai ger\u0105&#8221; gyvenim\u0105 ir tapti nesustabdomas. Kas jums trukdo? Ar esate pasiruo\u0161\u0119 tapti nesustabdomi?<\/p>\n","protected":false},"featured_media":18628,"comment_status":"open","ping_status":"closed","template":"","meta":{"_acf_changed":false,"site-sidebar-layout":"default","site-content-layout":"","ast-site-content-layout":"default","site-content-style":"default","site-sidebar-style":"default","ast-global-header-display":"","ast-banner-title-visibility":"","ast-main-header-display":"","ast-hfb-above-header-display":"","ast-hfb-below-header-display":"","ast-hfb-mobile-header-display":"","site-post-title":"","ast-breadcrumbs-content":"","ast-featured-img":"","footer-sml-layout":"","ast-disable-related-posts":"","theme-transparent-header-meta":"","adv-header-id-meta":"","stick-header-meta":"","header-above-stick-meta":"","header-main-stick-meta":"","header-below-stick-meta":"","astra-migrate-meta-layouts":"default","ast-page-background-enabled":"default","ast-page-background-meta":{"desktop":{"background-color":"","background-image":"","background-repeat":"repeat","background-position":"center center","background-size":"auto","background-attachment":"scroll","background-type":"","background-media":"","overlay-type":"","overlay-color":"","overlay-opacity":"","overlay-gradient":""},"tablet":{"background-color":"","background-image":"","background-repeat":"repeat","background-position":"center center","background-size":"auto","background-attachment":"scroll","background-type":"","background-media":"","overlay-type":"","overlay-color":"","overlay-opacity":"","overlay-gradient":""},"mobile":{"background-color":"","background-image":"","background-repeat":"repeat","background-position":"center center","background-size":"auto","background-attachment":"scroll","background-type":"","background-media":"","overlay-type":"","overlay-color":"","overlay-opacity":"","overlay-gradient":""}},"ast-content-background-meta":{"desktop":{"background-color":"var(--ast-global-color-4)","background-image":"","background-repeat":"repeat","background-position":"center center","background-size":"auto","background-attachment":"scroll","background-type":"","background-media":"","overlay-type":"","overlay-color":"","overlay-opacity":"","overlay-gradient":""},"tablet":{"background-color":"var(--ast-global-color-4)","background-image":"","background-repeat":"repeat","background-position":"center center","background-size":"auto","background-attachment":"scroll","background-type":"","background-media":"","overlay-type":"","overlay-color":"","overlay-opacity":"","overlay-gradient":""},"mobile":{"background-color":"var(--ast-global-color-4)","background-image":"","background-repeat":"repeat","background-position":"center center","background-size":"auto","background-attachment":"scroll","background-type":"","background-media":"","overlay-type":"","overlay-color":"","overlay-opacity":"","overlay-gradient":""}}},"product_brand":[],"product_cat":[15],"product_tag":[4655,4656,4654,2411,1581],"class_list":{"0":"post-18560","1":"product","2":"type-product","3":"status-publish","4":"has-post-thumbnail","6":"product_cat-uncategorized","7":"product_tag-ikvepiancios-istorijos","8":"product_tag-neigalumas","9":"product_tag-nick-vujicic","10":"product_tag-sekme","11":"product_tag-tikejimas","12":"desktop-align-left","13":"tablet-align-left","14":"mobile-align-left","16":"first","17":"instock","18":"shipping-taxable","19":"purchasable","20":"product-type-simple"},"acf":[],"yoast_head":"<!-- This site is optimized with the Yoast SEO plugin v27.0 - https:\/\/yoast.com\/product\/yoast-seo-wordpress\/ -->\n<title>Nesustabdomas<\/title>\n<meta name=\"description\" content=\"Jei nori b\u016bti nesustabdomas, tik\u0117k ir siek savo tikslo. Tik\u0117k savimi, savo gabumais, savo tikslu ir, svarbiausia, begaline Dievo meile bei dievi\u0161kuoju Jo\" \/>\n<meta name=\"robots\" content=\"index, follow, max-snippet:-1, max-image-preview:large, max-video-preview:-1\" \/>\n<link rel=\"canonical\" href=\"https:\/\/skaitytaknyga.lt\/en\/produktas\/napus-uzdaru-duru-b-a-paris\/\" \/>\n<meta property=\"og:locale\" content=\"en_GB\" \/>\n<meta property=\"og:locale:alternate\" content=\"lt_LT\" \/>\n<meta property=\"og:type\" content=\"article\" \/>\n<meta property=\"og:title\" content=\"Nesustabdomas\" \/>\n<meta property=\"og:description\" content=\"Jei nori b\u016bti nesustabdomas, tik\u0117k ir siek savo tikslo. Tik\u0117k savimi, savo gabumais, savo tikslu ir, svarbiausia, begaline Dievo meile bei dievi\u0161kuoju Jo\" \/>\n<meta property=\"og:url\" content=\"https:\/\/skaitytaknyga.lt\/en\/produktas\/napus-uzdaru-duru-b-a-paris\/\" \/>\n<meta property=\"og:site_name\" content=\"Skaitytaknyga\" \/>\n<meta property=\"article:publisher\" content=\"https:\/\/www.facebook.com\/skaitytaknyga\/\" \/>\n<meta property=\"article:modified_time\" content=\"2025-05-28T10:31:33+00:00\" \/>\n<meta property=\"og:image\" content=\"https:\/\/skaitytaknyga.lt\/wp-content\/uploads\/2025\/05\/Nesustabdoma.webp\" \/>\n\t<meta property=\"og:image:width\" content=\"485\" \/>\n\t<meta property=\"og:image:height\" content=\"719\" \/>\n\t<meta property=\"og:image:type\" content=\"image\/webp\" \/>\n<meta name=\"twitter:card\" content=\"summary_large_image\" \/>\n<meta name=\"twitter:label1\" content=\"Estimated reading time\" \/>\n\t<meta name=\"twitter:data1\" content=\"1 minute\" \/>\n<script type=\"application\/ld+json\" class=\"yoast-schema-graph\">{\"@context\":\"https:\/\/schema.org\",\"@graph\":[{\"@type\":\"WebPage\",\"@id\":\"https:\/\/skaitytaknyga.lt\/produktas\/napus-uzdaru-duru-b-a-paris\/\",\"url\":\"https:\/\/skaitytaknyga.lt\/produktas\/napus-uzdaru-duru-b-a-paris\/\",\"name\":\"Nesustabdomas\",\"isPartOf\":{\"@id\":\"https:\/\/skaitytaknyga.lt\/#website\"},\"primaryImageOfPage\":{\"@id\":\"https:\/\/skaitytaknyga.lt\/produktas\/napus-uzdaru-duru-b-a-paris\/#primaryimage\"},\"image\":{\"@id\":\"https:\/\/skaitytaknyga.lt\/produktas\/napus-uzdaru-duru-b-a-paris\/#primaryimage\"},\"thumbnailUrl\":\"https:\/\/skaitytaknyga.lt\/wp-content\/uploads\/2025\/05\/Nesustabdoma.webp\",\"datePublished\":\"2025-05-28T06:32:20+00:00\",\"dateModified\":\"2025-05-28T10:31:33+00:00\",\"description\":\"Jei nori b\u016bti nesustabdomas, tik\u0117k ir siek savo tikslo. Tik\u0117k savimi, savo gabumais, savo tikslu ir, svarbiausia, begaline Dievo meile bei dievi\u0161kuoju Jo\",\"breadcrumb\":{\"@id\":\"https:\/\/skaitytaknyga.lt\/produktas\/napus-uzdaru-duru-b-a-paris\/#breadcrumb\"},\"inLanguage\":\"en-GB\",\"potentialAction\":[{\"@type\":\"ReadAction\",\"target\":[\"https:\/\/skaitytaknyga.lt\/produktas\/napus-uzdaru-duru-b-a-paris\/\"]}]},{\"@type\":\"ImageObject\",\"inLanguage\":\"en-GB\",\"@id\":\"https:\/\/skaitytaknyga.lt\/produktas\/napus-uzdaru-duru-b-a-paris\/#primaryimage\",\"url\":\"https:\/\/skaitytaknyga.lt\/wp-content\/uploads\/2025\/05\/Nesustabdoma.webp\",\"contentUrl\":\"https:\/\/skaitytaknyga.lt\/wp-content\/uploads\/2025\/05\/Nesustabdoma.webp\",\"width\":485,\"height\":719,\"caption\":\"Nesustabdomas\"},{\"@type\":\"BreadcrumbList\",\"@id\":\"https:\/\/skaitytaknyga.lt\/produktas\/napus-uzdaru-duru-b-a-paris\/#breadcrumb\",\"itemListElement\":[{\"@type\":\"ListItem\",\"position\":1,\"name\":\"Home\",\"item\":\"https:\/\/skaitytaknyga.lt\/\"},{\"@type\":\"ListItem\",\"position\":2,\"name\":\"Parduotuv\u0117\",\"item\":\"https:\/\/skaitytaknyga.lt\/knygu-parduotuve\/\"},{\"@type\":\"ListItem\",\"position\":3,\"name\":\"Nesustabdomas\"}]},{\"@type\":\"WebSite\",\"@id\":\"https:\/\/skaitytaknyga.lt\/#website\",\"url\":\"https:\/\/skaitytaknyga.lt\/\",\"name\":\"skaitytaknyga.lt\",\"description\":\"Skaitytaknyga.lt \u2013 tai ma\u017eas \u0161eimos verslas, kuris prasid\u0117jo nuo meil\u0117s knygoms ir siekio i\u0161gelb\u0117ti knygas nuo likimo prie konteinerio. Kas vienam nereikalingas daiktas \u2013 kitam lobis, o mes esame tarpininkai, kurie padeda abiems tapti laimingesniems ???? \u017dinome kaip nelengva i\u0161gyventi ma\u017eiems verslams, tad nuo \u0161iol, \u010dia rasite ir kit\u0173, ma\u017e\u0173 \u0161eim\u0173 versl\u0173, rank\u0173 darbo, dovan\u0173 sau ir artimiesiems.\",\"publisher\":{\"@id\":\"https:\/\/skaitytaknyga.lt\/#organization\"},\"potentialAction\":[{\"@type\":\"SearchAction\",\"target\":{\"@type\":\"EntryPoint\",\"urlTemplate\":\"https:\/\/skaitytaknyga.lt\/?s={search_term_string}\"},\"query-input\":{\"@type\":\"PropertyValueSpecification\",\"valueRequired\":true,\"valueName\":\"search_term_string\"}}],\"inLanguage\":\"en-GB\"},{\"@type\":\"Organization\",\"@id\":\"https:\/\/skaitytaknyga.lt\/#organization\",\"name\":\"skaitytaknyga.lt\",\"url\":\"https:\/\/skaitytaknyga.lt\/\",\"logo\":{\"@type\":\"ImageObject\",\"inLanguage\":\"en-GB\",\"@id\":\"https:\/\/skaitytaknyga.lt\/#\/schema\/logo\/image\/\",\"url\":\"https:\/\/skaitytaknyga.lt\/wp-content\/uploads\/2024\/05\/cropped-cropped-cropped-02_00843_jt3bggkj1j3HLc7SyY6rEUpg.jpeg\",\"contentUrl\":\"https:\/\/skaitytaknyga.lt\/wp-content\/uploads\/2024\/05\/cropped-cropped-cropped-02_00843_jt3bggkj1j3HLc7SyY6rEUpg.jpeg\",\"width\":1600,\"height\":1600,\"caption\":\"skaitytaknyga.lt\"},\"image\":{\"@id\":\"https:\/\/skaitytaknyga.lt\/#\/schema\/logo\/image\/\"},\"sameAs\":[\"https:\/\/www.facebook.com\/skaitytaknyga\/\"]}]}<\/script>\n<!-- \/ Yoast SEO plugin. -->","yoast_head_json":{"title":"Nesustabdomas","description":"Jei nori b\u016bti nesustabdomas, tik\u0117k ir siek savo tikslo. Tik\u0117k savimi, savo gabumais, savo tikslu ir, svarbiausia, begaline Dievo meile bei dievi\u0161kuoju Jo","robots":{"index":"index","follow":"follow","max-snippet":"max-snippet:-1","max-image-preview":"max-image-preview:large","max-video-preview":"max-video-preview:-1"},"canonical":"https:\/\/skaitytaknyga.lt\/en\/produktas\/napus-uzdaru-duru-b-a-paris\/","og_locale":"en_GB","og_type":"article","og_title":"[:lt]Nesustabdomas[:] - Skaitytaknyga","og_description":"Jei nori b\u016bti nesustabdomas, tik\u0117k ir siek savo tikslo. Tik\u0117k savimi, savo gabumais, savo tikslu ir, svarbiausia, begaline Dievo meile bei dievi\u0161kuoju Jo","og_url":"https:\/\/skaitytaknyga.lt\/en\/produktas\/napus-uzdaru-duru-b-a-paris\/","og_site_name":"Skaitytaknyga","article_publisher":"https:\/\/www.facebook.com\/skaitytaknyga\/","article_modified_time":"2025-05-28T10:31:33+00:00","og_image":[{"width":485,"height":719,"url":"https:\/\/skaitytaknyga.lt\/wp-content\/uploads\/2025\/05\/Nesustabdoma.webp","type":"image\/webp"}],"twitter_card":"summary_large_image","twitter_misc":{"Estimated reading time":"1 minute"},"schema":{"@context":"https:\/\/schema.org","@graph":[{"@type":"WebPage","@id":"https:\/\/skaitytaknyga.lt\/produktas\/napus-uzdaru-duru-b-a-paris\/","url":"https:\/\/skaitytaknyga.lt\/produktas\/napus-uzdaru-duru-b-a-paris\/","name":"Nesustabdomas","isPartOf":{"@id":"https:\/\/skaitytaknyga.lt\/#website"},"primaryImageOfPage":{"@id":"https:\/\/skaitytaknyga.lt\/produktas\/napus-uzdaru-duru-b-a-paris\/#primaryimage"},"image":{"@id":"https:\/\/skaitytaknyga.lt\/produktas\/napus-uzdaru-duru-b-a-paris\/#primaryimage"},"thumbnailUrl":"https:\/\/skaitytaknyga.lt\/wp-content\/uploads\/2025\/05\/Nesustabdoma.webp","datePublished":"2025-05-28T06:32:20+00:00","dateModified":"2025-05-28T10:31:33+00:00","description":"Jei nori b\u016bti nesustabdomas, tik\u0117k ir siek savo tikslo. Tik\u0117k savimi, savo gabumais, savo tikslu ir, svarbiausia, begaline Dievo meile bei dievi\u0161kuoju Jo","breadcrumb":{"@id":"https:\/\/skaitytaknyga.lt\/produktas\/napus-uzdaru-duru-b-a-paris\/#breadcrumb"},"inLanguage":"en-GB","potentialAction":[{"@type":"ReadAction","target":["https:\/\/skaitytaknyga.lt\/produktas\/napus-uzdaru-duru-b-a-paris\/"]}]},{"@type":"ImageObject","inLanguage":"en-GB","@id":"https:\/\/skaitytaknyga.lt\/produktas\/napus-uzdaru-duru-b-a-paris\/#primaryimage","url":"https:\/\/skaitytaknyga.lt\/wp-content\/uploads\/2025\/05\/Nesustabdoma.webp","contentUrl":"https:\/\/skaitytaknyga.lt\/wp-content\/uploads\/2025\/05\/Nesustabdoma.webp","width":485,"height":719,"caption":"Nesustabdomas"},{"@type":"BreadcrumbList","@id":"https:\/\/skaitytaknyga.lt\/produktas\/napus-uzdaru-duru-b-a-paris\/#breadcrumb","itemListElement":[{"@type":"ListItem","position":1,"name":"Home","item":"https:\/\/skaitytaknyga.lt\/"},{"@type":"ListItem","position":2,"name":"Parduotuv\u0117","item":"https:\/\/skaitytaknyga.lt\/knygu-parduotuve\/"},{"@type":"ListItem","position":3,"name":"Nesustabdomas"}]},{"@type":"WebSite","@id":"https:\/\/skaitytaknyga.lt\/#website","url":"https:\/\/skaitytaknyga.lt\/","name":"skaitytaknyga.lt","description":"Skaitytaknyga.lt \u2013 tai ma\u017eas \u0161eimos verslas, kuris prasid\u0117jo nuo meil\u0117s knygoms ir siekio i\u0161gelb\u0117ti knygas nuo likimo prie konteinerio. Kas vienam nereikalingas daiktas \u2013 kitam lobis, o mes esame tarpininkai, kurie padeda abiems tapti laimingesniems ???? \u017dinome kaip nelengva i\u0161gyventi ma\u017eiems verslams, tad nuo \u0161iol, \u010dia rasite ir kit\u0173, ma\u017e\u0173 \u0161eim\u0173 versl\u0173, rank\u0173 darbo, dovan\u0173 sau ir artimiesiems.","publisher":{"@id":"https:\/\/skaitytaknyga.lt\/#organization"},"potentialAction":[{"@type":"SearchAction","target":{"@type":"EntryPoint","urlTemplate":"https:\/\/skaitytaknyga.lt\/?s={search_term_string}"},"query-input":{"@type":"PropertyValueSpecification","valueRequired":true,"valueName":"search_term_string"}}],"inLanguage":"en-GB"},{"@type":"Organization","@id":"https:\/\/skaitytaknyga.lt\/#organization","name":"skaitytaknyga.lt","url":"https:\/\/skaitytaknyga.lt\/","logo":{"@type":"ImageObject","inLanguage":"en-GB","@id":"https:\/\/skaitytaknyga.lt\/#\/schema\/logo\/image\/","url":"https:\/\/skaitytaknyga.lt\/wp-content\/uploads\/2024\/05\/cropped-cropped-cropped-02_00843_jt3bggkj1j3HLc7SyY6rEUpg.jpeg","contentUrl":"https:\/\/skaitytaknyga.lt\/wp-content\/uploads\/2024\/05\/cropped-cropped-cropped-02_00843_jt3bggkj1j3HLc7SyY6rEUpg.jpeg","width":1600,"height":1600,"caption":"skaitytaknyga.lt"},"image":{"@id":"https:\/\/skaitytaknyga.lt\/#\/schema\/logo\/image\/"},"sameAs":["https:\/\/www.facebook.com\/skaitytaknyga\/"]}]}},"_links":{"self":[{"href":"https:\/\/skaitytaknyga.lt\/en\/wp-json\/wp\/v2\/product\/18560","targetHints":{"allow":["GET"]}}],"collection":[{"href":"https:\/\/skaitytaknyga.lt\/en\/wp-json\/wp\/v2\/product"}],"about":[{"href":"https:\/\/skaitytaknyga.lt\/en\/wp-json\/wp\/v2\/types\/product"}],"replies":[{"embeddable":true,"href":"https:\/\/skaitytaknyga.lt\/en\/wp-json\/wp\/v2\/comments?post=18560"}],"wp:featuredmedia":[{"embeddable":true,"href":"https:\/\/skaitytaknyga.lt\/en\/wp-json\/wp\/v2\/media\/18628"}],"wp:attachment":[{"href":"https:\/\/skaitytaknyga.lt\/en\/wp-json\/wp\/v2\/media?parent=18560"}],"wp:term":[{"taxonomy":"product_brand","embeddable":true,"href":"https:\/\/skaitytaknyga.lt\/en\/wp-json\/wp\/v2\/product_brand?post=18560"},{"taxonomy":"product_cat","embeddable":true,"href":"https:\/\/skaitytaknyga.lt\/en\/wp-json\/wp\/v2\/product_cat?post=18560"},{"taxonomy":"product_tag","embeddable":true,"href":"https:\/\/skaitytaknyga.lt\/en\/wp-json\/wp\/v2\/product_tag?post=18560"}],"curies":[{"name":"wp","href":"https:\/\/api.w.org\/{rel}","templated":true}]}}