{"id":18554,"date":"2025-05-28T09:32:19","date_gmt":"2025-05-28T06:32:19","guid":{"rendered":"https:\/\/skaitytaknyga.lt\/?post_type=product&#038;p=18554"},"modified":"2025-11-13T22:51:47","modified_gmt":"2025-11-13T20:51:47","slug":"vienos-meiles-autobiografija","status":"publish","type":"product","link":"https:\/\/skaitytaknyga.lt\/en\/produktas\/vienos-meiles-autobiografija\/","title":{"rendered":"Vienos meil\u0117s autobiografija"},"content":{"rendered":"<p>\u201eVienos meil\u0117s autobiografija\u201c \u2013 naujas pranc\u016bz\u0173 kino re\u017eisieriaus ir prozininko Alexandre\u2019o Jardino (Aleksandro \u017dardeno) romanas. Knyga para\u0161yta susi\u017eav\u0117jus amerikie\u010di\u0173 psichiatro Miltono H. Ericksono psichoterapijos metodais. Pasak autoriaus, M. H. Ericksonas \u2013 vienas did\u017eiausi\u0173 \u017emogaus psichin\u0117s b\u016bkl\u0117s keitimo strateg\u0173. \u201eJ\u012f pad\u0117jo atrasti mano \u017emona&#8230; Apstulbintas M. Ericksono psichoterapijos metod\u0173 i\u0161radingumo, a\u0161 paband\u017eiau juos \u012fgyvendinti savo kasdieniame gyvenime, kad pakeis\u010diau ir gyvenim\u0105, ir pat\u012f save. Mano tikslas \u2013 pad\u0117ti mano \u017emonai pamilti save, v\u0117l prad\u0117ti d\u017eiaugtis savo beapmir\u0161tan\u010diu k\u016bnu. Leisti savo moteriai myl\u0117ti save ir savo k\u016bn\u0105, mano galva, \u2013 tai \u012fstabios, liepsningos meil\u0117s \u017eenklas.\u201c<\/p>\n<p>Aleksandras Rivjeras, sulauk\u0119s trisde\u0161imt dvej\u0173 met\u0173, supranta, kad jo \u017emona \u017dana gyvendama su juo jau\u010diasi vieni\u0161a, nesuprasta, grau\u017eiama nuolatin\u0117s \u0161irdg\u0117los, net m\u0117gina nusi\u017eudyti. Aleksandras, nusivyl\u0119s savimi, palieka \u0161eim\u0105, gyvenan\u010di\u0105 Naujuosiuose hebriduose, meta mokytojo profesij\u0105 ir netik\u0117tai dingsta. Po dvej\u0173 met\u0173 salyne pasirodo jo brolis dvynys Oktavas Rivjeras. Tai persik\u016bnij\u0119s, pasikeit\u0119s \u017danos vyras, atsikrat\u0119s vis\u0173 savybi\u0173, kurios stumdavo \u017dan\u0105 \u012f nevilt\u012f. Pasitelk\u0119s meilybi\u0173 piln\u0105 \u017eodyn\u0105, Oktavas sumaniai i\u0161trina i\u0161 \u017danos \u0161irdies vis\u0105 Aleksandro palikt\u0105 bjaurast\u012f. Jis i\u0161gydys moter\u012f nuo jos nuolatinio kalt\u0117s jausmo, nuo persekiojan\u010dio nerimo, i\u0161laisvins i\u0161 pa\u010dios pasisp\u0119st\u0173 \u017eabang\u0173 ir i\u0161mokys j\u0105 meno tenkinti savo poreikius. Oktavas Rivjeras ne tik j\u0105 myli, jis i\u0161moko j\u0105 myl\u0117ti pa\u010di\u0105 save. Bet kas i\u0161 ties\u0173 tas Rivjeras, atkeliav\u0119s i\u0161vaduoti jos i\u0161 savo pa\u010dios nelaisv\u0117s? Oktavas? Aleksandras?..<\/p>\n","protected":false},"excerpt":{"rendered":"<p>\u201eVienos meil\u0117s autobiografija\u201c \u2013 naujas pranc\u016bz\u0173 kino re\u017eisieriaus ir prozininko Alexandre\u2019o Jardino (Aleksandro \u017dardeno) romanas. Knyga para\u0161yta susi\u017eav\u0117jus amerikie\u010di\u0173 psichiatro Miltono H. Ericksono psichoterapijos metodais. Pasak autoriaus, M. H. Ericksonas \u2013 vienas did\u017eiausi\u0173 \u017emogaus psichin\u0117s b\u016bkl\u0117s keitimo strateg\u0173. \u201eJ\u012f pad\u0117jo atrasti mano \u017emona&#8230; Apstulbintas M. Ericksono psichoterapijos metod\u0173 i\u0161radingumo, a\u0161 paband\u017eiau juos \u012fgyvendinti savo kasdieniame gyvenime, kad pakeis\u010diau ir gyvenim\u0105, ir pat\u012f save. Mano tikslas \u2013 pad\u0117ti mano \u017emonai pamilti save, v\u0117l prad\u0117ti d\u017eiaugtis savo beapmir\u0161tan\u010diu k\u016bnu. Leisti savo moteriai myl\u0117ti save ir savo k\u016bn\u0105, mano galva, \u2013 tai \u012fstabios, liepsningos meil\u0117s \u017eenklas.\u201c Aleksandras Rivjeras, sulauk\u0119s trisde\u0161imt dvej\u0173 met\u0173, supranta, kad jo \u017emona \u017dana gyvendama su juo jau\u010diasi vieni\u0161a, nesuprasta, grau\u017eiama nuolatin\u0117s \u0161irdg\u0117los, net m\u0117gina nusi\u017eudyti. Aleksandras, nusivyl\u0119s savimi, palieka \u0161eim\u0105, gyvenan\u010di\u0105 Naujuosiuose hebriduose, meta mokytojo profesij\u0105 ir netik\u0117tai dingsta. Po dvej\u0173 met\u0173 salyne pasirodo jo brolis dvynys Oktavas Rivjeras. Tai persik\u016bnij\u0119s, pasikeit\u0119s \u017danos vyras, atsikrat\u0119s vis\u0173 savybi\u0173, kurios stumdavo \u017dan\u0105 \u012f nevilt\u012f. Pasitelk\u0119s meilybi\u0173 piln\u0105 \u017eodyn\u0105, Oktavas sumaniai i\u0161trina i\u0161 \u017danos \u0161irdies vis\u0105 Aleksandro palikt\u0105 bjaurast\u012f. Jis i\u0161gydys moter\u012f nuo jos nuolatinio kalt\u0117s jausmo, nuo persekiojan\u010dio nerimo, i\u0161laisvins i\u0161 pa\u010dios pasisp\u0119st\u0173 \u017eabang\u0173 ir i\u0161mokys j\u0105 meno tenkinti savo poreikius. Oktavas Rivjeras ne tik j\u0105 myli, jis i\u0161moko j\u0105 myl\u0117ti pa\u010di\u0105 save. Bet kas i\u0161 ties\u0173 tas Rivjeras, atkeliav\u0119s i\u0161vaduoti jos i\u0161 savo pa\u010dios nelaisv\u0117s? Oktavas? Aleksandras?..<\/p>\n","protected":false},"featured_media":18632,"comment_status":"open","ping_status":"closed","template":"","meta":{"_acf_changed":false,"site-sidebar-layout":"default","site-content-layout":"","ast-site-content-layout":"default","site-content-style":"default","site-sidebar-style":"default","ast-global-header-display":"","ast-banner-title-visibility":"","ast-main-header-display":"","ast-hfb-above-header-display":"","ast-hfb-below-header-display":"","ast-hfb-mobile-header-display":"","site-post-title":"","ast-breadcrumbs-content":"","ast-featured-img":"","footer-sml-layout":"","ast-disable-related-posts":"","theme-transparent-header-meta":"","adv-header-id-meta":"","stick-header-meta":"","header-above-stick-meta":"","header-main-stick-meta":"","header-below-stick-meta":"","astra-migrate-meta-layouts":"default","ast-page-background-enabled":"default","ast-page-background-meta":{"desktop":{"background-color":"","background-image":"","background-repeat":"repeat","background-position":"center center","background-size":"auto","background-attachment":"scroll","background-type":"","background-media":"","overlay-type":"","overlay-color":"","overlay-opacity":"","overlay-gradient":""},"tablet":{"background-color":"","background-image":"","background-repeat":"repeat","background-position":"center center","background-size":"auto","background-attachment":"scroll","background-type":"","background-media":"","overlay-type":"","overlay-color":"","overlay-opacity":"","overlay-gradient":""},"mobile":{"background-color":"","background-image":"","background-repeat":"repeat","background-position":"center center","background-size":"auto","background-attachment":"scroll","background-type":"","background-media":"","overlay-type":"","overlay-color":"","overlay-opacity":"","overlay-gradient":""}},"ast-content-background-meta":{"desktop":{"background-color":"var(--ast-global-color-4)","background-image":"","background-repeat":"repeat","background-position":"center center","background-size":"auto","background-attachment":"scroll","background-type":"","background-media":"","overlay-type":"","overlay-color":"","overlay-opacity":"","overlay-gradient":""},"tablet":{"background-color":"var(--ast-global-color-4)","background-image":"","background-repeat":"repeat","background-position":"center center","background-size":"auto","background-attachment":"scroll","background-type":"","background-media":"","overlay-type":"","overlay-color":"","overlay-opacity":"","overlay-gradient":""},"mobile":{"background-color":"var(--ast-global-color-4)","background-image":"","background-repeat":"repeat","background-position":"center center","background-size":"auto","background-attachment":"scroll","background-type":"","background-media":"","overlay-type":"","overlay-color":"","overlay-opacity":"","overlay-gradient":""}}},"product_brand":[],"product_cat":[31],"product_tag":[4641,1796,4642,3429,1417],"class_list":{"0":"post-18554","1":"product","2":"type-product","3":"status-publish","4":"has-post-thumbnail","6":"product_cat-grozine-literatura","7":"product_tag-alexandre-jardin","8":"product_tag-meile","9":"product_tag-milton-erickson","10":"product_tag-psichoterapija","11":"product_tag-santykiai","12":"desktop-align-left","13":"tablet-align-left","14":"mobile-align-left","16":"first","17":"instock","18":"shipping-taxable","19":"purchasable","20":"product-type-simple"},"acf":[],"yoast_head":"<!-- This site is optimized with the Yoast SEO plugin v27.4 - https:\/\/yoast.com\/product\/yoast-seo-wordpress\/ -->\n<title>Vienos meil\u0117s autobiografija<\/title>\n<meta name=\"description\" content=\"\u201eVienos meil\u0117s autobiografija\u201c \u2013 naujas pranc\u016bz\u0173 kino re\u017eisieriaus ir prozininko Alexandre\u2019o Jardino (Aleksandro \u017dardeno) romanas. Knyga para\u0161yta\" \/>\n<meta name=\"robots\" content=\"index, follow, max-snippet:-1, max-image-preview:large, max-video-preview:-1\" \/>\n<link rel=\"canonical\" href=\"https:\/\/skaitytaknyga.lt\/en\/produktas\/vienos-meiles-autobiografija\/\" \/>\n<meta property=\"og:locale\" content=\"en_GB\" \/>\n<meta property=\"og:locale:alternate\" content=\"lt_LT\" \/>\n<meta property=\"og:type\" content=\"article\" \/>\n<meta property=\"og:title\" content=\"Vienos meil\u0117s autobiografija\" \/>\n<meta property=\"og:description\" content=\"\u201eVienos meil\u0117s autobiografija\u201c \u2013 naujas pranc\u016bz\u0173 kino re\u017eisieriaus ir prozininko Alexandre\u2019o Jardino (Aleksandro \u017dardeno) romanas. Knyga para\u0161yta\" \/>\n<meta property=\"og:url\" content=\"https:\/\/skaitytaknyga.lt\/en\/produktas\/vienos-meiles-autobiografija\/\" \/>\n<meta property=\"og:site_name\" content=\"Skaitytaknyga\" \/>\n<meta property=\"article:publisher\" content=\"https:\/\/www.facebook.com\/skaitytaknyga\/\" \/>\n<meta property=\"article:modified_time\" content=\"2025-11-13T20:51:47+00:00\" \/>\n<meta property=\"og:image\" content=\"https:\/\/skaitytaknyga.lt\/wp-content\/uploads\/2025\/05\/Vienos-meiles-autobiografija.webp\" \/>\n\t<meta property=\"og:image:width\" content=\"482\" \/>\n\t<meta property=\"og:image:height\" content=\"801\" \/>\n\t<meta property=\"og:image:type\" content=\"image\/webp\" \/>\n<meta name=\"twitter:card\" content=\"summary_large_image\" \/>\n<meta name=\"twitter:label1\" content=\"Estimated reading time\" \/>\n\t<meta name=\"twitter:data1\" content=\"1 minute\" \/>\n<script type=\"application\/ld+json\" class=\"yoast-schema-graph\">{\"@context\":\"https:\\\/\\\/schema.org\",\"@graph\":[{\"@type\":\"WebPage\",\"@id\":\"https:\\\/\\\/skaitytaknyga.lt\\\/produktas\\\/vienos-meiles-autobiografija\\\/\",\"url\":\"https:\\\/\\\/skaitytaknyga.lt\\\/produktas\\\/vienos-meiles-autobiografija\\\/\",\"name\":\"Vienos meil\u0117s autobiografija\",\"isPartOf\":{\"@id\":\"https:\\\/\\\/skaitytaknyga.lt\\\/#website\"},\"primaryImageOfPage\":{\"@id\":\"https:\\\/\\\/skaitytaknyga.lt\\\/produktas\\\/vienos-meiles-autobiografija\\\/#primaryimage\"},\"image\":{\"@id\":\"https:\\\/\\\/skaitytaknyga.lt\\\/produktas\\\/vienos-meiles-autobiografija\\\/#primaryimage\"},\"thumbnailUrl\":\"https:\\\/\\\/skaitytaknyga.lt\\\/wp-content\\\/uploads\\\/2025\\\/05\\\/Vienos-meiles-autobiografija.webp\",\"datePublished\":\"2025-05-28T06:32:19+00:00\",\"dateModified\":\"2025-11-13T20:51:47+00:00\",\"description\":\"\u201eVienos meil\u0117s autobiografija\u201c \u2013 naujas pranc\u016bz\u0173 kino re\u017eisieriaus ir prozininko Alexandre\u2019o Jardino (Aleksandro \u017dardeno) romanas. Knyga para\u0161yta\",\"breadcrumb\":{\"@id\":\"https:\\\/\\\/skaitytaknyga.lt\\\/produktas\\\/vienos-meiles-autobiografija\\\/#breadcrumb\"},\"inLanguage\":\"en-GB\",\"potentialAction\":[{\"@type\":\"ReadAction\",\"target\":[\"https:\\\/\\\/skaitytaknyga.lt\\\/produktas\\\/vienos-meiles-autobiografija\\\/\"]}]},{\"@type\":\"ImageObject\",\"inLanguage\":\"en-GB\",\"@id\":\"https:\\\/\\\/skaitytaknyga.lt\\\/produktas\\\/vienos-meiles-autobiografija\\\/#primaryimage\",\"url\":\"https:\\\/\\\/skaitytaknyga.lt\\\/wp-content\\\/uploads\\\/2025\\\/05\\\/Vienos-meiles-autobiografija.webp\",\"contentUrl\":\"https:\\\/\\\/skaitytaknyga.lt\\\/wp-content\\\/uploads\\\/2025\\\/05\\\/Vienos-meiles-autobiografija.webp\",\"width\":482,\"height\":801,\"caption\":\"Vienos meil\u0117s autobiografija\"},{\"@type\":\"BreadcrumbList\",\"@id\":\"https:\\\/\\\/skaitytaknyga.lt\\\/produktas\\\/vienos-meiles-autobiografija\\\/#breadcrumb\",\"itemListElement\":[{\"@type\":\"ListItem\",\"position\":1,\"name\":\"Home\",\"item\":\"https:\\\/\\\/skaitytaknyga.lt\\\/\"},{\"@type\":\"ListItem\",\"position\":2,\"name\":\"Parduotuv\u0117\",\"item\":\"https:\\\/\\\/skaitytaknyga.lt\\\/knygu-parduotuve\\\/\"},{\"@type\":\"ListItem\",\"position\":3,\"name\":\"Vienos meil\u0117s autobiografija\"}]},{\"@type\":\"WebSite\",\"@id\":\"https:\\\/\\\/skaitytaknyga.lt\\\/#website\",\"url\":\"https:\\\/\\\/skaitytaknyga.lt\\\/\",\"name\":\"skaitytaknyga.lt\",\"description\":\"Skaitytaknyga.lt \u2013 tai ma\u017eas \u0161eimos verslas, kuris prasid\u0117jo nuo meil\u0117s knygoms ir siekio i\u0161gelb\u0117ti knygas nuo likimo prie konteinerio. Kas vienam nereikalingas daiktas \u2013 kitam lobis, o mes esame tarpininkai, kurie padeda abiems tapti laimingesniems ???? \u017dinome kaip nelengva i\u0161gyventi ma\u017eiems verslams, tad nuo \u0161iol, \u010dia rasite ir kit\u0173, ma\u017e\u0173 \u0161eim\u0173 versl\u0173, rank\u0173 darbo, dovan\u0173 sau ir artimiesiems.\",\"publisher\":{\"@id\":\"https:\\\/\\\/skaitytaknyga.lt\\\/#organization\"},\"potentialAction\":[{\"@type\":\"SearchAction\",\"target\":{\"@type\":\"EntryPoint\",\"urlTemplate\":\"https:\\\/\\\/skaitytaknyga.lt\\\/?s={search_term_string}\"},\"query-input\":{\"@type\":\"PropertyValueSpecification\",\"valueRequired\":true,\"valueName\":\"search_term_string\"}}],\"inLanguage\":\"en-GB\"},{\"@type\":\"Organization\",\"@id\":\"https:\\\/\\\/skaitytaknyga.lt\\\/#organization\",\"name\":\"skaitytaknyga.lt\",\"url\":\"https:\\\/\\\/skaitytaknyga.lt\\\/\",\"logo\":{\"@type\":\"ImageObject\",\"inLanguage\":\"en-GB\",\"@id\":\"https:\\\/\\\/skaitytaknyga.lt\\\/#\\\/schema\\\/logo\\\/image\\\/\",\"url\":\"https:\\\/\\\/skaitytaknyga.lt\\\/wp-content\\\/uploads\\\/2024\\\/05\\\/cropped-cropped-cropped-02_00843_jt3bggkj1j3HLc7SyY6rEUpg.jpeg\",\"contentUrl\":\"https:\\\/\\\/skaitytaknyga.lt\\\/wp-content\\\/uploads\\\/2024\\\/05\\\/cropped-cropped-cropped-02_00843_jt3bggkj1j3HLc7SyY6rEUpg.jpeg\",\"width\":1600,\"height\":1600,\"caption\":\"skaitytaknyga.lt\"},\"image\":{\"@id\":\"https:\\\/\\\/skaitytaknyga.lt\\\/#\\\/schema\\\/logo\\\/image\\\/\"},\"sameAs\":[\"https:\\\/\\\/www.facebook.com\\\/skaitytaknyga\\\/\"]}]}<\/script>\n<!-- \/ Yoast SEO plugin. -->","yoast_head_json":{"title":"Vienos meil\u0117s autobiografija","description":"\u201eVienos meil\u0117s autobiografija\u201c \u2013 naujas pranc\u016bz\u0173 kino re\u017eisieriaus ir prozininko Alexandre\u2019o Jardino (Aleksandro \u017dardeno) romanas. Knyga para\u0161yta","robots":{"index":"index","follow":"follow","max-snippet":"max-snippet:-1","max-image-preview":"max-image-preview:large","max-video-preview":"max-video-preview:-1"},"canonical":"https:\/\/skaitytaknyga.lt\/en\/produktas\/vienos-meiles-autobiografija\/","og_locale":"en_GB","og_type":"article","og_title":"[:lt]Vienos meil\u0117s autobiografija[:] - Skaitytaknyga","og_description":"\u201eVienos meil\u0117s autobiografija\u201c \u2013 naujas pranc\u016bz\u0173 kino re\u017eisieriaus ir prozininko Alexandre\u2019o Jardino (Aleksandro \u017dardeno) romanas. Knyga para\u0161yta","og_url":"https:\/\/skaitytaknyga.lt\/en\/produktas\/vienos-meiles-autobiografija\/","og_site_name":"Skaitytaknyga","article_publisher":"https:\/\/www.facebook.com\/skaitytaknyga\/","article_modified_time":"2025-11-13T20:51:47+00:00","og_image":[{"width":482,"height":801,"url":"https:\/\/skaitytaknyga.lt\/wp-content\/uploads\/2025\/05\/Vienos-meiles-autobiografija.webp","type":"image\/webp"}],"twitter_card":"summary_large_image","twitter_misc":{"Estimated reading time":"1 minute"},"schema":{"@context":"https:\/\/schema.org","@graph":[{"@type":"WebPage","@id":"https:\/\/skaitytaknyga.lt\/produktas\/vienos-meiles-autobiografija\/","url":"https:\/\/skaitytaknyga.lt\/produktas\/vienos-meiles-autobiografija\/","name":"Vienos meil\u0117s autobiografija","isPartOf":{"@id":"https:\/\/skaitytaknyga.lt\/#website"},"primaryImageOfPage":{"@id":"https:\/\/skaitytaknyga.lt\/produktas\/vienos-meiles-autobiografija\/#primaryimage"},"image":{"@id":"https:\/\/skaitytaknyga.lt\/produktas\/vienos-meiles-autobiografija\/#primaryimage"},"thumbnailUrl":"https:\/\/skaitytaknyga.lt\/wp-content\/uploads\/2025\/05\/Vienos-meiles-autobiografija.webp","datePublished":"2025-05-28T06:32:19+00:00","dateModified":"2025-11-13T20:51:47+00:00","description":"\u201eVienos meil\u0117s autobiografija\u201c \u2013 naujas pranc\u016bz\u0173 kino re\u017eisieriaus ir prozininko Alexandre\u2019o Jardino (Aleksandro \u017dardeno) romanas. Knyga para\u0161yta","breadcrumb":{"@id":"https:\/\/skaitytaknyga.lt\/produktas\/vienos-meiles-autobiografija\/#breadcrumb"},"inLanguage":"en-GB","potentialAction":[{"@type":"ReadAction","target":["https:\/\/skaitytaknyga.lt\/produktas\/vienos-meiles-autobiografija\/"]}]},{"@type":"ImageObject","inLanguage":"en-GB","@id":"https:\/\/skaitytaknyga.lt\/produktas\/vienos-meiles-autobiografija\/#primaryimage","url":"https:\/\/skaitytaknyga.lt\/wp-content\/uploads\/2025\/05\/Vienos-meiles-autobiografija.webp","contentUrl":"https:\/\/skaitytaknyga.lt\/wp-content\/uploads\/2025\/05\/Vienos-meiles-autobiografija.webp","width":482,"height":801,"caption":"Vienos meil\u0117s autobiografija"},{"@type":"BreadcrumbList","@id":"https:\/\/skaitytaknyga.lt\/produktas\/vienos-meiles-autobiografija\/#breadcrumb","itemListElement":[{"@type":"ListItem","position":1,"name":"Home","item":"https:\/\/skaitytaknyga.lt\/"},{"@type":"ListItem","position":2,"name":"Parduotuv\u0117","item":"https:\/\/skaitytaknyga.lt\/knygu-parduotuve\/"},{"@type":"ListItem","position":3,"name":"Vienos meil\u0117s autobiografija"}]},{"@type":"WebSite","@id":"https:\/\/skaitytaknyga.lt\/#website","url":"https:\/\/skaitytaknyga.lt\/","name":"skaitytaknyga.lt","description":"Skaitytaknyga.lt \u2013 tai ma\u017eas \u0161eimos verslas, kuris prasid\u0117jo nuo meil\u0117s knygoms ir siekio i\u0161gelb\u0117ti knygas nuo likimo prie konteinerio. Kas vienam nereikalingas daiktas \u2013 kitam lobis, o mes esame tarpininkai, kurie padeda abiems tapti laimingesniems ???? \u017dinome kaip nelengva i\u0161gyventi ma\u017eiems verslams, tad nuo \u0161iol, \u010dia rasite ir kit\u0173, ma\u017e\u0173 \u0161eim\u0173 versl\u0173, rank\u0173 darbo, dovan\u0173 sau ir artimiesiems.","publisher":{"@id":"https:\/\/skaitytaknyga.lt\/#organization"},"potentialAction":[{"@type":"SearchAction","target":{"@type":"EntryPoint","urlTemplate":"https:\/\/skaitytaknyga.lt\/?s={search_term_string}"},"query-input":{"@type":"PropertyValueSpecification","valueRequired":true,"valueName":"search_term_string"}}],"inLanguage":"en-GB"},{"@type":"Organization","@id":"https:\/\/skaitytaknyga.lt\/#organization","name":"skaitytaknyga.lt","url":"https:\/\/skaitytaknyga.lt\/","logo":{"@type":"ImageObject","inLanguage":"en-GB","@id":"https:\/\/skaitytaknyga.lt\/#\/schema\/logo\/image\/","url":"https:\/\/skaitytaknyga.lt\/wp-content\/uploads\/2024\/05\/cropped-cropped-cropped-02_00843_jt3bggkj1j3HLc7SyY6rEUpg.jpeg","contentUrl":"https:\/\/skaitytaknyga.lt\/wp-content\/uploads\/2024\/05\/cropped-cropped-cropped-02_00843_jt3bggkj1j3HLc7SyY6rEUpg.jpeg","width":1600,"height":1600,"caption":"skaitytaknyga.lt"},"image":{"@id":"https:\/\/skaitytaknyga.lt\/#\/schema\/logo\/image\/"},"sameAs":["https:\/\/www.facebook.com\/skaitytaknyga\/"]}]}},"_links":{"self":[{"href":"https:\/\/skaitytaknyga.lt\/en\/wp-json\/wp\/v2\/product\/18554","targetHints":{"allow":["GET"]}}],"collection":[{"href":"https:\/\/skaitytaknyga.lt\/en\/wp-json\/wp\/v2\/product"}],"about":[{"href":"https:\/\/skaitytaknyga.lt\/en\/wp-json\/wp\/v2\/types\/product"}],"replies":[{"embeddable":true,"href":"https:\/\/skaitytaknyga.lt\/en\/wp-json\/wp\/v2\/comments?post=18554"}],"wp:featuredmedia":[{"embeddable":true,"href":"https:\/\/skaitytaknyga.lt\/en\/wp-json\/wp\/v2\/media\/18632"}],"wp:attachment":[{"href":"https:\/\/skaitytaknyga.lt\/en\/wp-json\/wp\/v2\/media?parent=18554"}],"wp:term":[{"taxonomy":"product_brand","embeddable":true,"href":"https:\/\/skaitytaknyga.lt\/en\/wp-json\/wp\/v2\/product_brand?post=18554"},{"taxonomy":"product_cat","embeddable":true,"href":"https:\/\/skaitytaknyga.lt\/en\/wp-json\/wp\/v2\/product_cat?post=18554"},{"taxonomy":"product_tag","embeddable":true,"href":"https:\/\/skaitytaknyga.lt\/en\/wp-json\/wp\/v2\/product_tag?post=18554"}],"curies":[{"name":"wp","href":"https:\/\/api.w.org\/{rel}","templated":true}]}}