{"id":18547,"date":"2025-05-28T08:30:25","date_gmt":"2025-05-28T05:30:25","guid":{"rendered":"https:\/\/skaitytaknyga.lt\/?post_type=product&#038;p=18547"},"modified":"2025-11-09T20:38:54","modified_gmt":"2025-11-09T18:38:54","slug":"meile-ir-seksas-senoves-romoje","status":"publish","type":"product","link":"https:\/\/skaitytaknyga.lt\/en\/produktas\/meile-ir-seksas-senoves-romoje\/","title":{"rendered":"Meil\u0117 ir seksas senov\u0117s Romoje"},"content":{"rendered":"<p>Matant paveikslus ir freskas Pomp\u0117juose ar muziejuose, pirmoji \u012f galv\u0105 ateinanti mintis yra: \u201eBet juk jie buvo visai kaip mes!\u201c Po to \u017ei\u016brime film\u0105 ar televizijos serial\u0105 apie senov\u0117s Rom\u0105 arba girdime gido \u017eod\u017eius ir pakei\u010diame nuomon\u0119: \u201eKokie jie buvo i\u0161kryp\u0117liai!\u201c&#8230;<\/p>\n<p>O kokia teisyb\u0117?<\/p>\n<p>\u0160ios knygos tikslas toks ir yra \u2013 atskleisti ties\u0105 apie senov\u0117s rom\u0117n\u0173 laik\u0173 meil\u0119.<\/p>\n<p>Alberto Angela (Alberto And\u017eela, g. 1962 m.) \u2013 ital\u0173 paleontologas, gamtos tyrin\u0117tojas, mokslo populiarinimo laid\u0173 ved\u0117jas ir ra\u0161ytojas. Lietuvi\u0173 kalba jau i\u0161leistos dvi jo knygos apie kasdien\u012f gyvenim\u0105 senov\u0117s Romos imperijoje (\u201eViena diena Senov\u0117s Romoje\u201c ir \u201eRomos imperija. Kelion\u0117 paskui monet\u0105\u201c). \u0160i tre\u010dioji knyga \u2013 apie tai, kas gyvenim\u0105 daro pakeliam\u0105. Apie meil\u0119.<\/p>\n<p>\u0160i knyga jungia malonum\u0105 skaityti roman\u0105 su istorin\u0117s monografijos tikslumu. \u201eMeil\u0117 ir seksas senov\u0117s Romoje\u201c atsako \u012f daugyb\u0119 klausim\u0173. Kaip bu\u010diavosi senov\u0117s rom\u0117nai, k\u0105 \u017ei\u016br\u0117dami vienas kitam \u012f akis sakydavo \u012fsimyl\u0117j\u0117liai, ar su\u017ead\u0117tinis kviesdavo savo mylim\u0105j\u0105 vakarien\u0117s, ar buvo biseksualumas ir kamasutra. Kaip myl\u0117davosi imperatoriai ir pras\u010diokai, kokiais b\u016bdais \u017emon\u0117s viliodavo vieni kitus ir kokie buvo seksualiniai tabu. Ar egzistavo nei\u0161tikimyb\u0117 ir jei taip \u2013 tai kas gr\u0117s\u0117 nei\u0161tikimiesiems?<\/p>\n<p>\u012esivaizduokite, kad atsid\u016br\u0117te senov\u0117s Romos aik\u0161t\u0117je. \u010cia vaik\u0161tin\u0117ja \u012fsimyl\u0117j\u0117li\u0173 pora, gladiatorius, besi\u017evalgantis \u012f kilming\u0105 panel\u0119, t\u0117vas, lydintis s\u016bn\u0173 padaryti tai \u201epirm\u0105 kart\u0105\u201c, auk\u0161to lygio prostitut\u0117&#8230; Gerai pa\u017ei\u016br\u0117kite \u012f \u0161iuos \u017emones \u2013 pakaks pab\u016bti su jais vien\u0105 dien\u0105 ir atrasime intriguojan\u010dias senov\u0117s Romos meil\u0117s ir sekso paslaptis. Ir pamatysime, kad j\u0173 b\u016bdas myl\u0117ti ne\u012ftik\u0117tinai primena m\u016bsi\u0161k\u012f.<\/p>\n","protected":false},"excerpt":{"rendered":"<p>Matant paveikslus ir freskas Pomp\u0117juose ar muziejuose, pirmoji \u012f galv\u0105 ateinanti mintis yra: \u201eBet juk jie buvo visai kaip mes!\u201c Po to \u017ei\u016brime film\u0105 ar televizijos serial\u0105 apie senov\u0117s Rom\u0105 arba girdime gido \u017eod\u017eius ir pakei\u010diame nuomon\u0119: \u201eKokie jie buvo i\u0161kryp\u0117liai!\u201c&#8230; O kokia teisyb\u0117? \u0160ios knygos tikslas toks ir yra \u2013 atskleisti ties\u0105 apie senov\u0117s rom\u0117n\u0173 laik\u0173 meil\u0119. Alberto Angela (Alberto And\u017eela, g. 1962 m.) \u2013 ital\u0173 paleontologas, gamtos tyrin\u0117tojas, mokslo populiarinimo laid\u0173 ved\u0117jas ir ra\u0161ytojas. Lietuvi\u0173 kalba jau i\u0161leistos dvi jo knygos apie kasdien\u012f gyvenim\u0105 senov\u0117s Romos imperijoje (\u201eViena diena Senov\u0117s Romoje\u201c ir \u201eRomos imperija. Kelion\u0117 paskui monet\u0105\u201c). \u0160i tre\u010dioji knyga \u2013 apie tai, kas gyvenim\u0105 daro pakeliam\u0105. Apie meil\u0119. \u0160i knyga jungia malonum\u0105 skaityti roman\u0105 su istorin\u0117s monografijos tikslumu. \u201eMeil\u0117 ir seksas senov\u0117s Romoje\u201c atsako \u012f daugyb\u0119 klausim\u0173. Kaip bu\u010diavosi senov\u0117s rom\u0117nai, k\u0105 \u017ei\u016br\u0117dami vienas kitam \u012f akis sakydavo \u012fsimyl\u0117j\u0117liai, ar su\u017ead\u0117tinis kviesdavo savo mylim\u0105j\u0105 vakarien\u0117s, ar buvo biseksualumas ir kamasutra. Kaip myl\u0117davosi imperatoriai ir pras\u010diokai, kokiais b\u016bdais \u017emon\u0117s viliodavo vieni kitus ir kokie buvo seksualiniai tabu. Ar egzistavo nei\u0161tikimyb\u0117 ir jei taip \u2013 tai kas gr\u0117s\u0117 nei\u0161tikimiesiems? \u012esivaizduokite, kad atsid\u016br\u0117te senov\u0117s Romos aik\u0161t\u0117je. \u010cia vaik\u0161tin\u0117ja \u012fsimyl\u0117j\u0117li\u0173 pora, gladiatorius, besi\u017evalgantis \u012f kilming\u0105 panel\u0119, t\u0117vas, lydintis s\u016bn\u0173 padaryti tai \u201epirm\u0105 kart\u0105\u201c, auk\u0161to lygio prostitut\u0117&#8230; Gerai pa\u017ei\u016br\u0117kite \u012f \u0161iuos \u017emones \u2013 pakaks pab\u016bti su jais vien\u0105 dien\u0105 ir atrasime intriguojan\u010dias senov\u0117s Romos meil\u0117s ir sekso paslaptis. Ir pamatysime, kad j\u0173 b\u016bdas myl\u0117ti ne\u012ftik\u0117tinai primena m\u016bsi\u0161k\u012f.<\/p>\n","protected":false},"featured_media":18552,"comment_status":"open","ping_status":"closed","template":"","meta":{"_acf_changed":false,"site-sidebar-layout":"default","site-content-layout":"","ast-site-content-layout":"default","site-content-style":"default","site-sidebar-style":"default","ast-global-header-display":"","ast-banner-title-visibility":"","ast-main-header-display":"","ast-hfb-above-header-display":"","ast-hfb-below-header-display":"","ast-hfb-mobile-header-display":"","site-post-title":"","ast-breadcrumbs-content":"","ast-featured-img":"","footer-sml-layout":"","ast-disable-related-posts":"","theme-transparent-header-meta":"","adv-header-id-meta":"","stick-header-meta":"","header-above-stick-meta":"","header-main-stick-meta":"","header-below-stick-meta":"","astra-migrate-meta-layouts":"default","ast-page-background-enabled":"default","ast-page-background-meta":{"desktop":{"background-color":"","background-image":"","background-repeat":"repeat","background-position":"center center","background-size":"auto","background-attachment":"scroll","background-type":"","background-media":"","overlay-type":"","overlay-color":"","overlay-opacity":"","overlay-gradient":""},"tablet":{"background-color":"","background-image":"","background-repeat":"repeat","background-position":"center center","background-size":"auto","background-attachment":"scroll","background-type":"","background-media":"","overlay-type":"","overlay-color":"","overlay-opacity":"","overlay-gradient":""},"mobile":{"background-color":"","background-image":"","background-repeat":"repeat","background-position":"center center","background-size":"auto","background-attachment":"scroll","background-type":"","background-media":"","overlay-type":"","overlay-color":"","overlay-opacity":"","overlay-gradient":""}},"ast-content-background-meta":{"desktop":{"background-color":"var(--ast-global-color-4)","background-image":"","background-repeat":"repeat","background-position":"center center","background-size":"auto","background-attachment":"scroll","background-type":"","background-media":"","overlay-type":"","overlay-color":"","overlay-opacity":"","overlay-gradient":""},"tablet":{"background-color":"var(--ast-global-color-4)","background-image":"","background-repeat":"repeat","background-position":"center center","background-size":"auto","background-attachment":"scroll","background-type":"","background-media":"","overlay-type":"","overlay-color":"","overlay-opacity":"","overlay-gradient":""},"mobile":{"background-color":"var(--ast-global-color-4)","background-image":"","background-repeat":"repeat","background-position":"center center","background-size":"auto","background-attachment":"scroll","background-type":"","background-media":"","overlay-type":"","overlay-color":"","overlay-opacity":"","overlay-gradient":""}}},"product_brand":[],"product_cat":[174],"product_tag":[4484,4486,3318,2224,2376,1796,3119,4485],"class_list":{"0":"post-18547","1":"product","2":"type-product","3":"status-publish","4":"has-post-thumbnail","6":"product_cat-istorija-ir-politologija","7":"product_tag-alberto-angela","8":"product_tag-antropologija","9":"product_tag-imperija","10":"product_tag-istorija","11":"product_tag-kultura","12":"product_tag-meile","13":"product_tag-seksas","14":"product_tag-senoves-roma","15":"desktop-align-left","16":"tablet-align-left","17":"mobile-align-left","19":"first","20":"outofstock","21":"shipping-taxable","22":"purchasable","23":"product-type-simple"},"acf":[],"yoast_head":"<!-- This site is optimized with the Yoast SEO plugin v27.0 - https:\/\/yoast.com\/product\/yoast-seo-wordpress\/ -->\n<title>Meil\u0117 ir seksas senov\u0117s Romoje<\/title>\n<meta name=\"description\" content=\"Matant paveikslus ir freskas Pomp\u0117juose ar muziejuose, pirmoji \u012f galv\u0105 ateinanti mintis yra: \u201eBet juk jie buvo visai kaip mes!\u201c Po to \u017ei\u016brime film\u0105 ar\" \/>\n<meta name=\"robots\" content=\"index, follow, max-snippet:-1, max-image-preview:large, max-video-preview:-1\" \/>\n<link rel=\"canonical\" href=\"https:\/\/skaitytaknyga.lt\/en\/produktas\/meile-ir-seksas-senoves-romoje\/\" \/>\n<meta property=\"og:locale\" content=\"en_GB\" \/>\n<meta property=\"og:locale:alternate\" content=\"lt_LT\" \/>\n<meta property=\"og:type\" content=\"article\" \/>\n<meta property=\"og:title\" content=\"Meil\u0117 ir seksas senov\u0117s Romoje\" \/>\n<meta property=\"og:description\" content=\"Matant paveikslus ir freskas Pomp\u0117juose ar muziejuose, pirmoji \u012f galv\u0105 ateinanti mintis yra: \u201eBet juk jie buvo visai kaip mes!\u201c Po to \u017ei\u016brime film\u0105 ar\" \/>\n<meta property=\"og:url\" content=\"https:\/\/skaitytaknyga.lt\/en\/produktas\/meile-ir-seksas-senoves-romoje\/\" \/>\n<meta property=\"og:site_name\" content=\"Skaitytaknyga\" \/>\n<meta property=\"article:publisher\" content=\"https:\/\/www.facebook.com\/skaitytaknyga\/\" \/>\n<meta property=\"article:modified_time\" content=\"2025-11-09T18:38:54+00:00\" \/>\n<meta property=\"og:image\" content=\"https:\/\/skaitytaknyga.lt\/wp-content\/uploads\/2025\/05\/Meile-ir-seksas-senoves-Romoje.webp\" \/>\n\t<meta property=\"og:image:width\" content=\"534\" \/>\n\t<meta property=\"og:image:height\" content=\"801\" \/>\n\t<meta property=\"og:image:type\" content=\"image\/webp\" \/>\n<meta name=\"twitter:card\" content=\"summary_large_image\" \/>\n<meta name=\"twitter:label1\" content=\"Estimated reading time\" \/>\n\t<meta name=\"twitter:data1\" content=\"1 minute\" \/>\n<script type=\"application\/ld+json\" class=\"yoast-schema-graph\">{\"@context\":\"https:\/\/schema.org\",\"@graph\":[{\"@type\":\"WebPage\",\"@id\":\"https:\/\/skaitytaknyga.lt\/produktas\/meile-ir-seksas-senoves-romoje\/\",\"url\":\"https:\/\/skaitytaknyga.lt\/produktas\/meile-ir-seksas-senoves-romoje\/\",\"name\":\"Meil\u0117 ir seksas senov\u0117s Romoje\",\"isPartOf\":{\"@id\":\"https:\/\/skaitytaknyga.lt\/#website\"},\"primaryImageOfPage\":{\"@id\":\"https:\/\/skaitytaknyga.lt\/produktas\/meile-ir-seksas-senoves-romoje\/#primaryimage\"},\"image\":{\"@id\":\"https:\/\/skaitytaknyga.lt\/produktas\/meile-ir-seksas-senoves-romoje\/#primaryimage\"},\"thumbnailUrl\":\"https:\/\/skaitytaknyga.lt\/wp-content\/uploads\/2025\/05\/Meile-ir-seksas-senoves-Romoje.webp\",\"datePublished\":\"2025-05-28T05:30:25+00:00\",\"dateModified\":\"2025-11-09T18:38:54+00:00\",\"description\":\"Matant paveikslus ir freskas Pomp\u0117juose ar muziejuose, pirmoji \u012f galv\u0105 ateinanti mintis yra: \u201eBet juk jie buvo visai kaip mes!\u201c Po to \u017ei\u016brime film\u0105 ar\",\"breadcrumb\":{\"@id\":\"https:\/\/skaitytaknyga.lt\/produktas\/meile-ir-seksas-senoves-romoje\/#breadcrumb\"},\"inLanguage\":\"en-GB\",\"potentialAction\":[{\"@type\":\"ReadAction\",\"target\":[\"https:\/\/skaitytaknyga.lt\/produktas\/meile-ir-seksas-senoves-romoje\/\"]}]},{\"@type\":\"ImageObject\",\"inLanguage\":\"en-GB\",\"@id\":\"https:\/\/skaitytaknyga.lt\/produktas\/meile-ir-seksas-senoves-romoje\/#primaryimage\",\"url\":\"https:\/\/skaitytaknyga.lt\/wp-content\/uploads\/2025\/05\/Meile-ir-seksas-senoves-Romoje.webp\",\"contentUrl\":\"https:\/\/skaitytaknyga.lt\/wp-content\/uploads\/2025\/05\/Meile-ir-seksas-senoves-Romoje.webp\",\"width\":534,\"height\":801,\"caption\":\"Meil\u0117 ir seksas senov\u0117s Romoje\"},{\"@type\":\"BreadcrumbList\",\"@id\":\"https:\/\/skaitytaknyga.lt\/produktas\/meile-ir-seksas-senoves-romoje\/#breadcrumb\",\"itemListElement\":[{\"@type\":\"ListItem\",\"position\":1,\"name\":\"Home\",\"item\":\"https:\/\/skaitytaknyga.lt\/\"},{\"@type\":\"ListItem\",\"position\":2,\"name\":\"Parduotuv\u0117\",\"item\":\"https:\/\/skaitytaknyga.lt\/knygu-parduotuve\/\"},{\"@type\":\"ListItem\",\"position\":3,\"name\":\"Meil\u0117 ir seksas senov\u0117s Romoje\"}]},{\"@type\":\"WebSite\",\"@id\":\"https:\/\/skaitytaknyga.lt\/#website\",\"url\":\"https:\/\/skaitytaknyga.lt\/\",\"name\":\"skaitytaknyga.lt\",\"description\":\"Skaitytaknyga.lt \u2013 tai ma\u017eas \u0161eimos verslas, kuris prasid\u0117jo nuo meil\u0117s knygoms ir siekio i\u0161gelb\u0117ti knygas nuo likimo prie konteinerio. Kas vienam nereikalingas daiktas \u2013 kitam lobis, o mes esame tarpininkai, kurie padeda abiems tapti laimingesniems ???? \u017dinome kaip nelengva i\u0161gyventi ma\u017eiems verslams, tad nuo \u0161iol, \u010dia rasite ir kit\u0173, ma\u017e\u0173 \u0161eim\u0173 versl\u0173, rank\u0173 darbo, dovan\u0173 sau ir artimiesiems.\",\"publisher\":{\"@id\":\"https:\/\/skaitytaknyga.lt\/#organization\"},\"potentialAction\":[{\"@type\":\"SearchAction\",\"target\":{\"@type\":\"EntryPoint\",\"urlTemplate\":\"https:\/\/skaitytaknyga.lt\/?s={search_term_string}\"},\"query-input\":{\"@type\":\"PropertyValueSpecification\",\"valueRequired\":true,\"valueName\":\"search_term_string\"}}],\"inLanguage\":\"en-GB\"},{\"@type\":\"Organization\",\"@id\":\"https:\/\/skaitytaknyga.lt\/#organization\",\"name\":\"skaitytaknyga.lt\",\"url\":\"https:\/\/skaitytaknyga.lt\/\",\"logo\":{\"@type\":\"ImageObject\",\"inLanguage\":\"en-GB\",\"@id\":\"https:\/\/skaitytaknyga.lt\/#\/schema\/logo\/image\/\",\"url\":\"https:\/\/skaitytaknyga.lt\/wp-content\/uploads\/2024\/05\/cropped-cropped-cropped-02_00843_jt3bggkj1j3HLc7SyY6rEUpg.jpeg\",\"contentUrl\":\"https:\/\/skaitytaknyga.lt\/wp-content\/uploads\/2024\/05\/cropped-cropped-cropped-02_00843_jt3bggkj1j3HLc7SyY6rEUpg.jpeg\",\"width\":1600,\"height\":1600,\"caption\":\"skaitytaknyga.lt\"},\"image\":{\"@id\":\"https:\/\/skaitytaknyga.lt\/#\/schema\/logo\/image\/\"},\"sameAs\":[\"https:\/\/www.facebook.com\/skaitytaknyga\/\"]}]}<\/script>\n<!-- \/ Yoast SEO plugin. -->","yoast_head_json":{"title":"Meil\u0117 ir seksas senov\u0117s Romoje","description":"Matant paveikslus ir freskas Pomp\u0117juose ar muziejuose, pirmoji \u012f galv\u0105 ateinanti mintis yra: \u201eBet juk jie buvo visai kaip mes!\u201c Po to \u017ei\u016brime film\u0105 ar","robots":{"index":"index","follow":"follow","max-snippet":"max-snippet:-1","max-image-preview":"max-image-preview:large","max-video-preview":"max-video-preview:-1"},"canonical":"https:\/\/skaitytaknyga.lt\/en\/produktas\/meile-ir-seksas-senoves-romoje\/","og_locale":"en_GB","og_type":"article","og_title":"[:lt]Meil\u0117 ir seksas senov\u0117s Romoje[:] - Skaitytaknyga","og_description":"Matant paveikslus ir freskas Pomp\u0117juose ar muziejuose, pirmoji \u012f galv\u0105 ateinanti mintis yra: \u201eBet juk jie buvo visai kaip mes!\u201c Po to \u017ei\u016brime film\u0105 ar","og_url":"https:\/\/skaitytaknyga.lt\/en\/produktas\/meile-ir-seksas-senoves-romoje\/","og_site_name":"Skaitytaknyga","article_publisher":"https:\/\/www.facebook.com\/skaitytaknyga\/","article_modified_time":"2025-11-09T18:38:54+00:00","og_image":[{"width":534,"height":801,"url":"https:\/\/skaitytaknyga.lt\/wp-content\/uploads\/2025\/05\/Meile-ir-seksas-senoves-Romoje.webp","type":"image\/webp"}],"twitter_card":"summary_large_image","twitter_misc":{"Estimated reading time":"1 minute"},"schema":{"@context":"https:\/\/schema.org","@graph":[{"@type":"WebPage","@id":"https:\/\/skaitytaknyga.lt\/produktas\/meile-ir-seksas-senoves-romoje\/","url":"https:\/\/skaitytaknyga.lt\/produktas\/meile-ir-seksas-senoves-romoje\/","name":"Meil\u0117 ir seksas senov\u0117s Romoje","isPartOf":{"@id":"https:\/\/skaitytaknyga.lt\/#website"},"primaryImageOfPage":{"@id":"https:\/\/skaitytaknyga.lt\/produktas\/meile-ir-seksas-senoves-romoje\/#primaryimage"},"image":{"@id":"https:\/\/skaitytaknyga.lt\/produktas\/meile-ir-seksas-senoves-romoje\/#primaryimage"},"thumbnailUrl":"https:\/\/skaitytaknyga.lt\/wp-content\/uploads\/2025\/05\/Meile-ir-seksas-senoves-Romoje.webp","datePublished":"2025-05-28T05:30:25+00:00","dateModified":"2025-11-09T18:38:54+00:00","description":"Matant paveikslus ir freskas Pomp\u0117juose ar muziejuose, pirmoji \u012f galv\u0105 ateinanti mintis yra: \u201eBet juk jie buvo visai kaip mes!\u201c Po to \u017ei\u016brime film\u0105 ar","breadcrumb":{"@id":"https:\/\/skaitytaknyga.lt\/produktas\/meile-ir-seksas-senoves-romoje\/#breadcrumb"},"inLanguage":"en-GB","potentialAction":[{"@type":"ReadAction","target":["https:\/\/skaitytaknyga.lt\/produktas\/meile-ir-seksas-senoves-romoje\/"]}]},{"@type":"ImageObject","inLanguage":"en-GB","@id":"https:\/\/skaitytaknyga.lt\/produktas\/meile-ir-seksas-senoves-romoje\/#primaryimage","url":"https:\/\/skaitytaknyga.lt\/wp-content\/uploads\/2025\/05\/Meile-ir-seksas-senoves-Romoje.webp","contentUrl":"https:\/\/skaitytaknyga.lt\/wp-content\/uploads\/2025\/05\/Meile-ir-seksas-senoves-Romoje.webp","width":534,"height":801,"caption":"Meil\u0117 ir seksas senov\u0117s Romoje"},{"@type":"BreadcrumbList","@id":"https:\/\/skaitytaknyga.lt\/produktas\/meile-ir-seksas-senoves-romoje\/#breadcrumb","itemListElement":[{"@type":"ListItem","position":1,"name":"Home","item":"https:\/\/skaitytaknyga.lt\/"},{"@type":"ListItem","position":2,"name":"Parduotuv\u0117","item":"https:\/\/skaitytaknyga.lt\/knygu-parduotuve\/"},{"@type":"ListItem","position":3,"name":"Meil\u0117 ir seksas senov\u0117s Romoje"}]},{"@type":"WebSite","@id":"https:\/\/skaitytaknyga.lt\/#website","url":"https:\/\/skaitytaknyga.lt\/","name":"skaitytaknyga.lt","description":"Skaitytaknyga.lt \u2013 tai ma\u017eas \u0161eimos verslas, kuris prasid\u0117jo nuo meil\u0117s knygoms ir siekio i\u0161gelb\u0117ti knygas nuo likimo prie konteinerio. Kas vienam nereikalingas daiktas \u2013 kitam lobis, o mes esame tarpininkai, kurie padeda abiems tapti laimingesniems ???? \u017dinome kaip nelengva i\u0161gyventi ma\u017eiems verslams, tad nuo \u0161iol, \u010dia rasite ir kit\u0173, ma\u017e\u0173 \u0161eim\u0173 versl\u0173, rank\u0173 darbo, dovan\u0173 sau ir artimiesiems.","publisher":{"@id":"https:\/\/skaitytaknyga.lt\/#organization"},"potentialAction":[{"@type":"SearchAction","target":{"@type":"EntryPoint","urlTemplate":"https:\/\/skaitytaknyga.lt\/?s={search_term_string}"},"query-input":{"@type":"PropertyValueSpecification","valueRequired":true,"valueName":"search_term_string"}}],"inLanguage":"en-GB"},{"@type":"Organization","@id":"https:\/\/skaitytaknyga.lt\/#organization","name":"skaitytaknyga.lt","url":"https:\/\/skaitytaknyga.lt\/","logo":{"@type":"ImageObject","inLanguage":"en-GB","@id":"https:\/\/skaitytaknyga.lt\/#\/schema\/logo\/image\/","url":"https:\/\/skaitytaknyga.lt\/wp-content\/uploads\/2024\/05\/cropped-cropped-cropped-02_00843_jt3bggkj1j3HLc7SyY6rEUpg.jpeg","contentUrl":"https:\/\/skaitytaknyga.lt\/wp-content\/uploads\/2024\/05\/cropped-cropped-cropped-02_00843_jt3bggkj1j3HLc7SyY6rEUpg.jpeg","width":1600,"height":1600,"caption":"skaitytaknyga.lt"},"image":{"@id":"https:\/\/skaitytaknyga.lt\/#\/schema\/logo\/image\/"},"sameAs":["https:\/\/www.facebook.com\/skaitytaknyga\/"]}]}},"_links":{"self":[{"href":"https:\/\/skaitytaknyga.lt\/en\/wp-json\/wp\/v2\/product\/18547","targetHints":{"allow":["GET"]}}],"collection":[{"href":"https:\/\/skaitytaknyga.lt\/en\/wp-json\/wp\/v2\/product"}],"about":[{"href":"https:\/\/skaitytaknyga.lt\/en\/wp-json\/wp\/v2\/types\/product"}],"replies":[{"embeddable":true,"href":"https:\/\/skaitytaknyga.lt\/en\/wp-json\/wp\/v2\/comments?post=18547"}],"wp:featuredmedia":[{"embeddable":true,"href":"https:\/\/skaitytaknyga.lt\/en\/wp-json\/wp\/v2\/media\/18552"}],"wp:attachment":[{"href":"https:\/\/skaitytaknyga.lt\/en\/wp-json\/wp\/v2\/media?parent=18547"}],"wp:term":[{"taxonomy":"product_brand","embeddable":true,"href":"https:\/\/skaitytaknyga.lt\/en\/wp-json\/wp\/v2\/product_brand?post=18547"},{"taxonomy":"product_cat","embeddable":true,"href":"https:\/\/skaitytaknyga.lt\/en\/wp-json\/wp\/v2\/product_cat?post=18547"},{"taxonomy":"product_tag","embeddable":true,"href":"https:\/\/skaitytaknyga.lt\/en\/wp-json\/wp\/v2\/product_tag?post=18547"}],"curies":[{"name":"wp","href":"https:\/\/api.w.org\/{rel}","templated":true}]}}