{"id":18546,"date":"2025-05-28T08:30:24","date_gmt":"2025-05-28T05:30:24","guid":{"rendered":"https:\/\/skaitytaknyga.lt\/?post_type=product&#038;p=18546"},"modified":"2025-06-22T19:24:42","modified_gmt":"2025-06-22T16:24:42","slug":"lietuviu-kalbos-istorija-iv-lietuviu-kalba-xviii-xix-a","status":"publish","type":"product","link":"https:\/\/skaitytaknyga.lt\/en\/produktas\/lietuviu-kalbos-istorija-iv-lietuviu-kalba-xviii-xix-a\/","title":{"rendered":"Lietuvi\u0173 kalbos istorija IV. Lietuvi\u0173 kalba XVIII\u2013XIX a."},"content":{"rendered":"<p>Tome ap\u017evelgiama lietuvi\u0173 kalbos raida nuo XVIII a. iki XIX a. 8-ojo de\u0161imtme\u010dio, t.y. nuo rytinio ra\u0161t\u0173 kalbos varianto i\u0161nykimo iki dabartin\u0117s bendrin\u0117s kalbos formavimosi prad\u017eios. Aptariamas ra\u0161t\u0173 kalbos carin\u0117je Rusijoje sunykimas ir tarminis suskilimas. Analizuojama lietuvi\u0173 germanizacija ir j\u0173 ra\u0161omosios kalbos raida Ma\u017eojoje Lietuvoje.<\/p>\n","protected":false},"excerpt":{"rendered":"<p>Tome ap\u017evelgiama lietuvi\u0173 kalbos raida nuo XVIII a. iki XIX a. 8-ojo de\u0161imtme\u010dio, t.y. nuo rytinio ra\u0161t\u0173 kalbos varianto i\u0161nykimo iki dabartin\u0117s bendrin\u0117s kalbos formavimosi prad\u017eios. Aptariamas ra\u0161t\u0173 kalbos carin\u0117je Rusijoje sunykimas ir tarminis suskilimas. Analizuojama lietuvi\u0173 germanizacija ir j\u0173 ra\u0161omosios kalbos raida Ma\u017eojoje Lietuvoje.<\/p>\n","protected":false},"featured_media":18551,"comment_status":"open","ping_status":"closed","template":"","meta":{"_acf_changed":false,"site-sidebar-layout":"default","site-content-layout":"","ast-site-content-layout":"default","site-content-style":"default","site-sidebar-style":"default","ast-global-header-display":"","ast-banner-title-visibility":"","ast-main-header-display":"","ast-hfb-above-header-display":"","ast-hfb-below-header-display":"","ast-hfb-mobile-header-display":"","site-post-title":"","ast-breadcrumbs-content":"","ast-featured-img":"","footer-sml-layout":"","ast-disable-related-posts":"","theme-transparent-header-meta":"","adv-header-id-meta":"","stick-header-meta":"","header-above-stick-meta":"","header-main-stick-meta":"","header-below-stick-meta":"","astra-migrate-meta-layouts":"default","ast-page-background-enabled":"default","ast-page-background-meta":{"desktop":{"background-color":"","background-image":"","background-repeat":"repeat","background-position":"center center","background-size":"auto","background-attachment":"scroll","background-type":"","background-media":"","overlay-type":"","overlay-color":"","overlay-opacity":"","overlay-gradient":""},"tablet":{"background-color":"","background-image":"","background-repeat":"repeat","background-position":"center center","background-size":"auto","background-attachment":"scroll","background-type":"","background-media":"","overlay-type":"","overlay-color":"","overlay-opacity":"","overlay-gradient":""},"mobile":{"background-color":"","background-image":"","background-repeat":"repeat","background-position":"center center","background-size":"auto","background-attachment":"scroll","background-type":"","background-media":"","overlay-type":"","overlay-color":"","overlay-opacity":"","overlay-gradient":""}},"ast-content-background-meta":{"desktop":{"background-color":"var(--ast-global-color-4)","background-image":"","background-repeat":"repeat","background-position":"center center","background-size":"auto","background-attachment":"scroll","background-type":"","background-media":"","overlay-type":"","overlay-color":"","overlay-opacity":"","overlay-gradient":""},"tablet":{"background-color":"var(--ast-global-color-4)","background-image":"","background-repeat":"repeat","background-position":"center center","background-size":"auto","background-attachment":"scroll","background-type":"","background-media":"","overlay-type":"","overlay-color":"","overlay-opacity":"","overlay-gradient":""},"mobile":{"background-color":"var(--ast-global-color-4)","background-image":"","background-repeat":"repeat","background-position":"center center","background-size":"auto","background-attachment":"scroll","background-type":"","background-media":"","overlay-type":"","overlay-color":"","overlay-opacity":"","overlay-gradient":""}}},"product_brand":[],"product_cat":[2836],"product_tag":[4482,4481,1465,3923,2814,3057,4483,4480],"class_list":{"0":"post-18546","1":"product","2":"type-product","3":"status-publish","4":"has-post-thumbnail","6":"product_cat-kalba-kalbotyra-zodynai-2","7":"product_tag-germanizacija","8":"product_tag-kalbos-istorija","9":"product_tag-kalbotyra","10":"product_tag-lietuviu-kalba","11":"product_tag-mazoji-lietuva","12":"product_tag-xix-a","13":"product_tag-xviii-a","14":"product_tag-zigmas-zinkevicius","15":"desktop-align-left","16":"tablet-align-left","17":"mobile-align-left","19":"first","20":"instock","21":"shipping-taxable","22":"purchasable","23":"product-type-simple"},"acf":[],"yoast_head":"<!-- This site is optimized with the Yoast SEO plugin v27.0 - https:\/\/yoast.com\/product\/yoast-seo-wordpress\/ -->\n<title>Lietuvi\u0173 kalbos istorija IV. Lietuvi\u0173 kalba XVIII\u2013XIX a.<\/title>\n<meta name=\"description\" content=\"Tome ap\u017evelgiama lietuvi\u0173 kalbos raida nuo XVIII a. iki XIX a. 8-ojo de\u0161imtme\u010dio, t.y. nuo rytinio ra\u0161t\u0173 kalbos varianto i\u0161nykimo iki dabartin\u0117s bendrin\u0117s\" \/>\n<meta name=\"robots\" content=\"index, follow, max-snippet:-1, max-image-preview:large, max-video-preview:-1\" \/>\n<link rel=\"canonical\" href=\"https:\/\/skaitytaknyga.lt\/en\/produktas\/lietuviu-kalbos-istorija-iv-lietuviu-kalba-xviii-xix-a\/\" \/>\n<meta property=\"og:locale\" content=\"en_GB\" \/>\n<meta property=\"og:locale:alternate\" content=\"lt_LT\" \/>\n<meta property=\"og:type\" content=\"article\" \/>\n<meta property=\"og:title\" content=\"Lietuvi\u0173 kalbos istorija IV. Lietuvi\u0173 kalba XVIII\u2013XIX a.\" \/>\n<meta property=\"og:description\" content=\"Tome ap\u017evelgiama lietuvi\u0173 kalbos raida nuo XVIII a. iki XIX a. 8-ojo de\u0161imtme\u010dio, t.y. nuo rytinio ra\u0161t\u0173 kalbos varianto i\u0161nykimo iki dabartin\u0117s bendrin\u0117s\" \/>\n<meta property=\"og:url\" content=\"https:\/\/skaitytaknyga.lt\/en\/produktas\/lietuviu-kalbos-istorija-iv-lietuviu-kalba-xviii-xix-a\/\" \/>\n<meta property=\"og:site_name\" content=\"Skaitytaknyga\" \/>\n<meta property=\"article:publisher\" content=\"https:\/\/www.facebook.com\/skaitytaknyga\/\" \/>\n<meta property=\"article:modified_time\" content=\"2025-06-22T16:24:42+00:00\" \/>\n<meta property=\"og:image\" content=\"https:\/\/skaitytaknyga.lt\/wp-content\/uploads\/2025\/05\/Lietuviu-kalbos-istorija-IV.-Lietuviu-kalba-XVIII\u2013XIX-a.webp\" \/>\n\t<meta property=\"og:image:width\" content=\"377\" \/>\n\t<meta property=\"og:image:height\" content=\"549\" \/>\n\t<meta property=\"og:image:type\" content=\"image\/webp\" \/>\n<meta name=\"twitter:card\" content=\"summary_large_image\" \/>\n<script type=\"application\/ld+json\" class=\"yoast-schema-graph\">{\"@context\":\"https:\/\/schema.org\",\"@graph\":[{\"@type\":\"WebPage\",\"@id\":\"https:\/\/skaitytaknyga.lt\/produktas\/lietuviu-kalbos-istorija-iv-lietuviu-kalba-xviii-xix-a\/\",\"url\":\"https:\/\/skaitytaknyga.lt\/produktas\/lietuviu-kalbos-istorija-iv-lietuviu-kalba-xviii-xix-a\/\",\"name\":\"Lietuvi\u0173 kalbos istorija IV. Lietuvi\u0173 kalba XVIII\u2013XIX a.\",\"isPartOf\":{\"@id\":\"https:\/\/skaitytaknyga.lt\/#website\"},\"primaryImageOfPage\":{\"@id\":\"https:\/\/skaitytaknyga.lt\/produktas\/lietuviu-kalbos-istorija-iv-lietuviu-kalba-xviii-xix-a\/#primaryimage\"},\"image\":{\"@id\":\"https:\/\/skaitytaknyga.lt\/produktas\/lietuviu-kalbos-istorija-iv-lietuviu-kalba-xviii-xix-a\/#primaryimage\"},\"thumbnailUrl\":\"https:\/\/skaitytaknyga.lt\/wp-content\/uploads\/2025\/05\/Lietuviu-kalbos-istorija-IV.-Lietuviu-kalba-XVIII\u2013XIX-a.webp\",\"datePublished\":\"2025-05-28T05:30:24+00:00\",\"dateModified\":\"2025-06-22T16:24:42+00:00\",\"description\":\"Tome ap\u017evelgiama lietuvi\u0173 kalbos raida nuo XVIII a. iki XIX a. 8-ojo de\u0161imtme\u010dio, t.y. nuo rytinio ra\u0161t\u0173 kalbos varianto i\u0161nykimo iki dabartin\u0117s bendrin\u0117s\",\"breadcrumb\":{\"@id\":\"https:\/\/skaitytaknyga.lt\/produktas\/lietuviu-kalbos-istorija-iv-lietuviu-kalba-xviii-xix-a\/#breadcrumb\"},\"inLanguage\":\"en-GB\",\"potentialAction\":[{\"@type\":\"ReadAction\",\"target\":[\"https:\/\/skaitytaknyga.lt\/produktas\/lietuviu-kalbos-istorija-iv-lietuviu-kalba-xviii-xix-a\/\"]}]},{\"@type\":\"ImageObject\",\"inLanguage\":\"en-GB\",\"@id\":\"https:\/\/skaitytaknyga.lt\/produktas\/lietuviu-kalbos-istorija-iv-lietuviu-kalba-xviii-xix-a\/#primaryimage\",\"url\":\"https:\/\/skaitytaknyga.lt\/wp-content\/uploads\/2025\/05\/Lietuviu-kalbos-istorija-IV.-Lietuviu-kalba-XVIII\u2013XIX-a.webp\",\"contentUrl\":\"https:\/\/skaitytaknyga.lt\/wp-content\/uploads\/2025\/05\/Lietuviu-kalbos-istorija-IV.-Lietuviu-kalba-XVIII\u2013XIX-a.webp\",\"width\":377,\"height\":549},{\"@type\":\"BreadcrumbList\",\"@id\":\"https:\/\/skaitytaknyga.lt\/produktas\/lietuviu-kalbos-istorija-iv-lietuviu-kalba-xviii-xix-a\/#breadcrumb\",\"itemListElement\":[{\"@type\":\"ListItem\",\"position\":1,\"name\":\"Home\",\"item\":\"https:\/\/skaitytaknyga.lt\/\"},{\"@type\":\"ListItem\",\"position\":2,\"name\":\"Parduotuv\u0117\",\"item\":\"https:\/\/skaitytaknyga.lt\/knygu-parduotuve\/\"},{\"@type\":\"ListItem\",\"position\":3,\"name\":\"Lietuvi\u0173 kalbos istorija IV. Lietuvi\u0173 kalba XVIII\u2013XIX a.\"}]},{\"@type\":\"WebSite\",\"@id\":\"https:\/\/skaitytaknyga.lt\/#website\",\"url\":\"https:\/\/skaitytaknyga.lt\/\",\"name\":\"skaitytaknyga.lt\",\"description\":\"Skaitytaknyga.lt \u2013 tai ma\u017eas \u0161eimos verslas, kuris prasid\u0117jo nuo meil\u0117s knygoms ir siekio i\u0161gelb\u0117ti knygas nuo likimo prie konteinerio. Kas vienam nereikalingas daiktas \u2013 kitam lobis, o mes esame tarpininkai, kurie padeda abiems tapti laimingesniems ???? \u017dinome kaip nelengva i\u0161gyventi ma\u017eiems verslams, tad nuo \u0161iol, \u010dia rasite ir kit\u0173, ma\u017e\u0173 \u0161eim\u0173 versl\u0173, rank\u0173 darbo, dovan\u0173 sau ir artimiesiems.\",\"publisher\":{\"@id\":\"https:\/\/skaitytaknyga.lt\/#organization\"},\"potentialAction\":[{\"@type\":\"SearchAction\",\"target\":{\"@type\":\"EntryPoint\",\"urlTemplate\":\"https:\/\/skaitytaknyga.lt\/?s={search_term_string}\"},\"query-input\":{\"@type\":\"PropertyValueSpecification\",\"valueRequired\":true,\"valueName\":\"search_term_string\"}}],\"inLanguage\":\"en-GB\"},{\"@type\":\"Organization\",\"@id\":\"https:\/\/skaitytaknyga.lt\/#organization\",\"name\":\"skaitytaknyga.lt\",\"url\":\"https:\/\/skaitytaknyga.lt\/\",\"logo\":{\"@type\":\"ImageObject\",\"inLanguage\":\"en-GB\",\"@id\":\"https:\/\/skaitytaknyga.lt\/#\/schema\/logo\/image\/\",\"url\":\"https:\/\/skaitytaknyga.lt\/wp-content\/uploads\/2024\/05\/cropped-cropped-cropped-02_00843_jt3bggkj1j3HLc7SyY6rEUpg.jpeg\",\"contentUrl\":\"https:\/\/skaitytaknyga.lt\/wp-content\/uploads\/2024\/05\/cropped-cropped-cropped-02_00843_jt3bggkj1j3HLc7SyY6rEUpg.jpeg\",\"width\":1600,\"height\":1600,\"caption\":\"skaitytaknyga.lt\"},\"image\":{\"@id\":\"https:\/\/skaitytaknyga.lt\/#\/schema\/logo\/image\/\"},\"sameAs\":[\"https:\/\/www.facebook.com\/skaitytaknyga\/\"]}]}<\/script>\n<!-- \/ Yoast SEO plugin. -->","yoast_head_json":{"title":"Lietuvi\u0173 kalbos istorija IV. Lietuvi\u0173 kalba XVIII\u2013XIX a.","description":"Tome ap\u017evelgiama lietuvi\u0173 kalbos raida nuo XVIII a. iki XIX a. 8-ojo de\u0161imtme\u010dio, t.y. nuo rytinio ra\u0161t\u0173 kalbos varianto i\u0161nykimo iki dabartin\u0117s bendrin\u0117s","robots":{"index":"index","follow":"follow","max-snippet":"max-snippet:-1","max-image-preview":"max-image-preview:large","max-video-preview":"max-video-preview:-1"},"canonical":"https:\/\/skaitytaknyga.lt\/en\/produktas\/lietuviu-kalbos-istorija-iv-lietuviu-kalba-xviii-xix-a\/","og_locale":"en_GB","og_type":"article","og_title":"[:lt]Lietuvi\u0173 kalbos istorija IV. Lietuvi\u0173 kalba XVIII\u2013XIX a.[:] - Skaitytaknyga","og_description":"Tome ap\u017evelgiama lietuvi\u0173 kalbos raida nuo XVIII a. iki XIX a. 8-ojo de\u0161imtme\u010dio, t.y. nuo rytinio ra\u0161t\u0173 kalbos varianto i\u0161nykimo iki dabartin\u0117s bendrin\u0117s","og_url":"https:\/\/skaitytaknyga.lt\/en\/produktas\/lietuviu-kalbos-istorija-iv-lietuviu-kalba-xviii-xix-a\/","og_site_name":"Skaitytaknyga","article_publisher":"https:\/\/www.facebook.com\/skaitytaknyga\/","article_modified_time":"2025-06-22T16:24:42+00:00","og_image":[{"width":377,"height":549,"url":"https:\/\/skaitytaknyga.lt\/wp-content\/uploads\/2025\/05\/Lietuviu-kalbos-istorija-IV.-Lietuviu-kalba-XVIII\u2013XIX-a.webp","type":"image\/webp"}],"twitter_card":"summary_large_image","schema":{"@context":"https:\/\/schema.org","@graph":[{"@type":"WebPage","@id":"https:\/\/skaitytaknyga.lt\/produktas\/lietuviu-kalbos-istorija-iv-lietuviu-kalba-xviii-xix-a\/","url":"https:\/\/skaitytaknyga.lt\/produktas\/lietuviu-kalbos-istorija-iv-lietuviu-kalba-xviii-xix-a\/","name":"Lietuvi\u0173 kalbos istorija IV. Lietuvi\u0173 kalba XVIII\u2013XIX a.","isPartOf":{"@id":"https:\/\/skaitytaknyga.lt\/#website"},"primaryImageOfPage":{"@id":"https:\/\/skaitytaknyga.lt\/produktas\/lietuviu-kalbos-istorija-iv-lietuviu-kalba-xviii-xix-a\/#primaryimage"},"image":{"@id":"https:\/\/skaitytaknyga.lt\/produktas\/lietuviu-kalbos-istorija-iv-lietuviu-kalba-xviii-xix-a\/#primaryimage"},"thumbnailUrl":"https:\/\/skaitytaknyga.lt\/wp-content\/uploads\/2025\/05\/Lietuviu-kalbos-istorija-IV.-Lietuviu-kalba-XVIII\u2013XIX-a.webp","datePublished":"2025-05-28T05:30:24+00:00","dateModified":"2025-06-22T16:24:42+00:00","description":"Tome ap\u017evelgiama lietuvi\u0173 kalbos raida nuo XVIII a. iki XIX a. 8-ojo de\u0161imtme\u010dio, t.y. nuo rytinio ra\u0161t\u0173 kalbos varianto i\u0161nykimo iki dabartin\u0117s bendrin\u0117s","breadcrumb":{"@id":"https:\/\/skaitytaknyga.lt\/produktas\/lietuviu-kalbos-istorija-iv-lietuviu-kalba-xviii-xix-a\/#breadcrumb"},"inLanguage":"en-GB","potentialAction":[{"@type":"ReadAction","target":["https:\/\/skaitytaknyga.lt\/produktas\/lietuviu-kalbos-istorija-iv-lietuviu-kalba-xviii-xix-a\/"]}]},{"@type":"ImageObject","inLanguage":"en-GB","@id":"https:\/\/skaitytaknyga.lt\/produktas\/lietuviu-kalbos-istorija-iv-lietuviu-kalba-xviii-xix-a\/#primaryimage","url":"https:\/\/skaitytaknyga.lt\/wp-content\/uploads\/2025\/05\/Lietuviu-kalbos-istorija-IV.-Lietuviu-kalba-XVIII\u2013XIX-a.webp","contentUrl":"https:\/\/skaitytaknyga.lt\/wp-content\/uploads\/2025\/05\/Lietuviu-kalbos-istorija-IV.-Lietuviu-kalba-XVIII\u2013XIX-a.webp","width":377,"height":549},{"@type":"BreadcrumbList","@id":"https:\/\/skaitytaknyga.lt\/produktas\/lietuviu-kalbos-istorija-iv-lietuviu-kalba-xviii-xix-a\/#breadcrumb","itemListElement":[{"@type":"ListItem","position":1,"name":"Home","item":"https:\/\/skaitytaknyga.lt\/"},{"@type":"ListItem","position":2,"name":"Parduotuv\u0117","item":"https:\/\/skaitytaknyga.lt\/knygu-parduotuve\/"},{"@type":"ListItem","position":3,"name":"Lietuvi\u0173 kalbos istorija IV. Lietuvi\u0173 kalba XVIII\u2013XIX a."}]},{"@type":"WebSite","@id":"https:\/\/skaitytaknyga.lt\/#website","url":"https:\/\/skaitytaknyga.lt\/","name":"skaitytaknyga.lt","description":"Skaitytaknyga.lt \u2013 tai ma\u017eas \u0161eimos verslas, kuris prasid\u0117jo nuo meil\u0117s knygoms ir siekio i\u0161gelb\u0117ti knygas nuo likimo prie konteinerio. Kas vienam nereikalingas daiktas \u2013 kitam lobis, o mes esame tarpininkai, kurie padeda abiems tapti laimingesniems ???? \u017dinome kaip nelengva i\u0161gyventi ma\u017eiems verslams, tad nuo \u0161iol, \u010dia rasite ir kit\u0173, ma\u017e\u0173 \u0161eim\u0173 versl\u0173, rank\u0173 darbo, dovan\u0173 sau ir artimiesiems.","publisher":{"@id":"https:\/\/skaitytaknyga.lt\/#organization"},"potentialAction":[{"@type":"SearchAction","target":{"@type":"EntryPoint","urlTemplate":"https:\/\/skaitytaknyga.lt\/?s={search_term_string}"},"query-input":{"@type":"PropertyValueSpecification","valueRequired":true,"valueName":"search_term_string"}}],"inLanguage":"en-GB"},{"@type":"Organization","@id":"https:\/\/skaitytaknyga.lt\/#organization","name":"skaitytaknyga.lt","url":"https:\/\/skaitytaknyga.lt\/","logo":{"@type":"ImageObject","inLanguage":"en-GB","@id":"https:\/\/skaitytaknyga.lt\/#\/schema\/logo\/image\/","url":"https:\/\/skaitytaknyga.lt\/wp-content\/uploads\/2024\/05\/cropped-cropped-cropped-02_00843_jt3bggkj1j3HLc7SyY6rEUpg.jpeg","contentUrl":"https:\/\/skaitytaknyga.lt\/wp-content\/uploads\/2024\/05\/cropped-cropped-cropped-02_00843_jt3bggkj1j3HLc7SyY6rEUpg.jpeg","width":1600,"height":1600,"caption":"skaitytaknyga.lt"},"image":{"@id":"https:\/\/skaitytaknyga.lt\/#\/schema\/logo\/image\/"},"sameAs":["https:\/\/www.facebook.com\/skaitytaknyga\/"]}]}},"_links":{"self":[{"href":"https:\/\/skaitytaknyga.lt\/en\/wp-json\/wp\/v2\/product\/18546","targetHints":{"allow":["GET"]}}],"collection":[{"href":"https:\/\/skaitytaknyga.lt\/en\/wp-json\/wp\/v2\/product"}],"about":[{"href":"https:\/\/skaitytaknyga.lt\/en\/wp-json\/wp\/v2\/types\/product"}],"replies":[{"embeddable":true,"href":"https:\/\/skaitytaknyga.lt\/en\/wp-json\/wp\/v2\/comments?post=18546"}],"wp:featuredmedia":[{"embeddable":true,"href":"https:\/\/skaitytaknyga.lt\/en\/wp-json\/wp\/v2\/media\/18551"}],"wp:attachment":[{"href":"https:\/\/skaitytaknyga.lt\/en\/wp-json\/wp\/v2\/media?parent=18546"}],"wp:term":[{"taxonomy":"product_brand","embeddable":true,"href":"https:\/\/skaitytaknyga.lt\/en\/wp-json\/wp\/v2\/product_brand?post=18546"},{"taxonomy":"product_cat","embeddable":true,"href":"https:\/\/skaitytaknyga.lt\/en\/wp-json\/wp\/v2\/product_cat?post=18546"},{"taxonomy":"product_tag","embeddable":true,"href":"https:\/\/skaitytaknyga.lt\/en\/wp-json\/wp\/v2\/product_tag?post=18546"}],"curies":[{"name":"wp","href":"https:\/\/api.w.org\/{rel}","templated":true}]}}