{"id":18544,"date":"2025-05-28T08:30:24","date_gmt":"2025-05-28T05:30:24","guid":{"rendered":"https:\/\/skaitytaknyga.lt\/?post_type=product&#038;p=18544"},"modified":"2025-12-24T20:47:14","modified_gmt":"2025-12-24T18:47:14","slug":"gyvenimas-kvantineje-tikroveje","status":"publish","type":"product","link":"https:\/\/skaitytaknyga.lt\/en\/produktas\/gyvenimas-kvantineje-tikroveje\/","title":{"rendered":"Gyvenimas kvantin\u0117je tikrov\u0117je"},"content":{"rendered":"<p>\u0160ios knygos autor\u0117 Valerie Varan yra sertifikuota ir licencijuota konsultant\u0117 (MS, LPC, NCC), turinti priva\u010di\u0105 praktik\u0105 Kolorade. Valerie Varan konsultuoja pavienius \u017emones ir poras, padeda jiems suderinti santykius, \u012fveikti baim\u0119, geriau pa\u017einti save bei savo energines strukt\u016bras ir nusibr\u0117\u017eti profesin\u0117s karjeros keli\u0105. Valerie Varan yra holistinio gydymo \u0161alinink\u0117, jos metodai gr\u012fsti Ryt\u0173 filosofijos ir Vakar\u0173 psichologijos bei kvantin\u0117s fizikos mokslo sinteze.<\/p>\n<p>Knygoje \u201eGyvenimas kvantin\u0117je tikrov\u0117je\u201c autor\u0117 kalba, kad daugum\u0105 psichologini\u0173 ir bendravimo problem\u0173 \u017emon\u0117s i\u0161spr\u0119s geriau pa\u017ein\u0119 save ir subalansav\u0119 savo k\u016bn\u0105, prot\u0105, emocijas bei dvasi\u0105.<\/p>\n<p>\u0160i knyga pad\u0117s pa\u017evelgti \u012f save, \u012f pasaul\u012f ir \u012f kosmos\u0105 kaip \u012f vien\u0105 nedalom\u0105 energin\u0119 visum\u0105, susaistyt\u0105 milijonais tarpusavio ry\u0161i\u0173.<\/p>\n<p>Dabartiniame am\u017eiuje m\u016bs\u0173 interesai sutelkti \u012f materiali\u0105 sfer\u0105. Mums svarbu finansinis saugumas, buitinis komfortas, malon\u016bs poj\u016b\u010diai, santykiai su \u017emon\u0117mis, socialinis gyvenimas, profesin\u0117 karjera, \u0161eima ir vaikai. D\u0117l tos pa\u010dios prie\u017easties \u0161iandien matome tiek daug emocini\u0173 ir instinktyvi\u0173 reakcij\u0173, agresijos, psichologini\u0173 konflikt\u0173, fizin\u0117s kovos ir \u012fvairi\u0173 priklausomybi\u0173. \u017dmon\u0117s yra \u012fstrig\u0119 materijoje ir tai trukdo jiems pakelti gyvenimo kokyb\u0119 \u012f nauj\u0105 lygmen\u012f.<\/p>\n<p>\u2013 Valerie Varan<\/p>\n","protected":false},"excerpt":{"rendered":"<p>\u0160ios knygos autor\u0117 Valerie Varan yra sertifikuota ir licencijuota konsultant\u0117 (MS, LPC, NCC), turinti priva\u010di\u0105 praktik\u0105 Kolorade. Valerie Varan konsultuoja pavienius \u017emones ir poras, padeda jiems suderinti santykius, \u012fveikti baim\u0119, geriau pa\u017einti save bei savo energines strukt\u016bras ir nusibr\u0117\u017eti profesin\u0117s karjeros keli\u0105. Valerie Varan yra holistinio gydymo \u0161alinink\u0117, jos metodai gr\u012fsti Ryt\u0173 filosofijos ir Vakar\u0173 psichologijos bei kvantin\u0117s fizikos mokslo sinteze. Knygoje \u201eGyvenimas kvantin\u0117je tikrov\u0117je\u201c autor\u0117 kalba, kad daugum\u0105 psichologini\u0173 ir bendravimo problem\u0173 \u017emon\u0117s i\u0161spr\u0119s geriau pa\u017ein\u0119 save ir subalansav\u0119 savo k\u016bn\u0105, prot\u0105, emocijas bei dvasi\u0105. \u0160i knyga pad\u0117s pa\u017evelgti \u012f save, \u012f pasaul\u012f ir \u012f kosmos\u0105 kaip \u012f vien\u0105 nedalom\u0105 energin\u0119 visum\u0105, susaistyt\u0105 milijonais tarpusavio ry\u0161i\u0173. Dabartiniame am\u017eiuje m\u016bs\u0173 interesai sutelkti \u012f materiali\u0105 sfer\u0105. Mums svarbu finansinis saugumas, buitinis komfortas, malon\u016bs poj\u016b\u010diai, santykiai su \u017emon\u0117mis, socialinis gyvenimas, profesin\u0117 karjera, \u0161eima ir vaikai. D\u0117l tos pa\u010dios prie\u017easties \u0161iandien matome tiek daug emocini\u0173 ir instinktyvi\u0173 reakcij\u0173, agresijos, psichologini\u0173 konflikt\u0173, fizin\u0117s kovos ir \u012fvairi\u0173 priklausomybi\u0173. \u017dmon\u0117s yra \u012fstrig\u0119 materijoje ir tai trukdo jiems pakelti gyvenimo kokyb\u0119 \u012f nauj\u0105 lygmen\u012f. \u2013 Valerie Varan<\/p>\n","protected":false},"featured_media":18549,"comment_status":"open","ping_status":"closed","template":"","meta":{"_acf_changed":false,"site-sidebar-layout":"default","site-content-layout":"","ast-site-content-layout":"default","site-content-style":"default","site-sidebar-style":"default","ast-global-header-display":"","ast-banner-title-visibility":"","ast-main-header-display":"","ast-hfb-above-header-display":"","ast-hfb-below-header-display":"","ast-hfb-mobile-header-display":"","site-post-title":"","ast-breadcrumbs-content":"","ast-featured-img":"","footer-sml-layout":"","ast-disable-related-posts":"","theme-transparent-header-meta":"","adv-header-id-meta":"","stick-header-meta":"","header-above-stick-meta":"","header-main-stick-meta":"","header-below-stick-meta":"","astra-migrate-meta-layouts":"default","ast-page-background-enabled":"default","ast-page-background-meta":{"desktop":{"background-color":"","background-image":"","background-repeat":"repeat","background-position":"center center","background-size":"auto","background-attachment":"scroll","background-type":"","background-media":"","overlay-type":"","overlay-color":"","overlay-opacity":"","overlay-gradient":""},"tablet":{"background-color":"","background-image":"","background-repeat":"repeat","background-position":"center center","background-size":"auto","background-attachment":"scroll","background-type":"","background-media":"","overlay-type":"","overlay-color":"","overlay-opacity":"","overlay-gradient":""},"mobile":{"background-color":"","background-image":"","background-repeat":"repeat","background-position":"center center","background-size":"auto","background-attachment":"scroll","background-type":"","background-media":"","overlay-type":"","overlay-color":"","overlay-opacity":"","overlay-gradient":""}},"ast-content-background-meta":{"desktop":{"background-color":"var(--ast-global-color-4)","background-image":"","background-repeat":"repeat","background-position":"center center","background-size":"auto","background-attachment":"scroll","background-type":"","background-media":"","overlay-type":"","overlay-color":"","overlay-opacity":"","overlay-gradient":""},"tablet":{"background-color":"var(--ast-global-color-4)","background-image":"","background-repeat":"repeat","background-position":"center center","background-size":"auto","background-attachment":"scroll","background-type":"","background-media":"","overlay-type":"","overlay-color":"","overlay-opacity":"","overlay-gradient":""},"mobile":{"background-color":"var(--ast-global-color-4)","background-image":"","background-repeat":"repeat","background-position":"center center","background-size":"auto","background-attachment":"scroll","background-type":"","background-media":"","overlay-type":"","overlay-color":"","overlay-opacity":"","overlay-gradient":""}}},"product_brand":[],"product_cat":[165],"product_tag":[1994,4473,4472,4471,1968,2561,4470],"class_list":{"0":"post-18544","1":"product","2":"type-product","3":"status-publish","4":"has-post-thumbnail","6":"product_cat-religija-filosofija-ir-ezoterika","7":"product_tag-dvasinis-augimas","8":"product_tag-energetika","9":"product_tag-holistinis-gydymas","10":"product_tag-kvantine-psichologija","11":"product_tag-samoningumas","12":"product_tag-saves-pazinimas","13":"product_tag-valerie-varan","14":"desktop-align-left","15":"tablet-align-left","16":"mobile-align-left","18":"first","19":"outofstock","20":"shipping-taxable","21":"purchasable","22":"product-type-simple"},"acf":[],"yoast_head":"<!-- This site is optimized with the Yoast SEO plugin v27.4 - https:\/\/yoast.com\/product\/yoast-seo-wordpress\/ -->\n<title>Gyvenimas kvantin\u0117je tikrov\u0117je<\/title>\n<meta name=\"description\" content=\"\u0160ios knygos autor\u0117 Valerie Varan yra sertifikuota ir licencijuota konsultant\u0117 (MS, LPC, NCC), turinti priva\u010di\u0105 praktik\u0105 Kolorade. Valerie Varan\" \/>\n<meta name=\"robots\" content=\"index, follow, max-snippet:-1, max-image-preview:large, max-video-preview:-1\" \/>\n<link rel=\"canonical\" href=\"https:\/\/skaitytaknyga.lt\/en\/produktas\/gyvenimas-kvantineje-tikroveje\/\" \/>\n<meta property=\"og:locale\" content=\"en_GB\" \/>\n<meta property=\"og:locale:alternate\" content=\"lt_LT\" \/>\n<meta property=\"og:type\" content=\"article\" \/>\n<meta property=\"og:title\" content=\"Gyvenimas kvantin\u0117je tikrov\u0117je\" \/>\n<meta property=\"og:description\" content=\"\u0160ios knygos autor\u0117 Valerie Varan yra sertifikuota ir licencijuota konsultant\u0117 (MS, LPC, NCC), turinti priva\u010di\u0105 praktik\u0105 Kolorade. Valerie Varan\" \/>\n<meta property=\"og:url\" content=\"https:\/\/skaitytaknyga.lt\/en\/produktas\/gyvenimas-kvantineje-tikroveje\/\" \/>\n<meta property=\"og:site_name\" content=\"Skaitytaknyga\" \/>\n<meta property=\"article:publisher\" content=\"https:\/\/www.facebook.com\/skaitytaknyga\/\" \/>\n<meta property=\"article:modified_time\" content=\"2025-12-24T18:47:14+00:00\" \/>\n<meta property=\"og:image\" content=\"https:\/\/skaitytaknyga.lt\/wp-content\/uploads\/2025\/05\/Gyvenimas-kvantineje-tikroveje.webp\" \/>\n\t<meta property=\"og:image:width\" content=\"520\" \/>\n\t<meta property=\"og:image:height\" content=\"756\" \/>\n\t<meta property=\"og:image:type\" content=\"image\/webp\" \/>\n<meta name=\"twitter:card\" content=\"summary_large_image\" \/>\n<meta name=\"twitter:label1\" content=\"Estimated reading time\" \/>\n\t<meta name=\"twitter:data1\" content=\"1 minute\" \/>\n<script type=\"application\/ld+json\" class=\"yoast-schema-graph\">{\"@context\":\"https:\\\/\\\/schema.org\",\"@graph\":[{\"@type\":\"WebPage\",\"@id\":\"https:\\\/\\\/skaitytaknyga.lt\\\/produktas\\\/gyvenimas-kvantineje-tikroveje\\\/\",\"url\":\"https:\\\/\\\/skaitytaknyga.lt\\\/produktas\\\/gyvenimas-kvantineje-tikroveje\\\/\",\"name\":\"Gyvenimas kvantin\u0117je tikrov\u0117je\",\"isPartOf\":{\"@id\":\"https:\\\/\\\/skaitytaknyga.lt\\\/#website\"},\"primaryImageOfPage\":{\"@id\":\"https:\\\/\\\/skaitytaknyga.lt\\\/produktas\\\/gyvenimas-kvantineje-tikroveje\\\/#primaryimage\"},\"image\":{\"@id\":\"https:\\\/\\\/skaitytaknyga.lt\\\/produktas\\\/gyvenimas-kvantineje-tikroveje\\\/#primaryimage\"},\"thumbnailUrl\":\"https:\\\/\\\/skaitytaknyga.lt\\\/wp-content\\\/uploads\\\/2025\\\/05\\\/Gyvenimas-kvantineje-tikroveje.webp\",\"datePublished\":\"2025-05-28T05:30:24+00:00\",\"dateModified\":\"2025-12-24T18:47:14+00:00\",\"description\":\"\u0160ios knygos autor\u0117 Valerie Varan yra sertifikuota ir licencijuota konsultant\u0117 (MS, LPC, NCC), turinti priva\u010di\u0105 praktik\u0105 Kolorade. Valerie Varan\",\"breadcrumb\":{\"@id\":\"https:\\\/\\\/skaitytaknyga.lt\\\/produktas\\\/gyvenimas-kvantineje-tikroveje\\\/#breadcrumb\"},\"inLanguage\":\"en-GB\",\"potentialAction\":[{\"@type\":\"ReadAction\",\"target\":[\"https:\\\/\\\/skaitytaknyga.lt\\\/produktas\\\/gyvenimas-kvantineje-tikroveje\\\/\"]}]},{\"@type\":\"ImageObject\",\"inLanguage\":\"en-GB\",\"@id\":\"https:\\\/\\\/skaitytaknyga.lt\\\/produktas\\\/gyvenimas-kvantineje-tikroveje\\\/#primaryimage\",\"url\":\"https:\\\/\\\/skaitytaknyga.lt\\\/wp-content\\\/uploads\\\/2025\\\/05\\\/Gyvenimas-kvantineje-tikroveje.webp\",\"contentUrl\":\"https:\\\/\\\/skaitytaknyga.lt\\\/wp-content\\\/uploads\\\/2025\\\/05\\\/Gyvenimas-kvantineje-tikroveje.webp\",\"width\":520,\"height\":756,\"caption\":\"Gyvenimas kvantin\u0117je tikrov\u0117je\"},{\"@type\":\"BreadcrumbList\",\"@id\":\"https:\\\/\\\/skaitytaknyga.lt\\\/produktas\\\/gyvenimas-kvantineje-tikroveje\\\/#breadcrumb\",\"itemListElement\":[{\"@type\":\"ListItem\",\"position\":1,\"name\":\"Home\",\"item\":\"https:\\\/\\\/skaitytaknyga.lt\\\/\"},{\"@type\":\"ListItem\",\"position\":2,\"name\":\"Parduotuv\u0117\",\"item\":\"https:\\\/\\\/skaitytaknyga.lt\\\/knygu-parduotuve\\\/\"},{\"@type\":\"ListItem\",\"position\":3,\"name\":\"Gyvenimas kvantin\u0117je tikrov\u0117je\"}]},{\"@type\":\"WebSite\",\"@id\":\"https:\\\/\\\/skaitytaknyga.lt\\\/#website\",\"url\":\"https:\\\/\\\/skaitytaknyga.lt\\\/\",\"name\":\"skaitytaknyga.lt\",\"description\":\"Skaitytaknyga.lt \u2013 tai ma\u017eas \u0161eimos verslas, kuris prasid\u0117jo nuo meil\u0117s knygoms ir siekio i\u0161gelb\u0117ti knygas nuo likimo prie konteinerio. Kas vienam nereikalingas daiktas \u2013 kitam lobis, o mes esame tarpininkai, kurie padeda abiems tapti laimingesniems ???? \u017dinome kaip nelengva i\u0161gyventi ma\u017eiems verslams, tad nuo \u0161iol, \u010dia rasite ir kit\u0173, ma\u017e\u0173 \u0161eim\u0173 versl\u0173, rank\u0173 darbo, dovan\u0173 sau ir artimiesiems.\",\"publisher\":{\"@id\":\"https:\\\/\\\/skaitytaknyga.lt\\\/#organization\"},\"potentialAction\":[{\"@type\":\"SearchAction\",\"target\":{\"@type\":\"EntryPoint\",\"urlTemplate\":\"https:\\\/\\\/skaitytaknyga.lt\\\/?s={search_term_string}\"},\"query-input\":{\"@type\":\"PropertyValueSpecification\",\"valueRequired\":true,\"valueName\":\"search_term_string\"}}],\"inLanguage\":\"en-GB\"},{\"@type\":\"Organization\",\"@id\":\"https:\\\/\\\/skaitytaknyga.lt\\\/#organization\",\"name\":\"skaitytaknyga.lt\",\"url\":\"https:\\\/\\\/skaitytaknyga.lt\\\/\",\"logo\":{\"@type\":\"ImageObject\",\"inLanguage\":\"en-GB\",\"@id\":\"https:\\\/\\\/skaitytaknyga.lt\\\/#\\\/schema\\\/logo\\\/image\\\/\",\"url\":\"https:\\\/\\\/skaitytaknyga.lt\\\/wp-content\\\/uploads\\\/2024\\\/05\\\/cropped-cropped-cropped-02_00843_jt3bggkj1j3HLc7SyY6rEUpg.jpeg\",\"contentUrl\":\"https:\\\/\\\/skaitytaknyga.lt\\\/wp-content\\\/uploads\\\/2024\\\/05\\\/cropped-cropped-cropped-02_00843_jt3bggkj1j3HLc7SyY6rEUpg.jpeg\",\"width\":1600,\"height\":1600,\"caption\":\"skaitytaknyga.lt\"},\"image\":{\"@id\":\"https:\\\/\\\/skaitytaknyga.lt\\\/#\\\/schema\\\/logo\\\/image\\\/\"},\"sameAs\":[\"https:\\\/\\\/www.facebook.com\\\/skaitytaknyga\\\/\"]}]}<\/script>\n<!-- \/ Yoast SEO plugin. -->","yoast_head_json":{"title":"Gyvenimas kvantin\u0117je tikrov\u0117je","description":"\u0160ios knygos autor\u0117 Valerie Varan yra sertifikuota ir licencijuota konsultant\u0117 (MS, LPC, NCC), turinti priva\u010di\u0105 praktik\u0105 Kolorade. Valerie Varan","robots":{"index":"index","follow":"follow","max-snippet":"max-snippet:-1","max-image-preview":"max-image-preview:large","max-video-preview":"max-video-preview:-1"},"canonical":"https:\/\/skaitytaknyga.lt\/en\/produktas\/gyvenimas-kvantineje-tikroveje\/","og_locale":"en_GB","og_type":"article","og_title":"[:lt]Gyvenimas kvantin\u0117je tikrov\u0117je[:] - Skaitytaknyga","og_description":"\u0160ios knygos autor\u0117 Valerie Varan yra sertifikuota ir licencijuota konsultant\u0117 (MS, LPC, NCC), turinti priva\u010di\u0105 praktik\u0105 Kolorade. Valerie Varan","og_url":"https:\/\/skaitytaknyga.lt\/en\/produktas\/gyvenimas-kvantineje-tikroveje\/","og_site_name":"Skaitytaknyga","article_publisher":"https:\/\/www.facebook.com\/skaitytaknyga\/","article_modified_time":"2025-12-24T18:47:14+00:00","og_image":[{"width":520,"height":756,"url":"https:\/\/skaitytaknyga.lt\/wp-content\/uploads\/2025\/05\/Gyvenimas-kvantineje-tikroveje.webp","type":"image\/webp"}],"twitter_card":"summary_large_image","twitter_misc":{"Estimated reading time":"1 minute"},"schema":{"@context":"https:\/\/schema.org","@graph":[{"@type":"WebPage","@id":"https:\/\/skaitytaknyga.lt\/produktas\/gyvenimas-kvantineje-tikroveje\/","url":"https:\/\/skaitytaknyga.lt\/produktas\/gyvenimas-kvantineje-tikroveje\/","name":"Gyvenimas kvantin\u0117je tikrov\u0117je","isPartOf":{"@id":"https:\/\/skaitytaknyga.lt\/#website"},"primaryImageOfPage":{"@id":"https:\/\/skaitytaknyga.lt\/produktas\/gyvenimas-kvantineje-tikroveje\/#primaryimage"},"image":{"@id":"https:\/\/skaitytaknyga.lt\/produktas\/gyvenimas-kvantineje-tikroveje\/#primaryimage"},"thumbnailUrl":"https:\/\/skaitytaknyga.lt\/wp-content\/uploads\/2025\/05\/Gyvenimas-kvantineje-tikroveje.webp","datePublished":"2025-05-28T05:30:24+00:00","dateModified":"2025-12-24T18:47:14+00:00","description":"\u0160ios knygos autor\u0117 Valerie Varan yra sertifikuota ir licencijuota konsultant\u0117 (MS, LPC, NCC), turinti priva\u010di\u0105 praktik\u0105 Kolorade. Valerie Varan","breadcrumb":{"@id":"https:\/\/skaitytaknyga.lt\/produktas\/gyvenimas-kvantineje-tikroveje\/#breadcrumb"},"inLanguage":"en-GB","potentialAction":[{"@type":"ReadAction","target":["https:\/\/skaitytaknyga.lt\/produktas\/gyvenimas-kvantineje-tikroveje\/"]}]},{"@type":"ImageObject","inLanguage":"en-GB","@id":"https:\/\/skaitytaknyga.lt\/produktas\/gyvenimas-kvantineje-tikroveje\/#primaryimage","url":"https:\/\/skaitytaknyga.lt\/wp-content\/uploads\/2025\/05\/Gyvenimas-kvantineje-tikroveje.webp","contentUrl":"https:\/\/skaitytaknyga.lt\/wp-content\/uploads\/2025\/05\/Gyvenimas-kvantineje-tikroveje.webp","width":520,"height":756,"caption":"Gyvenimas kvantin\u0117je tikrov\u0117je"},{"@type":"BreadcrumbList","@id":"https:\/\/skaitytaknyga.lt\/produktas\/gyvenimas-kvantineje-tikroveje\/#breadcrumb","itemListElement":[{"@type":"ListItem","position":1,"name":"Home","item":"https:\/\/skaitytaknyga.lt\/"},{"@type":"ListItem","position":2,"name":"Parduotuv\u0117","item":"https:\/\/skaitytaknyga.lt\/knygu-parduotuve\/"},{"@type":"ListItem","position":3,"name":"Gyvenimas kvantin\u0117je tikrov\u0117je"}]},{"@type":"WebSite","@id":"https:\/\/skaitytaknyga.lt\/#website","url":"https:\/\/skaitytaknyga.lt\/","name":"skaitytaknyga.lt","description":"Skaitytaknyga.lt \u2013 tai ma\u017eas \u0161eimos verslas, kuris prasid\u0117jo nuo meil\u0117s knygoms ir siekio i\u0161gelb\u0117ti knygas nuo likimo prie konteinerio. Kas vienam nereikalingas daiktas \u2013 kitam lobis, o mes esame tarpininkai, kurie padeda abiems tapti laimingesniems ???? \u017dinome kaip nelengva i\u0161gyventi ma\u017eiems verslams, tad nuo \u0161iol, \u010dia rasite ir kit\u0173, ma\u017e\u0173 \u0161eim\u0173 versl\u0173, rank\u0173 darbo, dovan\u0173 sau ir artimiesiems.","publisher":{"@id":"https:\/\/skaitytaknyga.lt\/#organization"},"potentialAction":[{"@type":"SearchAction","target":{"@type":"EntryPoint","urlTemplate":"https:\/\/skaitytaknyga.lt\/?s={search_term_string}"},"query-input":{"@type":"PropertyValueSpecification","valueRequired":true,"valueName":"search_term_string"}}],"inLanguage":"en-GB"},{"@type":"Organization","@id":"https:\/\/skaitytaknyga.lt\/#organization","name":"skaitytaknyga.lt","url":"https:\/\/skaitytaknyga.lt\/","logo":{"@type":"ImageObject","inLanguage":"en-GB","@id":"https:\/\/skaitytaknyga.lt\/#\/schema\/logo\/image\/","url":"https:\/\/skaitytaknyga.lt\/wp-content\/uploads\/2024\/05\/cropped-cropped-cropped-02_00843_jt3bggkj1j3HLc7SyY6rEUpg.jpeg","contentUrl":"https:\/\/skaitytaknyga.lt\/wp-content\/uploads\/2024\/05\/cropped-cropped-cropped-02_00843_jt3bggkj1j3HLc7SyY6rEUpg.jpeg","width":1600,"height":1600,"caption":"skaitytaknyga.lt"},"image":{"@id":"https:\/\/skaitytaknyga.lt\/#\/schema\/logo\/image\/"},"sameAs":["https:\/\/www.facebook.com\/skaitytaknyga\/"]}]}},"_links":{"self":[{"href":"https:\/\/skaitytaknyga.lt\/en\/wp-json\/wp\/v2\/product\/18544","targetHints":{"allow":["GET"]}}],"collection":[{"href":"https:\/\/skaitytaknyga.lt\/en\/wp-json\/wp\/v2\/product"}],"about":[{"href":"https:\/\/skaitytaknyga.lt\/en\/wp-json\/wp\/v2\/types\/product"}],"replies":[{"embeddable":true,"href":"https:\/\/skaitytaknyga.lt\/en\/wp-json\/wp\/v2\/comments?post=18544"}],"wp:featuredmedia":[{"embeddable":true,"href":"https:\/\/skaitytaknyga.lt\/en\/wp-json\/wp\/v2\/media\/18549"}],"wp:attachment":[{"href":"https:\/\/skaitytaknyga.lt\/en\/wp-json\/wp\/v2\/media?parent=18544"}],"wp:term":[{"taxonomy":"product_brand","embeddable":true,"href":"https:\/\/skaitytaknyga.lt\/en\/wp-json\/wp\/v2\/product_brand?post=18544"},{"taxonomy":"product_cat","embeddable":true,"href":"https:\/\/skaitytaknyga.lt\/en\/wp-json\/wp\/v2\/product_cat?post=18544"},{"taxonomy":"product_tag","embeddable":true,"href":"https:\/\/skaitytaknyga.lt\/en\/wp-json\/wp\/v2\/product_tag?post=18544"}],"curies":[{"name":"wp","href":"https:\/\/api.w.org\/{rel}","templated":true}]}}