{"id":18535,"date":"2025-05-28T07:53:35","date_gmt":"2025-05-28T04:53:35","guid":{"rendered":"https:\/\/skaitytaknyga.lt\/?post_type=product&#038;p=18535"},"modified":"2025-08-01T08:24:17","modified_gmt":"2025-08-01T05:24:17","slug":"kaip-siandien-tapti-klestinciu-verslininku","status":"publish","type":"product","link":"https:\/\/skaitytaknyga.lt\/en\/produktas\/kaip-siandien-tapti-klestinciu-verslininku\/","title":{"rendered":"Kaip \u0161iandien tapti klestin\u010diu verslininku"},"content":{"rendered":"<p>Verslo klasika tapusi knyga \u201eKaip \u0161iandien tapti klestin\u010diu verslininku\u201c tinka visiems, kas susiduria su pardavimais. Nesvarbu, ar parduodate nekilnojam\u0105 turt\u0105 ar investicinius fondus, reklam\u0105 ir id\u0117jas \u2013 ar k\u0105 kit\u0105 \u2013 \u0161i knyga skirta jums.<\/p>\n<p>Dvide\u0161imt devyneri\u0173 met\u0173 Frankas Bettgeris buvo viso labo nevyk\u0119s draudimo polis\u0173 pardav\u0117jas. Perkop\u0119s ketvirt\u0105 de\u0161imt\u012f jis jau tur\u0117jo did\u017eiul\u012f nam\u0105 u\u017emiestyje ir gal\u0117jo i\u0161eiti \u012f pensij\u0105. Kokios yra verslo paslaptys, kuri\u0173 d\u0117ka Bettgerio gyvenimas i\u0161 nes\u0117km\u0117s virto negird\u0117ta s\u0117kme ir atne\u0161\u0117 jam visoje Amerikoje geriausiai apmokamo verslininko \u0161lov\u0119?<\/p>\n","protected":false},"excerpt":{"rendered":"<p>Verslo klasika tapusi knyga \u201eKaip \u0161iandien tapti klestin\u010diu verslininku\u201c tinka visiems, kas susiduria su pardavimais. Nesvarbu, ar parduodate nekilnojam\u0105 turt\u0105 ar investicinius fondus, reklam\u0105 ir id\u0117jas \u2013 ar k\u0105 kit\u0105 \u2013 \u0161i knyga skirta jums. Dvide\u0161imt devyneri\u0173 met\u0173 Frankas Bettgeris buvo viso labo nevyk\u0119s draudimo polis\u0173 pardav\u0117jas. Perkop\u0119s ketvirt\u0105 de\u0161imt\u012f jis jau tur\u0117jo did\u017eiul\u012f nam\u0105 u\u017emiestyje ir gal\u0117jo i\u0161eiti \u012f pensij\u0105. Kokios yra verslo paslaptys, kuri\u0173 d\u0117ka Bettgerio gyvenimas i\u0161 nes\u0117km\u0117s virto negird\u0117ta s\u0117kme ir atne\u0161\u0117 jam visoje Amerikoje geriausiai apmokamo verslininko \u0161lov\u0119?<\/p>\n","protected":false},"featured_media":18540,"comment_status":"open","ping_status":"closed","template":"","meta":{"_acf_changed":false,"site-sidebar-layout":"default","site-content-layout":"","ast-site-content-layout":"default","site-content-style":"default","site-sidebar-style":"default","ast-global-header-display":"","ast-banner-title-visibility":"","ast-main-header-display":"","ast-hfb-above-header-display":"","ast-hfb-below-header-display":"","ast-hfb-mobile-header-display":"","site-post-title":"","ast-breadcrumbs-content":"","ast-featured-img":"","footer-sml-layout":"","ast-disable-related-posts":"","theme-transparent-header-meta":"","adv-header-id-meta":"","stick-header-meta":"","header-above-stick-meta":"","header-main-stick-meta":"","header-below-stick-meta":"","astra-migrate-meta-layouts":"default","ast-page-background-enabled":"default","ast-page-background-meta":{"desktop":{"background-color":"","background-image":"","background-repeat":"repeat","background-position":"center center","background-size":"auto","background-attachment":"scroll","background-type":"","background-media":"","overlay-type":"","overlay-color":"","overlay-opacity":"","overlay-gradient":""},"tablet":{"background-color":"","background-image":"","background-repeat":"repeat","background-position":"center center","background-size":"auto","background-attachment":"scroll","background-type":"","background-media":"","overlay-type":"","overlay-color":"","overlay-opacity":"","overlay-gradient":""},"mobile":{"background-color":"","background-image":"","background-repeat":"repeat","background-position":"center center","background-size":"auto","background-attachment":"scroll","background-type":"","background-media":"","overlay-type":"","overlay-color":"","overlay-opacity":"","overlay-gradient":""}},"ast-content-background-meta":{"desktop":{"background-color":"var(--ast-global-color-4)","background-image":"","background-repeat":"repeat","background-position":"center center","background-size":"auto","background-attachment":"scroll","background-type":"","background-media":"","overlay-type":"","overlay-color":"","overlay-opacity":"","overlay-gradient":""},"tablet":{"background-color":"var(--ast-global-color-4)","background-image":"","background-repeat":"repeat","background-position":"center center","background-size":"auto","background-attachment":"scroll","background-type":"","background-media":"","overlay-type":"","overlay-color":"","overlay-opacity":"","overlay-gradient":""},"mobile":{"background-color":"var(--ast-global-color-4)","background-image":"","background-repeat":"repeat","background-position":"center center","background-size":"auto","background-attachment":"scroll","background-type":"","background-media":"","overlay-type":"","overlay-color":"","overlay-opacity":"","overlay-gradient":""}}},"product_brand":[],"product_cat":[26],"product_tag":[4453,1409,4454,2411,2356],"class_list":{"0":"post-18535","1":"product","2":"type-product","3":"status-publish","4":"has-post-thumbnail","6":"product_cat-verslas-vadyba-ir-finansai","7":"product_tag-frank-bettger","8":"product_tag-motyvacija","9":"product_tag-pardavimai","10":"product_tag-sekme","11":"product_tag-verslas","12":"desktop-align-left","13":"tablet-align-left","14":"mobile-align-left","16":"first","17":"instock","18":"shipping-taxable","19":"purchasable","20":"product-type-simple"},"acf":[],"yoast_head":"<!-- This site is optimized with the Yoast SEO plugin v27.0 - https:\/\/yoast.com\/product\/yoast-seo-wordpress\/ -->\n<title>Kaip \u0161iandien tapti klestin\u010diu verslininku<\/title>\n<meta name=\"description\" content=\"Verslo klasika tapusi knyga \u201eKaip \u0161iandien tapti klestin\u010diu verslininku\u201c tinka visiems, kas susiduria su pardavimais. Nesvarbu, ar parduodate nekilnojam\u0105\" \/>\n<meta name=\"robots\" content=\"index, follow, max-snippet:-1, max-image-preview:large, max-video-preview:-1\" \/>\n<link rel=\"canonical\" href=\"https:\/\/skaitytaknyga.lt\/en\/produktas\/kaip-siandien-tapti-klestinciu-verslininku\/\" \/>\n<meta property=\"og:locale\" content=\"en_GB\" \/>\n<meta property=\"og:locale:alternate\" content=\"lt_LT\" \/>\n<meta property=\"og:type\" content=\"article\" \/>\n<meta property=\"og:title\" content=\"Kaip \u0161iandien tapti klestin\u010diu verslininku\" \/>\n<meta property=\"og:description\" content=\"Verslo klasika tapusi knyga \u201eKaip \u0161iandien tapti klestin\u010diu verslininku\u201c tinka visiems, kas susiduria su pardavimais. Nesvarbu, ar parduodate nekilnojam\u0105\" \/>\n<meta property=\"og:url\" content=\"https:\/\/skaitytaknyga.lt\/en\/produktas\/kaip-siandien-tapti-klestinciu-verslininku\/\" \/>\n<meta property=\"og:site_name\" content=\"Skaitytaknyga\" \/>\n<meta property=\"article:publisher\" content=\"https:\/\/www.facebook.com\/skaitytaknyga\/\" \/>\n<meta property=\"article:modified_time\" content=\"2025-08-01T05:24:17+00:00\" \/>\n<meta property=\"og:image\" content=\"https:\/\/skaitytaknyga.lt\/wp-content\/uploads\/2025\/05\/Kaip-siandien-tapti-klestinciu-verslininku.webp\" \/>\n\t<meta property=\"og:image:width\" content=\"513\" \/>\n\t<meta property=\"og:image:height\" content=\"800\" \/>\n\t<meta property=\"og:image:type\" content=\"image\/webp\" \/>\n<meta name=\"twitter:card\" content=\"summary_large_image\" \/>\n<script type=\"application\/ld+json\" class=\"yoast-schema-graph\">{\"@context\":\"https:\/\/schema.org\",\"@graph\":[{\"@type\":\"WebPage\",\"@id\":\"https:\/\/skaitytaknyga.lt\/produktas\/kaip-siandien-tapti-klestinciu-verslininku\/\",\"url\":\"https:\/\/skaitytaknyga.lt\/produktas\/kaip-siandien-tapti-klestinciu-verslininku\/\",\"name\":\"Kaip \u0161iandien tapti klestin\u010diu verslininku\",\"isPartOf\":{\"@id\":\"https:\/\/skaitytaknyga.lt\/#website\"},\"primaryImageOfPage\":{\"@id\":\"https:\/\/skaitytaknyga.lt\/produktas\/kaip-siandien-tapti-klestinciu-verslininku\/#primaryimage\"},\"image\":{\"@id\":\"https:\/\/skaitytaknyga.lt\/produktas\/kaip-siandien-tapti-klestinciu-verslininku\/#primaryimage\"},\"thumbnailUrl\":\"https:\/\/skaitytaknyga.lt\/wp-content\/uploads\/2025\/05\/Kaip-siandien-tapti-klestinciu-verslininku.webp\",\"datePublished\":\"2025-05-28T04:53:35+00:00\",\"dateModified\":\"2025-08-01T05:24:17+00:00\",\"description\":\"Verslo klasika tapusi knyga \u201eKaip \u0161iandien tapti klestin\u010diu verslininku\u201c tinka visiems, kas susiduria su pardavimais. Nesvarbu, ar parduodate nekilnojam\u0105\",\"breadcrumb\":{\"@id\":\"https:\/\/skaitytaknyga.lt\/produktas\/kaip-siandien-tapti-klestinciu-verslininku\/#breadcrumb\"},\"inLanguage\":\"en-GB\",\"potentialAction\":[{\"@type\":\"ReadAction\",\"target\":[\"https:\/\/skaitytaknyga.lt\/produktas\/kaip-siandien-tapti-klestinciu-verslininku\/\"]}]},{\"@type\":\"ImageObject\",\"inLanguage\":\"en-GB\",\"@id\":\"https:\/\/skaitytaknyga.lt\/produktas\/kaip-siandien-tapti-klestinciu-verslininku\/#primaryimage\",\"url\":\"https:\/\/skaitytaknyga.lt\/wp-content\/uploads\/2025\/05\/Kaip-siandien-tapti-klestinciu-verslininku.webp\",\"contentUrl\":\"https:\/\/skaitytaknyga.lt\/wp-content\/uploads\/2025\/05\/Kaip-siandien-tapti-klestinciu-verslininku.webp\",\"width\":513,\"height\":800,\"caption\":\"Kaip \u0161iandien tapti klestin\u010diu verslininku\"},{\"@type\":\"BreadcrumbList\",\"@id\":\"https:\/\/skaitytaknyga.lt\/produktas\/kaip-siandien-tapti-klestinciu-verslininku\/#breadcrumb\",\"itemListElement\":[{\"@type\":\"ListItem\",\"position\":1,\"name\":\"Home\",\"item\":\"https:\/\/skaitytaknyga.lt\/\"},{\"@type\":\"ListItem\",\"position\":2,\"name\":\"Parduotuv\u0117\",\"item\":\"https:\/\/skaitytaknyga.lt\/knygu-parduotuve\/\"},{\"@type\":\"ListItem\",\"position\":3,\"name\":\"Kaip \u0161iandien tapti klestin\u010diu verslininku\"}]},{\"@type\":\"WebSite\",\"@id\":\"https:\/\/skaitytaknyga.lt\/#website\",\"url\":\"https:\/\/skaitytaknyga.lt\/\",\"name\":\"skaitytaknyga.lt\",\"description\":\"Skaitytaknyga.lt \u2013 tai ma\u017eas \u0161eimos verslas, kuris prasid\u0117jo nuo meil\u0117s knygoms ir siekio i\u0161gelb\u0117ti knygas nuo likimo prie konteinerio. Kas vienam nereikalingas daiktas \u2013 kitam lobis, o mes esame tarpininkai, kurie padeda abiems tapti laimingesniems ???? \u017dinome kaip nelengva i\u0161gyventi ma\u017eiems verslams, tad nuo \u0161iol, \u010dia rasite ir kit\u0173, ma\u017e\u0173 \u0161eim\u0173 versl\u0173, rank\u0173 darbo, dovan\u0173 sau ir artimiesiems.\",\"publisher\":{\"@id\":\"https:\/\/skaitytaknyga.lt\/#organization\"},\"potentialAction\":[{\"@type\":\"SearchAction\",\"target\":{\"@type\":\"EntryPoint\",\"urlTemplate\":\"https:\/\/skaitytaknyga.lt\/?s={search_term_string}\"},\"query-input\":{\"@type\":\"PropertyValueSpecification\",\"valueRequired\":true,\"valueName\":\"search_term_string\"}}],\"inLanguage\":\"en-GB\"},{\"@type\":\"Organization\",\"@id\":\"https:\/\/skaitytaknyga.lt\/#organization\",\"name\":\"skaitytaknyga.lt\",\"url\":\"https:\/\/skaitytaknyga.lt\/\",\"logo\":{\"@type\":\"ImageObject\",\"inLanguage\":\"en-GB\",\"@id\":\"https:\/\/skaitytaknyga.lt\/#\/schema\/logo\/image\/\",\"url\":\"https:\/\/skaitytaknyga.lt\/wp-content\/uploads\/2024\/05\/cropped-cropped-cropped-02_00843_jt3bggkj1j3HLc7SyY6rEUpg.jpeg\",\"contentUrl\":\"https:\/\/skaitytaknyga.lt\/wp-content\/uploads\/2024\/05\/cropped-cropped-cropped-02_00843_jt3bggkj1j3HLc7SyY6rEUpg.jpeg\",\"width\":1600,\"height\":1600,\"caption\":\"skaitytaknyga.lt\"},\"image\":{\"@id\":\"https:\/\/skaitytaknyga.lt\/#\/schema\/logo\/image\/\"},\"sameAs\":[\"https:\/\/www.facebook.com\/skaitytaknyga\/\"]}]}<\/script>\n<!-- \/ Yoast SEO plugin. -->","yoast_head_json":{"title":"Kaip \u0161iandien tapti klestin\u010diu verslininku","description":"Verslo klasika tapusi knyga \u201eKaip \u0161iandien tapti klestin\u010diu verslininku\u201c tinka visiems, kas susiduria su pardavimais. Nesvarbu, ar parduodate nekilnojam\u0105","robots":{"index":"index","follow":"follow","max-snippet":"max-snippet:-1","max-image-preview":"max-image-preview:large","max-video-preview":"max-video-preview:-1"},"canonical":"https:\/\/skaitytaknyga.lt\/en\/produktas\/kaip-siandien-tapti-klestinciu-verslininku\/","og_locale":"en_GB","og_type":"article","og_title":"[:lt]Kaip \u0161iandien tapti klestin\u010diu verslininku[:] - Skaitytaknyga","og_description":"Verslo klasika tapusi knyga \u201eKaip \u0161iandien tapti klestin\u010diu verslininku\u201c tinka visiems, kas susiduria su pardavimais. Nesvarbu, ar parduodate nekilnojam\u0105","og_url":"https:\/\/skaitytaknyga.lt\/en\/produktas\/kaip-siandien-tapti-klestinciu-verslininku\/","og_site_name":"Skaitytaknyga","article_publisher":"https:\/\/www.facebook.com\/skaitytaknyga\/","article_modified_time":"2025-08-01T05:24:17+00:00","og_image":[{"width":513,"height":800,"url":"https:\/\/skaitytaknyga.lt\/wp-content\/uploads\/2025\/05\/Kaip-siandien-tapti-klestinciu-verslininku.webp","type":"image\/webp"}],"twitter_card":"summary_large_image","schema":{"@context":"https:\/\/schema.org","@graph":[{"@type":"WebPage","@id":"https:\/\/skaitytaknyga.lt\/produktas\/kaip-siandien-tapti-klestinciu-verslininku\/","url":"https:\/\/skaitytaknyga.lt\/produktas\/kaip-siandien-tapti-klestinciu-verslininku\/","name":"Kaip \u0161iandien tapti klestin\u010diu verslininku","isPartOf":{"@id":"https:\/\/skaitytaknyga.lt\/#website"},"primaryImageOfPage":{"@id":"https:\/\/skaitytaknyga.lt\/produktas\/kaip-siandien-tapti-klestinciu-verslininku\/#primaryimage"},"image":{"@id":"https:\/\/skaitytaknyga.lt\/produktas\/kaip-siandien-tapti-klestinciu-verslininku\/#primaryimage"},"thumbnailUrl":"https:\/\/skaitytaknyga.lt\/wp-content\/uploads\/2025\/05\/Kaip-siandien-tapti-klestinciu-verslininku.webp","datePublished":"2025-05-28T04:53:35+00:00","dateModified":"2025-08-01T05:24:17+00:00","description":"Verslo klasika tapusi knyga \u201eKaip \u0161iandien tapti klestin\u010diu verslininku\u201c tinka visiems, kas susiduria su pardavimais. Nesvarbu, ar parduodate nekilnojam\u0105","breadcrumb":{"@id":"https:\/\/skaitytaknyga.lt\/produktas\/kaip-siandien-tapti-klestinciu-verslininku\/#breadcrumb"},"inLanguage":"en-GB","potentialAction":[{"@type":"ReadAction","target":["https:\/\/skaitytaknyga.lt\/produktas\/kaip-siandien-tapti-klestinciu-verslininku\/"]}]},{"@type":"ImageObject","inLanguage":"en-GB","@id":"https:\/\/skaitytaknyga.lt\/produktas\/kaip-siandien-tapti-klestinciu-verslininku\/#primaryimage","url":"https:\/\/skaitytaknyga.lt\/wp-content\/uploads\/2025\/05\/Kaip-siandien-tapti-klestinciu-verslininku.webp","contentUrl":"https:\/\/skaitytaknyga.lt\/wp-content\/uploads\/2025\/05\/Kaip-siandien-tapti-klestinciu-verslininku.webp","width":513,"height":800,"caption":"Kaip \u0161iandien tapti klestin\u010diu verslininku"},{"@type":"BreadcrumbList","@id":"https:\/\/skaitytaknyga.lt\/produktas\/kaip-siandien-tapti-klestinciu-verslininku\/#breadcrumb","itemListElement":[{"@type":"ListItem","position":1,"name":"Home","item":"https:\/\/skaitytaknyga.lt\/"},{"@type":"ListItem","position":2,"name":"Parduotuv\u0117","item":"https:\/\/skaitytaknyga.lt\/knygu-parduotuve\/"},{"@type":"ListItem","position":3,"name":"Kaip \u0161iandien tapti klestin\u010diu verslininku"}]},{"@type":"WebSite","@id":"https:\/\/skaitytaknyga.lt\/#website","url":"https:\/\/skaitytaknyga.lt\/","name":"skaitytaknyga.lt","description":"Skaitytaknyga.lt \u2013 tai ma\u017eas \u0161eimos verslas, kuris prasid\u0117jo nuo meil\u0117s knygoms ir siekio i\u0161gelb\u0117ti knygas nuo likimo prie konteinerio. Kas vienam nereikalingas daiktas \u2013 kitam lobis, o mes esame tarpininkai, kurie padeda abiems tapti laimingesniems ???? \u017dinome kaip nelengva i\u0161gyventi ma\u017eiems verslams, tad nuo \u0161iol, \u010dia rasite ir kit\u0173, ma\u017e\u0173 \u0161eim\u0173 versl\u0173, rank\u0173 darbo, dovan\u0173 sau ir artimiesiems.","publisher":{"@id":"https:\/\/skaitytaknyga.lt\/#organization"},"potentialAction":[{"@type":"SearchAction","target":{"@type":"EntryPoint","urlTemplate":"https:\/\/skaitytaknyga.lt\/?s={search_term_string}"},"query-input":{"@type":"PropertyValueSpecification","valueRequired":true,"valueName":"search_term_string"}}],"inLanguage":"en-GB"},{"@type":"Organization","@id":"https:\/\/skaitytaknyga.lt\/#organization","name":"skaitytaknyga.lt","url":"https:\/\/skaitytaknyga.lt\/","logo":{"@type":"ImageObject","inLanguage":"en-GB","@id":"https:\/\/skaitytaknyga.lt\/#\/schema\/logo\/image\/","url":"https:\/\/skaitytaknyga.lt\/wp-content\/uploads\/2024\/05\/cropped-cropped-cropped-02_00843_jt3bggkj1j3HLc7SyY6rEUpg.jpeg","contentUrl":"https:\/\/skaitytaknyga.lt\/wp-content\/uploads\/2024\/05\/cropped-cropped-cropped-02_00843_jt3bggkj1j3HLc7SyY6rEUpg.jpeg","width":1600,"height":1600,"caption":"skaitytaknyga.lt"},"image":{"@id":"https:\/\/skaitytaknyga.lt\/#\/schema\/logo\/image\/"},"sameAs":["https:\/\/www.facebook.com\/skaitytaknyga\/"]}]}},"_links":{"self":[{"href":"https:\/\/skaitytaknyga.lt\/en\/wp-json\/wp\/v2\/product\/18535","targetHints":{"allow":["GET"]}}],"collection":[{"href":"https:\/\/skaitytaknyga.lt\/en\/wp-json\/wp\/v2\/product"}],"about":[{"href":"https:\/\/skaitytaknyga.lt\/en\/wp-json\/wp\/v2\/types\/product"}],"replies":[{"embeddable":true,"href":"https:\/\/skaitytaknyga.lt\/en\/wp-json\/wp\/v2\/comments?post=18535"}],"wp:featuredmedia":[{"embeddable":true,"href":"https:\/\/skaitytaknyga.lt\/en\/wp-json\/wp\/v2\/media\/18540"}],"wp:attachment":[{"href":"https:\/\/skaitytaknyga.lt\/en\/wp-json\/wp\/v2\/media?parent=18535"}],"wp:term":[{"taxonomy":"product_brand","embeddable":true,"href":"https:\/\/skaitytaknyga.lt\/en\/wp-json\/wp\/v2\/product_brand?post=18535"},{"taxonomy":"product_cat","embeddable":true,"href":"https:\/\/skaitytaknyga.lt\/en\/wp-json\/wp\/v2\/product_cat?post=18535"},{"taxonomy":"product_tag","embeddable":true,"href":"https:\/\/skaitytaknyga.lt\/en\/wp-json\/wp\/v2\/product_tag?post=18535"}],"curies":[{"name":"wp","href":"https:\/\/api.w.org\/{rel}","templated":true}]}}