{"id":18534,"date":"2025-05-28T07:53:35","date_gmt":"2025-05-28T04:53:35","guid":{"rendered":"https:\/\/skaitytaknyga.lt\/?post_type=product&#038;p=18534"},"modified":"2025-05-28T08:19:20","modified_gmt":"2025-05-28T05:19:20","slug":"letinkite-gyvenimo-tempa-kaip-ramiau-ir-paprasciau-ziureti-i-gyvenima","status":"publish","type":"product","link":"https:\/\/skaitytaknyga.lt\/en\/produktas\/letinkite-gyvenimo-tempa-kaip-ramiau-ir-paprasciau-ziureti-i-gyvenima\/","title":{"rendered":"L\u0117tinkite gyvenimo temp\u0105. Kaip ramiau ir papras\u010diau \u017ei\u016br\u0117ti \u012f gyvenim\u0105"},"content":{"rendered":"<p>\u0160i knyga \u2013 tai kvietimas stabtel\u0117ti ir pa\u017evelgti \u012f savo gyvenim\u0105 i\u0161 naujos perspektyvos. Autoriai Richard Carlson ir Joseph Bailey dalijasi \u012f\u017evalgomis, kaip atrasti vidin\u0119 ramyb\u0119 ir d\u017eiaugsm\u0105 kasdienyb\u0117je, net kai gyvenimas atrodo chaoti\u0161kas ir pilnas i\u0161\u0161\u016bki\u0173. Knyga padeda suprasti, kad tikroji ramyb\u0117 kyla i\u0161 m\u016bs\u0173 pa\u010di\u0173 vidaus, o ne i\u0161 i\u0161orini\u0173 aplinkybi\u0173. Per paprastus patarimus ir praktikas skaitytojas mokomas sul\u0117tinti temp\u0105, suma\u017einti stres\u0105 ir atrasti d\u017eiaugsm\u0105 net ma\u017eiausiose kasdienio gyvenimo akimirkose. Autoriai pabr\u0117\u017eia, kad ramyb\u0117s b\u016bsena n\u0117ra laikinas rei\u0161kinys \u2013 ji gali tapti gyvenimo b\u016bdu.<\/p>\n<p>Knyga skirta tiems, kurie siekia gyventi s\u0105moningiau, labiau m\u0117gautis dabartimi ir atsikratyti nuolatin\u0117s \u012ftampos bei skub\u0117jimo jausmo.<\/p>\n","protected":false},"excerpt":{"rendered":"<p>\u0160i knyga \u2013 tai kvietimas stabtel\u0117ti ir pa\u017evelgti \u012f savo gyvenim\u0105 i\u0161 naujos perspektyvos. Autoriai Richard Carlson ir Joseph Bailey dalijasi \u012f\u017evalgomis, kaip atrasti vidin\u0119 ramyb\u0119 ir d\u017eiaugsm\u0105 kasdienyb\u0117je, net kai gyvenimas atrodo chaoti\u0161kas ir pilnas i\u0161\u0161\u016bki\u0173. Knyga padeda suprasti, kad tikroji ramyb\u0117 kyla i\u0161 m\u016bs\u0173 pa\u010di\u0173 vidaus, o ne i\u0161 i\u0161orini\u0173 aplinkybi\u0173. Per paprastus patarimus ir praktikas skaitytojas mokomas sul\u0117tinti temp\u0105, suma\u017einti stres\u0105 ir atrasti d\u017eiaugsm\u0105 net ma\u017eiausiose kasdienio gyvenimo akimirkose. Autoriai pabr\u0117\u017eia, kad ramyb\u0117s b\u016bsena n\u0117ra laikinas rei\u0161kinys \u2013 ji gali tapti gyvenimo b\u016bdu. Knyga skirta tiems, kurie siekia gyventi s\u0105moningiau, labiau m\u0117gautis dabartimi ir atsikratyti nuolatin\u0117s \u012ftampos bei skub\u0117jimo jausmo.<\/p>\n","protected":false},"featured_media":18539,"comment_status":"open","ping_status":"closed","template":"","meta":{"_acf_changed":false,"site-sidebar-layout":"default","site-content-layout":"","ast-site-content-layout":"default","site-content-style":"default","site-sidebar-style":"default","ast-global-header-display":"","ast-banner-title-visibility":"","ast-main-header-display":"","ast-hfb-above-header-display":"","ast-hfb-below-header-display":"","ast-hfb-mobile-header-display":"","site-post-title":"","ast-breadcrumbs-content":"","ast-featured-img":"","footer-sml-layout":"","ast-disable-related-posts":"","theme-transparent-header-meta":"","adv-header-id-meta":"","stick-header-meta":"","header-above-stick-meta":"","header-main-stick-meta":"","header-below-stick-meta":"","astra-migrate-meta-layouts":"default","ast-page-background-enabled":"default","ast-page-background-meta":{"desktop":{"background-color":"","background-image":"","background-repeat":"repeat","background-position":"center center","background-size":"auto","background-attachment":"scroll","background-type":"","background-media":"","overlay-type":"","overlay-color":"","overlay-opacity":"","overlay-gradient":""},"tablet":{"background-color":"","background-image":"","background-repeat":"repeat","background-position":"center center","background-size":"auto","background-attachment":"scroll","background-type":"","background-media":"","overlay-type":"","overlay-color":"","overlay-opacity":"","overlay-gradient":""},"mobile":{"background-color":"","background-image":"","background-repeat":"repeat","background-position":"center center","background-size":"auto","background-attachment":"scroll","background-type":"","background-media":"","overlay-type":"","overlay-color":"","overlay-opacity":"","overlay-gradient":""}},"ast-content-background-meta":{"desktop":{"background-color":"var(--ast-global-color-4)","background-image":"","background-repeat":"repeat","background-position":"center center","background-size":"auto","background-attachment":"scroll","background-type":"","background-media":"","overlay-type":"","overlay-color":"","overlay-opacity":"","overlay-gradient":""},"tablet":{"background-color":"var(--ast-global-color-4)","background-image":"","background-repeat":"repeat","background-position":"center center","background-size":"auto","background-attachment":"scroll","background-type":"","background-media":"","overlay-type":"","overlay-color":"","overlay-opacity":"","overlay-gradient":""},"mobile":{"background-color":"var(--ast-global-color-4)","background-image":"","background-repeat":"repeat","background-position":"center center","background-size":"auto","background-attachment":"scroll","background-type":"","background-media":"","overlay-type":"","overlay-color":"","overlay-opacity":"","overlay-gradient":""}}},"product_brand":[],"product_cat":[15],"product_tag":[4451,2768,4452,1968,1396,2961],"class_list":{"0":"post-18534","1":"product","2":"type-product","3":"status-publish","4":"has-post-thumbnail","6":"product_cat-uncategorized","7":"product_tag-joseph-bailey","8":"product_tag-ramybe","9":"product_tag-richard-carlson","10":"product_tag-samoningumas","11":"product_tag-saviugda","12":"product_tag-stresas","13":"desktop-align-left","14":"tablet-align-left","15":"mobile-align-left","17":"first","18":"instock","19":"shipping-taxable","20":"purchasable","21":"product-type-simple"},"acf":[],"yoast_head":"<!-- This site is optimized with the Yoast SEO plugin v27.0 - https:\/\/yoast.com\/product\/yoast-seo-wordpress\/ -->\n<title>L\u0117tinkite gyvenimo temp\u0105. Kaip ramiau ir papras\u010diau \u017ei\u016br\u0117ti \u012f gyvenim\u0105<\/title>\n<meta name=\"description\" content=\"\u0160i knyga \u2013 tai kvietimas stabtel\u0117ti ir pa\u017evelgti \u012f savo gyvenim\u0105 i\u0161 naujos perspektyvos. Autoriai Richard Carlson ir Joseph Bailey dalijasi \u012f\u017evalgomis,\" \/>\n<meta name=\"robots\" content=\"index, follow, max-snippet:-1, max-image-preview:large, max-video-preview:-1\" \/>\n<link rel=\"canonical\" href=\"https:\/\/skaitytaknyga.lt\/en\/produktas\/letinkite-gyvenimo-tempa-kaip-ramiau-ir-paprasciau-ziureti-i-gyvenima\/\" \/>\n<meta property=\"og:locale\" content=\"en_GB\" \/>\n<meta property=\"og:locale:alternate\" content=\"lt_LT\" \/>\n<meta property=\"og:type\" content=\"article\" \/>\n<meta property=\"og:title\" content=\"L\u0117tinkite gyvenimo temp\u0105. Kaip ramiau ir papras\u010diau \u017ei\u016br\u0117ti \u012f gyvenim\u0105\" \/>\n<meta property=\"og:description\" content=\"\u0160i knyga \u2013 tai kvietimas stabtel\u0117ti ir pa\u017evelgti \u012f savo gyvenim\u0105 i\u0161 naujos perspektyvos. Autoriai Richard Carlson ir Joseph Bailey dalijasi \u012f\u017evalgomis,\" \/>\n<meta property=\"og:url\" content=\"https:\/\/skaitytaknyga.lt\/en\/produktas\/letinkite-gyvenimo-tempa-kaip-ramiau-ir-paprasciau-ziureti-i-gyvenima\/\" \/>\n<meta property=\"og:site_name\" content=\"Skaitytaknyga\" \/>\n<meta property=\"article:publisher\" content=\"https:\/\/www.facebook.com\/skaitytaknyga\/\" \/>\n<meta property=\"article:modified_time\" content=\"2025-05-28T05:19:20+00:00\" \/>\n<meta property=\"og:image\" content=\"https:\/\/skaitytaknyga.lt\/wp-content\/uploads\/2025\/05\/Letinkite-gyvenimo-tempa.-Kaip-ramiau-ir-paprasciau-ziureti-i-gyvenima.webp\" \/>\n\t<meta property=\"og:image:width\" content=\"376\" \/>\n\t<meta property=\"og:image:height\" content=\"600\" \/>\n\t<meta property=\"og:image:type\" content=\"image\/webp\" \/>\n<meta name=\"twitter:card\" content=\"summary_large_image\" \/>\n<meta name=\"twitter:label1\" content=\"Estimated reading time\" \/>\n\t<meta name=\"twitter:data1\" content=\"1 minute\" \/>\n<script type=\"application\/ld+json\" class=\"yoast-schema-graph\">{\"@context\":\"https:\/\/schema.org\",\"@graph\":[{\"@type\":\"WebPage\",\"@id\":\"https:\/\/skaitytaknyga.lt\/produktas\/letinkite-gyvenimo-tempa-kaip-ramiau-ir-paprasciau-ziureti-i-gyvenima\/\",\"url\":\"https:\/\/skaitytaknyga.lt\/produktas\/letinkite-gyvenimo-tempa-kaip-ramiau-ir-paprasciau-ziureti-i-gyvenima\/\",\"name\":\"L\u0117tinkite gyvenimo temp\u0105. Kaip ramiau ir papras\u010diau \u017ei\u016br\u0117ti \u012f gyvenim\u0105\",\"isPartOf\":{\"@id\":\"https:\/\/skaitytaknyga.lt\/#website\"},\"primaryImageOfPage\":{\"@id\":\"https:\/\/skaitytaknyga.lt\/produktas\/letinkite-gyvenimo-tempa-kaip-ramiau-ir-paprasciau-ziureti-i-gyvenima\/#primaryimage\"},\"image\":{\"@id\":\"https:\/\/skaitytaknyga.lt\/produktas\/letinkite-gyvenimo-tempa-kaip-ramiau-ir-paprasciau-ziureti-i-gyvenima\/#primaryimage\"},\"thumbnailUrl\":\"https:\/\/skaitytaknyga.lt\/wp-content\/uploads\/2025\/05\/Letinkite-gyvenimo-tempa.-Kaip-ramiau-ir-paprasciau-ziureti-i-gyvenima.webp\",\"datePublished\":\"2025-05-28T04:53:35+00:00\",\"dateModified\":\"2025-05-28T05:19:20+00:00\",\"description\":\"\u0160i knyga \u2013 tai kvietimas stabtel\u0117ti ir pa\u017evelgti \u012f savo gyvenim\u0105 i\u0161 naujos perspektyvos. Autoriai Richard Carlson ir Joseph Bailey dalijasi \u012f\u017evalgomis,\",\"breadcrumb\":{\"@id\":\"https:\/\/skaitytaknyga.lt\/produktas\/letinkite-gyvenimo-tempa-kaip-ramiau-ir-paprasciau-ziureti-i-gyvenima\/#breadcrumb\"},\"inLanguage\":\"en-GB\",\"potentialAction\":[{\"@type\":\"ReadAction\",\"target\":[\"https:\/\/skaitytaknyga.lt\/produktas\/letinkite-gyvenimo-tempa-kaip-ramiau-ir-paprasciau-ziureti-i-gyvenima\/\"]}]},{\"@type\":\"ImageObject\",\"inLanguage\":\"en-GB\",\"@id\":\"https:\/\/skaitytaknyga.lt\/produktas\/letinkite-gyvenimo-tempa-kaip-ramiau-ir-paprasciau-ziureti-i-gyvenima\/#primaryimage\",\"url\":\"https:\/\/skaitytaknyga.lt\/wp-content\/uploads\/2025\/05\/Letinkite-gyvenimo-tempa.-Kaip-ramiau-ir-paprasciau-ziureti-i-gyvenima.webp\",\"contentUrl\":\"https:\/\/skaitytaknyga.lt\/wp-content\/uploads\/2025\/05\/Letinkite-gyvenimo-tempa.-Kaip-ramiau-ir-paprasciau-ziureti-i-gyvenima.webp\",\"width\":376,\"height\":600},{\"@type\":\"BreadcrumbList\",\"@id\":\"https:\/\/skaitytaknyga.lt\/produktas\/letinkite-gyvenimo-tempa-kaip-ramiau-ir-paprasciau-ziureti-i-gyvenima\/#breadcrumb\",\"itemListElement\":[{\"@type\":\"ListItem\",\"position\":1,\"name\":\"Home\",\"item\":\"https:\/\/skaitytaknyga.lt\/\"},{\"@type\":\"ListItem\",\"position\":2,\"name\":\"Parduotuv\u0117\",\"item\":\"https:\/\/skaitytaknyga.lt\/knygu-parduotuve\/\"},{\"@type\":\"ListItem\",\"position\":3,\"name\":\"L\u0117tinkite gyvenimo temp\u0105. Kaip ramiau ir papras\u010diau \u017ei\u016br\u0117ti \u012f gyvenim\u0105\"}]},{\"@type\":\"WebSite\",\"@id\":\"https:\/\/skaitytaknyga.lt\/#website\",\"url\":\"https:\/\/skaitytaknyga.lt\/\",\"name\":\"skaitytaknyga.lt\",\"description\":\"Skaitytaknyga.lt \u2013 tai ma\u017eas \u0161eimos verslas, kuris prasid\u0117jo nuo meil\u0117s knygoms ir siekio i\u0161gelb\u0117ti knygas nuo likimo prie konteinerio. Kas vienam nereikalingas daiktas \u2013 kitam lobis, o mes esame tarpininkai, kurie padeda abiems tapti laimingesniems ???? \u017dinome kaip nelengva i\u0161gyventi ma\u017eiems verslams, tad nuo \u0161iol, \u010dia rasite ir kit\u0173, ma\u017e\u0173 \u0161eim\u0173 versl\u0173, rank\u0173 darbo, dovan\u0173 sau ir artimiesiems.\",\"publisher\":{\"@id\":\"https:\/\/skaitytaknyga.lt\/#organization\"},\"potentialAction\":[{\"@type\":\"SearchAction\",\"target\":{\"@type\":\"EntryPoint\",\"urlTemplate\":\"https:\/\/skaitytaknyga.lt\/?s={search_term_string}\"},\"query-input\":{\"@type\":\"PropertyValueSpecification\",\"valueRequired\":true,\"valueName\":\"search_term_string\"}}],\"inLanguage\":\"en-GB\"},{\"@type\":\"Organization\",\"@id\":\"https:\/\/skaitytaknyga.lt\/#organization\",\"name\":\"skaitytaknyga.lt\",\"url\":\"https:\/\/skaitytaknyga.lt\/\",\"logo\":{\"@type\":\"ImageObject\",\"inLanguage\":\"en-GB\",\"@id\":\"https:\/\/skaitytaknyga.lt\/#\/schema\/logo\/image\/\",\"url\":\"https:\/\/skaitytaknyga.lt\/wp-content\/uploads\/2024\/05\/cropped-cropped-cropped-02_00843_jt3bggkj1j3HLc7SyY6rEUpg.jpeg\",\"contentUrl\":\"https:\/\/skaitytaknyga.lt\/wp-content\/uploads\/2024\/05\/cropped-cropped-cropped-02_00843_jt3bggkj1j3HLc7SyY6rEUpg.jpeg\",\"width\":1600,\"height\":1600,\"caption\":\"skaitytaknyga.lt\"},\"image\":{\"@id\":\"https:\/\/skaitytaknyga.lt\/#\/schema\/logo\/image\/\"},\"sameAs\":[\"https:\/\/www.facebook.com\/skaitytaknyga\/\"]}]}<\/script>\n<!-- \/ Yoast SEO plugin. -->","yoast_head_json":{"title":"L\u0117tinkite gyvenimo temp\u0105. Kaip ramiau ir papras\u010diau \u017ei\u016br\u0117ti \u012f gyvenim\u0105","description":"\u0160i knyga \u2013 tai kvietimas stabtel\u0117ti ir pa\u017evelgti \u012f savo gyvenim\u0105 i\u0161 naujos perspektyvos. Autoriai Richard Carlson ir Joseph Bailey dalijasi \u012f\u017evalgomis,","robots":{"index":"index","follow":"follow","max-snippet":"max-snippet:-1","max-image-preview":"max-image-preview:large","max-video-preview":"max-video-preview:-1"},"canonical":"https:\/\/skaitytaknyga.lt\/en\/produktas\/letinkite-gyvenimo-tempa-kaip-ramiau-ir-paprasciau-ziureti-i-gyvenima\/","og_locale":"en_GB","og_type":"article","og_title":"[:lt]L\u0117tinkite gyvenimo temp\u0105. Kaip ramiau ir papras\u010diau \u017ei\u016br\u0117ti \u012f gyvenim\u0105[:] - Skaitytaknyga","og_description":"\u0160i knyga \u2013 tai kvietimas stabtel\u0117ti ir pa\u017evelgti \u012f savo gyvenim\u0105 i\u0161 naujos perspektyvos. Autoriai Richard Carlson ir Joseph Bailey dalijasi \u012f\u017evalgomis,","og_url":"https:\/\/skaitytaknyga.lt\/en\/produktas\/letinkite-gyvenimo-tempa-kaip-ramiau-ir-paprasciau-ziureti-i-gyvenima\/","og_site_name":"Skaitytaknyga","article_publisher":"https:\/\/www.facebook.com\/skaitytaknyga\/","article_modified_time":"2025-05-28T05:19:20+00:00","og_image":[{"width":376,"height":600,"url":"https:\/\/skaitytaknyga.lt\/wp-content\/uploads\/2025\/05\/Letinkite-gyvenimo-tempa.-Kaip-ramiau-ir-paprasciau-ziureti-i-gyvenima.webp","type":"image\/webp"}],"twitter_card":"summary_large_image","twitter_misc":{"Estimated reading time":"1 minute"},"schema":{"@context":"https:\/\/schema.org","@graph":[{"@type":"WebPage","@id":"https:\/\/skaitytaknyga.lt\/produktas\/letinkite-gyvenimo-tempa-kaip-ramiau-ir-paprasciau-ziureti-i-gyvenima\/","url":"https:\/\/skaitytaknyga.lt\/produktas\/letinkite-gyvenimo-tempa-kaip-ramiau-ir-paprasciau-ziureti-i-gyvenima\/","name":"L\u0117tinkite gyvenimo temp\u0105. Kaip ramiau ir papras\u010diau \u017ei\u016br\u0117ti \u012f gyvenim\u0105","isPartOf":{"@id":"https:\/\/skaitytaknyga.lt\/#website"},"primaryImageOfPage":{"@id":"https:\/\/skaitytaknyga.lt\/produktas\/letinkite-gyvenimo-tempa-kaip-ramiau-ir-paprasciau-ziureti-i-gyvenima\/#primaryimage"},"image":{"@id":"https:\/\/skaitytaknyga.lt\/produktas\/letinkite-gyvenimo-tempa-kaip-ramiau-ir-paprasciau-ziureti-i-gyvenima\/#primaryimage"},"thumbnailUrl":"https:\/\/skaitytaknyga.lt\/wp-content\/uploads\/2025\/05\/Letinkite-gyvenimo-tempa.-Kaip-ramiau-ir-paprasciau-ziureti-i-gyvenima.webp","datePublished":"2025-05-28T04:53:35+00:00","dateModified":"2025-05-28T05:19:20+00:00","description":"\u0160i knyga \u2013 tai kvietimas stabtel\u0117ti ir pa\u017evelgti \u012f savo gyvenim\u0105 i\u0161 naujos perspektyvos. Autoriai Richard Carlson ir Joseph Bailey dalijasi \u012f\u017evalgomis,","breadcrumb":{"@id":"https:\/\/skaitytaknyga.lt\/produktas\/letinkite-gyvenimo-tempa-kaip-ramiau-ir-paprasciau-ziureti-i-gyvenima\/#breadcrumb"},"inLanguage":"en-GB","potentialAction":[{"@type":"ReadAction","target":["https:\/\/skaitytaknyga.lt\/produktas\/letinkite-gyvenimo-tempa-kaip-ramiau-ir-paprasciau-ziureti-i-gyvenima\/"]}]},{"@type":"ImageObject","inLanguage":"en-GB","@id":"https:\/\/skaitytaknyga.lt\/produktas\/letinkite-gyvenimo-tempa-kaip-ramiau-ir-paprasciau-ziureti-i-gyvenima\/#primaryimage","url":"https:\/\/skaitytaknyga.lt\/wp-content\/uploads\/2025\/05\/Letinkite-gyvenimo-tempa.-Kaip-ramiau-ir-paprasciau-ziureti-i-gyvenima.webp","contentUrl":"https:\/\/skaitytaknyga.lt\/wp-content\/uploads\/2025\/05\/Letinkite-gyvenimo-tempa.-Kaip-ramiau-ir-paprasciau-ziureti-i-gyvenima.webp","width":376,"height":600},{"@type":"BreadcrumbList","@id":"https:\/\/skaitytaknyga.lt\/produktas\/letinkite-gyvenimo-tempa-kaip-ramiau-ir-paprasciau-ziureti-i-gyvenima\/#breadcrumb","itemListElement":[{"@type":"ListItem","position":1,"name":"Home","item":"https:\/\/skaitytaknyga.lt\/"},{"@type":"ListItem","position":2,"name":"Parduotuv\u0117","item":"https:\/\/skaitytaknyga.lt\/knygu-parduotuve\/"},{"@type":"ListItem","position":3,"name":"L\u0117tinkite gyvenimo temp\u0105. Kaip ramiau ir papras\u010diau \u017ei\u016br\u0117ti \u012f gyvenim\u0105"}]},{"@type":"WebSite","@id":"https:\/\/skaitytaknyga.lt\/#website","url":"https:\/\/skaitytaknyga.lt\/","name":"skaitytaknyga.lt","description":"Skaitytaknyga.lt \u2013 tai ma\u017eas \u0161eimos verslas, kuris prasid\u0117jo nuo meil\u0117s knygoms ir siekio i\u0161gelb\u0117ti knygas nuo likimo prie konteinerio. Kas vienam nereikalingas daiktas \u2013 kitam lobis, o mes esame tarpininkai, kurie padeda abiems tapti laimingesniems ???? \u017dinome kaip nelengva i\u0161gyventi ma\u017eiems verslams, tad nuo \u0161iol, \u010dia rasite ir kit\u0173, ma\u017e\u0173 \u0161eim\u0173 versl\u0173, rank\u0173 darbo, dovan\u0173 sau ir artimiesiems.","publisher":{"@id":"https:\/\/skaitytaknyga.lt\/#organization"},"potentialAction":[{"@type":"SearchAction","target":{"@type":"EntryPoint","urlTemplate":"https:\/\/skaitytaknyga.lt\/?s={search_term_string}"},"query-input":{"@type":"PropertyValueSpecification","valueRequired":true,"valueName":"search_term_string"}}],"inLanguage":"en-GB"},{"@type":"Organization","@id":"https:\/\/skaitytaknyga.lt\/#organization","name":"skaitytaknyga.lt","url":"https:\/\/skaitytaknyga.lt\/","logo":{"@type":"ImageObject","inLanguage":"en-GB","@id":"https:\/\/skaitytaknyga.lt\/#\/schema\/logo\/image\/","url":"https:\/\/skaitytaknyga.lt\/wp-content\/uploads\/2024\/05\/cropped-cropped-cropped-02_00843_jt3bggkj1j3HLc7SyY6rEUpg.jpeg","contentUrl":"https:\/\/skaitytaknyga.lt\/wp-content\/uploads\/2024\/05\/cropped-cropped-cropped-02_00843_jt3bggkj1j3HLc7SyY6rEUpg.jpeg","width":1600,"height":1600,"caption":"skaitytaknyga.lt"},"image":{"@id":"https:\/\/skaitytaknyga.lt\/#\/schema\/logo\/image\/"},"sameAs":["https:\/\/www.facebook.com\/skaitytaknyga\/"]}]}},"_links":{"self":[{"href":"https:\/\/skaitytaknyga.lt\/en\/wp-json\/wp\/v2\/product\/18534","targetHints":{"allow":["GET"]}}],"collection":[{"href":"https:\/\/skaitytaknyga.lt\/en\/wp-json\/wp\/v2\/product"}],"about":[{"href":"https:\/\/skaitytaknyga.lt\/en\/wp-json\/wp\/v2\/types\/product"}],"replies":[{"embeddable":true,"href":"https:\/\/skaitytaknyga.lt\/en\/wp-json\/wp\/v2\/comments?post=18534"}],"wp:featuredmedia":[{"embeddable":true,"href":"https:\/\/skaitytaknyga.lt\/en\/wp-json\/wp\/v2\/media\/18539"}],"wp:attachment":[{"href":"https:\/\/skaitytaknyga.lt\/en\/wp-json\/wp\/v2\/media?parent=18534"}],"wp:term":[{"taxonomy":"product_brand","embeddable":true,"href":"https:\/\/skaitytaknyga.lt\/en\/wp-json\/wp\/v2\/product_brand?post=18534"},{"taxonomy":"product_cat","embeddable":true,"href":"https:\/\/skaitytaknyga.lt\/en\/wp-json\/wp\/v2\/product_cat?post=18534"},{"taxonomy":"product_tag","embeddable":true,"href":"https:\/\/skaitytaknyga.lt\/en\/wp-json\/wp\/v2\/product_tag?post=18534"}],"curies":[{"name":"wp","href":"https:\/\/api.w.org\/{rel}","templated":true}]}}