{"id":18533,"date":"2025-05-28T07:53:34","date_gmt":"2025-05-28T04:53:34","guid":{"rendered":"https:\/\/skaitytaknyga.lt\/?post_type=product&#038;p=18533"},"modified":"2025-07-07T09:26:42","modified_gmt":"2025-07-07T06:26:42","slug":"saugok-mane","status":"publish","type":"product","link":"https:\/\/skaitytaknyga.lt\/en\/produktas\/saugok-mane\/","title":{"rendered":"Saugok mane"},"content":{"rendered":"<p>Romanas \u201eSaugok mane\u201c  \u2013 tikra Danielos Sacerdoti magija. Talentingai para\u0161ytas ir nepaprastai intriguojantis romanas, \u0161eimos praradimo, bes\u0105lygi\u0161kos meil\u0117s ir vienos moters istorija. O nuostabi \u0160kotijos gamta ir paslaptinga glob\u0117ja i\u0161 anapus pasakojimui suteikia tik dar daugiau lyri\u0161kumo ir dramatizmo.<\/p>\n<p>Nuo pirm\u0173 eilu\u010di\u0173 skaitytojas \u012ftraukiamas \u012f persona\u017e\u0173 gyvenimo verpet\u0105. Autor\u0117 kuria labai ry\u0161kius charakterius, kuriems b\u016bdingas savitas m\u0105stymas, po\u017ei\u016bris ir i\u0161gyvenimai.<\/p>\n<p>\u201eSaugok mane\u201c \u2013 skaudus ir romanti\u0161kas pasakojimas, kartais persismelkiantis li\u016bdesiu, bet kupinas \u017eavesio, bes\u0105lygi\u0161kos meil\u0117s ir galiausiai i\u0161laisvinan\u010dios vilties. \u010cia yra visko, ko reikia \u012fstabiam k\u016briniui: meil\u0117s, li\u016bdesio, skausmo, savito humoro ir, \u017einoma, laiminga pabaiga.<\/p>\n<p>\u0160i knyga apie tai, kaip skausminga patirtis gali trukdyti gyventi toliau ir priimti naujus i\u0161\u0161\u016bkius. \u012esikib\u0119 \u012f patirtus skaudulius, liekame \u012fstrig\u0119 baim\u0117se ir neleid\u017eiame sau t\u0119sti gyvenimo kelion\u0117s. Moko priimti praeit\u012f, kad gal\u0117tum \u017eengti \u012f ateit\u012f.<\/p>\n<p>D. Sacerdoti ra\u0161ymo stilius dinami\u0161kas ir patrauklus. Kiekvienas parinktas simbolis \u010dia puikiai atspindi situacijas ir charakterius, o svarbiausia \u2014 nepalieka abejingo skaitytojo.<\/p>\n","protected":false},"excerpt":{"rendered":"<p>Romanas \u201eSaugok mane\u201c \u2013 tikra Danielos Sacerdoti magija. Talentingai para\u0161ytas ir nepaprastai intriguojantis romanas, \u0161eimos praradimo, bes\u0105lygi\u0161kos meil\u0117s ir vienos moters istorija. O nuostabi \u0160kotijos gamta ir paslaptinga glob\u0117ja i\u0161 anapus pasakojimui suteikia tik dar daugiau lyri\u0161kumo ir dramatizmo. Nuo pirm\u0173 eilu\u010di\u0173 skaitytojas \u012ftraukiamas \u012f persona\u017e\u0173 gyvenimo verpet\u0105. Autor\u0117 kuria labai ry\u0161kius charakterius, kuriems b\u016bdingas savitas m\u0105stymas, po\u017ei\u016bris ir i\u0161gyvenimai. \u201eSaugok mane\u201c \u2013 skaudus ir romanti\u0161kas pasakojimas, kartais persismelkiantis li\u016bdesiu, bet kupinas \u017eavesio, bes\u0105lygi\u0161kos meil\u0117s ir galiausiai i\u0161laisvinan\u010dios vilties. \u010cia yra visko, ko reikia \u012fstabiam k\u016briniui: meil\u0117s, li\u016bdesio, skausmo, savito humoro ir, \u017einoma, laiminga pabaiga. \u0160i knyga apie tai, kaip skausminga patirtis gali trukdyti gyventi toliau ir priimti naujus i\u0161\u0161\u016bkius. \u012esikib\u0119 \u012f patirtus skaudulius, liekame \u012fstrig\u0119 baim\u0117se ir neleid\u017eiame sau t\u0119sti gyvenimo kelion\u0117s. Moko priimti praeit\u012f, kad gal\u0117tum \u017eengti \u012f ateit\u012f. D. Sacerdoti ra\u0161ymo stilius dinami\u0161kas ir patrauklus. Kiekvienas parinktas simbolis \u010dia puikiai atspindi situacijas ir charakterius, o svarbiausia \u2014 nepalieka abejingo skaitytojo.<\/p>\n","protected":false},"featured_media":18538,"comment_status":"open","ping_status":"closed","template":"","meta":{"_acf_changed":false,"site-sidebar-layout":"default","site-content-layout":"","ast-site-content-layout":"default","site-content-style":"default","site-sidebar-style":"default","ast-global-header-display":"","ast-banner-title-visibility":"","ast-main-header-display":"","ast-hfb-above-header-display":"","ast-hfb-below-header-display":"","ast-hfb-mobile-header-display":"","site-post-title":"","ast-breadcrumbs-content":"","ast-featured-img":"","footer-sml-layout":"","ast-disable-related-posts":"","theme-transparent-header-meta":"","adv-header-id-meta":"","stick-header-meta":"","header-above-stick-meta":"","header-main-stick-meta":"","header-below-stick-meta":"","astra-migrate-meta-layouts":"default","ast-page-background-enabled":"default","ast-page-background-meta":{"desktop":{"background-color":"","background-image":"","background-repeat":"repeat","background-position":"center center","background-size":"auto","background-attachment":"scroll","background-type":"","background-media":"","overlay-type":"","overlay-color":"","overlay-opacity":"","overlay-gradient":""},"tablet":{"background-color":"","background-image":"","background-repeat":"repeat","background-position":"center center","background-size":"auto","background-attachment":"scroll","background-type":"","background-media":"","overlay-type":"","overlay-color":"","overlay-opacity":"","overlay-gradient":""},"mobile":{"background-color":"","background-image":"","background-repeat":"repeat","background-position":"center center","background-size":"auto","background-attachment":"scroll","background-type":"","background-media":"","overlay-type":"","overlay-color":"","overlay-opacity":"","overlay-gradient":""}},"ast-content-background-meta":{"desktop":{"background-color":"var(--ast-global-color-4)","background-image":"","background-repeat":"repeat","background-position":"center center","background-size":"auto","background-attachment":"scroll","background-type":"","background-media":"","overlay-type":"","overlay-color":"","overlay-opacity":"","overlay-gradient":""},"tablet":{"background-color":"var(--ast-global-color-4)","background-image":"","background-repeat":"repeat","background-position":"center center","background-size":"auto","background-attachment":"scroll","background-type":"","background-media":"","overlay-type":"","overlay-color":"","overlay-opacity":"","overlay-gradient":""},"mobile":{"background-color":"var(--ast-global-color-4)","background-image":"","background-repeat":"repeat","background-position":"center center","background-size":"auto","background-attachment":"scroll","background-type":"","background-media":"","overlay-type":"","overlay-color":"","overlay-opacity":"","overlay-gradient":""}}},"product_brand":[],"product_cat":[31],"product_tag":[4448,1796,4449,1745,4450],"class_list":{"0":"post-18533","1":"product","2":"type-product","3":"status-publish","4":"has-post-thumbnail","6":"product_cat-grozine-literatura","7":"product_tag-daniela-sacerdoti","8":"product_tag-meile","9":"product_tag-praradimas","10":"product_tag-romanas","11":"product_tag-skotija","12":"desktop-align-left","13":"tablet-align-left","14":"mobile-align-left","16":"first","17":"instock","18":"shipping-taxable","19":"purchasable","20":"product-type-simple"},"acf":[],"yoast_head":"<!-- This site is optimized with the Yoast SEO plugin v27.0 - https:\/\/yoast.com\/product\/yoast-seo-wordpress\/ -->\n<title>Saugok mane<\/title>\n<meta name=\"description\" content=\"Romanas \u201eSaugok mane\u201c \u2013 tikra Danielos Sacerdoti magija. Talentingai para\u0161ytas ir nepaprastai intriguojantis romanas, \u0161eimos praradimo, bes\u0105lygi\u0161kos\" \/>\n<meta name=\"robots\" content=\"index, follow, max-snippet:-1, max-image-preview:large, max-video-preview:-1\" \/>\n<link rel=\"canonical\" href=\"https:\/\/skaitytaknyga.lt\/en\/produktas\/saugok-mane\/\" \/>\n<meta property=\"og:locale\" content=\"en_GB\" \/>\n<meta property=\"og:locale:alternate\" content=\"lt_LT\" \/>\n<meta property=\"og:type\" content=\"article\" \/>\n<meta property=\"og:title\" content=\"Saugok mane\" \/>\n<meta property=\"og:description\" content=\"Romanas \u201eSaugok mane\u201c \u2013 tikra Danielos Sacerdoti magija. Talentingai para\u0161ytas ir nepaprastai intriguojantis romanas, \u0161eimos praradimo, bes\u0105lygi\u0161kos\" \/>\n<meta property=\"og:url\" content=\"https:\/\/skaitytaknyga.lt\/en\/produktas\/saugok-mane\/\" \/>\n<meta property=\"og:site_name\" content=\"Skaitytaknyga\" \/>\n<meta property=\"article:publisher\" content=\"https:\/\/www.facebook.com\/skaitytaknyga\/\" \/>\n<meta property=\"article:modified_time\" content=\"2025-07-07T06:26:42+00:00\" \/>\n<meta property=\"og:image\" content=\"https:\/\/skaitytaknyga.lt\/wp-content\/uploads\/2025\/05\/Saugok-mane.jpg\" \/>\n\t<meta property=\"og:image:width\" content=\"552\" \/>\n\t<meta property=\"og:image:height\" content=\"829\" \/>\n\t<meta property=\"og:image:type\" content=\"image\/jpeg\" \/>\n<meta name=\"twitter:card\" content=\"summary_large_image\" \/>\n<meta name=\"twitter:label1\" content=\"Estimated reading time\" \/>\n\t<meta name=\"twitter:data1\" content=\"1 minute\" \/>\n<script type=\"application\/ld+json\" class=\"yoast-schema-graph\">{\"@context\":\"https:\/\/schema.org\",\"@graph\":[{\"@type\":\"WebPage\",\"@id\":\"https:\/\/skaitytaknyga.lt\/produktas\/saugok-mane\/\",\"url\":\"https:\/\/skaitytaknyga.lt\/produktas\/saugok-mane\/\",\"name\":\"Saugok mane\",\"isPartOf\":{\"@id\":\"https:\/\/skaitytaknyga.lt\/#website\"},\"primaryImageOfPage\":{\"@id\":\"https:\/\/skaitytaknyga.lt\/produktas\/saugok-mane\/#primaryimage\"},\"image\":{\"@id\":\"https:\/\/skaitytaknyga.lt\/produktas\/saugok-mane\/#primaryimage\"},\"thumbnailUrl\":\"https:\/\/skaitytaknyga.lt\/wp-content\/uploads\/2025\/05\/Saugok-mane.jpg\",\"datePublished\":\"2025-05-28T04:53:34+00:00\",\"dateModified\":\"2025-07-07T06:26:42+00:00\",\"description\":\"Romanas \u201eSaugok mane\u201c \u2013 tikra Danielos Sacerdoti magija. Talentingai para\u0161ytas ir nepaprastai intriguojantis romanas, \u0161eimos praradimo, bes\u0105lygi\u0161kos\",\"breadcrumb\":{\"@id\":\"https:\/\/skaitytaknyga.lt\/produktas\/saugok-mane\/#breadcrumb\"},\"inLanguage\":\"en-GB\",\"potentialAction\":[{\"@type\":\"ReadAction\",\"target\":[\"https:\/\/skaitytaknyga.lt\/produktas\/saugok-mane\/\"]}]},{\"@type\":\"ImageObject\",\"inLanguage\":\"en-GB\",\"@id\":\"https:\/\/skaitytaknyga.lt\/produktas\/saugok-mane\/#primaryimage\",\"url\":\"https:\/\/skaitytaknyga.lt\/wp-content\/uploads\/2025\/05\/Saugok-mane.jpg\",\"contentUrl\":\"https:\/\/skaitytaknyga.lt\/wp-content\/uploads\/2025\/05\/Saugok-mane.jpg\",\"width\":552,\"height\":829},{\"@type\":\"BreadcrumbList\",\"@id\":\"https:\/\/skaitytaknyga.lt\/produktas\/saugok-mane\/#breadcrumb\",\"itemListElement\":[{\"@type\":\"ListItem\",\"position\":1,\"name\":\"Home\",\"item\":\"https:\/\/skaitytaknyga.lt\/\"},{\"@type\":\"ListItem\",\"position\":2,\"name\":\"Parduotuv\u0117\",\"item\":\"https:\/\/skaitytaknyga.lt\/knygu-parduotuve\/\"},{\"@type\":\"ListItem\",\"position\":3,\"name\":\"Saugok mane\"}]},{\"@type\":\"WebSite\",\"@id\":\"https:\/\/skaitytaknyga.lt\/#website\",\"url\":\"https:\/\/skaitytaknyga.lt\/\",\"name\":\"skaitytaknyga.lt\",\"description\":\"Skaitytaknyga.lt \u2013 tai ma\u017eas \u0161eimos verslas, kuris prasid\u0117jo nuo meil\u0117s knygoms ir siekio i\u0161gelb\u0117ti knygas nuo likimo prie konteinerio. Kas vienam nereikalingas daiktas \u2013 kitam lobis, o mes esame tarpininkai, kurie padeda abiems tapti laimingesniems ???? \u017dinome kaip nelengva i\u0161gyventi ma\u017eiems verslams, tad nuo \u0161iol, \u010dia rasite ir kit\u0173, ma\u017e\u0173 \u0161eim\u0173 versl\u0173, rank\u0173 darbo, dovan\u0173 sau ir artimiesiems.\",\"publisher\":{\"@id\":\"https:\/\/skaitytaknyga.lt\/#organization\"},\"potentialAction\":[{\"@type\":\"SearchAction\",\"target\":{\"@type\":\"EntryPoint\",\"urlTemplate\":\"https:\/\/skaitytaknyga.lt\/?s={search_term_string}\"},\"query-input\":{\"@type\":\"PropertyValueSpecification\",\"valueRequired\":true,\"valueName\":\"search_term_string\"}}],\"inLanguage\":\"en-GB\"},{\"@type\":\"Organization\",\"@id\":\"https:\/\/skaitytaknyga.lt\/#organization\",\"name\":\"skaitytaknyga.lt\",\"url\":\"https:\/\/skaitytaknyga.lt\/\",\"logo\":{\"@type\":\"ImageObject\",\"inLanguage\":\"en-GB\",\"@id\":\"https:\/\/skaitytaknyga.lt\/#\/schema\/logo\/image\/\",\"url\":\"https:\/\/skaitytaknyga.lt\/wp-content\/uploads\/2024\/05\/cropped-cropped-cropped-02_00843_jt3bggkj1j3HLc7SyY6rEUpg.jpeg\",\"contentUrl\":\"https:\/\/skaitytaknyga.lt\/wp-content\/uploads\/2024\/05\/cropped-cropped-cropped-02_00843_jt3bggkj1j3HLc7SyY6rEUpg.jpeg\",\"width\":1600,\"height\":1600,\"caption\":\"skaitytaknyga.lt\"},\"image\":{\"@id\":\"https:\/\/skaitytaknyga.lt\/#\/schema\/logo\/image\/\"},\"sameAs\":[\"https:\/\/www.facebook.com\/skaitytaknyga\/\"]}]}<\/script>\n<!-- \/ Yoast SEO plugin. -->","yoast_head_json":{"title":"Saugok mane","description":"Romanas \u201eSaugok mane\u201c \u2013 tikra Danielos Sacerdoti magija. Talentingai para\u0161ytas ir nepaprastai intriguojantis romanas, \u0161eimos praradimo, bes\u0105lygi\u0161kos","robots":{"index":"index","follow":"follow","max-snippet":"max-snippet:-1","max-image-preview":"max-image-preview:large","max-video-preview":"max-video-preview:-1"},"canonical":"https:\/\/skaitytaknyga.lt\/en\/produktas\/saugok-mane\/","og_locale":"en_GB","og_type":"article","og_title":"[:lt]Saugok mane[:] - Skaitytaknyga","og_description":"Romanas \u201eSaugok mane\u201c \u2013 tikra Danielos Sacerdoti magija. Talentingai para\u0161ytas ir nepaprastai intriguojantis romanas, \u0161eimos praradimo, bes\u0105lygi\u0161kos","og_url":"https:\/\/skaitytaknyga.lt\/en\/produktas\/saugok-mane\/","og_site_name":"Skaitytaknyga","article_publisher":"https:\/\/www.facebook.com\/skaitytaknyga\/","article_modified_time":"2025-07-07T06:26:42+00:00","og_image":[{"width":552,"height":829,"url":"https:\/\/skaitytaknyga.lt\/wp-content\/uploads\/2025\/05\/Saugok-mane.jpg","type":"image\/jpeg"}],"twitter_card":"summary_large_image","twitter_misc":{"Estimated reading time":"1 minute"},"schema":{"@context":"https:\/\/schema.org","@graph":[{"@type":"WebPage","@id":"https:\/\/skaitytaknyga.lt\/produktas\/saugok-mane\/","url":"https:\/\/skaitytaknyga.lt\/produktas\/saugok-mane\/","name":"Saugok mane","isPartOf":{"@id":"https:\/\/skaitytaknyga.lt\/#website"},"primaryImageOfPage":{"@id":"https:\/\/skaitytaknyga.lt\/produktas\/saugok-mane\/#primaryimage"},"image":{"@id":"https:\/\/skaitytaknyga.lt\/produktas\/saugok-mane\/#primaryimage"},"thumbnailUrl":"https:\/\/skaitytaknyga.lt\/wp-content\/uploads\/2025\/05\/Saugok-mane.jpg","datePublished":"2025-05-28T04:53:34+00:00","dateModified":"2025-07-07T06:26:42+00:00","description":"Romanas \u201eSaugok mane\u201c \u2013 tikra Danielos Sacerdoti magija. Talentingai para\u0161ytas ir nepaprastai intriguojantis romanas, \u0161eimos praradimo, bes\u0105lygi\u0161kos","breadcrumb":{"@id":"https:\/\/skaitytaknyga.lt\/produktas\/saugok-mane\/#breadcrumb"},"inLanguage":"en-GB","potentialAction":[{"@type":"ReadAction","target":["https:\/\/skaitytaknyga.lt\/produktas\/saugok-mane\/"]}]},{"@type":"ImageObject","inLanguage":"en-GB","@id":"https:\/\/skaitytaknyga.lt\/produktas\/saugok-mane\/#primaryimage","url":"https:\/\/skaitytaknyga.lt\/wp-content\/uploads\/2025\/05\/Saugok-mane.jpg","contentUrl":"https:\/\/skaitytaknyga.lt\/wp-content\/uploads\/2025\/05\/Saugok-mane.jpg","width":552,"height":829},{"@type":"BreadcrumbList","@id":"https:\/\/skaitytaknyga.lt\/produktas\/saugok-mane\/#breadcrumb","itemListElement":[{"@type":"ListItem","position":1,"name":"Home","item":"https:\/\/skaitytaknyga.lt\/"},{"@type":"ListItem","position":2,"name":"Parduotuv\u0117","item":"https:\/\/skaitytaknyga.lt\/knygu-parduotuve\/"},{"@type":"ListItem","position":3,"name":"Saugok mane"}]},{"@type":"WebSite","@id":"https:\/\/skaitytaknyga.lt\/#website","url":"https:\/\/skaitytaknyga.lt\/","name":"skaitytaknyga.lt","description":"Skaitytaknyga.lt \u2013 tai ma\u017eas \u0161eimos verslas, kuris prasid\u0117jo nuo meil\u0117s knygoms ir siekio i\u0161gelb\u0117ti knygas nuo likimo prie konteinerio. Kas vienam nereikalingas daiktas \u2013 kitam lobis, o mes esame tarpininkai, kurie padeda abiems tapti laimingesniems ???? \u017dinome kaip nelengva i\u0161gyventi ma\u017eiems verslams, tad nuo \u0161iol, \u010dia rasite ir kit\u0173, ma\u017e\u0173 \u0161eim\u0173 versl\u0173, rank\u0173 darbo, dovan\u0173 sau ir artimiesiems.","publisher":{"@id":"https:\/\/skaitytaknyga.lt\/#organization"},"potentialAction":[{"@type":"SearchAction","target":{"@type":"EntryPoint","urlTemplate":"https:\/\/skaitytaknyga.lt\/?s={search_term_string}"},"query-input":{"@type":"PropertyValueSpecification","valueRequired":true,"valueName":"search_term_string"}}],"inLanguage":"en-GB"},{"@type":"Organization","@id":"https:\/\/skaitytaknyga.lt\/#organization","name":"skaitytaknyga.lt","url":"https:\/\/skaitytaknyga.lt\/","logo":{"@type":"ImageObject","inLanguage":"en-GB","@id":"https:\/\/skaitytaknyga.lt\/#\/schema\/logo\/image\/","url":"https:\/\/skaitytaknyga.lt\/wp-content\/uploads\/2024\/05\/cropped-cropped-cropped-02_00843_jt3bggkj1j3HLc7SyY6rEUpg.jpeg","contentUrl":"https:\/\/skaitytaknyga.lt\/wp-content\/uploads\/2024\/05\/cropped-cropped-cropped-02_00843_jt3bggkj1j3HLc7SyY6rEUpg.jpeg","width":1600,"height":1600,"caption":"skaitytaknyga.lt"},"image":{"@id":"https:\/\/skaitytaknyga.lt\/#\/schema\/logo\/image\/"},"sameAs":["https:\/\/www.facebook.com\/skaitytaknyga\/"]}]}},"_links":{"self":[{"href":"https:\/\/skaitytaknyga.lt\/en\/wp-json\/wp\/v2\/product\/18533","targetHints":{"allow":["GET"]}}],"collection":[{"href":"https:\/\/skaitytaknyga.lt\/en\/wp-json\/wp\/v2\/product"}],"about":[{"href":"https:\/\/skaitytaknyga.lt\/en\/wp-json\/wp\/v2\/types\/product"}],"replies":[{"embeddable":true,"href":"https:\/\/skaitytaknyga.lt\/en\/wp-json\/wp\/v2\/comments?post=18533"}],"wp:featuredmedia":[{"embeddable":true,"href":"https:\/\/skaitytaknyga.lt\/en\/wp-json\/wp\/v2\/media\/18538"}],"wp:attachment":[{"href":"https:\/\/skaitytaknyga.lt\/en\/wp-json\/wp\/v2\/media?parent=18533"}],"wp:term":[{"taxonomy":"product_brand","embeddable":true,"href":"https:\/\/skaitytaknyga.lt\/en\/wp-json\/wp\/v2\/product_brand?post=18533"},{"taxonomy":"product_cat","embeddable":true,"href":"https:\/\/skaitytaknyga.lt\/en\/wp-json\/wp\/v2\/product_cat?post=18533"},{"taxonomy":"product_tag","embeddable":true,"href":"https:\/\/skaitytaknyga.lt\/en\/wp-json\/wp\/v2\/product_tag?post=18533"}],"curies":[{"name":"wp","href":"https:\/\/api.w.org\/{rel}","templated":true}]}}