{"id":18531,"date":"2025-05-28T07:53:34","date_gmt":"2025-05-28T04:53:34","guid":{"rendered":"https:\/\/skaitytaknyga.lt\/?post_type=product&#038;p=18531"},"modified":"2025-05-28T08:19:11","modified_gmt":"2025-05-28T05:19:11","slug":"gimtine","status":"publish","type":"product","link":"https:\/\/skaitytaknyga.lt\/en\/produktas\/gimtine\/","title":{"rendered":"Gimtin\u0117"},"content":{"rendered":"<p>William Nicholson (Viljamas Nikolsonas, g. 1948 m.) \u2013 scenaristas, tarp jo scenarij\u0173 \u2013 filmai \u201eEl\u017ebieta: aukso am\u017eius&#8221; ir Oskar\u0105 peln\u0119s \u201eGladiatorius&#8221;. Drauge tai \u2013 vienas giliausi\u0173 ir \u012f\u017evalgiausi\u0173 \u0161iuolaikini\u0173 Did\u017eiosios Britanijos ra\u0161ytoj\u0173, dviej\u0173 magin\u0117s fantastikos trilogij\u0173 ir penki\u0173 roman\u0173 autorius.<\/p>\n<p>Romanas \u201eGimtin\u0117&#8221; \u2013 \u0161e\u0161toji W. Nicholsono knyga, s\u0117kmingai t\u0119sianti klasikinio romano tradicij\u0105: gil\u016bs psichologiniai veik\u0117j\u0173 portretai, istoriniame fone besivystanti dviej\u0173 por\u0173 meil\u0117s istorija. Ir esmini\u0173 klausim\u0173 sprendimas: meil\u0117 ar pareiga, dr\u0105sa ar bailumas, siekiant i\u0161saugoti gyvyb\u0119.<\/p>\n<p>Alisa atsirado i\u0161 ilgos klaid\u0173 virtin\u0117s, taip jai sakoma. Jau jos prosenel\u0117 buvo i\u0161tek\u0117jusi ne u\u017e to vyro. Nuvykusi \u012f Normandij\u0105 susitikti su savo niekad prie\u0161 tai nematyta senele, Alisa i\u0161girsta savo atsiradimo istorij\u0105, kurioje \u2013 ne tik klaidos, o ir tikra meil\u0117.<\/p>\n<p>Tai pasakojimas apie prosenel\u0119, gra\u017euol\u0119 Kit\u0119, ir du geriausius draugus, Ed\u0105 ir Lar\u012f. Apie meil\u0119 karo metu, 1942-\u0173j\u0173 vasar\u0105: Edas \u2013 speciali\u0173j\u0173 paj\u0117g\u0173 karininkas, Laris \u2013 ry\u0161i\u0173 tarnybos leitenantas, ir Kit\u0117 \u2013 \u0161tabo vairuotoja, kurios jie abu trok\u0161ta. Meil\u0117s ir karo \u012fkar\u0161tis. Lordas Mauntbatenas sutelkia s\u0105junginink\u0173 paj\u0117gas reidui \u012f vokie\u010di\u0173 okupuot\u0105 Djep\u0105, ir tai tampa viena did\u017eiausi\u0173 Antrojo Pasaulinio karo katastrof\u0173, visam laikui pakeitusi\u0173 daugelio likimus. Ed\u017eio ir Lario \u2013 taip pat. Vis\u0173 j\u0173 likimai susijungia ir v\u0117l i\u0161siskiria, klaidas kartoja vaikai&#8230;<\/p>\n<p>Trij\u0173 \u017emoni\u0173 meil\u0117s, dr\u0105sos ir bailumo, apsisprendim\u0173 ir paklydim\u0173 istorija. Istorija apie savo savasties paie\u0161kas, apie gimtin\u0119, kurios i\u0161 m\u016bs\u0173 niekas negali atimti.<\/p>\n","protected":false},"excerpt":{"rendered":"<p>William Nicholson (Viljamas Nikolsonas, g. 1948 m.) \u2013 scenaristas, tarp jo scenarij\u0173 \u2013 filmai \u201eEl\u017ebieta: aukso am\u017eius&#8221; ir Oskar\u0105 peln\u0119s \u201eGladiatorius&#8221;. Drauge tai \u2013 vienas giliausi\u0173 ir \u012f\u017evalgiausi\u0173 \u0161iuolaikini\u0173 Did\u017eiosios Britanijos ra\u0161ytoj\u0173, dviej\u0173 magin\u0117s fantastikos trilogij\u0173 ir penki\u0173 roman\u0173 autorius. Romanas \u201eGimtin\u0117&#8221; \u2013 \u0161e\u0161toji W. Nicholsono knyga, s\u0117kmingai t\u0119sianti klasikinio romano tradicij\u0105: gil\u016bs psichologiniai veik\u0117j\u0173 portretai, istoriniame fone besivystanti dviej\u0173 por\u0173 meil\u0117s istorija. Ir esmini\u0173 klausim\u0173 sprendimas: meil\u0117 ar pareiga, dr\u0105sa ar bailumas, siekiant i\u0161saugoti gyvyb\u0119. Alisa atsirado i\u0161 ilgos klaid\u0173 virtin\u0117s, taip jai sakoma. Jau jos prosenel\u0117 buvo i\u0161tek\u0117jusi ne u\u017e to vyro. Nuvykusi \u012f Normandij\u0105 susitikti su savo niekad prie\u0161 tai nematyta senele, Alisa i\u0161girsta savo atsiradimo istorij\u0105, kurioje \u2013 ne tik klaidos, o ir tikra meil\u0117. Tai pasakojimas apie prosenel\u0119, gra\u017euol\u0119 Kit\u0119, ir du geriausius draugus, Ed\u0105 ir Lar\u012f. Apie meil\u0119 karo metu, 1942-\u0173j\u0173 vasar\u0105: Edas \u2013 speciali\u0173j\u0173 paj\u0117g\u0173 karininkas, Laris \u2013 ry\u0161i\u0173 tarnybos leitenantas, ir Kit\u0117 \u2013 \u0161tabo vairuotoja, kurios jie abu trok\u0161ta. Meil\u0117s ir karo \u012fkar\u0161tis. Lordas Mauntbatenas sutelkia s\u0105junginink\u0173 paj\u0117gas reidui \u012f vokie\u010di\u0173 okupuot\u0105 Djep\u0105, ir tai tampa viena did\u017eiausi\u0173 Antrojo Pasaulinio karo katastrof\u0173, visam laikui pakeitusi\u0173 daugelio likimus. Ed\u017eio ir Lario \u2013 taip pat. Vis\u0173 j\u0173 likimai susijungia ir v\u0117l i\u0161siskiria, klaidas kartoja vaikai&#8230; Trij\u0173 \u017emoni\u0173 meil\u0117s, dr\u0105sos ir bailumo, apsisprendim\u0173 ir paklydim\u0173 istorija. Istorija apie savo savasties paie\u0161kas, apie gimtin\u0119, kurios i\u0161 m\u016bs\u0173 niekas negali atimti.<\/p>\n","protected":false},"featured_media":18536,"comment_status":"open","ping_status":"closed","template":"","meta":{"_acf_changed":false,"site-sidebar-layout":"default","site-content-layout":"","ast-site-content-layout":"default","site-content-style":"default","site-sidebar-style":"default","ast-global-header-display":"","ast-banner-title-visibility":"","ast-main-header-display":"","ast-hfb-above-header-display":"","ast-hfb-below-header-display":"","ast-hfb-mobile-header-display":"","site-post-title":"","ast-breadcrumbs-content":"","ast-featured-img":"","footer-sml-layout":"","ast-disable-related-posts":"","theme-transparent-header-meta":"","adv-header-id-meta":"","stick-header-meta":"","header-above-stick-meta":"","header-main-stick-meta":"","header-below-stick-meta":"","astra-migrate-meta-layouts":"default","ast-page-background-enabled":"default","ast-page-background-meta":{"desktop":{"background-color":"","background-image":"","background-repeat":"repeat","background-position":"center center","background-size":"auto","background-attachment":"scroll","background-type":"","background-media":"","overlay-type":"","overlay-color":"","overlay-opacity":"","overlay-gradient":""},"tablet":{"background-color":"","background-image":"","background-repeat":"repeat","background-position":"center center","background-size":"auto","background-attachment":"scroll","background-type":"","background-media":"","overlay-type":"","overlay-color":"","overlay-opacity":"","overlay-gradient":""},"mobile":{"background-color":"","background-image":"","background-repeat":"repeat","background-position":"center center","background-size":"auto","background-attachment":"scroll","background-type":"","background-media":"","overlay-type":"","overlay-color":"","overlay-opacity":"","overlay-gradient":""}},"ast-content-background-meta":{"desktop":{"background-color":"var(--ast-global-color-4)","background-image":"","background-repeat":"repeat","background-position":"center center","background-size":"auto","background-attachment":"scroll","background-type":"","background-media":"","overlay-type":"","overlay-color":"","overlay-opacity":"","overlay-gradient":""},"tablet":{"background-color":"var(--ast-global-color-4)","background-image":"","background-repeat":"repeat","background-position":"center center","background-size":"auto","background-attachment":"scroll","background-type":"","background-media":"","overlay-type":"","overlay-color":"","overlay-opacity":"","overlay-gradient":""},"mobile":{"background-color":"var(--ast-global-color-4)","background-image":"","background-repeat":"repeat","background-position":"center center","background-size":"auto","background-attachment":"scroll","background-type":"","background-media":"","overlay-type":"","overlay-color":"","overlay-opacity":"","overlay-gradient":""}}},"product_brand":[],"product_cat":[15],"product_tag":[4444,2069,1459,1796,4443],"class_list":{"0":"post-18531","1":"product","2":"type-product","3":"status-publish","4":"has-post-thumbnail","6":"product_cat-uncategorized","7":"product_tag-didzioji-britanija","8":"product_tag-istorinis-romanas","9":"product_tag-karas","10":"product_tag-meile","11":"product_tag-william-nicholson","12":"desktop-align-left","13":"tablet-align-left","14":"mobile-align-left","16":"first","17":"instock","18":"shipping-taxable","19":"purchasable","20":"product-type-simple"},"acf":[],"yoast_head":"<!-- This site is optimized with the Yoast SEO plugin v27.0 - https:\/\/yoast.com\/product\/yoast-seo-wordpress\/ -->\n<title>Gimtin\u0117<\/title>\n<meta name=\"description\" content=\"William Nicholson (Viljamas Nikolsonas, g. 1948 m.) \u2013 scenaristas, tarp jo scenarij\u0173 \u2013 filmai \u201eEl\u017ebieta: aukso am\u017eius&quot; ir Oskar\u0105 peln\u0119s \u201eGladiatorius&quot;.\" \/>\n<meta name=\"robots\" content=\"index, follow, max-snippet:-1, max-image-preview:large, max-video-preview:-1\" \/>\n<link rel=\"canonical\" href=\"https:\/\/skaitytaknyga.lt\/en\/produktas\/gimtine\/\" \/>\n<meta property=\"og:locale\" content=\"en_GB\" \/>\n<meta property=\"og:locale:alternate\" content=\"lt_LT\" \/>\n<meta property=\"og:type\" content=\"article\" \/>\n<meta property=\"og:title\" content=\"Gimtin\u0117\" \/>\n<meta property=\"og:description\" content=\"William Nicholson (Viljamas Nikolsonas, g. 1948 m.) \u2013 scenaristas, tarp jo scenarij\u0173 \u2013 filmai \u201eEl\u017ebieta: aukso am\u017eius&quot; ir Oskar\u0105 peln\u0119s \u201eGladiatorius&quot;.\" \/>\n<meta property=\"og:url\" content=\"https:\/\/skaitytaknyga.lt\/en\/produktas\/gimtine\/\" \/>\n<meta property=\"og:site_name\" content=\"Skaitytaknyga\" \/>\n<meta property=\"article:publisher\" content=\"https:\/\/www.facebook.com\/skaitytaknyga\/\" \/>\n<meta property=\"article:modified_time\" content=\"2025-05-28T05:19:11+00:00\" \/>\n<meta property=\"og:image\" content=\"https:\/\/skaitytaknyga.lt\/wp-content\/uploads\/2025\/05\/Gimtine.webp\" \/>\n\t<meta property=\"og:image:width\" content=\"540\" \/>\n\t<meta property=\"og:image:height\" content=\"801\" \/>\n\t<meta property=\"og:image:type\" content=\"image\/webp\" \/>\n<meta name=\"twitter:card\" content=\"summary_large_image\" \/>\n<meta name=\"twitter:label1\" content=\"Estimated reading time\" \/>\n\t<meta name=\"twitter:data1\" content=\"1 minute\" \/>\n<script type=\"application\/ld+json\" class=\"yoast-schema-graph\">{\"@context\":\"https:\/\/schema.org\",\"@graph\":[{\"@type\":\"WebPage\",\"@id\":\"https:\/\/skaitytaknyga.lt\/produktas\/gimtine\/\",\"url\":\"https:\/\/skaitytaknyga.lt\/produktas\/gimtine\/\",\"name\":\"Gimtin\u0117\",\"isPartOf\":{\"@id\":\"https:\/\/skaitytaknyga.lt\/#website\"},\"primaryImageOfPage\":{\"@id\":\"https:\/\/skaitytaknyga.lt\/produktas\/gimtine\/#primaryimage\"},\"image\":{\"@id\":\"https:\/\/skaitytaknyga.lt\/produktas\/gimtine\/#primaryimage\"},\"thumbnailUrl\":\"https:\/\/skaitytaknyga.lt\/wp-content\/uploads\/2025\/05\/Gimtine.webp\",\"datePublished\":\"2025-05-28T04:53:34+00:00\",\"dateModified\":\"2025-05-28T05:19:11+00:00\",\"description\":\"William Nicholson (Viljamas Nikolsonas, g. 1948 m.) \u2013 scenaristas, tarp jo scenarij\u0173 \u2013 filmai \u201eEl\u017ebieta: aukso am\u017eius\\\" ir Oskar\u0105 peln\u0119s \u201eGladiatorius\\\".\",\"breadcrumb\":{\"@id\":\"https:\/\/skaitytaknyga.lt\/produktas\/gimtine\/#breadcrumb\"},\"inLanguage\":\"en-GB\",\"potentialAction\":[{\"@type\":\"ReadAction\",\"target\":[\"https:\/\/skaitytaknyga.lt\/produktas\/gimtine\/\"]}]},{\"@type\":\"ImageObject\",\"inLanguage\":\"en-GB\",\"@id\":\"https:\/\/skaitytaknyga.lt\/produktas\/gimtine\/#primaryimage\",\"url\":\"https:\/\/skaitytaknyga.lt\/wp-content\/uploads\/2025\/05\/Gimtine.webp\",\"contentUrl\":\"https:\/\/skaitytaknyga.lt\/wp-content\/uploads\/2025\/05\/Gimtine.webp\",\"width\":540,\"height\":801,\"caption\":\"Gimtin\u0117\"},{\"@type\":\"BreadcrumbList\",\"@id\":\"https:\/\/skaitytaknyga.lt\/produktas\/gimtine\/#breadcrumb\",\"itemListElement\":[{\"@type\":\"ListItem\",\"position\":1,\"name\":\"Home\",\"item\":\"https:\/\/skaitytaknyga.lt\/\"},{\"@type\":\"ListItem\",\"position\":2,\"name\":\"Parduotuv\u0117\",\"item\":\"https:\/\/skaitytaknyga.lt\/knygu-parduotuve\/\"},{\"@type\":\"ListItem\",\"position\":3,\"name\":\"Gimtin\u0117\"}]},{\"@type\":\"WebSite\",\"@id\":\"https:\/\/skaitytaknyga.lt\/#website\",\"url\":\"https:\/\/skaitytaknyga.lt\/\",\"name\":\"skaitytaknyga.lt\",\"description\":\"Skaitytaknyga.lt \u2013 tai ma\u017eas \u0161eimos verslas, kuris prasid\u0117jo nuo meil\u0117s knygoms ir siekio i\u0161gelb\u0117ti knygas nuo likimo prie konteinerio. Kas vienam nereikalingas daiktas \u2013 kitam lobis, o mes esame tarpininkai, kurie padeda abiems tapti laimingesniems ???? \u017dinome kaip nelengva i\u0161gyventi ma\u017eiems verslams, tad nuo \u0161iol, \u010dia rasite ir kit\u0173, ma\u017e\u0173 \u0161eim\u0173 versl\u0173, rank\u0173 darbo, dovan\u0173 sau ir artimiesiems.\",\"publisher\":{\"@id\":\"https:\/\/skaitytaknyga.lt\/#organization\"},\"potentialAction\":[{\"@type\":\"SearchAction\",\"target\":{\"@type\":\"EntryPoint\",\"urlTemplate\":\"https:\/\/skaitytaknyga.lt\/?s={search_term_string}\"},\"query-input\":{\"@type\":\"PropertyValueSpecification\",\"valueRequired\":true,\"valueName\":\"search_term_string\"}}],\"inLanguage\":\"en-GB\"},{\"@type\":\"Organization\",\"@id\":\"https:\/\/skaitytaknyga.lt\/#organization\",\"name\":\"skaitytaknyga.lt\",\"url\":\"https:\/\/skaitytaknyga.lt\/\",\"logo\":{\"@type\":\"ImageObject\",\"inLanguage\":\"en-GB\",\"@id\":\"https:\/\/skaitytaknyga.lt\/#\/schema\/logo\/image\/\",\"url\":\"https:\/\/skaitytaknyga.lt\/wp-content\/uploads\/2024\/05\/cropped-cropped-cropped-02_00843_jt3bggkj1j3HLc7SyY6rEUpg.jpeg\",\"contentUrl\":\"https:\/\/skaitytaknyga.lt\/wp-content\/uploads\/2024\/05\/cropped-cropped-cropped-02_00843_jt3bggkj1j3HLc7SyY6rEUpg.jpeg\",\"width\":1600,\"height\":1600,\"caption\":\"skaitytaknyga.lt\"},\"image\":{\"@id\":\"https:\/\/skaitytaknyga.lt\/#\/schema\/logo\/image\/\"},\"sameAs\":[\"https:\/\/www.facebook.com\/skaitytaknyga\/\"]}]}<\/script>\n<!-- \/ Yoast SEO plugin. -->","yoast_head_json":{"title":"Gimtin\u0117","description":"William Nicholson (Viljamas Nikolsonas, g. 1948 m.) \u2013 scenaristas, tarp jo scenarij\u0173 \u2013 filmai \u201eEl\u017ebieta: aukso am\u017eius\" ir Oskar\u0105 peln\u0119s \u201eGladiatorius\".","robots":{"index":"index","follow":"follow","max-snippet":"max-snippet:-1","max-image-preview":"max-image-preview:large","max-video-preview":"max-video-preview:-1"},"canonical":"https:\/\/skaitytaknyga.lt\/en\/produktas\/gimtine\/","og_locale":"en_GB","og_type":"article","og_title":"[:lt]Gimtin\u0117[:] - Skaitytaknyga","og_description":"William Nicholson (Viljamas Nikolsonas, g. 1948 m.) \u2013 scenaristas, tarp jo scenarij\u0173 \u2013 filmai \u201eEl\u017ebieta: aukso am\u017eius\" ir Oskar\u0105 peln\u0119s \u201eGladiatorius\".","og_url":"https:\/\/skaitytaknyga.lt\/en\/produktas\/gimtine\/","og_site_name":"Skaitytaknyga","article_publisher":"https:\/\/www.facebook.com\/skaitytaknyga\/","article_modified_time":"2025-05-28T05:19:11+00:00","og_image":[{"width":540,"height":801,"url":"https:\/\/skaitytaknyga.lt\/wp-content\/uploads\/2025\/05\/Gimtine.webp","type":"image\/webp"}],"twitter_card":"summary_large_image","twitter_misc":{"Estimated reading time":"1 minute"},"schema":{"@context":"https:\/\/schema.org","@graph":[{"@type":"WebPage","@id":"https:\/\/skaitytaknyga.lt\/produktas\/gimtine\/","url":"https:\/\/skaitytaknyga.lt\/produktas\/gimtine\/","name":"Gimtin\u0117","isPartOf":{"@id":"https:\/\/skaitytaknyga.lt\/#website"},"primaryImageOfPage":{"@id":"https:\/\/skaitytaknyga.lt\/produktas\/gimtine\/#primaryimage"},"image":{"@id":"https:\/\/skaitytaknyga.lt\/produktas\/gimtine\/#primaryimage"},"thumbnailUrl":"https:\/\/skaitytaknyga.lt\/wp-content\/uploads\/2025\/05\/Gimtine.webp","datePublished":"2025-05-28T04:53:34+00:00","dateModified":"2025-05-28T05:19:11+00:00","description":"William Nicholson (Viljamas Nikolsonas, g. 1948 m.) \u2013 scenaristas, tarp jo scenarij\u0173 \u2013 filmai \u201eEl\u017ebieta: aukso am\u017eius\" ir Oskar\u0105 peln\u0119s \u201eGladiatorius\".","breadcrumb":{"@id":"https:\/\/skaitytaknyga.lt\/produktas\/gimtine\/#breadcrumb"},"inLanguage":"en-GB","potentialAction":[{"@type":"ReadAction","target":["https:\/\/skaitytaknyga.lt\/produktas\/gimtine\/"]}]},{"@type":"ImageObject","inLanguage":"en-GB","@id":"https:\/\/skaitytaknyga.lt\/produktas\/gimtine\/#primaryimage","url":"https:\/\/skaitytaknyga.lt\/wp-content\/uploads\/2025\/05\/Gimtine.webp","contentUrl":"https:\/\/skaitytaknyga.lt\/wp-content\/uploads\/2025\/05\/Gimtine.webp","width":540,"height":801,"caption":"Gimtin\u0117"},{"@type":"BreadcrumbList","@id":"https:\/\/skaitytaknyga.lt\/produktas\/gimtine\/#breadcrumb","itemListElement":[{"@type":"ListItem","position":1,"name":"Home","item":"https:\/\/skaitytaknyga.lt\/"},{"@type":"ListItem","position":2,"name":"Parduotuv\u0117","item":"https:\/\/skaitytaknyga.lt\/knygu-parduotuve\/"},{"@type":"ListItem","position":3,"name":"Gimtin\u0117"}]},{"@type":"WebSite","@id":"https:\/\/skaitytaknyga.lt\/#website","url":"https:\/\/skaitytaknyga.lt\/","name":"skaitytaknyga.lt","description":"Skaitytaknyga.lt \u2013 tai ma\u017eas \u0161eimos verslas, kuris prasid\u0117jo nuo meil\u0117s knygoms ir siekio i\u0161gelb\u0117ti knygas nuo likimo prie konteinerio. Kas vienam nereikalingas daiktas \u2013 kitam lobis, o mes esame tarpininkai, kurie padeda abiems tapti laimingesniems ???? \u017dinome kaip nelengva i\u0161gyventi ma\u017eiems verslams, tad nuo \u0161iol, \u010dia rasite ir kit\u0173, ma\u017e\u0173 \u0161eim\u0173 versl\u0173, rank\u0173 darbo, dovan\u0173 sau ir artimiesiems.","publisher":{"@id":"https:\/\/skaitytaknyga.lt\/#organization"},"potentialAction":[{"@type":"SearchAction","target":{"@type":"EntryPoint","urlTemplate":"https:\/\/skaitytaknyga.lt\/?s={search_term_string}"},"query-input":{"@type":"PropertyValueSpecification","valueRequired":true,"valueName":"search_term_string"}}],"inLanguage":"en-GB"},{"@type":"Organization","@id":"https:\/\/skaitytaknyga.lt\/#organization","name":"skaitytaknyga.lt","url":"https:\/\/skaitytaknyga.lt\/","logo":{"@type":"ImageObject","inLanguage":"en-GB","@id":"https:\/\/skaitytaknyga.lt\/#\/schema\/logo\/image\/","url":"https:\/\/skaitytaknyga.lt\/wp-content\/uploads\/2024\/05\/cropped-cropped-cropped-02_00843_jt3bggkj1j3HLc7SyY6rEUpg.jpeg","contentUrl":"https:\/\/skaitytaknyga.lt\/wp-content\/uploads\/2024\/05\/cropped-cropped-cropped-02_00843_jt3bggkj1j3HLc7SyY6rEUpg.jpeg","width":1600,"height":1600,"caption":"skaitytaknyga.lt"},"image":{"@id":"https:\/\/skaitytaknyga.lt\/#\/schema\/logo\/image\/"},"sameAs":["https:\/\/www.facebook.com\/skaitytaknyga\/"]}]}},"_links":{"self":[{"href":"https:\/\/skaitytaknyga.lt\/en\/wp-json\/wp\/v2\/product\/18531","targetHints":{"allow":["GET"]}}],"collection":[{"href":"https:\/\/skaitytaknyga.lt\/en\/wp-json\/wp\/v2\/product"}],"about":[{"href":"https:\/\/skaitytaknyga.lt\/en\/wp-json\/wp\/v2\/types\/product"}],"replies":[{"embeddable":true,"href":"https:\/\/skaitytaknyga.lt\/en\/wp-json\/wp\/v2\/comments?post=18531"}],"wp:featuredmedia":[{"embeddable":true,"href":"https:\/\/skaitytaknyga.lt\/en\/wp-json\/wp\/v2\/media\/18536"}],"wp:attachment":[{"href":"https:\/\/skaitytaknyga.lt\/en\/wp-json\/wp\/v2\/media?parent=18531"}],"wp:term":[{"taxonomy":"product_brand","embeddable":true,"href":"https:\/\/skaitytaknyga.lt\/en\/wp-json\/wp\/v2\/product_brand?post=18531"},{"taxonomy":"product_cat","embeddable":true,"href":"https:\/\/skaitytaknyga.lt\/en\/wp-json\/wp\/v2\/product_cat?post=18531"},{"taxonomy":"product_tag","embeddable":true,"href":"https:\/\/skaitytaknyga.lt\/en\/wp-json\/wp\/v2\/product_tag?post=18531"}],"curies":[{"name":"wp","href":"https:\/\/api.w.org\/{rel}","templated":true}]}}