{"id":18529,"date":"2025-05-28T07:51:39","date_gmt":"2025-05-28T04:51:39","guid":{"rendered":"https:\/\/skaitytaknyga.lt\/?post_type=product&#038;p=18529"},"modified":"2025-07-07T09:26:43","modified_gmt":"2025-07-07T06:26:43","slug":"tevynes-ieskojimas","status":"publish","type":"product","link":"https:\/\/skaitytaknyga.lt\/en\/produktas\/tevynes-ieskojimas\/","title":{"rendered":"T\u0117vyn\u0117s ie\u0161kojimas"},"content":{"rendered":"<p>\u0160iame es\u0117 rinkinyje grind\u017eiamas pamatas istoriofilosofiniams apm\u0105stymams apie LDK lemt\u012f, ypa\u010d apie jos lenkakalb\u0117s kult\u016bros paveld\u0105 ir t\u0105 palikim\u0105 saugojusius \u017emones. Drauge \u0161i knyga &#8211; tai \u017eymiojo ra\u0161ytojo dvasin\u0117s biografijos sklaida nuo gili\u0173 \u0161akn\u0173 Lietuvos kult\u016bros podirvyje iki esamyb\u0117s i\u0161eivijoje. I\u0161 prisiminim\u0173 nuotrup\u0173, i\u0161saugot\u0173 dokument\u0173, mokslini\u0173 studij\u0173 ir asmenini\u0173 refleksij\u0173 Czes\u0142awas Mi\u0142oszas atkuria vizij\u0105 t\u0117vyn\u0117s, kuri nepripa\u017e\u012fsta nei ai\u0161ki\u0173 laiko rib\u0173, nei geografini\u0173 sien\u0173, bet vis d\u0117lto turi labai ai\u0161k\u0173 centr\u0105, branduol\u012f, i\u0161 kurio i\u0161auga magi\u0161kasis k\u016brybos augalas.<\/p>\n","protected":false},"excerpt":{"rendered":"<p>\u0160iame es\u0117 rinkinyje grind\u017eiamas pamatas istoriofilosofiniams apm\u0105stymams apie LDK lemt\u012f, ypa\u010d apie jos lenkakalb\u0117s kult\u016bros paveld\u0105 ir t\u0105 palikim\u0105 saugojusius \u017emones. Drauge \u0161i knyga &#8211; tai \u017eymiojo ra\u0161ytojo dvasin\u0117s biografijos sklaida nuo gili\u0173 \u0161akn\u0173 Lietuvos kult\u016bros podirvyje iki esamyb\u0117s i\u0161eivijoje. I\u0161 prisiminim\u0173 nuotrup\u0173, i\u0161saugot\u0173 dokument\u0173, mokslini\u0173 studij\u0173 ir asmenini\u0173 refleksij\u0173 Czes\u0142awas Mi\u0142oszas atkuria vizij\u0105 t\u0117vyn\u0117s, kuri nepripa\u017e\u012fsta nei ai\u0161ki\u0173 laiko rib\u0173, nei geografini\u0173 sien\u0173, bet vis d\u0117lto turi labai ai\u0161k\u0173 centr\u0105, branduol\u012f, i\u0161 kurio i\u0161auga magi\u0161kasis k\u016brybos augalas.<\/p>\n","protected":false},"featured_media":18530,"comment_status":"open","ping_status":"closed","template":"","meta":{"_acf_changed":false,"site-sidebar-layout":"default","site-content-layout":"","ast-site-content-layout":"default","site-content-style":"default","site-sidebar-style":"default","ast-global-header-display":"","ast-banner-title-visibility":"","ast-main-header-display":"","ast-hfb-above-header-display":"","ast-hfb-below-header-display":"","ast-hfb-mobile-header-display":"","site-post-title":"","ast-breadcrumbs-content":"","ast-featured-img":"","footer-sml-layout":"","ast-disable-related-posts":"","theme-transparent-header-meta":"","adv-header-id-meta":"","stick-header-meta":"","header-above-stick-meta":"","header-main-stick-meta":"","header-below-stick-meta":"","astra-migrate-meta-layouts":"default","ast-page-background-enabled":"default","ast-page-background-meta":{"desktop":{"background-color":"","background-image":"","background-repeat":"repeat","background-position":"center center","background-size":"auto","background-attachment":"scroll","background-type":"","background-media":"","overlay-type":"","overlay-color":"","overlay-opacity":"","overlay-gradient":""},"tablet":{"background-color":"","background-image":"","background-repeat":"repeat","background-position":"center center","background-size":"auto","background-attachment":"scroll","background-type":"","background-media":"","overlay-type":"","overlay-color":"","overlay-opacity":"","overlay-gradient":""},"mobile":{"background-color":"","background-image":"","background-repeat":"repeat","background-position":"center center","background-size":"auto","background-attachment":"scroll","background-type":"","background-media":"","overlay-type":"","overlay-color":"","overlay-opacity":"","overlay-gradient":""}},"ast-content-background-meta":{"desktop":{"background-color":"var(--ast-global-color-4)","background-image":"","background-repeat":"repeat","background-position":"center center","background-size":"auto","background-attachment":"scroll","background-type":"","background-media":"","overlay-type":"","overlay-color":"","overlay-opacity":"","overlay-gradient":""},"tablet":{"background-color":"var(--ast-global-color-4)","background-image":"","background-repeat":"repeat","background-position":"center center","background-size":"auto","background-attachment":"scroll","background-type":"","background-media":"","overlay-type":"","overlay-color":"","overlay-opacity":"","overlay-gradient":""},"mobile":{"background-color":"var(--ast-global-color-4)","background-image":"","background-repeat":"repeat","background-position":"center center","background-size":"auto","background-attachment":"scroll","background-type":"","background-media":"","overlay-type":"","overlay-color":"","overlay-opacity":"","overlay-gradient":""}}},"product_brand":[],"product_cat":[31],"product_tag":[4440,2033,4442,2376,4441,1479],"class_list":{"0":"post-18529","1":"product","2":"type-product","3":"status-publish","4":"has-post-thumbnail","6":"product_cat-grozine-literatura","7":"product_tag-czeslaw-milosz","8":"product_tag-ese","9":"product_tag-iseivija","10":"product_tag-kultura","11":"product_tag-ldk","12":"product_tag-tapatybe","13":"desktop-align-left","14":"tablet-align-left","15":"mobile-align-left","17":"first","18":"instock","19":"shipping-taxable","20":"purchasable","21":"product-type-simple"},"acf":[],"yoast_head":"<!-- This site is optimized with the Yoast SEO plugin v27.0 - https:\/\/yoast.com\/product\/yoast-seo-wordpress\/ -->\n<title>T\u0117vyn\u0117s ie\u0161kojimas<\/title>\n<meta name=\"description\" content=\"\u0160iame es\u0117 rinkinyje grind\u017eiamas pamatas istoriofilosofiniams apm\u0105stymams apie LDK lemt\u012f, ypa\u010d apie jos lenkakalb\u0117s kult\u016bros paveld\u0105 ir t\u0105 palikim\u0105\" \/>\n<meta name=\"robots\" content=\"index, follow, max-snippet:-1, max-image-preview:large, max-video-preview:-1\" \/>\n<link rel=\"canonical\" href=\"https:\/\/skaitytaknyga.lt\/en\/produktas\/tevynes-ieskojimas\/\" \/>\n<meta property=\"og:locale\" content=\"en_GB\" \/>\n<meta property=\"og:locale:alternate\" content=\"lt_LT\" \/>\n<meta property=\"og:type\" content=\"article\" \/>\n<meta property=\"og:title\" content=\"T\u0117vyn\u0117s ie\u0161kojimas\" \/>\n<meta property=\"og:description\" content=\"\u0160iame es\u0117 rinkinyje grind\u017eiamas pamatas istoriofilosofiniams apm\u0105stymams apie LDK lemt\u012f, ypa\u010d apie jos lenkakalb\u0117s kult\u016bros paveld\u0105 ir t\u0105 palikim\u0105\" \/>\n<meta property=\"og:url\" content=\"https:\/\/skaitytaknyga.lt\/en\/produktas\/tevynes-ieskojimas\/\" \/>\n<meta property=\"og:site_name\" content=\"Skaitytaknyga\" \/>\n<meta property=\"article:publisher\" content=\"https:\/\/www.facebook.com\/skaitytaknyga\/\" \/>\n<meta property=\"article:modified_time\" content=\"2025-07-07T06:26:43+00:00\" \/>\n<meta property=\"og:image\" content=\"https:\/\/skaitytaknyga.lt\/wp-content\/uploads\/2025\/05\/Tevynes-ieskojimas.webp\" \/>\n\t<meta property=\"og:image:width\" content=\"457\" \/>\n\t<meta property=\"og:image:height\" content=\"800\" \/>\n\t<meta property=\"og:image:type\" content=\"image\/webp\" \/>\n<meta name=\"twitter:card\" content=\"summary_large_image\" \/>\n<meta name=\"twitter:label1\" content=\"Estimated reading time\" \/>\n\t<meta name=\"twitter:data1\" content=\"1 minute\" \/>\n<script type=\"application\/ld+json\" class=\"yoast-schema-graph\">{\"@context\":\"https:\/\/schema.org\",\"@graph\":[{\"@type\":\"WebPage\",\"@id\":\"https:\/\/skaitytaknyga.lt\/produktas\/tevynes-ieskojimas\/\",\"url\":\"https:\/\/skaitytaknyga.lt\/produktas\/tevynes-ieskojimas\/\",\"name\":\"T\u0117vyn\u0117s ie\u0161kojimas\",\"isPartOf\":{\"@id\":\"https:\/\/skaitytaknyga.lt\/#website\"},\"primaryImageOfPage\":{\"@id\":\"https:\/\/skaitytaknyga.lt\/produktas\/tevynes-ieskojimas\/#primaryimage\"},\"image\":{\"@id\":\"https:\/\/skaitytaknyga.lt\/produktas\/tevynes-ieskojimas\/#primaryimage\"},\"thumbnailUrl\":\"https:\/\/skaitytaknyga.lt\/wp-content\/uploads\/2025\/05\/Tevynes-ieskojimas.webp\",\"datePublished\":\"2025-05-28T04:51:39+00:00\",\"dateModified\":\"2025-07-07T06:26:43+00:00\",\"description\":\"\u0160iame es\u0117 rinkinyje grind\u017eiamas pamatas istoriofilosofiniams apm\u0105stymams apie LDK lemt\u012f, ypa\u010d apie jos lenkakalb\u0117s kult\u016bros paveld\u0105 ir t\u0105 palikim\u0105\",\"breadcrumb\":{\"@id\":\"https:\/\/skaitytaknyga.lt\/produktas\/tevynes-ieskojimas\/#breadcrumb\"},\"inLanguage\":\"en-GB\",\"potentialAction\":[{\"@type\":\"ReadAction\",\"target\":[\"https:\/\/skaitytaknyga.lt\/produktas\/tevynes-ieskojimas\/\"]}]},{\"@type\":\"ImageObject\",\"inLanguage\":\"en-GB\",\"@id\":\"https:\/\/skaitytaknyga.lt\/produktas\/tevynes-ieskojimas\/#primaryimage\",\"url\":\"https:\/\/skaitytaknyga.lt\/wp-content\/uploads\/2025\/05\/Tevynes-ieskojimas.webp\",\"contentUrl\":\"https:\/\/skaitytaknyga.lt\/wp-content\/uploads\/2025\/05\/Tevynes-ieskojimas.webp\",\"width\":457,\"height\":800},{\"@type\":\"BreadcrumbList\",\"@id\":\"https:\/\/skaitytaknyga.lt\/produktas\/tevynes-ieskojimas\/#breadcrumb\",\"itemListElement\":[{\"@type\":\"ListItem\",\"position\":1,\"name\":\"Home\",\"item\":\"https:\/\/skaitytaknyga.lt\/\"},{\"@type\":\"ListItem\",\"position\":2,\"name\":\"Parduotuv\u0117\",\"item\":\"https:\/\/skaitytaknyga.lt\/knygu-parduotuve\/\"},{\"@type\":\"ListItem\",\"position\":3,\"name\":\"T\u0117vyn\u0117s ie\u0161kojimas\"}]},{\"@type\":\"WebSite\",\"@id\":\"https:\/\/skaitytaknyga.lt\/#website\",\"url\":\"https:\/\/skaitytaknyga.lt\/\",\"name\":\"skaitytaknyga.lt\",\"description\":\"Skaitytaknyga.lt \u2013 tai ma\u017eas \u0161eimos verslas, kuris prasid\u0117jo nuo meil\u0117s knygoms ir siekio i\u0161gelb\u0117ti knygas nuo likimo prie konteinerio. Kas vienam nereikalingas daiktas \u2013 kitam lobis, o mes esame tarpininkai, kurie padeda abiems tapti laimingesniems ???? \u017dinome kaip nelengva i\u0161gyventi ma\u017eiems verslams, tad nuo \u0161iol, \u010dia rasite ir kit\u0173, ma\u017e\u0173 \u0161eim\u0173 versl\u0173, rank\u0173 darbo, dovan\u0173 sau ir artimiesiems.\",\"publisher\":{\"@id\":\"https:\/\/skaitytaknyga.lt\/#organization\"},\"potentialAction\":[{\"@type\":\"SearchAction\",\"target\":{\"@type\":\"EntryPoint\",\"urlTemplate\":\"https:\/\/skaitytaknyga.lt\/?s={search_term_string}\"},\"query-input\":{\"@type\":\"PropertyValueSpecification\",\"valueRequired\":true,\"valueName\":\"search_term_string\"}}],\"inLanguage\":\"en-GB\"},{\"@type\":\"Organization\",\"@id\":\"https:\/\/skaitytaknyga.lt\/#organization\",\"name\":\"skaitytaknyga.lt\",\"url\":\"https:\/\/skaitytaknyga.lt\/\",\"logo\":{\"@type\":\"ImageObject\",\"inLanguage\":\"en-GB\",\"@id\":\"https:\/\/skaitytaknyga.lt\/#\/schema\/logo\/image\/\",\"url\":\"https:\/\/skaitytaknyga.lt\/wp-content\/uploads\/2024\/05\/cropped-cropped-cropped-02_00843_jt3bggkj1j3HLc7SyY6rEUpg.jpeg\",\"contentUrl\":\"https:\/\/skaitytaknyga.lt\/wp-content\/uploads\/2024\/05\/cropped-cropped-cropped-02_00843_jt3bggkj1j3HLc7SyY6rEUpg.jpeg\",\"width\":1600,\"height\":1600,\"caption\":\"skaitytaknyga.lt\"},\"image\":{\"@id\":\"https:\/\/skaitytaknyga.lt\/#\/schema\/logo\/image\/\"},\"sameAs\":[\"https:\/\/www.facebook.com\/skaitytaknyga\/\"]}]}<\/script>\n<!-- \/ Yoast SEO plugin. -->","yoast_head_json":{"title":"T\u0117vyn\u0117s ie\u0161kojimas","description":"\u0160iame es\u0117 rinkinyje grind\u017eiamas pamatas istoriofilosofiniams apm\u0105stymams apie LDK lemt\u012f, ypa\u010d apie jos lenkakalb\u0117s kult\u016bros paveld\u0105 ir t\u0105 palikim\u0105","robots":{"index":"index","follow":"follow","max-snippet":"max-snippet:-1","max-image-preview":"max-image-preview:large","max-video-preview":"max-video-preview:-1"},"canonical":"https:\/\/skaitytaknyga.lt\/en\/produktas\/tevynes-ieskojimas\/","og_locale":"en_GB","og_type":"article","og_title":"[:lt]T\u0117vyn\u0117s ie\u0161kojimas[:] - Skaitytaknyga","og_description":"\u0160iame es\u0117 rinkinyje grind\u017eiamas pamatas istoriofilosofiniams apm\u0105stymams apie LDK lemt\u012f, ypa\u010d apie jos lenkakalb\u0117s kult\u016bros paveld\u0105 ir t\u0105 palikim\u0105","og_url":"https:\/\/skaitytaknyga.lt\/en\/produktas\/tevynes-ieskojimas\/","og_site_name":"Skaitytaknyga","article_publisher":"https:\/\/www.facebook.com\/skaitytaknyga\/","article_modified_time":"2025-07-07T06:26:43+00:00","og_image":[{"width":457,"height":800,"url":"https:\/\/skaitytaknyga.lt\/wp-content\/uploads\/2025\/05\/Tevynes-ieskojimas.webp","type":"image\/webp"}],"twitter_card":"summary_large_image","twitter_misc":{"Estimated reading time":"1 minute"},"schema":{"@context":"https:\/\/schema.org","@graph":[{"@type":"WebPage","@id":"https:\/\/skaitytaknyga.lt\/produktas\/tevynes-ieskojimas\/","url":"https:\/\/skaitytaknyga.lt\/produktas\/tevynes-ieskojimas\/","name":"T\u0117vyn\u0117s ie\u0161kojimas","isPartOf":{"@id":"https:\/\/skaitytaknyga.lt\/#website"},"primaryImageOfPage":{"@id":"https:\/\/skaitytaknyga.lt\/produktas\/tevynes-ieskojimas\/#primaryimage"},"image":{"@id":"https:\/\/skaitytaknyga.lt\/produktas\/tevynes-ieskojimas\/#primaryimage"},"thumbnailUrl":"https:\/\/skaitytaknyga.lt\/wp-content\/uploads\/2025\/05\/Tevynes-ieskojimas.webp","datePublished":"2025-05-28T04:51:39+00:00","dateModified":"2025-07-07T06:26:43+00:00","description":"\u0160iame es\u0117 rinkinyje grind\u017eiamas pamatas istoriofilosofiniams apm\u0105stymams apie LDK lemt\u012f, ypa\u010d apie jos lenkakalb\u0117s kult\u016bros paveld\u0105 ir t\u0105 palikim\u0105","breadcrumb":{"@id":"https:\/\/skaitytaknyga.lt\/produktas\/tevynes-ieskojimas\/#breadcrumb"},"inLanguage":"en-GB","potentialAction":[{"@type":"ReadAction","target":["https:\/\/skaitytaknyga.lt\/produktas\/tevynes-ieskojimas\/"]}]},{"@type":"ImageObject","inLanguage":"en-GB","@id":"https:\/\/skaitytaknyga.lt\/produktas\/tevynes-ieskojimas\/#primaryimage","url":"https:\/\/skaitytaknyga.lt\/wp-content\/uploads\/2025\/05\/Tevynes-ieskojimas.webp","contentUrl":"https:\/\/skaitytaknyga.lt\/wp-content\/uploads\/2025\/05\/Tevynes-ieskojimas.webp","width":457,"height":800},{"@type":"BreadcrumbList","@id":"https:\/\/skaitytaknyga.lt\/produktas\/tevynes-ieskojimas\/#breadcrumb","itemListElement":[{"@type":"ListItem","position":1,"name":"Home","item":"https:\/\/skaitytaknyga.lt\/"},{"@type":"ListItem","position":2,"name":"Parduotuv\u0117","item":"https:\/\/skaitytaknyga.lt\/knygu-parduotuve\/"},{"@type":"ListItem","position":3,"name":"T\u0117vyn\u0117s ie\u0161kojimas"}]},{"@type":"WebSite","@id":"https:\/\/skaitytaknyga.lt\/#website","url":"https:\/\/skaitytaknyga.lt\/","name":"skaitytaknyga.lt","description":"Skaitytaknyga.lt \u2013 tai ma\u017eas \u0161eimos verslas, kuris prasid\u0117jo nuo meil\u0117s knygoms ir siekio i\u0161gelb\u0117ti knygas nuo likimo prie konteinerio. Kas vienam nereikalingas daiktas \u2013 kitam lobis, o mes esame tarpininkai, kurie padeda abiems tapti laimingesniems ???? \u017dinome kaip nelengva i\u0161gyventi ma\u017eiems verslams, tad nuo \u0161iol, \u010dia rasite ir kit\u0173, ma\u017e\u0173 \u0161eim\u0173 versl\u0173, rank\u0173 darbo, dovan\u0173 sau ir artimiesiems.","publisher":{"@id":"https:\/\/skaitytaknyga.lt\/#organization"},"potentialAction":[{"@type":"SearchAction","target":{"@type":"EntryPoint","urlTemplate":"https:\/\/skaitytaknyga.lt\/?s={search_term_string}"},"query-input":{"@type":"PropertyValueSpecification","valueRequired":true,"valueName":"search_term_string"}}],"inLanguage":"en-GB"},{"@type":"Organization","@id":"https:\/\/skaitytaknyga.lt\/#organization","name":"skaitytaknyga.lt","url":"https:\/\/skaitytaknyga.lt\/","logo":{"@type":"ImageObject","inLanguage":"en-GB","@id":"https:\/\/skaitytaknyga.lt\/#\/schema\/logo\/image\/","url":"https:\/\/skaitytaknyga.lt\/wp-content\/uploads\/2024\/05\/cropped-cropped-cropped-02_00843_jt3bggkj1j3HLc7SyY6rEUpg.jpeg","contentUrl":"https:\/\/skaitytaknyga.lt\/wp-content\/uploads\/2024\/05\/cropped-cropped-cropped-02_00843_jt3bggkj1j3HLc7SyY6rEUpg.jpeg","width":1600,"height":1600,"caption":"skaitytaknyga.lt"},"image":{"@id":"https:\/\/skaitytaknyga.lt\/#\/schema\/logo\/image\/"},"sameAs":["https:\/\/www.facebook.com\/skaitytaknyga\/"]}]}},"_links":{"self":[{"href":"https:\/\/skaitytaknyga.lt\/en\/wp-json\/wp\/v2\/product\/18529","targetHints":{"allow":["GET"]}}],"collection":[{"href":"https:\/\/skaitytaknyga.lt\/en\/wp-json\/wp\/v2\/product"}],"about":[{"href":"https:\/\/skaitytaknyga.lt\/en\/wp-json\/wp\/v2\/types\/product"}],"replies":[{"embeddable":true,"href":"https:\/\/skaitytaknyga.lt\/en\/wp-json\/wp\/v2\/comments?post=18529"}],"wp:featuredmedia":[{"embeddable":true,"href":"https:\/\/skaitytaknyga.lt\/en\/wp-json\/wp\/v2\/media\/18530"}],"wp:attachment":[{"href":"https:\/\/skaitytaknyga.lt\/en\/wp-json\/wp\/v2\/media?parent=18529"}],"wp:term":[{"taxonomy":"product_brand","embeddable":true,"href":"https:\/\/skaitytaknyga.lt\/en\/wp-json\/wp\/v2\/product_brand?post=18529"},{"taxonomy":"product_cat","embeddable":true,"href":"https:\/\/skaitytaknyga.lt\/en\/wp-json\/wp\/v2\/product_cat?post=18529"},{"taxonomy":"product_tag","embeddable":true,"href":"https:\/\/skaitytaknyga.lt\/en\/wp-json\/wp\/v2\/product_tag?post=18529"}],"curies":[{"name":"wp","href":"https:\/\/api.w.org\/{rel}","templated":true}]}}